{"id":4405,"date":"2025-03-15T23:14:25","date_gmt":"2025-03-15T15:14:25","guid":{"rendered":"https:\/\/ruishengglassco.com\/?post_type=product&#038;p=4405"},"modified":"2025-03-26T11:43:47","modified_gmt":"2025-03-26T03:43:47","slug":"rs155-al-por-mayor-700ml-botella-de-whisky-de-cristal-de-produccion","status":"publish","type":"product","link":"https:\/\/ruishengglassco.com\/es\/producto\/rs155-al-por-mayor-700ml-botella-de-whisky-de-cristal-de-produccion","title":{"rendered":"RS155 700ml Botella de Cristal para Whisky Producci\u00f3n"},"content":{"rendered":"<h2 data-spm-anchor-id=\"a2700.details.0.i82.67a53c122iOfKz\"><span style=\"font-size: 100%;\">Especificaciones<\/span><\/h2>\n<div class=\"attribute-list\">\n<div class=\"attribute-item\">\n<ul>\n<li class=\"left\">Manipulaci\u00f3n en superficie: <span style=\"color: var(--wpex-text-2);\">Grabado interior<\/span><\/li>\n<li class=\"left\">Uso industrial: <span style=\"color: var(--wpex-text-2);\">Bebida<\/span><\/li>\n<li class=\"left\">Tipo de sellado: <span style=\"color: var(--wpex-text-2);\">tap\u00f3n de rosca\/corcho<\/span><\/li>\n<li class=\"left\">Lugar de origen: <span style=\"color: var(--wpex-text-2);\">Shandong, China<\/span><\/li>\n<li class=\"left\">Material de la base: S<span style=\"color: var(--wpex-text-2);\">vidrio uper flint<\/span><\/li>\n<li class=\"left\">Material del cuerpo: <span style=\"color: var(--wpex-text-2);\">Super vidrio de s\u00edlex<\/span><\/li>\n<li class=\"left\">N\u00famero de modelo: <span style=\"color: var(--wpex-text-2);\">RS-160<\/span><\/li>\n<li class=\"left\">Marca: <span style=\"color: var(--wpex-text-2);\">RUISHENG<\/span><\/li>\n<li class=\"left\">Uso: <span style=\"color: var(--wpex-text-2);\">Alcohol\/licores\/espirituosos\/vodka\/whisky\/brandy\/ron\/gin<\/span><\/li>\n<li class=\"left\">Embalaje: <span style=\"color: var(--wpex-text-2);\">Se acepta el embalaje a medida<\/span><\/li>\n<li class=\"left\">Capacidad: <span style=\"color: var(--wpex-text-2);\">200ml\/300ml\/500ml\/700\/750ml\/1000ml<\/span><\/li>\n<li class=\"left\">Forma: <span style=\"color: var(--wpex-text-2);\">Forma personalizada<\/span><\/li>\n<li class=\"left\">Logotipo: <span style=\"color: var(--wpex-text-2);\">Logotipo del cliente aceptable<\/span><\/li>\n<li class=\"left\">Servicio: <span style=\"color: var(--wpex-text-2);\">OEM \/ODM<\/span><\/li>\n<li class=\"left\">Muestra: <span style=\"color: var(--wpex-text-2);\">Proporcionado gratuitamente<\/span><\/li>\n<li class=\"left\">Impresi\u00f3n del logotipo: <span style=\"color: var(--wpex-text-2);\">Aceptar la impresi\u00f3n del logotipo del cliente<\/span><\/li>\n<li class=\"left\">Plazo de entrega: <span style=\"color: var(--wpex-text-2);\">30-45 d\u00edas<\/span><\/li>\n<li class=\"left\">Embalaje: <span style=\"font-family: var(--wpex-heading-font-family); font-style: var(--wpex-heading-font-style); letter-spacing: var(--wpex-heading-letter-spacing); text-transform: var(--wpex-heading-text-transform); color: var(--wpex-text-2);\" data-spm-anchor-id=\"a2700.details.0.i77.67a53c122iOfKz\">Cart\u00f3n est\u00e1ndar de exportaci\u00f3n\/<\/span><span style=\"color: var(--wpex-text-2);\">Paleta<\/span><span style=\"color: var(--wpex-text-2);\">Embalaje personalizado<\/span><\/li>\n<li class=\"left\">Puerto: <span style=\"color: var(--wpex-text-2);\">Qingdao<\/span><\/li>\n<\/ul>\n<h2 data-start=\"138\" data-end=\"188\"><strong data-start=\"141\" data-end=\"186\">F\u00e1brica de vidrio de Ruisheng en Shandong, China<\/strong><\/h2>\n<p data-start=\"190\" data-end=\"460\">Desde 2009, nuestra moderna planta de producci\u00f3n de botellas de vidrio y el bien equipado centro de I + D han estado operando en una instalaci\u00f3n de 5.000.000 de pies cuadrados. Nos especializamos en la producci\u00f3n de botellas de vidrio de alta calidad para licores, bebidas espirituosas, whisky, vodka, brandy y otras bebidas alcoh\u00f3licas.<\/p>\n<h3 data-start=\"467\" data-end=\"539\"><strong data-start=\"471\" data-end=\"537\">Plena capacidad en nuestra f\u00e1brica de botellas de vidrio para licores<\/strong><\/h3>\n<h4 data-start=\"541\" data-end=\"571\"><strong data-start=\"546\" data-end=\"569\">12 l\u00edneas de producci\u00f3n<\/strong><\/h4>\n<p data-start=\"572\" data-end=\"733\">Nuestras l\u00edneas semiautom\u00e1ticas de producci\u00f3n de botellas de vidrio de alta eficacia permiten la fabricaci\u00f3n simult\u00e1nea de botellas de vidrio con distintos procesos de tratamiento.<\/p>\n<h4 data-start=\"735\" data-end=\"760\"><strong data-start=\"740\" data-end=\"758\">M\u00e1s de 500 empleados<\/strong><\/h4>\n<p data-start=\"761\" data-end=\"835\">Ruisheng Glass cuenta con una plantilla cualificada de m\u00e1s de 500 empleados:<\/p>\n<ul data-start=\"836\" data-end=\"952\">\n<li data-start=\"836\" data-end=\"863\">15 dise\u00f1adores industriales<\/li>\n<li data-start=\"864\" data-end=\"897\">35 inspectores de calidad de productos<\/li>\n<li data-start=\"898\" data-end=\"952\">Personal de producci\u00f3n, ventas y marketing<\/li>\n<\/ul>\n<h4 data-start=\"954\" data-end=\"983\"><strong data-start=\"959\" data-end=\"981\">M\u00e1s de 8000 moldes de dise\u00f1o<\/strong><\/h4>\n<p data-start=\"984\" data-end=\"1105\">Con un amplio inventario interno de moldes, ofrecemos una flexibilidad inigualable para adaptarnos a las diversas necesidades de los clientes.<\/p>\n<h4 data-start=\"1107\" data-end=\"1139\"><strong data-start=\"1112\" data-end=\"1137\">120.000+ Producci\u00f3n diaria<\/strong><\/h4>\n<p data-start=\"1140\" data-end=\"1242\">Nuestra capacidad de producci\u00f3n a gran escala nos permite responder con rapidez al mercado y satisfacer los pedidos sin fisuras.<\/p>\n<h2 data-start=\"1249\" data-end=\"1285\"><strong data-start=\"1252\" data-end=\"1283\">C\u00f3mo pedir vidrio Ruisheng<\/strong><\/h2>\n<p data-start=\"1286\" data-end=\"1372\">Para consultas y pedidos, p\u00f3ngase en contacto con nosotros o visite nuestra f\u00e1brica en Shandong, China.<\/p>\n<\/div>\n<\/div>","protected":false},"excerpt":{"rendered":"<p>Especificaciones Manejo de superficie: Grabado interior Uso industrial: Tipo de sellado de bebidas: TAPA DE TORNILLO\/CORCHO Lugar de Origen: Shandong, China Material Base: Super vidrio de pedernal Material del cuerpo: Super vidrio de pedernal N\u00famero de modelo: RS-160 Marca: RUISHENG Uso: Alcohol \/ licor \/ aguardiente \/ vodka \/ whisky \/ brandy \/ ron \/ ginebra Embalaje: Embalaje personalizado aceptable Capacidad: 200ml\/300ml\/500ml\/700\/750ml\/1000ml Forma: Forma personalizada Logotipo: Aceptable Logotipo del cliente Servicio: OEM \/ODM Muestra: Proporcionado libremente Logo...<\/p>","protected":false},"featured_media":4406,"comment_status":"closed","ping_status":"closed","template":"","meta":[],"product_cat":[54],"class_list":{"0":"post-4405","1":"product","2":"type-product","3":"status-publish","4":"has-post-thumbnail","6":"product_cat-whiskey-bottle","8":"first","9":"instock","10":"shipping-taxable","11":"product-type-simple"},"yoast_head":"<!-- This site is optimized with the Yoast SEO plugin v22.0 - https:\/\/yoast.com\/wordpress\/plugins\/seo\/ -->\n<title>700ml Crystal Whiskey Bottle Manufacturer<\/title>\n<meta name=\"robots\" content=\"index, follow, max-snippet:-1, max-image-preview:large, max-video-preview:-1\" \/>\n<link rel=\"canonical\" href=\"https:\/\/ruishengglassco.com\/es\/rs155-al-por-mayor-700ml-botella-de-whisky-de-cristal-de-produccion\/\" \/>\n<meta property=\"og:locale\" content=\"es_ES\" \/>\n<meta property=\"og:type\" content=\"article\" \/>\n<meta property=\"og:title\" content=\"700ml Crystal Whiskey Bottle Manufacturer\" \/>\n<meta property=\"og:description\" content=\"Specifications Surface Handling: Inside Engraving Industrial Use: Beverage Sealing Type: SCREW CAP\/Cork Place of Origin: Shandong, China Base Material: Super flint glass Body Material: Super flint glass Model Number: RS-160 Brand Name: RUISHENG Usage: Alcohol\/liquor\/spirits\/vodka\/whisky\/brandy\/rum\/gin Packing: Custom Packing Acceptable Capacity: 200ml\/300ml\/500ml\/700\/750ml\/1000ml Shape: Customized Shape Logo: Acceptable Customer&#8217;s Logo Service: OEM \/ODM Sample: Provided Freely Logo...\" \/>\n<meta property=\"og:url\" content=\"https:\/\/ruishengglassco.com\/es\/rs155-al-por-mayor-700ml-botella-de-whisky-de-cristal-de-produccion\/\" \/>\n<meta property=\"article:publisher\" content=\"https:\/\/www.facebook.com\/ruishengglassbottles\" \/>\n<meta property=\"article:modified_time\" content=\"2025-03-26T03:43:47+00:00\" \/>\n<meta property=\"og:image\" content=\"https:\/\/ruishengglassco.com\/wp-content\/uploads\/2025\/03\/RS155-Wholesale-700ml-Crystal-Whiskey-Bottle-Production.webp\" \/>\n\t<meta property=\"og:image:width\" content=\"800\" \/>\n\t<meta property=\"og:image:height\" content=\"800\" \/>\n\t<meta property=\"og:image:type\" content=\"image\/webp\" \/>\n<meta name=\"twitter:card\" content=\"summary_large_image\" \/>\n<meta name=\"twitter:label1\" content=\"Tiempo de lectura\" \/>\n\t<meta name=\"twitter:data1\" content=\"2 minutos\" \/>\n<script type=\"application\/ld+json\" class=\"yoast-schema-graph\">{\"@context\":\"https:\/\/schema.org\",\"@graph\":[{\"@type\":\"WebPage\",\"@id\":\"https:\/\/ruishengglassco.com\/rs155-wholesale-700ml-crystal-whiskey-bottle-production\",\"url\":\"https:\/\/ruishengglassco.com\/rs155-wholesale-700ml-crystal-whiskey-bottle-production\",\"name\":\"700ml Crystal Whiskey Bottle Manufacturer\",\"isPartOf\":{\"@id\":\"https:\/\/ruishengglassco.com\/#website\"},\"datePublished\":\"2025-03-15T15:14:25+00:00\",\"dateModified\":\"2025-03-26T03:43:47+00:00\",\"breadcrumb\":{\"@id\":\"https:\/\/ruishengglassco.com\/rs155-wholesale-700ml-crystal-whiskey-bottle-production#breadcrumb\"},\"inLanguage\":\"es\",\"potentialAction\":[{\"@type\":\"ReadAction\",\"target\":[\"https:\/\/ruishengglassco.com\/rs155-wholesale-700ml-crystal-whiskey-bottle-production\"]}]},{\"@type\":\"BreadcrumbList\",\"@id\":\"https:\/\/ruishengglassco.com\/rs155-wholesale-700ml-crystal-whiskey-bottle-production#breadcrumb\",\"itemListElement\":[{\"@type\":\"ListItem\",\"position\":1,\"name\":\"Home\",\"item\":\"https:\/\/ruishengglassco.com\/\"},{\"@type\":\"ListItem\",\"position\":2,\"name\":\"Products\",\"item\":\"https:\/\/ruishengglassco.com\/products\"},{\"@type\":\"ListItem\",\"position\":3,\"name\":\"RS155 700ml Crystal Whiskey Bottle Production\"}]},{\"@type\":\"WebSite\",\"@id\":\"https:\/\/ruishengglassco.com\/#website\",\"url\":\"https:\/\/ruishengglassco.com\/\",\"name\":\"Ruisheng Glass\",\"description\":\"\",\"publisher\":{\"@id\":\"https:\/\/ruishengglassco.com\/#organization\"},\"potentialAction\":[{\"@type\":\"SearchAction\",\"target\":{\"@type\":\"EntryPoint\",\"urlTemplate\":\"https:\/\/ruishengglassco.com\/?s={search_term_string}\"},\"query-input\":\"required name=search_term_string\"}],\"inLanguage\":\"es\"},{\"@type\":\"Organization\",\"@id\":\"https:\/\/ruishengglassco.com\/#organization\",\"name\":\"Shandong Yuncheng Ruisheng Glass Co., Ltd\",\"url\":\"https:\/\/ruishengglassco.com\/\",\"logo\":{\"@type\":\"ImageObject\",\"inLanguage\":\"es\",\"@id\":\"https:\/\/ruishengglassco.com\/#\/schema\/logo\/image\/\",\"url\":\"https:\/\/ruishengglassco.com\/wp-content\/uploads\/2023\/09\/ruisheng_logo_icon.webp\",\"contentUrl\":\"https:\/\/ruishengglassco.com\/wp-content\/uploads\/2023\/09\/ruisheng_logo_icon.webp\",\"width\":400,\"height\":233,\"caption\":\"Shandong Yuncheng Ruisheng Glass Co., Ltd\"},\"image\":{\"@id\":\"https:\/\/ruishengglassco.com\/#\/schema\/logo\/image\/\"},\"sameAs\":[\"https:\/\/www.facebook.com\/ruishengglassbottles\",\"https:\/\/www.instagram.com\/Ruishengglassbottlewholesales\/\",\"https:\/\/www.youtube.com\/channel\/UCMmbMNGwsL-XrtjfSFLCdVQ\"]}]}<\/script>\n<!-- \/ Yoast SEO plugin. -->","yoast_head_json":{"title":"700ml Crystal Whiskey Bottle Manufacturer","robots":{"index":"index","follow":"follow","max-snippet":"max-snippet:-1","max-image-preview":"max-image-preview:large","max-video-preview":"max-video-preview:-1"},"canonical":"https:\/\/ruishengglassco.com\/es\/rs155-al-por-mayor-700ml-botella-de-whisky-de-cristal-de-produccion\/","og_locale":"es_ES","og_type":"article","og_title":"700ml Crystal Whiskey Bottle Manufacturer","og_description":"Specifications Surface Handling: Inside Engraving Industrial Use: Beverage Sealing Type: SCREW CAP\/Cork Place of Origin: Shandong, China Base Material: Super flint glass Body Material: Super flint glass Model Number: RS-160 Brand Name: RUISHENG Usage: Alcohol\/liquor\/spirits\/vodka\/whisky\/brandy\/rum\/gin Packing: Custom Packing Acceptable Capacity: 200ml\/300ml\/500ml\/700\/750ml\/1000ml Shape: Customized Shape Logo: Acceptable Customer&#8217;s Logo Service: OEM \/ODM Sample: Provided Freely Logo...","og_url":"https:\/\/ruishengglassco.com\/es\/rs155-al-por-mayor-700ml-botella-de-whisky-de-cristal-de-produccion\/","article_publisher":"https:\/\/www.facebook.com\/ruishengglassbottles","article_modified_time":"2025-03-26T03:43:47+00:00","og_image":[{"width":800,"height":800,"url":"https:\/\/ruishengglassco.com\/wp-content\/uploads\/2025\/03\/RS155-Wholesale-700ml-Crystal-Whiskey-Bottle-Production.webp","type":"image\/webp"}],"twitter_card":"summary_large_image","twitter_misc":{"Tiempo de lectura":"2 minutos"},"schema":{"@context":"https:\/\/schema.org","@graph":[{"@type":"WebPage","@id":"https:\/\/ruishengglassco.com\/rs155-wholesale-700ml-crystal-whiskey-bottle-production","url":"https:\/\/ruishengglassco.com\/rs155-wholesale-700ml-crystal-whiskey-bottle-production","name":"700ml Crystal Whiskey Bottle Manufacturer","isPartOf":{"@id":"https:\/\/ruishengglassco.com\/#website"},"datePublished":"2025-03-15T15:14:25+00:00","dateModified":"2025-03-26T03:43:47+00:00","breadcrumb":{"@id":"https:\/\/ruishengglassco.com\/rs155-wholesale-700ml-crystal-whiskey-bottle-production#breadcrumb"},"inLanguage":"es","potentialAction":[{"@type":"ReadAction","target":["https:\/\/ruishengglassco.com\/rs155-wholesale-700ml-crystal-whiskey-bottle-production"]}]},{"@type":"BreadcrumbList","@id":"https:\/\/ruishengglassco.com\/rs155-wholesale-700ml-crystal-whiskey-bottle-production#breadcrumb","itemListElement":[{"@type":"ListItem","position":1,"name":"Home","item":"https:\/\/ruishengglassco.com\/"},{"@type":"ListItem","position":2,"name":"Products","item":"https:\/\/ruishengglassco.com\/products"},{"@type":"ListItem","position":3,"name":"RS155 700ml Crystal Whiskey Bottle Production"}]},{"@type":"WebSite","@id":"https:\/\/ruishengglassco.com\/#website","url":"https:\/\/ruishengglassco.com\/","name":"Ruisheng Glass","description":"","publisher":{"@id":"https:\/\/ruishengglassco.com\/#organization"},"potentialAction":[{"@type":"SearchAction","target":{"@type":"EntryPoint","urlTemplate":"https:\/\/ruishengglassco.com\/?s={search_term_string}"},"query-input":"required name=search_term_string"}],"inLanguage":"es"},{"@type":"Organization","@id":"https:\/\/ruishengglassco.com\/#organization","name":"Shandong Yuncheng Ruisheng Glass Co., Ltd","url":"https:\/\/ruishengglassco.com\/","logo":{"@type":"ImageObject","inLanguage":"es","@id":"https:\/\/ruishengglassco.com\/#\/schema\/logo\/image\/","url":"https:\/\/ruishengglassco.com\/wp-content\/uploads\/2023\/09\/ruisheng_logo_icon.webp","contentUrl":"https:\/\/ruishengglassco.com\/wp-content\/uploads\/2023\/09\/ruisheng_logo_icon.webp","width":400,"height":233,"caption":"Shandong Yuncheng Ruisheng Glass Co., Ltd"},"image":{"@id":"https:\/\/ruishengglassco.com\/#\/schema\/logo\/image\/"},"sameAs":["https:\/\/www.facebook.com\/ruishengglassbottles","https:\/\/www.instagram.com\/Ruishengglassbottlewholesales\/","https:\/\/www.youtube.com\/channel\/UCMmbMNGwsL-XrtjfSFLCdVQ"]}]}},"_links":{"self":[{"href":"https:\/\/ruishengglassco.com\/es\/wp-json\/wp\/v2\/product\/4405","targetHints":{"allow":["GET"]}}],"collection":[{"href":"https:\/\/ruishengglassco.com\/es\/wp-json\/wp\/v2\/product"}],"about":[{"href":"https:\/\/ruishengglassco.com\/es\/wp-json\/wp\/v2\/types\/product"}],"replies":[{"embeddable":true,"href":"https:\/\/ruishengglassco.com\/es\/wp-json\/wp\/v2\/comments?post=4405"}],"wp:featuredmedia":[{"embeddable":true,"href":"https:\/\/ruishengglassco.com\/es\/wp-json\/wp\/v2\/media\/4406"}],"wp:attachment":[{"href":"https:\/\/ruishengglassco.com\/es\/wp-json\/wp\/v2\/media?parent=4405"}],"wp:term":[{"taxonomy":"product_cat","embeddable":true,"href":"https:\/\/ruishengglassco.com\/es\/wp-json\/wp\/v2\/product_cat?post=4405"}],"curies":[{"name":"wp","href":"https:\/\/api.w.org\/{rel}","templated":true}]}}