{"id":4401,"date":"2025-03-15T23:09:41","date_gmt":"2025-03-15T15:09:41","guid":{"rendered":"https:\/\/ruishengglassco.com\/?post_type=product&#038;p=4401"},"modified":"2025-07-17T13:15:00","modified_gmt":"2025-07-17T05:15:00","slug":"rs153-china-produccion-de-botellas-de-whisky-transparentes","status":"publish","type":"product","link":"https:\/\/ruishengglassco.com\/es\/producto\/rs153-china-produccion-de-botellas-de-whisky-transparentes","title":{"rendered":"RS153 China Producci\u00f3n de botellas transparentes de whisky"},"content":{"rendered":"<h2 data-spm-anchor-id=\"a2700.details.0.i82.67a53c122iOfKz\">Especificaciones<\/h2>\n<div class=\"attribute-list\">\n<div class=\"attribute-item\">\n<ul>\n<li class=\"left\">Manipulaci\u00f3n en superficie: <span style=\"color: var(--wpex-text-2);\">Grabado interior<\/span><\/li>\n<li class=\"left\">Uso industrial: <span style=\"color: var(--wpex-text-2);\">Bebida<\/span><\/li>\n<li class=\"left\">Tipo de sellado: <span style=\"color: var(--wpex-text-2);\">tap\u00f3n de rosca\/corcho<\/span><\/li>\n<li class=\"left\">Lugar de origen: <span style=\"color: var(--wpex-text-2);\">Shandong, China<\/span><\/li>\n<li class=\"left\">Material de la base: S<span style=\"color: var(--wpex-text-2);\">vidrio uper flint<\/span><\/li>\n<li class=\"left\">Material del cuerpo: <span style=\"color: var(--wpex-text-2);\">Super vidrio de s\u00edlex<\/span><\/li>\n<li class=\"left\">N\u00famero de modelo: <span style=\"color: var(--wpex-text-2);\">RS-160<\/span><\/li>\n<li class=\"left\">Marca: <span style=\"color: var(--wpex-text-2);\">RUISHENG<\/span><\/li>\n<li class=\"left\">Uso: <span style=\"color: var(--wpex-text-2);\">Alcohol\/licores\/espirituosos\/vodka\/whisky\/brandy\/ron\/gin<\/span><\/li>\n<li class=\"left\">Embalaje: <span style=\"color: var(--wpex-text-2);\">Se acepta el embalaje a medida<\/span><\/li>\n<li class=\"left\">Capacidad: <span style=\"color: var(--wpex-text-2);\">200ml\/300ml\/500ml\/700\/750ml\/1000ml<\/span><\/li>\n<li class=\"left\">Forma: <span style=\"color: var(--wpex-text-2);\">Forma personalizada<\/span><\/li>\n<li class=\"left\">Logotipo: <span style=\"color: var(--wpex-text-2);\">Logotipo del cliente aceptable<\/span><\/li>\n<li class=\"left\">Servicio: <span style=\"color: var(--wpex-text-2);\">OEM \/ODM<\/span><\/li>\n<li class=\"left\">Muestra: <span style=\"color: var(--wpex-text-2);\">Proporcionado gratuitamente<\/span><\/li>\n<li class=\"left\">Impresi\u00f3n del logotipo: <span style=\"color: var(--wpex-text-2);\">Aceptar la impresi\u00f3n del logotipo del cliente<\/span><\/li>\n<li class=\"left\">Plazo de entrega: <span style=\"color: var(--wpex-text-2);\">30-45 d\u00edas<\/span><\/li>\n<li class=\"left\">Embalaje: <span style=\"font-family: var(--wpex-heading-font-family); font-style: var(--wpex-heading-font-style); letter-spacing: var(--wpex-heading-letter-spacing); text-transform: var(--wpex-heading-text-transform); color: var(--wpex-text-2);\" data-spm-anchor-id=\"a2700.details.0.i77.67a53c122iOfKz\">Cart\u00f3n est\u00e1ndar de exportaci\u00f3n\/<\/span><span style=\"color: var(--wpex-text-2);\">Paleta<\/span><span style=\"color: var(--wpex-text-2);\">Embalaje personalizado<\/span><\/li>\n<li class=\"left\">Puerto: <span style=\"color: var(--wpex-text-2);\">Qingdao<\/span><\/li>\n<\/ul>\n<\/div>\n<\/div>\n<div class=\"attribute-list\">\n<div class=\"attribute-item\">\u00a0<\/div>\n<\/div>\n<div class=\"row align-middle\"  id=\"row-974009827\">\n\n\t<div id=\"col-1665111869\" class=\"col medium-6 small-12 large-6\"  >\n\t\t\t\t<div class=\"col-inner\"  >\n\t\t\t\n\t\t\t\n\t<div class=\"img has-hover x md-x lg-x y md-y lg-y\" id=\"image_1263416914\">\n\t\t\t\t\t\t\t\t<div class=\"img-inner image-cover dark\" style=\"padding-top:50%;\">\n\t\t\t<img decoding=\"async\" width=\"1000\" height=\"750\" src=\"https:\/\/ruishengglassco.com\/wp-content\/uploads\/2025\/04\/Cooperative-Partner-of-Ruisheng-Glass-Bottle-Manufacturer.webp\" class=\"attachment-original size-original\" alt=\"Cooperative-Partner-of-Ruisheng-Glass-Bottle-Manufacturer\" srcset=\"https:\/\/ruishengglassco.com\/wp-content\/uploads\/2025\/04\/Cooperative-Partner-of-Ruisheng-Glass-Bottle-Manufacturer.webp 1000w, https:\/\/ruishengglassco.com\/wp-content\/uploads\/2025\/04\/Cooperative-Partner-of-Ruisheng-Glass-Bottle-Manufacturer-300x225.webp 300w, https:\/\/ruishengglassco.com\/wp-content\/uploads\/2025\/04\/Cooperative-Partner-of-Ruisheng-Glass-Bottle-Manufacturer-768x576.webp 768w, https:\/\/ruishengglassco.com\/wp-content\/uploads\/2025\/04\/Cooperative-Partner-of-Ruisheng-Glass-Bottle-Manufacturer-16x12.webp 16w, https:\/\/ruishengglassco.com\/wp-content\/uploads\/2025\/04\/Cooperative-Partner-of-Ruisheng-Glass-Bottle-Manufacturer-800x600.webp 800w\" sizes=\"(max-width: 1000px) 100vw, 1000px\" \/>\t\t\t\t\t\t\n\t\t\t\t\t<\/div>\n\t\t\t\t\t\t\t\t\n<style>\n#image_1263416914 {\n  width: 100%;\n}\n<\/style>\n\t<\/div>\n\t\n\t\t<\/div>\n\t\t\t\t\t<\/div>\n\n\t\n\n\t<div id=\"col-2000714158\" class=\"col medium-6 small-12 large-6\"  >\n\t\t\t\t<div class=\"col-inner\"  >\n\t\t\t\n\t\t\t\n<h2><span data-preserver-spaces=\"true\">F\u00e1brica de vidrio de Ruisheng en Shandong, China<\/span><\/h2>\n<p><span data-preserver-spaces=\"true\">Desde 2009, nuestra moderna planta de producci\u00f3n de botellas de vidrio y nuestro bien equipado centro de I+D operan en una superficie de 5.000.000 de metros cuadrados. <\/span><span data-preserver-spaces=\"true\">La f\u00e1brica <\/span><span data-preserver-spaces=\"true\">hace<\/span><span data-preserver-spaces=\"true\"> botellas de vidrio de alta calidad para licor, whisky, vodka, brandy y otros <\/span><span data-preserver-spaces=\"true\">bebidas<\/span><span data-preserver-spaces=\"true\">.<\/span><\/p>\n\t\t<\/div>\n\t\t\t\t\t<\/div>\n\n\t\n<\/div>\n\t<div id=\"text-3193861611\" class=\"text\">\n\t\t\n<div class=\"attribute-list\">\n<div class=\"attribute-item\">\n<div class=\"right\">\n<h2>Plena capacidad en nuestra f\u00e1brica de botellas de vidrio para licores<\/h2>\n<\/div>\n<\/div>\n<\/div>\n\t\t\n<style>\n#text-3193861611 {\n  text-align: center;\n}\n<\/style>\n\t<\/div>\n\t\n<div class=\"row\"  id=\"row-490243739\">\n\n\t<div id=\"col-67739328\" class=\"col medium-3 small-6 large-3\"  >\n\t\t\t\t<div class=\"col-inner\"  >\n\t\t\t\n\t\t\t\n<h4 data-block-id=\"af96dd16-66c2-4462-af20-a66de914a210\" data-pm-slice=\"1 1 &#091;&#093;\"><strong>12 l\u00edneas de producci\u00f3n<\/strong><\/h4>\n<p data-block-id=\"e79032f9-c421-4fd3-b574-69946d694597\">Nuestras l\u00edneas semiautom\u00e1ticas de producci\u00f3n de botellas de vidrio son eficientes. Pueden producir varios tipos de botellas de vidrio simult\u00e1neamente.<\/p>\n\t\t<\/div>\n\t\t\t\t\t<\/div>\n\n\t\n\n\t<div id=\"col-1262460960\" class=\"col medium-3 small-6 large-3\"  >\n\t\t\t\t<div class=\"col-inner\"  >\n\t\t\t\n\t\t\t\n<h4 data-start=\"321\" data-end=\"346\"><strong data-start=\"326\" data-end=\"344\">M\u00e1s de 500 empleados<\/strong><\/h4>\n<p data-start=\"347\" data-end=\"423\">Ruisheng Glass cuenta con una plantilla de m\u00e1s de 500 empleados:<\/p>\n<ul data-start=\"424\" data-end=\"540\">\n<li data-start=\"424\" data-end=\"451\">15 dise\u00f1adores industriales<\/li>\n<li data-start=\"452\" data-end=\"485\">35 inspectores de calidad de productos<\/li>\n<li data-start=\"486\" data-end=\"540\">Personal de producci\u00f3n, ventas y marketing<\/li>\n<\/ul>\n\t\t<\/div>\n\t\t\t\t\t<\/div>\n\n\t\n\n\t<div id=\"col-213033747\" class=\"col medium-3 small-6 large-3\"  >\n\t\t\t\t<div class=\"col-inner\"  >\n\t\t\t\n\t\t\t\n<p data-block-id=\"da5bf13a-e5b2-4865-b830-010e3f03c76f\" data-pm-slice=\"1 1 &#091;&#093;\"><strong>M\u00e1s de 8000 moldes de dise\u00f1o<\/strong><\/p>\n<p data-block-id=\"8cf01a23-7ac8-479a-9faf-a4ce0cb2c5bd\">Disponemos de un amplio inventario interno de moldes. Esto nos da la flexibilidad necesaria para satisfacer las distintas necesidades de los clientes.<\/p>\n\t\t<\/div>\n\t\t\t\t\t<\/div>\n\n\t\n\n\t<div id=\"col-115169429\" class=\"col medium-3 small-6 large-3\"  >\n\t\t\t\t<div class=\"col-inner\"  >\n\t\t\t\n\t\t\t\n<h4 data-start=\"691\" data-end=\"723\"><strong data-start=\"696\" data-end=\"721\">120.000+ Producci\u00f3n diaria<\/strong><\/h4>\n<p data-start=\"724\" data-end=\"815\">Nuestra producci\u00f3n a gran escala garantiza una r\u00e1pida respuesta al mercado y un eficaz cumplimiento de los pedidos.<\/p>\n\t\t<\/div>\n\t\t\t\t\t<\/div>\n\n\t\n<\/div>","protected":false},"excerpt":{"rendered":"<p>Especificaciones Manejo de superficie: Grabado interior Uso industrial: Tipo de sellado de bebidas: TAPA DE TORNILLO\/CORCHO Lugar de Origen: Shandong, China Material Base: Super vidrio de pedernal Material del cuerpo: Super vidrio de pedernal N\u00famero de modelo: RS-160 Marca: RUISHENG Uso: Alcohol \/ licor \/ aguardiente \/ vodka \/ whisky \/ brandy \/ ron \/ ginebra Embalaje: Embalaje personalizado aceptable Capacidad: 200ml\/300ml\/500ml\/700\/750ml\/1000ml Forma: Forma personalizada Logotipo: Aceptable Logotipo del cliente Servicio: OEM \/ODM Muestra: Proporcionado libremente Logo...<\/p>","protected":false},"featured_media":4402,"comment_status":"closed","ping_status":"closed","template":"","meta":[],"product_cat":[54],"class_list":{"0":"post-4401","1":"product","2":"type-product","3":"status-publish","4":"has-post-thumbnail","6":"product_cat-whiskey-bottle","8":"first","9":"instock","10":"shipping-taxable","11":"product-type-simple"},"yoast_head":"<!-- This site is optimized with the Yoast SEO plugin v22.0 - https:\/\/yoast.com\/wordpress\/plugins\/seo\/ -->\n<title>RS153 China Transparent Whiskey Bottle Production -<\/title>\n<meta name=\"robots\" content=\"index, follow, max-snippet:-1, max-image-preview:large, max-video-preview:-1\" \/>\n<link rel=\"canonical\" href=\"https:\/\/ruishengglassco.com\/es\/rs153-china-produccion-de-botellas-de-whisky-transparentes\/\" \/>\n<meta property=\"og:locale\" content=\"es_ES\" \/>\n<meta property=\"og:type\" content=\"article\" \/>\n<meta property=\"og:title\" content=\"RS153 China Transparent Whiskey Bottle Production -\" \/>\n<meta property=\"og:description\" content=\"Specifications Surface Handling: Inside Engraving Industrial Use: Beverage Sealing Type: SCREW CAP\/Cork Place of Origin: Shandong, China Base Material: Super flint glass Body Material: Super flint glass Model Number: RS-160 Brand Name: RUISHENG Usage: Alcohol\/liquor\/spirits\/vodka\/whisky\/brandy\/rum\/gin Packing: Custom Packing Acceptable Capacity: 200ml\/300ml\/500ml\/700\/750ml\/1000ml Shape: Customized Shape Logo: Acceptable Customer&#8217;s Logo Service: OEM \/ODM Sample: Provided Freely Logo...\" \/>\n<meta property=\"og:url\" content=\"https:\/\/ruishengglassco.com\/es\/rs153-china-produccion-de-botellas-de-whisky-transparentes\/\" \/>\n<meta property=\"article:publisher\" content=\"https:\/\/www.facebook.com\/ruishengglassbottles\" \/>\n<meta property=\"article:modified_time\" content=\"2025-07-17T05:15:00+00:00\" \/>\n<meta property=\"og:image\" content=\"https:\/\/ruishengglassco.com\/wp-content\/uploads\/2025\/03\/RS153-China-Transparent-Whiskey-Bottle-Production.webp\" \/>\n\t<meta property=\"og:image:width\" content=\"800\" \/>\n\t<meta property=\"og:image:height\" content=\"800\" \/>\n\t<meta property=\"og:image:type\" content=\"image\/webp\" \/>\n<meta name=\"twitter:card\" content=\"summary_large_image\" \/>\n<meta name=\"twitter:label1\" content=\"Tiempo de lectura\" \/>\n\t<meta name=\"twitter:data1\" content=\"1 minuto\" \/>\n<script type=\"application\/ld+json\" class=\"yoast-schema-graph\">{\"@context\":\"https:\/\/schema.org\",\"@graph\":[{\"@type\":\"WebPage\",\"@id\":\"https:\/\/ruishengglassco.com\/rs153-china-transparent-whiskey-bottle-production\",\"url\":\"https:\/\/ruishengglassco.com\/rs153-china-transparent-whiskey-bottle-production\",\"name\":\"RS153 China Transparent Whiskey Bottle Production -\",\"isPartOf\":{\"@id\":\"https:\/\/ruishengglassco.com\/#website\"},\"datePublished\":\"2025-03-15T15:09:41+00:00\",\"dateModified\":\"2025-07-17T05:15:00+00:00\",\"breadcrumb\":{\"@id\":\"https:\/\/ruishengglassco.com\/rs153-china-transparent-whiskey-bottle-production#breadcrumb\"},\"inLanguage\":\"es\",\"potentialAction\":[{\"@type\":\"ReadAction\",\"target\":[\"https:\/\/ruishengglassco.com\/rs153-china-transparent-whiskey-bottle-production\"]}]},{\"@type\":\"BreadcrumbList\",\"@id\":\"https:\/\/ruishengglassco.com\/rs153-china-transparent-whiskey-bottle-production#breadcrumb\",\"itemListElement\":[{\"@type\":\"ListItem\",\"position\":1,\"name\":\"Home\",\"item\":\"https:\/\/ruishengglassco.com\/\"},{\"@type\":\"ListItem\",\"position\":2,\"name\":\"Products\",\"item\":\"https:\/\/ruishengglassco.com\/products\"},{\"@type\":\"ListItem\",\"position\":3,\"name\":\"RS153 China Transparent Whiskey Bottle Production\"}]},{\"@type\":\"WebSite\",\"@id\":\"https:\/\/ruishengglassco.com\/#website\",\"url\":\"https:\/\/ruishengglassco.com\/\",\"name\":\"Ruisheng Glass\",\"description\":\"\",\"publisher\":{\"@id\":\"https:\/\/ruishengglassco.com\/#organization\"},\"potentialAction\":[{\"@type\":\"SearchAction\",\"target\":{\"@type\":\"EntryPoint\",\"urlTemplate\":\"https:\/\/ruishengglassco.com\/?s={search_term_string}\"},\"query-input\":\"required name=search_term_string\"}],\"inLanguage\":\"es\"},{\"@type\":\"Organization\",\"@id\":\"https:\/\/ruishengglassco.com\/#organization\",\"name\":\"Shandong Yuncheng Ruisheng Glass Co., Ltd\",\"url\":\"https:\/\/ruishengglassco.com\/\",\"logo\":{\"@type\":\"ImageObject\",\"inLanguage\":\"es\",\"@id\":\"https:\/\/ruishengglassco.com\/#\/schema\/logo\/image\/\",\"url\":\"https:\/\/ruishengglassco.com\/wp-content\/uploads\/2023\/09\/ruisheng_logo_icon.webp\",\"contentUrl\":\"https:\/\/ruishengglassco.com\/wp-content\/uploads\/2023\/09\/ruisheng_logo_icon.webp\",\"width\":400,\"height\":233,\"caption\":\"Shandong Yuncheng Ruisheng Glass Co., Ltd\"},\"image\":{\"@id\":\"https:\/\/ruishengglassco.com\/#\/schema\/logo\/image\/\"},\"sameAs\":[\"https:\/\/www.facebook.com\/ruishengglassbottles\",\"https:\/\/www.instagram.com\/Ruishengglassbottlewholesales\/\",\"https:\/\/www.youtube.com\/channel\/UCMmbMNGwsL-XrtjfSFLCdVQ\"]}]}<\/script>\n<!-- \/ Yoast SEO plugin. -->","yoast_head_json":{"title":"RS153 China Transparent Whiskey Bottle Production -","robots":{"index":"index","follow":"follow","max-snippet":"max-snippet:-1","max-image-preview":"max-image-preview:large","max-video-preview":"max-video-preview:-1"},"canonical":"https:\/\/ruishengglassco.com\/es\/rs153-china-produccion-de-botellas-de-whisky-transparentes\/","og_locale":"es_ES","og_type":"article","og_title":"RS153 China Transparent Whiskey Bottle Production -","og_description":"Specifications Surface Handling: Inside Engraving Industrial Use: Beverage Sealing Type: SCREW CAP\/Cork Place of Origin: Shandong, China Base Material: Super flint glass Body Material: Super flint glass Model Number: RS-160 Brand Name: RUISHENG Usage: Alcohol\/liquor\/spirits\/vodka\/whisky\/brandy\/rum\/gin Packing: Custom Packing Acceptable Capacity: 200ml\/300ml\/500ml\/700\/750ml\/1000ml Shape: Customized Shape Logo: Acceptable Customer&#8217;s Logo Service: OEM \/ODM Sample: Provided Freely Logo...","og_url":"https:\/\/ruishengglassco.com\/es\/rs153-china-produccion-de-botellas-de-whisky-transparentes\/","article_publisher":"https:\/\/www.facebook.com\/ruishengglassbottles","article_modified_time":"2025-07-17T05:15:00+00:00","og_image":[{"width":800,"height":800,"url":"https:\/\/ruishengglassco.com\/wp-content\/uploads\/2025\/03\/RS153-China-Transparent-Whiskey-Bottle-Production.webp","type":"image\/webp"}],"twitter_card":"summary_large_image","twitter_misc":{"Tiempo de lectura":"1 minuto"},"schema":{"@context":"https:\/\/schema.org","@graph":[{"@type":"WebPage","@id":"https:\/\/ruishengglassco.com\/rs153-china-transparent-whiskey-bottle-production","url":"https:\/\/ruishengglassco.com\/rs153-china-transparent-whiskey-bottle-production","name":"RS153 China Transparent Whiskey Bottle Production -","isPartOf":{"@id":"https:\/\/ruishengglassco.com\/#website"},"datePublished":"2025-03-15T15:09:41+00:00","dateModified":"2025-07-17T05:15:00+00:00","breadcrumb":{"@id":"https:\/\/ruishengglassco.com\/rs153-china-transparent-whiskey-bottle-production#breadcrumb"},"inLanguage":"es","potentialAction":[{"@type":"ReadAction","target":["https:\/\/ruishengglassco.com\/rs153-china-transparent-whiskey-bottle-production"]}]},{"@type":"BreadcrumbList","@id":"https:\/\/ruishengglassco.com\/rs153-china-transparent-whiskey-bottle-production#breadcrumb","itemListElement":[{"@type":"ListItem","position":1,"name":"Home","item":"https:\/\/ruishengglassco.com\/"},{"@type":"ListItem","position":2,"name":"Products","item":"https:\/\/ruishengglassco.com\/products"},{"@type":"ListItem","position":3,"name":"RS153 China Transparent Whiskey Bottle Production"}]},{"@type":"WebSite","@id":"https:\/\/ruishengglassco.com\/#website","url":"https:\/\/ruishengglassco.com\/","name":"Ruisheng Glass","description":"","publisher":{"@id":"https:\/\/ruishengglassco.com\/#organization"},"potentialAction":[{"@type":"SearchAction","target":{"@type":"EntryPoint","urlTemplate":"https:\/\/ruishengglassco.com\/?s={search_term_string}"},"query-input":"required name=search_term_string"}],"inLanguage":"es"},{"@type":"Organization","@id":"https:\/\/ruishengglassco.com\/#organization","name":"Shandong Yuncheng Ruisheng Glass Co., Ltd","url":"https:\/\/ruishengglassco.com\/","logo":{"@type":"ImageObject","inLanguage":"es","@id":"https:\/\/ruishengglassco.com\/#\/schema\/logo\/image\/","url":"https:\/\/ruishengglassco.com\/wp-content\/uploads\/2023\/09\/ruisheng_logo_icon.webp","contentUrl":"https:\/\/ruishengglassco.com\/wp-content\/uploads\/2023\/09\/ruisheng_logo_icon.webp","width":400,"height":233,"caption":"Shandong Yuncheng Ruisheng Glass Co., Ltd"},"image":{"@id":"https:\/\/ruishengglassco.com\/#\/schema\/logo\/image\/"},"sameAs":["https:\/\/www.facebook.com\/ruishengglassbottles","https:\/\/www.instagram.com\/Ruishengglassbottlewholesales\/","https:\/\/www.youtube.com\/channel\/UCMmbMNGwsL-XrtjfSFLCdVQ"]}]}},"_links":{"self":[{"href":"https:\/\/ruishengglassco.com\/es\/wp-json\/wp\/v2\/product\/4401","targetHints":{"allow":["GET"]}}],"collection":[{"href":"https:\/\/ruishengglassco.com\/es\/wp-json\/wp\/v2\/product"}],"about":[{"href":"https:\/\/ruishengglassco.com\/es\/wp-json\/wp\/v2\/types\/product"}],"replies":[{"embeddable":true,"href":"https:\/\/ruishengglassco.com\/es\/wp-json\/wp\/v2\/comments?post=4401"}],"wp:featuredmedia":[{"embeddable":true,"href":"https:\/\/ruishengglassco.com\/es\/wp-json\/wp\/v2\/media\/4402"}],"wp:attachment":[{"href":"https:\/\/ruishengglassco.com\/es\/wp-json\/wp\/v2\/media?parent=4401"}],"wp:term":[{"taxonomy":"product_cat","embeddable":true,"href":"https:\/\/ruishengglassco.com\/es\/wp-json\/wp\/v2\/product_cat?post=4401"}],"curies":[{"name":"wp","href":"https:\/\/api.w.org\/{rel}","templated":true}]}}