{"id":4394,"date":"2025-03-15T22:42:13","date_gmt":"2025-03-15T14:42:13","guid":{"rendered":"https:\/\/ruishengglassco.com\/?post_type=product&#038;p=4394"},"modified":"2025-07-17T15:16:52","modified_gmt":"2025-07-17T07:16:52","slug":"rs001-venta-al-por-mayor-250ml-botellas-de-vidrio-con-tapon-de-rosca-para-licor","status":"publish","type":"product","link":"https:\/\/ruishengglassco.com\/es\/producto\/rs001-venta-al-por-mayor-250ml-botellas-de-vidrio-con-tapon-de-rosca-para-licor","title":{"rendered":"RS001 Botellas de vidrio con tap\u00f3n de rosca de 250 ml para licor"},"content":{"rendered":"<h2><span style=\"color: #000000;\">Detalles Sobre Mayorista Botellas De Vidrio Con Tap\u00f3n De Rosca De 250ml Para Licor<\/span><\/h2>\n<p>Estas botellas de vidrio con tap\u00f3n de rosca de 250 ml son ideales para envasar licores. Funcionan bien para aguardiente blanco, whisky, brandy, vodka, co\u00f1ac, tequila, champ\u00e1n y mucho m\u00e1s.<\/p>\n<p>Los productos se fabrican con materias primas de vidrio de alta calidad procesadas mediante m\u00e1s de 10 procesos. Transparente, limpio y libre de impurezas. Puede resaltar perfectamente la calidad del licor y mejorar el grado general del producto.<\/p>\n<p>Si est\u00e1 satisfecho con el modelo que le proporcionamos, podemos producir 100% seg\u00fan el modelo original. Si necesita un servicio personalizado. Puede solicitar cada uno de los tama\u00f1os, formas, colores, tratamientos superficiales, etiquetas, tapas, etc. de las botellas de vino, y produciremos seg\u00fan sus requisitos.<\/p>\n<ul>\n<li>Nombre del Producto: Mayorista 250ml Botellas De Vidrio Con Tapa De Rosca Para Licor<\/li>\n<li>Marca: Ruisheng\/RS Glass<\/li>\n<li>Referencia: RS001<\/li>\n<li>Material de vidrio: Material de vidrio de alto s\u00edlex<\/li>\n<li>Capacidad nominal: 250 ml<\/li>\n<li>Peso de la botella: 550 g<\/li>\n<li>Tipo de sellado: Ropp \/ GPI \/ Corcho \/ Guala \/ Swing Top \/ M\u00e9todo de sellado personalizado<\/li>\n<li>Aplicaci\u00f3n: Botella de Vodka, Botella de Whisky, Botella de Co\u00f1ac, Botella de Ron, Botella de Xo<\/li>\n<li>Embalaje\n<ul>\n<li>24 unidades \/ cart\u00f3n, con separador de cart\u00f3n<\/li>\n<li>6 unidades \/ caja de color, con separador de cart\u00f3n<\/li>\n<li>Embalaje de paletas, con separador de cart\u00f3n<\/li>\n<li>Embalaje en cart\u00f3n\/caja + pal\u00e9<\/li>\n<\/ul>\n<\/li>\n<li><span style=\"color: #ff0000;\">MOQ: 6000pcs para una nueva tirada<\/span><\/li>\n<li>Plazo de entrega: 20-30 d\u00edas<\/li>\n<\/ul>\n<p data-start=\"1542\" data-end=\"1659\">Si tiene m\u00e1s preguntas sobre Venta al por mayor de botellas de vidrio con tap\u00f3n de rosca de 250 ml para licores, p\u00f3ngase en contacto con nuestro equipo de ventas.<\/p>\n<hr data-start=\"1661\" data-end=\"1664\" \/>\n<h2 data-start=\"1666\" data-end=\"1717\"><strong data-start=\"1670\" data-end=\"1715\">F\u00e1brica de vidrio de Ruisheng en Shandong, China<\/strong><\/h2>\n<p data-start=\"1718\" data-end=\"1992\">Desde 2009, Ruisheng Glass cuenta con una moderna planta de producci\u00f3n y un centro de I+D bien equipado, con una superficie de 5.000.000 de metros cuadrados. La f\u00e1brica se especializa en la fabricaci\u00f3n de botellas de vidrio de alta calidad para licores, incluyendo whisky, vodka, brandy y otras bebidas alcoh\u00f3licas.<\/p>\n<h3 data-start=\"1994\" data-end=\"2020\"><strong data-start=\"1998\" data-end=\"2018\">Capacidad de la f\u00e1brica<\/strong><\/h3>\n<ul data-start=\"2021\" data-end=\"2577\">\n<li data-start=\"2021\" data-end=\"2178\"><strong data-start=\"2023\" data-end=\"2046\">12 l\u00edneas de producci\u00f3n<\/strong> - L\u00edneas semiautom\u00e1ticas de producci\u00f3n de botellas de vidrio de alta eficacia, capaces de realizar diferentes procesos de tratamiento simult\u00e1neamente.<\/li>\n<li data-start=\"2179\" data-end=\"2316\"><strong data-start=\"2181\" data-end=\"2199\">M\u00e1s de 500 empleados<\/strong> - Incluye 15 dise\u00f1adores industriales, 35 inspectores de calidad de productos y personal de producci\u00f3n, ventas y marketing.<\/li>\n<li data-start=\"2317\" data-end=\"2447\"><strong data-start=\"2319\" data-end=\"2342\">M\u00e1s de 8.000 moldes de dise\u00f1o<\/strong> - El almacenamiento interno de un gran n\u00famero de moldes ofrece flexibilidad para satisfacer las diversas necesidades de los clientes.<\/li>\n<li data-start=\"2448\" data-end=\"2577\"><strong data-start=\"2450\" data-end=\"2483\">Producci\u00f3n diaria de m\u00e1s de 120.000 botellas<\/strong> - La producci\u00f3n a gran escala garantiza una respuesta r\u00e1pida al mercado y un cumplimiento eficaz de los pedidos.<\/li>\n<\/ul>\n<h3 data-start=\"2579\" data-end=\"2621\"><strong data-start=\"2583\" data-end=\"2619\">C\u00f3mo hacer un pedido a Ruisheng Glass<\/strong><\/h3>\n<p data-start=\"2622\" data-end=\"2736\">Para consultas, pedidos o solicitudes personalizadas, p\u00f3ngase en contacto con nuestro equipo para comentar sus necesidades y obtener un presupuesto.<\/p>","protected":false},"excerpt":{"rendered":"<p>Descubra las botellas de vidrio con tap\u00f3n de rosca de 250 ml al por mayor para licores en Ruisheng Glass Co. Fundada en 2009, Ruisheng es una empresa l\u00edder en la industria de envasado de botellas de licor. Siempre hemos estado comprometidos a proporcionar soluciones integrales de envasado para la industria de botellas de licor. Hacemos botellas de vidrio de calidad utilizando materiales de vidrio de alta calidad. Usted puede encontrar muchos productos, tales como botellas de licor, botellas de whisky, botellas de brandy, botellas de ginebra, botellas de co\u00f1ac, botellas de tequila y botellas de vino.<\/p>\n<p>Como fabricante de botellas para bebidas espirituosas, ofrecemos servicios OEM\/ODM a nuestros clientes. Si no encuentra su tipo de botella, no se preocupe. D\u00edganos sus necesidades y d\u00e9jenos producir para usted.<\/p>\n<p>Haga clic aqu\u00ed para obtener m\u00e1s informaci\u00f3n sobre la venta al por mayor de botellas de vidrio con tap\u00f3n de rosca de 250 ml para licores.<\/p>","protected":false},"featured_media":4395,"comment_status":"closed","ping_status":"closed","template":"","meta":[],"product_cat":[47],"class_list":{"0":"post-4394","1":"product","2":"type-product","3":"status-publish","4":"has-post-thumbnail","6":"product_cat-250ml-liquor-bottle-manufacturer","8":"first","9":"instock","10":"shipping-taxable","11":"product-type-simple"},"yoast_head":"<!-- This site is optimized with the Yoast SEO plugin v22.0 - https:\/\/yoast.com\/wordpress\/plugins\/seo\/ -->\n<title>250ml Screw Top Glass Bottles For Liquor-Ruisheng Glass<\/title>\n<meta name=\"description\" content=\"Find Wholesale 250ml Screw Top Glass Bottles For Liquor At Ruisheng Glass Co,. Factory Outlet&amp;Save Cost Here.\" \/>\n<meta name=\"robots\" content=\"index, follow, max-snippet:-1, max-image-preview:large, max-video-preview:-1\" \/>\n<link rel=\"canonical\" href=\"https:\/\/ruishengglassco.com\/es\/producto\/rs001-venta-al-por-mayor-250ml-botellas-de-vidrio-con-tapon-de-rosca-para-licor\" \/>\n<meta property=\"og:locale\" content=\"es_ES\" \/>\n<meta property=\"og:type\" content=\"article\" \/>\n<meta property=\"og:title\" content=\"250ml Screw Top Glass Bottles For Liquor-Ruisheng Glass\" \/>\n<meta property=\"og:description\" content=\"Find Wholesale 250ml Screw Top Glass Bottles For Liquor At Ruisheng Glass Co,. Factory Outlet&amp;Save Cost Here.\" \/>\n<meta property=\"og:url\" content=\"https:\/\/ruishengglassco.com\/es\/producto\/rs001-venta-al-por-mayor-250ml-botellas-de-vidrio-con-tapon-de-rosca-para-licor\" \/>\n<meta property=\"article:publisher\" content=\"https:\/\/www.facebook.com\/ruishengglassbottles\" \/>\n<meta property=\"article:modified_time\" content=\"2025-07-17T07:16:52+00:00\" \/>\n<meta property=\"og:image\" content=\"https:\/\/ruishengglassco.com\/wp-content\/uploads\/2025\/03\/RS001-Wholesale-250ml-Screw-Top-Glass-Bottles-For-Liquor.webp\" \/>\n\t<meta property=\"og:image:width\" content=\"800\" \/>\n\t<meta property=\"og:image:height\" content=\"800\" \/>\n\t<meta property=\"og:image:type\" content=\"image\/webp\" \/>\n<meta name=\"twitter:card\" content=\"summary_large_image\" \/>\n<meta name=\"twitter:label1\" content=\"Tiempo de lectura\" \/>\n\t<meta name=\"twitter:data1\" content=\"2 minutos\" \/>\n<script type=\"application\/ld+json\" class=\"yoast-schema-graph\">{\"@context\":\"https:\/\/schema.org\",\"@graph\":[{\"@type\":\"WebPage\",\"@id\":\"https:\/\/ruishengglassco.com\/product\/rs001-wholesale-250ml-screw-top-glass-bottles-for-liquor\",\"url\":\"https:\/\/ruishengglassco.com\/product\/rs001-wholesale-250ml-screw-top-glass-bottles-for-liquor\",\"name\":\"250ml Screw Top Glass Bottles For Liquor-Ruisheng Glass\",\"isPartOf\":{\"@id\":\"https:\/\/ruishengglassco.com\/#website\"},\"datePublished\":\"2025-03-15T14:42:13+00:00\",\"dateModified\":\"2025-07-17T07:16:52+00:00\",\"description\":\"Find Wholesale 250ml Screw Top Glass Bottles For Liquor At Ruisheng Glass Co,. Factory Outlet&Save Cost Here.\",\"breadcrumb\":{\"@id\":\"https:\/\/ruishengglassco.com\/product\/rs001-wholesale-250ml-screw-top-glass-bottles-for-liquor#breadcrumb\"},\"inLanguage\":\"es\",\"potentialAction\":[{\"@type\":\"ReadAction\",\"target\":[\"https:\/\/ruishengglassco.com\/product\/rs001-wholesale-250ml-screw-top-glass-bottles-for-liquor\"]}]},{\"@type\":\"BreadcrumbList\",\"@id\":\"https:\/\/ruishengglassco.com\/product\/rs001-wholesale-250ml-screw-top-glass-bottles-for-liquor#breadcrumb\",\"itemListElement\":[{\"@type\":\"ListItem\",\"position\":1,\"name\":\"Home\",\"item\":\"https:\/\/ruishengglassco.com\/\"},{\"@type\":\"ListItem\",\"position\":2,\"name\":\"Products\",\"item\":\"https:\/\/ruishengglassco.com\/products\"},{\"@type\":\"ListItem\",\"position\":3,\"name\":\"RS001 250ml Screw Top Glass Bottles For Liquor\"}]},{\"@type\":\"WebSite\",\"@id\":\"https:\/\/ruishengglassco.com\/#website\",\"url\":\"https:\/\/ruishengglassco.com\/\",\"name\":\"Ruisheng Glass\",\"description\":\"\",\"publisher\":{\"@id\":\"https:\/\/ruishengglassco.com\/#organization\"},\"potentialAction\":[{\"@type\":\"SearchAction\",\"target\":{\"@type\":\"EntryPoint\",\"urlTemplate\":\"https:\/\/ruishengglassco.com\/?s={search_term_string}\"},\"query-input\":\"required name=search_term_string\"}],\"inLanguage\":\"es\"},{\"@type\":\"Organization\",\"@id\":\"https:\/\/ruishengglassco.com\/#organization\",\"name\":\"Shandong Yuncheng Ruisheng Glass Co., Ltd\",\"url\":\"https:\/\/ruishengglassco.com\/\",\"logo\":{\"@type\":\"ImageObject\",\"inLanguage\":\"es\",\"@id\":\"https:\/\/ruishengglassco.com\/#\/schema\/logo\/image\/\",\"url\":\"https:\/\/ruishengglassco.com\/wp-content\/uploads\/2023\/09\/ruisheng_logo_icon.webp\",\"contentUrl\":\"https:\/\/ruishengglassco.com\/wp-content\/uploads\/2023\/09\/ruisheng_logo_icon.webp\",\"width\":400,\"height\":233,\"caption\":\"Shandong Yuncheng Ruisheng Glass Co., Ltd\"},\"image\":{\"@id\":\"https:\/\/ruishengglassco.com\/#\/schema\/logo\/image\/\"},\"sameAs\":[\"https:\/\/www.facebook.com\/ruishengglassbottles\",\"https:\/\/www.instagram.com\/Ruishengglassbottlewholesales\/\",\"https:\/\/www.youtube.com\/channel\/UCMmbMNGwsL-XrtjfSFLCdVQ\"]}]}<\/script>\n<!-- \/ Yoast SEO plugin. -->","yoast_head_json":{"title":"250ml Screw Top Glass Bottles For Liquor-Ruisheng Glass","description":"Find Wholesale 250ml Screw Top Glass Bottles For Liquor At Ruisheng Glass Co,. Factory Outlet&Save Cost Here.","robots":{"index":"index","follow":"follow","max-snippet":"max-snippet:-1","max-image-preview":"max-image-preview:large","max-video-preview":"max-video-preview:-1"},"canonical":"https:\/\/ruishengglassco.com\/es\/producto\/rs001-venta-al-por-mayor-250ml-botellas-de-vidrio-con-tapon-de-rosca-para-licor","og_locale":"es_ES","og_type":"article","og_title":"250ml Screw Top Glass Bottles For Liquor-Ruisheng Glass","og_description":"Find Wholesale 250ml Screw Top Glass Bottles For Liquor At Ruisheng Glass Co,. Factory Outlet&Save Cost Here.","og_url":"https:\/\/ruishengglassco.com\/es\/producto\/rs001-venta-al-por-mayor-250ml-botellas-de-vidrio-con-tapon-de-rosca-para-licor","article_publisher":"https:\/\/www.facebook.com\/ruishengglassbottles","article_modified_time":"2025-07-17T07:16:52+00:00","og_image":[{"width":800,"height":800,"url":"https:\/\/ruishengglassco.com\/wp-content\/uploads\/2025\/03\/RS001-Wholesale-250ml-Screw-Top-Glass-Bottles-For-Liquor.webp","type":"image\/webp"}],"twitter_card":"summary_large_image","twitter_misc":{"Tiempo de lectura":"2 minutos"},"schema":{"@context":"https:\/\/schema.org","@graph":[{"@type":"WebPage","@id":"https:\/\/ruishengglassco.com\/product\/rs001-wholesale-250ml-screw-top-glass-bottles-for-liquor","url":"https:\/\/ruishengglassco.com\/product\/rs001-wholesale-250ml-screw-top-glass-bottles-for-liquor","name":"250ml Screw Top Glass Bottles For Liquor-Ruisheng Glass","isPartOf":{"@id":"https:\/\/ruishengglassco.com\/#website"},"datePublished":"2025-03-15T14:42:13+00:00","dateModified":"2025-07-17T07:16:52+00:00","description":"Find Wholesale 250ml Screw Top Glass Bottles For Liquor At Ruisheng Glass Co,. Factory Outlet&Save Cost Here.","breadcrumb":{"@id":"https:\/\/ruishengglassco.com\/product\/rs001-wholesale-250ml-screw-top-glass-bottles-for-liquor#breadcrumb"},"inLanguage":"es","potentialAction":[{"@type":"ReadAction","target":["https:\/\/ruishengglassco.com\/product\/rs001-wholesale-250ml-screw-top-glass-bottles-for-liquor"]}]},{"@type":"BreadcrumbList","@id":"https:\/\/ruishengglassco.com\/product\/rs001-wholesale-250ml-screw-top-glass-bottles-for-liquor#breadcrumb","itemListElement":[{"@type":"ListItem","position":1,"name":"Home","item":"https:\/\/ruishengglassco.com\/"},{"@type":"ListItem","position":2,"name":"Products","item":"https:\/\/ruishengglassco.com\/products"},{"@type":"ListItem","position":3,"name":"RS001 250ml Screw Top Glass Bottles For Liquor"}]},{"@type":"WebSite","@id":"https:\/\/ruishengglassco.com\/#website","url":"https:\/\/ruishengglassco.com\/","name":"Ruisheng Glass","description":"","publisher":{"@id":"https:\/\/ruishengglassco.com\/#organization"},"potentialAction":[{"@type":"SearchAction","target":{"@type":"EntryPoint","urlTemplate":"https:\/\/ruishengglassco.com\/?s={search_term_string}"},"query-input":"required name=search_term_string"}],"inLanguage":"es"},{"@type":"Organization","@id":"https:\/\/ruishengglassco.com\/#organization","name":"Shandong Yuncheng Ruisheng Glass Co., Ltd","url":"https:\/\/ruishengglassco.com\/","logo":{"@type":"ImageObject","inLanguage":"es","@id":"https:\/\/ruishengglassco.com\/#\/schema\/logo\/image\/","url":"https:\/\/ruishengglassco.com\/wp-content\/uploads\/2023\/09\/ruisheng_logo_icon.webp","contentUrl":"https:\/\/ruishengglassco.com\/wp-content\/uploads\/2023\/09\/ruisheng_logo_icon.webp","width":400,"height":233,"caption":"Shandong Yuncheng Ruisheng Glass Co., Ltd"},"image":{"@id":"https:\/\/ruishengglassco.com\/#\/schema\/logo\/image\/"},"sameAs":["https:\/\/www.facebook.com\/ruishengglassbottles","https:\/\/www.instagram.com\/Ruishengglassbottlewholesales\/","https:\/\/www.youtube.com\/channel\/UCMmbMNGwsL-XrtjfSFLCdVQ"]}]}},"_links":{"self":[{"href":"https:\/\/ruishengglassco.com\/es\/wp-json\/wp\/v2\/product\/4394","targetHints":{"allow":["GET"]}}],"collection":[{"href":"https:\/\/ruishengglassco.com\/es\/wp-json\/wp\/v2\/product"}],"about":[{"href":"https:\/\/ruishengglassco.com\/es\/wp-json\/wp\/v2\/types\/product"}],"replies":[{"embeddable":true,"href":"https:\/\/ruishengglassco.com\/es\/wp-json\/wp\/v2\/comments?post=4394"}],"wp:featuredmedia":[{"embeddable":true,"href":"https:\/\/ruishengglassco.com\/es\/wp-json\/wp\/v2\/media\/4395"}],"wp:attachment":[{"href":"https:\/\/ruishengglassco.com\/es\/wp-json\/wp\/v2\/media?parent=4394"}],"wp:term":[{"taxonomy":"product_cat","embeddable":true,"href":"https:\/\/ruishengglassco.com\/es\/wp-json\/wp\/v2\/product_cat?post=4394"}],"curies":[{"name":"wp","href":"https:\/\/api.w.org\/{rel}","templated":true}]}}