{"id":4390,"date":"2025-03-15T22:36:56","date_gmt":"2025-03-15T14:36:56","guid":{"rendered":"https:\/\/ruishengglassco.com\/?post_type=product&#038;p=4390"},"modified":"2025-07-17T15:14:54","modified_gmt":"2025-07-17T07:14:54","slug":"rs003250ml-botellas-de-vidrio-con-corcho-al-por-mayor","status":"publish","type":"product","link":"https:\/\/ruishengglassco.com\/es\/producto\/rs003250ml-botellas-de-vidrio-con-corcho-al-por-mayor","title":{"rendered":"RS003:Botellas de vidrio de 250 ml con corcho"},"content":{"rendered":"<h2 style=\"text-align: left;\">Informaci\u00f3n detallada sobre 250ml botellas de vidrio con corcho al por mayor<\/h2>\n<p>Estas botellas de cristal de 250 ml con tap\u00f3n de corcho est\u00e1n fabricadas con cristal de s\u00edlex. Este material confiere a las botellas una gran transparencia y brillo. El cuerpo redondo es redondeado con texturas abultadas. La superficie del producto presenta diversas t\u00e9cnicas de procesado, como gofrado, calcoman\u00eda, pintura, esmerilado, estampado en caliente y galvanoplastia.<\/p>\n<p>Esta serie de botellas redondas para licor es adecuada para envasar licor, vodka, brandy, tequila y otras bebidas alcoh\u00f3licas. Contamos con m\u00e1s de 20 a\u00f1os de experiencia en la fabricaci\u00f3n de botellas de licor. Tambi\u00e9n ofrecemos servicios personalizados adaptados a las necesidades de nuestros clientes. Podemos fabricar botellas de vidrio adaptadas a sus necesidades espec\u00edficas. Ind\u00edquenos la forma, el color, el tama\u00f1o, el embalaje exterior y el logotipo que desea.<\/p>\n<ul>\n<li>Manipulaci\u00f3n de superficies: Calcoman\u00eda<\/li>\n<li>Uso industrial: Bebidas<\/li>\n<li>Material de la base: Vidrio de s\u00edlex<\/li>\n<li>Material del cuerpo: Vidrio de s\u00edlex<\/li>\n<li>Material del collar: Vidrio de s\u00edlex<\/li>\n<li>Tipo de cierre: Tap\u00f3n de corcho, tap\u00f3n de vidrio, tap\u00f3n roscado, tap\u00f3n de rosca<\/li>\n<li>Uso: Licor, Brandy, Vodka, Tequila<\/li>\n<li>Lugar de origen: China<\/li>\n<li>N\u00famero de modelo: RS003<\/li>\n<li>Nombre de marca: Ruisheng glass<\/li>\n<li>Material de la botella: Vasos<\/li>\n<li>Utilizaci\u00f3n: Aceite\/alcohol\/licor\/vino\/bebida<\/li>\n<li>Capacidad: 50ml~2L<\/li>\n<li>OEM\/ODM: Disponible<\/li>\n<li>Certificados: SGS , TUV, ISO9001, ISO14001<\/li>\n<li>Color: Transparente, Pintado, Escarcha<\/li>\n<li>Manipulaci\u00f3n de superficies: Serigraf\u00eda, Printing.Decal, Spray, Frost<\/li>\n<\/ul>\n<p>Si desea saber c\u00f3mo embalamos y enviamos el producto a su pa\u00eds, haga clic aqu\u00ed para verlo: \u00bfC\u00f3mo embalar y enviar botellas de vidrio?<\/p>\n<p>Si desea saber m\u00e1s acerca de nuestros 250ml botellas de vidrio con corcho al por mayor, y otra informaci\u00f3n, por favor no dude en contactar con nosotros aqu\u00ed.<\/p>","protected":false},"excerpt":{"rendered":"<p><span data-preserver-spaces=\"true\">Ruisheng cuenta con m\u00e1s de 10 a\u00f1os de experiencia en la fabricaci\u00f3n de botellas de vidrio. Ofrecen botellas de vidrio de 250 ml con tap\u00f3n de corcho, perfectas para envasar licores. <\/span><span data-preserver-spaces=\"true\">Este<\/span><span data-preserver-spaces=\"true\"> incluye Whisky, Brandy, Vodka y Ron. Nuestras botellas de vidrio transparente no s\u00f3lo tienen una buena funci\u00f3n de almacenamiento, sino que tambi\u00e9n hacen que sus productos tengan un aspecto m\u00e1s lujoso.<\/span><\/p>\n<p><span data-preserver-spaces=\"true\">Estas son las preguntas que pueden interesarle:<\/span><\/p>\n<p><strong><span data-preserver-spaces=\"true\">-CANTIDAD: 10000 UNIDADES\u00a0<\/span><\/strong><\/p>\n<p><span data-preserver-spaces=\"true\">-Servicio personalizado con oferta de muestras gratuitas<\/span><\/p>\n<p><span data-preserver-spaces=\"true\">-Env\u00edo global+entrega en 30 d\u00edas<\/span><\/p>\n<p><span data-preserver-spaces=\"true\">Si usted <\/span><span data-preserver-spaces=\"true\">desea<\/span><span data-preserver-spaces=\"true\"> para poner en marcha su empresa <\/span><span data-preserver-spaces=\"true\">para<\/span><span data-preserver-spaces=\"true\"> Botellas de vidrio de 250 ml <\/span><span data-preserver-spaces=\"true\">con<\/span><span data-preserver-spaces=\"true\"> corcho al por mayor, <\/span><span data-preserver-spaces=\"true\">p\u00f3ngase en contacto con nosotros<\/span><span data-preserver-spaces=\"true\"> ahora.<\/span><\/p>","protected":false},"featured_media":4391,"comment_status":"closed","ping_status":"closed","template":"","meta":[],"product_cat":[47],"class_list":{"0":"post-4390","1":"product","2":"type-product","3":"status-publish","4":"has-post-thumbnail","6":"product_cat-250ml-liquor-bottle-manufacturer","8":"first","9":"instock","10":"shipping-taxable","11":"product-type-simple"},"yoast_head":"<!-- This site is optimized with the Yoast SEO plugin v22.0 - https:\/\/yoast.com\/wordpress\/plugins\/seo\/ -->\n<title>250ml Glass Bottles With Cork Manufacturer | Ruisheng Glass Co., Ltd<\/title>\n<meta name=\"description\" content=\"Find 250ml Glass Bottles With Cork Wholesale in Ruisheng Glass Co., Ltd. Liquor Bottle Manufacturer and Factory. Global Shipping Service.\" \/>\n<meta name=\"robots\" content=\"index, follow, max-snippet:-1, max-image-preview:large, max-video-preview:-1\" \/>\n<link rel=\"canonical\" href=\"https:\/\/ruishengglassco.com\/es\/producto\/rs003250ml-botellas-de-vidrio-con-corcho-al-por-mayor\" \/>\n<meta property=\"og:locale\" content=\"es_ES\" \/>\n<meta property=\"og:type\" content=\"article\" \/>\n<meta property=\"og:title\" content=\"250ml Glass Bottles With Cork Manufacturer | Ruisheng Glass Co., Ltd\" \/>\n<meta property=\"og:description\" content=\"Find 250ml Glass Bottles With Cork Wholesale in Ruisheng Glass Co., Ltd. Liquor Bottle Manufacturer and Factory. Global Shipping Service.\" \/>\n<meta property=\"og:url\" content=\"https:\/\/ruishengglassco.com\/es\/producto\/rs003250ml-botellas-de-vidrio-con-corcho-al-por-mayor\" \/>\n<meta property=\"article:publisher\" content=\"https:\/\/www.facebook.com\/ruishengglassbottles\" \/>\n<meta property=\"article:modified_time\" content=\"2025-07-17T07:14:54+00:00\" \/>\n<meta property=\"og:image\" content=\"https:\/\/ruishengglassco.com\/wp-content\/uploads\/2025\/03\/RS003-250ml-Glass-Bottles-With-Cork-Wholesale.webp\" \/>\n\t<meta property=\"og:image:width\" content=\"800\" \/>\n\t<meta property=\"og:image:height\" content=\"800\" \/>\n\t<meta property=\"og:image:type\" content=\"image\/webp\" \/>\n<meta name=\"twitter:card\" content=\"summary_large_image\" \/>\n<meta name=\"twitter:label1\" content=\"Tiempo de lectura\" \/>\n\t<meta name=\"twitter:data1\" content=\"2 minutos\" \/>\n<script type=\"application\/ld+json\" class=\"yoast-schema-graph\">{\"@context\":\"https:\/\/schema.org\",\"@graph\":[{\"@type\":\"WebPage\",\"@id\":\"https:\/\/ruishengglassco.com\/product\/rs003250ml-glass-bottles-with-cork-wholesale\",\"url\":\"https:\/\/ruishengglassco.com\/product\/rs003250ml-glass-bottles-with-cork-wholesale\",\"name\":\"250ml Glass Bottles With Cork Manufacturer | Ruisheng Glass Co., Ltd\",\"isPartOf\":{\"@id\":\"https:\/\/ruishengglassco.com\/#website\"},\"datePublished\":\"2025-03-15T14:36:56+00:00\",\"dateModified\":\"2025-07-17T07:14:54+00:00\",\"description\":\"Find 250ml Glass Bottles With Cork Wholesale in Ruisheng Glass Co., Ltd. Liquor Bottle Manufacturer and Factory. Global Shipping Service.\",\"breadcrumb\":{\"@id\":\"https:\/\/ruishengglassco.com\/product\/rs003250ml-glass-bottles-with-cork-wholesale#breadcrumb\"},\"inLanguage\":\"es\",\"potentialAction\":[{\"@type\":\"ReadAction\",\"target\":[\"https:\/\/ruishengglassco.com\/product\/rs003250ml-glass-bottles-with-cork-wholesale\"]}]},{\"@type\":\"BreadcrumbList\",\"@id\":\"https:\/\/ruishengglassco.com\/product\/rs003250ml-glass-bottles-with-cork-wholesale#breadcrumb\",\"itemListElement\":[{\"@type\":\"ListItem\",\"position\":1,\"name\":\"Home\",\"item\":\"https:\/\/ruishengglassco.com\/\"},{\"@type\":\"ListItem\",\"position\":2,\"name\":\"Products\",\"item\":\"https:\/\/ruishengglassco.com\/products\"},{\"@type\":\"ListItem\",\"position\":3,\"name\":\"RS003:250ml Glass Bottles With Cork\"}]},{\"@type\":\"WebSite\",\"@id\":\"https:\/\/ruishengglassco.com\/#website\",\"url\":\"https:\/\/ruishengglassco.com\/\",\"name\":\"Ruisheng Glass\",\"description\":\"\",\"publisher\":{\"@id\":\"https:\/\/ruishengglassco.com\/#organization\"},\"potentialAction\":[{\"@type\":\"SearchAction\",\"target\":{\"@type\":\"EntryPoint\",\"urlTemplate\":\"https:\/\/ruishengglassco.com\/?s={search_term_string}\"},\"query-input\":\"required name=search_term_string\"}],\"inLanguage\":\"es\"},{\"@type\":\"Organization\",\"@id\":\"https:\/\/ruishengglassco.com\/#organization\",\"name\":\"Shandong Yuncheng Ruisheng Glass Co., Ltd\",\"url\":\"https:\/\/ruishengglassco.com\/\",\"logo\":{\"@type\":\"ImageObject\",\"inLanguage\":\"es\",\"@id\":\"https:\/\/ruishengglassco.com\/#\/schema\/logo\/image\/\",\"url\":\"https:\/\/ruishengglassco.com\/wp-content\/uploads\/2023\/09\/ruisheng_logo_icon.webp\",\"contentUrl\":\"https:\/\/ruishengglassco.com\/wp-content\/uploads\/2023\/09\/ruisheng_logo_icon.webp\",\"width\":400,\"height\":233,\"caption\":\"Shandong Yuncheng Ruisheng Glass Co., Ltd\"},\"image\":{\"@id\":\"https:\/\/ruishengglassco.com\/#\/schema\/logo\/image\/\"},\"sameAs\":[\"https:\/\/www.facebook.com\/ruishengglassbottles\",\"https:\/\/www.instagram.com\/Ruishengglassbottlewholesales\/\",\"https:\/\/www.youtube.com\/channel\/UCMmbMNGwsL-XrtjfSFLCdVQ\"]}]}<\/script>\n<!-- \/ Yoast SEO plugin. -->","yoast_head_json":{"title":"250ml Glass Bottles With Cork Manufacturer | Ruisheng Glass Co., Ltd","description":"Find 250ml Glass Bottles With Cork Wholesale in Ruisheng Glass Co., Ltd. Liquor Bottle Manufacturer and Factory. Global Shipping Service.","robots":{"index":"index","follow":"follow","max-snippet":"max-snippet:-1","max-image-preview":"max-image-preview:large","max-video-preview":"max-video-preview:-1"},"canonical":"https:\/\/ruishengglassco.com\/es\/producto\/rs003250ml-botellas-de-vidrio-con-corcho-al-por-mayor","og_locale":"es_ES","og_type":"article","og_title":"250ml Glass Bottles With Cork Manufacturer | Ruisheng Glass Co., Ltd","og_description":"Find 250ml Glass Bottles With Cork Wholesale in Ruisheng Glass Co., Ltd. Liquor Bottle Manufacturer and Factory. Global Shipping Service.","og_url":"https:\/\/ruishengglassco.com\/es\/producto\/rs003250ml-botellas-de-vidrio-con-corcho-al-por-mayor","article_publisher":"https:\/\/www.facebook.com\/ruishengglassbottles","article_modified_time":"2025-07-17T07:14:54+00:00","og_image":[{"width":800,"height":800,"url":"https:\/\/ruishengglassco.com\/wp-content\/uploads\/2025\/03\/RS003-250ml-Glass-Bottles-With-Cork-Wholesale.webp","type":"image\/webp"}],"twitter_card":"summary_large_image","twitter_misc":{"Tiempo de lectura":"2 minutos"},"schema":{"@context":"https:\/\/schema.org","@graph":[{"@type":"WebPage","@id":"https:\/\/ruishengglassco.com\/product\/rs003250ml-glass-bottles-with-cork-wholesale","url":"https:\/\/ruishengglassco.com\/product\/rs003250ml-glass-bottles-with-cork-wholesale","name":"250ml Glass Bottles With Cork Manufacturer | Ruisheng Glass Co., Ltd","isPartOf":{"@id":"https:\/\/ruishengglassco.com\/#website"},"datePublished":"2025-03-15T14:36:56+00:00","dateModified":"2025-07-17T07:14:54+00:00","description":"Find 250ml Glass Bottles With Cork Wholesale in Ruisheng Glass Co., Ltd. Liquor Bottle Manufacturer and Factory. Global Shipping Service.","breadcrumb":{"@id":"https:\/\/ruishengglassco.com\/product\/rs003250ml-glass-bottles-with-cork-wholesale#breadcrumb"},"inLanguage":"es","potentialAction":[{"@type":"ReadAction","target":["https:\/\/ruishengglassco.com\/product\/rs003250ml-glass-bottles-with-cork-wholesale"]}]},{"@type":"BreadcrumbList","@id":"https:\/\/ruishengglassco.com\/product\/rs003250ml-glass-bottles-with-cork-wholesale#breadcrumb","itemListElement":[{"@type":"ListItem","position":1,"name":"Home","item":"https:\/\/ruishengglassco.com\/"},{"@type":"ListItem","position":2,"name":"Products","item":"https:\/\/ruishengglassco.com\/products"},{"@type":"ListItem","position":3,"name":"RS003:250ml Glass Bottles With Cork"}]},{"@type":"WebSite","@id":"https:\/\/ruishengglassco.com\/#website","url":"https:\/\/ruishengglassco.com\/","name":"Ruisheng Glass","description":"","publisher":{"@id":"https:\/\/ruishengglassco.com\/#organization"},"potentialAction":[{"@type":"SearchAction","target":{"@type":"EntryPoint","urlTemplate":"https:\/\/ruishengglassco.com\/?s={search_term_string}"},"query-input":"required name=search_term_string"}],"inLanguage":"es"},{"@type":"Organization","@id":"https:\/\/ruishengglassco.com\/#organization","name":"Shandong Yuncheng Ruisheng Glass Co., Ltd","url":"https:\/\/ruishengglassco.com\/","logo":{"@type":"ImageObject","inLanguage":"es","@id":"https:\/\/ruishengglassco.com\/#\/schema\/logo\/image\/","url":"https:\/\/ruishengglassco.com\/wp-content\/uploads\/2023\/09\/ruisheng_logo_icon.webp","contentUrl":"https:\/\/ruishengglassco.com\/wp-content\/uploads\/2023\/09\/ruisheng_logo_icon.webp","width":400,"height":233,"caption":"Shandong Yuncheng Ruisheng Glass Co., Ltd"},"image":{"@id":"https:\/\/ruishengglassco.com\/#\/schema\/logo\/image\/"},"sameAs":["https:\/\/www.facebook.com\/ruishengglassbottles","https:\/\/www.instagram.com\/Ruishengglassbottlewholesales\/","https:\/\/www.youtube.com\/channel\/UCMmbMNGwsL-XrtjfSFLCdVQ"]}]}},"_links":{"self":[{"href":"https:\/\/ruishengglassco.com\/es\/wp-json\/wp\/v2\/product\/4390","targetHints":{"allow":["GET"]}}],"collection":[{"href":"https:\/\/ruishengglassco.com\/es\/wp-json\/wp\/v2\/product"}],"about":[{"href":"https:\/\/ruishengglassco.com\/es\/wp-json\/wp\/v2\/types\/product"}],"replies":[{"embeddable":true,"href":"https:\/\/ruishengglassco.com\/es\/wp-json\/wp\/v2\/comments?post=4390"}],"wp:featuredmedia":[{"embeddable":true,"href":"https:\/\/ruishengglassco.com\/es\/wp-json\/wp\/v2\/media\/4391"}],"wp:attachment":[{"href":"https:\/\/ruishengglassco.com\/es\/wp-json\/wp\/v2\/media?parent=4390"}],"wp:term":[{"taxonomy":"product_cat","embeddable":true,"href":"https:\/\/ruishengglassco.com\/es\/wp-json\/wp\/v2\/product_cat?post=4390"}],"curies":[{"name":"wp","href":"https:\/\/api.w.org\/{rel}","templated":true}]}}