{"id":4386,"date":"2025-03-15T22:33:43","date_gmt":"2025-03-15T14:33:43","guid":{"rendered":"https:\/\/ruishengglassco.com\/?post_type=product&#038;p=4386"},"modified":"2025-07-17T15:12:03","modified_gmt":"2025-07-17T07:12:03","slug":"rs005-botellas-de-vino-de-vidrio-al-por-mayor-con-tapones-de-rosca","status":"publish","type":"product","link":"https:\/\/ruishengglassco.com\/es\/producto\/rs005-botellas-de-vino-de-vidrio-al-por-mayor-con-tapones-de-rosca","title":{"rendered":"RS005 Botellas de vidrio para vino con tap\u00f3n de rosca"},"content":{"rendered":"<h2>Informaci\u00f3n detallada sobre 750ml botellas de vino de vidrio al por mayor<\/h2>\n<p>Esta serie de botellas de vino de cristal es un cl\u00e1sico estilo Borgo\u00f1a de 750 ml. Puede elegir entre tres tipos de tapones: de rosca, de corcho y de guala. Con un b<span class=\"wrapper\">ase a<\/span>Paredes rectas para facilitar el etiquetado. Una gran opci\u00f3n para todas sus bebidas espumosas y carbonatadas favoritas. Esta botella de vidrio transparente utiliza vidrio de alto pedernal. Tiene un aspecto elegante y adem\u00e1s es respetuosa con el medio ambiente. La botella de vidrio verde claro<span class=\"wrapper\">tle<\/span>color favorece la conservaci\u00f3n del vino, evitando su oxidaci\u00f3n y garantizando su sabor.<\/p>\n<p>Como fabricante profesional de botellas de vino, nuestra empresa ofrece el servicio de OEM\/ODM\/botellas de vino personalizadas. Si usted tiene alguna consideraci\u00f3n para su vino b<span class=\"wrapper\">a fabricaci\u00f3n, por favor<\/span>Soy libre de contarlo <span class=\"wrapper\">nuestra venta<\/span>s equipo<\/p>\n<ul>\n<li>Art\u00edculo: Botellas de vino de vidrio de 750 ml al por mayor<\/li>\n<li>Fabricante: Ruisheng Glass Bottle<\/li>\n<li>N\u00famero: RS005<\/li>\n<li>Capacidad: 700ml, 750ml, 1000ml, 2L<\/li>\n<li>Material: Material de vidrio s\u00faper s\u00edlex, Material de vidrio blanco cristalino, Material de vidrio blanco caro<\/li>\n<li>Uso: Botella de vino de cristal<\/li>\n<li>Superficie: Escarcha, calcoman\u00eda, pintura, estampaci\u00f3n en caliente, relieve, impresi\u00f3n, dorado, serigraf\u00eda<\/li>\n<li>Logotipo: Logotipo del cliente aceptable<\/li>\n<li>Muestra:\n<ul>\n<li>Fabricaci\u00f3n de moldes<\/li>\n<li>Libre por moho existente<\/li>\n<li>Como palabras o su dise\u00f1o<\/li>\n<\/ul>\n<\/li>\n<li>Embalaje: Cart\u00f3n est\u00e1ndar de exportaci\u00f3n; o embalaje en palet; embalaje en caja FGC<\/li>\n<li>Plazo de entrega: 20-30 d\u00edas tras la confirmaci\u00f3n del pedido<\/li>\n<\/ul>","protected":false},"excerpt":{"rendered":"<p><span data-preserver-spaces=\"true\">Ruisheng Glass Co., Ltd. es uno de los principales fabricantes de cristaler\u00eda de China. Han estado en el negocio de botellas de vino de vidrio al por mayor durante m\u00e1s de 10 a\u00f1os.\u00a0 <\/span><span data-preserver-spaces=\"true\">Como fabricante y proveedor profesional de botellas de licor de vidrio, nosotros <\/span><span data-preserver-spaces=\"true\">puede proporcionar<\/span><span data-preserver-spaces=\"true\"> a <\/span><span data-preserver-spaces=\"true\">variedad<\/span><span data-preserver-spaces=\"true\"> de botellas de licor para su negocio, <\/span><span data-preserver-spaces=\"true\">como<\/span><span data-preserver-spaces=\"true\"> botellas de vidrio de vino, whisky, brandy, vodka y tequila,\u00a0 <\/span><span data-preserver-spaces=\"true\">etc<\/span><span data-preserver-spaces=\"true\">.<\/span><\/p>\n<p><strong><span data-preserver-spaces=\"true\">Informaci\u00f3n preocupada acerca de 750ml botellas de vino de vidrio al por mayor<\/span><\/strong><\/p>\n<p><strong><span data-preserver-spaces=\"true\">-MOQ: 10000 PCS (Alrededor de 30000 piezas)<\/span><\/strong><\/p>\n<p><span data-preserver-spaces=\"true\">-Se ofrece muestra gratuita. OEM\/ODM Disponible<\/span><\/p>\n<p><span data-preserver-spaces=\"true\">-Entrega gratuita de muestras en un plazo de 7 d\u00edas; entrega de pedidos al por mayor en un plazo de 30 d\u00edas tras la confirmaci\u00f3n del pedido.<\/span><\/p>\n<p><span data-preserver-spaces=\"true\">Si desea obtener<\/span><span data-preserver-spaces=\"true\"> m\u00e1s Informaci\u00f3n sobre botellas de vino de cristal al por mayor, <\/span><span data-preserver-spaces=\"true\">p\u00f3ngase en contacto con nosotros<\/span><span data-preserver-spaces=\"true\"> aqu\u00ed.<\/span><\/p>","protected":false},"featured_media":4387,"comment_status":"closed","ping_status":"closed","template":"","meta":[],"product_cat":[44,40],"class_list":{"0":"post-4386","1":"product","2":"type-product","3":"status-publish","4":"has-post-thumbnail","6":"product_cat-700ml-liquor-bottle-manufacturer","7":"product_cat-750ml-liquor-bottle-manufacturer","9":"first","10":"instock","11":"shipping-taxable","12":"product-type-simple"},"yoast_head":"<!-- This site is optimized with the Yoast SEO plugin v22.0 - https:\/\/yoast.com\/wordpress\/plugins\/seo\/ -->\n<title>Glass Wine Bottles Manufacturer | 750ml Glass Bottles With Screw Caps<\/title>\n<meta name=\"description\" content=\"Ruisheng glass co,ltd, a professional glass bottle manufacturer, provide glass wine bottles wholesale. Click here to get 750ml Glass Bottles With Screw Caps.\" \/>\n<meta name=\"robots\" content=\"index, follow, max-snippet:-1, max-image-preview:large, max-video-preview:-1\" \/>\n<link rel=\"canonical\" href=\"https:\/\/ruishengglassco.com\/es\/producto\/rs005-botellas-de-vino-de-vidrio-al-por-mayor-con-tapones-de-rosca\" \/>\n<meta property=\"og:locale\" content=\"es_ES\" \/>\n<meta property=\"og:type\" content=\"article\" \/>\n<meta property=\"og:title\" content=\"Glass Wine Bottles Manufacturer | 750ml Glass Bottles With Screw Caps\" \/>\n<meta property=\"og:description\" content=\"Ruisheng glass co,ltd, a professional glass bottle manufacturer, provide glass wine bottles wholesale. Click here to get 750ml Glass Bottles With Screw Caps.\" \/>\n<meta property=\"og:url\" content=\"https:\/\/ruishengglassco.com\/es\/producto\/rs005-botellas-de-vino-de-vidrio-al-por-mayor-con-tapones-de-rosca\" \/>\n<meta property=\"article:publisher\" content=\"https:\/\/www.facebook.com\/ruishengglassbottles\" \/>\n<meta property=\"article:modified_time\" content=\"2025-07-17T07:12:03+00:00\" \/>\n<meta property=\"og:image\" content=\"https:\/\/ruishengglassco.com\/wp-content\/uploads\/2025\/03\/RS005-Glass-Wine-Bottles-Wholesale-With-Screw-Caps.webp\" \/>\n\t<meta property=\"og:image:width\" content=\"500\" \/>\n\t<meta property=\"og:image:height\" content=\"500\" \/>\n\t<meta property=\"og:image:type\" content=\"image\/webp\" \/>\n<meta name=\"twitter:card\" content=\"summary_large_image\" \/>\n<meta name=\"twitter:label1\" content=\"Tiempo de lectura\" \/>\n\t<meta name=\"twitter:data1\" content=\"2 minutos\" \/>\n<script type=\"application\/ld+json\" class=\"yoast-schema-graph\">{\"@context\":\"https:\/\/schema.org\",\"@graph\":[{\"@type\":\"WebPage\",\"@id\":\"https:\/\/ruishengglassco.com\/product\/rs005-glass-wine-bottles-wholesale-with-screw-caps\",\"url\":\"https:\/\/ruishengglassco.com\/product\/rs005-glass-wine-bottles-wholesale-with-screw-caps\",\"name\":\"Glass Wine Bottles Manufacturer | 750ml Glass Bottles With Screw Caps\",\"isPartOf\":{\"@id\":\"https:\/\/ruishengglassco.com\/#website\"},\"datePublished\":\"2025-03-15T14:33:43+00:00\",\"dateModified\":\"2025-07-17T07:12:03+00:00\",\"description\":\"Ruisheng glass co,ltd, a professional glass bottle manufacturer, provide glass wine bottles wholesale. Click here to get 750ml Glass Bottles With Screw Caps.\",\"breadcrumb\":{\"@id\":\"https:\/\/ruishengglassco.com\/product\/rs005-glass-wine-bottles-wholesale-with-screw-caps#breadcrumb\"},\"inLanguage\":\"es\",\"potentialAction\":[{\"@type\":\"ReadAction\",\"target\":[\"https:\/\/ruishengglassco.com\/product\/rs005-glass-wine-bottles-wholesale-with-screw-caps\"]}]},{\"@type\":\"BreadcrumbList\",\"@id\":\"https:\/\/ruishengglassco.com\/product\/rs005-glass-wine-bottles-wholesale-with-screw-caps#breadcrumb\",\"itemListElement\":[{\"@type\":\"ListItem\",\"position\":1,\"name\":\"Home\",\"item\":\"https:\/\/ruishengglassco.com\/\"},{\"@type\":\"ListItem\",\"position\":2,\"name\":\"Products\",\"item\":\"https:\/\/ruishengglassco.com\/products\"},{\"@type\":\"ListItem\",\"position\":3,\"name\":\"RS005 Glass Wine Bottles With Screw Caps\"}]},{\"@type\":\"WebSite\",\"@id\":\"https:\/\/ruishengglassco.com\/#website\",\"url\":\"https:\/\/ruishengglassco.com\/\",\"name\":\"Ruisheng Glass\",\"description\":\"\",\"publisher\":{\"@id\":\"https:\/\/ruishengglassco.com\/#organization\"},\"potentialAction\":[{\"@type\":\"SearchAction\",\"target\":{\"@type\":\"EntryPoint\",\"urlTemplate\":\"https:\/\/ruishengglassco.com\/?s={search_term_string}\"},\"query-input\":\"required name=search_term_string\"}],\"inLanguage\":\"es\"},{\"@type\":\"Organization\",\"@id\":\"https:\/\/ruishengglassco.com\/#organization\",\"name\":\"Shandong Yuncheng Ruisheng Glass Co., Ltd\",\"url\":\"https:\/\/ruishengglassco.com\/\",\"logo\":{\"@type\":\"ImageObject\",\"inLanguage\":\"es\",\"@id\":\"https:\/\/ruishengglassco.com\/#\/schema\/logo\/image\/\",\"url\":\"https:\/\/ruishengglassco.com\/wp-content\/uploads\/2023\/09\/ruisheng_logo_icon.webp\",\"contentUrl\":\"https:\/\/ruishengglassco.com\/wp-content\/uploads\/2023\/09\/ruisheng_logo_icon.webp\",\"width\":400,\"height\":233,\"caption\":\"Shandong Yuncheng Ruisheng Glass Co., Ltd\"},\"image\":{\"@id\":\"https:\/\/ruishengglassco.com\/#\/schema\/logo\/image\/\"},\"sameAs\":[\"https:\/\/www.facebook.com\/ruishengglassbottles\",\"https:\/\/www.instagram.com\/Ruishengglassbottlewholesales\/\",\"https:\/\/www.youtube.com\/channel\/UCMmbMNGwsL-XrtjfSFLCdVQ\"]}]}<\/script>\n<!-- \/ Yoast SEO plugin. -->","yoast_head_json":{"title":"Glass Wine Bottles Manufacturer | 750ml Glass Bottles With Screw Caps","description":"Ruisheng glass co,ltd, a professional glass bottle manufacturer, provide glass wine bottles wholesale. Click here to get 750ml Glass Bottles With Screw Caps.","robots":{"index":"index","follow":"follow","max-snippet":"max-snippet:-1","max-image-preview":"max-image-preview:large","max-video-preview":"max-video-preview:-1"},"canonical":"https:\/\/ruishengglassco.com\/es\/producto\/rs005-botellas-de-vino-de-vidrio-al-por-mayor-con-tapones-de-rosca","og_locale":"es_ES","og_type":"article","og_title":"Glass Wine Bottles Manufacturer | 750ml Glass Bottles With Screw Caps","og_description":"Ruisheng glass co,ltd, a professional glass bottle manufacturer, provide glass wine bottles wholesale. Click here to get 750ml Glass Bottles With Screw Caps.","og_url":"https:\/\/ruishengglassco.com\/es\/producto\/rs005-botellas-de-vino-de-vidrio-al-por-mayor-con-tapones-de-rosca","article_publisher":"https:\/\/www.facebook.com\/ruishengglassbottles","article_modified_time":"2025-07-17T07:12:03+00:00","og_image":[{"width":500,"height":500,"url":"https:\/\/ruishengglassco.com\/wp-content\/uploads\/2025\/03\/RS005-Glass-Wine-Bottles-Wholesale-With-Screw-Caps.webp","type":"image\/webp"}],"twitter_card":"summary_large_image","twitter_misc":{"Tiempo de lectura":"2 minutos"},"schema":{"@context":"https:\/\/schema.org","@graph":[{"@type":"WebPage","@id":"https:\/\/ruishengglassco.com\/product\/rs005-glass-wine-bottles-wholesale-with-screw-caps","url":"https:\/\/ruishengglassco.com\/product\/rs005-glass-wine-bottles-wholesale-with-screw-caps","name":"Glass Wine Bottles Manufacturer | 750ml Glass Bottles With Screw Caps","isPartOf":{"@id":"https:\/\/ruishengglassco.com\/#website"},"datePublished":"2025-03-15T14:33:43+00:00","dateModified":"2025-07-17T07:12:03+00:00","description":"Ruisheng glass co,ltd, a professional glass bottle manufacturer, provide glass wine bottles wholesale. Click here to get 750ml Glass Bottles With Screw Caps.","breadcrumb":{"@id":"https:\/\/ruishengglassco.com\/product\/rs005-glass-wine-bottles-wholesale-with-screw-caps#breadcrumb"},"inLanguage":"es","potentialAction":[{"@type":"ReadAction","target":["https:\/\/ruishengglassco.com\/product\/rs005-glass-wine-bottles-wholesale-with-screw-caps"]}]},{"@type":"BreadcrumbList","@id":"https:\/\/ruishengglassco.com\/product\/rs005-glass-wine-bottles-wholesale-with-screw-caps#breadcrumb","itemListElement":[{"@type":"ListItem","position":1,"name":"Home","item":"https:\/\/ruishengglassco.com\/"},{"@type":"ListItem","position":2,"name":"Products","item":"https:\/\/ruishengglassco.com\/products"},{"@type":"ListItem","position":3,"name":"RS005 Glass Wine Bottles With Screw Caps"}]},{"@type":"WebSite","@id":"https:\/\/ruishengglassco.com\/#website","url":"https:\/\/ruishengglassco.com\/","name":"Ruisheng Glass","description":"","publisher":{"@id":"https:\/\/ruishengglassco.com\/#organization"},"potentialAction":[{"@type":"SearchAction","target":{"@type":"EntryPoint","urlTemplate":"https:\/\/ruishengglassco.com\/?s={search_term_string}"},"query-input":"required name=search_term_string"}],"inLanguage":"es"},{"@type":"Organization","@id":"https:\/\/ruishengglassco.com\/#organization","name":"Shandong Yuncheng Ruisheng Glass Co., Ltd","url":"https:\/\/ruishengglassco.com\/","logo":{"@type":"ImageObject","inLanguage":"es","@id":"https:\/\/ruishengglassco.com\/#\/schema\/logo\/image\/","url":"https:\/\/ruishengglassco.com\/wp-content\/uploads\/2023\/09\/ruisheng_logo_icon.webp","contentUrl":"https:\/\/ruishengglassco.com\/wp-content\/uploads\/2023\/09\/ruisheng_logo_icon.webp","width":400,"height":233,"caption":"Shandong Yuncheng Ruisheng Glass Co., Ltd"},"image":{"@id":"https:\/\/ruishengglassco.com\/#\/schema\/logo\/image\/"},"sameAs":["https:\/\/www.facebook.com\/ruishengglassbottles","https:\/\/www.instagram.com\/Ruishengglassbottlewholesales\/","https:\/\/www.youtube.com\/channel\/UCMmbMNGwsL-XrtjfSFLCdVQ"]}]}},"_links":{"self":[{"href":"https:\/\/ruishengglassco.com\/es\/wp-json\/wp\/v2\/product\/4386","targetHints":{"allow":["GET"]}}],"collection":[{"href":"https:\/\/ruishengglassco.com\/es\/wp-json\/wp\/v2\/product"}],"about":[{"href":"https:\/\/ruishengglassco.com\/es\/wp-json\/wp\/v2\/types\/product"}],"replies":[{"embeddable":true,"href":"https:\/\/ruishengglassco.com\/es\/wp-json\/wp\/v2\/comments?post=4386"}],"wp:featuredmedia":[{"embeddable":true,"href":"https:\/\/ruishengglassco.com\/es\/wp-json\/wp\/v2\/media\/4387"}],"wp:attachment":[{"href":"https:\/\/ruishengglassco.com\/es\/wp-json\/wp\/v2\/media?parent=4386"}],"wp:term":[{"taxonomy":"product_cat","embeddable":true,"href":"https:\/\/ruishengglassco.com\/es\/wp-json\/wp\/v2\/product_cat?post=4386"}],"curies":[{"name":"wp","href":"https:\/\/api.w.org\/{rel}","templated":true}]}}