{"id":4384,"date":"2025-03-15T22:32:01","date_gmt":"2025-03-15T14:32:01","guid":{"rendered":"https:\/\/ruishengglassco.com\/?post_type=product&#038;p=4384"},"modified":"2025-07-17T15:10:17","modified_gmt":"2025-07-17T07:10:17","slug":"rs006-botellas-de-vino-a-granel-700ml-750ml","status":"publish","type":"product","link":"https:\/\/ruishengglassco.com\/es\/producto\/rs006-botellas-de-vino-a-granel-700ml-750ml","title":{"rendered":"RS006 Botellas de vino a granel 700ml\/750ml"},"content":{"rendered":"<h2>Detalles sobre Botellas de Vino 75cl al por mayor<\/h2>\n<p>En cuanto a esta serie de botellas de vino a granel para la venta, ofrecemos dos opciones de color: botellas de vino marr\u00f3n y botellas de vino verde. Estos dos colores pueden evitar la oxidaci\u00f3n del vino y garantizar el sabor. Se ofrecer\u00e1n tapones de corcho de madera. Si desea obtener otro tap\u00f3n de botella de vidrio, puede decirle a nuestro vendedor.<\/p>\n<p>Esta botella de vino de cristal de 75 cl pertenece a la cl\u00e1sica botella bordelesa, muy habitual en nuestra vida cotidiana y apreciada por personas de todo el mundo. Esta botella, con un cuello largo y hombros pronunciados, es la forma de botella de vino m\u00e1s utilizada hoy en d\u00eda. Nuestras botellas de vino vac\u00edas est\u00e1n hechas de material de vidrio super flint, lo que hace que nuestras botellas de vino a granel sean claras, hermosas y respetuosas con el medio ambiente.<\/p>\n<ul>\n<li>Art\u00edculo: Botellas de vino a granel de 75 cl con tap\u00f3n de rosca<\/li>\n<li>Fabricante: Ruisheng Glass Bottle<\/li>\n<li>N\u00famero: RS-006<\/li>\n<li>Capacidad: 50 ml, 200 ml, 300 ml, 700 ml, 750 ml, 1.000 ml, 2 l y servicio personalizado de botellas de vino<\/li>\n<li>Tipo de cierre: Tornillo<\/li>\n<li>Material: Material de vidrio s\u00faper s\u00edlex, Material de vidrio blanco cristalino, Material de vidrio blanco caro<\/li>\n<li>Uso: Botella de vino de cristal<\/li>\n<li>Superficie: Escarcha, calcoman\u00eda, pintura, estampaci\u00f3n en caliente, relieve, impresi\u00f3n, dorado, serigraf\u00eda<\/li>\n<li>Logotipo: Logotipo del cliente aceptable<\/li>\n<li>Muestra:\n<ul>\n<li>Fabricaci\u00f3n de moldes<\/li>\n<li>Libre por moho existente<\/li>\n<li>Como palabras o su dise\u00f1o<\/li>\n<\/ul>\n<\/li>\n<li>Embalaje: Cart\u00f3n est\u00e1ndar de exportaci\u00f3n; o embalaje en palet; embalaje en caja FGC<\/li>\n<li>Plazo de entrega: 20-30 d\u00edas tras la confirmaci\u00f3n del pedido<\/li>\n<\/ul>\n<p>Si desea conocer el precio de las botellas de vino a granel, haga clic aqu\u00ed para ponerse en contacto con nosotros.<\/p>","protected":false},"excerpt":{"rendered":"<p data-block-id=\"dcc0282b-1669-45b3-9e92-949d45ba2326\" data-pm-slice=\"1 1 []\">\u00bfQuiere conseguir un precio de botella de vino a granel? Ruisheng Glass ser\u00e1 su primera opci\u00f3n.<\/p>\n<p data-block-id=\"ea1b2683-209c-4993-bd61-1526ac469e7b\">Ruisheng, uno de los principales fabricantes de botellas de vidrio en China, ha estado involucrado en la fabricaci\u00f3n de botellas de vino por m\u00e1s de 10 a\u00f1os. Somos un fabricante profesional de botellas de vino. Ofrecemos servicios de dise\u00f1o y fabricaci\u00f3n para bodegas, empresas vin\u00edcolas y mayoristas de botellas de vidrio.<\/p>\n<p data-block-id=\"bcff84a8-34c6-4ca2-b513-6b49ddb11711\"><strong>-MOQ: 10000 PCS (Alrededor de 30000 piezas)<\/strong><\/p>\n<p data-block-id=\"33a48cb7-3a5d-40f7-beb3-5404d4cf734c\">-Se ofrece muestra gratuita. OEM\/ODM Disponible<\/p>\n<p data-block-id=\"fb563f6a-8231-4114-992e-57b2f26706c1\">-Entrega gratuita de muestras en un plazo de 7 d\u00edas; entrega de pedidos al por mayor en un plazo de 30 d\u00edas tras la confirmaci\u00f3n del pedido.<\/p>","protected":false},"featured_media":4385,"comment_status":"closed","ping_status":"closed","template":"","meta":[],"product_cat":[44,40],"class_list":{"0":"post-4384","1":"product","2":"type-product","3":"status-publish","4":"has-post-thumbnail","6":"product_cat-700ml-liquor-bottle-manufacturer","7":"product_cat-750ml-liquor-bottle-manufacturer","9":"first","10":"instock","11":"shipping-taxable","12":"product-type-simple"},"yoast_head":"<!-- This site is optimized with the Yoast SEO plugin v22.0 - https:\/\/yoast.com\/wordpress\/plugins\/seo\/ -->\n<title>Bulk Wine Bottle Price | 75cl Glass Bottle Manufacturer China<\/title>\n<meta name=\"description\" content=\"Find Bulk Wine Bottle Price At Ruisheng Glass co. ltd. Top 75cl Glass Bottle Manufacturer China, provide Quality assurance glass bottle.\" \/>\n<meta name=\"robots\" content=\"index, follow, max-snippet:-1, max-image-preview:large, max-video-preview:-1\" \/>\n<link rel=\"canonical\" href=\"https:\/\/ruishengglassco.com\/es\/producto\/rs006-botellas-de-vino-a-granel-700ml-750ml\" \/>\n<meta property=\"og:locale\" content=\"es_ES\" \/>\n<meta property=\"og:type\" content=\"article\" \/>\n<meta property=\"og:title\" content=\"Bulk Wine Bottle Price | 75cl Glass Bottle Manufacturer China\" \/>\n<meta property=\"og:description\" content=\"Find Bulk Wine Bottle Price At Ruisheng Glass co. ltd. Top 75cl Glass Bottle Manufacturer China, provide Quality assurance glass bottle.\" \/>\n<meta property=\"og:url\" content=\"https:\/\/ruishengglassco.com\/es\/producto\/rs006-botellas-de-vino-a-granel-700ml-750ml\" \/>\n<meta property=\"article:publisher\" content=\"https:\/\/www.facebook.com\/ruishengglassbottles\" \/>\n<meta property=\"article:modified_time\" content=\"2025-07-17T07:10:17+00:00\" \/>\n<meta property=\"og:image\" content=\"https:\/\/ruishengglassco.com\/wp-content\/uploads\/2025\/03\/RS006-Bulk-Wine-Bottles-700ml-750ml.webp\" \/>\n\t<meta property=\"og:image:width\" content=\"500\" \/>\n\t<meta property=\"og:image:height\" content=\"500\" \/>\n\t<meta property=\"og:image:type\" content=\"image\/webp\" \/>\n<meta name=\"twitter:card\" content=\"summary_large_image\" \/>\n<meta name=\"twitter:label1\" content=\"Tiempo de lectura\" \/>\n\t<meta name=\"twitter:data1\" content=\"2 minutos\" \/>\n<script type=\"application\/ld+json\" class=\"yoast-schema-graph\">{\"@context\":\"https:\/\/schema.org\",\"@graph\":[{\"@type\":\"WebPage\",\"@id\":\"https:\/\/ruishengglassco.com\/product\/rs006-bulk-wine-bottles-700ml-750ml\",\"url\":\"https:\/\/ruishengglassco.com\/product\/rs006-bulk-wine-bottles-700ml-750ml\",\"name\":\"Bulk Wine Bottle Price | 75cl Glass Bottle Manufacturer China\",\"isPartOf\":{\"@id\":\"https:\/\/ruishengglassco.com\/#website\"},\"datePublished\":\"2025-03-15T14:32:01+00:00\",\"dateModified\":\"2025-07-17T07:10:17+00:00\",\"description\":\"Find Bulk Wine Bottle Price At Ruisheng Glass co. ltd. Top 75cl Glass Bottle Manufacturer China, provide Quality assurance glass bottle.\",\"breadcrumb\":{\"@id\":\"https:\/\/ruishengglassco.com\/product\/rs006-bulk-wine-bottles-700ml-750ml#breadcrumb\"},\"inLanguage\":\"es\",\"potentialAction\":[{\"@type\":\"ReadAction\",\"target\":[\"https:\/\/ruishengglassco.com\/product\/rs006-bulk-wine-bottles-700ml-750ml\"]}]},{\"@type\":\"BreadcrumbList\",\"@id\":\"https:\/\/ruishengglassco.com\/product\/rs006-bulk-wine-bottles-700ml-750ml#breadcrumb\",\"itemListElement\":[{\"@type\":\"ListItem\",\"position\":1,\"name\":\"Home\",\"item\":\"https:\/\/ruishengglassco.com\/\"},{\"@type\":\"ListItem\",\"position\":2,\"name\":\"Products\",\"item\":\"https:\/\/ruishengglassco.com\/products\"},{\"@type\":\"ListItem\",\"position\":3,\"name\":\"RS006 Bulk Wine Bottles 700ml\/750ml\"}]},{\"@type\":\"WebSite\",\"@id\":\"https:\/\/ruishengglassco.com\/#website\",\"url\":\"https:\/\/ruishengglassco.com\/\",\"name\":\"Ruisheng Glass\",\"description\":\"\",\"publisher\":{\"@id\":\"https:\/\/ruishengglassco.com\/#organization\"},\"potentialAction\":[{\"@type\":\"SearchAction\",\"target\":{\"@type\":\"EntryPoint\",\"urlTemplate\":\"https:\/\/ruishengglassco.com\/?s={search_term_string}\"},\"query-input\":\"required name=search_term_string\"}],\"inLanguage\":\"es\"},{\"@type\":\"Organization\",\"@id\":\"https:\/\/ruishengglassco.com\/#organization\",\"name\":\"Shandong Yuncheng Ruisheng Glass Co., Ltd\",\"url\":\"https:\/\/ruishengglassco.com\/\",\"logo\":{\"@type\":\"ImageObject\",\"inLanguage\":\"es\",\"@id\":\"https:\/\/ruishengglassco.com\/#\/schema\/logo\/image\/\",\"url\":\"https:\/\/ruishengglassco.com\/wp-content\/uploads\/2023\/09\/ruisheng_logo_icon.webp\",\"contentUrl\":\"https:\/\/ruishengglassco.com\/wp-content\/uploads\/2023\/09\/ruisheng_logo_icon.webp\",\"width\":400,\"height\":233,\"caption\":\"Shandong Yuncheng Ruisheng Glass Co., Ltd\"},\"image\":{\"@id\":\"https:\/\/ruishengglassco.com\/#\/schema\/logo\/image\/\"},\"sameAs\":[\"https:\/\/www.facebook.com\/ruishengglassbottles\",\"https:\/\/www.instagram.com\/Ruishengglassbottlewholesales\/\",\"https:\/\/www.youtube.com\/channel\/UCMmbMNGwsL-XrtjfSFLCdVQ\"]}]}<\/script>\n<!-- \/ Yoast SEO plugin. -->","yoast_head_json":{"title":"Bulk Wine Bottle Price | 75cl Glass Bottle Manufacturer China","description":"Find Bulk Wine Bottle Price At Ruisheng Glass co. ltd. Top 75cl Glass Bottle Manufacturer China, provide Quality assurance glass bottle.","robots":{"index":"index","follow":"follow","max-snippet":"max-snippet:-1","max-image-preview":"max-image-preview:large","max-video-preview":"max-video-preview:-1"},"canonical":"https:\/\/ruishengglassco.com\/es\/producto\/rs006-botellas-de-vino-a-granel-700ml-750ml","og_locale":"es_ES","og_type":"article","og_title":"Bulk Wine Bottle Price | 75cl Glass Bottle Manufacturer China","og_description":"Find Bulk Wine Bottle Price At Ruisheng Glass co. ltd. Top 75cl Glass Bottle Manufacturer China, provide Quality assurance glass bottle.","og_url":"https:\/\/ruishengglassco.com\/es\/producto\/rs006-botellas-de-vino-a-granel-700ml-750ml","article_publisher":"https:\/\/www.facebook.com\/ruishengglassbottles","article_modified_time":"2025-07-17T07:10:17+00:00","og_image":[{"width":500,"height":500,"url":"https:\/\/ruishengglassco.com\/wp-content\/uploads\/2025\/03\/RS006-Bulk-Wine-Bottles-700ml-750ml.webp","type":"image\/webp"}],"twitter_card":"summary_large_image","twitter_misc":{"Tiempo de lectura":"2 minutos"},"schema":{"@context":"https:\/\/schema.org","@graph":[{"@type":"WebPage","@id":"https:\/\/ruishengglassco.com\/product\/rs006-bulk-wine-bottles-700ml-750ml","url":"https:\/\/ruishengglassco.com\/product\/rs006-bulk-wine-bottles-700ml-750ml","name":"Bulk Wine Bottle Price | 75cl Glass Bottle Manufacturer China","isPartOf":{"@id":"https:\/\/ruishengglassco.com\/#website"},"datePublished":"2025-03-15T14:32:01+00:00","dateModified":"2025-07-17T07:10:17+00:00","description":"Find Bulk Wine Bottle Price At Ruisheng Glass co. ltd. Top 75cl Glass Bottle Manufacturer China, provide Quality assurance glass bottle.","breadcrumb":{"@id":"https:\/\/ruishengglassco.com\/product\/rs006-bulk-wine-bottles-700ml-750ml#breadcrumb"},"inLanguage":"es","potentialAction":[{"@type":"ReadAction","target":["https:\/\/ruishengglassco.com\/product\/rs006-bulk-wine-bottles-700ml-750ml"]}]},{"@type":"BreadcrumbList","@id":"https:\/\/ruishengglassco.com\/product\/rs006-bulk-wine-bottles-700ml-750ml#breadcrumb","itemListElement":[{"@type":"ListItem","position":1,"name":"Home","item":"https:\/\/ruishengglassco.com\/"},{"@type":"ListItem","position":2,"name":"Products","item":"https:\/\/ruishengglassco.com\/products"},{"@type":"ListItem","position":3,"name":"RS006 Bulk Wine Bottles 700ml\/750ml"}]},{"@type":"WebSite","@id":"https:\/\/ruishengglassco.com\/#website","url":"https:\/\/ruishengglassco.com\/","name":"Ruisheng Glass","description":"","publisher":{"@id":"https:\/\/ruishengglassco.com\/#organization"},"potentialAction":[{"@type":"SearchAction","target":{"@type":"EntryPoint","urlTemplate":"https:\/\/ruishengglassco.com\/?s={search_term_string}"},"query-input":"required name=search_term_string"}],"inLanguage":"es"},{"@type":"Organization","@id":"https:\/\/ruishengglassco.com\/#organization","name":"Shandong Yuncheng Ruisheng Glass Co., Ltd","url":"https:\/\/ruishengglassco.com\/","logo":{"@type":"ImageObject","inLanguage":"es","@id":"https:\/\/ruishengglassco.com\/#\/schema\/logo\/image\/","url":"https:\/\/ruishengglassco.com\/wp-content\/uploads\/2023\/09\/ruisheng_logo_icon.webp","contentUrl":"https:\/\/ruishengglassco.com\/wp-content\/uploads\/2023\/09\/ruisheng_logo_icon.webp","width":400,"height":233,"caption":"Shandong Yuncheng Ruisheng Glass Co., Ltd"},"image":{"@id":"https:\/\/ruishengglassco.com\/#\/schema\/logo\/image\/"},"sameAs":["https:\/\/www.facebook.com\/ruishengglassbottles","https:\/\/www.instagram.com\/Ruishengglassbottlewholesales\/","https:\/\/www.youtube.com\/channel\/UCMmbMNGwsL-XrtjfSFLCdVQ"]}]}},"_links":{"self":[{"href":"https:\/\/ruishengglassco.com\/es\/wp-json\/wp\/v2\/product\/4384","targetHints":{"allow":["GET"]}}],"collection":[{"href":"https:\/\/ruishengglassco.com\/es\/wp-json\/wp\/v2\/product"}],"about":[{"href":"https:\/\/ruishengglassco.com\/es\/wp-json\/wp\/v2\/types\/product"}],"replies":[{"embeddable":true,"href":"https:\/\/ruishengglassco.com\/es\/wp-json\/wp\/v2\/comments?post=4384"}],"wp:featuredmedia":[{"embeddable":true,"href":"https:\/\/ruishengglassco.com\/es\/wp-json\/wp\/v2\/media\/4385"}],"wp:attachment":[{"href":"https:\/\/ruishengglassco.com\/es\/wp-json\/wp\/v2\/media?parent=4384"}],"wp:term":[{"taxonomy":"product_cat","embeddable":true,"href":"https:\/\/ruishengglassco.com\/es\/wp-json\/wp\/v2\/product_cat?post=4384"}],"curies":[{"name":"wp","href":"https:\/\/api.w.org\/{rel}","templated":true}]}}