{"id":4382,"date":"2025-03-15T22:29:44","date_gmt":"2025-03-15T14:29:44","guid":{"rendered":"https:\/\/ruishengglassco.com\/?post_type=product&#038;p=4382"},"modified":"2025-07-17T15:09:29","modified_gmt":"2025-07-17T07:09:29","slug":"rs007-botella-borgona-750ml-proveedor-de-botellas-de-vino","status":"publish","type":"product","link":"https:\/\/ruishengglassco.com\/es\/producto\/rs007-botella-borgona-750ml-proveedor-de-botellas-de-vino","title":{"rendered":"RS007: 750ml Botella Borgo\u00f1a Proveedor de Botellas de Vino"},"content":{"rendered":"<h2>Informaci\u00f3n detallada sobre las botellas de vino vac\u00edas de 750 ml al por mayor<\/h2>\n<p><span data-preserver-spaces=\"true\">Esta serie de botellas de borgo\u00f1a de 750 ml <\/span><span data-preserver-spaces=\"true\">tiene<\/span><span data-preserver-spaces=\"true\"> un cuello largo y distintivos hombros ca\u00eddos, <\/span><span data-preserver-spaces=\"true\">que hace que<\/span><span data-preserver-spaces=\"true\"> muy f\u00e1cil de fabricar para los vidrieros.<\/span><span data-preserver-spaces=\"true\"> El volumen est\u00e1ndar de esta botella es de 750 ml, que es el volumen medio de exhalaci\u00f3n de los pulmones humanos.<\/span><\/p>\n<p><span data-preserver-spaces=\"true\">Nuestras botellas de vino vac\u00edas de 750 ml <\/span><span data-preserver-spaces=\"true\">venta al por mayor<\/span> <span data-preserver-spaces=\"true\">se hacen<\/span><span data-preserver-spaces=\"true\"> sin plomo <\/span><span data-preserver-spaces=\"true\">superpedernal<\/span><span data-preserver-spaces=\"true\"> lo que hace que nuestras botellas de vidrio sean transparentes, bonitas y respetuosas con el medio ambiente.<\/span><span data-preserver-spaces=\"true\"> Como fabricante y proveedor profesional de botellas de vino, ofrecemos servicios OEM\/ODM\/personalizados de botellas de vidrio para nuestros clientes.<\/span><\/p>\n<ul>\n<li><span data-preserver-spaces=\"true\">Art\u00edculo: Botella de vino de Borgo\u00f1a de 750 ml<\/span><\/li>\n<li><span data-preserver-spaces=\"true\">Fabricante: Ruisheng Glass Bottle<\/span><\/li>\n<li><span data-preserver-spaces=\"true\">N\u00famero RS007<\/span><\/li>\n<li><span data-preserver-spaces=\"true\">Capacidad: 500ml,700ml, 750ml, 1000ml, 2L o servicio personalizado<\/span><\/li>\n<li><span data-preserver-spaces=\"true\">Material: Material de vidrio s\u00faper s\u00edlex, Material de vidrio blanco cristalino, Material de vidrio blanco caro<\/span><\/li>\n<li><span data-preserver-spaces=\"true\">Uso: Botella de vino de cristal<\/span><\/li>\n<li><span data-preserver-spaces=\"true\">Superficie: Escarcha, calcoman\u00eda, pintura, estampaci\u00f3n en caliente, relieve, impresi\u00f3n, dorado, serigraf\u00eda<\/span><\/li>\n<li><span data-preserver-spaces=\"true\">Logotipo: Logotipo del cliente aceptable<\/span><\/li>\n<li><span data-preserver-spaces=\"true\">Muestra:<\/span>\n<ul>\n<li><span data-preserver-spaces=\"true\">Fabricaci\u00f3n de moldes<\/span><\/li>\n<li><span data-preserver-spaces=\"true\">Libre de moho existente<\/span><\/li>\n<li><span data-preserver-spaces=\"true\">Como palabras o su dise\u00f1o<\/span><\/li>\n<\/ul>\n<\/li>\n<li><span data-preserver-spaces=\"true\">Embalaje: Cart\u00f3n est\u00e1ndar de exportaci\u00f3n, o embalaje en palet, embalaje en caja FGC.<\/span><\/li>\n<li><span data-preserver-spaces=\"true\">Plazo de entrega: 20-30 d\u00edas tras la confirmaci\u00f3n del pedido<\/span><\/li>\n<\/ul>","protected":false},"excerpt":{"rendered":"<p><span data-preserver-spaces=\"true\">Ruisheng es uno de los principales fabricantes de botellas de vino. Ofrecen botellas de vino vac\u00edas de alta calidad a precios al por mayor. Entre sus clientes se encuentran bodegas, empresas vin\u00edcolas, empresas de envasado de bebidas, mayoristas de botellas de vidrio, etc.<\/span><\/p>\n<p><span data-preserver-spaces=\"true\">La botella de vino que aparece en la foto es una Botella de Borgo\u00f1a, que es una de las botellas de vidrio cl\u00e1sicas para vino tinto. Y la m\u00e1s utilizada para Chardonnay, Sauvignon Blanc y Pinot Noir.  Aqu\u00ed tiene informaci\u00f3n sobre pedidos de botellas de vino vac\u00edas al por mayor:<\/span><\/p>\n<p><strong><span data-preserver-spaces=\"true\">-MOQ: 10000 PCS (Alrededor de 10000-20000pcs)<\/span><\/strong><\/p>\n<p><span data-preserver-spaces=\"true\">-Servicio personalizado con oferta de muestras gratuitas<\/span><\/p>\n<p><span data-preserver-spaces=\"true\">-Env\u00edo global+entrega en 30 d\u00edas<\/span><\/p>\n<p><span data-preserver-spaces=\"true\">Si usted <\/span><span data-preserver-spaces=\"true\">quiere empezar<\/span><span data-preserver-spaces=\"true\"> su empresa <\/span><span data-preserver-spaces=\"true\">para<\/span><span data-preserver-spaces=\"true\"> Botellas de vino vac\u00edas de 750 ml al por mayor, p\u00f3ngase en contacto con nosotros ahora.<\/span><\/p>","protected":false},"featured_media":4383,"comment_status":"closed","ping_status":"closed","template":"","meta":[],"product_brand":[],"product_cat":[40],"class_list":{"0":"post-4382","1":"product","2":"type-product","3":"status-publish","4":"has-post-thumbnail","6":"product_cat-750ml-liquor-bottle-manufacturer","8":"first","9":"instock","10":"shipping-taxable","11":"product-type-simple"},"yoast_head":"<!-- This site is optimized with the Yoast SEO plugin v27.5 - https:\/\/yoast.com\/product\/yoast-seo-wordpress\/ -->\n<title>Empty Wine Bottles Wholesale | Burgundy Bottle Supplier China<\/title>\n<meta name=\"description\" content=\"Ruisheng, one of the leading Burgundy Bottle manufacturers and suppliers in China, provide empty wine bottles wholesale at cheap price.\" \/>\n<meta name=\"robots\" content=\"index, follow, max-snippet:-1, max-image-preview:large, max-video-preview:-1\" \/>\n<link rel=\"canonical\" href=\"https:\/\/ruishengglassco.com\/es\/producto\/rs007-botella-borgona-750ml-proveedor-de-botellas-de-vino\" \/>\n<meta property=\"og:locale\" content=\"es_ES\" \/>\n<meta property=\"og:type\" content=\"article\" \/>\n<meta property=\"og:title\" content=\"Empty Wine Bottles Wholesale | Burgundy Bottle Supplier China\" \/>\n<meta property=\"og:description\" content=\"Ruisheng, one of the leading Burgundy Bottle manufacturers and suppliers in China, provide empty wine bottles wholesale at cheap price.\" \/>\n<meta property=\"og:url\" content=\"https:\/\/ruishengglassco.com\/es\/producto\/rs007-botella-borgona-750ml-proveedor-de-botellas-de-vino\" \/>\n<meta property=\"article:publisher\" content=\"https:\/\/www.facebook.com\/ruishengglassbottles\" \/>\n<meta property=\"article:modified_time\" content=\"2025-07-17T07:09:29+00:00\" \/>\n<meta property=\"og:image\" content=\"https:\/\/ruishengglassco.com\/wp-content\/uploads\/2025\/03\/RS007-750ml-Burgundy-Bottle-Wine-Bottle-Supplier.webp\" \/>\n\t<meta property=\"og:image:width\" content=\"400\" \/>\n\t<meta property=\"og:image:height\" content=\"400\" \/>\n\t<meta property=\"og:image:type\" content=\"image\/webp\" \/>\n<meta name=\"twitter:card\" content=\"summary_large_image\" \/>\n<meta name=\"twitter:label1\" content=\"Tiempo de lectura\" \/>\n\t<meta name=\"twitter:data1\" content=\"1 minuto\" \/>\n<script type=\"application\/ld+json\" class=\"yoast-schema-graph\">{\"@context\":\"https:\\\/\\\/schema.org\",\"@graph\":[{\"@type\":\"WebPage\",\"@id\":\"https:\\\/\\\/ruishengglassco.com\\\/product\\\/rs007-750ml-burgundy-bottle-wine-bottle-supplier\",\"url\":\"https:\\\/\\\/ruishengglassco.com\\\/product\\\/rs007-750ml-burgundy-bottle-wine-bottle-supplier\",\"name\":\"Empty Wine Bottles Wholesale | Burgundy Bottle Supplier China\",\"isPartOf\":{\"@id\":\"https:\\\/\\\/ruishengglassco.com\\\/#website\"},\"primaryImageOfPage\":{\"@id\":\"https:\\\/\\\/ruishengglassco.com\\\/product\\\/rs007-750ml-burgundy-bottle-wine-bottle-supplier#primaryimage\"},\"image\":{\"@id\":\"https:\\\/\\\/ruishengglassco.com\\\/product\\\/rs007-750ml-burgundy-bottle-wine-bottle-supplier#primaryimage\"},\"thumbnailUrl\":\"https:\\\/\\\/ruishengglassco.com\\\/wp-content\\\/uploads\\\/2025\\\/03\\\/RS007-750ml-Burgundy-Bottle-Wine-Bottle-Supplier.webp\",\"datePublished\":\"2025-03-15T14:29:44+00:00\",\"dateModified\":\"2025-07-17T07:09:29+00:00\",\"description\":\"Ruisheng, one of the leading Burgundy Bottle manufacturers and suppliers in China, provide empty wine bottles wholesale at cheap price.\",\"breadcrumb\":{\"@id\":\"https:\\\/\\\/ruishengglassco.com\\\/product\\\/rs007-750ml-burgundy-bottle-wine-bottle-supplier#breadcrumb\"},\"inLanguage\":\"es\",\"potentialAction\":[{\"@type\":\"ReadAction\",\"target\":[\"https:\\\/\\\/ruishengglassco.com\\\/product\\\/rs007-750ml-burgundy-bottle-wine-bottle-supplier\"]}]},{\"@type\":\"ImageObject\",\"inLanguage\":\"es\",\"@id\":\"https:\\\/\\\/ruishengglassco.com\\\/product\\\/rs007-750ml-burgundy-bottle-wine-bottle-supplier#primaryimage\",\"url\":\"https:\\\/\\\/ruishengglassco.com\\\/wp-content\\\/uploads\\\/2025\\\/03\\\/RS007-750ml-Burgundy-Bottle-Wine-Bottle-Supplier.webp\",\"contentUrl\":\"https:\\\/\\\/ruishengglassco.com\\\/wp-content\\\/uploads\\\/2025\\\/03\\\/RS007-750ml-Burgundy-Bottle-Wine-Bottle-Supplier.webp\",\"width\":400,\"height\":400,\"caption\":\"RS007: 750ml Burgundy Bottle Wine Bottle Supplier\"},{\"@type\":\"BreadcrumbList\",\"@id\":\"https:\\\/\\\/ruishengglassco.com\\\/product\\\/rs007-750ml-burgundy-bottle-wine-bottle-supplier#breadcrumb\",\"itemListElement\":[{\"@type\":\"ListItem\",\"position\":1,\"name\":\"Home\",\"item\":\"https:\\\/\\\/ruishengglassco.com\\\/\"},{\"@type\":\"ListItem\",\"position\":2,\"name\":\"Products\",\"item\":\"https:\\\/\\\/ruishengglassco.com\\\/products\"},{\"@type\":\"ListItem\",\"position\":3,\"name\":\"RS007: 750ml Burgundy Bottle Wine Bottle Supplier\"}]},{\"@type\":\"WebSite\",\"@id\":\"https:\\\/\\\/ruishengglassco.com\\\/#website\",\"url\":\"https:\\\/\\\/ruishengglassco.com\\\/\",\"name\":\"Ruisheng Glass\",\"description\":\"\",\"publisher\":{\"@id\":\"https:\\\/\\\/ruishengglassco.com\\\/#organization\"},\"potentialAction\":[{\"@type\":\"SearchAction\",\"target\":{\"@type\":\"EntryPoint\",\"urlTemplate\":\"https:\\\/\\\/ruishengglassco.com\\\/?s={search_term_string}\"},\"query-input\":{\"@type\":\"PropertyValueSpecification\",\"valueRequired\":true,\"valueName\":\"search_term_string\"}}],\"inLanguage\":\"es\"},{\"@type\":\"Organization\",\"@id\":\"https:\\\/\\\/ruishengglassco.com\\\/#organization\",\"name\":\"Shandong Yuncheng Ruisheng Glass Co., Ltd\",\"url\":\"https:\\\/\\\/ruishengglassco.com\\\/\",\"logo\":{\"@type\":\"ImageObject\",\"inLanguage\":\"es\",\"@id\":\"https:\\\/\\\/ruishengglassco.com\\\/#\\\/schema\\\/logo\\\/image\\\/\",\"url\":\"https:\\\/\\\/ruishengglassco.com\\\/wp-content\\\/uploads\\\/2023\\\/09\\\/ruisheng_logo_icon.webp\",\"contentUrl\":\"https:\\\/\\\/ruishengglassco.com\\\/wp-content\\\/uploads\\\/2023\\\/09\\\/ruisheng_logo_icon.webp\",\"width\":400,\"height\":233,\"caption\":\"Shandong Yuncheng Ruisheng Glass Co., Ltd\"},\"image\":{\"@id\":\"https:\\\/\\\/ruishengglassco.com\\\/#\\\/schema\\\/logo\\\/image\\\/\"},\"sameAs\":[\"https:\\\/\\\/www.facebook.com\\\/ruishengglassbottles\",\"https:\\\/\\\/www.instagram.com\\\/Ruishengglassbottlewholesales\\\/\",\"https:\\\/\\\/www.youtube.com\\\/channel\\\/UCMmbMNGwsL-XrtjfSFLCdVQ\"]}]}<\/script>\n<!-- \/ Yoast SEO plugin. -->","yoast_head_json":{"title":"Botellas de Vino Vac\u00edas al por mayor | Botella de Borgo\u00f1a Proveedor China","description":"Ruisheng, uno de los principales fabricantes de botellas de Borgo\u00f1a y proveedores en China, ofrecer botellas de vino vac\u00edas al por mayor a precio barato.","robots":{"index":"index","follow":"follow","max-snippet":"max-snippet:-1","max-image-preview":"max-image-preview:large","max-video-preview":"max-video-preview:-1"},"canonical":"https:\/\/ruishengglassco.com\/es\/producto\/rs007-botella-borgona-750ml-proveedor-de-botellas-de-vino","og_locale":"es_ES","og_type":"article","og_title":"Empty Wine Bottles Wholesale | Burgundy Bottle Supplier China","og_description":"Ruisheng, one of the leading Burgundy Bottle manufacturers and suppliers in China, provide empty wine bottles wholesale at cheap price.","og_url":"https:\/\/ruishengglassco.com\/es\/producto\/rs007-botella-borgona-750ml-proveedor-de-botellas-de-vino","article_publisher":"https:\/\/www.facebook.com\/ruishengglassbottles","article_modified_time":"2025-07-17T07:09:29+00:00","og_image":[{"width":400,"height":400,"url":"https:\/\/ruishengglassco.com\/wp-content\/uploads\/2025\/03\/RS007-750ml-Burgundy-Bottle-Wine-Bottle-Supplier.webp","type":"image\/webp"}],"twitter_card":"summary_large_image","twitter_misc":{"Tiempo de lectura":"1 minuto"},"schema":{"@context":"https:\/\/schema.org","@graph":[{"@type":"WebPage","@id":"https:\/\/ruishengglassco.com\/product\/rs007-750ml-burgundy-bottle-wine-bottle-supplier","url":"https:\/\/ruishengglassco.com\/product\/rs007-750ml-burgundy-bottle-wine-bottle-supplier","name":"Botellas de Vino Vac\u00edas al por mayor | Botella de Borgo\u00f1a Proveedor China","isPartOf":{"@id":"https:\/\/ruishengglassco.com\/#website"},"primaryImageOfPage":{"@id":"https:\/\/ruishengglassco.com\/product\/rs007-750ml-burgundy-bottle-wine-bottle-supplier#primaryimage"},"image":{"@id":"https:\/\/ruishengglassco.com\/product\/rs007-750ml-burgundy-bottle-wine-bottle-supplier#primaryimage"},"thumbnailUrl":"https:\/\/ruishengglassco.com\/wp-content\/uploads\/2025\/03\/RS007-750ml-Burgundy-Bottle-Wine-Bottle-Supplier.webp","datePublished":"2025-03-15T14:29:44+00:00","dateModified":"2025-07-17T07:09:29+00:00","description":"Ruisheng, uno de los principales fabricantes de botellas de Borgo\u00f1a y proveedores en China, ofrecer botellas de vino vac\u00edas al por mayor a precio barato.","breadcrumb":{"@id":"https:\/\/ruishengglassco.com\/product\/rs007-750ml-burgundy-bottle-wine-bottle-supplier#breadcrumb"},"inLanguage":"es","potentialAction":[{"@type":"ReadAction","target":["https:\/\/ruishengglassco.com\/product\/rs007-750ml-burgundy-bottle-wine-bottle-supplier"]}]},{"@type":"ImageObject","inLanguage":"es","@id":"https:\/\/ruishengglassco.com\/product\/rs007-750ml-burgundy-bottle-wine-bottle-supplier#primaryimage","url":"https:\/\/ruishengglassco.com\/wp-content\/uploads\/2025\/03\/RS007-750ml-Burgundy-Bottle-Wine-Bottle-Supplier.webp","contentUrl":"https:\/\/ruishengglassco.com\/wp-content\/uploads\/2025\/03\/RS007-750ml-Burgundy-Bottle-Wine-Bottle-Supplier.webp","width":400,"height":400,"caption":"RS007: 750ml Burgundy Bottle Wine Bottle Supplier"},{"@type":"BreadcrumbList","@id":"https:\/\/ruishengglassco.com\/product\/rs007-750ml-burgundy-bottle-wine-bottle-supplier#breadcrumb","itemListElement":[{"@type":"ListItem","position":1,"name":"Home","item":"https:\/\/ruishengglassco.com\/"},{"@type":"ListItem","position":2,"name":"Products","item":"https:\/\/ruishengglassco.com\/products"},{"@type":"ListItem","position":3,"name":"RS007: 750ml Burgundy Bottle Wine Bottle Supplier"}]},{"@type":"WebSite","@id":"https:\/\/ruishengglassco.com\/#website","url":"https:\/\/ruishengglassco.com\/","name":"Vidrio Ruisheng","description":"","publisher":{"@id":"https:\/\/ruishengglassco.com\/#organization"},"potentialAction":[{"@type":"SearchAction","target":{"@type":"EntryPoint","urlTemplate":"https:\/\/ruishengglassco.com\/?s={search_term_string}"},"query-input":{"@type":"PropertyValueSpecification","valueRequired":true,"valueName":"search_term_string"}}],"inLanguage":"es"},{"@type":"Organization","@id":"https:\/\/ruishengglassco.com\/#organization","name":"Shandong Yuncheng Ruisheng Glass Co., Ltd","url":"https:\/\/ruishengglassco.com\/","logo":{"@type":"ImageObject","inLanguage":"es","@id":"https:\/\/ruishengglassco.com\/#\/schema\/logo\/image\/","url":"https:\/\/ruishengglassco.com\/wp-content\/uploads\/2023\/09\/ruisheng_logo_icon.webp","contentUrl":"https:\/\/ruishengglassco.com\/wp-content\/uploads\/2023\/09\/ruisheng_logo_icon.webp","width":400,"height":233,"caption":"Shandong Yuncheng Ruisheng Glass Co., Ltd"},"image":{"@id":"https:\/\/ruishengglassco.com\/#\/schema\/logo\/image\/"},"sameAs":["https:\/\/www.facebook.com\/ruishengglassbottles","https:\/\/www.instagram.com\/Ruishengglassbottlewholesales\/","https:\/\/www.youtube.com\/channel\/UCMmbMNGwsL-XrtjfSFLCdVQ"]}]}},"_links":{"self":[{"href":"https:\/\/ruishengglassco.com\/es\/wp-json\/wp\/v2\/product\/4382","targetHints":{"allow":["GET"]}}],"collection":[{"href":"https:\/\/ruishengglassco.com\/es\/wp-json\/wp\/v2\/product"}],"about":[{"href":"https:\/\/ruishengglassco.com\/es\/wp-json\/wp\/v2\/types\/product"}],"replies":[{"embeddable":true,"href":"https:\/\/ruishengglassco.com\/es\/wp-json\/wp\/v2\/comments?post=4382"}],"wp:featuredmedia":[{"embeddable":true,"href":"https:\/\/ruishengglassco.com\/es\/wp-json\/wp\/v2\/media\/4383"}],"wp:attachment":[{"href":"https:\/\/ruishengglassco.com\/es\/wp-json\/wp\/v2\/media?parent=4382"}],"wp:term":[{"taxonomy":"product_brand","embeddable":true,"href":"https:\/\/ruishengglassco.com\/es\/wp-json\/wp\/v2\/product_brand?post=4382"},{"taxonomy":"product_cat","embeddable":true,"href":"https:\/\/ruishengglassco.com\/es\/wp-json\/wp\/v2\/product_cat?post=4382"}],"curies":[{"name":"wp","href":"https:\/\/api.w.org\/{rel}","templated":true}]}}