{"id":4378,"date":"2025-03-15T22:18:47","date_gmt":"2025-03-15T14:18:47","guid":{"rendered":"https:\/\/ruishengglassco.com\/?post_type=product&#038;p=4378"},"modified":"2025-07-17T15:05:29","modified_gmt":"2025-07-17T07:05:29","slug":"rs009-standard-750ml-bordeaux-glass-wine-bottle-quotes","status":"publish","type":"product","link":"https:\/\/ruishengglassco.com\/es\/producto\/rs009-standard-750ml-bordeaux-glass-wine-bottle-quotes","title":{"rendered":"RS009 Est\u00e1ndar 750ml Bordeaux Botella de Vino de Vidrio Citas"},"content":{"rendered":"<h2>Informaci\u00f3n detallada sobre Botella bordelesa est\u00e1ndar de 750 ml al por mayor<\/h2>\n<ul>\n<li><span data-preserver-spaces=\"true\">Art\u00edculo: Botella bordelesa est\u00e1ndar de 750 ml<\/span><\/li>\n<li><span data-preserver-spaces=\"true\">Fabricante: Ruisheng Glass Bottle<\/span><\/li>\n<li><span data-preserver-spaces=\"true\">N\u00famero: RS009<\/span><\/li>\n<li><span data-preserver-spaces=\"true\">Capacidad: 50 ml, 200 ml, 300 ml, 700 ml, 750 ml, 1.000 ml, 2 l y servicio personalizado de botellas de vino<\/span><\/li>\n<li><span data-preserver-spaces=\"true\">Tipo de cierre: Tornillo<\/span><\/li>\n<li><span data-preserver-spaces=\"true\">Material: Material de vidrio s\u00faper s\u00edlex, Material de vidrio blanco cristalino, Material de vidrio blanco caro<\/span><\/li>\n<li><span data-preserver-spaces=\"true\">Uso: Botella de vino de cristal<\/span><\/li>\n<li><span data-preserver-spaces=\"true\">Superficie: Escarcha, calcoman\u00eda, pintura, estampaci\u00f3n en caliente, relieve, impresi\u00f3n, dorado, serigraf\u00eda<\/span><\/li>\n<li><span data-preserver-spaces=\"true\">Logotipo: Logotipo del cliente aceptable<\/span><\/li>\n<li><span data-preserver-spaces=\"true\">Muestra:<\/span>\n<ul>\n<li><span data-preserver-spaces=\"true\">Fabricaci\u00f3n de moldes<\/span><\/li>\n<li><span data-preserver-spaces=\"true\">Libre de moho existente<\/span><\/li>\n<li><span data-preserver-spaces=\"true\">Como palabras o su dise\u00f1o<\/span><\/li>\n<\/ul>\n<\/li>\n<li style=\"list-style-type: none;\">\n<ul>\n<li><span data-preserver-spaces=\"true\">Embalaje: Cart\u00f3n est\u00e1ndar de exportaci\u00f3n, o embalaje en palet, embalaje en caja FGC.<\/span><\/li>\n<li><span data-preserver-spaces=\"true\">Plazo de entrega: 20-30 d\u00edas tras la confirmaci\u00f3n del pedido<\/span><\/li>\n<\/ul>\n<\/li>\n<\/ul>\n<p><img decoding=\"async\" class=\"aligncenter wp-image-1556 size-full\" src=\"https:\/\/glassbottlewholesale.com\/wp-content\/uploads\/2019\/11\/custom-glass-bottle-manufacturing.png\" alt=\"proceso de fabricaci\u00f3n de botellas de vidrio\" width=\"863\" height=\"881\" \/><\/p>\n<p>Somos fabricantes profesionales de botellas bordelesas est\u00e1ndar. Nuestra empresa ofrece servicios de OEM, ODM y botellas de vidrio personalizadas. Puede elegir entre los moldes gratuitos disponibles en nuestra empresa, o puede enviarnos bocetos de dise\u00f1o o fotos.<\/p>\n<p>Si desea obtener m\u00e1s informaci\u00f3n acerca de Botella bordelesa est\u00e1ndar al por mayor, p\u00f3ngase en contacto con nosotros aqu\u00ed.<\/p>","protected":false},"excerpt":{"rendered":"<p><span data-preserver-spaces=\"true\">\u00bfQuiere comprar botellas de vino a granel? <\/span><span data-preserver-spaces=\"true\">Aqu\u00ed, nuestras botellas de vino est\u00e1ndar de 750 ml al por mayor <\/span><span data-preserver-spaces=\"true\">se<\/span><span data-preserver-spaces=\"true\"> satisfacer sus necesidades<\/span><span data-preserver-spaces=\"true\">\u00a1s!<\/span><\/p>\n<p><span data-preserver-spaces=\"true\">Como fabricante profesional de botellas de vidrio de Burdeos, Ruisheng Glass. Se ha centrado en el dise\u00f1o y fabricaci\u00f3n de botellas de vino durante m\u00e1s de 10 a\u00f1os. <\/span><span data-preserver-spaces=\"true\">Adem\u00e1s de<\/span><span data-preserver-spaces=\"true\">Nosotros <\/span><span data-preserver-spaces=\"true\">proporcionar<\/span><span data-preserver-spaces=\"true\"> OEM\/ODM\/botella de vidrio personalizada <\/span><span data-preserver-spaces=\"true\">servicio para<\/span><span data-preserver-spaces=\"true\"> nuestros clientes.<\/span><\/p>\n<p><span data-preserver-spaces=\"true\">La bordelesa es la botella m\u00e1s com\u00fan para envasar vino. Es muy popular en todo el mundo. Tiene lados rectos y hombros altos caracter\u00edsticos y puede encontrarse en varios colores. Los vinos tintos suelen embotellarse en vidrio verde oscuro o marr\u00f3n para <\/span><span data-preserver-spaces=\"true\">proporcionar protecci\u00f3n<\/span><span data-preserver-spaces=\"true\"> del sol a medida que envejecen.<\/span><\/p>\n<p><span data-preserver-spaces=\"true\">A continuaci\u00f3n encontrar\u00e1 informaci\u00f3n relativa a su pedido de compra de botellas de vino a granel a nuestra empresa:<\/span><\/p>\n<p><strong><span data-preserver-spaces=\"true\">-MOQ: 10000 PCS (Alrededor de 10000 piezas)<\/span><\/strong><\/p>\n<p><span data-preserver-spaces=\"true\">-Se ofrece muestra gratuita. OEM\/ODM Disponible<\/span><\/p>\n<p><span data-preserver-spaces=\"true\">-Entrega gratuita de muestras en un plazo de 7 d\u00edas; entrega de pedidos al por mayor en un plazo de 30 d\u00edas tras la confirmaci\u00f3n del pedido.<\/span><\/p>","protected":false},"featured_media":4379,"comment_status":"closed","ping_status":"closed","template":"","meta":[],"product_cat":[40],"class_list":{"0":"post-4378","1":"product","2":"type-product","3":"status-publish","4":"has-post-thumbnail","6":"product_cat-750ml-liquor-bottle-manufacturer","8":"first","9":"instock","10":"shipping-taxable","11":"product-type-simple"},"yoast_head":"<!-- This site is optimized with the Yoast SEO plugin v22.0 - https:\/\/yoast.com\/wordpress\/plugins\/seo\/ -->\n<title>Buy Wine Bottles in Bulk | Standard Bordeaux Bottle Manufacturer<\/title>\n<meta name=\"description\" content=\"Want to buy wine bottles in bulk? Click here to get 750ml wine bottles wholesale from Standard Bordeaux Bottle Manufacturer.\" \/>\n<meta name=\"robots\" content=\"index, follow, max-snippet:-1, max-image-preview:large, max-video-preview:-1\" \/>\n<link rel=\"canonical\" href=\"https:\/\/ruishengglassco.com\/es\/producto\/rs009-standard-750ml-bordeaux-glass-wine-bottle-quotes\" \/>\n<meta property=\"og:locale\" content=\"es_ES\" \/>\n<meta property=\"og:type\" content=\"article\" \/>\n<meta property=\"og:title\" content=\"Buy Wine Bottles in Bulk | Standard Bordeaux Bottle Manufacturer\" \/>\n<meta property=\"og:description\" content=\"Want to buy wine bottles in bulk? Click here to get 750ml wine bottles wholesale from Standard Bordeaux Bottle Manufacturer.\" \/>\n<meta property=\"og:url\" content=\"https:\/\/ruishengglassco.com\/es\/producto\/rs009-standard-750ml-bordeaux-glass-wine-bottle-quotes\" \/>\n<meta property=\"article:publisher\" content=\"https:\/\/www.facebook.com\/ruishengglassbottles\" \/>\n<meta property=\"article:modified_time\" content=\"2025-07-17T07:05:29+00:00\" \/>\n<meta property=\"og:image\" content=\"https:\/\/ruishengglassco.com\/wp-content\/uploads\/2025\/03\/RS009-Standard-750ml-Bordeaux-Glass-Wine-Bottle-Quotes.webp\" \/>\n\t<meta property=\"og:image:width\" content=\"500\" \/>\n\t<meta property=\"og:image:height\" content=\"500\" \/>\n\t<meta property=\"og:image:type\" content=\"image\/webp\" \/>\n<meta name=\"twitter:card\" content=\"summary_large_image\" \/>\n<meta name=\"twitter:label1\" content=\"Tiempo de lectura\" \/>\n\t<meta name=\"twitter:data1\" content=\"2 minutos\" \/>\n<script type=\"application\/ld+json\" class=\"yoast-schema-graph\">{\"@context\":\"https:\/\/schema.org\",\"@graph\":[{\"@type\":\"WebPage\",\"@id\":\"https:\/\/ruishengglassco.com\/product\/rs009-standard-750ml-bordeaux-glass-wine-bottle-quotes\",\"url\":\"https:\/\/ruishengglassco.com\/product\/rs009-standard-750ml-bordeaux-glass-wine-bottle-quotes\",\"name\":\"Buy Wine Bottles in Bulk | Standard Bordeaux Bottle Manufacturer\",\"isPartOf\":{\"@id\":\"https:\/\/ruishengglassco.com\/#website\"},\"datePublished\":\"2025-03-15T14:18:47+00:00\",\"dateModified\":\"2025-07-17T07:05:29+00:00\",\"description\":\"Want to buy wine bottles in bulk? Click here to get 750ml wine bottles wholesale from Standard Bordeaux Bottle Manufacturer.\",\"breadcrumb\":{\"@id\":\"https:\/\/ruishengglassco.com\/product\/rs009-standard-750ml-bordeaux-glass-wine-bottle-quotes#breadcrumb\"},\"inLanguage\":\"es\",\"potentialAction\":[{\"@type\":\"ReadAction\",\"target\":[\"https:\/\/ruishengglassco.com\/product\/rs009-standard-750ml-bordeaux-glass-wine-bottle-quotes\"]}]},{\"@type\":\"BreadcrumbList\",\"@id\":\"https:\/\/ruishengglassco.com\/product\/rs009-standard-750ml-bordeaux-glass-wine-bottle-quotes#breadcrumb\",\"itemListElement\":[{\"@type\":\"ListItem\",\"position\":1,\"name\":\"Home\",\"item\":\"https:\/\/ruishengglassco.com\/\"},{\"@type\":\"ListItem\",\"position\":2,\"name\":\"Products\",\"item\":\"https:\/\/ruishengglassco.com\/products\"},{\"@type\":\"ListItem\",\"position\":3,\"name\":\"RS009 Standard 750ml Bordeaux Glass Wine Bottle Quotes\"}]},{\"@type\":\"WebSite\",\"@id\":\"https:\/\/ruishengglassco.com\/#website\",\"url\":\"https:\/\/ruishengglassco.com\/\",\"name\":\"Ruisheng Glass\",\"description\":\"\",\"publisher\":{\"@id\":\"https:\/\/ruishengglassco.com\/#organization\"},\"potentialAction\":[{\"@type\":\"SearchAction\",\"target\":{\"@type\":\"EntryPoint\",\"urlTemplate\":\"https:\/\/ruishengglassco.com\/?s={search_term_string}\"},\"query-input\":\"required name=search_term_string\"}],\"inLanguage\":\"es\"},{\"@type\":\"Organization\",\"@id\":\"https:\/\/ruishengglassco.com\/#organization\",\"name\":\"Shandong Yuncheng Ruisheng Glass Co., Ltd\",\"url\":\"https:\/\/ruishengglassco.com\/\",\"logo\":{\"@type\":\"ImageObject\",\"inLanguage\":\"es\",\"@id\":\"https:\/\/ruishengglassco.com\/#\/schema\/logo\/image\/\",\"url\":\"https:\/\/ruishengglassco.com\/wp-content\/uploads\/2023\/09\/ruisheng_logo_icon.webp\",\"contentUrl\":\"https:\/\/ruishengglassco.com\/wp-content\/uploads\/2023\/09\/ruisheng_logo_icon.webp\",\"width\":400,\"height\":233,\"caption\":\"Shandong Yuncheng Ruisheng Glass Co., Ltd\"},\"image\":{\"@id\":\"https:\/\/ruishengglassco.com\/#\/schema\/logo\/image\/\"},\"sameAs\":[\"https:\/\/www.facebook.com\/ruishengglassbottles\",\"https:\/\/www.instagram.com\/Ruishengglassbottlewholesales\/\",\"https:\/\/www.youtube.com\/channel\/UCMmbMNGwsL-XrtjfSFLCdVQ\"]}]}<\/script>\n<!-- \/ Yoast SEO plugin. -->","yoast_head_json":{"title":"Buy Wine Bottles in Bulk | Standard Bordeaux Bottle Manufacturer","description":"Want to buy wine bottles in bulk? Click here to get 750ml wine bottles wholesale from Standard Bordeaux Bottle Manufacturer.","robots":{"index":"index","follow":"follow","max-snippet":"max-snippet:-1","max-image-preview":"max-image-preview:large","max-video-preview":"max-video-preview:-1"},"canonical":"https:\/\/ruishengglassco.com\/es\/producto\/rs009-standard-750ml-bordeaux-glass-wine-bottle-quotes","og_locale":"es_ES","og_type":"article","og_title":"Buy Wine Bottles in Bulk | Standard Bordeaux Bottle Manufacturer","og_description":"Want to buy wine bottles in bulk? Click here to get 750ml wine bottles wholesale from Standard Bordeaux Bottle Manufacturer.","og_url":"https:\/\/ruishengglassco.com\/es\/producto\/rs009-standard-750ml-bordeaux-glass-wine-bottle-quotes","article_publisher":"https:\/\/www.facebook.com\/ruishengglassbottles","article_modified_time":"2025-07-17T07:05:29+00:00","og_image":[{"width":500,"height":500,"url":"https:\/\/ruishengglassco.com\/wp-content\/uploads\/2025\/03\/RS009-Standard-750ml-Bordeaux-Glass-Wine-Bottle-Quotes.webp","type":"image\/webp"}],"twitter_card":"summary_large_image","twitter_misc":{"Tiempo de lectura":"2 minutos"},"schema":{"@context":"https:\/\/schema.org","@graph":[{"@type":"WebPage","@id":"https:\/\/ruishengglassco.com\/product\/rs009-standard-750ml-bordeaux-glass-wine-bottle-quotes","url":"https:\/\/ruishengglassco.com\/product\/rs009-standard-750ml-bordeaux-glass-wine-bottle-quotes","name":"Buy Wine Bottles in Bulk | Standard Bordeaux Bottle Manufacturer","isPartOf":{"@id":"https:\/\/ruishengglassco.com\/#website"},"datePublished":"2025-03-15T14:18:47+00:00","dateModified":"2025-07-17T07:05:29+00:00","description":"Want to buy wine bottles in bulk? Click here to get 750ml wine bottles wholesale from Standard Bordeaux Bottle Manufacturer.","breadcrumb":{"@id":"https:\/\/ruishengglassco.com\/product\/rs009-standard-750ml-bordeaux-glass-wine-bottle-quotes#breadcrumb"},"inLanguage":"es","potentialAction":[{"@type":"ReadAction","target":["https:\/\/ruishengglassco.com\/product\/rs009-standard-750ml-bordeaux-glass-wine-bottle-quotes"]}]},{"@type":"BreadcrumbList","@id":"https:\/\/ruishengglassco.com\/product\/rs009-standard-750ml-bordeaux-glass-wine-bottle-quotes#breadcrumb","itemListElement":[{"@type":"ListItem","position":1,"name":"Home","item":"https:\/\/ruishengglassco.com\/"},{"@type":"ListItem","position":2,"name":"Products","item":"https:\/\/ruishengglassco.com\/products"},{"@type":"ListItem","position":3,"name":"RS009 Standard 750ml Bordeaux Glass Wine Bottle Quotes"}]},{"@type":"WebSite","@id":"https:\/\/ruishengglassco.com\/#website","url":"https:\/\/ruishengglassco.com\/","name":"Ruisheng Glass","description":"","publisher":{"@id":"https:\/\/ruishengglassco.com\/#organization"},"potentialAction":[{"@type":"SearchAction","target":{"@type":"EntryPoint","urlTemplate":"https:\/\/ruishengglassco.com\/?s={search_term_string}"},"query-input":"required name=search_term_string"}],"inLanguage":"es"},{"@type":"Organization","@id":"https:\/\/ruishengglassco.com\/#organization","name":"Shandong Yuncheng Ruisheng Glass Co., Ltd","url":"https:\/\/ruishengglassco.com\/","logo":{"@type":"ImageObject","inLanguage":"es","@id":"https:\/\/ruishengglassco.com\/#\/schema\/logo\/image\/","url":"https:\/\/ruishengglassco.com\/wp-content\/uploads\/2023\/09\/ruisheng_logo_icon.webp","contentUrl":"https:\/\/ruishengglassco.com\/wp-content\/uploads\/2023\/09\/ruisheng_logo_icon.webp","width":400,"height":233,"caption":"Shandong Yuncheng Ruisheng Glass Co., Ltd"},"image":{"@id":"https:\/\/ruishengglassco.com\/#\/schema\/logo\/image\/"},"sameAs":["https:\/\/www.facebook.com\/ruishengglassbottles","https:\/\/www.instagram.com\/Ruishengglassbottlewholesales\/","https:\/\/www.youtube.com\/channel\/UCMmbMNGwsL-XrtjfSFLCdVQ"]}]}},"_links":{"self":[{"href":"https:\/\/ruishengglassco.com\/es\/wp-json\/wp\/v2\/product\/4378","targetHints":{"allow":["GET"]}}],"collection":[{"href":"https:\/\/ruishengglassco.com\/es\/wp-json\/wp\/v2\/product"}],"about":[{"href":"https:\/\/ruishengglassco.com\/es\/wp-json\/wp\/v2\/types\/product"}],"replies":[{"embeddable":true,"href":"https:\/\/ruishengglassco.com\/es\/wp-json\/wp\/v2\/comments?post=4378"}],"wp:featuredmedia":[{"embeddable":true,"href":"https:\/\/ruishengglassco.com\/es\/wp-json\/wp\/v2\/media\/4379"}],"wp:attachment":[{"href":"https:\/\/ruishengglassco.com\/es\/wp-json\/wp\/v2\/media?parent=4378"}],"wp:term":[{"taxonomy":"product_cat","embeddable":true,"href":"https:\/\/ruishengglassco.com\/es\/wp-json\/wp\/v2\/product_cat?post=4378"}],"curies":[{"name":"wp","href":"https:\/\/api.w.org\/{rel}","templated":true}]}}