{"id":4373,"date":"2025-03-15T22:12:36","date_gmt":"2025-03-15T14:12:36","guid":{"rendered":"https:\/\/ruishengglassco.com\/?post_type=product&#038;p=4373"},"modified":"2025-09-11T16:09:39","modified_gmt":"2025-09-11T08:09:39","slug":"rs011-375ml-botellas-de-vidrio-para-bebidas-al-por-mayor","status":"publish","type":"product","link":"https:\/\/ruishengglassco.com\/es\/producto\/rs011-375ml-botellas-de-vidrio-para-bebidas-al-por-mayor","title":{"rendered":"RS011: 375ml Botellas de vidrio para bebidas Fabricante"},"content":{"rendered":"<h2>Informaci\u00f3n detallada sobre 375ml fabricante de botellas de vidrio para bebidas<\/h2>\n<p><span data-preserver-spaces=\"true\">Esta serie de botellas de vidrio para bebidas de 375 ml <\/span><span data-preserver-spaces=\"true\">est\u00e1 dise\u00f1ado principalmente<\/span><span data-preserver-spaces=\"true\"> para envasar licores, zumos, leche, champ\u00e1n y otras bebidas. Las botellas de bebidas vac\u00edas al por mayor <\/span><span data-preserver-spaces=\"true\">se hacen<\/span><span data-preserver-spaces=\"true\"> de material de vidrio de s\u00edlex de alta calidad, que es inocuo para el cuerpo humano y puede reciclarse para proteger el medio ambiente.<\/span><\/p>\n<ul>\n<li><span data-preserver-spaces=\"true\">Nombre del modelo: 375ml botellas de vidrio para bebidas al por mayor<\/span><\/li>\n<li><span data-preserver-spaces=\"true\">N\u00famero de modelo: RS011<\/span><\/li>\n<li><span data-preserver-spaces=\"true\">Nombre de marca: RUISHENG<\/span><\/li>\n<li><strong><span data-preserver-spaces=\"true\">MOQ: 10000pcs<\/span><\/strong><\/li>\n<li><span data-preserver-spaces=\"true\">Capacidad: 375 ml\/500 ml\/700 ml\/750 ml\/personalizada<\/span><\/li>\n<li><span data-preserver-spaces=\"true\">Tratamiento de superficies: Hot Stamping, Escarcha, Calcoman\u00eda, Relieve, Serigraf\u00eda<\/span><\/li>\n<li><span data-preserver-spaces=\"true\">Material: Vidrio Super Flint<\/span><\/li>\n<li><span data-preserver-spaces=\"true\">Material del collar: Botella de vidrio transparente<\/span><\/li>\n<li><span data-preserver-spaces=\"true\">Tipo de cierre: Tap\u00f3n de rosca, Corcho, Tap\u00f3n de vidrio, Tap\u00f3n Twist-off<\/span><\/li>\n<li><span data-preserver-spaces=\"true\">Uso: Botella de Ron\/Ginebra\/Whisky<\/span><\/li>\n<li><span data-preserver-spaces=\"true\">Lugar de origen: Shandong, China<\/span><\/li>\n<li><span data-preserver-spaces=\"true\">Cajas de cart\u00f3n y pal\u00e9s est\u00e1ndar para exportaci\u00f3n<\/span><\/li>\n<li><span data-preserver-spaces=\"true\">Servicios: Servicio OEM\/ODM<\/span><\/li>\n<\/ul>\n<p><span data-preserver-spaces=\"true\">La botella de bebida al por mayor que se muestra en la imagen es producida por nuestro molde de botella de vidrio.<\/span> <span data-preserver-spaces=\"true\">Si <\/span><span data-preserver-spaces=\"true\">necesitas<\/span><span data-preserver-spaces=\"true\">puede elegir moldes gratuitos de nuestra empresa para la producci\u00f3n.<\/span><span data-preserver-spaces=\"true\"> Por supuesto, puede proporcionarnos dibujos o fotograf\u00edas, y los fabricaremos seg\u00fan sus requisitos.<\/span><\/p>\n<p><span data-preserver-spaces=\"true\">Ofrecemos los siguientes tapones de botella para que los clientes elijan. <\/span><span data-preserver-spaces=\"true\">Puede <\/span><span data-preserver-spaces=\"true\">elija<\/span><span data-preserver-spaces=\"true\"> la tapa seg\u00fan el <\/span><span data-preserver-spaces=\"true\">necesidades del producto<\/span><span data-preserver-spaces=\"true\">.<\/span><\/p>\n<p><img decoding=\"async\" class=\"aligncenter wp-image-2420 size-full\" src=\"https:\/\/glassbottlewholesale.com\/wp-content\/uploads\/2020\/12\/WX20201229-154422.png\" alt=\"tapones de botella\" width=\"752\" height=\"452\" \/><\/p>","protected":false},"excerpt":{"rendered":"<p data-block-id=\"2fccc605-569a-451f-b582-ef4f74e8dea9\" data-pm-slice=\"1 1 []\">Ruisheng es uno de los principales fabricantes de plantas embotelladoras de licores en China. Ofrecen botellas de vidrio de 375 ml para bebidas a precios al por mayor. Estas botellas son perfectas para licores, jugos, leche, champa\u00f1a y m\u00e1s. Somos un fabricante y proveedor profesional de botellas de vidrio. Ofrecemos OEM, ODM, y servicios personalizados de botellas de vidrio en base a las necesidades de nuestros clientes.<\/p>\n<h2 data-block-id=\"f567e7e9-5604-43e5-a87a-2a0497e00473\"><strong>Preocupado Detalle sobre 375ml botellas de vidrio para bebidas al por mayor<\/strong><\/h2>\n<p data-block-id=\"2305cfd6-c096-4e86-802f-cbbe8a8874ca\"><strong>-MOQ: 10000 PCS (Alrededor de 10000pcs)<\/strong><\/p>\n<p data-block-id=\"9e737b91-c3d0-40e3-a5d5-df8fe3c3d8bc\">-Se ofrece muestra gratuita.<\/p>\n<p data-block-id=\"9de52572-52c0-4a46-a1f2-a8d73d6e8c47\">-Entrega gratuita de muestras en 7 d\u00edas. Entrega de pedidos a granel en 30 d\u00edas.<\/p>\n<p data-block-id=\"8480d1ea-96f1-4699-9d67-f37482a57305\">Si desea obtener m\u00e1s informaci\u00f3n sobre las botellas de vidrio para bebidas al por mayor, p\u00f3ngase en contacto con nosotros para saber m\u00e1s.<\/p>","protected":false},"featured_media":4374,"comment_status":"closed","ping_status":"closed","template":"","meta":[],"product_cat":[55,40,45],"class_list":{"0":"post-4373","1":"product","2":"type-product","3":"status-publish","4":"has-post-thumbnail","6":"product_cat-375ml-liquor-bottle-manufacturer","7":"product_cat-750ml-liquor-bottle-manufacturer","8":"product_cat-custom-glass-bottle","10":"first","11":"instock","12":"shipping-taxable","13":"product-type-simple"},"yoast_head":"<!-- This site is optimized with the Yoast SEO plugin v22.0 - https:\/\/yoast.com\/wordpress\/plugins\/seo\/ -->\n<title>Glass Beverage Bottles Manufacturers | Liquor Bottling Plant Manufacturers<\/title>\n<meta name=\"description\" content=\"Ruisheng, one of the leading liquor bottling plant manufacturers in China, provides 375ml Glass Beverage Bottles Wholesale for liquor, juice, milk, champagne, and other drinks.\" \/>\n<meta name=\"robots\" content=\"index, follow, max-snippet:-1, max-image-preview:large, max-video-preview:-1\" \/>\n<link rel=\"canonical\" href=\"https:\/\/ruishengglassco.com\/es\/producto\/rs011-375ml-botellas-de-vidrio-para-bebidas-al-por-mayor\" \/>\n<meta property=\"og:locale\" content=\"es_ES\" \/>\n<meta property=\"og:type\" content=\"article\" \/>\n<meta property=\"og:title\" content=\"Glass Beverage Bottles Manufacturers | Liquor Bottling Plant Manufacturers\" \/>\n<meta property=\"og:description\" content=\"Ruisheng, one of the leading liquor bottling plant manufacturers in China, provides 375ml Glass Beverage Bottles Wholesale for liquor, juice, milk, champagne, and other drinks.\" \/>\n<meta property=\"og:url\" content=\"https:\/\/ruishengglassco.com\/es\/producto\/rs011-375ml-botellas-de-vidrio-para-bebidas-al-por-mayor\" \/>\n<meta property=\"article:publisher\" content=\"https:\/\/www.facebook.com\/ruishengglassbottles\" \/>\n<meta property=\"article:modified_time\" content=\"2025-09-11T08:09:39+00:00\" \/>\n<meta property=\"og:image\" content=\"https:\/\/ruishengglassco.com\/wp-content\/uploads\/2025\/03\/RS011-375ml-Glass-Beverage-Bottles-Wholesale.webp\" \/>\n\t<meta property=\"og:image:width\" content=\"800\" \/>\n\t<meta property=\"og:image:height\" content=\"800\" \/>\n\t<meta property=\"og:image:type\" content=\"image\/webp\" \/>\n<meta name=\"twitter:card\" content=\"summary_large_image\" \/>\n<meta name=\"twitter:label1\" content=\"Tiempo de lectura\" \/>\n\t<meta name=\"twitter:data1\" content=\"2 minutos\" \/>\n<script type=\"application\/ld+json\" class=\"yoast-schema-graph\">{\"@context\":\"https:\/\/schema.org\",\"@graph\":[{\"@type\":\"WebPage\",\"@id\":\"https:\/\/ruishengglassco.com\/product\/rs011-375ml-glass-beverage-bottles-wholesale\",\"url\":\"https:\/\/ruishengglassco.com\/product\/rs011-375ml-glass-beverage-bottles-wholesale\",\"name\":\"Glass Beverage Bottles Manufacturers | Liquor Bottling Plant Manufacturers\",\"isPartOf\":{\"@id\":\"https:\/\/ruishengglassco.com\/#website\"},\"datePublished\":\"2025-03-15T14:12:36+00:00\",\"dateModified\":\"2025-09-11T08:09:39+00:00\",\"description\":\"Ruisheng, one of the leading liquor bottling plant manufacturers in China, provides 375ml Glass Beverage Bottles Wholesale for liquor, juice, milk, champagne, and other drinks.\",\"breadcrumb\":{\"@id\":\"https:\/\/ruishengglassco.com\/product\/rs011-375ml-glass-beverage-bottles-wholesale#breadcrumb\"},\"inLanguage\":\"es\",\"potentialAction\":[{\"@type\":\"ReadAction\",\"target\":[\"https:\/\/ruishengglassco.com\/product\/rs011-375ml-glass-beverage-bottles-wholesale\"]}]},{\"@type\":\"BreadcrumbList\",\"@id\":\"https:\/\/ruishengglassco.com\/product\/rs011-375ml-glass-beverage-bottles-wholesale#breadcrumb\",\"itemListElement\":[{\"@type\":\"ListItem\",\"position\":1,\"name\":\"Home\",\"item\":\"https:\/\/ruishengglassco.com\/\"},{\"@type\":\"ListItem\",\"position\":2,\"name\":\"Products\",\"item\":\"https:\/\/ruishengglassco.com\/products\"},{\"@type\":\"ListItem\",\"position\":3,\"name\":\"RS011: 375ml Glass Beverage Bottles Manufacturer\"}]},{\"@type\":\"WebSite\",\"@id\":\"https:\/\/ruishengglassco.com\/#website\",\"url\":\"https:\/\/ruishengglassco.com\/\",\"name\":\"Ruisheng Glass\",\"description\":\"\",\"publisher\":{\"@id\":\"https:\/\/ruishengglassco.com\/#organization\"},\"potentialAction\":[{\"@type\":\"SearchAction\",\"target\":{\"@type\":\"EntryPoint\",\"urlTemplate\":\"https:\/\/ruishengglassco.com\/?s={search_term_string}\"},\"query-input\":\"required name=search_term_string\"}],\"inLanguage\":\"es\"},{\"@type\":\"Organization\",\"@id\":\"https:\/\/ruishengglassco.com\/#organization\",\"name\":\"Shandong Yuncheng Ruisheng Glass Co., Ltd\",\"url\":\"https:\/\/ruishengglassco.com\/\",\"logo\":{\"@type\":\"ImageObject\",\"inLanguage\":\"es\",\"@id\":\"https:\/\/ruishengglassco.com\/#\/schema\/logo\/image\/\",\"url\":\"https:\/\/ruishengglassco.com\/wp-content\/uploads\/2023\/09\/ruisheng_logo_icon.webp\",\"contentUrl\":\"https:\/\/ruishengglassco.com\/wp-content\/uploads\/2023\/09\/ruisheng_logo_icon.webp\",\"width\":400,\"height\":233,\"caption\":\"Shandong Yuncheng Ruisheng Glass Co., Ltd\"},\"image\":{\"@id\":\"https:\/\/ruishengglassco.com\/#\/schema\/logo\/image\/\"},\"sameAs\":[\"https:\/\/www.facebook.com\/ruishengglassbottles\",\"https:\/\/www.instagram.com\/Ruishengglassbottlewholesales\/\",\"https:\/\/www.youtube.com\/channel\/UCMmbMNGwsL-XrtjfSFLCdVQ\"]}]}<\/script>\n<!-- \/ Yoast SEO plugin. -->","yoast_head_json":{"title":"Glass Beverage Bottles Manufacturers | Liquor Bottling Plant Manufacturers","description":"Ruisheng, one of the leading liquor bottling plant manufacturers in China, provides 375ml Glass Beverage Bottles Wholesale for liquor, juice, milk, champagne, and other drinks.","robots":{"index":"index","follow":"follow","max-snippet":"max-snippet:-1","max-image-preview":"max-image-preview:large","max-video-preview":"max-video-preview:-1"},"canonical":"https:\/\/ruishengglassco.com\/es\/producto\/rs011-375ml-botellas-de-vidrio-para-bebidas-al-por-mayor","og_locale":"es_ES","og_type":"article","og_title":"Glass Beverage Bottles Manufacturers | Liquor Bottling Plant Manufacturers","og_description":"Ruisheng, one of the leading liquor bottling plant manufacturers in China, provides 375ml Glass Beverage Bottles Wholesale for liquor, juice, milk, champagne, and other drinks.","og_url":"https:\/\/ruishengglassco.com\/es\/producto\/rs011-375ml-botellas-de-vidrio-para-bebidas-al-por-mayor","article_publisher":"https:\/\/www.facebook.com\/ruishengglassbottles","article_modified_time":"2025-09-11T08:09:39+00:00","og_image":[{"width":800,"height":800,"url":"https:\/\/ruishengglassco.com\/wp-content\/uploads\/2025\/03\/RS011-375ml-Glass-Beverage-Bottles-Wholesale.webp","type":"image\/webp"}],"twitter_card":"summary_large_image","twitter_misc":{"Tiempo de lectura":"2 minutos"},"schema":{"@context":"https:\/\/schema.org","@graph":[{"@type":"WebPage","@id":"https:\/\/ruishengglassco.com\/product\/rs011-375ml-glass-beverage-bottles-wholesale","url":"https:\/\/ruishengglassco.com\/product\/rs011-375ml-glass-beverage-bottles-wholesale","name":"Glass Beverage Bottles Manufacturers | Liquor Bottling Plant Manufacturers","isPartOf":{"@id":"https:\/\/ruishengglassco.com\/#website"},"datePublished":"2025-03-15T14:12:36+00:00","dateModified":"2025-09-11T08:09:39+00:00","description":"Ruisheng, one of the leading liquor bottling plant manufacturers in China, provides 375ml Glass Beverage Bottles Wholesale for liquor, juice, milk, champagne, and other drinks.","breadcrumb":{"@id":"https:\/\/ruishengglassco.com\/product\/rs011-375ml-glass-beverage-bottles-wholesale#breadcrumb"},"inLanguage":"es","potentialAction":[{"@type":"ReadAction","target":["https:\/\/ruishengglassco.com\/product\/rs011-375ml-glass-beverage-bottles-wholesale"]}]},{"@type":"BreadcrumbList","@id":"https:\/\/ruishengglassco.com\/product\/rs011-375ml-glass-beverage-bottles-wholesale#breadcrumb","itemListElement":[{"@type":"ListItem","position":1,"name":"Home","item":"https:\/\/ruishengglassco.com\/"},{"@type":"ListItem","position":2,"name":"Products","item":"https:\/\/ruishengglassco.com\/products"},{"@type":"ListItem","position":3,"name":"RS011: 375ml Glass Beverage Bottles Manufacturer"}]},{"@type":"WebSite","@id":"https:\/\/ruishengglassco.com\/#website","url":"https:\/\/ruishengglassco.com\/","name":"Ruisheng Glass","description":"","publisher":{"@id":"https:\/\/ruishengglassco.com\/#organization"},"potentialAction":[{"@type":"SearchAction","target":{"@type":"EntryPoint","urlTemplate":"https:\/\/ruishengglassco.com\/?s={search_term_string}"},"query-input":"required name=search_term_string"}],"inLanguage":"es"},{"@type":"Organization","@id":"https:\/\/ruishengglassco.com\/#organization","name":"Shandong Yuncheng Ruisheng Glass Co., Ltd","url":"https:\/\/ruishengglassco.com\/","logo":{"@type":"ImageObject","inLanguage":"es","@id":"https:\/\/ruishengglassco.com\/#\/schema\/logo\/image\/","url":"https:\/\/ruishengglassco.com\/wp-content\/uploads\/2023\/09\/ruisheng_logo_icon.webp","contentUrl":"https:\/\/ruishengglassco.com\/wp-content\/uploads\/2023\/09\/ruisheng_logo_icon.webp","width":400,"height":233,"caption":"Shandong Yuncheng Ruisheng Glass Co., Ltd"},"image":{"@id":"https:\/\/ruishengglassco.com\/#\/schema\/logo\/image\/"},"sameAs":["https:\/\/www.facebook.com\/ruishengglassbottles","https:\/\/www.instagram.com\/Ruishengglassbottlewholesales\/","https:\/\/www.youtube.com\/channel\/UCMmbMNGwsL-XrtjfSFLCdVQ"]}]}},"_links":{"self":[{"href":"https:\/\/ruishengglassco.com\/es\/wp-json\/wp\/v2\/product\/4373","targetHints":{"allow":["GET"]}}],"collection":[{"href":"https:\/\/ruishengglassco.com\/es\/wp-json\/wp\/v2\/product"}],"about":[{"href":"https:\/\/ruishengglassco.com\/es\/wp-json\/wp\/v2\/types\/product"}],"replies":[{"embeddable":true,"href":"https:\/\/ruishengglassco.com\/es\/wp-json\/wp\/v2\/comments?post=4373"}],"wp:featuredmedia":[{"embeddable":true,"href":"https:\/\/ruishengglassco.com\/es\/wp-json\/wp\/v2\/media\/4374"}],"wp:attachment":[{"href":"https:\/\/ruishengglassco.com\/es\/wp-json\/wp\/v2\/media?parent=4373"}],"wp:term":[{"taxonomy":"product_cat","embeddable":true,"href":"https:\/\/ruishengglassco.com\/es\/wp-json\/wp\/v2\/product_cat?post=4373"}],"curies":[{"name":"wp","href":"https:\/\/api.w.org\/{rel}","templated":true}]}}