{"id":4369,"date":"2025-03-15T22:08:41","date_gmt":"2025-03-15T14:08:41","guid":{"rendered":"https:\/\/ruishengglassco.com\/?post_type=product&#038;p=4369"},"modified":"2025-07-17T15:00:43","modified_gmt":"2025-07-17T07:00:43","slug":"rs013-1000ml-750ml-700ml-375ml-botella-de-licor-de-vidrio-al-por-mayor","status":"publish","type":"product","link":"https:\/\/ruishengglassco.com\/es\/producto\/rs013-1000ml-750ml-700ml-375ml-botella-de-licor-de-vidrio-al-por-mayor","title":{"rendered":"RS013: 1000ml\/750ml\/700ml\/375ml Botella de licor de vidrio Proveedor"},"content":{"rendered":"<h2>Informaci\u00f3n detallada sobre 1000ml\/750ml\/700ml\/375ml f\u00e1brica de vidrio botella de licor<\/h2>\n<p><span data-preserver-spaces=\"true\">Ruisheng Glass es un experto en la fabricaci\u00f3n de botellas de vidrio para licores. Ofrecen botellas de licor de 375 ml al por mayor. Son ideales para envasar vino, whisky, brandy, vodka, ginebra y tequila.<\/span><\/p>\n<ul>\n<li><span data-preserver-spaces=\"true\">Nombre del modelo: 375ml botella de licor de vidrio al por mayor<\/span><\/li>\n<li><span data-preserver-spaces=\"true\">N\u00famero de modelo: RS013<\/span><\/li>\n<li><span data-preserver-spaces=\"true\">Nombre de marca: RUISHENG<\/span><\/li>\n<li><strong><span data-preserver-spaces=\"true\">MOQ: 10000pcs<\/span><\/strong><\/li>\n<li><span data-preserver-spaces=\"true\">Capacidad: 375 ml\/500 ml\/700 ml\/750 ml\/personalizada<\/span><\/li>\n<li><span data-preserver-spaces=\"true\">Tratamiento de superficies: Hot Stamping, Escarcha, Calcoman\u00eda, Relieve, Serigraf\u00eda<\/span><\/li>\n<li><span data-preserver-spaces=\"true\">Material: Vidrio Super Flint<\/span><\/li>\n<li><span data-preserver-spaces=\"true\">Material del collar: Botella de vidrio transparente<\/span><\/li>\n<li><span data-preserver-spaces=\"true\">Tipo de cierre: Tap\u00f3n de rosca, Corcho, Tap\u00f3n de vidrio, Tap\u00f3n Twist-off<\/span><\/li>\n<li><span data-preserver-spaces=\"true\">Uso: Botella de Ron\/Ginebra\/Whisky\/Vodka\/Brandy<\/span><\/li>\n<li><span data-preserver-spaces=\"true\">Lugar de origen: Shandong, China<\/span><\/li>\n<li><span data-preserver-spaces=\"true\">Embalaje: Cajas de cart\u00f3n y pal\u00e9s de exportaci\u00f3n est\u00e1ndar<\/span><\/li>\n<li><span data-preserver-spaces=\"true\">Servicios: Servicio OEM\/ODM<\/span><\/li>\n<\/ul>\n<p><span data-preserver-spaces=\"true\">La botella de licor de vidrio al por mayor que se muestra en la imagen est\u00e1 especialmente personalizada por el cliente para envasar brandy.<\/span><span data-preserver-spaces=\"true\"> La botella de cristal est\u00e1 dise\u00f1ada con m\u00faltiples bordes y esquinas, lo que le permite reflejar la calidad y el color del producto en distintos \u00e1ngulos. <\/span><span data-preserver-spaces=\"true\">El producto <\/span><span data-preserver-spaces=\"true\">se hace<\/span><span data-preserver-spaces=\"true\"> de material de vidrio ultratransparente de alta calidad, <\/span><span data-preserver-spaces=\"true\">que hace que<\/span><span data-preserver-spaces=\"true\"> la botella m\u00e1s transparente, bella y elegante.<\/span><span data-preserver-spaces=\"true\"> Por lo general, los clientes eligen botellas de 750 ml o 700 ml, porque estos dos tama\u00f1os son las capacidades aceptadas internacionalmente. <\/span><span data-preserver-spaces=\"true\">Por supuesto, tambi\u00e9n podemos producir botellas de <\/span><span data-preserver-spaces=\"true\">diferente<\/span><span data-preserver-spaces=\"true\"> capacidades <\/span><span data-preserver-spaces=\"true\">seg\u00fan<\/span><span data-preserver-spaces=\"true\"> necesidades del cliente.<\/span> <span data-preserver-spaces=\"true\">Adem\u00e1s<\/span><span data-preserver-spaces=\"true\">Nosotros <\/span><span data-preserver-spaces=\"true\">proporcionar<\/span><span data-preserver-spaces=\"true\"> a <\/span><span data-preserver-spaces=\"true\">variedad<\/span><span data-preserver-spaces=\"true\"> de tapones de botella para que los clientes <\/span><span data-preserver-spaces=\"true\">elija<\/span><span data-preserver-spaces=\"true\"> de.<\/span><\/p>\n<p><img decoding=\"async\" class=\"aligncenter wp-image-2420 size-full\" src=\"https:\/\/glassbottlewholesale.com\/wp-content\/uploads\/2020\/12\/WX20201229-154422.png\" alt=\"tapones de botella\" width=\"752\" height=\"452\" \/><\/p>","protected":false},"excerpt":{"rendered":"<p><span data-preserver-spaces=\"true\">Ruisheng Glass Co., Ltd. comenz\u00f3 su andadura en 2009. Se especializan en el dise\u00f1o y la fabricaci\u00f3n de todo tipo de botellas de vidrio para licores. Tambi\u00e9n ofrecen servicios de venta al por mayor de botellas de licor de 375ml. Ruisheng Glass es un proveedor \u00fanico de botellas de vidrio. Utilizan varias t\u00e9cnicas para crear dise\u00f1os a medida y est\u00e1ndar. Adem\u00e1s, sus precios son justos. Suministramos a los clientes productos de calidad que satisfacen plenamente sus necesidades a tiempo.<\/span><\/p>\n<p><strong><span data-preserver-spaces=\"true\">-MOQ: 10000 PCS (Alrededor de 10000-30000pcs)<\/span><\/strong><\/p>\n<p><span data-preserver-spaces=\"true\">-Se ofrece muestra gratuita.<\/span><\/p>\n<p><span data-preserver-spaces=\"true\">-Entrega global en 30 d\u00edas.<\/span><\/p>","protected":false},"featured_media":4370,"comment_status":"closed","ping_status":"closed","template":"","meta":[],"product_cat":[55,44,40,43],"class_list":{"0":"post-4369","1":"product","2":"type-product","3":"status-publish","4":"has-post-thumbnail","6":"product_cat-375ml-liquor-bottle-manufacturer","7":"product_cat-700ml-liquor-bottle-manufacturer","8":"product_cat-750ml-liquor-bottle-manufacturer","9":"product_cat-1000ml-liquor-bottle-manufacturer","11":"first","12":"instock","13":"shipping-taxable","14":"product-type-simple"},"yoast_head":"<!-- This site is optimized with the Yoast SEO plugin v22.0 - https:\/\/yoast.com\/wordpress\/plugins\/seo\/ -->\n<title>375ml Liquor Bottle Supplier | Glass Spirit Bottle Manufacturers<\/title>\n<meta name=\"description\" content=\"Ruisheng Glass Co, Ltd, a professional glass spirit bottle manufacturers in China, provide 375ml liquor bottle wholesale at factory outlet price.\" \/>\n<meta name=\"robots\" content=\"index, follow, max-snippet:-1, max-image-preview:large, max-video-preview:-1\" \/>\n<link rel=\"canonical\" href=\"https:\/\/ruishengglassco.com\/es\/producto\/rs013-1000ml-750ml-700ml-375ml-botella-de-licor-de-vidrio-al-por-mayor\" \/>\n<meta property=\"og:locale\" content=\"es_ES\" \/>\n<meta property=\"og:type\" content=\"article\" \/>\n<meta property=\"og:title\" content=\"375ml Liquor Bottle Supplier | Glass Spirit Bottle Manufacturers\" \/>\n<meta property=\"og:description\" content=\"Ruisheng Glass Co, Ltd, a professional glass spirit bottle manufacturers in China, provide 375ml liquor bottle wholesale at factory outlet price.\" \/>\n<meta property=\"og:url\" content=\"https:\/\/ruishengglassco.com\/es\/producto\/rs013-1000ml-750ml-700ml-375ml-botella-de-licor-de-vidrio-al-por-mayor\" \/>\n<meta property=\"article:publisher\" content=\"https:\/\/www.facebook.com\/ruishengglassbottles\" \/>\n<meta property=\"article:modified_time\" content=\"2025-07-17T07:00:43+00:00\" \/>\n<meta property=\"og:image\" content=\"https:\/\/ruishengglassco.com\/wp-content\/uploads\/2025\/03\/RS013-1000ml-750ml-700ml-375ml-Glass-Liquor-Bottle-Wholesale.webp\" \/>\n\t<meta property=\"og:image:width\" content=\"800\" \/>\n\t<meta property=\"og:image:height\" content=\"800\" \/>\n\t<meta property=\"og:image:type\" content=\"image\/webp\" \/>\n<meta name=\"twitter:card\" content=\"summary_large_image\" \/>\n<meta name=\"twitter:label1\" content=\"Tiempo de lectura\" \/>\n\t<meta name=\"twitter:data1\" content=\"2 minutos\" \/>\n<script type=\"application\/ld+json\" class=\"yoast-schema-graph\">{\"@context\":\"https:\/\/schema.org\",\"@graph\":[{\"@type\":\"WebPage\",\"@id\":\"https:\/\/ruishengglassco.com\/product\/rs013-1000ml-750ml-700ml-375ml-glass-liquor-bottle-wholesale\",\"url\":\"https:\/\/ruishengglassco.com\/product\/rs013-1000ml-750ml-700ml-375ml-glass-liquor-bottle-wholesale\",\"name\":\"375ml Liquor Bottle Supplier | Glass Spirit Bottle Manufacturers\",\"isPartOf\":{\"@id\":\"https:\/\/ruishengglassco.com\/#website\"},\"datePublished\":\"2025-03-15T14:08:41+00:00\",\"dateModified\":\"2025-07-17T07:00:43+00:00\",\"description\":\"Ruisheng Glass Co, Ltd, a professional glass spirit bottle manufacturers in China, provide 375ml liquor bottle wholesale at factory outlet price.\",\"breadcrumb\":{\"@id\":\"https:\/\/ruishengglassco.com\/product\/rs013-1000ml-750ml-700ml-375ml-glass-liquor-bottle-wholesale#breadcrumb\"},\"inLanguage\":\"es\",\"potentialAction\":[{\"@type\":\"ReadAction\",\"target\":[\"https:\/\/ruishengglassco.com\/product\/rs013-1000ml-750ml-700ml-375ml-glass-liquor-bottle-wholesale\"]}]},{\"@type\":\"BreadcrumbList\",\"@id\":\"https:\/\/ruishengglassco.com\/product\/rs013-1000ml-750ml-700ml-375ml-glass-liquor-bottle-wholesale#breadcrumb\",\"itemListElement\":[{\"@type\":\"ListItem\",\"position\":1,\"name\":\"Home\",\"item\":\"https:\/\/ruishengglassco.com\/\"},{\"@type\":\"ListItem\",\"position\":2,\"name\":\"Products\",\"item\":\"https:\/\/ruishengglassco.com\/products\"},{\"@type\":\"ListItem\",\"position\":3,\"name\":\"RS013: 1000ml\/750ml\/700ml\/375ml Glass Liquor Bottle Supplier\"}]},{\"@type\":\"WebSite\",\"@id\":\"https:\/\/ruishengglassco.com\/#website\",\"url\":\"https:\/\/ruishengglassco.com\/\",\"name\":\"Ruisheng Glass\",\"description\":\"\",\"publisher\":{\"@id\":\"https:\/\/ruishengglassco.com\/#organization\"},\"potentialAction\":[{\"@type\":\"SearchAction\",\"target\":{\"@type\":\"EntryPoint\",\"urlTemplate\":\"https:\/\/ruishengglassco.com\/?s={search_term_string}\"},\"query-input\":\"required name=search_term_string\"}],\"inLanguage\":\"es\"},{\"@type\":\"Organization\",\"@id\":\"https:\/\/ruishengglassco.com\/#organization\",\"name\":\"Shandong Yuncheng Ruisheng Glass Co., Ltd\",\"url\":\"https:\/\/ruishengglassco.com\/\",\"logo\":{\"@type\":\"ImageObject\",\"inLanguage\":\"es\",\"@id\":\"https:\/\/ruishengglassco.com\/#\/schema\/logo\/image\/\",\"url\":\"https:\/\/ruishengglassco.com\/wp-content\/uploads\/2023\/09\/ruisheng_logo_icon.webp\",\"contentUrl\":\"https:\/\/ruishengglassco.com\/wp-content\/uploads\/2023\/09\/ruisheng_logo_icon.webp\",\"width\":400,\"height\":233,\"caption\":\"Shandong Yuncheng Ruisheng Glass Co., Ltd\"},\"image\":{\"@id\":\"https:\/\/ruishengglassco.com\/#\/schema\/logo\/image\/\"},\"sameAs\":[\"https:\/\/www.facebook.com\/ruishengglassbottles\",\"https:\/\/www.instagram.com\/Ruishengglassbottlewholesales\/\",\"https:\/\/www.youtube.com\/channel\/UCMmbMNGwsL-XrtjfSFLCdVQ\"]}]}<\/script>\n<!-- \/ Yoast SEO plugin. -->","yoast_head_json":{"title":"375ml Liquor Bottle Supplier | Glass Spirit Bottle Manufacturers","description":"Ruisheng Glass Co, Ltd, a professional glass spirit bottle manufacturers in China, provide 375ml liquor bottle wholesale at factory outlet price.","robots":{"index":"index","follow":"follow","max-snippet":"max-snippet:-1","max-image-preview":"max-image-preview:large","max-video-preview":"max-video-preview:-1"},"canonical":"https:\/\/ruishengglassco.com\/es\/producto\/rs013-1000ml-750ml-700ml-375ml-botella-de-licor-de-vidrio-al-por-mayor","og_locale":"es_ES","og_type":"article","og_title":"375ml Liquor Bottle Supplier | Glass Spirit Bottle Manufacturers","og_description":"Ruisheng Glass Co, Ltd, a professional glass spirit bottle manufacturers in China, provide 375ml liquor bottle wholesale at factory outlet price.","og_url":"https:\/\/ruishengglassco.com\/es\/producto\/rs013-1000ml-750ml-700ml-375ml-botella-de-licor-de-vidrio-al-por-mayor","article_publisher":"https:\/\/www.facebook.com\/ruishengglassbottles","article_modified_time":"2025-07-17T07:00:43+00:00","og_image":[{"width":800,"height":800,"url":"https:\/\/ruishengglassco.com\/wp-content\/uploads\/2025\/03\/RS013-1000ml-750ml-700ml-375ml-Glass-Liquor-Bottle-Wholesale.webp","type":"image\/webp"}],"twitter_card":"summary_large_image","twitter_misc":{"Tiempo de lectura":"2 minutos"},"schema":{"@context":"https:\/\/schema.org","@graph":[{"@type":"WebPage","@id":"https:\/\/ruishengglassco.com\/product\/rs013-1000ml-750ml-700ml-375ml-glass-liquor-bottle-wholesale","url":"https:\/\/ruishengglassco.com\/product\/rs013-1000ml-750ml-700ml-375ml-glass-liquor-bottle-wholesale","name":"375ml Liquor Bottle Supplier | Glass Spirit Bottle Manufacturers","isPartOf":{"@id":"https:\/\/ruishengglassco.com\/#website"},"datePublished":"2025-03-15T14:08:41+00:00","dateModified":"2025-07-17T07:00:43+00:00","description":"Ruisheng Glass Co, Ltd, a professional glass spirit bottle manufacturers in China, provide 375ml liquor bottle wholesale at factory outlet price.","breadcrumb":{"@id":"https:\/\/ruishengglassco.com\/product\/rs013-1000ml-750ml-700ml-375ml-glass-liquor-bottle-wholesale#breadcrumb"},"inLanguage":"es","potentialAction":[{"@type":"ReadAction","target":["https:\/\/ruishengglassco.com\/product\/rs013-1000ml-750ml-700ml-375ml-glass-liquor-bottle-wholesale"]}]},{"@type":"BreadcrumbList","@id":"https:\/\/ruishengglassco.com\/product\/rs013-1000ml-750ml-700ml-375ml-glass-liquor-bottle-wholesale#breadcrumb","itemListElement":[{"@type":"ListItem","position":1,"name":"Home","item":"https:\/\/ruishengglassco.com\/"},{"@type":"ListItem","position":2,"name":"Products","item":"https:\/\/ruishengglassco.com\/products"},{"@type":"ListItem","position":3,"name":"RS013: 1000ml\/750ml\/700ml\/375ml Glass Liquor Bottle Supplier"}]},{"@type":"WebSite","@id":"https:\/\/ruishengglassco.com\/#website","url":"https:\/\/ruishengglassco.com\/","name":"Ruisheng Glass","description":"","publisher":{"@id":"https:\/\/ruishengglassco.com\/#organization"},"potentialAction":[{"@type":"SearchAction","target":{"@type":"EntryPoint","urlTemplate":"https:\/\/ruishengglassco.com\/?s={search_term_string}"},"query-input":"required name=search_term_string"}],"inLanguage":"es"},{"@type":"Organization","@id":"https:\/\/ruishengglassco.com\/#organization","name":"Shandong Yuncheng Ruisheng Glass Co., Ltd","url":"https:\/\/ruishengglassco.com\/","logo":{"@type":"ImageObject","inLanguage":"es","@id":"https:\/\/ruishengglassco.com\/#\/schema\/logo\/image\/","url":"https:\/\/ruishengglassco.com\/wp-content\/uploads\/2023\/09\/ruisheng_logo_icon.webp","contentUrl":"https:\/\/ruishengglassco.com\/wp-content\/uploads\/2023\/09\/ruisheng_logo_icon.webp","width":400,"height":233,"caption":"Shandong Yuncheng Ruisheng Glass Co., Ltd"},"image":{"@id":"https:\/\/ruishengglassco.com\/#\/schema\/logo\/image\/"},"sameAs":["https:\/\/www.facebook.com\/ruishengglassbottles","https:\/\/www.instagram.com\/Ruishengglassbottlewholesales\/","https:\/\/www.youtube.com\/channel\/UCMmbMNGwsL-XrtjfSFLCdVQ"]}]}},"_links":{"self":[{"href":"https:\/\/ruishengglassco.com\/es\/wp-json\/wp\/v2\/product\/4369","targetHints":{"allow":["GET"]}}],"collection":[{"href":"https:\/\/ruishengglassco.com\/es\/wp-json\/wp\/v2\/product"}],"about":[{"href":"https:\/\/ruishengglassco.com\/es\/wp-json\/wp\/v2\/types\/product"}],"replies":[{"embeddable":true,"href":"https:\/\/ruishengglassco.com\/es\/wp-json\/wp\/v2\/comments?post=4369"}],"wp:featuredmedia":[{"embeddable":true,"href":"https:\/\/ruishengglassco.com\/es\/wp-json\/wp\/v2\/media\/4370"}],"wp:attachment":[{"href":"https:\/\/ruishengglassco.com\/es\/wp-json\/wp\/v2\/media?parent=4369"}],"wp:term":[{"taxonomy":"product_cat","embeddable":true,"href":"https:\/\/ruishengglassco.com\/es\/wp-json\/wp\/v2\/product_cat?post=4369"}],"curies":[{"name":"wp","href":"https:\/\/api.w.org\/{rel}","templated":true}]}}