{"id":4367,"date":"2025-03-15T22:06:38","date_gmt":"2025-03-15T14:06:38","guid":{"rendered":"https:\/\/ruishengglassco.com\/?post_type=product&#038;p=4367"},"modified":"2025-07-17T14:57:26","modified_gmt":"2025-07-17T06:57:26","slug":"rs014-375ml-botella-de-vidrio-transparente-al-por-mayor-para-licor","status":"publish","type":"product","link":"https:\/\/ruishengglassco.com\/es\/producto\/rs014-375ml-botella-de-vidrio-transparente-al-por-mayor-para-licor","title":{"rendered":"RS014: 375ml F\u00e1brica De Botellas De Vidrio Transparente Para Licor"},"content":{"rendered":"<h2>Informaci\u00f3n detallada sobre las botellas de licor de f\u00e1brica de 375 ml<\/h2>\n<p><span data-preserver-spaces=\"true\">\u00bfQuiere vender botellas de licor al por mayor?  Comprar directamente a un fabricante de botellas de licor fiable le ayudar\u00e1 a encontrar botellas de licor fr\u00edas de alta calidad para la venta y le ayudar\u00e1 a ahorrar costes.<\/span><\/p>\n<p><span data-preserver-spaces=\"true\">Esta serie de botellas de vidrio transparente de 375 ml al por mayor <\/span><span data-preserver-spaces=\"true\">se utiliza principalmente<\/span><span data-preserver-spaces=\"true\"> en envases de bebidas y licores. <\/span><span data-preserver-spaces=\"true\">El producto <\/span><span data-preserver-spaces=\"true\">adopta altas<\/span><span data-preserver-spaces=\"true\"> material de vidrio de s\u00edlex, <\/span><span data-preserver-spaces=\"true\">que hace que<\/span><span data-preserver-spaces=\"true\"> nuestro vidrio <\/span><span data-preserver-spaces=\"true\">botella<\/span> <span data-preserver-spaces=\"true\">m\u00e1s claro<\/span><span data-preserver-spaces=\"true\">transparente y respetuosa con el medio ambiente.<\/span><\/p>\n<p><span data-preserver-spaces=\"true\">Como proveedor profesional de botellas de licor, nuestra empresa ofrece servicios de botellas de vidrio OEM\/ODM\/personalizadas. <\/span><span data-preserver-spaces=\"true\">Puede <\/span><span data-preserver-spaces=\"true\">presentar<\/span><span data-preserver-spaces=\"true\"> requisitos <\/span><span data-preserver-spaces=\"true\">en<\/span><span data-preserver-spaces=\"true\"> la capacidad, el color, la forma, la tapa, <\/span><span data-preserver-spaces=\"true\">etc.<\/span><span data-preserver-spaces=\"true\"> de la botella de vino, y podemos producirla seg\u00fan sus <\/span><span data-preserver-spaces=\"true\">requisitos<\/span><span data-preserver-spaces=\"true\">.<\/span><\/p>\n<ul>\n<li><span data-preserver-spaces=\"true\">Nombre Del Producto: 375ml Botella De Vidrio Transparente Al Por Mayor Para Licor<\/span><\/li>\n<li><span data-preserver-spaces=\"true\">N\u00famero de referencia: RS014<\/span><\/li>\n<li><span data-preserver-spaces=\"true\">Material del vidrio: Super Flint \/ Extra Flint<\/span><\/li>\n<li><span data-preserver-spaces=\"true\">Forma de la botella: Forma redonda alta<\/span><\/li>\n<li><span data-preserver-spaces=\"true\">Capacidad nominal: 375 ml<\/span><\/li>\n<li><span data-preserver-spaces=\"true\">Peso de la botella: 580 g<\/span><\/li>\n<li><span data-preserver-spaces=\"true\">Tipo de sellado: Corcho \/ Tapones GPI \/ Tapones Ropp<\/span><\/li>\n<li><span data-preserver-spaces=\"true\">Uso industrial: Vodka, whisky, brandy, co\u00f1ac, ron, tequila, agua, zumo, jarabe.<\/span><\/li>\n<li><span data-preserver-spaces=\"true\">Decoraci\u00f3n Grabado \/ Impresi\u00f3n \/ Escarchado \/ Galvanoplastia \/ Pulverizaci\u00f3n<\/span><\/li>\n<\/ul>\n<p><span data-preserver-spaces=\"true\">Si usted <\/span><span data-preserver-spaces=\"true\">desea<\/span><span data-preserver-spaces=\"true\"> a <\/span><span data-preserver-spaces=\"true\">conozca<\/span><span data-preserver-spaces=\"true\"> m\u00e1s informaci\u00f3n sobre Venta al por mayor de botellas de licor, por favor <\/span><span data-preserver-spaces=\"true\">si\u00e9ntete libre<\/span><span data-preserver-spaces=\"true\"> para ponerse en contacto con nosotros.<\/span><\/p>","protected":false},"excerpt":{"rendered":"<p><span data-preserver-spaces=\"true\">Encuentre botellas de licor al por mayor en <\/span><a class=\"editor-rtfLink\" href=\"http:\/\/glassbottlewholesale.com\" target=\"_blank\" rel=\"noopener\"><span data-preserver-spaces=\"true\">glassbottlewholesale.com<\/span><\/a><span data-preserver-spaces=\"true\">. Ruisheng Glass Co., Ltd. es un fabricante profesional de botellas de licor de vidrio en China. Ofrecemos botellas de licor vac\u00edas al por mayor y etiquetas personalizadas para botellas de licor. Nuestros servicios atienden a mayoristas de botellas de vidrio, distribuidores, supermercados y m\u00e1s.<\/span><\/p>\n<h2><strong><span data-preserver-spaces=\"true\">Solicite informaci\u00f3n sobre la venta al por mayor de botellas de licor<\/span><\/strong><\/h2>\n<ul>\n<li><strong><span data-preserver-spaces=\"true\">MOQ:10000pcs(10000 PCS)<\/span><\/strong><\/li>\n<li><span data-preserver-spaces=\"true\">Se ofrece servicio de botellas de licor OEM\/ODM\/personalizado.<\/span><\/li>\n<li><span data-preserver-spaces=\"true\">Env\u00edo gratuito de muestras en 7 d\u00edas<\/span><\/li>\n<li><span data-preserver-spaces=\"true\">Pedidos a granel Env\u00edo mundial en 30 d\u00edas<\/span><\/li>\n<\/ul>\n<p><span data-preserver-spaces=\"true\">Si est\u00e1 interesado en nuestras botellas de licor al por mayor, por favor <\/span><span data-preserver-spaces=\"true\">si\u00e9ntete libre<\/span><span data-preserver-spaces=\"true\"> para ponerse en contacto con nosotros.<\/span><\/p>","protected":false},"featured_media":4368,"comment_status":"closed","ping_status":"closed","template":"","meta":[],"product_cat":[55,45,52,54,56],"class_list":{"0":"post-4367","1":"product","2":"type-product","3":"status-publish","4":"has-post-thumbnail","6":"product_cat-375ml-liquor-bottle-manufacturer","7":"product_cat-custom-glass-bottle","8":"product_cat-vodka-bottle","9":"product_cat-whiskey-bottle","10":"product_cat-xo-brandy-bottle","12":"first","13":"instock","14":"shipping-taxable","15":"product-type-simple"},"yoast_head":"<!-- This site is optimized with the Yoast SEO plugin v22.0 - https:\/\/yoast.com\/wordpress\/plugins\/seo\/ -->\n<title>FactoryF Liquor Bottles For Sale | Custom Spirit Bottle Labels<\/title>\n<meta name=\"description\" content=\"Find Wholesale Liquor Bottles For Sale At Glassbottlewholesale.com. Custom Spirit Bottle Labels and Free Sample Offered. Get Quote Now.\" \/>\n<meta name=\"robots\" content=\"index, follow, max-snippet:-1, max-image-preview:large, max-video-preview:-1\" \/>\n<link rel=\"canonical\" href=\"https:\/\/ruishengglassco.com\/es\/producto\/rs014-375ml-botella-de-vidrio-transparente-al-por-mayor-para-licor\" \/>\n<meta property=\"og:locale\" content=\"es_ES\" \/>\n<meta property=\"og:type\" content=\"article\" \/>\n<meta property=\"og:title\" content=\"FactoryF Liquor Bottles For Sale | Custom Spirit Bottle Labels\" \/>\n<meta property=\"og:description\" content=\"Find Wholesale Liquor Bottles For Sale At Glassbottlewholesale.com. Custom Spirit Bottle Labels and Free Sample Offered. Get Quote Now.\" \/>\n<meta property=\"og:url\" content=\"https:\/\/ruishengglassco.com\/es\/producto\/rs014-375ml-botella-de-vidrio-transparente-al-por-mayor-para-licor\" \/>\n<meta property=\"article:publisher\" content=\"https:\/\/www.facebook.com\/ruishengglassbottles\" \/>\n<meta property=\"article:modified_time\" content=\"2025-07-17T06:57:26+00:00\" \/>\n<meta property=\"og:image\" content=\"https:\/\/ruishengglassco.com\/wp-content\/uploads\/2025\/03\/RS014-375ml-Clear-Glass-Bottle-Wholesale-For-Liquor.webp\" \/>\n\t<meta property=\"og:image:width\" content=\"800\" \/>\n\t<meta property=\"og:image:height\" content=\"800\" \/>\n\t<meta property=\"og:image:type\" content=\"image\/webp\" \/>\n<meta name=\"twitter:card\" content=\"summary_large_image\" \/>\n<meta name=\"twitter:label1\" content=\"Tiempo de lectura\" \/>\n\t<meta name=\"twitter:data1\" content=\"2 minutos\" \/>\n<script type=\"application\/ld+json\" class=\"yoast-schema-graph\">{\"@context\":\"https:\/\/schema.org\",\"@graph\":[{\"@type\":\"WebPage\",\"@id\":\"https:\/\/ruishengglassco.com\/product\/rs014-375ml-clear-glass-bottle-wholesale-for-liquor\",\"url\":\"https:\/\/ruishengglassco.com\/product\/rs014-375ml-clear-glass-bottle-wholesale-for-liquor\",\"name\":\"FactoryF Liquor Bottles For Sale | Custom Spirit Bottle Labels\",\"isPartOf\":{\"@id\":\"https:\/\/ruishengglassco.com\/#website\"},\"datePublished\":\"2025-03-15T14:06:38+00:00\",\"dateModified\":\"2025-07-17T06:57:26+00:00\",\"description\":\"Find Wholesale Liquor Bottles For Sale At Glassbottlewholesale.com. Custom Spirit Bottle Labels and Free Sample Offered. Get Quote Now.\",\"breadcrumb\":{\"@id\":\"https:\/\/ruishengglassco.com\/product\/rs014-375ml-clear-glass-bottle-wholesale-for-liquor#breadcrumb\"},\"inLanguage\":\"es\",\"potentialAction\":[{\"@type\":\"ReadAction\",\"target\":[\"https:\/\/ruishengglassco.com\/product\/rs014-375ml-clear-glass-bottle-wholesale-for-liquor\"]}]},{\"@type\":\"BreadcrumbList\",\"@id\":\"https:\/\/ruishengglassco.com\/product\/rs014-375ml-clear-glass-bottle-wholesale-for-liquor#breadcrumb\",\"itemListElement\":[{\"@type\":\"ListItem\",\"position\":1,\"name\":\"Home\",\"item\":\"https:\/\/ruishengglassco.com\/\"},{\"@type\":\"ListItem\",\"position\":2,\"name\":\"Products\",\"item\":\"https:\/\/ruishengglassco.com\/products\"},{\"@type\":\"ListItem\",\"position\":3,\"name\":\"RS014: 375ml Clear Glass Bottle Factory For Liquor\"}]},{\"@type\":\"WebSite\",\"@id\":\"https:\/\/ruishengglassco.com\/#website\",\"url\":\"https:\/\/ruishengglassco.com\/\",\"name\":\"Ruisheng Glass\",\"description\":\"\",\"publisher\":{\"@id\":\"https:\/\/ruishengglassco.com\/#organization\"},\"potentialAction\":[{\"@type\":\"SearchAction\",\"target\":{\"@type\":\"EntryPoint\",\"urlTemplate\":\"https:\/\/ruishengglassco.com\/?s={search_term_string}\"},\"query-input\":\"required name=search_term_string\"}],\"inLanguage\":\"es\"},{\"@type\":\"Organization\",\"@id\":\"https:\/\/ruishengglassco.com\/#organization\",\"name\":\"Shandong Yuncheng Ruisheng Glass Co., Ltd\",\"url\":\"https:\/\/ruishengglassco.com\/\",\"logo\":{\"@type\":\"ImageObject\",\"inLanguage\":\"es\",\"@id\":\"https:\/\/ruishengglassco.com\/#\/schema\/logo\/image\/\",\"url\":\"https:\/\/ruishengglassco.com\/wp-content\/uploads\/2023\/09\/ruisheng_logo_icon.webp\",\"contentUrl\":\"https:\/\/ruishengglassco.com\/wp-content\/uploads\/2023\/09\/ruisheng_logo_icon.webp\",\"width\":400,\"height\":233,\"caption\":\"Shandong Yuncheng Ruisheng Glass Co., Ltd\"},\"image\":{\"@id\":\"https:\/\/ruishengglassco.com\/#\/schema\/logo\/image\/\"},\"sameAs\":[\"https:\/\/www.facebook.com\/ruishengglassbottles\",\"https:\/\/www.instagram.com\/Ruishengglassbottlewholesales\/\",\"https:\/\/www.youtube.com\/channel\/UCMmbMNGwsL-XrtjfSFLCdVQ\"]}]}<\/script>\n<!-- \/ Yoast SEO plugin. -->","yoast_head_json":{"title":"FactoryF Liquor Bottles For Sale | Custom Spirit Bottle Labels","description":"Find Wholesale Liquor Bottles For Sale At Glassbottlewholesale.com. Custom Spirit Bottle Labels and Free Sample Offered. Get Quote Now.","robots":{"index":"index","follow":"follow","max-snippet":"max-snippet:-1","max-image-preview":"max-image-preview:large","max-video-preview":"max-video-preview:-1"},"canonical":"https:\/\/ruishengglassco.com\/es\/producto\/rs014-375ml-botella-de-vidrio-transparente-al-por-mayor-para-licor","og_locale":"es_ES","og_type":"article","og_title":"FactoryF Liquor Bottles For Sale | Custom Spirit Bottle Labels","og_description":"Find Wholesale Liquor Bottles For Sale At Glassbottlewholesale.com. Custom Spirit Bottle Labels and Free Sample Offered. Get Quote Now.","og_url":"https:\/\/ruishengglassco.com\/es\/producto\/rs014-375ml-botella-de-vidrio-transparente-al-por-mayor-para-licor","article_publisher":"https:\/\/www.facebook.com\/ruishengglassbottles","article_modified_time":"2025-07-17T06:57:26+00:00","og_image":[{"width":800,"height":800,"url":"https:\/\/ruishengglassco.com\/wp-content\/uploads\/2025\/03\/RS014-375ml-Clear-Glass-Bottle-Wholesale-For-Liquor.webp","type":"image\/webp"}],"twitter_card":"summary_large_image","twitter_misc":{"Tiempo de lectura":"2 minutos"},"schema":{"@context":"https:\/\/schema.org","@graph":[{"@type":"WebPage","@id":"https:\/\/ruishengglassco.com\/product\/rs014-375ml-clear-glass-bottle-wholesale-for-liquor","url":"https:\/\/ruishengglassco.com\/product\/rs014-375ml-clear-glass-bottle-wholesale-for-liquor","name":"FactoryF Liquor Bottles For Sale | Custom Spirit Bottle Labels","isPartOf":{"@id":"https:\/\/ruishengglassco.com\/#website"},"datePublished":"2025-03-15T14:06:38+00:00","dateModified":"2025-07-17T06:57:26+00:00","description":"Find Wholesale Liquor Bottles For Sale At Glassbottlewholesale.com. Custom Spirit Bottle Labels and Free Sample Offered. Get Quote Now.","breadcrumb":{"@id":"https:\/\/ruishengglassco.com\/product\/rs014-375ml-clear-glass-bottle-wholesale-for-liquor#breadcrumb"},"inLanguage":"es","potentialAction":[{"@type":"ReadAction","target":["https:\/\/ruishengglassco.com\/product\/rs014-375ml-clear-glass-bottle-wholesale-for-liquor"]}]},{"@type":"BreadcrumbList","@id":"https:\/\/ruishengglassco.com\/product\/rs014-375ml-clear-glass-bottle-wholesale-for-liquor#breadcrumb","itemListElement":[{"@type":"ListItem","position":1,"name":"Home","item":"https:\/\/ruishengglassco.com\/"},{"@type":"ListItem","position":2,"name":"Products","item":"https:\/\/ruishengglassco.com\/products"},{"@type":"ListItem","position":3,"name":"RS014: 375ml Clear Glass Bottle Factory For Liquor"}]},{"@type":"WebSite","@id":"https:\/\/ruishengglassco.com\/#website","url":"https:\/\/ruishengglassco.com\/","name":"Ruisheng Glass","description":"","publisher":{"@id":"https:\/\/ruishengglassco.com\/#organization"},"potentialAction":[{"@type":"SearchAction","target":{"@type":"EntryPoint","urlTemplate":"https:\/\/ruishengglassco.com\/?s={search_term_string}"},"query-input":"required name=search_term_string"}],"inLanguage":"es"},{"@type":"Organization","@id":"https:\/\/ruishengglassco.com\/#organization","name":"Shandong Yuncheng Ruisheng Glass Co., Ltd","url":"https:\/\/ruishengglassco.com\/","logo":{"@type":"ImageObject","inLanguage":"es","@id":"https:\/\/ruishengglassco.com\/#\/schema\/logo\/image\/","url":"https:\/\/ruishengglassco.com\/wp-content\/uploads\/2023\/09\/ruisheng_logo_icon.webp","contentUrl":"https:\/\/ruishengglassco.com\/wp-content\/uploads\/2023\/09\/ruisheng_logo_icon.webp","width":400,"height":233,"caption":"Shandong Yuncheng Ruisheng Glass Co., Ltd"},"image":{"@id":"https:\/\/ruishengglassco.com\/#\/schema\/logo\/image\/"},"sameAs":["https:\/\/www.facebook.com\/ruishengglassbottles","https:\/\/www.instagram.com\/Ruishengglassbottlewholesales\/","https:\/\/www.youtube.com\/channel\/UCMmbMNGwsL-XrtjfSFLCdVQ"]}]}},"_links":{"self":[{"href":"https:\/\/ruishengglassco.com\/es\/wp-json\/wp\/v2\/product\/4367","targetHints":{"allow":["GET"]}}],"collection":[{"href":"https:\/\/ruishengglassco.com\/es\/wp-json\/wp\/v2\/product"}],"about":[{"href":"https:\/\/ruishengglassco.com\/es\/wp-json\/wp\/v2\/types\/product"}],"replies":[{"embeddable":true,"href":"https:\/\/ruishengglassco.com\/es\/wp-json\/wp\/v2\/comments?post=4367"}],"wp:featuredmedia":[{"embeddable":true,"href":"https:\/\/ruishengglassco.com\/es\/wp-json\/wp\/v2\/media\/4368"}],"wp:attachment":[{"href":"https:\/\/ruishengglassco.com\/es\/wp-json\/wp\/v2\/media?parent=4367"}],"wp:term":[{"taxonomy":"product_cat","embeddable":true,"href":"https:\/\/ruishengglassco.com\/es\/wp-json\/wp\/v2\/product_cat?post=4367"}],"curies":[{"name":"wp","href":"https:\/\/api.w.org\/{rel}","templated":true}]}}