{"id":4365,"date":"2025-03-15T22:05:00","date_gmt":"2025-03-15T14:05:00","guid":{"rendered":"https:\/\/ruishengglassco.com\/?post_type=product&#038;p=4365"},"modified":"2025-07-17T14:55:48","modified_gmt":"2025-07-17T06:55:48","slug":"rs015-al-por-mayor-botella-de-zumo-de-vidrio-redonda-de-350ml-al-por-mayor-con-corcho","status":"publish","type":"product","link":"https:\/\/ruishengglassco.com\/es\/producto\/rs015-al-por-mayor-botella-de-zumo-de-vidrio-redonda-de-350ml-al-por-mayor-con-corcho","title":{"rendered":"RS015: Mayorista Ronda 350ml Fabricantes De Botellas De Jugo De Vidrio Con Corcho"},"content":{"rendered":"<h2>Informaci\u00f3n detallada sobre Fabricantes de botellas de vidrio para zumo<\/h2>\n<p><span data-preserver-spaces=\"true\">Esta serie de botellas de vidrio para zumo al por mayor es una botella de vidrio de dise\u00f1o est\u00e1ndar. Nuestro <\/span><span data-preserver-spaces=\"true\">propio<\/span><span data-preserver-spaces=\"true\"> molde de vidrio lo hace. <\/span><span data-preserver-spaces=\"true\">El producto <\/span><span data-preserver-spaces=\"true\">adopta<\/span><span data-preserver-spaces=\"true\"> cristal de alta gama hecho a mano <\/span><span data-preserver-spaces=\"true\">material blanco<\/span><span data-preserver-spaces=\"true\">, <\/span><span data-preserver-spaces=\"true\">que hace que<\/span><span data-preserver-spaces=\"true\"> nuestra botella de cristal claro, transparente y elegante.<\/span><\/p>\n<ul>\n<li><span data-preserver-spaces=\"true\">Art\u00edculo: Botella de cristal para zumo al por mayor<\/span><\/li>\n<li><span data-preserver-spaces=\"true\">N\u00famero de modelo: RS015<\/span><\/li>\n<li><span data-preserver-spaces=\"true\">Capacidad: =1000ml<\/span><\/li>\n<li><span data-preserver-spaces=\"true\">Material: Material de vidrio s\u00faper pedernal, Material de vidrio blanco cristalino, Material de vidrio blanco caro.<\/span><\/li>\n<li><span data-preserver-spaces=\"true\">Tipo de cierre: Corcho, tap\u00f3n de guala, tap\u00f3n de rosca, tap\u00f3n de pl\u00e1stico, tap\u00f3n de madera<\/span><\/li>\n<li><span data-preserver-spaces=\"true\">Superficie: Escarcha, calcoman\u00eda, pintura, estampaci\u00f3n en caliente, relieve, impresi\u00f3n, dorado, serigraf\u00eda<\/span><\/li>\n<li><span data-preserver-spaces=\"true\">Muestra: Libre de moho existente<\/span><\/li>\n<li><span data-preserver-spaces=\"true\">Plazo de entrega: 20-30 d\u00edas para productos en serie<\/span><\/li>\n<li><span data-preserver-spaces=\"true\">Puerto: Qingdao, Shanghai, Guangzhou<\/span><\/li>\n<li><span data-preserver-spaces=\"true\">Forma de pago: T\/T, <\/span><span data-preserver-spaces=\"true\">Paypal<\/span><span data-preserver-spaces=\"true\">, Garant\u00eda comercial, DP, LC, Western UNION<\/span><\/li>\n<li><span data-preserver-spaces=\"true\">Materia prima: Arena de s\u00edlice, carbonato s\u00f3dico, piedra caliza, dolomita, feldespato, b\u00f3rax, bario, etc.<\/span><\/li>\n<\/ul>\n<h4><span data-preserver-spaces=\"true\">Caracter\u00edsticas:<\/span><\/h4>\n<ul>\n<li><span data-preserver-spaces=\"true\">Con experiencia en producci\u00f3n profesional.<\/span><\/li>\n<li><span data-preserver-spaces=\"true\">Servicio OEM &amp;ODM: seg\u00fan su muestra o dibujo de dise\u00f1o.<\/span><\/li>\n<li><span data-preserver-spaces=\"true\">La muestra existente es gratuita.<\/span><\/li>\n<li><span data-preserver-spaces=\"true\">Precio razonable, calidad excelente y servicio atento<\/span><\/li>\n<li><span data-preserver-spaces=\"true\">Botellas rotas durante el transporte<\/span><span data-preserver-spaces=\"true\">, <\/span><span data-preserver-spaces=\"true\">compensaci\u00f3n por la <\/span><span data-preserver-spaces=\"true\">siguiente<\/span><span data-preserver-spaces=\"true\"> orden.<\/span><\/li>\n<li><span data-preserver-spaces=\"true\">Respuesta instant\u00e1nea: respondemos a sus consultas y correos electr\u00f3nicos en un plazo de 12 horas.<\/span><\/li>\n<li><span data-preserver-spaces=\"true\">Entrega: <\/span><span data-preserver-spaces=\"true\">acerca de<\/span><span data-preserver-spaces=\"true\"> 20-25 d\u00edas despu\u00e9s <\/span><span data-preserver-spaces=\"true\">recibiendo<\/span><span data-preserver-spaces=\"true\"> el dep\u00f3sito.<\/span><\/li>\n<li><span data-preserver-spaces=\"true\">Hemos superado el <\/span><span data-preserver-spaces=\"true\">ISO9001<\/span><span data-preserver-spaces=\"true\">, <\/span><span data-preserver-spaces=\"true\">ISO14001<\/span><span data-preserver-spaces=\"true\">y otras pruebas.<\/span><\/li>\n<li><span data-preserver-spaces=\"true\">No s\u00f3lo ofrecemos productos excelentes, sino tambi\u00e9n servicios y soluciones de mercado.<\/span><\/li>\n<li><span data-preserver-spaces=\"true\">Aunque tiene un fondo grueso, el color tambi\u00e9n es muy puro.<\/span><\/li>\n<\/ul>","protected":false},"excerpt":{"rendered":"<p><span data-preserver-spaces=\"true\">Ruisheng Glass Co. fabrica botellas de vidrio para bebidas. Se centran en la venta de botellas de vidrio para licores y zumos a los mercados internacionales.  Nuestra empresa ofrece servicios de dise\u00f1o y fabricaci\u00f3n de botellas de vidrio. Se ofrece servicio OEM\/ODM\/personalizado. <\/span><span data-preserver-spaces=\"true\">Nuestros productos <\/span><span data-preserver-spaces=\"true\">se aplican ampliamente<\/span><span data-preserver-spaces=\"true\"> a <\/span><span data-preserver-spaces=\"true\">esp\u00edritu<\/span><span data-preserver-spaces=\"true\">vino, vodka, whisky, vino de arroz, vino de frutas, ron, ginebra, tequila, licores medicinales, perfumes, cosm\u00e9ticos, aceite de oliva, <\/span><span data-preserver-spaces=\"true\">etc<\/span><span data-preserver-spaces=\"true\">.<\/span><\/p>\n<h4><strong><span data-preserver-spaces=\"true\">Informaci\u00f3n de inter\u00e9s sobre la botella de zumo de vidrio al por mayor<\/span><\/strong><\/h4>\n<p><strong><span data-preserver-spaces=\"true\">-MOQ: 10000 PCS (Aproximadamente 10000-35000pcs)<\/span><\/strong><\/p>\n<p><span data-preserver-spaces=\"true\">-Suministre gratuitamente botellas de aguardiente personalizadas con tap\u00f3n de corcho de muestra<\/span><\/p>\n<p><span data-preserver-spaces=\"true\">-Servicios personalizados<\/span><\/p>\n<p><span data-preserver-spaces=\"true\">Si usted <\/span><span data-preserver-spaces=\"true\">desea<\/span><span data-preserver-spaces=\"true\"> a <\/span><span data-preserver-spaces=\"true\">conozca<\/span><span data-preserver-spaces=\"true\"> m\u00e1s sobre nuestra botella de zumo de vidrio al por mayor, por favor <\/span><span data-preserver-spaces=\"true\">si\u00e9ntete libre<\/span><span data-preserver-spaces=\"true\"> para ponerse en contacto con nuestro equipo de ventas.<\/span><\/p>","protected":false},"featured_media":4366,"comment_status":"closed","ping_status":"closed","template":"","meta":[],"product_cat":[55,57,52,54,56],"class_list":{"0":"post-4365","1":"product","2":"type-product","3":"status-publish","4":"has-post-thumbnail","6":"product_cat-375ml-liquor-bottle-manufacturer","7":"product_cat-rum-bottle","8":"product_cat-vodka-bottle","9":"product_cat-whiskey-bottle","10":"product_cat-xo-brandy-bottle","12":"first","13":"instock","14":"shipping-taxable","15":"product-type-simple"},"yoast_head":"<!-- This site is optimized with the Yoast SEO plugin v22.0 - https:\/\/yoast.com\/wordpress\/plugins\/seo\/ -->\n<title>Glass Juice Bottles Manufacturers | Beverage Bottle Manufacturers<\/title>\n<meta name=\"description\" content=\"Ruisheng Glass Co, Ltd, a professional beverage bottle manufacturer, provide glass juice bottles wholesale with cork. Custom Bottle Design Offered.\" \/>\n<meta name=\"robots\" content=\"index, follow, max-snippet:-1, max-image-preview:large, max-video-preview:-1\" \/>\n<link rel=\"canonical\" href=\"https:\/\/ruishengglassco.com\/es\/producto\/rs015-al-por-mayor-botella-de-zumo-de-vidrio-redonda-de-350ml-al-por-mayor-con-corcho\" \/>\n<meta property=\"og:locale\" content=\"es_ES\" \/>\n<meta property=\"og:type\" content=\"article\" \/>\n<meta property=\"og:title\" content=\"Glass Juice Bottles Manufacturers | Beverage Bottle Manufacturers\" \/>\n<meta property=\"og:description\" content=\"Ruisheng Glass Co, Ltd, a professional beverage bottle manufacturer, provide glass juice bottles wholesale with cork. Custom Bottle Design Offered.\" \/>\n<meta property=\"og:url\" content=\"https:\/\/ruishengglassco.com\/es\/producto\/rs015-al-por-mayor-botella-de-zumo-de-vidrio-redonda-de-350ml-al-por-mayor-con-corcho\" \/>\n<meta property=\"article:publisher\" content=\"https:\/\/www.facebook.com\/ruishengglassbottles\" \/>\n<meta property=\"article:modified_time\" content=\"2025-07-17T06:55:48+00:00\" \/>\n<meta property=\"og:image\" content=\"https:\/\/ruishengglassco.com\/wp-content\/uploads\/2025\/03\/RS015-Wholesale-Round-350ml-Glass-Juice-Bottle-Wholesale-With-Cork.webp\" \/>\n\t<meta property=\"og:image:width\" content=\"800\" \/>\n\t<meta property=\"og:image:height\" content=\"800\" \/>\n\t<meta property=\"og:image:type\" content=\"image\/webp\" \/>\n<meta name=\"twitter:card\" content=\"summary_large_image\" \/>\n<meta name=\"twitter:label1\" content=\"Tiempo de lectura\" \/>\n\t<meta name=\"twitter:data1\" content=\"2 minutos\" \/>\n<script type=\"application\/ld+json\" class=\"yoast-schema-graph\">{\"@context\":\"https:\/\/schema.org\",\"@graph\":[{\"@type\":\"WebPage\",\"@id\":\"https:\/\/ruishengglassco.com\/product\/rs015-wholesale-round-350ml-glass-juice-bottle-wholesale-with-cork\",\"url\":\"https:\/\/ruishengglassco.com\/product\/rs015-wholesale-round-350ml-glass-juice-bottle-wholesale-with-cork\",\"name\":\"Glass Juice Bottles Manufacturers | Beverage Bottle Manufacturers\",\"isPartOf\":{\"@id\":\"https:\/\/ruishengglassco.com\/#website\"},\"datePublished\":\"2025-03-15T14:05:00+00:00\",\"dateModified\":\"2025-07-17T06:55:48+00:00\",\"description\":\"Ruisheng Glass Co, Ltd, a professional beverage bottle manufacturer, provide glass juice bottles wholesale with cork. Custom Bottle Design Offered.\",\"breadcrumb\":{\"@id\":\"https:\/\/ruishengglassco.com\/product\/rs015-wholesale-round-350ml-glass-juice-bottle-wholesale-with-cork#breadcrumb\"},\"inLanguage\":\"es\",\"potentialAction\":[{\"@type\":\"ReadAction\",\"target\":[\"https:\/\/ruishengglassco.com\/product\/rs015-wholesale-round-350ml-glass-juice-bottle-wholesale-with-cork\"]}]},{\"@type\":\"BreadcrumbList\",\"@id\":\"https:\/\/ruishengglassco.com\/product\/rs015-wholesale-round-350ml-glass-juice-bottle-wholesale-with-cork#breadcrumb\",\"itemListElement\":[{\"@type\":\"ListItem\",\"position\":1,\"name\":\"Home\",\"item\":\"https:\/\/ruishengglassco.com\/\"},{\"@type\":\"ListItem\",\"position\":2,\"name\":\"Products\",\"item\":\"https:\/\/ruishengglassco.com\/products\"},{\"@type\":\"ListItem\",\"position\":3,\"name\":\"RS015: Wholesale Round 350ml Glass Juice Bottle Manufacturers With Cork\"}]},{\"@type\":\"WebSite\",\"@id\":\"https:\/\/ruishengglassco.com\/#website\",\"url\":\"https:\/\/ruishengglassco.com\/\",\"name\":\"Ruisheng Glass\",\"description\":\"\",\"publisher\":{\"@id\":\"https:\/\/ruishengglassco.com\/#organization\"},\"potentialAction\":[{\"@type\":\"SearchAction\",\"target\":{\"@type\":\"EntryPoint\",\"urlTemplate\":\"https:\/\/ruishengglassco.com\/?s={search_term_string}\"},\"query-input\":\"required name=search_term_string\"}],\"inLanguage\":\"es\"},{\"@type\":\"Organization\",\"@id\":\"https:\/\/ruishengglassco.com\/#organization\",\"name\":\"Shandong Yuncheng Ruisheng Glass Co., Ltd\",\"url\":\"https:\/\/ruishengglassco.com\/\",\"logo\":{\"@type\":\"ImageObject\",\"inLanguage\":\"es\",\"@id\":\"https:\/\/ruishengglassco.com\/#\/schema\/logo\/image\/\",\"url\":\"https:\/\/ruishengglassco.com\/wp-content\/uploads\/2023\/09\/ruisheng_logo_icon.webp\",\"contentUrl\":\"https:\/\/ruishengglassco.com\/wp-content\/uploads\/2023\/09\/ruisheng_logo_icon.webp\",\"width\":400,\"height\":233,\"caption\":\"Shandong Yuncheng Ruisheng Glass Co., Ltd\"},\"image\":{\"@id\":\"https:\/\/ruishengglassco.com\/#\/schema\/logo\/image\/\"},\"sameAs\":[\"https:\/\/www.facebook.com\/ruishengglassbottles\",\"https:\/\/www.instagram.com\/Ruishengglassbottlewholesales\/\",\"https:\/\/www.youtube.com\/channel\/UCMmbMNGwsL-XrtjfSFLCdVQ\"]}]}<\/script>\n<!-- \/ Yoast SEO plugin. -->","yoast_head_json":{"title":"Glass Juice Bottles Manufacturers | Beverage Bottle Manufacturers","description":"Ruisheng Glass Co, Ltd, a professional beverage bottle manufacturer, provide glass juice bottles wholesale with cork. Custom Bottle Design Offered.","robots":{"index":"index","follow":"follow","max-snippet":"max-snippet:-1","max-image-preview":"max-image-preview:large","max-video-preview":"max-video-preview:-1"},"canonical":"https:\/\/ruishengglassco.com\/es\/producto\/rs015-al-por-mayor-botella-de-zumo-de-vidrio-redonda-de-350ml-al-por-mayor-con-corcho","og_locale":"es_ES","og_type":"article","og_title":"Glass Juice Bottles Manufacturers | Beverage Bottle Manufacturers","og_description":"Ruisheng Glass Co, Ltd, a professional beverage bottle manufacturer, provide glass juice bottles wholesale with cork. Custom Bottle Design Offered.","og_url":"https:\/\/ruishengglassco.com\/es\/producto\/rs015-al-por-mayor-botella-de-zumo-de-vidrio-redonda-de-350ml-al-por-mayor-con-corcho","article_publisher":"https:\/\/www.facebook.com\/ruishengglassbottles","article_modified_time":"2025-07-17T06:55:48+00:00","og_image":[{"width":800,"height":800,"url":"https:\/\/ruishengglassco.com\/wp-content\/uploads\/2025\/03\/RS015-Wholesale-Round-350ml-Glass-Juice-Bottle-Wholesale-With-Cork.webp","type":"image\/webp"}],"twitter_card":"summary_large_image","twitter_misc":{"Tiempo de lectura":"2 minutos"},"schema":{"@context":"https:\/\/schema.org","@graph":[{"@type":"WebPage","@id":"https:\/\/ruishengglassco.com\/product\/rs015-wholesale-round-350ml-glass-juice-bottle-wholesale-with-cork","url":"https:\/\/ruishengglassco.com\/product\/rs015-wholesale-round-350ml-glass-juice-bottle-wholesale-with-cork","name":"Glass Juice Bottles Manufacturers | Beverage Bottle Manufacturers","isPartOf":{"@id":"https:\/\/ruishengglassco.com\/#website"},"datePublished":"2025-03-15T14:05:00+00:00","dateModified":"2025-07-17T06:55:48+00:00","description":"Ruisheng Glass Co, Ltd, a professional beverage bottle manufacturer, provide glass juice bottles wholesale with cork. Custom Bottle Design Offered.","breadcrumb":{"@id":"https:\/\/ruishengglassco.com\/product\/rs015-wholesale-round-350ml-glass-juice-bottle-wholesale-with-cork#breadcrumb"},"inLanguage":"es","potentialAction":[{"@type":"ReadAction","target":["https:\/\/ruishengglassco.com\/product\/rs015-wholesale-round-350ml-glass-juice-bottle-wholesale-with-cork"]}]},{"@type":"BreadcrumbList","@id":"https:\/\/ruishengglassco.com\/product\/rs015-wholesale-round-350ml-glass-juice-bottle-wholesale-with-cork#breadcrumb","itemListElement":[{"@type":"ListItem","position":1,"name":"Home","item":"https:\/\/ruishengglassco.com\/"},{"@type":"ListItem","position":2,"name":"Products","item":"https:\/\/ruishengglassco.com\/products"},{"@type":"ListItem","position":3,"name":"RS015: Wholesale Round 350ml Glass Juice Bottle Manufacturers With Cork"}]},{"@type":"WebSite","@id":"https:\/\/ruishengglassco.com\/#website","url":"https:\/\/ruishengglassco.com\/","name":"Ruisheng Glass","description":"","publisher":{"@id":"https:\/\/ruishengglassco.com\/#organization"},"potentialAction":[{"@type":"SearchAction","target":{"@type":"EntryPoint","urlTemplate":"https:\/\/ruishengglassco.com\/?s={search_term_string}"},"query-input":"required name=search_term_string"}],"inLanguage":"es"},{"@type":"Organization","@id":"https:\/\/ruishengglassco.com\/#organization","name":"Shandong Yuncheng Ruisheng Glass Co., Ltd","url":"https:\/\/ruishengglassco.com\/","logo":{"@type":"ImageObject","inLanguage":"es","@id":"https:\/\/ruishengglassco.com\/#\/schema\/logo\/image\/","url":"https:\/\/ruishengglassco.com\/wp-content\/uploads\/2023\/09\/ruisheng_logo_icon.webp","contentUrl":"https:\/\/ruishengglassco.com\/wp-content\/uploads\/2023\/09\/ruisheng_logo_icon.webp","width":400,"height":233,"caption":"Shandong Yuncheng Ruisheng Glass Co., Ltd"},"image":{"@id":"https:\/\/ruishengglassco.com\/#\/schema\/logo\/image\/"},"sameAs":["https:\/\/www.facebook.com\/ruishengglassbottles","https:\/\/www.instagram.com\/Ruishengglassbottlewholesales\/","https:\/\/www.youtube.com\/channel\/UCMmbMNGwsL-XrtjfSFLCdVQ"]}]}},"_links":{"self":[{"href":"https:\/\/ruishengglassco.com\/es\/wp-json\/wp\/v2\/product\/4365","targetHints":{"allow":["GET"]}}],"collection":[{"href":"https:\/\/ruishengglassco.com\/es\/wp-json\/wp\/v2\/product"}],"about":[{"href":"https:\/\/ruishengglassco.com\/es\/wp-json\/wp\/v2\/types\/product"}],"replies":[{"embeddable":true,"href":"https:\/\/ruishengglassco.com\/es\/wp-json\/wp\/v2\/comments?post=4365"}],"wp:featuredmedia":[{"embeddable":true,"href":"https:\/\/ruishengglassco.com\/es\/wp-json\/wp\/v2\/media\/4366"}],"wp:attachment":[{"href":"https:\/\/ruishengglassco.com\/es\/wp-json\/wp\/v2\/media?parent=4365"}],"wp:term":[{"taxonomy":"product_cat","embeddable":true,"href":"https:\/\/ruishengglassco.com\/es\/wp-json\/wp\/v2\/product_cat?post=4365"}],"curies":[{"name":"wp","href":"https:\/\/api.w.org\/{rel}","templated":true}]}}