{"id":4360,"date":"2025-03-15T22:00:57","date_gmt":"2025-03-15T14:00:57","guid":{"rendered":"https:\/\/ruishengglassco.com\/?post_type=product&#038;p=4360"},"modified":"2025-07-17T14:54:00","modified_gmt":"2025-07-17T06:54:00","slug":"rs017-375ml-botella-de-vidrio-proveedor-de-licor-whisky-brandy-vodka","status":"publish","type":"product","link":"https:\/\/ruishengglassco.com\/es\/producto\/rs017-375ml-botella-de-vidrio-proveedor-de-licor-whisky-brandy-vodka","title":{"rendered":"RS017: 375ml Botella de Vidrio Proveedor Para Licor\/Whisky\/Brandy\/Vodka"},"content":{"rendered":"<h2>Informaci\u00f3n detallada acerca de 375ml botellas de vidrio de licor Fabricantes<\/h2>\n<p>Estas botellas de vidrio para licores al por mayor son botellas bordelesas cl\u00e1sicas. Se utilizan ampliamente para el envasado de alcohol en todo el mundo.<\/p>\n<p>La imagen de portada muestra una botella de licor de vidrio de 375 ml. Podemos fabricar botellas de licor vac\u00edas de varios tama\u00f1os para satisfacer las necesidades de los clientes: 100 ml, 500 ml, 750 ml y 1000 ml.<\/p>\n<p>En general, nuestras botellas son de color claro transparente, pero si los clientes desean otros colores, nuestro proceso de producci\u00f3n puede hacerlo.<\/p>\n<p>Existen tres tipos comunes de tapones para botellas de vidrio: Corcho, Tap\u00f3n de rosca y Tap\u00f3n de guala. Aqu\u00ed est\u00e1 el tap\u00f3n de botella de vidrio que podemos proporcionar:<\/p>\n<p><img decoding=\"async\" class=\"aligncenter wp-image-2429 size-full\" src=\"https:\/\/glassbottlewholesale.com\/wp-content\/uploads\/2020\/12\/WX20201229-154422-1.png\" alt=\"tapas de botellas de vidrio al por mayor\" width=\"752\" height=\"452\" \/><\/p>\n<p>Como fabricante profesional de botellas de licor de vidrio, nuestra empresa ofrece OEM \/ ODM \/ servicio personalizado de botellas de licor. Si usted tiene alguna pregunta acerca de la fabricaci\u00f3n de botellas de licor, por favor p\u00f3ngase en contacto con nosotros aqu\u00ed.<\/p>\n<ul>\n<li>Nombre del Producto: Botellas de licor de vidrio de 375ml al por mayor<\/li>\n<li>N\u00famero de referencia: RS017<\/li>\n<li>Material del vidrio: Extra Flint<\/li>\n<li>Forma de la botella: Botellas de licor de 375 ml de forma plana<\/li>\n<li>Capacidad nominal: 375 ml<\/li>\n<li>Peso de la botella: 550 g<\/li>\n<li>Tipo de sellado: Ropp \/ GPI \/ Corcho \/ Guala \/ Swing Top \/ M\u00e9todo de sellado personalizado<\/li>\n<li>Aplicaci\u00f3n: Botella de Vodka, Botella de Whisky, Botella de Co\u00f1ac, Botella de Ron, Botella de Xo<\/li>\n<li>Embalaje\n<ul>\n<li>24 unidades \/ cart\u00f3n, con separador de cart\u00f3n<\/li>\n<li>6 unidades \/ caja de color, con separador de cart\u00f3n<\/li>\n<li>Embalaje de paletas, con separador de cart\u00f3n<\/li>\n<li>Embalaje en cart\u00f3n\/caja + pal\u00e9<\/li>\n<\/ul>\n<\/li>\n<li>MOQ: 6000pcs para una nueva tirada; 1 pcs para botellas de vidrio de stock<\/li>\n<li>Plazo de entrega: 20-30 d\u00edas<\/li>\n<\/ul>","protected":false},"excerpt":{"rendered":"<p><span data-preserver-spaces=\"true\">Ruisheng Glass Co., Ltd es una empresa profesional de embotellado de licores. Ofrecen botellas de licor de vidrio al por mayor para muchos usos. Estas in<\/span><span data-preserver-spaces=\"true\">Incluyen vino, whisky, brandy, vodka, tequila, XO, champ\u00e1n y otras bebidas alcoh\u00f3licas.<\/span><\/p>\n<p><span data-preserver-spaces=\"true\">Somos un fabricante de botellas de licor a la antigua usanza. <\/span><span data-preserver-spaces=\"true\">Nuestros productos <\/span><span data-preserver-spaces=\"true\">se exportan<\/span><span data-preserver-spaces=\"true\"> a Estados Unidos, Canad\u00e1, <\/span><span data-preserver-spaces=\"true\">Gran Breta\u00f1a<\/span><span data-preserver-spaces=\"true\">, Francia, Pa\u00edses Bajos, B\u00e9lgica, Rusia, Mosc\u00fa, Sud\u00e1frica y <\/span><span data-preserver-spaces=\"true\">m\u00e1s<\/span><span data-preserver-spaces=\"true\">.<\/span><span data-preserver-spaces=\"true\"> Y se han ganado los elogios un\u00e1nimes de los clientes locales.<\/span><\/p>\n<p><span data-preserver-spaces=\"true\">Si desea realizar un pedido de botellas de vidrio para licores al por mayor, estas son las preguntas m\u00e1s frecuentes que plantean nuestros clientes:<\/span><\/p>\n<p><strong><span data-preserver-spaces=\"true\">-MOQ: 10000 PCS (Alrededor de 10000-30000pcs)<\/span><\/strong><\/p>\n<p><span data-preserver-spaces=\"true\">-Se ofrece muestra gratuita. Entrega en 7 d\u00edas<\/span><\/p>\n<p><span data-preserver-spaces=\"true\">-Entrega mundial de pedidos a granel en 30 d\u00edas.<\/span><\/p>\n<p><span data-preserver-spaces=\"true\">-OEM\/ODM\/Servicio personalizado de botellas de licor.<\/span><\/p>","protected":false},"featured_media":4361,"comment_status":"closed","ping_status":"closed","template":"","meta":[],"product_cat":[55,52,54,56],"class_list":{"0":"post-4360","1":"product","2":"type-product","3":"status-publish","4":"has-post-thumbnail","6":"product_cat-375ml-liquor-bottle-manufacturer","7":"product_cat-vodka-bottle","8":"product_cat-whiskey-bottle","9":"product_cat-xo-brandy-bottle","11":"first","12":"instock","13":"shipping-taxable","14":"product-type-simple"},"yoast_head":"<!-- This site is optimized with the Yoast SEO plugin v22.0 - https:\/\/yoast.com\/wordpress\/plugins\/seo\/ -->\n<title>375ml Glass Liquor Bottles Supplier | Liquor Bottling Companies<\/title>\n<meta name=\"description\" content=\"Ruisheng Glass Co, Ltd, a professional liquor bottling companies, provide 375ml glass liquor bottles wholesale in factory outlet price.\" \/>\n<meta name=\"robots\" content=\"index, follow, max-snippet:-1, max-image-preview:large, max-video-preview:-1\" \/>\n<link rel=\"canonical\" href=\"https:\/\/ruishengglassco.com\/es\/producto\/rs017-375ml-botella-de-vidrio-proveedor-de-licor-whisky-brandy-vodka\" \/>\n<meta property=\"og:locale\" content=\"es_ES\" \/>\n<meta property=\"og:type\" content=\"article\" \/>\n<meta property=\"og:title\" content=\"375ml Glass Liquor Bottles Supplier | Liquor Bottling Companies\" \/>\n<meta property=\"og:description\" content=\"Ruisheng Glass Co, Ltd, a professional liquor bottling companies, provide 375ml glass liquor bottles wholesale in factory outlet price.\" \/>\n<meta property=\"og:url\" content=\"https:\/\/ruishengglassco.com\/es\/producto\/rs017-375ml-botella-de-vidrio-proveedor-de-licor-whisky-brandy-vodka\" \/>\n<meta property=\"article:publisher\" content=\"https:\/\/www.facebook.com\/ruishengglassbottles\" \/>\n<meta property=\"article:modified_time\" content=\"2025-07-17T06:54:00+00:00\" \/>\n<meta property=\"og:image\" content=\"https:\/\/ruishengglassco.com\/wp-content\/uploads\/2025\/03\/RS017-375ml-Glass-Bottle-Wholesale-For-Liquor-Whiskey-Brandy-Vodka.webp\" \/>\n\t<meta property=\"og:image:width\" content=\"800\" \/>\n\t<meta property=\"og:image:height\" content=\"800\" \/>\n\t<meta property=\"og:image:type\" content=\"image\/webp\" \/>\n<meta name=\"twitter:card\" content=\"summary_large_image\" \/>\n<meta name=\"twitter:label1\" content=\"Tiempo de lectura\" \/>\n\t<meta name=\"twitter:data1\" content=\"2 minutos\" \/>\n<script type=\"application\/ld+json\" class=\"yoast-schema-graph\">{\"@context\":\"https:\/\/schema.org\",\"@graph\":[{\"@type\":\"WebPage\",\"@id\":\"https:\/\/ruishengglassco.com\/product\/rs017-375ml-glass-bottle-supplier-for-liquor-whiskey-brandy-vodka\",\"url\":\"https:\/\/ruishengglassco.com\/product\/rs017-375ml-glass-bottle-supplier-for-liquor-whiskey-brandy-vodka\",\"name\":\"375ml Glass Liquor Bottles Supplier | Liquor Bottling Companies\",\"isPartOf\":{\"@id\":\"https:\/\/ruishengglassco.com\/#website\"},\"datePublished\":\"2025-03-15T14:00:57+00:00\",\"dateModified\":\"2025-07-17T06:54:00+00:00\",\"description\":\"Ruisheng Glass Co, Ltd, a professional liquor bottling companies, provide 375ml glass liquor bottles wholesale in factory outlet price.\",\"breadcrumb\":{\"@id\":\"https:\/\/ruishengglassco.com\/product\/rs017-375ml-glass-bottle-supplier-for-liquor-whiskey-brandy-vodka#breadcrumb\"},\"inLanguage\":\"es\",\"potentialAction\":[{\"@type\":\"ReadAction\",\"target\":[\"https:\/\/ruishengglassco.com\/product\/rs017-375ml-glass-bottle-supplier-for-liquor-whiskey-brandy-vodka\"]}]},{\"@type\":\"BreadcrumbList\",\"@id\":\"https:\/\/ruishengglassco.com\/product\/rs017-375ml-glass-bottle-supplier-for-liquor-whiskey-brandy-vodka#breadcrumb\",\"itemListElement\":[{\"@type\":\"ListItem\",\"position\":1,\"name\":\"Home\",\"item\":\"https:\/\/ruishengglassco.com\/\"},{\"@type\":\"ListItem\",\"position\":2,\"name\":\"Products\",\"item\":\"https:\/\/ruishengglassco.com\/products\"},{\"@type\":\"ListItem\",\"position\":3,\"name\":\"RS017: 375ml Glass Bottle Supplier For Liquor\/Whiskey\/Brandy\/Vodka\"}]},{\"@type\":\"WebSite\",\"@id\":\"https:\/\/ruishengglassco.com\/#website\",\"url\":\"https:\/\/ruishengglassco.com\/\",\"name\":\"Ruisheng Glass\",\"description\":\"\",\"publisher\":{\"@id\":\"https:\/\/ruishengglassco.com\/#organization\"},\"potentialAction\":[{\"@type\":\"SearchAction\",\"target\":{\"@type\":\"EntryPoint\",\"urlTemplate\":\"https:\/\/ruishengglassco.com\/?s={search_term_string}\"},\"query-input\":\"required name=search_term_string\"}],\"inLanguage\":\"es\"},{\"@type\":\"Organization\",\"@id\":\"https:\/\/ruishengglassco.com\/#organization\",\"name\":\"Shandong Yuncheng Ruisheng Glass Co., Ltd\",\"url\":\"https:\/\/ruishengglassco.com\/\",\"logo\":{\"@type\":\"ImageObject\",\"inLanguage\":\"es\",\"@id\":\"https:\/\/ruishengglassco.com\/#\/schema\/logo\/image\/\",\"url\":\"https:\/\/ruishengglassco.com\/wp-content\/uploads\/2023\/09\/ruisheng_logo_icon.webp\",\"contentUrl\":\"https:\/\/ruishengglassco.com\/wp-content\/uploads\/2023\/09\/ruisheng_logo_icon.webp\",\"width\":400,\"height\":233,\"caption\":\"Shandong Yuncheng Ruisheng Glass Co., Ltd\"},\"image\":{\"@id\":\"https:\/\/ruishengglassco.com\/#\/schema\/logo\/image\/\"},\"sameAs\":[\"https:\/\/www.facebook.com\/ruishengglassbottles\",\"https:\/\/www.instagram.com\/Ruishengglassbottlewholesales\/\",\"https:\/\/www.youtube.com\/channel\/UCMmbMNGwsL-XrtjfSFLCdVQ\"]}]}<\/script>\n<!-- \/ Yoast SEO plugin. -->","yoast_head_json":{"title":"375ml Glass Liquor Bottles Supplier | Liquor Bottling Companies","description":"Ruisheng Glass Co, Ltd, a professional liquor bottling companies, provide 375ml glass liquor bottles wholesale in factory outlet price.","robots":{"index":"index","follow":"follow","max-snippet":"max-snippet:-1","max-image-preview":"max-image-preview:large","max-video-preview":"max-video-preview:-1"},"canonical":"https:\/\/ruishengglassco.com\/es\/producto\/rs017-375ml-botella-de-vidrio-proveedor-de-licor-whisky-brandy-vodka","og_locale":"es_ES","og_type":"article","og_title":"375ml Glass Liquor Bottles Supplier | Liquor Bottling Companies","og_description":"Ruisheng Glass Co, Ltd, a professional liquor bottling companies, provide 375ml glass liquor bottles wholesale in factory outlet price.","og_url":"https:\/\/ruishengglassco.com\/es\/producto\/rs017-375ml-botella-de-vidrio-proveedor-de-licor-whisky-brandy-vodka","article_publisher":"https:\/\/www.facebook.com\/ruishengglassbottles","article_modified_time":"2025-07-17T06:54:00+00:00","og_image":[{"width":800,"height":800,"url":"https:\/\/ruishengglassco.com\/wp-content\/uploads\/2025\/03\/RS017-375ml-Glass-Bottle-Wholesale-For-Liquor-Whiskey-Brandy-Vodka.webp","type":"image\/webp"}],"twitter_card":"summary_large_image","twitter_misc":{"Tiempo de lectura":"2 minutos"},"schema":{"@context":"https:\/\/schema.org","@graph":[{"@type":"WebPage","@id":"https:\/\/ruishengglassco.com\/product\/rs017-375ml-glass-bottle-supplier-for-liquor-whiskey-brandy-vodka","url":"https:\/\/ruishengglassco.com\/product\/rs017-375ml-glass-bottle-supplier-for-liquor-whiskey-brandy-vodka","name":"375ml Glass Liquor Bottles Supplier | Liquor Bottling Companies","isPartOf":{"@id":"https:\/\/ruishengglassco.com\/#website"},"datePublished":"2025-03-15T14:00:57+00:00","dateModified":"2025-07-17T06:54:00+00:00","description":"Ruisheng Glass Co, Ltd, a professional liquor bottling companies, provide 375ml glass liquor bottles wholesale in factory outlet price.","breadcrumb":{"@id":"https:\/\/ruishengglassco.com\/product\/rs017-375ml-glass-bottle-supplier-for-liquor-whiskey-brandy-vodka#breadcrumb"},"inLanguage":"es","potentialAction":[{"@type":"ReadAction","target":["https:\/\/ruishengglassco.com\/product\/rs017-375ml-glass-bottle-supplier-for-liquor-whiskey-brandy-vodka"]}]},{"@type":"BreadcrumbList","@id":"https:\/\/ruishengglassco.com\/product\/rs017-375ml-glass-bottle-supplier-for-liquor-whiskey-brandy-vodka#breadcrumb","itemListElement":[{"@type":"ListItem","position":1,"name":"Home","item":"https:\/\/ruishengglassco.com\/"},{"@type":"ListItem","position":2,"name":"Products","item":"https:\/\/ruishengglassco.com\/products"},{"@type":"ListItem","position":3,"name":"RS017: 375ml Glass Bottle Supplier For Liquor\/Whiskey\/Brandy\/Vodka"}]},{"@type":"WebSite","@id":"https:\/\/ruishengglassco.com\/#website","url":"https:\/\/ruishengglassco.com\/","name":"Ruisheng Glass","description":"","publisher":{"@id":"https:\/\/ruishengglassco.com\/#organization"},"potentialAction":[{"@type":"SearchAction","target":{"@type":"EntryPoint","urlTemplate":"https:\/\/ruishengglassco.com\/?s={search_term_string}"},"query-input":"required name=search_term_string"}],"inLanguage":"es"},{"@type":"Organization","@id":"https:\/\/ruishengglassco.com\/#organization","name":"Shandong Yuncheng Ruisheng Glass Co., Ltd","url":"https:\/\/ruishengglassco.com\/","logo":{"@type":"ImageObject","inLanguage":"es","@id":"https:\/\/ruishengglassco.com\/#\/schema\/logo\/image\/","url":"https:\/\/ruishengglassco.com\/wp-content\/uploads\/2023\/09\/ruisheng_logo_icon.webp","contentUrl":"https:\/\/ruishengglassco.com\/wp-content\/uploads\/2023\/09\/ruisheng_logo_icon.webp","width":400,"height":233,"caption":"Shandong Yuncheng Ruisheng Glass Co., Ltd"},"image":{"@id":"https:\/\/ruishengglassco.com\/#\/schema\/logo\/image\/"},"sameAs":["https:\/\/www.facebook.com\/ruishengglassbottles","https:\/\/www.instagram.com\/Ruishengglassbottlewholesales\/","https:\/\/www.youtube.com\/channel\/UCMmbMNGwsL-XrtjfSFLCdVQ"]}]}},"_links":{"self":[{"href":"https:\/\/ruishengglassco.com\/es\/wp-json\/wp\/v2\/product\/4360","targetHints":{"allow":["GET"]}}],"collection":[{"href":"https:\/\/ruishengglassco.com\/es\/wp-json\/wp\/v2\/product"}],"about":[{"href":"https:\/\/ruishengglassco.com\/es\/wp-json\/wp\/v2\/types\/product"}],"replies":[{"embeddable":true,"href":"https:\/\/ruishengglassco.com\/es\/wp-json\/wp\/v2\/comments?post=4360"}],"wp:featuredmedia":[{"embeddable":true,"href":"https:\/\/ruishengglassco.com\/es\/wp-json\/wp\/v2\/media\/4361"}],"wp:attachment":[{"href":"https:\/\/ruishengglassco.com\/es\/wp-json\/wp\/v2\/media?parent=4360"}],"wp:term":[{"taxonomy":"product_cat","embeddable":true,"href":"https:\/\/ruishengglassco.com\/es\/wp-json\/wp\/v2\/product_cat?post=4360"}],"curies":[{"name":"wp","href":"https:\/\/api.w.org\/{rel}","templated":true}]}}