{"id":4353,"date":"2025-03-15T21:52:46","date_gmt":"2025-03-15T13:52:46","guid":{"rendered":"https:\/\/ruishengglassco.com\/?post_type=product&#038;p=4353"},"modified":"2025-07-17T14:52:37","modified_gmt":"2025-07-17T06:52:37","slug":"rs019-botella-de-ginebra-personalizada-500ml-700ml-750ml-coste","status":"publish","type":"product","link":"https:\/\/ruishengglassco.com\/es\/producto\/rs019-botella-de-ginebra-personalizada-500ml-700ml-750ml-coste","title":{"rendered":"RS019: Botella de ginebra personalizada 500ML\/700ML\/750ML Coste"},"content":{"rendered":"<h2>Informaci\u00f3n detallada sobre el coste de la botella de ginebra personalizada 500ML\/700ML\/750ML<\/h2>\n<ul>\n<li>Art\u00edculo: Botella de ginebra personalizada 500ML\/700ML\/750ML<\/li>\n<li>N\u00famero de modelo: RS019<\/li>\n<li>Uso: Ginebra, aceite, whisky, tequila, vodka, brandy, agua, botella de vidrio para bebidas<\/li>\n<li>Capacidad: 100ml, 200ml, 250ml, 500ml, 600ml, 700ml, 750ml, 1000ml,2L<\/li>\n<li>Material: Vidrio s\u00faper s\u00edlex\/vidrio extra s\u00edlex<\/li>\n<li>Tratamiento de superficies: Gofrado, Calcoman\u00eda, Pintura, Esmerilado, Estampaci\u00f3n en caliente, Galvanoplastia<\/li>\n<li>Logotipo: Logotipo personalizado disponible<\/li>\n<li>Muestra: Proporcionado libremente si utiliza nuestro molde existente.<\/li>\n<li>Embalaje: Cajas de cart\u00f3n con separador de cart\u00f3n, palet, palet+cart\u00f3n, caja de color con logotipo personalizado<\/li>\n<li>Entrega: Por mar, por aire, por expreso<\/li>\n<li>Condiciones de pago: T\/T L\/C Western union<\/li>\n<li>Ventajas:<\/li>\n<\/ul>\n<p>I). Con 10 a\u00f1os de experiencia en la fabricaci\u00f3n de botellas de vidrio<\/p>\n<p>II). Alto grado de transparencia, bajo \u00edndice de rotura. Superficie lisa, sin burbujas ni arrugas.<\/p>\n<p>III). Incluso con fondo grueso, el color tambi\u00e9n es muy puro.<\/p>\n<p>IV). Precio bajo pero razonable.<\/p>\n<p>V). El coste del molde puede ser reembolsado para pedidos de 50.000 piezas.<\/p>\n<p>VI). Muestras r\u00e1pidas para una orden de encargo, la muestra se puede acabar en el plazo de 15days.<\/p>\n<p>VII). Si se rompe alguna botella durante el transporte, se compensar\u00e1 en el siguiente pedido.<\/p>\n<p>VIII). Hemos superado las pruebas SGS, TUV, ISO9001, ISO14001 y otras.<\/p>\n<p>VX). El cliente puede obtener un servicio integral de Ruisheng<\/p>","protected":false},"excerpt":{"rendered":"<p><span data-preserver-spaces=\"true\">Esta serie de botellas de ginebra personalizadas <\/span><span data-preserver-spaces=\"true\">est\u00e1 dise\u00f1ado<\/span><span data-preserver-spaces=\"true\"> para nuestros clientes <\/span><span data-preserver-spaces=\"true\">de<\/span><span data-preserver-spaces=\"true\"> el Reino Unido, <\/span><span data-preserver-spaces=\"true\">usado<\/span><span data-preserver-spaces=\"true\"> en envases de ginebra seca.<\/span><span data-preserver-spaces=\"true\"> Su dise\u00f1o exclusivo y aspecto atractivo ganan el favor de los clientes.<\/span><\/p>\n<p><span data-preserver-spaces=\"true\">Ruisheng es uno de los principales fabricantes de botellas de licor de China. Ofrecemos servicios de OEM, ODM y botellas personalizadas. Nuestros clientes incluyen marcas de licores, empresas, mayoristas de botellas de vidrio y distribuidores.<\/span><\/p>\n<h2><strong><span data-preserver-spaces=\"true\">Solicitar informaci\u00f3n sobre las botellas de ginebra personalizadas<\/span><\/strong><\/h2>\n<p><strong><span data-preserver-spaces=\"true\">-MOQ: 10000 PCS (Alrededor de 10000 piezas)<\/span><\/strong><\/p>\n<p><span data-preserver-spaces=\"true\">-Se ofrece muestra gratuita. OEM\/ODM Disponible<\/span><\/p>\n<p><span data-preserver-spaces=\"true\">-Entrega global en 30 d\u00edas.<\/span><\/p>\n<p><span data-preserver-spaces=\"true\">Si usted <\/span><span data-preserver-spaces=\"true\">desea<\/span><span data-preserver-spaces=\"true\"> a <\/span><span data-preserver-spaces=\"true\">personalice<\/span><span data-preserver-spaces=\"true\"> a<\/span> <span data-preserver-spaces=\"true\">botella de ginebra, por favor <\/span><span data-preserver-spaces=\"true\">si\u00e9ntete libre<\/span><span data-preserver-spaces=\"true\"> para ponerse en contacto con nosotros.<\/span><\/p>","protected":false},"featured_media":4354,"comment_status":"closed","ping_status":"closed","template":"","meta":[],"product_cat":[41,44,40,50],"class_list":{"0":"post-4353","1":"product","2":"type-product","3":"status-publish","4":"has-post-thumbnail","6":"product_cat-500ml-liquor-bottle-manufacturer","7":"product_cat-700ml-liquor-bottle-manufacturer","8":"product_cat-750ml-liquor-bottle-manufacturer","9":"product_cat-gin-bottle","11":"first","12":"instock","13":"shipping-taxable","14":"product-type-simple"},"yoast_head":"<!-- This site is optimized with the Yoast SEO plugin v22.0 - https:\/\/yoast.com\/wordpress\/plugins\/seo\/ -->\n<title>Personalised Gin Bottle 500ML\/700ML\/750ML Cost<\/title>\n<meta name=\"description\" content=\"Want to get personalised gin bottle? Click here to get custom gin bottle 500ML\/700ML\/750ML cost from China Glass Bottle Manufacturer.\" \/>\n<meta name=\"robots\" content=\"index, follow, max-snippet:-1, max-image-preview:large, max-video-preview:-1\" \/>\n<link rel=\"canonical\" href=\"https:\/\/ruishengglassco.com\/es\/producto\/rs019-botella-de-ginebra-personalizada-500ml-700ml-750ml-coste\" \/>\n<meta property=\"og:locale\" content=\"es_ES\" \/>\n<meta property=\"og:type\" content=\"article\" \/>\n<meta property=\"og:title\" content=\"Personalised Gin Bottle 500ML\/700ML\/750ML Cost\" \/>\n<meta property=\"og:description\" content=\"Want to get personalised gin bottle? Click here to get custom gin bottle 500ML\/700ML\/750ML cost from China Glass Bottle Manufacturer.\" \/>\n<meta property=\"og:url\" content=\"https:\/\/ruishengglassco.com\/es\/producto\/rs019-botella-de-ginebra-personalizada-500ml-700ml-750ml-coste\" \/>\n<meta property=\"article:publisher\" content=\"https:\/\/www.facebook.com\/ruishengglassbottles\" \/>\n<meta property=\"article:modified_time\" content=\"2025-07-17T06:52:37+00:00\" \/>\n<meta property=\"og:image\" content=\"https:\/\/ruishengglassco.com\/wp-content\/uploads\/2025\/03\/RS019-Personalised-Gin-Bottle-500ML-700ML-750ML-Cost.webp\" \/>\n\t<meta property=\"og:image:width\" content=\"800\" \/>\n\t<meta property=\"og:image:height\" content=\"800\" \/>\n\t<meta property=\"og:image:type\" content=\"image\/webp\" \/>\n<meta name=\"twitter:card\" content=\"summary_large_image\" \/>\n<meta name=\"twitter:label1\" content=\"Tiempo de lectura\" \/>\n\t<meta name=\"twitter:data1\" content=\"2 minutos\" \/>\n<script type=\"application\/ld+json\" class=\"yoast-schema-graph\">{\"@context\":\"https:\/\/schema.org\",\"@graph\":[{\"@type\":\"WebPage\",\"@id\":\"https:\/\/ruishengglassco.com\/product\/rs019-personalised-gin-bottle-500ml-700ml-750ml-cost\",\"url\":\"https:\/\/ruishengglassco.com\/product\/rs019-personalised-gin-bottle-500ml-700ml-750ml-cost\",\"name\":\"Personalised Gin Bottle 500ML\/700ML\/750ML Cost\",\"isPartOf\":{\"@id\":\"https:\/\/ruishengglassco.com\/#website\"},\"datePublished\":\"2025-03-15T13:52:46+00:00\",\"dateModified\":\"2025-07-17T06:52:37+00:00\",\"description\":\"Want to get personalised gin bottle? Click here to get custom gin bottle 500ML\/700ML\/750ML cost from China Glass Bottle Manufacturer.\",\"breadcrumb\":{\"@id\":\"https:\/\/ruishengglassco.com\/product\/rs019-personalised-gin-bottle-500ml-700ml-750ml-cost#breadcrumb\"},\"inLanguage\":\"es\",\"potentialAction\":[{\"@type\":\"ReadAction\",\"target\":[\"https:\/\/ruishengglassco.com\/product\/rs019-personalised-gin-bottle-500ml-700ml-750ml-cost\"]}]},{\"@type\":\"BreadcrumbList\",\"@id\":\"https:\/\/ruishengglassco.com\/product\/rs019-personalised-gin-bottle-500ml-700ml-750ml-cost#breadcrumb\",\"itemListElement\":[{\"@type\":\"ListItem\",\"position\":1,\"name\":\"Home\",\"item\":\"https:\/\/ruishengglassco.com\/\"},{\"@type\":\"ListItem\",\"position\":2,\"name\":\"Products\",\"item\":\"https:\/\/ruishengglassco.com\/products\"},{\"@type\":\"ListItem\",\"position\":3,\"name\":\"RS019: Personalised Gin Bottle 500ML\/700ML\/750ML Cost\"}]},{\"@type\":\"WebSite\",\"@id\":\"https:\/\/ruishengglassco.com\/#website\",\"url\":\"https:\/\/ruishengglassco.com\/\",\"name\":\"Ruisheng Glass\",\"description\":\"\",\"publisher\":{\"@id\":\"https:\/\/ruishengglassco.com\/#organization\"},\"potentialAction\":[{\"@type\":\"SearchAction\",\"target\":{\"@type\":\"EntryPoint\",\"urlTemplate\":\"https:\/\/ruishengglassco.com\/?s={search_term_string}\"},\"query-input\":\"required name=search_term_string\"}],\"inLanguage\":\"es\"},{\"@type\":\"Organization\",\"@id\":\"https:\/\/ruishengglassco.com\/#organization\",\"name\":\"Shandong Yuncheng Ruisheng Glass Co., Ltd\",\"url\":\"https:\/\/ruishengglassco.com\/\",\"logo\":{\"@type\":\"ImageObject\",\"inLanguage\":\"es\",\"@id\":\"https:\/\/ruishengglassco.com\/#\/schema\/logo\/image\/\",\"url\":\"https:\/\/ruishengglassco.com\/wp-content\/uploads\/2023\/09\/ruisheng_logo_icon.webp\",\"contentUrl\":\"https:\/\/ruishengglassco.com\/wp-content\/uploads\/2023\/09\/ruisheng_logo_icon.webp\",\"width\":400,\"height\":233,\"caption\":\"Shandong Yuncheng Ruisheng Glass Co., Ltd\"},\"image\":{\"@id\":\"https:\/\/ruishengglassco.com\/#\/schema\/logo\/image\/\"},\"sameAs\":[\"https:\/\/www.facebook.com\/ruishengglassbottles\",\"https:\/\/www.instagram.com\/Ruishengglassbottlewholesales\/\",\"https:\/\/www.youtube.com\/channel\/UCMmbMNGwsL-XrtjfSFLCdVQ\"]}]}<\/script>\n<!-- \/ Yoast SEO plugin. -->","yoast_head_json":{"title":"Personalised Gin Bottle 500ML\/700ML\/750ML Cost","description":"Want to get personalised gin bottle? Click here to get custom gin bottle 500ML\/700ML\/750ML cost from China Glass Bottle Manufacturer.","robots":{"index":"index","follow":"follow","max-snippet":"max-snippet:-1","max-image-preview":"max-image-preview:large","max-video-preview":"max-video-preview:-1"},"canonical":"https:\/\/ruishengglassco.com\/es\/producto\/rs019-botella-de-ginebra-personalizada-500ml-700ml-750ml-coste","og_locale":"es_ES","og_type":"article","og_title":"Personalised Gin Bottle 500ML\/700ML\/750ML Cost","og_description":"Want to get personalised gin bottle? Click here to get custom gin bottle 500ML\/700ML\/750ML cost from China Glass Bottle Manufacturer.","og_url":"https:\/\/ruishengglassco.com\/es\/producto\/rs019-botella-de-ginebra-personalizada-500ml-700ml-750ml-coste","article_publisher":"https:\/\/www.facebook.com\/ruishengglassbottles","article_modified_time":"2025-07-17T06:52:37+00:00","og_image":[{"width":800,"height":800,"url":"https:\/\/ruishengglassco.com\/wp-content\/uploads\/2025\/03\/RS019-Personalised-Gin-Bottle-500ML-700ML-750ML-Cost.webp","type":"image\/webp"}],"twitter_card":"summary_large_image","twitter_misc":{"Tiempo de lectura":"2 minutos"},"schema":{"@context":"https:\/\/schema.org","@graph":[{"@type":"WebPage","@id":"https:\/\/ruishengglassco.com\/product\/rs019-personalised-gin-bottle-500ml-700ml-750ml-cost","url":"https:\/\/ruishengglassco.com\/product\/rs019-personalised-gin-bottle-500ml-700ml-750ml-cost","name":"Personalised Gin Bottle 500ML\/700ML\/750ML Cost","isPartOf":{"@id":"https:\/\/ruishengglassco.com\/#website"},"datePublished":"2025-03-15T13:52:46+00:00","dateModified":"2025-07-17T06:52:37+00:00","description":"Want to get personalised gin bottle? Click here to get custom gin bottle 500ML\/700ML\/750ML cost from China Glass Bottle Manufacturer.","breadcrumb":{"@id":"https:\/\/ruishengglassco.com\/product\/rs019-personalised-gin-bottle-500ml-700ml-750ml-cost#breadcrumb"},"inLanguage":"es","potentialAction":[{"@type":"ReadAction","target":["https:\/\/ruishengglassco.com\/product\/rs019-personalised-gin-bottle-500ml-700ml-750ml-cost"]}]},{"@type":"BreadcrumbList","@id":"https:\/\/ruishengglassco.com\/product\/rs019-personalised-gin-bottle-500ml-700ml-750ml-cost#breadcrumb","itemListElement":[{"@type":"ListItem","position":1,"name":"Home","item":"https:\/\/ruishengglassco.com\/"},{"@type":"ListItem","position":2,"name":"Products","item":"https:\/\/ruishengglassco.com\/products"},{"@type":"ListItem","position":3,"name":"RS019: Personalised Gin Bottle 500ML\/700ML\/750ML Cost"}]},{"@type":"WebSite","@id":"https:\/\/ruishengglassco.com\/#website","url":"https:\/\/ruishengglassco.com\/","name":"Ruisheng Glass","description":"","publisher":{"@id":"https:\/\/ruishengglassco.com\/#organization"},"potentialAction":[{"@type":"SearchAction","target":{"@type":"EntryPoint","urlTemplate":"https:\/\/ruishengglassco.com\/?s={search_term_string}"},"query-input":"required name=search_term_string"}],"inLanguage":"es"},{"@type":"Organization","@id":"https:\/\/ruishengglassco.com\/#organization","name":"Shandong Yuncheng Ruisheng Glass Co., Ltd","url":"https:\/\/ruishengglassco.com\/","logo":{"@type":"ImageObject","inLanguage":"es","@id":"https:\/\/ruishengglassco.com\/#\/schema\/logo\/image\/","url":"https:\/\/ruishengglassco.com\/wp-content\/uploads\/2023\/09\/ruisheng_logo_icon.webp","contentUrl":"https:\/\/ruishengglassco.com\/wp-content\/uploads\/2023\/09\/ruisheng_logo_icon.webp","width":400,"height":233,"caption":"Shandong Yuncheng Ruisheng Glass Co., Ltd"},"image":{"@id":"https:\/\/ruishengglassco.com\/#\/schema\/logo\/image\/"},"sameAs":["https:\/\/www.facebook.com\/ruishengglassbottles","https:\/\/www.instagram.com\/Ruishengglassbottlewholesales\/","https:\/\/www.youtube.com\/channel\/UCMmbMNGwsL-XrtjfSFLCdVQ"]}]}},"_links":{"self":[{"href":"https:\/\/ruishengglassco.com\/es\/wp-json\/wp\/v2\/product\/4353","targetHints":{"allow":["GET"]}}],"collection":[{"href":"https:\/\/ruishengglassco.com\/es\/wp-json\/wp\/v2\/product"}],"about":[{"href":"https:\/\/ruishengglassco.com\/es\/wp-json\/wp\/v2\/types\/product"}],"replies":[{"embeddable":true,"href":"https:\/\/ruishengglassco.com\/es\/wp-json\/wp\/v2\/comments?post=4353"}],"wp:featuredmedia":[{"embeddable":true,"href":"https:\/\/ruishengglassco.com\/es\/wp-json\/wp\/v2\/media\/4354"}],"wp:attachment":[{"href":"https:\/\/ruishengglassco.com\/es\/wp-json\/wp\/v2\/media?parent=4353"}],"wp:term":[{"taxonomy":"product_cat","embeddable":true,"href":"https:\/\/ruishengglassco.com\/es\/wp-json\/wp\/v2\/product_cat?post=4353"}],"curies":[{"name":"wp","href":"https:\/\/api.w.org\/{rel}","templated":true}]}}