{"id":4349,"date":"2025-03-15T21:46:38","date_gmt":"2025-03-15T13:46:38","guid":{"rendered":"https:\/\/ruishengglassco.com\/?post_type=product&#038;p=4349"},"modified":"2025-09-11T16:43:24","modified_gmt":"2025-09-11T08:43:24","slug":"rs021-al-por-mayor-botellas-de-licor-750ml-700ml-para-ron-ginebra-whisky","status":"publish","type":"product","link":"https:\/\/ruishengglassco.com\/es\/producto\/rs021-al-por-mayor-botellas-de-licor-750ml-700ml-para-ron-ginebra-whisky","title":{"rendered":"RS021: Botellas de Licor 750ml\/700ml Para Ron\/Ginebra\/ Whisky"},"content":{"rendered":"<h2>Una informaci\u00f3n detallada acerca de botellas de licor 750ml\/700ml Para Ron \/ Ginebra \/ Whisky<\/h2>\n<p>Estas botellas de licor al por mayor de 750 ml utilizan vidrio de alto pedernal. Son perfectas para envasar licor, whisky, brandy, ron, ginebra y otros licores.<\/p>\n<p>Ruisheng es un fabricante profesional de botellas de vidrio. Ofrecemos servicios OEM y ODM a nuestros clientes. Puede personalizar botellas de licor, Logotipos y Etiquetas para su marca.<\/p>\n<p>En Ruisheng, esperamos que pueda encontrar los estilos y formas m\u00e1s elegantes de botellas de vidrio para satisfacer sus necesidades de fabricaci\u00f3n a gran escala. Puede contactar directamente con nuestro departamento de ventas haciendo clic aqu\u00ed y comunicar a nuestro equipo de ventas lo que est\u00e1 buscando.<\/p>\n<ul>\n<li>Nombre del modelo: Botella de licor al por mayor 750ml<\/li>\n<li>N\u00famero de modelo: Ruisheng021<\/li>\n<li>Nombre de marca: RUISHENG<\/li>\n<li><strong>MOQ: 10000pcs<\/strong><\/li>\n<li>Capacidad: 500 ml\/700 ml\/750 ml\/personalizada<\/li>\n<li>Tratamiento de superficies: Hot Stamping, Escarcha, Calcoman\u00eda, Relieve, Serigraf\u00eda<\/li>\n<li>Material: Vidrio Super Flint<\/li>\n<li>Material del collar: Botella de vidrio transparente<\/li>\n<li>Tipo de cierre: Tap\u00f3n de rosca, Corcho, Tap\u00f3n de vidrio, Tap\u00f3n Twist-off<\/li>\n<li>Uso: Botella de Ron\/Ginebra\/Whisky<\/li>\n<li>Lugar de origen: Shandong, China<\/li>\n<li>embalaje: Cajas de cart\u00f3n y pal\u00e9s de exportaci\u00f3n est\u00e1ndar<\/li>\n<li>Servicios: Servicio OEM\/ODM<\/li>\n<\/ul>","protected":false},"excerpt":{"rendered":"<p data-block-id=\"3bfc9317-b20e-48b2-b67a-5754d036edf6\" data-pm-slice=\"1 1 []\">Ruisheng es uno de los principales fabricantes de botellas de vidrio de China. Ofrecen botellas de licor de 750 ml al por mayor para chateaus, marcas de licor y empresas. Tenemos m\u00e1s de 10 a\u00f1os de experiencia en la fabricaci\u00f3n de botellas de licor de vidrio. Nuestras botellas son bien reconocidas en el mercado y se exportan a los EE.UU., Canad\u00e1, Francia, Gran Breta\u00f1a, Jap\u00f3n, Corea del Sur, y m\u00e1s de 20 pa\u00edses y regiones.<\/p>\n<h2>Aqu\u00ed est\u00e1 la informaci\u00f3n de la orden sobre botellas de licor al por mayor 750ml<\/h2>\n<ul>\n<li>N\u00ba:Ruisheng-1008<\/li>\n<li><strong>MOQ: 10000PCS<\/strong><\/li>\n<li>Material: Super vidrio de s\u00edlex<\/li>\n<li><strong>Servicio OEM\/ODM<\/strong><\/li>\n<li>Tipo de cierre: Tap\u00f3n de corcho \/ tap\u00f3n de rosca<\/li>\n<li>Especificaci\u00f3n: 50ml-1500ml<\/li>\n<li>M\u00e9todo de embalaje: Embalaje est\u00e1ndar para exportaci\u00f3n o embalaje personalizado<\/li>\n<li>Plazo de entrega : En 20-30 d\u00edas seg\u00fan el tama\u00f1o y la cantidad requeridos.<\/li>\n<\/ul>\n<p>Si desea obtener el precio al por mayor de botellas de licor, haga clic aqu\u00ed para ponerse en contacto con nosotros.<\/p>","protected":false},"featured_media":4350,"comment_status":"closed","ping_status":"closed","template":"","meta":[],"product_cat":[44,40,50,57],"class_list":{"0":"post-4349","1":"product","2":"type-product","3":"status-publish","4":"has-post-thumbnail","6":"product_cat-700ml-liquor-bottle-manufacturer","7":"product_cat-750ml-liquor-bottle-manufacturer","8":"product_cat-gin-bottle","9":"product_cat-rum-bottle","11":"first","12":"instock","13":"shipping-taxable","14":"product-type-simple"},"yoast_head":"<!-- This site is optimized with the Yoast SEO plugin v22.0 - https:\/\/yoast.com\/wordpress\/plugins\/seo\/ -->\n<title>Liquor Bottles 750ml | Glass Bottle Manufacturing Companies<\/title>\n<meta name=\"description\" content=\"Ruisheng, One of the leading glass bottle manufacturing companies in China, provide wholesale liquor bottles 750ml in cheap price.\" \/>\n<meta name=\"robots\" content=\"index, follow, max-snippet:-1, max-image-preview:large, max-video-preview:-1\" \/>\n<link rel=\"canonical\" href=\"https:\/\/ruishengglassco.com\/es\/producto\/rs021-al-por-mayor-botellas-de-licor-750ml-700ml-para-ron-ginebra-whisky\" \/>\n<meta property=\"og:locale\" content=\"es_ES\" \/>\n<meta property=\"og:type\" content=\"article\" \/>\n<meta property=\"og:title\" content=\"Liquor Bottles 750ml | Glass Bottle Manufacturing Companies\" \/>\n<meta property=\"og:description\" content=\"Ruisheng, One of the leading glass bottle manufacturing companies in China, provide wholesale liquor bottles 750ml in cheap price.\" \/>\n<meta property=\"og:url\" content=\"https:\/\/ruishengglassco.com\/es\/producto\/rs021-al-por-mayor-botellas-de-licor-750ml-700ml-para-ron-ginebra-whisky\" \/>\n<meta property=\"article:publisher\" content=\"https:\/\/www.facebook.com\/ruishengglassbottles\" \/>\n<meta property=\"article:modified_time\" content=\"2025-09-11T08:43:24+00:00\" \/>\n<meta property=\"og:image\" content=\"https:\/\/ruishengglassco.com\/wp-content\/uploads\/2025\/03\/RS021-Wholesale-Liquor-Bottles-750ml-700ml-For-Rum-Gin-Whiskey.webp\" \/>\n\t<meta property=\"og:image:width\" content=\"800\" \/>\n\t<meta property=\"og:image:height\" content=\"800\" \/>\n\t<meta property=\"og:image:type\" content=\"image\/webp\" \/>\n<meta name=\"twitter:card\" content=\"summary_large_image\" \/>\n<meta name=\"twitter:label1\" content=\"Tiempo de lectura\" \/>\n\t<meta name=\"twitter:data1\" content=\"1 minuto\" \/>\n<script type=\"application\/ld+json\" class=\"yoast-schema-graph\">{\"@context\":\"https:\/\/schema.org\",\"@graph\":[{\"@type\":\"WebPage\",\"@id\":\"https:\/\/ruishengglassco.com\/product\/rs021-wholesale-liquor-bottles-750ml-700ml-for-rum-gin-whiskey\",\"url\":\"https:\/\/ruishengglassco.com\/product\/rs021-wholesale-liquor-bottles-750ml-700ml-for-rum-gin-whiskey\",\"name\":\"Liquor Bottles 750ml | Glass Bottle Manufacturing Companies\",\"isPartOf\":{\"@id\":\"https:\/\/ruishengglassco.com\/#website\"},\"datePublished\":\"2025-03-15T13:46:38+00:00\",\"dateModified\":\"2025-09-11T08:43:24+00:00\",\"description\":\"Ruisheng, One of the leading glass bottle manufacturing companies in China, provide wholesale liquor bottles 750ml in cheap price.\",\"breadcrumb\":{\"@id\":\"https:\/\/ruishengglassco.com\/product\/rs021-wholesale-liquor-bottles-750ml-700ml-for-rum-gin-whiskey#breadcrumb\"},\"inLanguage\":\"es\",\"potentialAction\":[{\"@type\":\"ReadAction\",\"target\":[\"https:\/\/ruishengglassco.com\/product\/rs021-wholesale-liquor-bottles-750ml-700ml-for-rum-gin-whiskey\"]}]},{\"@type\":\"BreadcrumbList\",\"@id\":\"https:\/\/ruishengglassco.com\/product\/rs021-wholesale-liquor-bottles-750ml-700ml-for-rum-gin-whiskey#breadcrumb\",\"itemListElement\":[{\"@type\":\"ListItem\",\"position\":1,\"name\":\"Home\",\"item\":\"https:\/\/ruishengglassco.com\/\"},{\"@type\":\"ListItem\",\"position\":2,\"name\":\"Products\",\"item\":\"https:\/\/ruishengglassco.com\/products\"},{\"@type\":\"ListItem\",\"position\":3,\"name\":\"RS021: Liquor Bottles 750ml\/700ml For Rum\/Gin\/ Whiskey\"}]},{\"@type\":\"WebSite\",\"@id\":\"https:\/\/ruishengglassco.com\/#website\",\"url\":\"https:\/\/ruishengglassco.com\/\",\"name\":\"Ruisheng Glass\",\"description\":\"\",\"publisher\":{\"@id\":\"https:\/\/ruishengglassco.com\/#organization\"},\"potentialAction\":[{\"@type\":\"SearchAction\",\"target\":{\"@type\":\"EntryPoint\",\"urlTemplate\":\"https:\/\/ruishengglassco.com\/?s={search_term_string}\"},\"query-input\":\"required name=search_term_string\"}],\"inLanguage\":\"es\"},{\"@type\":\"Organization\",\"@id\":\"https:\/\/ruishengglassco.com\/#organization\",\"name\":\"Shandong Yuncheng Ruisheng Glass Co., Ltd\",\"url\":\"https:\/\/ruishengglassco.com\/\",\"logo\":{\"@type\":\"ImageObject\",\"inLanguage\":\"es\",\"@id\":\"https:\/\/ruishengglassco.com\/#\/schema\/logo\/image\/\",\"url\":\"https:\/\/ruishengglassco.com\/wp-content\/uploads\/2023\/09\/ruisheng_logo_icon.webp\",\"contentUrl\":\"https:\/\/ruishengglassco.com\/wp-content\/uploads\/2023\/09\/ruisheng_logo_icon.webp\",\"width\":400,\"height\":233,\"caption\":\"Shandong Yuncheng Ruisheng Glass Co., Ltd\"},\"image\":{\"@id\":\"https:\/\/ruishengglassco.com\/#\/schema\/logo\/image\/\"},\"sameAs\":[\"https:\/\/www.facebook.com\/ruishengglassbottles\",\"https:\/\/www.instagram.com\/Ruishengglassbottlewholesales\/\",\"https:\/\/www.youtube.com\/channel\/UCMmbMNGwsL-XrtjfSFLCdVQ\"]}]}<\/script>\n<!-- \/ Yoast SEO plugin. -->","yoast_head_json":{"title":"Liquor Bottles 750ml | Glass Bottle Manufacturing Companies","description":"Ruisheng, One of the leading glass bottle manufacturing companies in China, provide wholesale liquor bottles 750ml in cheap price.","robots":{"index":"index","follow":"follow","max-snippet":"max-snippet:-1","max-image-preview":"max-image-preview:large","max-video-preview":"max-video-preview:-1"},"canonical":"https:\/\/ruishengglassco.com\/es\/producto\/rs021-al-por-mayor-botellas-de-licor-750ml-700ml-para-ron-ginebra-whisky","og_locale":"es_ES","og_type":"article","og_title":"Liquor Bottles 750ml | Glass Bottle Manufacturing Companies","og_description":"Ruisheng, One of the leading glass bottle manufacturing companies in China, provide wholesale liquor bottles 750ml in cheap price.","og_url":"https:\/\/ruishengglassco.com\/es\/producto\/rs021-al-por-mayor-botellas-de-licor-750ml-700ml-para-ron-ginebra-whisky","article_publisher":"https:\/\/www.facebook.com\/ruishengglassbottles","article_modified_time":"2025-09-11T08:43:24+00:00","og_image":[{"width":800,"height":800,"url":"https:\/\/ruishengglassco.com\/wp-content\/uploads\/2025\/03\/RS021-Wholesale-Liquor-Bottles-750ml-700ml-For-Rum-Gin-Whiskey.webp","type":"image\/webp"}],"twitter_card":"summary_large_image","twitter_misc":{"Tiempo de lectura":"1 minuto"},"schema":{"@context":"https:\/\/schema.org","@graph":[{"@type":"WebPage","@id":"https:\/\/ruishengglassco.com\/product\/rs021-wholesale-liquor-bottles-750ml-700ml-for-rum-gin-whiskey","url":"https:\/\/ruishengglassco.com\/product\/rs021-wholesale-liquor-bottles-750ml-700ml-for-rum-gin-whiskey","name":"Liquor Bottles 750ml | Glass Bottle Manufacturing Companies","isPartOf":{"@id":"https:\/\/ruishengglassco.com\/#website"},"datePublished":"2025-03-15T13:46:38+00:00","dateModified":"2025-09-11T08:43:24+00:00","description":"Ruisheng, One of the leading glass bottle manufacturing companies in China, provide wholesale liquor bottles 750ml in cheap price.","breadcrumb":{"@id":"https:\/\/ruishengglassco.com\/product\/rs021-wholesale-liquor-bottles-750ml-700ml-for-rum-gin-whiskey#breadcrumb"},"inLanguage":"es","potentialAction":[{"@type":"ReadAction","target":["https:\/\/ruishengglassco.com\/product\/rs021-wholesale-liquor-bottles-750ml-700ml-for-rum-gin-whiskey"]}]},{"@type":"BreadcrumbList","@id":"https:\/\/ruishengglassco.com\/product\/rs021-wholesale-liquor-bottles-750ml-700ml-for-rum-gin-whiskey#breadcrumb","itemListElement":[{"@type":"ListItem","position":1,"name":"Home","item":"https:\/\/ruishengglassco.com\/"},{"@type":"ListItem","position":2,"name":"Products","item":"https:\/\/ruishengglassco.com\/products"},{"@type":"ListItem","position":3,"name":"RS021: Liquor Bottles 750ml\/700ml For Rum\/Gin\/ Whiskey"}]},{"@type":"WebSite","@id":"https:\/\/ruishengglassco.com\/#website","url":"https:\/\/ruishengglassco.com\/","name":"Ruisheng Glass","description":"","publisher":{"@id":"https:\/\/ruishengglassco.com\/#organization"},"potentialAction":[{"@type":"SearchAction","target":{"@type":"EntryPoint","urlTemplate":"https:\/\/ruishengglassco.com\/?s={search_term_string}"},"query-input":"required name=search_term_string"}],"inLanguage":"es"},{"@type":"Organization","@id":"https:\/\/ruishengglassco.com\/#organization","name":"Shandong Yuncheng Ruisheng Glass Co., Ltd","url":"https:\/\/ruishengglassco.com\/","logo":{"@type":"ImageObject","inLanguage":"es","@id":"https:\/\/ruishengglassco.com\/#\/schema\/logo\/image\/","url":"https:\/\/ruishengglassco.com\/wp-content\/uploads\/2023\/09\/ruisheng_logo_icon.webp","contentUrl":"https:\/\/ruishengglassco.com\/wp-content\/uploads\/2023\/09\/ruisheng_logo_icon.webp","width":400,"height":233,"caption":"Shandong Yuncheng Ruisheng Glass Co., Ltd"},"image":{"@id":"https:\/\/ruishengglassco.com\/#\/schema\/logo\/image\/"},"sameAs":["https:\/\/www.facebook.com\/ruishengglassbottles","https:\/\/www.instagram.com\/Ruishengglassbottlewholesales\/","https:\/\/www.youtube.com\/channel\/UCMmbMNGwsL-XrtjfSFLCdVQ"]}]}},"_links":{"self":[{"href":"https:\/\/ruishengglassco.com\/es\/wp-json\/wp\/v2\/product\/4349","targetHints":{"allow":["GET"]}}],"collection":[{"href":"https:\/\/ruishengglassco.com\/es\/wp-json\/wp\/v2\/product"}],"about":[{"href":"https:\/\/ruishengglassco.com\/es\/wp-json\/wp\/v2\/types\/product"}],"replies":[{"embeddable":true,"href":"https:\/\/ruishengglassco.com\/es\/wp-json\/wp\/v2\/comments?post=4349"}],"wp:featuredmedia":[{"embeddable":true,"href":"https:\/\/ruishengglassco.com\/es\/wp-json\/wp\/v2\/media\/4350"}],"wp:attachment":[{"href":"https:\/\/ruishengglassco.com\/es\/wp-json\/wp\/v2\/media?parent=4349"}],"wp:term":[{"taxonomy":"product_cat","embeddable":true,"href":"https:\/\/ruishengglassco.com\/es\/wp-json\/wp\/v2\/product_cat?post=4349"}],"curies":[{"name":"wp","href":"https:\/\/api.w.org\/{rel}","templated":true}]}}