{"id":4348,"date":"2025-03-15T21:37:28","date_gmt":"2025-03-15T13:37:28","guid":{"rendered":"https:\/\/ruishengglassco.com\/?post_type=product&#038;p=4348"},"modified":"2025-07-17T14:47:59","modified_gmt":"2025-07-17T06:47:59","slug":"rs022-botella-de-cristal-personalizada-de-750-ml-para-whisky-xo-brandy","status":"publish","type":"product","link":"https:\/\/ruishengglassco.com\/es\/producto\/rs022-botella-de-cristal-personalizada-de-750-ml-para-whisky-xo-brandy","title":{"rendered":"RS022 Botella de cristal personalizada de 750 ml para XO\/Brandy\/Whisky"},"content":{"rendered":"<h2>Informaci\u00f3n detallada sobre Botella de vidrio de 750 ml personalizada para XO\/Brandy\/Whisky<\/h2>\n<p><span data-preserver-spaces=\"true\">Esta serie de botellas de vidrio personalizadas de 750 ml se destina principalmente a XO\/Brandy\/Whisky<\/span><span data-preserver-spaces=\"true\">. Personalizado<\/span><span data-preserver-spaces=\"true\"> botella de vidrio dise\u00f1ada por el dise\u00f1ador jefe Giugiaro de la Real Academia Belga. Su dise\u00f1o \u00fanico atrae a quienes la ven por primera vez.<\/span><\/p>\n<p><span data-preserver-spaces=\"true\">La botella de vidrio personalizada de 750 ml <\/span><span data-preserver-spaces=\"true\">se fabrica<\/span><span data-preserver-spaces=\"true\"> utilizando el proceso automatizado de producci\u00f3n de botellas de vidrio m\u00e1s avanzado del mundo. Se fabric\u00f3 con vidrio de s\u00edlex de alta calidad para mostrar el car\u00e1cter refinado de la marca.<\/span><\/p>\n<p><span data-preserver-spaces=\"true\">Como fabricante y f\u00e1brica profesional de botellas de licor, nuestra empresa tambi\u00e9n ofrece servicios OEM\/ODM para marcas y empresas de licores. <\/span><span data-preserver-spaces=\"true\">Nosotros <\/span><span data-preserver-spaces=\"true\">proporcionar<\/span><span data-preserver-spaces=\"true\"> clientes <\/span><span data-preserver-spaces=\"true\">con<\/span> <span data-preserver-spaces=\"true\">gratis<\/span><span data-preserver-spaces=\"true\"> moldes para botellas de vidrio entre los que elegir.<\/span><span data-preserver-spaces=\"true\"> Tambi\u00e9n puede <\/span><span data-preserver-spaces=\"true\">producirse<\/span><span data-preserver-spaces=\"true\"> seg\u00fan los planos facilitados por el usuario.<\/span><\/p>\n<h4><span data-preserver-spaces=\"true\">Preocupaciones de los clientes<\/span><\/h4>\n<ol>\n<li><strong><span data-preserver-spaces=\"true\">MOQ de la botella de vidrio personalizada de 750 ml\u00a0<\/span><\/strong><\/li>\n<\/ol>\n<p><span data-preserver-spaces=\"true\">Como fabricante profesional de botellas de whisky, ofrecemos un servicio de venta al por mayor de botellas de vidrio personalizadas de 750 ml, no a precios minoristas. Dada nuestra cartera de clientes, el embalaje, el env\u00edo y otros factores, nuestro <\/span><strong><span data-preserver-spaces=\"true\">MOQ es 10000 PCS\uff08Around 20000 pcs)<\/span><\/strong><\/p>\n<p><strong><span data-preserver-spaces=\"true\">2. Acerca del envase<\/span><\/strong><\/p>\n<p><span data-preserver-spaces=\"true\">Como todos sabemos, las botellas de vidrio son mercanc\u00edas fr\u00e1giles, por lo que debemos prestar atenci\u00f3n al embalaje. Utilizamos m\u00e9todos de embalaje seguros, como embalaje a granel en caja interior\/caja de color\/caja blanca\/caja expositora\/paleta de exportaci\u00f3n est\u00e1ndar, a petici\u00f3n del cliente.<\/span><\/p>\n<p><strong><span data-preserver-spaces=\"true\">3. Acerca del plazo de entrega<\/span><\/strong><\/p>\n<ul>\n<li><span data-preserver-spaces=\"true\">Para stock listo: 7 d\u00edas despu\u00e9s de recibir el pago.<\/span><\/li>\n<li><span data-preserver-spaces=\"true\">Para productos agotados: 25<\/span><span data-preserver-spaces=\"true\"> ~ <\/span><span data-preserver-spaces=\"true\">40 d\u00edas despu\u00e9s <\/span><span data-preserver-spaces=\"true\">recepci\u00f3n del pago<\/span><span data-preserver-spaces=\"true\">.<\/span><\/li>\n<\/ul>","protected":false},"excerpt":{"rendered":"<p>Botella de vidrio personalizada de 750ml para XO, Brandy, Whisky de China Top Liquor Bottle Manufacturer- Ruisheng. Ruisheng es un fabricante profesional de botellas de vidrio. Tienen m\u00e1s de 10 a\u00f1os de experiencia en el dise\u00f1o y fabricaci\u00f3n de botellas de vidrio. Nuestra botella de vidrio de 750ml al por mayor est\u00e1 dise\u00f1ada principalmente para el envasado de licor, whisky, Brandy, XO, co\u00f1ac y tequila.<\/p>\n<p>Informaci\u00f3n de pedido sobre Botella de vidrio de 750 ml personalizada para XO, Brandy, Whisky<\/p>\n<ul>\n<li><strong>MOQ: 10000 PCS (Alrededor de 20000pcs)<\/strong><\/li>\n<li>Capacidad: 750 ml (servicio personalizado disponible)<\/li>\n<li>Color: Transparente<\/li>\n<li>Servicio personalizado ofrecido: Tama\u00f1o, Capacidad, Patr\u00f3n, Color, Tap\u00f3n, Logotipo, Impresi\u00f3n, etc.<\/li>\n<\/ul>\n<p>Si desea una botella de vidrio personalizada para su marca, no dude en ponerse en contacto con nosotros.<\/p>","protected":false},"featured_media":4142,"comment_status":"closed","ping_status":"closed","template":"","meta":[],"product_cat":[40,54,56],"class_list":{"0":"post-4348","1":"product","2":"type-product","3":"status-publish","4":"has-post-thumbnail","6":"product_cat-750ml-liquor-bottle-manufacturer","7":"product_cat-whiskey-bottle","8":"product_cat-xo-brandy-bottle","10":"first","11":"instock","12":"shipping-taxable","13":"product-type-simple"},"yoast_head":"<!-- This site is optimized with the Yoast SEO plugin v22.0 - https:\/\/yoast.com\/wordpress\/plugins\/seo\/ -->\n<title>RS022 Custom 750ml Glass Bottle For XO\/Brandy\/Whisky -<\/title>\n<meta name=\"description\" content=\"Custom 750ml Glass Bottle For XO\/Brandy\/Whisky From China Top Glass Bottle Manufacturer. Factory Outlet&amp;Free Sample Offered.\" \/>\n<meta name=\"robots\" content=\"index, follow, max-snippet:-1, max-image-preview:large, max-video-preview:-1\" \/>\n<link rel=\"canonical\" href=\"https:\/\/ruishengglassco.com\/es\/producto\/rs022-botella-de-cristal-personalizada-de-750-ml-para-whisky-xo-brandy\" \/>\n<meta property=\"og:locale\" content=\"es_ES\" \/>\n<meta property=\"og:type\" content=\"article\" \/>\n<meta property=\"og:title\" content=\"RS022 Custom 750ml Glass Bottle For XO\/Brandy\/Whisky -\" \/>\n<meta property=\"og:description\" content=\"Custom 750ml Glass Bottle For XO\/Brandy\/Whisky From China Top Glass Bottle Manufacturer. Factory Outlet&amp;Free Sample Offered.\" \/>\n<meta property=\"og:url\" content=\"https:\/\/ruishengglassco.com\/es\/producto\/rs022-botella-de-cristal-personalizada-de-750-ml-para-whisky-xo-brandy\" \/>\n<meta property=\"article:publisher\" content=\"https:\/\/www.facebook.com\/ruishengglassbottles\" \/>\n<meta property=\"article:modified_time\" content=\"2025-07-17T06:47:59+00:00\" \/>\n<meta property=\"og:image\" content=\"https:\/\/ruishengglassco.com\/wp-content\/uploads\/2025\/03\/Transparent-750ml-XO-Bottle.webp\" \/>\n\t<meta property=\"og:image:width\" content=\"800\" \/>\n\t<meta property=\"og:image:height\" content=\"800\" \/>\n\t<meta property=\"og:image:type\" content=\"image\/webp\" \/>\n<meta name=\"twitter:card\" content=\"summary_large_image\" \/>\n<meta name=\"twitter:label1\" content=\"Tiempo de lectura\" \/>\n\t<meta name=\"twitter:data1\" content=\"2 minutos\" \/>\n<script type=\"application\/ld+json\" class=\"yoast-schema-graph\">{\"@context\":\"https:\/\/schema.org\",\"@graph\":[{\"@type\":\"WebPage\",\"@id\":\"https:\/\/ruishengglassco.com\/product\/rs022-custom-750ml-glass-bottle-for-xo-brandy-whisky\",\"url\":\"https:\/\/ruishengglassco.com\/product\/rs022-custom-750ml-glass-bottle-for-xo-brandy-whisky\",\"name\":\"RS022 Custom 750ml Glass Bottle For XO\/Brandy\/Whisky -\",\"isPartOf\":{\"@id\":\"https:\/\/ruishengglassco.com\/#website\"},\"datePublished\":\"2025-03-15T13:37:28+00:00\",\"dateModified\":\"2025-07-17T06:47:59+00:00\",\"description\":\"Custom 750ml Glass Bottle For XO\/Brandy\/Whisky From China Top Glass Bottle Manufacturer. Factory Outlet&Free Sample Offered.\",\"breadcrumb\":{\"@id\":\"https:\/\/ruishengglassco.com\/product\/rs022-custom-750ml-glass-bottle-for-xo-brandy-whisky#breadcrumb\"},\"inLanguage\":\"es\",\"potentialAction\":[{\"@type\":\"ReadAction\",\"target\":[\"https:\/\/ruishengglassco.com\/product\/rs022-custom-750ml-glass-bottle-for-xo-brandy-whisky\"]}]},{\"@type\":\"BreadcrumbList\",\"@id\":\"https:\/\/ruishengglassco.com\/product\/rs022-custom-750ml-glass-bottle-for-xo-brandy-whisky#breadcrumb\",\"itemListElement\":[{\"@type\":\"ListItem\",\"position\":1,\"name\":\"Home\",\"item\":\"https:\/\/ruishengglassco.com\/\"},{\"@type\":\"ListItem\",\"position\":2,\"name\":\"Products\",\"item\":\"https:\/\/ruishengglassco.com\/products\"},{\"@type\":\"ListItem\",\"position\":3,\"name\":\"RS022 Custom 750ml Glass Bottle For XO\/Brandy\/Whisky\"}]},{\"@type\":\"WebSite\",\"@id\":\"https:\/\/ruishengglassco.com\/#website\",\"url\":\"https:\/\/ruishengglassco.com\/\",\"name\":\"Ruisheng Glass\",\"description\":\"\",\"publisher\":{\"@id\":\"https:\/\/ruishengglassco.com\/#organization\"},\"potentialAction\":[{\"@type\":\"SearchAction\",\"target\":{\"@type\":\"EntryPoint\",\"urlTemplate\":\"https:\/\/ruishengglassco.com\/?s={search_term_string}\"},\"query-input\":\"required name=search_term_string\"}],\"inLanguage\":\"es\"},{\"@type\":\"Organization\",\"@id\":\"https:\/\/ruishengglassco.com\/#organization\",\"name\":\"Shandong Yuncheng Ruisheng Glass Co., Ltd\",\"url\":\"https:\/\/ruishengglassco.com\/\",\"logo\":{\"@type\":\"ImageObject\",\"inLanguage\":\"es\",\"@id\":\"https:\/\/ruishengglassco.com\/#\/schema\/logo\/image\/\",\"url\":\"https:\/\/ruishengglassco.com\/wp-content\/uploads\/2023\/09\/ruisheng_logo_icon.webp\",\"contentUrl\":\"https:\/\/ruishengglassco.com\/wp-content\/uploads\/2023\/09\/ruisheng_logo_icon.webp\",\"width\":400,\"height\":233,\"caption\":\"Shandong Yuncheng Ruisheng Glass Co., Ltd\"},\"image\":{\"@id\":\"https:\/\/ruishengglassco.com\/#\/schema\/logo\/image\/\"},\"sameAs\":[\"https:\/\/www.facebook.com\/ruishengglassbottles\",\"https:\/\/www.instagram.com\/Ruishengglassbottlewholesales\/\",\"https:\/\/www.youtube.com\/channel\/UCMmbMNGwsL-XrtjfSFLCdVQ\"]}]}<\/script>\n<!-- \/ Yoast SEO plugin. -->","yoast_head_json":{"title":"RS022 Custom 750ml Glass Bottle For XO\/Brandy\/Whisky -","description":"Custom 750ml Glass Bottle For XO\/Brandy\/Whisky From China Top Glass Bottle Manufacturer. Factory Outlet&Free Sample Offered.","robots":{"index":"index","follow":"follow","max-snippet":"max-snippet:-1","max-image-preview":"max-image-preview:large","max-video-preview":"max-video-preview:-1"},"canonical":"https:\/\/ruishengglassco.com\/es\/producto\/rs022-botella-de-cristal-personalizada-de-750-ml-para-whisky-xo-brandy","og_locale":"es_ES","og_type":"article","og_title":"RS022 Custom 750ml Glass Bottle For XO\/Brandy\/Whisky -","og_description":"Custom 750ml Glass Bottle For XO\/Brandy\/Whisky From China Top Glass Bottle Manufacturer. Factory Outlet&Free Sample Offered.","og_url":"https:\/\/ruishengglassco.com\/es\/producto\/rs022-botella-de-cristal-personalizada-de-750-ml-para-whisky-xo-brandy","article_publisher":"https:\/\/www.facebook.com\/ruishengglassbottles","article_modified_time":"2025-07-17T06:47:59+00:00","og_image":[{"width":800,"height":800,"url":"https:\/\/ruishengglassco.com\/wp-content\/uploads\/2025\/03\/Transparent-750ml-XO-Bottle.webp","type":"image\/webp"}],"twitter_card":"summary_large_image","twitter_misc":{"Tiempo de lectura":"2 minutos"},"schema":{"@context":"https:\/\/schema.org","@graph":[{"@type":"WebPage","@id":"https:\/\/ruishengglassco.com\/product\/rs022-custom-750ml-glass-bottle-for-xo-brandy-whisky","url":"https:\/\/ruishengglassco.com\/product\/rs022-custom-750ml-glass-bottle-for-xo-brandy-whisky","name":"RS022 Custom 750ml Glass Bottle For XO\/Brandy\/Whisky -","isPartOf":{"@id":"https:\/\/ruishengglassco.com\/#website"},"datePublished":"2025-03-15T13:37:28+00:00","dateModified":"2025-07-17T06:47:59+00:00","description":"Custom 750ml Glass Bottle For XO\/Brandy\/Whisky From China Top Glass Bottle Manufacturer. Factory Outlet&Free Sample Offered.","breadcrumb":{"@id":"https:\/\/ruishengglassco.com\/product\/rs022-custom-750ml-glass-bottle-for-xo-brandy-whisky#breadcrumb"},"inLanguage":"es","potentialAction":[{"@type":"ReadAction","target":["https:\/\/ruishengglassco.com\/product\/rs022-custom-750ml-glass-bottle-for-xo-brandy-whisky"]}]},{"@type":"BreadcrumbList","@id":"https:\/\/ruishengglassco.com\/product\/rs022-custom-750ml-glass-bottle-for-xo-brandy-whisky#breadcrumb","itemListElement":[{"@type":"ListItem","position":1,"name":"Home","item":"https:\/\/ruishengglassco.com\/"},{"@type":"ListItem","position":2,"name":"Products","item":"https:\/\/ruishengglassco.com\/products"},{"@type":"ListItem","position":3,"name":"RS022 Custom 750ml Glass Bottle For XO\/Brandy\/Whisky"}]},{"@type":"WebSite","@id":"https:\/\/ruishengglassco.com\/#website","url":"https:\/\/ruishengglassco.com\/","name":"Ruisheng Glass","description":"","publisher":{"@id":"https:\/\/ruishengglassco.com\/#organization"},"potentialAction":[{"@type":"SearchAction","target":{"@type":"EntryPoint","urlTemplate":"https:\/\/ruishengglassco.com\/?s={search_term_string}"},"query-input":"required name=search_term_string"}],"inLanguage":"es"},{"@type":"Organization","@id":"https:\/\/ruishengglassco.com\/#organization","name":"Shandong Yuncheng Ruisheng Glass Co., Ltd","url":"https:\/\/ruishengglassco.com\/","logo":{"@type":"ImageObject","inLanguage":"es","@id":"https:\/\/ruishengglassco.com\/#\/schema\/logo\/image\/","url":"https:\/\/ruishengglassco.com\/wp-content\/uploads\/2023\/09\/ruisheng_logo_icon.webp","contentUrl":"https:\/\/ruishengglassco.com\/wp-content\/uploads\/2023\/09\/ruisheng_logo_icon.webp","width":400,"height":233,"caption":"Shandong Yuncheng Ruisheng Glass Co., Ltd"},"image":{"@id":"https:\/\/ruishengglassco.com\/#\/schema\/logo\/image\/"},"sameAs":["https:\/\/www.facebook.com\/ruishengglassbottles","https:\/\/www.instagram.com\/Ruishengglassbottlewholesales\/","https:\/\/www.youtube.com\/channel\/UCMmbMNGwsL-XrtjfSFLCdVQ"]}]}},"_links":{"self":[{"href":"https:\/\/ruishengglassco.com\/es\/wp-json\/wp\/v2\/product\/4348","targetHints":{"allow":["GET"]}}],"collection":[{"href":"https:\/\/ruishengglassco.com\/es\/wp-json\/wp\/v2\/product"}],"about":[{"href":"https:\/\/ruishengglassco.com\/es\/wp-json\/wp\/v2\/types\/product"}],"replies":[{"embeddable":true,"href":"https:\/\/ruishengglassco.com\/es\/wp-json\/wp\/v2\/comments?post=4348"}],"wp:featuredmedia":[{"embeddable":true,"href":"https:\/\/ruishengglassco.com\/es\/wp-json\/wp\/v2\/media\/4142"}],"wp:attachment":[{"href":"https:\/\/ruishengglassco.com\/es\/wp-json\/wp\/v2\/media?parent=4348"}],"wp:term":[{"taxonomy":"product_cat","embeddable":true,"href":"https:\/\/ruishengglassco.com\/es\/wp-json\/wp\/v2\/product_cat?post=4348"}],"curies":[{"name":"wp","href":"https:\/\/api.w.org\/{rel}","templated":true}]}}