{"id":4346,"date":"2025-03-15T14:02:55","date_gmt":"2025-03-15T06:02:55","guid":{"rendered":"https:\/\/ruishengglassco.com\/?post_type=product&#038;p=4346"},"modified":"2025-07-17T14:46:54","modified_gmt":"2025-07-17T06:46:54","slug":"rs023-fabricantes-de-botellas-de-vino-de-750-ml","status":"publish","type":"product","link":"https:\/\/ruishengglassco.com\/es\/producto\/rs023-fabricantes-de-botellas-de-vino-de-750-ml","title":{"rendered":"RS023 Botellas de vino de 750 ml Fabricantes"},"content":{"rendered":"<h2>Comience su pedido de Botellas de vino de 750 ml Fabricantes<\/h2>\n<p><span data-preserver-spaces=\"true\">Esta serie de botellas de vino de 750 ml es una de las opciones m\u00e1s populares de botellas de vidrio. El producto utiliza material de vidrio de s\u00edlex de alta calidad para que la botella de vidrio sea m\u00e1s transparente, clara y menos propensa a romperse.<\/span><\/p>\n<p><strong><span data-preserver-spaces=\"true\">Caracter\u00edsticas<\/span><\/strong><\/p>\n<ul>\n<li><span data-preserver-spaces=\"true\">Un equipo internacionalizado y apasionado con una media de 10 a\u00f1os de experiencia.<\/span><\/li>\n<li><span data-preserver-spaces=\"true\">Amplia l\u00ednea de producci\u00f3n en stock<\/span><\/li>\n<li><span data-preserver-spaces=\"true\">Dise\u00f1o y moldes personalizados<\/span><\/li>\n<li><span data-preserver-spaces=\"true\">Trabajar en l\u00ednea 24\/7<\/span><\/li>\n<\/ul>\n<p><strong><span data-preserver-spaces=\"true\">Cliente preocupado<\/span><\/strong><\/p>\n<ol>\n<li><strong><span data-preserver-spaces=\"true\">\u00bfCu\u00e1l es el MOQ de 750ml botellas de vino de vidrio al por mayor?<\/span><\/strong><\/li>\n<\/ol>\n<p><span data-preserver-spaces=\"true\">Ruisheng es un fabricante profesional de botellas de vino<\/span><span data-preserver-spaces=\"true\">. <\/span><span data-preserver-spaces=\"true\">Nosotros <\/span><span data-preserver-spaces=\"true\">s\u00f3lo<\/span><span data-preserver-spaces=\"true\"> suministrar botellas de vidrio al por mayor, no al por menor.<\/span><span data-preserver-spaces=\"true\"> En <\/span><strong><span data-preserver-spaces=\"true\">MOQ es 10000 PCS\uff08Around 10000 pcs)<\/span><\/strong><\/p>\n<p><strong><span data-preserver-spaces=\"true\">2. \u00bfC\u00f3mo podemos saber que no contienen plomo y son de calidad alimentaria?<\/span><\/strong><\/p>\n<p><span data-preserver-spaces=\"true\">Ofrecemos tres tipos de vidrio: <\/span><span data-preserver-spaces=\"true\">com\u00fan, blanco alto y blanco cristal. Todas son de calidad alimentaria y no contienen plomo. <\/span><span data-preserver-spaces=\"true\">Superamos las pruebas de calidad alimentaria<\/span><span data-preserver-spaces=\"true\">, <\/span><span data-preserver-spaces=\"true\">as\u00ed que<\/span><span data-preserver-spaces=\"true\"> en quien confiar<\/span><span data-preserver-spaces=\"true\"> la seguridad de nuestros productos.<\/span><\/p>\n<p><span data-preserver-spaces=\"true\">3. <\/span><strong><span data-preserver-spaces=\"true\">\u00bfC\u00f3mo puedo obtener una muestra para comprobar su calidad? \u00bfOfrecen muestras gratuitas?<\/span><\/strong><\/p>\n<p><span data-preserver-spaces=\"true\">S\u00ed, hay muestras gratuitas disponibles, y<\/span> <span data-preserver-spaces=\"true\">garant\u00eda de comercio directo <\/span><span data-preserver-spaces=\"true\">pedido. S\u00f3lo correr\u00e1n de su cuenta los gastos de transporte, que se reembolsar\u00e1n una vez recibido el pedido. <\/span><span data-preserver-spaces=\"true\">se coloca<\/span><span data-preserver-spaces=\"true\">. <\/span><span data-preserver-spaces=\"true\">O<\/span><span data-preserver-spaces=\"true\"> si tiene una cuenta de mensajer\u00eda, podemos organizar muestras <\/span><span data-preserver-spaces=\"true\">para la recogida<\/span><span data-preserver-spaces=\"true\">.<\/span><\/p>\n<p><span data-preserver-spaces=\"true\">\u00a0<\/span><\/p>","protected":false},"excerpt":{"rendered":"<p data-block-id=\"8fa35e9a-1d07-4d51-8e2a-10f10deb4f39\" data-pm-slice=\"1 1 []\">Ruisheng es un profesional de la fabricaci\u00f3n de botellas de vidrio. Ofrecen botellas de vino de 750 ml a granel para empresas vin\u00edcolas, marcas y m\u00e1s. Nuestra empresa ha estado involucrada en la fabricaci\u00f3n de botellas de vidrio por m\u00e1s de 10 a\u00f1os. Como proveedor profesional de botellas de vidrio, ofrecemos servicio personalizado OEM\/ODM para pedidos a granel.<\/p>\n<h2>Informaci\u00f3n detallada sobre las botellas de vino de 750 ml al por mayor<\/h2>\n<ul>\n<li>Nombre: Botellas de vino de 750 ml al por mayor<\/li>\n<li>N\u00famero de modelo: Rs-750<\/li>\n<li>Material: Material de vidrio Super Flint<\/li>\n<li>Tipo de cierre: Corcho, TAPA A TORNILLO, Corcho, Tapa de vidrio, Tapa twist-off, Tapa a rosca<\/li>\n<li><span style=\"color: #ff6600;\"><strong>MOQ: 10000pcs(Alrededor de 10000pcs)<\/strong><\/span><\/li>\n<li>Embalaje: Cajas de cart\u00f3n con separador de cart\u00f3n, pal\u00e9, pal\u00e9+cart\u00f3n, caja de color con logotipo personalizado<\/li>\n<li>Plazo de entrega: Entrega en stock en 7 d\u00edas. Entrega de botellas personalizadas en 25-30 d\u00edas.<\/li>\n<\/ul>\n<p>Si desea obtener m\u00e1s detalles acerca de este 750 ml botellas de vino al por mayor, por favor haga clic aqu\u00ed para charlar con nuestras ventas.<\/p>\n<p>&nbsp;<\/p>","protected":false},"featured_media":4347,"comment_status":"closed","ping_status":"closed","template":"","meta":[],"product_cat":[40],"class_list":{"0":"post-4346","1":"product","2":"type-product","3":"status-publish","4":"has-post-thumbnail","6":"product_cat-750ml-liquor-bottle-manufacturer","8":"first","9":"instock","10":"shipping-taxable","11":"product-type-simple"},"yoast_head":"<!-- This site is optimized with the Yoast SEO plugin v22.0 - https:\/\/yoast.com\/wordpress\/plugins\/seo\/ -->\n<title>750 ml Wine Bottles Manufacturers | Red Wine Bottle Manufacturer-Ruisheng<\/title>\n<meta name=\"description\" content=\"Ruisheng, a professional glass bottle manufacturer&amp;supplier, provide 750 ml Wine Bottles Manufacturers for wine company, brand, and etc.\" \/>\n<meta name=\"robots\" content=\"index, follow, max-snippet:-1, max-image-preview:large, max-video-preview:-1\" \/>\n<link rel=\"canonical\" href=\"https:\/\/ruishengglassco.com\/es\/producto\/rs023-fabricantes-de-botellas-de-vino-de-750-ml\" \/>\n<meta property=\"og:locale\" content=\"es_ES\" \/>\n<meta property=\"og:type\" content=\"article\" \/>\n<meta property=\"og:title\" content=\"750 ml Wine Bottles Manufacturers | Red Wine Bottle Manufacturer-Ruisheng\" \/>\n<meta property=\"og:description\" content=\"Ruisheng, a professional glass bottle manufacturer&amp;supplier, provide 750 ml Wine Bottles Manufacturers for wine company, brand, and etc.\" \/>\n<meta property=\"og:url\" content=\"https:\/\/ruishengglassco.com\/es\/producto\/rs023-fabricantes-de-botellas-de-vino-de-750-ml\" \/>\n<meta property=\"article:publisher\" content=\"https:\/\/www.facebook.com\/ruishengglassbottles\" \/>\n<meta property=\"article:modified_time\" content=\"2025-07-17T06:46:54+00:00\" \/>\n<meta property=\"og:image\" content=\"https:\/\/ruishengglassco.com\/wp-content\/uploads\/2025\/03\/RS023-750-ml-Wine-Bottles-Wholesale.webp\" \/>\n\t<meta property=\"og:image:width\" content=\"1000\" \/>\n\t<meta property=\"og:image:height\" content=\"1000\" \/>\n\t<meta property=\"og:image:type\" content=\"image\/webp\" \/>\n<meta name=\"twitter:card\" content=\"summary_large_image\" \/>\n<meta name=\"twitter:label1\" content=\"Tiempo de lectura\" \/>\n\t<meta name=\"twitter:data1\" content=\"2 minutos\" \/>\n<script type=\"application\/ld+json\" class=\"yoast-schema-graph\">{\"@context\":\"https:\/\/schema.org\",\"@graph\":[{\"@type\":\"WebPage\",\"@id\":\"https:\/\/ruishengglassco.com\/product\/rs023-750ml-wine-bottles-manufacturers\",\"url\":\"https:\/\/ruishengglassco.com\/product\/rs023-750ml-wine-bottles-manufacturers\",\"name\":\"750 ml Wine Bottles Manufacturers | Red Wine Bottle Manufacturer-Ruisheng\",\"isPartOf\":{\"@id\":\"https:\/\/ruishengglassco.com\/#website\"},\"datePublished\":\"2025-03-15T06:02:55+00:00\",\"dateModified\":\"2025-07-17T06:46:54+00:00\",\"description\":\"Ruisheng, a professional glass bottle manufacturer&supplier, provide 750 ml Wine Bottles Manufacturers for wine company, brand, and etc.\",\"breadcrumb\":{\"@id\":\"https:\/\/ruishengglassco.com\/product\/rs023-750ml-wine-bottles-manufacturers#breadcrumb\"},\"inLanguage\":\"es\",\"potentialAction\":[{\"@type\":\"ReadAction\",\"target\":[\"https:\/\/ruishengglassco.com\/product\/rs023-750ml-wine-bottles-manufacturers\"]}]},{\"@type\":\"BreadcrumbList\",\"@id\":\"https:\/\/ruishengglassco.com\/product\/rs023-750ml-wine-bottles-manufacturers#breadcrumb\",\"itemListElement\":[{\"@type\":\"ListItem\",\"position\":1,\"name\":\"Home\",\"item\":\"https:\/\/ruishengglassco.com\/\"},{\"@type\":\"ListItem\",\"position\":2,\"name\":\"Products\",\"item\":\"https:\/\/ruishengglassco.com\/products\"},{\"@type\":\"ListItem\",\"position\":3,\"name\":\"RS023 750ml Wine Bottles Manufacturers\"}]},{\"@type\":\"WebSite\",\"@id\":\"https:\/\/ruishengglassco.com\/#website\",\"url\":\"https:\/\/ruishengglassco.com\/\",\"name\":\"Ruisheng Glass\",\"description\":\"\",\"publisher\":{\"@id\":\"https:\/\/ruishengglassco.com\/#organization\"},\"potentialAction\":[{\"@type\":\"SearchAction\",\"target\":{\"@type\":\"EntryPoint\",\"urlTemplate\":\"https:\/\/ruishengglassco.com\/?s={search_term_string}\"},\"query-input\":\"required name=search_term_string\"}],\"inLanguage\":\"es\"},{\"@type\":\"Organization\",\"@id\":\"https:\/\/ruishengglassco.com\/#organization\",\"name\":\"Shandong Yuncheng Ruisheng Glass Co., Ltd\",\"url\":\"https:\/\/ruishengglassco.com\/\",\"logo\":{\"@type\":\"ImageObject\",\"inLanguage\":\"es\",\"@id\":\"https:\/\/ruishengglassco.com\/#\/schema\/logo\/image\/\",\"url\":\"https:\/\/ruishengglassco.com\/wp-content\/uploads\/2023\/09\/ruisheng_logo_icon.webp\",\"contentUrl\":\"https:\/\/ruishengglassco.com\/wp-content\/uploads\/2023\/09\/ruisheng_logo_icon.webp\",\"width\":400,\"height\":233,\"caption\":\"Shandong Yuncheng Ruisheng Glass Co., Ltd\"},\"image\":{\"@id\":\"https:\/\/ruishengglassco.com\/#\/schema\/logo\/image\/\"},\"sameAs\":[\"https:\/\/www.facebook.com\/ruishengglassbottles\",\"https:\/\/www.instagram.com\/Ruishengglassbottlewholesales\/\",\"https:\/\/www.youtube.com\/channel\/UCMmbMNGwsL-XrtjfSFLCdVQ\"]}]}<\/script>\n<!-- \/ Yoast SEO plugin. -->","yoast_head_json":{"title":"750 ml Wine Bottles Manufacturers | Red Wine Bottle Manufacturer-Ruisheng","description":"Ruisheng, a professional glass bottle manufacturer&supplier, provide 750 ml Wine Bottles Manufacturers for wine company, brand, and etc.","robots":{"index":"index","follow":"follow","max-snippet":"max-snippet:-1","max-image-preview":"max-image-preview:large","max-video-preview":"max-video-preview:-1"},"canonical":"https:\/\/ruishengglassco.com\/es\/producto\/rs023-fabricantes-de-botellas-de-vino-de-750-ml","og_locale":"es_ES","og_type":"article","og_title":"750 ml Wine Bottles Manufacturers | Red Wine Bottle Manufacturer-Ruisheng","og_description":"Ruisheng, a professional glass bottle manufacturer&supplier, provide 750 ml Wine Bottles Manufacturers for wine company, brand, and etc.","og_url":"https:\/\/ruishengglassco.com\/es\/producto\/rs023-fabricantes-de-botellas-de-vino-de-750-ml","article_publisher":"https:\/\/www.facebook.com\/ruishengglassbottles","article_modified_time":"2025-07-17T06:46:54+00:00","og_image":[{"width":1000,"height":1000,"url":"https:\/\/ruishengglassco.com\/wp-content\/uploads\/2025\/03\/RS023-750-ml-Wine-Bottles-Wholesale.webp","type":"image\/webp"}],"twitter_card":"summary_large_image","twitter_misc":{"Tiempo de lectura":"2 minutos"},"schema":{"@context":"https:\/\/schema.org","@graph":[{"@type":"WebPage","@id":"https:\/\/ruishengglassco.com\/product\/rs023-750ml-wine-bottles-manufacturers","url":"https:\/\/ruishengglassco.com\/product\/rs023-750ml-wine-bottles-manufacturers","name":"750 ml Wine Bottles Manufacturers | Red Wine Bottle Manufacturer-Ruisheng","isPartOf":{"@id":"https:\/\/ruishengglassco.com\/#website"},"datePublished":"2025-03-15T06:02:55+00:00","dateModified":"2025-07-17T06:46:54+00:00","description":"Ruisheng, a professional glass bottle manufacturer&supplier, provide 750 ml Wine Bottles Manufacturers for wine company, brand, and etc.","breadcrumb":{"@id":"https:\/\/ruishengglassco.com\/product\/rs023-750ml-wine-bottles-manufacturers#breadcrumb"},"inLanguage":"es","potentialAction":[{"@type":"ReadAction","target":["https:\/\/ruishengglassco.com\/product\/rs023-750ml-wine-bottles-manufacturers"]}]},{"@type":"BreadcrumbList","@id":"https:\/\/ruishengglassco.com\/product\/rs023-750ml-wine-bottles-manufacturers#breadcrumb","itemListElement":[{"@type":"ListItem","position":1,"name":"Home","item":"https:\/\/ruishengglassco.com\/"},{"@type":"ListItem","position":2,"name":"Products","item":"https:\/\/ruishengglassco.com\/products"},{"@type":"ListItem","position":3,"name":"RS023 750ml Wine Bottles Manufacturers"}]},{"@type":"WebSite","@id":"https:\/\/ruishengglassco.com\/#website","url":"https:\/\/ruishengglassco.com\/","name":"Ruisheng Glass","description":"","publisher":{"@id":"https:\/\/ruishengglassco.com\/#organization"},"potentialAction":[{"@type":"SearchAction","target":{"@type":"EntryPoint","urlTemplate":"https:\/\/ruishengglassco.com\/?s={search_term_string}"},"query-input":"required name=search_term_string"}],"inLanguage":"es"},{"@type":"Organization","@id":"https:\/\/ruishengglassco.com\/#organization","name":"Shandong Yuncheng Ruisheng Glass Co., Ltd","url":"https:\/\/ruishengglassco.com\/","logo":{"@type":"ImageObject","inLanguage":"es","@id":"https:\/\/ruishengglassco.com\/#\/schema\/logo\/image\/","url":"https:\/\/ruishengglassco.com\/wp-content\/uploads\/2023\/09\/ruisheng_logo_icon.webp","contentUrl":"https:\/\/ruishengglassco.com\/wp-content\/uploads\/2023\/09\/ruisheng_logo_icon.webp","width":400,"height":233,"caption":"Shandong Yuncheng Ruisheng Glass Co., Ltd"},"image":{"@id":"https:\/\/ruishengglassco.com\/#\/schema\/logo\/image\/"},"sameAs":["https:\/\/www.facebook.com\/ruishengglassbottles","https:\/\/www.instagram.com\/Ruishengglassbottlewholesales\/","https:\/\/www.youtube.com\/channel\/UCMmbMNGwsL-XrtjfSFLCdVQ"]}]}},"_links":{"self":[{"href":"https:\/\/ruishengglassco.com\/es\/wp-json\/wp\/v2\/product\/4346","targetHints":{"allow":["GET"]}}],"collection":[{"href":"https:\/\/ruishengglassco.com\/es\/wp-json\/wp\/v2\/product"}],"about":[{"href":"https:\/\/ruishengglassco.com\/es\/wp-json\/wp\/v2\/types\/product"}],"replies":[{"embeddable":true,"href":"https:\/\/ruishengglassco.com\/es\/wp-json\/wp\/v2\/comments?post=4346"}],"wp:featuredmedia":[{"embeddable":true,"href":"https:\/\/ruishengglassco.com\/es\/wp-json\/wp\/v2\/media\/4347"}],"wp:attachment":[{"href":"https:\/\/ruishengglassco.com\/es\/wp-json\/wp\/v2\/media?parent=4346"}],"wp:term":[{"taxonomy":"product_cat","embeddable":true,"href":"https:\/\/ruishengglassco.com\/es\/wp-json\/wp\/v2\/product_cat?post=4346"}],"curies":[{"name":"wp","href":"https:\/\/api.w.org\/{rel}","templated":true}]}}