{"id":4344,"date":"2025-03-15T13:36:42","date_gmt":"2025-03-15T05:36:42","guid":{"rendered":"https:\/\/ruishengglassco.com\/?post_type=product&#038;p=4344"},"modified":"2025-07-17T14:45:52","modified_gmt":"2025-07-17T06:45:52","slug":"re024-500ml-700ml-750ml-botellas-de-whisky-diseno-antiguo-al-por-mayor","status":"publish","type":"product","link":"https:\/\/ruishengglassco.com\/es\/producto\/re024-500ml-700ml-750ml-botellas-de-whisky-diseno-antiguo-al-por-mayor","title":{"rendered":"RE024 500ml\/700ml\/750ml Dise\u00f1o antiguo botellas de whisky Fabricantes"},"content":{"rendered":"<h2>Informaci\u00f3n detallada sobre 500ml\/700ml\/750ml botellas de whisky viejo Fabricantes<\/h2>\n<p>Ruisheng es un fabricante y proveedor profesional de botellas de whisky desde hace m\u00e1s de 10 a\u00f1os. Est\u00e1n especializados en la venta al por mayor y la fabricaci\u00f3n de botellas de whisky. Contamos con la l\u00ednea de producci\u00f3n de botellas de whisky totalmente automatizada m\u00e1s avanzada del mundo. Los productos fabricados tienen alta definici\u00f3n y no se da\u00f1an f\u00e1cilmente. La producci\u00f3n diaria puede llegar a 200.000 PCS, que puede producir las botellas de whisky requeridos por los clientes en el menor tiempo. Somos una f\u00e1brica de producci\u00f3n de botellas. Ofrecemos servicios de personalizaci\u00f3n OEM\/ODM. S\u00f3lo tiene que enviarnos su muestra de dise\u00f1o y el logotipo de su marca. Podemos ayudarle a crear la botella de whisky perfecta.<\/p>\n<h2>Preocupaciones de los clientes<\/h2>\n<ol>\n<li><strong>MOQ de la botella de whisky<\/strong><\/li>\n<\/ol>\n<p>Como fabricante profesional de botellas de whisky, s\u00f3lo ofrecemos el servicio de venta al por mayor de botellas de whisky, no al por menor. En vista de nuestra base de clientes, embalaje, env\u00edo, y otros factores, nuestra <strong>MOQ es <span class=\"mceItemHidden\">10000 PCS\uff08Alrededor de 20000 piezas)<\/span><\/strong><\/p>\n<p><strong>2. Acerca del envase<\/strong><\/p>\n<p>Como todos sabemos, las botellas de vino son mercanc\u00edas fr\u00e1giles, por lo que debemos prestar atenci\u00f3n al embalaje. Utilizamos el embalaje seguro, como el embalaje a granel de la caja interna\/caja del color\/caja blanca\/caja de la exhibici\u00f3n\/pallet est\u00e1ndar de la exportaci\u00f3n en la petici\u00f3n del cliente.<\/p>\n<p><strong>3. Acerca del plazo de entrega<\/strong><\/p>\n<ul>\n<li>Para stock listo: 7 d\u00edas despu\u00e9s de recibir el pago.<\/li>\n<li>Para productos fuera de stock: 25 ~ 40 d\u00edas despu\u00e9s de recibir el pago.<\/li>\n<\/ul>","protected":false},"excerpt":{"rendered":"<p data-block-id=\"3a75f4ee-898b-45f7-9c96-94add5894751\" data-pm-slice=\"1 1 []\">Ruisheng es uno de los principales fabricantes de botellas de whisky de China. Ofrecen botellas de whisky antiguas al por mayor. Fabricante profesional de botellas de whisky con m\u00e1s de 10 a\u00f1os de experiencia en la fabricaci\u00f3n. Ofrecemos botellas de whisky de alta calidad para marcas, empresas, mayoristas de botellas de vidrio y distribuidores.<\/p>\n<ul>\n<li>Art\u00edculo: Botella de whisky de dise\u00f1o antiguo al por mayor<\/li>\n<li>N\u00ba:RS024<\/li>\n<li><strong>MOQ: 10000PCS<\/strong><\/li>\n<li>Material: Super vidrio de s\u00edlex<\/li>\n<li>Servicio OEM\/ODM<\/li>\n<li>Tipo de cierre: Tap\u00f3n de corcho \/ tap\u00f3n de rosca<\/li>\n<li>Especificaci\u00f3n: 50ml-1500ml<\/li>\n<li>M\u00e9todo de embalaje: Embalaje est\u00e1ndar para exportaci\u00f3n o embalaje personalizado<\/li>\n<li>Plazo de entrega: 20-30 d\u00edas seg\u00fan el tama\u00f1o y la cantidad solicitados.<\/li>\n<\/ul>\n<p>Si est\u00e1 interesado en nuestras botellas antiguas de whisky al por mayor, haga clic aqu\u00ed para obtener presupuesto.<\/p>","protected":false},"featured_media":4345,"comment_status":"closed","ping_status":"closed","template":"","meta":[],"product_cat":[41,44,40,54],"class_list":{"0":"post-4344","1":"product","2":"type-product","3":"status-publish","4":"has-post-thumbnail","6":"product_cat-500ml-liquor-bottle-manufacturer","7":"product_cat-700ml-liquor-bottle-manufacturer","8":"product_cat-750ml-liquor-bottle-manufacturer","9":"product_cat-whiskey-bottle","11":"first","12":"instock","13":"shipping-taxable","14":"product-type-simple"},"yoast_head":"<!-- This site is optimized with the Yoast SEO plugin v22.0 - https:\/\/yoast.com\/wordpress\/plugins\/seo\/ -->\n<title>Old Whisky Bottles Manufacturers | Best Whiskey Bottles Manufacturer<\/title>\n<meta name=\"description\" content=\"Want to buy Old Whisky Bottles Manufacturers? Click here to get whisky bottle from best whiskey bottles manufacturer China.\" \/>\n<meta name=\"robots\" content=\"index, follow, max-snippet:-1, max-image-preview:large, max-video-preview:-1\" \/>\n<link rel=\"canonical\" href=\"https:\/\/ruishengglassco.com\/es\/producto\/re024-500ml-700ml-750ml-botellas-de-whisky-diseno-antiguo-al-por-mayor\" \/>\n<meta property=\"og:locale\" content=\"es_ES\" \/>\n<meta property=\"og:type\" content=\"article\" \/>\n<meta property=\"og:title\" content=\"Old Whisky Bottles Manufacturers | Best Whiskey Bottles Manufacturer\" \/>\n<meta property=\"og:description\" content=\"Want to buy Old Whisky Bottles Manufacturers? Click here to get whisky bottle from best whiskey bottles manufacturer China.\" \/>\n<meta property=\"og:url\" content=\"https:\/\/ruishengglassco.com\/es\/producto\/re024-500ml-700ml-750ml-botellas-de-whisky-diseno-antiguo-al-por-mayor\" \/>\n<meta property=\"article:publisher\" content=\"https:\/\/www.facebook.com\/ruishengglassbottles\" \/>\n<meta property=\"article:modified_time\" content=\"2025-07-17T06:45:52+00:00\" \/>\n<meta property=\"og:image\" content=\"https:\/\/ruishengglassco.com\/wp-content\/uploads\/2025\/03\/RE024-500ml-700ml-750ml-Old-Design-Whisky-Bottles-Wholesale.webp\" \/>\n\t<meta property=\"og:image:width\" content=\"800\" \/>\n\t<meta property=\"og:image:height\" content=\"800\" \/>\n\t<meta property=\"og:image:type\" content=\"image\/webp\" \/>\n<meta name=\"twitter:card\" content=\"summary_large_image\" \/>\n<meta name=\"twitter:label1\" content=\"Tiempo de lectura\" \/>\n\t<meta name=\"twitter:data1\" content=\"2 minutos\" \/>\n<script type=\"application\/ld+json\" class=\"yoast-schema-graph\">{\"@context\":\"https:\/\/schema.org\",\"@graph\":[{\"@type\":\"WebPage\",\"@id\":\"https:\/\/ruishengglassco.com\/product\/re024-500ml-700ml-750ml-old-design-whisky-bottles-manufacturers\",\"url\":\"https:\/\/ruishengglassco.com\/product\/re024-500ml-700ml-750ml-old-design-whisky-bottles-manufacturers\",\"name\":\"Old Whisky Bottles Manufacturers | Best Whiskey Bottles Manufacturer\",\"isPartOf\":{\"@id\":\"https:\/\/ruishengglassco.com\/#website\"},\"datePublished\":\"2025-03-15T05:36:42+00:00\",\"dateModified\":\"2025-07-17T06:45:52+00:00\",\"description\":\"Want to buy Old Whisky Bottles Manufacturers? Click here to get whisky bottle from best whiskey bottles manufacturer China.\",\"breadcrumb\":{\"@id\":\"https:\/\/ruishengglassco.com\/product\/re024-500ml-700ml-750ml-old-design-whisky-bottles-manufacturers#breadcrumb\"},\"inLanguage\":\"es\",\"potentialAction\":[{\"@type\":\"ReadAction\",\"target\":[\"https:\/\/ruishengglassco.com\/product\/re024-500ml-700ml-750ml-old-design-whisky-bottles-manufacturers\"]}]},{\"@type\":\"BreadcrumbList\",\"@id\":\"https:\/\/ruishengglassco.com\/product\/re024-500ml-700ml-750ml-old-design-whisky-bottles-manufacturers#breadcrumb\",\"itemListElement\":[{\"@type\":\"ListItem\",\"position\":1,\"name\":\"Home\",\"item\":\"https:\/\/ruishengglassco.com\/\"},{\"@type\":\"ListItem\",\"position\":2,\"name\":\"Products\",\"item\":\"https:\/\/ruishengglassco.com\/products\"},{\"@type\":\"ListItem\",\"position\":3,\"name\":\"RE024 500ml\/700ml\/750ml Old Design Whisky Bottles Manufacturers\"}]},{\"@type\":\"WebSite\",\"@id\":\"https:\/\/ruishengglassco.com\/#website\",\"url\":\"https:\/\/ruishengglassco.com\/\",\"name\":\"Ruisheng Glass\",\"description\":\"\",\"publisher\":{\"@id\":\"https:\/\/ruishengglassco.com\/#organization\"},\"potentialAction\":[{\"@type\":\"SearchAction\",\"target\":{\"@type\":\"EntryPoint\",\"urlTemplate\":\"https:\/\/ruishengglassco.com\/?s={search_term_string}\"},\"query-input\":\"required name=search_term_string\"}],\"inLanguage\":\"es\"},{\"@type\":\"Organization\",\"@id\":\"https:\/\/ruishengglassco.com\/#organization\",\"name\":\"Shandong Yuncheng Ruisheng Glass Co., Ltd\",\"url\":\"https:\/\/ruishengglassco.com\/\",\"logo\":{\"@type\":\"ImageObject\",\"inLanguage\":\"es\",\"@id\":\"https:\/\/ruishengglassco.com\/#\/schema\/logo\/image\/\",\"url\":\"https:\/\/ruishengglassco.com\/wp-content\/uploads\/2023\/09\/ruisheng_logo_icon.webp\",\"contentUrl\":\"https:\/\/ruishengglassco.com\/wp-content\/uploads\/2023\/09\/ruisheng_logo_icon.webp\",\"width\":400,\"height\":233,\"caption\":\"Shandong Yuncheng Ruisheng Glass Co., Ltd\"},\"image\":{\"@id\":\"https:\/\/ruishengglassco.com\/#\/schema\/logo\/image\/\"},\"sameAs\":[\"https:\/\/www.facebook.com\/ruishengglassbottles\",\"https:\/\/www.instagram.com\/Ruishengglassbottlewholesales\/\",\"https:\/\/www.youtube.com\/channel\/UCMmbMNGwsL-XrtjfSFLCdVQ\"]}]}<\/script>\n<!-- \/ Yoast SEO plugin. -->","yoast_head_json":{"title":"Old Whisky Bottles Manufacturers | Best Whiskey Bottles Manufacturer","description":"Want to buy Old Whisky Bottles Manufacturers? Click here to get whisky bottle from best whiskey bottles manufacturer China.","robots":{"index":"index","follow":"follow","max-snippet":"max-snippet:-1","max-image-preview":"max-image-preview:large","max-video-preview":"max-video-preview:-1"},"canonical":"https:\/\/ruishengglassco.com\/es\/producto\/re024-500ml-700ml-750ml-botellas-de-whisky-diseno-antiguo-al-por-mayor","og_locale":"es_ES","og_type":"article","og_title":"Old Whisky Bottles Manufacturers | Best Whiskey Bottles Manufacturer","og_description":"Want to buy Old Whisky Bottles Manufacturers? Click here to get whisky bottle from best whiskey bottles manufacturer China.","og_url":"https:\/\/ruishengglassco.com\/es\/producto\/re024-500ml-700ml-750ml-botellas-de-whisky-diseno-antiguo-al-por-mayor","article_publisher":"https:\/\/www.facebook.com\/ruishengglassbottles","article_modified_time":"2025-07-17T06:45:52+00:00","og_image":[{"width":800,"height":800,"url":"https:\/\/ruishengglassco.com\/wp-content\/uploads\/2025\/03\/RE024-500ml-700ml-750ml-Old-Design-Whisky-Bottles-Wholesale.webp","type":"image\/webp"}],"twitter_card":"summary_large_image","twitter_misc":{"Tiempo de lectura":"2 minutos"},"schema":{"@context":"https:\/\/schema.org","@graph":[{"@type":"WebPage","@id":"https:\/\/ruishengglassco.com\/product\/re024-500ml-700ml-750ml-old-design-whisky-bottles-manufacturers","url":"https:\/\/ruishengglassco.com\/product\/re024-500ml-700ml-750ml-old-design-whisky-bottles-manufacturers","name":"Old Whisky Bottles Manufacturers | Best Whiskey Bottles Manufacturer","isPartOf":{"@id":"https:\/\/ruishengglassco.com\/#website"},"datePublished":"2025-03-15T05:36:42+00:00","dateModified":"2025-07-17T06:45:52+00:00","description":"Want to buy Old Whisky Bottles Manufacturers? Click here to get whisky bottle from best whiskey bottles manufacturer China.","breadcrumb":{"@id":"https:\/\/ruishengglassco.com\/product\/re024-500ml-700ml-750ml-old-design-whisky-bottles-manufacturers#breadcrumb"},"inLanguage":"es","potentialAction":[{"@type":"ReadAction","target":["https:\/\/ruishengglassco.com\/product\/re024-500ml-700ml-750ml-old-design-whisky-bottles-manufacturers"]}]},{"@type":"BreadcrumbList","@id":"https:\/\/ruishengglassco.com\/product\/re024-500ml-700ml-750ml-old-design-whisky-bottles-manufacturers#breadcrumb","itemListElement":[{"@type":"ListItem","position":1,"name":"Home","item":"https:\/\/ruishengglassco.com\/"},{"@type":"ListItem","position":2,"name":"Products","item":"https:\/\/ruishengglassco.com\/products"},{"@type":"ListItem","position":3,"name":"RE024 500ml\/700ml\/750ml Old Design Whisky Bottles Manufacturers"}]},{"@type":"WebSite","@id":"https:\/\/ruishengglassco.com\/#website","url":"https:\/\/ruishengglassco.com\/","name":"Ruisheng Glass","description":"","publisher":{"@id":"https:\/\/ruishengglassco.com\/#organization"},"potentialAction":[{"@type":"SearchAction","target":{"@type":"EntryPoint","urlTemplate":"https:\/\/ruishengglassco.com\/?s={search_term_string}"},"query-input":"required name=search_term_string"}],"inLanguage":"es"},{"@type":"Organization","@id":"https:\/\/ruishengglassco.com\/#organization","name":"Shandong Yuncheng Ruisheng Glass Co., Ltd","url":"https:\/\/ruishengglassco.com\/","logo":{"@type":"ImageObject","inLanguage":"es","@id":"https:\/\/ruishengglassco.com\/#\/schema\/logo\/image\/","url":"https:\/\/ruishengglassco.com\/wp-content\/uploads\/2023\/09\/ruisheng_logo_icon.webp","contentUrl":"https:\/\/ruishengglassco.com\/wp-content\/uploads\/2023\/09\/ruisheng_logo_icon.webp","width":400,"height":233,"caption":"Shandong Yuncheng Ruisheng Glass Co., Ltd"},"image":{"@id":"https:\/\/ruishengglassco.com\/#\/schema\/logo\/image\/"},"sameAs":["https:\/\/www.facebook.com\/ruishengglassbottles","https:\/\/www.instagram.com\/Ruishengglassbottlewholesales\/","https:\/\/www.youtube.com\/channel\/UCMmbMNGwsL-XrtjfSFLCdVQ"]}]}},"_links":{"self":[{"href":"https:\/\/ruishengglassco.com\/es\/wp-json\/wp\/v2\/product\/4344","targetHints":{"allow":["GET"]}}],"collection":[{"href":"https:\/\/ruishengglassco.com\/es\/wp-json\/wp\/v2\/product"}],"about":[{"href":"https:\/\/ruishengglassco.com\/es\/wp-json\/wp\/v2\/types\/product"}],"replies":[{"embeddable":true,"href":"https:\/\/ruishengglassco.com\/es\/wp-json\/wp\/v2\/comments?post=4344"}],"wp:featuredmedia":[{"embeddable":true,"href":"https:\/\/ruishengglassco.com\/es\/wp-json\/wp\/v2\/media\/4345"}],"wp:attachment":[{"href":"https:\/\/ruishengglassco.com\/es\/wp-json\/wp\/v2\/media?parent=4344"}],"wp:term":[{"taxonomy":"product_cat","embeddable":true,"href":"https:\/\/ruishengglassco.com\/es\/wp-json\/wp\/v2\/product_cat?post=4344"}],"curies":[{"name":"wp","href":"https:\/\/api.w.org\/{rel}","templated":true}]}}