{"id":4341,"date":"2025-03-15T13:34:18","date_gmt":"2025-03-15T05:34:18","guid":{"rendered":"https:\/\/ruishengglassco.com\/?post_type=product&#038;p=4341"},"modified":"2025-07-17T14:44:45","modified_gmt":"2025-07-17T06:44:45","slug":"rs025-700ml-750ml-botellas-de-whisky-redondas-vacias","status":"publish","type":"product","link":"https:\/\/ruishengglassco.com\/es\/producto\/rs025-700ml-750ml-botellas-de-whisky-redondas-vacias","title":{"rendered":"RS025 Botellas de whisky vac\u00edas redondas de 700 ml\/750 ml"},"content":{"rendered":"<h2>Informaci\u00f3n detallada sobre 700ml\/750ml Ronda vac\u00eda botellas de whisky al por mayor<\/h2>\n<p>Esta serie de botellas de whisky vac\u00edas redondas de 700 ml y 750 ml est\u00e1 disponible al por mayor. Est\u00e1n hechas de vidrio de alta calidad, por lo que son perfectas para envasar whisky, brandy y vodka. El cuerpo transparente de la botella muestra perfectamente la calidad y el color de la bebida espirituosa.<\/p>\n<p>Como principal fabricante de botellas de whisky, s\u00f3lo proporcionamos botellas de vidrio de whisky al por mayor. Por supuesto, como un equipo profesional, vamos a ofrecer servicios de dise\u00f1o personalizado de botellas de whisky. Servicios OEM\/ODM disponibles.<\/p>\n<p><strong>Detalles r\u00e1pidos<\/strong><\/p>\n<ul>\n<li>Manipulaci\u00f3n de superficies:\uff1aDecal<\/li>\n<li>Uso industrial: Bebidas<\/li>\n<li>Material de la base: Super vidrio de s\u00edlex<\/li>\n<li>Material del cuerpo: Vidrio s\u00faper s\u00edlex<\/li>\n<li>Material del collar: Super vidrio de s\u00edlex<\/li>\n<li>Tipo de sellado: Corcho<\/li>\n<li>Uso: Whisky\/Brandy<\/li>\n<li>Lugar de origen: Shandong, China<\/li>\n<li>Nombre de marca: Ruisheng<\/li>\n<li>Nombre del producto: 50ml Whisky vac\u00edo Extra Flint Vodka Premium redondo esp\u00edritu Botella de vidrio<\/li>\n<li>Capacidad: 100-1000ml \/ personalizado<\/li>\n<li>Certificaci\u00f3n: ISO9001<\/li>\n<li>Embalaje: Cart\u00f3n \/ pal\u00e9 \/ a medida<\/li>\n<li>Palabra clave: Botella de Whisky, Botella de Whisky de Vidrio, Botella de Whisky Vac\u00eda, Botella de Whisky Redonda<\/li>\n<li>Servicios: OEM \/ODM<\/li>\n<li>Muestra: Muestra gratuita<\/li>\n<li>Plazo de entrega: Generalmente 25-30 d\u00edas laborables<\/li>\n<\/ul>","protected":false},"excerpt":{"rendered":"<p>\u00bfEst\u00e1 buscando una botella de whisky vac\u00eda para su marca? Ruisheng Glass Bottle es un profesional en la fabricaci\u00f3n de botellas de licor de vidrio. Ofrecemos botellas de whisky vac\u00edas redondas de 700ml y 750ml. Nuestros clientes incluyen marcas de whisky, empresas, proveedores de botellas de vidrio, mayoristas y distribuidores.<\/p>\n<h2>Informaci\u00f3n de pedido sobre botellas de whisky vac\u00edas redondas de 700 ml\/750 ml<\/h2>\n<ul>\n<li>Nombre del modelo: 700ml\/750ml Botellas Vac\u00edas Ronda Whisky<\/li>\n<li>N\u00famero de modelo: RS025<\/li>\n<li>Nombre de marca: RUISHENG<\/li>\n<li><strong>MOQ: 10000pcs<\/strong><\/li>\n<li>Capacidad: 700ML\/750ml\/personalizada<\/li>\n<li>Tratamiento de superficies: Hot Stamping, Escarcha, Calcoman\u00eda, Relieve, Serigraf\u00eda<\/li>\n<li>Material: Vidrio Super Flint<\/li>\n<li>Material del collar: Botella de vidrio transparente<\/li>\n<li>Tipo de cierre: Tap\u00f3n de rosca, Corcho, Tap\u00f3n de vidrio, Tap\u00f3n Twist-off<\/li>\n<li>Uso: Botella de whisky<\/li>\n<li>Lugar de origen: Shandong, China<\/li>\n<li>embalaje: Cajas de cart\u00f3n y pal\u00e9s de exportaci\u00f3n est\u00e1ndar<\/li>\n<li>Servicios: Servicio OEM\/ODM<\/li>\n<\/ul>\n<p>Si desea obtener el precio al por mayor de botellas de whisky, haga clic aqu\u00ed para ponerse en contacto con nosotros<\/p>","protected":false},"featured_media":4342,"comment_status":"closed","ping_status":"closed","template":"","meta":[],"product_cat":[44,40,54],"class_list":{"0":"post-4341","1":"product","2":"type-product","3":"status-publish","4":"has-post-thumbnail","6":"product_cat-700ml-liquor-bottle-manufacturer","7":"product_cat-750ml-liquor-bottle-manufacturer","8":"product_cat-whiskey-bottle","10":"first","11":"instock","12":"shipping-taxable","13":"product-type-simple"},"yoast_head":"<!-- This site is optimized with the Yoast SEO plugin v22.0 - https:\/\/yoast.com\/wordpress\/plugins\/seo\/ -->\n<title>700ml\/750ml Round Empty Whiskey Bottle Wholesale<\/title>\n<meta name=\"description\" content=\"Do you want to buy Whsikey Bottle in Bulk for Your Brand? Ruisheng, a professional liquor bottle manufacturer, provide 700ml\/750ml Round Empty Whiskey Bottle Wholesale.\" \/>\n<meta name=\"robots\" content=\"index, follow, max-snippet:-1, max-image-preview:large, max-video-preview:-1\" \/>\n<link rel=\"canonical\" href=\"https:\/\/ruishengglassco.com\/es\/producto\/rs025-700ml-750ml-botellas-de-whisky-redondas-vacias\" \/>\n<meta property=\"og:locale\" content=\"es_ES\" \/>\n<meta property=\"og:type\" content=\"article\" \/>\n<meta property=\"og:title\" content=\"700ml\/750ml Round Empty Whiskey Bottle Wholesale\" \/>\n<meta property=\"og:description\" content=\"Do you want to buy Whsikey Bottle in Bulk for Your Brand? Ruisheng, a professional liquor bottle manufacturer, provide 700ml\/750ml Round Empty Whiskey Bottle Wholesale.\" \/>\n<meta property=\"og:url\" content=\"https:\/\/ruishengglassco.com\/es\/producto\/rs025-700ml-750ml-botellas-de-whisky-redondas-vacias\" \/>\n<meta property=\"article:publisher\" content=\"https:\/\/www.facebook.com\/ruishengglassbottles\" \/>\n<meta property=\"article:modified_time\" content=\"2025-07-17T06:44:45+00:00\" \/>\n<meta property=\"og:image\" content=\"https:\/\/ruishengglassco.com\/wp-content\/uploads\/2025\/03\/RS025-700ml-750ml-Round-Empty-Whiskey-Bottles.webp\" \/>\n\t<meta property=\"og:image:width\" content=\"800\" \/>\n\t<meta property=\"og:image:height\" content=\"800\" \/>\n\t<meta property=\"og:image:type\" content=\"image\/webp\" \/>\n<meta name=\"twitter:card\" content=\"summary_large_image\" \/>\n<meta name=\"twitter:label1\" content=\"Tiempo de lectura\" \/>\n\t<meta name=\"twitter:data1\" content=\"1 minuto\" \/>\n<script type=\"application\/ld+json\" class=\"yoast-schema-graph\">{\"@context\":\"https:\/\/schema.org\",\"@graph\":[{\"@type\":\"WebPage\",\"@id\":\"https:\/\/ruishengglassco.com\/product\/rs025-700ml-750ml-round-empty-whiskey-bottles\",\"url\":\"https:\/\/ruishengglassco.com\/product\/rs025-700ml-750ml-round-empty-whiskey-bottles\",\"name\":\"700ml\/750ml Round Empty Whiskey Bottle Wholesale\",\"isPartOf\":{\"@id\":\"https:\/\/ruishengglassco.com\/#website\"},\"datePublished\":\"2025-03-15T05:34:18+00:00\",\"dateModified\":\"2025-07-17T06:44:45+00:00\",\"description\":\"Do you want to buy Whsikey Bottle in Bulk for Your Brand? Ruisheng, a professional liquor bottle manufacturer, provide 700ml\/750ml Round Empty Whiskey Bottle Wholesale.\",\"breadcrumb\":{\"@id\":\"https:\/\/ruishengglassco.com\/product\/rs025-700ml-750ml-round-empty-whiskey-bottles#breadcrumb\"},\"inLanguage\":\"es\",\"potentialAction\":[{\"@type\":\"ReadAction\",\"target\":[\"https:\/\/ruishengglassco.com\/product\/rs025-700ml-750ml-round-empty-whiskey-bottles\"]}]},{\"@type\":\"BreadcrumbList\",\"@id\":\"https:\/\/ruishengglassco.com\/product\/rs025-700ml-750ml-round-empty-whiskey-bottles#breadcrumb\",\"itemListElement\":[{\"@type\":\"ListItem\",\"position\":1,\"name\":\"Home\",\"item\":\"https:\/\/ruishengglassco.com\/\"},{\"@type\":\"ListItem\",\"position\":2,\"name\":\"Products\",\"item\":\"https:\/\/ruishengglassco.com\/products\"},{\"@type\":\"ListItem\",\"position\":3,\"name\":\"RS025 700ml\/750ml Round Empty Whiskey Bottles\"}]},{\"@type\":\"WebSite\",\"@id\":\"https:\/\/ruishengglassco.com\/#website\",\"url\":\"https:\/\/ruishengglassco.com\/\",\"name\":\"Ruisheng Glass\",\"description\":\"\",\"publisher\":{\"@id\":\"https:\/\/ruishengglassco.com\/#organization\"},\"potentialAction\":[{\"@type\":\"SearchAction\",\"target\":{\"@type\":\"EntryPoint\",\"urlTemplate\":\"https:\/\/ruishengglassco.com\/?s={search_term_string}\"},\"query-input\":\"required name=search_term_string\"}],\"inLanguage\":\"es\"},{\"@type\":\"Organization\",\"@id\":\"https:\/\/ruishengglassco.com\/#organization\",\"name\":\"Shandong Yuncheng Ruisheng Glass Co., Ltd\",\"url\":\"https:\/\/ruishengglassco.com\/\",\"logo\":{\"@type\":\"ImageObject\",\"inLanguage\":\"es\",\"@id\":\"https:\/\/ruishengglassco.com\/#\/schema\/logo\/image\/\",\"url\":\"https:\/\/ruishengglassco.com\/wp-content\/uploads\/2023\/09\/ruisheng_logo_icon.webp\",\"contentUrl\":\"https:\/\/ruishengglassco.com\/wp-content\/uploads\/2023\/09\/ruisheng_logo_icon.webp\",\"width\":400,\"height\":233,\"caption\":\"Shandong Yuncheng Ruisheng Glass Co., Ltd\"},\"image\":{\"@id\":\"https:\/\/ruishengglassco.com\/#\/schema\/logo\/image\/\"},\"sameAs\":[\"https:\/\/www.facebook.com\/ruishengglassbottles\",\"https:\/\/www.instagram.com\/Ruishengglassbottlewholesales\/\",\"https:\/\/www.youtube.com\/channel\/UCMmbMNGwsL-XrtjfSFLCdVQ\"]}]}<\/script>\n<!-- \/ Yoast SEO plugin. -->","yoast_head_json":{"title":"700ml\/750ml Round Empty Whiskey Bottle Wholesale","description":"Do you want to buy Whsikey Bottle in Bulk for Your Brand? Ruisheng, a professional liquor bottle manufacturer, provide 700ml\/750ml Round Empty Whiskey Bottle Wholesale.","robots":{"index":"index","follow":"follow","max-snippet":"max-snippet:-1","max-image-preview":"max-image-preview:large","max-video-preview":"max-video-preview:-1"},"canonical":"https:\/\/ruishengglassco.com\/es\/producto\/rs025-700ml-750ml-botellas-de-whisky-redondas-vacias","og_locale":"es_ES","og_type":"article","og_title":"700ml\/750ml Round Empty Whiskey Bottle Wholesale","og_description":"Do you want to buy Whsikey Bottle in Bulk for Your Brand? Ruisheng, a professional liquor bottle manufacturer, provide 700ml\/750ml Round Empty Whiskey Bottle Wholesale.","og_url":"https:\/\/ruishengglassco.com\/es\/producto\/rs025-700ml-750ml-botellas-de-whisky-redondas-vacias","article_publisher":"https:\/\/www.facebook.com\/ruishengglassbottles","article_modified_time":"2025-07-17T06:44:45+00:00","og_image":[{"width":800,"height":800,"url":"https:\/\/ruishengglassco.com\/wp-content\/uploads\/2025\/03\/RS025-700ml-750ml-Round-Empty-Whiskey-Bottles.webp","type":"image\/webp"}],"twitter_card":"summary_large_image","twitter_misc":{"Tiempo de lectura":"1 minuto"},"schema":{"@context":"https:\/\/schema.org","@graph":[{"@type":"WebPage","@id":"https:\/\/ruishengglassco.com\/product\/rs025-700ml-750ml-round-empty-whiskey-bottles","url":"https:\/\/ruishengglassco.com\/product\/rs025-700ml-750ml-round-empty-whiskey-bottles","name":"700ml\/750ml Round Empty Whiskey Bottle Wholesale","isPartOf":{"@id":"https:\/\/ruishengglassco.com\/#website"},"datePublished":"2025-03-15T05:34:18+00:00","dateModified":"2025-07-17T06:44:45+00:00","description":"Do you want to buy Whsikey Bottle in Bulk for Your Brand? Ruisheng, a professional liquor bottle manufacturer, provide 700ml\/750ml Round Empty Whiskey Bottle Wholesale.","breadcrumb":{"@id":"https:\/\/ruishengglassco.com\/product\/rs025-700ml-750ml-round-empty-whiskey-bottles#breadcrumb"},"inLanguage":"es","potentialAction":[{"@type":"ReadAction","target":["https:\/\/ruishengglassco.com\/product\/rs025-700ml-750ml-round-empty-whiskey-bottles"]}]},{"@type":"BreadcrumbList","@id":"https:\/\/ruishengglassco.com\/product\/rs025-700ml-750ml-round-empty-whiskey-bottles#breadcrumb","itemListElement":[{"@type":"ListItem","position":1,"name":"Home","item":"https:\/\/ruishengglassco.com\/"},{"@type":"ListItem","position":2,"name":"Products","item":"https:\/\/ruishengglassco.com\/products"},{"@type":"ListItem","position":3,"name":"RS025 700ml\/750ml Round Empty Whiskey Bottles"}]},{"@type":"WebSite","@id":"https:\/\/ruishengglassco.com\/#website","url":"https:\/\/ruishengglassco.com\/","name":"Ruisheng Glass","description":"","publisher":{"@id":"https:\/\/ruishengglassco.com\/#organization"},"potentialAction":[{"@type":"SearchAction","target":{"@type":"EntryPoint","urlTemplate":"https:\/\/ruishengglassco.com\/?s={search_term_string}"},"query-input":"required name=search_term_string"}],"inLanguage":"es"},{"@type":"Organization","@id":"https:\/\/ruishengglassco.com\/#organization","name":"Shandong Yuncheng Ruisheng Glass Co., Ltd","url":"https:\/\/ruishengglassco.com\/","logo":{"@type":"ImageObject","inLanguage":"es","@id":"https:\/\/ruishengglassco.com\/#\/schema\/logo\/image\/","url":"https:\/\/ruishengglassco.com\/wp-content\/uploads\/2023\/09\/ruisheng_logo_icon.webp","contentUrl":"https:\/\/ruishengglassco.com\/wp-content\/uploads\/2023\/09\/ruisheng_logo_icon.webp","width":400,"height":233,"caption":"Shandong Yuncheng Ruisheng Glass Co., Ltd"},"image":{"@id":"https:\/\/ruishengglassco.com\/#\/schema\/logo\/image\/"},"sameAs":["https:\/\/www.facebook.com\/ruishengglassbottles","https:\/\/www.instagram.com\/Ruishengglassbottlewholesales\/","https:\/\/www.youtube.com\/channel\/UCMmbMNGwsL-XrtjfSFLCdVQ"]}]}},"_links":{"self":[{"href":"https:\/\/ruishengglassco.com\/es\/wp-json\/wp\/v2\/product\/4341","targetHints":{"allow":["GET"]}}],"collection":[{"href":"https:\/\/ruishengglassco.com\/es\/wp-json\/wp\/v2\/product"}],"about":[{"href":"https:\/\/ruishengglassco.com\/es\/wp-json\/wp\/v2\/types\/product"}],"replies":[{"embeddable":true,"href":"https:\/\/ruishengglassco.com\/es\/wp-json\/wp\/v2\/comments?post=4341"}],"wp:featuredmedia":[{"embeddable":true,"href":"https:\/\/ruishengglassco.com\/es\/wp-json\/wp\/v2\/media\/4342"}],"wp:attachment":[{"href":"https:\/\/ruishengglassco.com\/es\/wp-json\/wp\/v2\/media?parent=4341"}],"wp:term":[{"taxonomy":"product_cat","embeddable":true,"href":"https:\/\/ruishengglassco.com\/es\/wp-json\/wp\/v2\/product_cat?post=4341"}],"curies":[{"name":"wp","href":"https:\/\/api.w.org\/{rel}","templated":true}]}}