{"id":4323,"date":"2025-03-15T12:55:39","date_gmt":"2025-03-15T04:55:39","guid":{"rendered":"https:\/\/ruishengglassco.com\/?post_type=product&#038;p=4323"},"modified":"2025-03-26T14:41:04","modified_gmt":"2025-03-26T06:41:04","slug":"rs034-venta-al-por-mayor-vodka-tamanos-de-botella-500ml-700ml-750ml","status":"publish","type":"product","link":"https:\/\/ruishengglassco.com\/es\/producto\/rs034-venta-al-por-mayor-vodka-tamanos-de-botella-500ml-700ml-750ml","title":{"rendered":"RS034: Tama\u00f1os de botella de vodka 500ml\/700ml\/750ml"},"content":{"rendered":"","protected":false},"excerpt":{"rendered":"<h2>Pedir informaci\u00f3n sobre la botella de vodka<\/h2>\n<ul>\n<li>N\u00famero de modelo: RS034<\/li>\n<li>Nombre de marca: RUISHENG<\/li>\n<li>Capacidad: 500 ml\/700 ml\/750 ml\/personalizada<\/li>\n<li>Manipulaci\u00f3n de superficies: Calcoman\u00eda<\/li>\n<li>Material: Vidrio Super Flint<\/li>\n<li>Material del collar: Botella de vidrio transparente<\/li>\n<li>Tipo de sellado: Corcho<\/li>\n<li>Uso: VODKA<\/li>\n<li>Lugar de origen: Shandong, China<\/li>\n<li>embalaje: Cajas de cart\u00f3n y pal\u00e9s de exportaci\u00f3n est\u00e1ndar<\/li>\n<li>Servicios: Servicio OEM\/ODM<\/li>\n<\/ul>","protected":false},"featured_media":4324,"comment_status":"closed","ping_status":"closed","template":"","meta":[],"product_cat":[41,44,40,52],"class_list":{"0":"post-4323","1":"product","2":"type-product","3":"status-publish","4":"has-post-thumbnail","6":"product_cat-500ml-liquor-bottle-manufacturer","7":"product_cat-700ml-liquor-bottle-manufacturer","8":"product_cat-750ml-liquor-bottle-manufacturer","9":"product_cat-vodka-bottle","11":"first","12":"instock","13":"shipping-taxable","14":"product-type-simple"},"yoast_head":"<!-- This site is optimized with the Yoast SEO plugin v22.0 - https:\/\/yoast.com\/wordpress\/plugins\/seo\/ -->\n<title>RS034: Vodka Bottle Sizes 500ml\/700ml\/750ml -<\/title>\n<meta name=\"robots\" content=\"index, follow, max-snippet:-1, max-image-preview:large, max-video-preview:-1\" \/>\n<link rel=\"canonical\" href=\"https:\/\/ruishengglassco.com\/es\/producto\/rs034-venta-al-por-mayor-vodka-tamanos-de-botella-500ml-700ml-750ml\" \/>\n<meta property=\"og:locale\" content=\"es_ES\" \/>\n<meta property=\"og:type\" content=\"article\" \/>\n<meta property=\"og:title\" content=\"RS034: Vodka Bottle Sizes 500ml\/700ml\/750ml -\" \/>\n<meta property=\"og:description\" content=\"Order Information About Vodka Bottle   Model Number: RS034  Brand Name: RUISHENG  Capacity: 500ml\/700ml\/750ml\/customized  Surface Handling: Decal  Material: Super Flint Glass  Collar Material: Clear Glass Bottle  Sealing Type: Cork  Use: VODKA  Place of Origin: Shandong, China  package: Standard export cartons and pallets  Service: OEM\/ODM Service\" \/>\n<meta property=\"og:url\" content=\"https:\/\/ruishengglassco.com\/es\/producto\/rs034-venta-al-por-mayor-vodka-tamanos-de-botella-500ml-700ml-750ml\" \/>\n<meta property=\"article:publisher\" content=\"https:\/\/www.facebook.com\/ruishengglassbottles\" \/>\n<meta property=\"article:modified_time\" content=\"2025-03-26T06:41:04+00:00\" \/>\n<meta property=\"og:image\" content=\"https:\/\/ruishengglassco.com\/wp-content\/uploads\/2025\/03\/RS034-Wholesale-Vodka-Bottle-Sizes-500ml-700ml-750ml.webp\" \/>\n\t<meta property=\"og:image:width\" content=\"500\" \/>\n\t<meta property=\"og:image:height\" content=\"500\" \/>\n\t<meta property=\"og:image:type\" content=\"image\/webp\" \/>\n<meta name=\"twitter:card\" content=\"summary_large_image\" \/>\n<meta name=\"twitter:label1\" content=\"Tiempo de lectura\" \/>\n\t<meta name=\"twitter:data1\" content=\"1 minuto\" \/>\n<script type=\"application\/ld+json\" class=\"yoast-schema-graph\">{\"@context\":\"https:\/\/schema.org\",\"@graph\":[{\"@type\":\"WebPage\",\"@id\":\"https:\/\/ruishengglassco.com\/product\/rs034-vodka-bottle-sizes-500ml-700ml-750ml\",\"url\":\"https:\/\/ruishengglassco.com\/product\/rs034-vodka-bottle-sizes-500ml-700ml-750ml\",\"name\":\"RS034: Vodka Bottle Sizes 500ml\/700ml\/750ml -\",\"isPartOf\":{\"@id\":\"https:\/\/ruishengglassco.com\/#website\"},\"datePublished\":\"2025-03-15T04:55:39+00:00\",\"dateModified\":\"2025-03-26T06:41:04+00:00\",\"breadcrumb\":{\"@id\":\"https:\/\/ruishengglassco.com\/product\/rs034-vodka-bottle-sizes-500ml-700ml-750ml#breadcrumb\"},\"inLanguage\":\"es\",\"potentialAction\":[{\"@type\":\"ReadAction\",\"target\":[\"https:\/\/ruishengglassco.com\/product\/rs034-vodka-bottle-sizes-500ml-700ml-750ml\"]}]},{\"@type\":\"BreadcrumbList\",\"@id\":\"https:\/\/ruishengglassco.com\/product\/rs034-vodka-bottle-sizes-500ml-700ml-750ml#breadcrumb\",\"itemListElement\":[{\"@type\":\"ListItem\",\"position\":1,\"name\":\"Home\",\"item\":\"https:\/\/ruishengglassco.com\/\"},{\"@type\":\"ListItem\",\"position\":2,\"name\":\"Products\",\"item\":\"https:\/\/ruishengglassco.com\/products\"},{\"@type\":\"ListItem\",\"position\":3,\"name\":\"RS034: Vodka Bottle Sizes 500ml\/700ml\/750ml\"}]},{\"@type\":\"WebSite\",\"@id\":\"https:\/\/ruishengglassco.com\/#website\",\"url\":\"https:\/\/ruishengglassco.com\/\",\"name\":\"Ruisheng Glass\",\"description\":\"\",\"publisher\":{\"@id\":\"https:\/\/ruishengglassco.com\/#organization\"},\"potentialAction\":[{\"@type\":\"SearchAction\",\"target\":{\"@type\":\"EntryPoint\",\"urlTemplate\":\"https:\/\/ruishengglassco.com\/?s={search_term_string}\"},\"query-input\":\"required name=search_term_string\"}],\"inLanguage\":\"es\"},{\"@type\":\"Organization\",\"@id\":\"https:\/\/ruishengglassco.com\/#organization\",\"name\":\"Shandong Yuncheng Ruisheng Glass Co., Ltd\",\"url\":\"https:\/\/ruishengglassco.com\/\",\"logo\":{\"@type\":\"ImageObject\",\"inLanguage\":\"es\",\"@id\":\"https:\/\/ruishengglassco.com\/#\/schema\/logo\/image\/\",\"url\":\"https:\/\/ruishengglassco.com\/wp-content\/uploads\/2023\/09\/ruisheng_logo_icon.webp\",\"contentUrl\":\"https:\/\/ruishengglassco.com\/wp-content\/uploads\/2023\/09\/ruisheng_logo_icon.webp\",\"width\":400,\"height\":233,\"caption\":\"Shandong Yuncheng Ruisheng Glass Co., Ltd\"},\"image\":{\"@id\":\"https:\/\/ruishengglassco.com\/#\/schema\/logo\/image\/\"},\"sameAs\":[\"https:\/\/www.facebook.com\/ruishengglassbottles\",\"https:\/\/www.instagram.com\/Ruishengglassbottlewholesales\/\",\"https:\/\/www.youtube.com\/channel\/UCMmbMNGwsL-XrtjfSFLCdVQ\"]}]}<\/script>\n<!-- \/ Yoast SEO plugin. -->","yoast_head_json":{"title":"RS034: Vodka Bottle Sizes 500ml\/700ml\/750ml -","robots":{"index":"index","follow":"follow","max-snippet":"max-snippet:-1","max-image-preview":"max-image-preview:large","max-video-preview":"max-video-preview:-1"},"canonical":"https:\/\/ruishengglassco.com\/es\/producto\/rs034-venta-al-por-mayor-vodka-tamanos-de-botella-500ml-700ml-750ml","og_locale":"es_ES","og_type":"article","og_title":"RS034: Vodka Bottle Sizes 500ml\/700ml\/750ml -","og_description":"Order Information About Vodka Bottle   Model Number: RS034  Brand Name: RUISHENG  Capacity: 500ml\/700ml\/750ml\/customized  Surface Handling: Decal  Material: Super Flint Glass  Collar Material: Clear Glass Bottle  Sealing Type: Cork  Use: VODKA  Place of Origin: Shandong, China  package: Standard export cartons and pallets  Service: OEM\/ODM Service","og_url":"https:\/\/ruishengglassco.com\/es\/producto\/rs034-venta-al-por-mayor-vodka-tamanos-de-botella-500ml-700ml-750ml","article_publisher":"https:\/\/www.facebook.com\/ruishengglassbottles","article_modified_time":"2025-03-26T06:41:04+00:00","og_image":[{"width":500,"height":500,"url":"https:\/\/ruishengglassco.com\/wp-content\/uploads\/2025\/03\/RS034-Wholesale-Vodka-Bottle-Sizes-500ml-700ml-750ml.webp","type":"image\/webp"}],"twitter_card":"summary_large_image","twitter_misc":{"Tiempo de lectura":"1 minuto"},"schema":{"@context":"https:\/\/schema.org","@graph":[{"@type":"WebPage","@id":"https:\/\/ruishengglassco.com\/product\/rs034-vodka-bottle-sizes-500ml-700ml-750ml","url":"https:\/\/ruishengglassco.com\/product\/rs034-vodka-bottle-sizes-500ml-700ml-750ml","name":"RS034: Vodka Bottle Sizes 500ml\/700ml\/750ml -","isPartOf":{"@id":"https:\/\/ruishengglassco.com\/#website"},"datePublished":"2025-03-15T04:55:39+00:00","dateModified":"2025-03-26T06:41:04+00:00","breadcrumb":{"@id":"https:\/\/ruishengglassco.com\/product\/rs034-vodka-bottle-sizes-500ml-700ml-750ml#breadcrumb"},"inLanguage":"es","potentialAction":[{"@type":"ReadAction","target":["https:\/\/ruishengglassco.com\/product\/rs034-vodka-bottle-sizes-500ml-700ml-750ml"]}]},{"@type":"BreadcrumbList","@id":"https:\/\/ruishengglassco.com\/product\/rs034-vodka-bottle-sizes-500ml-700ml-750ml#breadcrumb","itemListElement":[{"@type":"ListItem","position":1,"name":"Home","item":"https:\/\/ruishengglassco.com\/"},{"@type":"ListItem","position":2,"name":"Products","item":"https:\/\/ruishengglassco.com\/products"},{"@type":"ListItem","position":3,"name":"RS034: Vodka Bottle Sizes 500ml\/700ml\/750ml"}]},{"@type":"WebSite","@id":"https:\/\/ruishengglassco.com\/#website","url":"https:\/\/ruishengglassco.com\/","name":"Ruisheng Glass","description":"","publisher":{"@id":"https:\/\/ruishengglassco.com\/#organization"},"potentialAction":[{"@type":"SearchAction","target":{"@type":"EntryPoint","urlTemplate":"https:\/\/ruishengglassco.com\/?s={search_term_string}"},"query-input":"required name=search_term_string"}],"inLanguage":"es"},{"@type":"Organization","@id":"https:\/\/ruishengglassco.com\/#organization","name":"Shandong Yuncheng Ruisheng Glass Co., Ltd","url":"https:\/\/ruishengglassco.com\/","logo":{"@type":"ImageObject","inLanguage":"es","@id":"https:\/\/ruishengglassco.com\/#\/schema\/logo\/image\/","url":"https:\/\/ruishengglassco.com\/wp-content\/uploads\/2023\/09\/ruisheng_logo_icon.webp","contentUrl":"https:\/\/ruishengglassco.com\/wp-content\/uploads\/2023\/09\/ruisheng_logo_icon.webp","width":400,"height":233,"caption":"Shandong Yuncheng Ruisheng Glass Co., Ltd"},"image":{"@id":"https:\/\/ruishengglassco.com\/#\/schema\/logo\/image\/"},"sameAs":["https:\/\/www.facebook.com\/ruishengglassbottles","https:\/\/www.instagram.com\/Ruishengglassbottlewholesales\/","https:\/\/www.youtube.com\/channel\/UCMmbMNGwsL-XrtjfSFLCdVQ"]}]}},"_links":{"self":[{"href":"https:\/\/ruishengglassco.com\/es\/wp-json\/wp\/v2\/product\/4323","targetHints":{"allow":["GET"]}}],"collection":[{"href":"https:\/\/ruishengglassco.com\/es\/wp-json\/wp\/v2\/product"}],"about":[{"href":"https:\/\/ruishengglassco.com\/es\/wp-json\/wp\/v2\/types\/product"}],"replies":[{"embeddable":true,"href":"https:\/\/ruishengglassco.com\/es\/wp-json\/wp\/v2\/comments?post=4323"}],"wp:featuredmedia":[{"embeddable":true,"href":"https:\/\/ruishengglassco.com\/es\/wp-json\/wp\/v2\/media\/4324"}],"wp:attachment":[{"href":"https:\/\/ruishengglassco.com\/es\/wp-json\/wp\/v2\/media?parent=4323"}],"wp:term":[{"taxonomy":"product_cat","embeddable":true,"href":"https:\/\/ruishengglassco.com\/es\/wp-json\/wp\/v2\/product_cat?post=4323"}],"curies":[{"name":"wp","href":"https:\/\/api.w.org\/{rel}","templated":true}]}}