{"id":4312,"date":"2025-03-15T12:35:32","date_gmt":"2025-03-15T04:35:32","guid":{"rendered":"https:\/\/ruishengglassco.com\/?post_type=product&#038;p=4312"},"modified":"2025-07-17T14:37:53","modified_gmt":"2025-07-17T06:37:53","slug":"rs039-botellas-de-vodka-transparente-de-500-ml-y-750-ml","status":"publish","type":"product","link":"https:\/\/ruishengglassco.com\/es\/producto\/rs039-botellas-de-vodka-transparente-de-500-ml-y-750-ml","title":{"rendered":"RS039: Botellas de Vodka Transparente 500ml 750ml"},"content":{"rendered":"<h2>Informaci\u00f3n detallada sobre 500ml 750ml botellas de vodka transparente al por mayor<\/h2>\n<p data-block-id=\"6fff1bb0-cb25-4c24-af74-66acf6fd3c5b\" data-pm-slice=\"1 1 []\">Puede personalizarlos <strong>Botellas de vodka transparente de 500 ml y 750 ml<\/strong> de muchas maneras. Con tantas opciones, su producto destacar\u00e1 en el estante. Ofrecemos etiquetas calcoman\u00eda, logotipos impresos, grabado, gofrado, glaseado y galvanoplastia. Tambi\u00e9n puede personalizar la impresi\u00f3n del cart\u00f3n y el estilo de los tapones. Las botellas est\u00e1n dise\u00f1adas con los m\u00e1s altos est\u00e1ndares de calidad, lo que garantiza que no se romper\u00e1n ni durante el transporte hasta el lugar de venta ni cuando su cliente se las lleve a casa. Estas resistentes botellas de licor pueden personalizarse, lo que atrae a los coleccionistas. Este inter\u00e9s puede traducirse en m\u00e1s ventas para usted.<\/p>","protected":false},"excerpt":{"rendered":"<p data-block-id=\"4a7ee989-0b75-4712-91ab-b0cb46722f47\" data-pm-slice=\"1 1 []\">Cuando quiera dedicarse a la venta de licores, necesitar\u00e1 las botellas adecuadas para el trabajo. Inicie bien su negocio de bebidas alcoh\u00f3licas con las botellas de vodka transparentes de 500 ml y 750 ml disponibles al por mayor. Estas botellas de vidrio transparente contienen entre 500 y 750 mililitros de vodka. Esto facilita el seguimiento de la cantidad de cada lote. La claridad de las botellas de vodka al por mayor es cristalina, lo que permite a sus clientes ver f\u00e1cilmente a trav\u00e9s del cristal el color del l\u00edquido. La transparencia permite que lo que quiera que diga la botella en la parte delantera sea claramente visible, independientemente de c\u00f3mo decida personalizarla.<\/p>\n<h2>Informaci\u00f3n de la orden sobre 500ml 750ml botella de vodka transparente al por mayor<\/h2>\n<ul>\n<li>Nombre del producto: 500ml 750ml Botellas de Vodka de Vidrio Extra Blanco Flint<\/li>\n<li><span class=\"attr-name J-attr-name\" title=\"N\u00famero de modelo\">N\u00famero de modelo: <\/span>RS039<\/li>\n<li><span style=\"color: #ff0000;\"><strong><span class=\"mceItemHidden\"><span class=\"hiddenSpellError\">MOQ<\/span>: 10000 UNIDADES<\/span><\/strong><\/span><\/li>\n<li>Servicio: podemos satisfacer todas sus necesidades, incluyendo la impresi\u00f3n de logotipos, etiquetas de calcoman\u00eda, relieve, grabado, galvanoplastia, glaseado, pintura y se puede personalizar la impresi\u00f3n de cajas de cart\u00f3n al por menor y el estilo de corcho<\/li>\n<li>Marca: RS<\/li>\n<li>Material: Material blanco cristalino, material extremadamente blanco<\/li>\n<li>Especificaci\u00f3n: 50ml-3500ml<\/li>\n<li>Caracter\u00edsticas: Alta calidad, m\u00e1s transparente, irrompible, reciclable<\/li>\n<li>Muestra: Gratis si utiliza nuestro molde existente.<\/li>\n<li>Normativa: ISO9001:2008, ISO14001:2004<\/li>\n<li>M\u00e9todo de embalaje: Embalaje est\u00e1ndar para exportaci\u00f3n o embalaje personalizado<\/li>\n<li>Condiciones de pago: T\/T, L\/C, Western Union, Paypal.<\/li>\n<li>Plazo de entrega: En 20-30 d\u00edas, seg\u00fan el tama\u00f1o y la cantidad solicitados.<\/li>\n<\/ul>","protected":false},"featured_media":4313,"comment_status":"closed","ping_status":"closed","template":"","meta":[],"product_cat":[41,40],"class_list":{"0":"post-4312","1":"product","2":"type-product","3":"status-publish","4":"has-post-thumbnail","6":"product_cat-500ml-liquor-bottle-manufacturer","7":"product_cat-750ml-liquor-bottle-manufacturer","9":"first","10":"instock","11":"shipping-taxable","12":"product-type-simple"},"yoast_head":"<!-- This site is optimized with the Yoast SEO plugin v22.0 - https:\/\/yoast.com\/wordpress\/plugins\/seo\/ -->\n<title>500ml 750ml Clear Vodka Bottles Wholesale | China Spirit Bottle Factory<\/title>\n<meta name=\"description\" content=\"Buy 500ml 750ml Clear Vodka Bottles Wholesale From China Spirit Bottle Factory. Factory Outlet And Save Cost.\" \/>\n<meta name=\"robots\" content=\"index, follow, max-snippet:-1, max-image-preview:large, max-video-preview:-1\" \/>\n<link rel=\"canonical\" href=\"https:\/\/ruishengglassco.com\/es\/producto\/rs039-botellas-de-vodka-transparente-de-500-ml-y-750-ml\" \/>\n<meta property=\"og:locale\" content=\"es_ES\" \/>\n<meta property=\"og:type\" content=\"article\" \/>\n<meta property=\"og:title\" content=\"500ml 750ml Clear Vodka Bottles Wholesale | China Spirit Bottle Factory\" \/>\n<meta property=\"og:description\" content=\"Buy 500ml 750ml Clear Vodka Bottles Wholesale From China Spirit Bottle Factory. Factory Outlet And Save Cost.\" \/>\n<meta property=\"og:url\" content=\"https:\/\/ruishengglassco.com\/es\/producto\/rs039-botellas-de-vodka-transparente-de-500-ml-y-750-ml\" \/>\n<meta property=\"article:publisher\" content=\"https:\/\/www.facebook.com\/ruishengglassbottles\" \/>\n<meta property=\"article:modified_time\" content=\"2025-07-17T06:37:53+00:00\" \/>\n<meta property=\"og:image\" content=\"https:\/\/ruishengglassco.com\/wp-content\/uploads\/2025\/03\/RS039-500ml-750ml-Clear-Vodka-Bottles.webp\" \/>\n\t<meta property=\"og:image:width\" content=\"800\" \/>\n\t<meta property=\"og:image:height\" content=\"800\" \/>\n\t<meta property=\"og:image:type\" content=\"image\/webp\" \/>\n<meta name=\"twitter:card\" content=\"summary_large_image\" \/>\n<meta name=\"twitter:label1\" content=\"Tiempo de lectura\" \/>\n\t<meta name=\"twitter:data1\" content=\"1 minuto\" \/>\n<script type=\"application\/ld+json\" class=\"yoast-schema-graph\">{\"@context\":\"https:\/\/schema.org\",\"@graph\":[{\"@type\":\"WebPage\",\"@id\":\"https:\/\/ruishengglassco.com\/product\/rs039-500ml-750ml-clear-vodka-bottles\",\"url\":\"https:\/\/ruishengglassco.com\/product\/rs039-500ml-750ml-clear-vodka-bottles\",\"name\":\"500ml 750ml Clear Vodka Bottles Wholesale | China Spirit Bottle Factory\",\"isPartOf\":{\"@id\":\"https:\/\/ruishengglassco.com\/#website\"},\"datePublished\":\"2025-03-15T04:35:32+00:00\",\"dateModified\":\"2025-07-17T06:37:53+00:00\",\"description\":\"Buy 500ml 750ml Clear Vodka Bottles Wholesale From China Spirit Bottle Factory. Factory Outlet And Save Cost.\",\"breadcrumb\":{\"@id\":\"https:\/\/ruishengglassco.com\/product\/rs039-500ml-750ml-clear-vodka-bottles#breadcrumb\"},\"inLanguage\":\"es\",\"potentialAction\":[{\"@type\":\"ReadAction\",\"target\":[\"https:\/\/ruishengglassco.com\/product\/rs039-500ml-750ml-clear-vodka-bottles\"]}]},{\"@type\":\"BreadcrumbList\",\"@id\":\"https:\/\/ruishengglassco.com\/product\/rs039-500ml-750ml-clear-vodka-bottles#breadcrumb\",\"itemListElement\":[{\"@type\":\"ListItem\",\"position\":1,\"name\":\"Home\",\"item\":\"https:\/\/ruishengglassco.com\/\"},{\"@type\":\"ListItem\",\"position\":2,\"name\":\"Products\",\"item\":\"https:\/\/ruishengglassco.com\/products\"},{\"@type\":\"ListItem\",\"position\":3,\"name\":\"RS039: 500ml 750ml Clear Vodka Bottles\"}]},{\"@type\":\"WebSite\",\"@id\":\"https:\/\/ruishengglassco.com\/#website\",\"url\":\"https:\/\/ruishengglassco.com\/\",\"name\":\"Ruisheng Glass\",\"description\":\"\",\"publisher\":{\"@id\":\"https:\/\/ruishengglassco.com\/#organization\"},\"potentialAction\":[{\"@type\":\"SearchAction\",\"target\":{\"@type\":\"EntryPoint\",\"urlTemplate\":\"https:\/\/ruishengglassco.com\/?s={search_term_string}\"},\"query-input\":\"required name=search_term_string\"}],\"inLanguage\":\"es\"},{\"@type\":\"Organization\",\"@id\":\"https:\/\/ruishengglassco.com\/#organization\",\"name\":\"Shandong Yuncheng Ruisheng Glass Co., Ltd\",\"url\":\"https:\/\/ruishengglassco.com\/\",\"logo\":{\"@type\":\"ImageObject\",\"inLanguage\":\"es\",\"@id\":\"https:\/\/ruishengglassco.com\/#\/schema\/logo\/image\/\",\"url\":\"https:\/\/ruishengglassco.com\/wp-content\/uploads\/2023\/09\/ruisheng_logo_icon.webp\",\"contentUrl\":\"https:\/\/ruishengglassco.com\/wp-content\/uploads\/2023\/09\/ruisheng_logo_icon.webp\",\"width\":400,\"height\":233,\"caption\":\"Shandong Yuncheng Ruisheng Glass Co., Ltd\"},\"image\":{\"@id\":\"https:\/\/ruishengglassco.com\/#\/schema\/logo\/image\/\"},\"sameAs\":[\"https:\/\/www.facebook.com\/ruishengglassbottles\",\"https:\/\/www.instagram.com\/Ruishengglassbottlewholesales\/\",\"https:\/\/www.youtube.com\/channel\/UCMmbMNGwsL-XrtjfSFLCdVQ\"]}]}<\/script>\n<!-- \/ Yoast SEO plugin. -->","yoast_head_json":{"title":"500ml 750ml Clear Vodka Bottles Wholesale | China Spirit Bottle Factory","description":"Buy 500ml 750ml Clear Vodka Bottles Wholesale From China Spirit Bottle Factory. Factory Outlet And Save Cost.","robots":{"index":"index","follow":"follow","max-snippet":"max-snippet:-1","max-image-preview":"max-image-preview:large","max-video-preview":"max-video-preview:-1"},"canonical":"https:\/\/ruishengglassco.com\/es\/producto\/rs039-botellas-de-vodka-transparente-de-500-ml-y-750-ml","og_locale":"es_ES","og_type":"article","og_title":"500ml 750ml Clear Vodka Bottles Wholesale | China Spirit Bottle Factory","og_description":"Buy 500ml 750ml Clear Vodka Bottles Wholesale From China Spirit Bottle Factory. Factory Outlet And Save Cost.","og_url":"https:\/\/ruishengglassco.com\/es\/producto\/rs039-botellas-de-vodka-transparente-de-500-ml-y-750-ml","article_publisher":"https:\/\/www.facebook.com\/ruishengglassbottles","article_modified_time":"2025-07-17T06:37:53+00:00","og_image":[{"width":800,"height":800,"url":"https:\/\/ruishengglassco.com\/wp-content\/uploads\/2025\/03\/RS039-500ml-750ml-Clear-Vodka-Bottles.webp","type":"image\/webp"}],"twitter_card":"summary_large_image","twitter_misc":{"Tiempo de lectura":"1 minuto"},"schema":{"@context":"https:\/\/schema.org","@graph":[{"@type":"WebPage","@id":"https:\/\/ruishengglassco.com\/product\/rs039-500ml-750ml-clear-vodka-bottles","url":"https:\/\/ruishengglassco.com\/product\/rs039-500ml-750ml-clear-vodka-bottles","name":"500ml 750ml Clear Vodka Bottles Wholesale | China Spirit Bottle Factory","isPartOf":{"@id":"https:\/\/ruishengglassco.com\/#website"},"datePublished":"2025-03-15T04:35:32+00:00","dateModified":"2025-07-17T06:37:53+00:00","description":"Buy 500ml 750ml Clear Vodka Bottles Wholesale From China Spirit Bottle Factory. Factory Outlet And Save Cost.","breadcrumb":{"@id":"https:\/\/ruishengglassco.com\/product\/rs039-500ml-750ml-clear-vodka-bottles#breadcrumb"},"inLanguage":"es","potentialAction":[{"@type":"ReadAction","target":["https:\/\/ruishengglassco.com\/product\/rs039-500ml-750ml-clear-vodka-bottles"]}]},{"@type":"BreadcrumbList","@id":"https:\/\/ruishengglassco.com\/product\/rs039-500ml-750ml-clear-vodka-bottles#breadcrumb","itemListElement":[{"@type":"ListItem","position":1,"name":"Home","item":"https:\/\/ruishengglassco.com\/"},{"@type":"ListItem","position":2,"name":"Products","item":"https:\/\/ruishengglassco.com\/products"},{"@type":"ListItem","position":3,"name":"RS039: 500ml 750ml Clear Vodka Bottles"}]},{"@type":"WebSite","@id":"https:\/\/ruishengglassco.com\/#website","url":"https:\/\/ruishengglassco.com\/","name":"Ruisheng Glass","description":"","publisher":{"@id":"https:\/\/ruishengglassco.com\/#organization"},"potentialAction":[{"@type":"SearchAction","target":{"@type":"EntryPoint","urlTemplate":"https:\/\/ruishengglassco.com\/?s={search_term_string}"},"query-input":"required name=search_term_string"}],"inLanguage":"es"},{"@type":"Organization","@id":"https:\/\/ruishengglassco.com\/#organization","name":"Shandong Yuncheng Ruisheng Glass Co., Ltd","url":"https:\/\/ruishengglassco.com\/","logo":{"@type":"ImageObject","inLanguage":"es","@id":"https:\/\/ruishengglassco.com\/#\/schema\/logo\/image\/","url":"https:\/\/ruishengglassco.com\/wp-content\/uploads\/2023\/09\/ruisheng_logo_icon.webp","contentUrl":"https:\/\/ruishengglassco.com\/wp-content\/uploads\/2023\/09\/ruisheng_logo_icon.webp","width":400,"height":233,"caption":"Shandong Yuncheng Ruisheng Glass Co., Ltd"},"image":{"@id":"https:\/\/ruishengglassco.com\/#\/schema\/logo\/image\/"},"sameAs":["https:\/\/www.facebook.com\/ruishengglassbottles","https:\/\/www.instagram.com\/Ruishengglassbottlewholesales\/","https:\/\/www.youtube.com\/channel\/UCMmbMNGwsL-XrtjfSFLCdVQ"]}]}},"_links":{"self":[{"href":"https:\/\/ruishengglassco.com\/es\/wp-json\/wp\/v2\/product\/4312","targetHints":{"allow":["GET"]}}],"collection":[{"href":"https:\/\/ruishengglassco.com\/es\/wp-json\/wp\/v2\/product"}],"about":[{"href":"https:\/\/ruishengglassco.com\/es\/wp-json\/wp\/v2\/types\/product"}],"replies":[{"embeddable":true,"href":"https:\/\/ruishengglassco.com\/es\/wp-json\/wp\/v2\/comments?post=4312"}],"wp:featuredmedia":[{"embeddable":true,"href":"https:\/\/ruishengglassco.com\/es\/wp-json\/wp\/v2\/media\/4313"}],"wp:attachment":[{"href":"https:\/\/ruishengglassco.com\/es\/wp-json\/wp\/v2\/media?parent=4312"}],"wp:term":[{"taxonomy":"product_cat","embeddable":true,"href":"https:\/\/ruishengglassco.com\/es\/wp-json\/wp\/v2\/product_cat?post=4312"}],"curies":[{"name":"wp","href":"https:\/\/api.w.org\/{rel}","templated":true}]}}