{"id":4310,"date":"2025-03-15T12:32:49","date_gmt":"2025-03-15T04:32:49","guid":{"rendered":"https:\/\/ruishengglassco.com\/?post_type=product&#038;p=4310"},"modified":"2025-07-17T14:37:13","modified_gmt":"2025-07-17T06:37:13","slug":"rs040-700ml-750ml-1000ml-botella-de-vodka-esmerilado-al-por-mayor","status":"publish","type":"product","link":"https:\/\/ruishengglassco.com\/es\/producto\/rs040-700ml-750ml-1000ml-botella-de-vodka-esmerilado-al-por-mayor","title":{"rendered":"RS040: 700ml 750ml 1000ml Esmerilado Vodka Botella Fabricantes"},"content":{"rendered":"<h2>Detalles sobre 1000ml esmerilado botella de vodka Fabricantes<\/h2>\n<p>Esta botella de vodka esmerilado presenta un dise\u00f1o de cuerpo delgado y se utiliza principalmente para envasar vodka, whisky y brandy. Los clientes suelen elegir entre dos tama\u00f1os est\u00e1ndar: 700 ml y 750 ml. Tambi\u00e9n est\u00e1n disponibles muchas otras especificaciones y capacidades. Nuestra botella de vodka vac\u00eda est\u00e1 hecha de vidrio de alto pedernal, sin plomo. Esto hace que la botella sea m\u00e1s transparente, clara y menos propensa a romperse.<\/p>\n<p>Como empresa de fabricaci\u00f3n de botellas de vidrio, ofrecemos servicios de botellas de vidrio personalizadas. Ruisheng ofrece una plantilla gratuita de botellas de vidrio para fines de fabricaci\u00f3n. Si su empresa tiene su plantilla o dise\u00f1o, podemos producirlo de acuerdo a sus necesidades. Al mismo tiempo, ofrecemos etiqueta privada y servicio de Logo impreso.<\/p>\n<h2>Especificaciones sobre nuestra botella de vodka vac\u00eda<\/h2>\n<ul>\n<li>Nombre del producto: Venta al por mayor 1 litro de vodka transparente botella de vidrio botella vac\u00eda esp\u00edritu 750ml<\/li>\n<li>Servicio: podemos satisfacer todas sus necesidades, incluyendo el logotipo de impresi\u00f3n, etiquetas de calcoman\u00eda, gofrado, engravicng, galvanoplastia, glaseado, pintura y se puede personalizar la impresi\u00f3n de cajas de cart\u00f3n al por menor y el estilo de corcho<\/li>\n<li>Marca: RS<\/li>\n<li>Material: Material blanco cristalino, material extremadamente blanco<\/li>\n<li>Especificaci\u00f3n: 50ml-3500ml<\/li>\n<li>Caracter\u00edsticas: Alta calidad, m\u00e1s transparente, irrompible, reciclable<\/li>\n<li>Muestra: Gratis si utiliza nuestro molde existente.<\/li>\n<li>Normativa: ISO9001:2008, ISO14001:2004<\/li>\n<li>M\u00e9todo de embalaje: Embalaje est\u00e1ndar para exportaci\u00f3n o embalaje personalizado<\/li>\n<li>Plazo de entrega: En 20-30 d\u00edas, seg\u00fan el tama\u00f1o y la cantidad solicitados.<\/li>\n<\/ul>\n<p>Si desea obtener m\u00e1s informaci\u00f3n, no dude en ponerse en contacto con nosotros.<\/p>","protected":false},"excerpt":{"rendered":"<p>Ruisheng es un fabricante de botellas de licor de China. Ofrecen botellas de vodka esmerilado de 1000 ml para marcas, f\u00e1bricas y mayoristas. Fundada en 2009, Ruisheng tiene m\u00e1s de 10 a\u00f1os de experiencia en el dise\u00f1o y fabricaci\u00f3n de botellas de vidrio. Como una f\u00e1brica de botellas de vidrio superior, nuestra producci\u00f3n diaria de productos es de 120.000 piezas. Podemos completar el pedido en un tiempo fijo de acuerdo a sus requerimientos.<\/p>\n<ul>\n<li><strong>MOQ: 10000pcs<\/strong><\/li>\n<li><strong>Muestra: Se ofrece una muestra gratuita<\/strong><\/li>\n<li><strong>Plazo de entrega: En 30 d\u00edas<\/strong><\/li>\n<\/ul>\n<p>Si desea obtener el precio de la botella de vodka, haga clic aqu\u00ed para ponerse en contacto con nosotros.<\/p>","protected":false},"featured_media":4311,"comment_status":"closed","ping_status":"closed","template":"","meta":[],"product_cat":[43,52],"class_list":{"0":"post-4310","1":"product","2":"type-product","3":"status-publish","4":"has-post-thumbnail","6":"product_cat-1000ml-liquor-bottle-manufacturer","7":"product_cat-vodka-bottle","9":"first","10":"instock","11":"shipping-taxable","12":"product-type-simple"},"yoast_head":"<!-- This site is optimized with the Yoast SEO plugin v22.0 - https:\/\/yoast.com\/wordpress\/plugins\/seo\/ -->\n<title>1000ml Frosted Vodka Bottle Manufacturers | Best Vodka Bottles Suppliers<\/title>\n<meta name=\"description\" content=\"Ruisheng, one of the best vodka bottles suppliers in China, provide 1000ml frosted vodka bottle wholesale in factory outlet price.\" \/>\n<meta name=\"robots\" content=\"index, follow, max-snippet:-1, max-image-preview:large, max-video-preview:-1\" \/>\n<link rel=\"canonical\" href=\"https:\/\/ruishengglassco.com\/es\/producto\/rs040-700ml-750ml-1000ml-botella-de-vodka-esmerilado-al-por-mayor\" \/>\n<meta property=\"og:locale\" content=\"es_ES\" \/>\n<meta property=\"og:type\" content=\"article\" \/>\n<meta property=\"og:title\" content=\"1000ml Frosted Vodka Bottle Manufacturers | Best Vodka Bottles Suppliers\" \/>\n<meta property=\"og:description\" content=\"Ruisheng, one of the best vodka bottles suppliers in China, provide 1000ml frosted vodka bottle wholesale in factory outlet price.\" \/>\n<meta property=\"og:url\" content=\"https:\/\/ruishengglassco.com\/es\/producto\/rs040-700ml-750ml-1000ml-botella-de-vodka-esmerilado-al-por-mayor\" \/>\n<meta property=\"article:publisher\" content=\"https:\/\/www.facebook.com\/ruishengglassbottles\" \/>\n<meta property=\"article:modified_time\" content=\"2025-07-17T06:37:13+00:00\" \/>\n<meta property=\"og:image\" content=\"https:\/\/ruishengglassco.com\/wp-content\/uploads\/2025\/03\/RS040-700ml-750ml-1000ml-Frosted-Vodka-Bottle-Wholesale.webp\" \/>\n\t<meta property=\"og:image:width\" content=\"800\" \/>\n\t<meta property=\"og:image:height\" content=\"800\" \/>\n\t<meta property=\"og:image:type\" content=\"image\/webp\" \/>\n<meta name=\"twitter:card\" content=\"summary_large_image\" \/>\n<meta name=\"twitter:label1\" content=\"Tiempo de lectura\" \/>\n\t<meta name=\"twitter:data1\" content=\"2 minutos\" \/>\n<script type=\"application\/ld+json\" class=\"yoast-schema-graph\">{\"@context\":\"https:\/\/schema.org\",\"@graph\":[{\"@type\":\"WebPage\",\"@id\":\"https:\/\/ruishengglassco.com\/product\/rs040-700ml-750ml-1000ml-frosted-vodka-bottle-wholesale\",\"url\":\"https:\/\/ruishengglassco.com\/product\/rs040-700ml-750ml-1000ml-frosted-vodka-bottle-wholesale\",\"name\":\"1000ml Frosted Vodka Bottle Manufacturers | Best Vodka Bottles Suppliers\",\"isPartOf\":{\"@id\":\"https:\/\/ruishengglassco.com\/#website\"},\"datePublished\":\"2025-03-15T04:32:49+00:00\",\"dateModified\":\"2025-07-17T06:37:13+00:00\",\"description\":\"Ruisheng, one of the best vodka bottles suppliers in China, provide 1000ml frosted vodka bottle wholesale in factory outlet price.\",\"breadcrumb\":{\"@id\":\"https:\/\/ruishengglassco.com\/product\/rs040-700ml-750ml-1000ml-frosted-vodka-bottle-wholesale#breadcrumb\"},\"inLanguage\":\"es\",\"potentialAction\":[{\"@type\":\"ReadAction\",\"target\":[\"https:\/\/ruishengglassco.com\/product\/rs040-700ml-750ml-1000ml-frosted-vodka-bottle-wholesale\"]}]},{\"@type\":\"BreadcrumbList\",\"@id\":\"https:\/\/ruishengglassco.com\/product\/rs040-700ml-750ml-1000ml-frosted-vodka-bottle-wholesale#breadcrumb\",\"itemListElement\":[{\"@type\":\"ListItem\",\"position\":1,\"name\":\"Home\",\"item\":\"https:\/\/ruishengglassco.com\/\"},{\"@type\":\"ListItem\",\"position\":2,\"name\":\"Products\",\"item\":\"https:\/\/ruishengglassco.com\/products\"},{\"@type\":\"ListItem\",\"position\":3,\"name\":\"RS040: 700ml 750ml 1000ml Frosted Vodka Bottle Manufacturers\"}]},{\"@type\":\"WebSite\",\"@id\":\"https:\/\/ruishengglassco.com\/#website\",\"url\":\"https:\/\/ruishengglassco.com\/\",\"name\":\"Ruisheng Glass\",\"description\":\"\",\"publisher\":{\"@id\":\"https:\/\/ruishengglassco.com\/#organization\"},\"potentialAction\":[{\"@type\":\"SearchAction\",\"target\":{\"@type\":\"EntryPoint\",\"urlTemplate\":\"https:\/\/ruishengglassco.com\/?s={search_term_string}\"},\"query-input\":\"required name=search_term_string\"}],\"inLanguage\":\"es\"},{\"@type\":\"Organization\",\"@id\":\"https:\/\/ruishengglassco.com\/#organization\",\"name\":\"Shandong Yuncheng Ruisheng Glass Co., Ltd\",\"url\":\"https:\/\/ruishengglassco.com\/\",\"logo\":{\"@type\":\"ImageObject\",\"inLanguage\":\"es\",\"@id\":\"https:\/\/ruishengglassco.com\/#\/schema\/logo\/image\/\",\"url\":\"https:\/\/ruishengglassco.com\/wp-content\/uploads\/2023\/09\/ruisheng_logo_icon.webp\",\"contentUrl\":\"https:\/\/ruishengglassco.com\/wp-content\/uploads\/2023\/09\/ruisheng_logo_icon.webp\",\"width\":400,\"height\":233,\"caption\":\"Shandong Yuncheng Ruisheng Glass Co., Ltd\"},\"image\":{\"@id\":\"https:\/\/ruishengglassco.com\/#\/schema\/logo\/image\/\"},\"sameAs\":[\"https:\/\/www.facebook.com\/ruishengglassbottles\",\"https:\/\/www.instagram.com\/Ruishengglassbottlewholesales\/\",\"https:\/\/www.youtube.com\/channel\/UCMmbMNGwsL-XrtjfSFLCdVQ\"]}]}<\/script>\n<!-- \/ Yoast SEO plugin. -->","yoast_head_json":{"title":"1000ml Frosted Vodka Bottle Manufacturers | Best Vodka Bottles Suppliers","description":"Ruisheng, one of the best vodka bottles suppliers in China, provide 1000ml frosted vodka bottle wholesale in factory outlet price.","robots":{"index":"index","follow":"follow","max-snippet":"max-snippet:-1","max-image-preview":"max-image-preview:large","max-video-preview":"max-video-preview:-1"},"canonical":"https:\/\/ruishengglassco.com\/es\/producto\/rs040-700ml-750ml-1000ml-botella-de-vodka-esmerilado-al-por-mayor","og_locale":"es_ES","og_type":"article","og_title":"1000ml Frosted Vodka Bottle Manufacturers | Best Vodka Bottles Suppliers","og_description":"Ruisheng, one of the best vodka bottles suppliers in China, provide 1000ml frosted vodka bottle wholesale in factory outlet price.","og_url":"https:\/\/ruishengglassco.com\/es\/producto\/rs040-700ml-750ml-1000ml-botella-de-vodka-esmerilado-al-por-mayor","article_publisher":"https:\/\/www.facebook.com\/ruishengglassbottles","article_modified_time":"2025-07-17T06:37:13+00:00","og_image":[{"width":800,"height":800,"url":"https:\/\/ruishengglassco.com\/wp-content\/uploads\/2025\/03\/RS040-700ml-750ml-1000ml-Frosted-Vodka-Bottle-Wholesale.webp","type":"image\/webp"}],"twitter_card":"summary_large_image","twitter_misc":{"Tiempo de lectura":"2 minutos"},"schema":{"@context":"https:\/\/schema.org","@graph":[{"@type":"WebPage","@id":"https:\/\/ruishengglassco.com\/product\/rs040-700ml-750ml-1000ml-frosted-vodka-bottle-wholesale","url":"https:\/\/ruishengglassco.com\/product\/rs040-700ml-750ml-1000ml-frosted-vodka-bottle-wholesale","name":"1000ml Frosted Vodka Bottle Manufacturers | Best Vodka Bottles Suppliers","isPartOf":{"@id":"https:\/\/ruishengglassco.com\/#website"},"datePublished":"2025-03-15T04:32:49+00:00","dateModified":"2025-07-17T06:37:13+00:00","description":"Ruisheng, one of the best vodka bottles suppliers in China, provide 1000ml frosted vodka bottle wholesale in factory outlet price.","breadcrumb":{"@id":"https:\/\/ruishengglassco.com\/product\/rs040-700ml-750ml-1000ml-frosted-vodka-bottle-wholesale#breadcrumb"},"inLanguage":"es","potentialAction":[{"@type":"ReadAction","target":["https:\/\/ruishengglassco.com\/product\/rs040-700ml-750ml-1000ml-frosted-vodka-bottle-wholesale"]}]},{"@type":"BreadcrumbList","@id":"https:\/\/ruishengglassco.com\/product\/rs040-700ml-750ml-1000ml-frosted-vodka-bottle-wholesale#breadcrumb","itemListElement":[{"@type":"ListItem","position":1,"name":"Home","item":"https:\/\/ruishengglassco.com\/"},{"@type":"ListItem","position":2,"name":"Products","item":"https:\/\/ruishengglassco.com\/products"},{"@type":"ListItem","position":3,"name":"RS040: 700ml 750ml 1000ml Frosted Vodka Bottle Manufacturers"}]},{"@type":"WebSite","@id":"https:\/\/ruishengglassco.com\/#website","url":"https:\/\/ruishengglassco.com\/","name":"Ruisheng Glass","description":"","publisher":{"@id":"https:\/\/ruishengglassco.com\/#organization"},"potentialAction":[{"@type":"SearchAction","target":{"@type":"EntryPoint","urlTemplate":"https:\/\/ruishengglassco.com\/?s={search_term_string}"},"query-input":"required name=search_term_string"}],"inLanguage":"es"},{"@type":"Organization","@id":"https:\/\/ruishengglassco.com\/#organization","name":"Shandong Yuncheng Ruisheng Glass Co., Ltd","url":"https:\/\/ruishengglassco.com\/","logo":{"@type":"ImageObject","inLanguage":"es","@id":"https:\/\/ruishengglassco.com\/#\/schema\/logo\/image\/","url":"https:\/\/ruishengglassco.com\/wp-content\/uploads\/2023\/09\/ruisheng_logo_icon.webp","contentUrl":"https:\/\/ruishengglassco.com\/wp-content\/uploads\/2023\/09\/ruisheng_logo_icon.webp","width":400,"height":233,"caption":"Shandong Yuncheng Ruisheng Glass Co., Ltd"},"image":{"@id":"https:\/\/ruishengglassco.com\/#\/schema\/logo\/image\/"},"sameAs":["https:\/\/www.facebook.com\/ruishengglassbottles","https:\/\/www.instagram.com\/Ruishengglassbottlewholesales\/","https:\/\/www.youtube.com\/channel\/UCMmbMNGwsL-XrtjfSFLCdVQ"]}]}},"_links":{"self":[{"href":"https:\/\/ruishengglassco.com\/es\/wp-json\/wp\/v2\/product\/4310","targetHints":{"allow":["GET"]}}],"collection":[{"href":"https:\/\/ruishengglassco.com\/es\/wp-json\/wp\/v2\/product"}],"about":[{"href":"https:\/\/ruishengglassco.com\/es\/wp-json\/wp\/v2\/types\/product"}],"replies":[{"embeddable":true,"href":"https:\/\/ruishengglassco.com\/es\/wp-json\/wp\/v2\/comments?post=4310"}],"wp:featuredmedia":[{"embeddable":true,"href":"https:\/\/ruishengglassco.com\/es\/wp-json\/wp\/v2\/media\/4311"}],"wp:attachment":[{"href":"https:\/\/ruishengglassco.com\/es\/wp-json\/wp\/v2\/media?parent=4310"}],"wp:term":[{"taxonomy":"product_cat","embeddable":true,"href":"https:\/\/ruishengglassco.com\/es\/wp-json\/wp\/v2\/product_cat?post=4310"}],"curies":[{"name":"wp","href":"https:\/\/api.w.org\/{rel}","templated":true}]}}