{"id":4308,"date":"2025-03-15T12:30:18","date_gmt":"2025-03-15T04:30:18","guid":{"rendered":"https:\/\/ruishengglassco.com\/?post_type=product&#038;p=4308"},"modified":"2025-07-17T14:36:13","modified_gmt":"2025-07-17T06:36:13","slug":"rs041-750ml-700ml-botellas-de-whisky-de-vidrio-al-por-mayor","status":"publish","type":"product","link":"https:\/\/ruishengglassco.com\/es\/producto\/rs041-750ml-700ml-botellas-de-whisky-de-vidrio-al-por-mayor","title":{"rendered":"RS041: Botellas de cristal para whisky 750ML 700ML F\u00e1brica"},"content":{"rendered":"<h2>Detalles sobre la botella de whisky de vidrio<\/h2>\n<ul>\n<li>Item\uff1a750ml Botella de Whisky de Vidrio al por mayor.<\/li>\n<li>Capacidad: 250 ml 500 ml 700 ml 750 ml botella de vidrio<\/li>\n<li>Material: Super Flint Glass Material, High Flint Glass Matera<\/li>\n<li>Tipo de cierre: Corcho, Tapa Guala, Tapa Atornillable<\/li>\n<li>Superficie:      Escarcha, P\u00e9talo, Pintura, Estampaci\u00f3n en caliente, Relieve, Impresi\u00f3n, Gloden, Serigraf\u00eda<\/li>\n<li>Muestra: Gratis utilizando nuestro molde existente<\/li>\n<li>Plazo de entrega: 20-30 d\u00edas para productos en serie<\/li>\n<li>Puerto: Qingdao, China<\/li>\n<li>Forma de pago: T\/T, Paypal, Garant\u00eda Comercial<\/li>\n<\/ul>\n<p>Nuestro decantador de whisky est\u00e1 hecho de vidrio transparente sin plomo. Este vidrio contiene aproximadamente 70% de arena y una mezcla de ceniza de sosa, piedra caliza y otros materiales naturales. La mezcla exacta depende de las propiedades deseadas.  Una proporci\u00f3n razonable de material y un proceso de cocci\u00f3n avanzado hacen que nuestras botellas de whisky vac\u00edas sean duraderas y resistentes a los da\u00f1os. Adem\u00e1s, nuestras botellas de vidrio pueden ser recicladas porque est\u00e1n hechas de material de vidrio inofensivo.<\/p>\n<p>Ruisheng es un fabricante profesional de botellas de licor con 20 a\u00f1os de experiencia en la producci\u00f3n de botellas de vidrio para whisky. Nuestras botellas de vidrio para whisky al por mayor se exportan a Estados Unidos, Reino Unido, Francia, Canad\u00e1 y otros pa\u00edses. Muchas marcas famosas de whisky son nuestros clientes leales. Esperamos sinceramente que nuestra botella de vidrio a\u00f1ada brillo a su marca de whisky.<\/p>","protected":false},"excerpt":{"rendered":"<p>Ruisheng es un fabricante profesional de botellas de vidrio desde hace unos 20 a\u00f1os. Se especializan en la producci\u00f3n de botellas de whisky de vidrio al por mayor. Hemos establecido un taller de producci\u00f3n dedicado a la producci\u00f3n de botellas de vidrio para whisky. El hermoso color del whisky brilla a trav\u00e9s del vidrio transparente. Esto funciona para cualquier tipo: Whisky Escoc\u00e9s, Whisky Irland\u00e9s, Whisky Americano y Whisky Canadiense.<\/p>\n<p>Como fabricante profesional de botellas de whisky, nuestra empresa ofrece servicios de botellas de vidrio personalizadas. Servicio OEM\/ODM ofrecido. Si desea obtener un precio de botella de vidrio al por mayor, por favor haga clic aqu\u00ed para contactarnos.<\/p>","protected":false},"featured_media":4309,"comment_status":"closed","ping_status":"closed","template":"","meta":[],"product_cat":[15],"class_list":{"0":"post-4308","1":"product","2":"type-product","3":"status-publish","4":"has-post-thumbnail","6":"product_cat-glass-liquor-spirit-bottles","8":"first","9":"instock","10":"shipping-taxable","11":"product-type-simple"},"yoast_head":"<!-- This site is optimized with the Yoast SEO plugin v22.0 - https:\/\/yoast.com\/wordpress\/plugins\/seo\/ -->\n<title>Factory Glass Whiskey Bottle | Empty Glass Bottles Manufacturer<\/title>\n<meta name=\"description\" content=\"Factory Glass Whiskey Bottle From China Empty Glass Bottles Manufacturers. Factory Outlet Whiskey Decanters Bulk In Cheap Price.\" \/>\n<meta name=\"robots\" content=\"index, follow, max-snippet:-1, max-image-preview:large, max-video-preview:-1\" \/>\n<link rel=\"canonical\" href=\"https:\/\/ruishengglassco.com\/es\/producto\/rs041-750ml-700ml-botellas-de-whisky-de-vidrio-al-por-mayor\" \/>\n<meta property=\"og:locale\" content=\"es_ES\" \/>\n<meta property=\"og:type\" content=\"article\" \/>\n<meta property=\"og:title\" content=\"Factory Glass Whiskey Bottle | Empty Glass Bottles Manufacturer\" \/>\n<meta property=\"og:description\" content=\"Factory Glass Whiskey Bottle From China Empty Glass Bottles Manufacturers. Factory Outlet Whiskey Decanters Bulk In Cheap Price.\" \/>\n<meta property=\"og:url\" content=\"https:\/\/ruishengglassco.com\/es\/producto\/rs041-750ml-700ml-botellas-de-whisky-de-vidrio-al-por-mayor\" \/>\n<meta property=\"article:publisher\" content=\"https:\/\/www.facebook.com\/ruishengglassbottles\" \/>\n<meta property=\"article:modified_time\" content=\"2025-07-17T06:36:13+00:00\" \/>\n<meta property=\"og:image\" content=\"https:\/\/ruishengglassco.com\/wp-content\/uploads\/2025\/03\/RS041-750ML-700ML-Glass-Whiskey-Bottles-Wholesale.webp\" \/>\n\t<meta property=\"og:image:width\" content=\"800\" \/>\n\t<meta property=\"og:image:height\" content=\"800\" \/>\n\t<meta property=\"og:image:type\" content=\"image\/webp\" \/>\n<meta name=\"twitter:card\" content=\"summary_large_image\" \/>\n<meta name=\"twitter:label1\" content=\"Tiempo de lectura\" \/>\n\t<meta name=\"twitter:data1\" content=\"2 minutos\" \/>\n<script type=\"application\/ld+json\" class=\"yoast-schema-graph\">{\"@context\":\"https:\/\/schema.org\",\"@graph\":[{\"@type\":\"WebPage\",\"@id\":\"https:\/\/ruishengglassco.com\/product\/rs041-750ml-700ml-glass-whiskey-bottles-wholesale\",\"url\":\"https:\/\/ruishengglassco.com\/product\/rs041-750ml-700ml-glass-whiskey-bottles-wholesale\",\"name\":\"Factory Glass Whiskey Bottle | Empty Glass Bottles Manufacturer\",\"isPartOf\":{\"@id\":\"https:\/\/ruishengglassco.com\/#website\"},\"datePublished\":\"2025-03-15T04:30:18+00:00\",\"dateModified\":\"2025-07-17T06:36:13+00:00\",\"description\":\"Factory Glass Whiskey Bottle From China Empty Glass Bottles Manufacturers. Factory Outlet Whiskey Decanters Bulk In Cheap Price.\",\"breadcrumb\":{\"@id\":\"https:\/\/ruishengglassco.com\/product\/rs041-750ml-700ml-glass-whiskey-bottles-wholesale#breadcrumb\"},\"inLanguage\":\"es\",\"potentialAction\":[{\"@type\":\"ReadAction\",\"target\":[\"https:\/\/ruishengglassco.com\/product\/rs041-750ml-700ml-glass-whiskey-bottles-wholesale\"]}]},{\"@type\":\"BreadcrumbList\",\"@id\":\"https:\/\/ruishengglassco.com\/product\/rs041-750ml-700ml-glass-whiskey-bottles-wholesale#breadcrumb\",\"itemListElement\":[{\"@type\":\"ListItem\",\"position\":1,\"name\":\"Home\",\"item\":\"https:\/\/ruishengglassco.com\/\"},{\"@type\":\"ListItem\",\"position\":2,\"name\":\"Products\",\"item\":\"https:\/\/ruishengglassco.com\/products\"},{\"@type\":\"ListItem\",\"position\":3,\"name\":\"RS041: 750ML 700ML Glass Whiskey Bottles Factory\"}]},{\"@type\":\"WebSite\",\"@id\":\"https:\/\/ruishengglassco.com\/#website\",\"url\":\"https:\/\/ruishengglassco.com\/\",\"name\":\"Ruisheng Glass\",\"description\":\"\",\"publisher\":{\"@id\":\"https:\/\/ruishengglassco.com\/#organization\"},\"potentialAction\":[{\"@type\":\"SearchAction\",\"target\":{\"@type\":\"EntryPoint\",\"urlTemplate\":\"https:\/\/ruishengglassco.com\/?s={search_term_string}\"},\"query-input\":\"required name=search_term_string\"}],\"inLanguage\":\"es\"},{\"@type\":\"Organization\",\"@id\":\"https:\/\/ruishengglassco.com\/#organization\",\"name\":\"Shandong Yuncheng Ruisheng Glass Co., Ltd\",\"url\":\"https:\/\/ruishengglassco.com\/\",\"logo\":{\"@type\":\"ImageObject\",\"inLanguage\":\"es\",\"@id\":\"https:\/\/ruishengglassco.com\/#\/schema\/logo\/image\/\",\"url\":\"https:\/\/ruishengglassco.com\/wp-content\/uploads\/2023\/09\/ruisheng_logo_icon.webp\",\"contentUrl\":\"https:\/\/ruishengglassco.com\/wp-content\/uploads\/2023\/09\/ruisheng_logo_icon.webp\",\"width\":400,\"height\":233,\"caption\":\"Shandong Yuncheng Ruisheng Glass Co., Ltd\"},\"image\":{\"@id\":\"https:\/\/ruishengglassco.com\/#\/schema\/logo\/image\/\"},\"sameAs\":[\"https:\/\/www.facebook.com\/ruishengglassbottles\",\"https:\/\/www.instagram.com\/Ruishengglassbottlewholesales\/\",\"https:\/\/www.youtube.com\/channel\/UCMmbMNGwsL-XrtjfSFLCdVQ\"]}]}<\/script>\n<!-- \/ Yoast SEO plugin. -->","yoast_head_json":{"title":"Factory Glass Whiskey Bottle | Empty Glass Bottles Manufacturer","description":"Factory Glass Whiskey Bottle From China Empty Glass Bottles Manufacturers. Factory Outlet Whiskey Decanters Bulk In Cheap Price.","robots":{"index":"index","follow":"follow","max-snippet":"max-snippet:-1","max-image-preview":"max-image-preview:large","max-video-preview":"max-video-preview:-1"},"canonical":"https:\/\/ruishengglassco.com\/es\/producto\/rs041-750ml-700ml-botellas-de-whisky-de-vidrio-al-por-mayor","og_locale":"es_ES","og_type":"article","og_title":"Factory Glass Whiskey Bottle | Empty Glass Bottles Manufacturer","og_description":"Factory Glass Whiskey Bottle From China Empty Glass Bottles Manufacturers. Factory Outlet Whiskey Decanters Bulk In Cheap Price.","og_url":"https:\/\/ruishengglassco.com\/es\/producto\/rs041-750ml-700ml-botellas-de-whisky-de-vidrio-al-por-mayor","article_publisher":"https:\/\/www.facebook.com\/ruishengglassbottles","article_modified_time":"2025-07-17T06:36:13+00:00","og_image":[{"width":800,"height":800,"url":"https:\/\/ruishengglassco.com\/wp-content\/uploads\/2025\/03\/RS041-750ML-700ML-Glass-Whiskey-Bottles-Wholesale.webp","type":"image\/webp"}],"twitter_card":"summary_large_image","twitter_misc":{"Tiempo de lectura":"2 minutos"},"schema":{"@context":"https:\/\/schema.org","@graph":[{"@type":"WebPage","@id":"https:\/\/ruishengglassco.com\/product\/rs041-750ml-700ml-glass-whiskey-bottles-wholesale","url":"https:\/\/ruishengglassco.com\/product\/rs041-750ml-700ml-glass-whiskey-bottles-wholesale","name":"Factory Glass Whiskey Bottle | Empty Glass Bottles Manufacturer","isPartOf":{"@id":"https:\/\/ruishengglassco.com\/#website"},"datePublished":"2025-03-15T04:30:18+00:00","dateModified":"2025-07-17T06:36:13+00:00","description":"Factory Glass Whiskey Bottle From China Empty Glass Bottles Manufacturers. Factory Outlet Whiskey Decanters Bulk In Cheap Price.","breadcrumb":{"@id":"https:\/\/ruishengglassco.com\/product\/rs041-750ml-700ml-glass-whiskey-bottles-wholesale#breadcrumb"},"inLanguage":"es","potentialAction":[{"@type":"ReadAction","target":["https:\/\/ruishengglassco.com\/product\/rs041-750ml-700ml-glass-whiskey-bottles-wholesale"]}]},{"@type":"BreadcrumbList","@id":"https:\/\/ruishengglassco.com\/product\/rs041-750ml-700ml-glass-whiskey-bottles-wholesale#breadcrumb","itemListElement":[{"@type":"ListItem","position":1,"name":"Home","item":"https:\/\/ruishengglassco.com\/"},{"@type":"ListItem","position":2,"name":"Products","item":"https:\/\/ruishengglassco.com\/products"},{"@type":"ListItem","position":3,"name":"RS041: 750ML 700ML Glass Whiskey Bottles Factory"}]},{"@type":"WebSite","@id":"https:\/\/ruishengglassco.com\/#website","url":"https:\/\/ruishengglassco.com\/","name":"Ruisheng Glass","description":"","publisher":{"@id":"https:\/\/ruishengglassco.com\/#organization"},"potentialAction":[{"@type":"SearchAction","target":{"@type":"EntryPoint","urlTemplate":"https:\/\/ruishengglassco.com\/?s={search_term_string}"},"query-input":"required name=search_term_string"}],"inLanguage":"es"},{"@type":"Organization","@id":"https:\/\/ruishengglassco.com\/#organization","name":"Shandong Yuncheng Ruisheng Glass Co., Ltd","url":"https:\/\/ruishengglassco.com\/","logo":{"@type":"ImageObject","inLanguage":"es","@id":"https:\/\/ruishengglassco.com\/#\/schema\/logo\/image\/","url":"https:\/\/ruishengglassco.com\/wp-content\/uploads\/2023\/09\/ruisheng_logo_icon.webp","contentUrl":"https:\/\/ruishengglassco.com\/wp-content\/uploads\/2023\/09\/ruisheng_logo_icon.webp","width":400,"height":233,"caption":"Shandong Yuncheng Ruisheng Glass Co., Ltd"},"image":{"@id":"https:\/\/ruishengglassco.com\/#\/schema\/logo\/image\/"},"sameAs":["https:\/\/www.facebook.com\/ruishengglassbottles","https:\/\/www.instagram.com\/Ruishengglassbottlewholesales\/","https:\/\/www.youtube.com\/channel\/UCMmbMNGwsL-XrtjfSFLCdVQ"]}]}},"_links":{"self":[{"href":"https:\/\/ruishengglassco.com\/es\/wp-json\/wp\/v2\/product\/4308","targetHints":{"allow":["GET"]}}],"collection":[{"href":"https:\/\/ruishengglassco.com\/es\/wp-json\/wp\/v2\/product"}],"about":[{"href":"https:\/\/ruishengglassco.com\/es\/wp-json\/wp\/v2\/types\/product"}],"replies":[{"embeddable":true,"href":"https:\/\/ruishengglassco.com\/es\/wp-json\/wp\/v2\/comments?post=4308"}],"wp:featuredmedia":[{"embeddable":true,"href":"https:\/\/ruishengglassco.com\/es\/wp-json\/wp\/v2\/media\/4309"}],"wp:attachment":[{"href":"https:\/\/ruishengglassco.com\/es\/wp-json\/wp\/v2\/media?parent=4308"}],"wp:term":[{"taxonomy":"product_cat","embeddable":true,"href":"https:\/\/ruishengglassco.com\/es\/wp-json\/wp\/v2\/product_cat?post=4308"}],"curies":[{"name":"wp","href":"https:\/\/api.w.org\/{rel}","templated":true}]}}