{"id":4306,"date":"2025-03-15T12:27:21","date_gmt":"2025-03-15T04:27:21","guid":{"rendered":"https:\/\/ruishengglassco.com\/?post_type=product&#038;p=4306"},"modified":"2025-09-11T16:25:17","modified_gmt":"2025-09-11T08:25:17","slug":"rs043%ef%bc%9awholesale-750ml-botellas-de-licor-de-vidrio-fabricante-china","status":"publish","type":"product","link":"https:\/\/ruishengglassco.com\/es\/producto\/rs043%ef%bc%9awholesale-750ml-botellas-de-licor-de-vidrio-fabricante-china","title":{"rendered":"RS043\uff1aAl por mayor botellas de licor de vidrio de 750ml fabricante China"},"content":{"rendered":"<p data-block-id=\"dc195c68-6a49-4a58-ac27-38182bd3d0ae\" data-pm-slice=\"1 1 []\">Ruisheng, fabricante y proveedor profesional de botellas de vidrio en China, ofrece <em>Botellas de licor de vidrio de 750 ml al por mayor<\/em> en precio de salida de f\u00e1brica para marcas de licores, empresas, proveedores de botellas de vidrio, mayoristas, supermercados, etc.<\/p>\n<p data-block-id=\"02a02548-fbe8-4fac-b49e-b8fdb9643eec\">Nuestra empresa es buena en estas botellas de vidrio de alta calidad, por lo que garantizamos que podemos producir la calidad de la botella de vidrio.<\/p>\n<p data-block-id=\"9161c487-e211-4c50-a06c-1af3da93d786\">Si le gusta el dise\u00f1o de esta botella de licor de 750 ml, pero no est\u00e1 satisfecho con su capacidad, podemos cambiar la capacidad.<\/p>\n<p data-block-id=\"214de74a-9f8a-4f93-b0dd-4206add0a236\">Ofrecemos botellas de vidrio de 750 ml de alta calidad con tap\u00f3n de corcho. Nuestra selecci\u00f3n incluye botellas de vodka, brandy, whisky y licores, as\u00ed como tarros de mermelada. Tambi\u00e9n podemos ofrecer botellas de vidrio \u00e1mbar, botellas verdes y botellas de agua. Nuestro principal mercado es Europa, EE.UU., Australia, Am\u00e9rica, etc. Y todos los productos gozan de una gran reputaci\u00f3n por su innovaci\u00f3n y funcionalidad.<\/p>\n<p data-block-id=\"a1fbc01a-0e00-45ed-9b0c-0bbfd6a72174\">Seleccionamos cuidadosamente los materiales de nuestras botellas de vidrio de 750 ml. Los adquirimos en su pa\u00eds de origen. Adem\u00e1s, utilizamos m\u00e1quinas avanzadas para el procesamiento. Ruisheng es un fabricante y proveedor profesional de botellas de vidrio en China. Ofrecemos botellas de vidrio para licor de 750ml a precios de f\u00e1brica. Nuestros clientes incluyen marcas de licores, empresas, mayoristas y supermercados.<\/p>\n<h2>La informaci\u00f3n sobre 750ml botellas de vidrio de licor al por mayor como abajo:<\/h2>\n<ul>\n<li>Material principal: material blanco cristalino material extremadamente blanco<\/li>\n<li>Tapa Corcho<\/li>\n<li>Referencia: RS043<\/li>\n<li>MOQ: 10000 PCS( 26000pcs-30000pcs)<\/li>\n<li>Capacidad: 700 ml 750 ml<\/li>\n<li>Pzs\/Ctn: 24pzs<\/li>\n<li>Origen del lugar: Shandong, China<\/li>\n<li>Caracter\u00edstica: Ecol\u00f3gico<\/li>\n<\/ul>\n<p>Tenemos esta botella en stock, puede conseguirla muy pronto si las encarga. Tambi\u00e9n podemos colocar su logotipo en esta botella. Podemos hacer procesamiento en esta botella, como imprimir, escarchar, pintar, y otros, \u00a1damos la bienvenida a amigos de todo el mundo a visitarnos! Organizaremos una recepci\u00f3n para usted.<\/p>\n<p>A este singular frasco de vidrio con tapa podemos cambiarle la boca, podemos cambiarlo por otra cosa.<\/p>\n<p>Podemos hacerlo si quieres tallar patrones en \u00e9l; podemos tallar el patr\u00f3n que quieras.<\/p>\n<p>Si est\u00e1 satisfecho con este 750ml botellas de licor de vidrio al por mayor, por favor p\u00f3ngase en contacto conmigo en el tiempo. Si no te gusta, puedes mirar nuestras otras botellas. O le dar\u00e9 el cat\u00e1logo, y usted puede elegir lo que te gusta. Si est\u00e1 interesado en nuestros precios de botellas de licor, p\u00f3ngase en contacto con nosotros. Le responderemos en un plazo de 24 horas.<\/p>","protected":false},"excerpt":{"rendered":"<p data-block-id=\"f2324dc5-f301-4029-9a52-4be82090bcb5\" data-pm-slice=\"1 3 []\">Estas botellas de licor de vidrio de 750 ml al por mayor son uno de nuestros productos m\u00e1s vendidos. Que adopta el material de vidrio extremadamente blanco, le dar\u00e1 un efecto visual claro y puro para mostrar la excelente calidad de su licor. Dise\u00f1o largo y redondo del cuerpo de la botella, adecuado para todo tipo de licores, como Whisky, Vodka, Brandy, etc.<\/p>\n<ul>\n<li>MOQ: 10000 PCS( 26000pcs-30000pcs)<\/li>\n<li>Capacidad: 700ml\/750ml\/1000ml<\/li>\n<li>Color: Transparente<\/li>\n<li>Tap\u00f3n: Tapones met\u00e1licos<\/li>\n<li>Altura: 230 mm<\/li>\n<li>Peso: 650 g<\/li>\n<li>Di\u00e1metro: 60 mm<\/li>\n<\/ul>\n<p>Si desea pedir estas botellas de licor de vidrio de 750 ml al por mayor, d\u00e9jenos un mensaje.<\/p>","protected":false},"featured_media":4307,"comment_status":"closed","ping_status":"closed","template":"","meta":[],"product_cat":[44,40,52],"class_list":{"0":"post-4306","1":"product","2":"type-product","3":"status-publish","4":"has-post-thumbnail","6":"product_cat-700ml-liquor-bottle-manufacturer","7":"product_cat-750ml-liquor-bottle-manufacturer","8":"product_cat-vodka-bottle","10":"first","11":"instock","12":"shipping-taxable","13":"product-type-simple"},"yoast_head":"<!-- This site is optimized with the Yoast SEO plugin v22.0 - https:\/\/yoast.com\/wordpress\/plugins\/seo\/ -->\n<title>750ml Glass Liquor Bottles Wholesale | Glass Bottle With Corks Suppliers<\/title>\n<meta name=\"description\" content=\"Buy 750ml Glass Liquor Bottles Wholesale All in Lowest Price From China Glass Bottle Manufacturers&amp;Suppliers. Free Sample&amp;5 Years Warranty.\" \/>\n<meta name=\"robots\" content=\"index, follow, max-snippet:-1, max-image-preview:large, max-video-preview:-1\" \/>\n<link rel=\"canonical\" href=\"https:\/\/ruishengglassco.com\/es\/producto\/rs043\uff1awholesale-750ml-botellas-de-licor-de-vidrio-fabricante-china\" \/>\n<meta property=\"og:locale\" content=\"es_ES\" \/>\n<meta property=\"og:type\" content=\"article\" \/>\n<meta property=\"og:title\" content=\"750ml Glass Liquor Bottles Wholesale | Glass Bottle With Corks Suppliers\" \/>\n<meta property=\"og:description\" content=\"Buy 750ml Glass Liquor Bottles Wholesale All in Lowest Price From China Glass Bottle Manufacturers&amp;Suppliers. Free Sample&amp;5 Years Warranty.\" \/>\n<meta property=\"og:url\" content=\"https:\/\/ruishengglassco.com\/es\/producto\/rs043\uff1awholesale-750ml-botellas-de-licor-de-vidrio-fabricante-china\" \/>\n<meta property=\"article:publisher\" content=\"https:\/\/www.facebook.com\/ruishengglassbottles\" \/>\n<meta property=\"article:modified_time\" content=\"2025-09-11T08:25:17+00:00\" \/>\n<meta property=\"og:image\" content=\"https:\/\/ruishengglassco.com\/wp-content\/uploads\/2025\/03\/RS043\uff1aWholesale-750ml-Glass-Liquor-Bottles-Manufacturer-China.webp\" \/>\n\t<meta property=\"og:image:width\" content=\"800\" \/>\n\t<meta property=\"og:image:height\" content=\"800\" \/>\n\t<meta property=\"og:image:type\" content=\"image\/webp\" \/>\n<meta name=\"twitter:card\" content=\"summary_large_image\" \/>\n<meta name=\"twitter:label1\" content=\"Tiempo de lectura\" \/>\n\t<meta name=\"twitter:data1\" content=\"2 minutos\" \/>\n<script type=\"application\/ld+json\" class=\"yoast-schema-graph\">{\"@context\":\"https:\/\/schema.org\",\"@graph\":[{\"@type\":\"WebPage\",\"@id\":\"https:\/\/ruishengglassco.com\/product\/rs043%ef%bc%9awholesale-750ml-glass-liquor-bottles-manufacturer-china\",\"url\":\"https:\/\/ruishengglassco.com\/product\/rs043%ef%bc%9awholesale-750ml-glass-liquor-bottles-manufacturer-china\",\"name\":\"750ml Glass Liquor Bottles Wholesale | Glass Bottle With Corks Suppliers\",\"isPartOf\":{\"@id\":\"https:\/\/ruishengglassco.com\/#website\"},\"datePublished\":\"2025-03-15T04:27:21+00:00\",\"dateModified\":\"2025-09-11T08:25:17+00:00\",\"description\":\"Buy 750ml Glass Liquor Bottles Wholesale All in Lowest Price From China Glass Bottle Manufacturers&Suppliers. Free Sample&5 Years Warranty.\",\"breadcrumb\":{\"@id\":\"https:\/\/ruishengglassco.com\/product\/rs043%ef%bc%9awholesale-750ml-glass-liquor-bottles-manufacturer-china#breadcrumb\"},\"inLanguage\":\"es\",\"potentialAction\":[{\"@type\":\"ReadAction\",\"target\":[\"https:\/\/ruishengglassco.com\/product\/rs043%ef%bc%9awholesale-750ml-glass-liquor-bottles-manufacturer-china\"]}]},{\"@type\":\"BreadcrumbList\",\"@id\":\"https:\/\/ruishengglassco.com\/product\/rs043%ef%bc%9awholesale-750ml-glass-liquor-bottles-manufacturer-china#breadcrumb\",\"itemListElement\":[{\"@type\":\"ListItem\",\"position\":1,\"name\":\"Home\",\"item\":\"https:\/\/ruishengglassco.com\/\"},{\"@type\":\"ListItem\",\"position\":2,\"name\":\"Products\",\"item\":\"https:\/\/ruishengglassco.com\/products\"},{\"@type\":\"ListItem\",\"position\":3,\"name\":\"RS043\uff1aWholesale 750ml Glass Liquor Bottles Manufacturer China\"}]},{\"@type\":\"WebSite\",\"@id\":\"https:\/\/ruishengglassco.com\/#website\",\"url\":\"https:\/\/ruishengglassco.com\/\",\"name\":\"Ruisheng Glass\",\"description\":\"\",\"publisher\":{\"@id\":\"https:\/\/ruishengglassco.com\/#organization\"},\"potentialAction\":[{\"@type\":\"SearchAction\",\"target\":{\"@type\":\"EntryPoint\",\"urlTemplate\":\"https:\/\/ruishengglassco.com\/?s={search_term_string}\"},\"query-input\":\"required name=search_term_string\"}],\"inLanguage\":\"es\"},{\"@type\":\"Organization\",\"@id\":\"https:\/\/ruishengglassco.com\/#organization\",\"name\":\"Shandong Yuncheng Ruisheng Glass Co., Ltd\",\"url\":\"https:\/\/ruishengglassco.com\/\",\"logo\":{\"@type\":\"ImageObject\",\"inLanguage\":\"es\",\"@id\":\"https:\/\/ruishengglassco.com\/#\/schema\/logo\/image\/\",\"url\":\"https:\/\/ruishengglassco.com\/wp-content\/uploads\/2023\/09\/ruisheng_logo_icon.webp\",\"contentUrl\":\"https:\/\/ruishengglassco.com\/wp-content\/uploads\/2023\/09\/ruisheng_logo_icon.webp\",\"width\":400,\"height\":233,\"caption\":\"Shandong Yuncheng Ruisheng Glass Co., Ltd\"},\"image\":{\"@id\":\"https:\/\/ruishengglassco.com\/#\/schema\/logo\/image\/\"},\"sameAs\":[\"https:\/\/www.facebook.com\/ruishengglassbottles\",\"https:\/\/www.instagram.com\/Ruishengglassbottlewholesales\/\",\"https:\/\/www.youtube.com\/channel\/UCMmbMNGwsL-XrtjfSFLCdVQ\"]}]}<\/script>\n<!-- \/ Yoast SEO plugin. -->","yoast_head_json":{"title":"750ml Glass Liquor Bottles Wholesale | Glass Bottle With Corks Suppliers","description":"Buy 750ml Glass Liquor Bottles Wholesale All in Lowest Price From China Glass Bottle Manufacturers&Suppliers. Free Sample&5 Years Warranty.","robots":{"index":"index","follow":"follow","max-snippet":"max-snippet:-1","max-image-preview":"max-image-preview:large","max-video-preview":"max-video-preview:-1"},"canonical":"https:\/\/ruishengglassco.com\/es\/producto\/rs043\uff1awholesale-750ml-botellas-de-licor-de-vidrio-fabricante-china","og_locale":"es_ES","og_type":"article","og_title":"750ml Glass Liquor Bottles Wholesale | Glass Bottle With Corks Suppliers","og_description":"Buy 750ml Glass Liquor Bottles Wholesale All in Lowest Price From China Glass Bottle Manufacturers&Suppliers. Free Sample&5 Years Warranty.","og_url":"https:\/\/ruishengglassco.com\/es\/producto\/rs043\uff1awholesale-750ml-botellas-de-licor-de-vidrio-fabricante-china","article_publisher":"https:\/\/www.facebook.com\/ruishengglassbottles","article_modified_time":"2025-09-11T08:25:17+00:00","og_image":[{"width":800,"height":800,"url":"https:\/\/ruishengglassco.com\/wp-content\/uploads\/2025\/03\/RS043\uff1aWholesale-750ml-Glass-Liquor-Bottles-Manufacturer-China.webp","type":"image\/webp"}],"twitter_card":"summary_large_image","twitter_misc":{"Tiempo de lectura":"2 minutos"},"schema":{"@context":"https:\/\/schema.org","@graph":[{"@type":"WebPage","@id":"https:\/\/ruishengglassco.com\/product\/rs043%ef%bc%9awholesale-750ml-glass-liquor-bottles-manufacturer-china","url":"https:\/\/ruishengglassco.com\/product\/rs043%ef%bc%9awholesale-750ml-glass-liquor-bottles-manufacturer-china","name":"750ml Glass Liquor Bottles Wholesale | Glass Bottle With Corks Suppliers","isPartOf":{"@id":"https:\/\/ruishengglassco.com\/#website"},"datePublished":"2025-03-15T04:27:21+00:00","dateModified":"2025-09-11T08:25:17+00:00","description":"Buy 750ml Glass Liquor Bottles Wholesale All in Lowest Price From China Glass Bottle Manufacturers&Suppliers. Free Sample&5 Years Warranty.","breadcrumb":{"@id":"https:\/\/ruishengglassco.com\/product\/rs043%ef%bc%9awholesale-750ml-glass-liquor-bottles-manufacturer-china#breadcrumb"},"inLanguage":"es","potentialAction":[{"@type":"ReadAction","target":["https:\/\/ruishengglassco.com\/product\/rs043%ef%bc%9awholesale-750ml-glass-liquor-bottles-manufacturer-china"]}]},{"@type":"BreadcrumbList","@id":"https:\/\/ruishengglassco.com\/product\/rs043%ef%bc%9awholesale-750ml-glass-liquor-bottles-manufacturer-china#breadcrumb","itemListElement":[{"@type":"ListItem","position":1,"name":"Home","item":"https:\/\/ruishengglassco.com\/"},{"@type":"ListItem","position":2,"name":"Products","item":"https:\/\/ruishengglassco.com\/products"},{"@type":"ListItem","position":3,"name":"RS043\uff1aWholesale 750ml Glass Liquor Bottles Manufacturer China"}]},{"@type":"WebSite","@id":"https:\/\/ruishengglassco.com\/#website","url":"https:\/\/ruishengglassco.com\/","name":"Ruisheng Glass","description":"","publisher":{"@id":"https:\/\/ruishengglassco.com\/#organization"},"potentialAction":[{"@type":"SearchAction","target":{"@type":"EntryPoint","urlTemplate":"https:\/\/ruishengglassco.com\/?s={search_term_string}"},"query-input":"required name=search_term_string"}],"inLanguage":"es"},{"@type":"Organization","@id":"https:\/\/ruishengglassco.com\/#organization","name":"Shandong Yuncheng Ruisheng Glass Co., Ltd","url":"https:\/\/ruishengglassco.com\/","logo":{"@type":"ImageObject","inLanguage":"es","@id":"https:\/\/ruishengglassco.com\/#\/schema\/logo\/image\/","url":"https:\/\/ruishengglassco.com\/wp-content\/uploads\/2023\/09\/ruisheng_logo_icon.webp","contentUrl":"https:\/\/ruishengglassco.com\/wp-content\/uploads\/2023\/09\/ruisheng_logo_icon.webp","width":400,"height":233,"caption":"Shandong Yuncheng Ruisheng Glass Co., Ltd"},"image":{"@id":"https:\/\/ruishengglassco.com\/#\/schema\/logo\/image\/"},"sameAs":["https:\/\/www.facebook.com\/ruishengglassbottles","https:\/\/www.instagram.com\/Ruishengglassbottlewholesales\/","https:\/\/www.youtube.com\/channel\/UCMmbMNGwsL-XrtjfSFLCdVQ"]}]}},"_links":{"self":[{"href":"https:\/\/ruishengglassco.com\/es\/wp-json\/wp\/v2\/product\/4306","targetHints":{"allow":["GET"]}}],"collection":[{"href":"https:\/\/ruishengglassco.com\/es\/wp-json\/wp\/v2\/product"}],"about":[{"href":"https:\/\/ruishengglassco.com\/es\/wp-json\/wp\/v2\/types\/product"}],"replies":[{"embeddable":true,"href":"https:\/\/ruishengglassco.com\/es\/wp-json\/wp\/v2\/comments?post=4306"}],"wp:featuredmedia":[{"embeddable":true,"href":"https:\/\/ruishengglassco.com\/es\/wp-json\/wp\/v2\/media\/4307"}],"wp:attachment":[{"href":"https:\/\/ruishengglassco.com\/es\/wp-json\/wp\/v2\/media?parent=4306"}],"wp:term":[{"taxonomy":"product_cat","embeddable":true,"href":"https:\/\/ruishengglassco.com\/es\/wp-json\/wp\/v2\/product_cat?post=4306"}],"curies":[{"name":"wp","href":"https:\/\/api.w.org\/{rel}","templated":true}]}}