{"id":4300,"date":"2025-03-15T12:13:21","date_gmt":"2025-03-15T04:13:21","guid":{"rendered":"https:\/\/ruishengglassco.com\/?post_type=product&#038;p=4300"},"modified":"2025-09-11T16:14:45","modified_gmt":"2025-09-11T08:14:45","slug":"rs046-500ml-700ml-750ml-fabricantes-de-botellas-de-vidrio-de-lujo","status":"publish","type":"product","link":"https:\/\/ruishengglassco.com\/es\/producto\/rs046-500ml-700ml-750ml-fabricantes-de-botellas-de-vidrio-de-lujo","title":{"rendered":"RS046: 500ml 700ml 750ml Fancy botellas de vidrio Fabricantes"},"content":{"rendered":"<p><span data-preserver-spaces=\"true\">En <\/span><strong><span data-preserver-spaces=\"true\">venta al por mayor de botellas de vidrio de fantas\u00eda <\/span><\/strong><span data-preserver-spaces=\"true\">es un <\/span><span data-preserver-spaces=\"true\">importante<\/span><span data-preserver-spaces=\"true\"> proyecto en Ruisheng. Ruisheng, fabricante l\u00edder de botellas de vidrio con tap\u00f3n de corcho, ofrece una amplia gama de opciones para la venta al por mayor. Puede encontrar botellas redondas Boston, botellas cuadradas y dise\u00f1os con formas personalizadas. Tambi\u00e9n <\/span><span data-preserver-spaces=\"true\">oferta<\/span><span data-preserver-spaces=\"true\"> botellas con tap\u00f3n especiales para bebidas espirituosas como whisky, brandy, ron y vodka.<\/span><\/p>\n<p><span data-preserver-spaces=\"true\">Realice una manualidad o env\u00ede mercanc\u00eda a los clientes seleccionando una botella de vidrio m\u00e1s peque\u00f1a o una botella de vidrio al por mayor m\u00e1s grande. Tama\u00f1os <\/span><span data-preserver-spaces=\"true\">son<\/span><span data-preserver-spaces=\"true\"> disponibles desde 50 ml hasta 1500 ml. <\/span><span data-preserver-spaces=\"true\">Se aceptan pedidos personalizados<\/span><span data-preserver-spaces=\"true\">. La mayor\u00eda de las botellas de vidrio en venta <\/span><span data-preserver-spaces=\"true\">se hacen<\/span><span data-preserver-spaces=\"true\"> de material de vidrio de alta calidad, lo que hace que el cuerpo de <\/span><span data-preserver-spaces=\"true\">el <\/span><span data-preserver-spaces=\"true\">botella de licor m\u00e1s fuerte y m\u00e1s bella. <\/span><span data-preserver-spaces=\"true\">Garantizamos que todas las botellas de vidrio transparente con tap\u00f3n son no t\u00f3xicas, 100% reciclables, reutilizables y <\/span><span data-preserver-spaces=\"true\">seguro para el medio ambiente<\/span><span data-preserver-spaces=\"true\">.<\/span><\/p>\n<p><span data-preserver-spaces=\"true\">Estas botellas de vidrio diamantado de 500 ml presentan un dise\u00f1o elegante. Tambi\u00e9n podemos personalizarlas seg\u00fan sus dibujos. D\u00edganos lo que necesita.<\/span><\/p>\n<h2>La informaci\u00f3n del dise\u00f1o de lujo 500ml botellas de vidrio de diamante como abajo:<\/h2>\n<ul>\n<li>Material principal: vidrio s\u00faper flint<\/li>\n<li>Tap\u00f3n: corcho<\/li>\n<li>Referencia: RS046<\/li>\n<li>MOQ: 10000 PCS<\/li>\n<li>Capacidad: 500 ml<\/li>\n<li>Pzs\/Ctn: 24pzs<\/li>\n<li>Origen del lugar: Shandong, China<\/li>\n<li>Caracter\u00edstica: Ecol\u00f3gico<\/li>\n<\/ul>\n<p>Ruisheng tiene una larga trayectoria en la producci\u00f3n de botellas de vidrio de 500 ml. Nuestro equipo es experimentado, y estamos seguros de que podemos satisfacer sus necesidades. Las botellas de vidrio transparente Ruisheng han sido bien recibidas en Europa, EE.UU., Australia y otras regiones. Y todos los productos gozan de una gran reputaci\u00f3n por su innovaci\u00f3n y funcionalidad.<\/p>\n<p>Ruisheng botella de vidrio ha ampliado ahora un nuevo sitio, introdujo m\u00e1quinas avanzadas, y nuestra velocidad de producci\u00f3n es mucho mayor que antes. As\u00ed que vamos a hacer buenas botellas en la fecha fijada, y entregar la mercanc\u00eda a usted.<\/p>\n<p>Si usted est\u00e1 satisfecho con esta botella de vidrio transparente, por favor h\u00e1gamelo saber con prontitud. Si no le gusta, puede mirar nuestras otras botellas. O le dar\u00e9 el cat\u00e1logo y podr\u00e1 elegir la que m\u00e1s le guste. Si est\u00e1 interesado en nuestras botellas herm\u00e9ticas de alcohol, p\u00f3ngase en contacto con nosotros. Le responderemos en un plazo de 24 horas.<\/p>","protected":false},"excerpt":{"rendered":"<p>Ruisheng es un fabricante profesional de botellas de vidrio con m\u00e1s de 10 a\u00f1os de experiencia. Ofrecemos botellas de vidrio de fantas\u00eda a precios al por mayor para marcas de licores, empresas, proveedores y mayoristas. Nuestra salida de f\u00e1brica ofrece precios baratos al por mayor en botellas de vidrio. Estas botellas de vidrio de lujo de 500 ml de diamante tambi\u00e9n se pueden personalizar de acuerdo a los dibujos que usted proporcion\u00f3, podemos hacer cualquier botella que desee.<\/p>\n<p>No dude en ponerse en contacto con nosotros para obtener un precio de botella de licor de diamante.<\/p>","protected":false},"featured_media":4301,"comment_status":"closed","ping_status":"closed","template":"","meta":[],"product_cat":[41,44,40,57,46],"class_list":{"0":"post-4300","1":"product","2":"type-product","3":"status-publish","4":"has-post-thumbnail","6":"product_cat-500ml-liquor-bottle-manufacturer","7":"product_cat-700ml-liquor-bottle-manufacturer","8":"product_cat-750ml-liquor-bottle-manufacturer","9":"product_cat-rum-bottle","10":"product_cat-tequila-bottle","12":"first","13":"instock","14":"shipping-taxable","15":"product-type-simple"},"yoast_head":"<!-- This site is optimized with the Yoast SEO plugin v22.0 - https:\/\/yoast.com\/wordpress\/plugins\/seo\/ -->\n<title>750ml Fancy Glass Bottle Manufacturers | Diamond Liquor Bottle Suppliers<\/title>\n<meta name=\"description\" content=\"Ruisheng, one of the largest China glass liquor bottle supplirs&amp;factory, sales 750ml fancy glass bottle wholesale in bulk price.\" \/>\n<meta name=\"robots\" content=\"index, follow, max-snippet:-1, max-image-preview:large, max-video-preview:-1\" \/>\n<link rel=\"canonical\" href=\"https:\/\/ruishengglassco.com\/es\/producto\/rs046-500ml-700ml-750ml-fabricantes-de-botellas-de-vidrio-de-lujo\" \/>\n<meta property=\"og:locale\" content=\"es_ES\" \/>\n<meta property=\"og:type\" content=\"article\" \/>\n<meta property=\"og:title\" content=\"750ml Fancy Glass Bottle Manufacturers | Diamond Liquor Bottle Suppliers\" \/>\n<meta property=\"og:description\" content=\"Ruisheng, one of the largest China glass liquor bottle supplirs&amp;factory, sales 750ml fancy glass bottle wholesale in bulk price.\" \/>\n<meta property=\"og:url\" content=\"https:\/\/ruishengglassco.com\/es\/producto\/rs046-500ml-700ml-750ml-fabricantes-de-botellas-de-vidrio-de-lujo\" \/>\n<meta property=\"article:publisher\" content=\"https:\/\/www.facebook.com\/ruishengglassbottles\" \/>\n<meta property=\"article:modified_time\" content=\"2025-09-11T08:14:45+00:00\" \/>\n<meta property=\"og:image\" content=\"https:\/\/ruishengglassco.com\/wp-content\/uploads\/2025\/03\/RS046-500ml-700ml-750ml-Fancy-Glass-Bottles-Wholesale.webp\" \/>\n\t<meta property=\"og:image:width\" content=\"602\" \/>\n\t<meta property=\"og:image:height\" content=\"608\" \/>\n\t<meta property=\"og:image:type\" content=\"image\/webp\" \/>\n<meta name=\"twitter:card\" content=\"summary_large_image\" \/>\n<meta name=\"twitter:label1\" content=\"Tiempo de lectura\" \/>\n\t<meta name=\"twitter:data1\" content=\"2 minutos\" \/>\n<script type=\"application\/ld+json\" class=\"yoast-schema-graph\">{\"@context\":\"https:\/\/schema.org\",\"@graph\":[{\"@type\":\"WebPage\",\"@id\":\"https:\/\/ruishengglassco.com\/product\/rs046-500ml-700ml-750ml-fancy-glass-bottles-manufacturers\",\"url\":\"https:\/\/ruishengglassco.com\/product\/rs046-500ml-700ml-750ml-fancy-glass-bottles-manufacturers\",\"name\":\"750ml Fancy Glass Bottle Manufacturers | Diamond Liquor Bottle Suppliers\",\"isPartOf\":{\"@id\":\"https:\/\/ruishengglassco.com\/#website\"},\"datePublished\":\"2025-03-15T04:13:21+00:00\",\"dateModified\":\"2025-09-11T08:14:45+00:00\",\"description\":\"Ruisheng, one of the largest China glass liquor bottle supplirs&factory, sales 750ml fancy glass bottle wholesale in bulk price.\",\"breadcrumb\":{\"@id\":\"https:\/\/ruishengglassco.com\/product\/rs046-500ml-700ml-750ml-fancy-glass-bottles-manufacturers#breadcrumb\"},\"inLanguage\":\"es\",\"potentialAction\":[{\"@type\":\"ReadAction\",\"target\":[\"https:\/\/ruishengglassco.com\/product\/rs046-500ml-700ml-750ml-fancy-glass-bottles-manufacturers\"]}]},{\"@type\":\"BreadcrumbList\",\"@id\":\"https:\/\/ruishengglassco.com\/product\/rs046-500ml-700ml-750ml-fancy-glass-bottles-manufacturers#breadcrumb\",\"itemListElement\":[{\"@type\":\"ListItem\",\"position\":1,\"name\":\"Home\",\"item\":\"https:\/\/ruishengglassco.com\/\"},{\"@type\":\"ListItem\",\"position\":2,\"name\":\"Products\",\"item\":\"https:\/\/ruishengglassco.com\/products\"},{\"@type\":\"ListItem\",\"position\":3,\"name\":\"RS046: 500ml 700ml 750ml Fancy Glass Bottles Manufacturers\"}]},{\"@type\":\"WebSite\",\"@id\":\"https:\/\/ruishengglassco.com\/#website\",\"url\":\"https:\/\/ruishengglassco.com\/\",\"name\":\"Ruisheng Glass\",\"description\":\"\",\"publisher\":{\"@id\":\"https:\/\/ruishengglassco.com\/#organization\"},\"potentialAction\":[{\"@type\":\"SearchAction\",\"target\":{\"@type\":\"EntryPoint\",\"urlTemplate\":\"https:\/\/ruishengglassco.com\/?s={search_term_string}\"},\"query-input\":\"required name=search_term_string\"}],\"inLanguage\":\"es\"},{\"@type\":\"Organization\",\"@id\":\"https:\/\/ruishengglassco.com\/#organization\",\"name\":\"Shandong Yuncheng Ruisheng Glass Co., Ltd\",\"url\":\"https:\/\/ruishengglassco.com\/\",\"logo\":{\"@type\":\"ImageObject\",\"inLanguage\":\"es\",\"@id\":\"https:\/\/ruishengglassco.com\/#\/schema\/logo\/image\/\",\"url\":\"https:\/\/ruishengglassco.com\/wp-content\/uploads\/2023\/09\/ruisheng_logo_icon.webp\",\"contentUrl\":\"https:\/\/ruishengglassco.com\/wp-content\/uploads\/2023\/09\/ruisheng_logo_icon.webp\",\"width\":400,\"height\":233,\"caption\":\"Shandong Yuncheng Ruisheng Glass Co., Ltd\"},\"image\":{\"@id\":\"https:\/\/ruishengglassco.com\/#\/schema\/logo\/image\/\"},\"sameAs\":[\"https:\/\/www.facebook.com\/ruishengglassbottles\",\"https:\/\/www.instagram.com\/Ruishengglassbottlewholesales\/\",\"https:\/\/www.youtube.com\/channel\/UCMmbMNGwsL-XrtjfSFLCdVQ\"]}]}<\/script>\n<!-- \/ Yoast SEO plugin. -->","yoast_head_json":{"title":"750ml Fancy Glass Bottle Manufacturers | Diamond Liquor Bottle Suppliers","description":"Ruisheng, one of the largest China glass liquor bottle supplirs&factory, sales 750ml fancy glass bottle wholesale in bulk price.","robots":{"index":"index","follow":"follow","max-snippet":"max-snippet:-1","max-image-preview":"max-image-preview:large","max-video-preview":"max-video-preview:-1"},"canonical":"https:\/\/ruishengglassco.com\/es\/producto\/rs046-500ml-700ml-750ml-fabricantes-de-botellas-de-vidrio-de-lujo","og_locale":"es_ES","og_type":"article","og_title":"750ml Fancy Glass Bottle Manufacturers | Diamond Liquor Bottle Suppliers","og_description":"Ruisheng, one of the largest China glass liquor bottle supplirs&factory, sales 750ml fancy glass bottle wholesale in bulk price.","og_url":"https:\/\/ruishengglassco.com\/es\/producto\/rs046-500ml-700ml-750ml-fabricantes-de-botellas-de-vidrio-de-lujo","article_publisher":"https:\/\/www.facebook.com\/ruishengglassbottles","article_modified_time":"2025-09-11T08:14:45+00:00","og_image":[{"width":602,"height":608,"url":"https:\/\/ruishengglassco.com\/wp-content\/uploads\/2025\/03\/RS046-500ml-700ml-750ml-Fancy-Glass-Bottles-Wholesale.webp","type":"image\/webp"}],"twitter_card":"summary_large_image","twitter_misc":{"Tiempo de lectura":"2 minutos"},"schema":{"@context":"https:\/\/schema.org","@graph":[{"@type":"WebPage","@id":"https:\/\/ruishengglassco.com\/product\/rs046-500ml-700ml-750ml-fancy-glass-bottles-manufacturers","url":"https:\/\/ruishengglassco.com\/product\/rs046-500ml-700ml-750ml-fancy-glass-bottles-manufacturers","name":"750ml Fancy Glass Bottle Manufacturers | Diamond Liquor Bottle Suppliers","isPartOf":{"@id":"https:\/\/ruishengglassco.com\/#website"},"datePublished":"2025-03-15T04:13:21+00:00","dateModified":"2025-09-11T08:14:45+00:00","description":"Ruisheng, one of the largest China glass liquor bottle supplirs&factory, sales 750ml fancy glass bottle wholesale in bulk price.","breadcrumb":{"@id":"https:\/\/ruishengglassco.com\/product\/rs046-500ml-700ml-750ml-fancy-glass-bottles-manufacturers#breadcrumb"},"inLanguage":"es","potentialAction":[{"@type":"ReadAction","target":["https:\/\/ruishengglassco.com\/product\/rs046-500ml-700ml-750ml-fancy-glass-bottles-manufacturers"]}]},{"@type":"BreadcrumbList","@id":"https:\/\/ruishengglassco.com\/product\/rs046-500ml-700ml-750ml-fancy-glass-bottles-manufacturers#breadcrumb","itemListElement":[{"@type":"ListItem","position":1,"name":"Home","item":"https:\/\/ruishengglassco.com\/"},{"@type":"ListItem","position":2,"name":"Products","item":"https:\/\/ruishengglassco.com\/products"},{"@type":"ListItem","position":3,"name":"RS046: 500ml 700ml 750ml Fancy Glass Bottles Manufacturers"}]},{"@type":"WebSite","@id":"https:\/\/ruishengglassco.com\/#website","url":"https:\/\/ruishengglassco.com\/","name":"Ruisheng Glass","description":"","publisher":{"@id":"https:\/\/ruishengglassco.com\/#organization"},"potentialAction":[{"@type":"SearchAction","target":{"@type":"EntryPoint","urlTemplate":"https:\/\/ruishengglassco.com\/?s={search_term_string}"},"query-input":"required name=search_term_string"}],"inLanguage":"es"},{"@type":"Organization","@id":"https:\/\/ruishengglassco.com\/#organization","name":"Shandong Yuncheng Ruisheng Glass Co., Ltd","url":"https:\/\/ruishengglassco.com\/","logo":{"@type":"ImageObject","inLanguage":"es","@id":"https:\/\/ruishengglassco.com\/#\/schema\/logo\/image\/","url":"https:\/\/ruishengglassco.com\/wp-content\/uploads\/2023\/09\/ruisheng_logo_icon.webp","contentUrl":"https:\/\/ruishengglassco.com\/wp-content\/uploads\/2023\/09\/ruisheng_logo_icon.webp","width":400,"height":233,"caption":"Shandong Yuncheng Ruisheng Glass Co., Ltd"},"image":{"@id":"https:\/\/ruishengglassco.com\/#\/schema\/logo\/image\/"},"sameAs":["https:\/\/www.facebook.com\/ruishengglassbottles","https:\/\/www.instagram.com\/Ruishengglassbottlewholesales\/","https:\/\/www.youtube.com\/channel\/UCMmbMNGwsL-XrtjfSFLCdVQ"]}]}},"_links":{"self":[{"href":"https:\/\/ruishengglassco.com\/es\/wp-json\/wp\/v2\/product\/4300","targetHints":{"allow":["GET"]}}],"collection":[{"href":"https:\/\/ruishengglassco.com\/es\/wp-json\/wp\/v2\/product"}],"about":[{"href":"https:\/\/ruishengglassco.com\/es\/wp-json\/wp\/v2\/types\/product"}],"replies":[{"embeddable":true,"href":"https:\/\/ruishengglassco.com\/es\/wp-json\/wp\/v2\/comments?post=4300"}],"wp:featuredmedia":[{"embeddable":true,"href":"https:\/\/ruishengglassco.com\/es\/wp-json\/wp\/v2\/media\/4301"}],"wp:attachment":[{"href":"https:\/\/ruishengglassco.com\/es\/wp-json\/wp\/v2\/media?parent=4300"}],"wp:term":[{"taxonomy":"product_cat","embeddable":true,"href":"https:\/\/ruishengglassco.com\/es\/wp-json\/wp\/v2\/product_cat?post=4300"}],"curies":[{"name":"wp","href":"https:\/\/api.w.org\/{rel}","templated":true}]}}