{"id":4296,"date":"2025-03-15T12:06:25","date_gmt":"2025-03-15T04:06:25","guid":{"rendered":"https:\/\/ruishengglassco.com\/?post_type=product&#038;p=4296"},"modified":"2025-07-17T09:12:43","modified_gmt":"2025-07-17T01:12:43","slug":"rs049700ml-botellas-de-alcohol-al-por-mayor","status":"publish","type":"product","link":"https:\/\/ruishengglassco.com\/es\/producto\/rs049700ml-botellas-de-alcohol-al-por-mayor","title":{"rendered":"RS049:Botellas de alcohol de 700 ml Fabricantes"},"content":{"rendered":"<p>Ruisheng es un fabricante l\u00edder de botellas vac\u00edas para licores en China. Vendemos botellas de vidrio para bebidas espirituosas de 700 ml a precios al por mayor. Entre nuestros clientes se encuentran empresas de bebidas espirituosas, fabricantes, mayoristas, bodegas, supermercados y tiendas.<\/p>\n<p>Estas botellas de licor de vidrio de 700 ml con tap\u00f3n de corcho est\u00e1n fabricadas con vidrio de alta calidad. Esto las hace transparentes, claras y duraderas, por lo que son muy utilizadas en el envasado de licores, Whisky, Brandy, XO, Ron, Ginebra y otras bebidas alcoh\u00f3licas.<\/p>\n<h2>Detalles sobre 700ml Spirit Bottles Fabricantes<\/h2>\n<ul>\n<li><strong>Marca:<\/strong>\u00a0RS<\/li>\n<li><strong>Capacidad:<\/strong>\u00a0700ml(Personalizado)<\/li>\n<li><strong>Forma:\u00a0<\/strong>Botella de vidrio redonda, cuadrada, ovalada, curva, con forma de calavera y botella de licor con forma \u00fanica (servicio de botella de vidrio con forma personalizada disponible)<\/li>\n<li><strong>Color:<\/strong>\u00a0Transparente, blanco, negro, gris, verde, azul, \u00e1mbar, etc.<\/li>\n<li><strong>Cap:\u00a0<\/strong>Tap\u00f3n de rosca\/Tap\u00f3n de corcho\/Guala\/Tapones de botella de vidrio personalizados<\/li>\n<li><strong>MOQ:<\/strong>\u00a01\u00d740HQ(26,000-30000pcs 700ml botellas)<\/li>\n<li><strong>Puede ofrecerse una muestra gratuita<\/strong><\/li>\n<\/ul>\n<p>Ruisheng tiene m\u00e1s de 20 l\u00edneas de fabricaci\u00f3n de botellas de vidrio con una producci\u00f3n diaria de 120.000 piezas. Vendemos botellas de vidrio que van desde mini botellas de vidrio, tales como botellas de vidrio de 50 ml hasta botellas de vidrio grandes, incluyendo botellas de licor de vidrio de 1 litro, botellas de vidrio de 1,5 litros, botellas de vidrio de 1,75 litros y botellas de vidrio de 2 litros. Aceptamos servicios de botellas de vidrio personalizadas. Si usted prefiere un aspecto tradicional o algo moderno, Ruisheng tiene las opciones de botellas de alcohol que usted necesita.<\/p>\n<p>Las botellas de licor vac\u00edas de la serie RS para la venta se han exportado a los Estados Unidos, el Reino Unido, Australia, Canad\u00e1, Francia, Espa\u00f1a y muchos otros pa\u00edses. Si est\u00e1 satisfecho con esta botella de vidrio transparente, por favor p\u00f3ngase en contacto conmigo a tiempo. Si no le gusta, puede mirar nuestras otras botellas. O le dar\u00e9 el cat\u00e1logo y podr\u00e1 elegir la que m\u00e1s le guste. Si est\u00e1 interesado en nuestras botellas herm\u00e9ticas de alcohol, p\u00f3ngase en contacto con nosotros. Le responderemos en un plazo de 24 horas.<\/p>","protected":false},"excerpt":{"rendered":"<table class=\"tg\">\n<tbody>\n<tr>\n<th class=\"tg-24i8\" colspan=\"2\">Botellas de vidrio para aguardiente de 700 ml<\/th>\n<\/tr>\n<tr>\n<td class=\"tg-b7b8\">Material principal:<\/td>\n<td class=\"tg-b7b8\">Cristal alto de s\u00edlex<\/td>\n<\/tr>\n<tr>\n<td class=\"tg-yw4l\">Cap:<\/td>\n<td class=\"tg-yw4l\">Tap\u00f3n de rosca\/Tap\u00f3n de corcho\/Guala<\/td>\n<\/tr>\n<tr>\n<td class=\"tg-b7b8\">Capacidad:<\/td>\n<td class=\"tg-b7b8\">700 ml<\/td>\n<\/tr>\n<tr>\n<td class=\"tg-yw4l\">Caracter\u00edstica:<\/td>\n<td class=\"tg-yw4l\">Ecol\u00f3gico<\/td>\n<\/tr>\n<tr>\n<td class=\"tg-b7b8\">MOQ:<\/td>\n<td class=\"tg-b7b8\">10000 UNIDADES<\/td>\n<\/tr>\n<tr>\n<td class=\"tg-yw4l\">Origen del lugar:<\/td>\n<td class=\"tg-yw4l\">Shandong,China<\/td>\n<\/tr>\n<tr>\n<td class=\"tg-b7b8\">Piezas\/Ctn:<\/td>\n<td class=\"tg-b7b8\">24 unidades<\/td>\n<\/tr>\n<tr>\n<td class=\"tg-yw4l\">Referencia:<\/td>\n<td class=\"tg-yw4l\">RS-2016056<\/td>\n<\/tr>\n<\/tbody>\n<\/table>","protected":false},"featured_media":4297,"comment_status":"closed","ping_status":"closed","template":"","meta":[],"product_cat":[44],"class_list":{"0":"post-4296","1":"product","2":"type-product","3":"status-publish","4":"has-post-thumbnail","6":"product_cat-700ml-liquor-bottle-manufacturer","8":"first","9":"instock","10":"shipping-taxable","11":"product-type-simple"},"yoast_head":"<!-- This site is optimized with the Yoast SEO plugin v22.0 - https:\/\/yoast.com\/wordpress\/plugins\/seo\/ -->\n<title>700ml Spirit Bottles Manufacturers | Round Liquor Bottles Manufacturer<\/title>\n<meta name=\"description\" content=\"Ruisheng, One of the largest Empty Spirit Bottle Manufacturers in China, offer 700ml spirit bottles wholesale to Spirit companies,\" \/>\n<meta name=\"robots\" content=\"index, follow, max-snippet:-1, max-image-preview:large, max-video-preview:-1\" \/>\n<link rel=\"canonical\" href=\"https:\/\/ruishengglassco.com\/es\/producto\/rs049700ml-botellas-de-alcohol-al-por-mayor\" \/>\n<meta property=\"og:locale\" content=\"es_ES\" \/>\n<meta property=\"og:type\" content=\"article\" \/>\n<meta property=\"og:title\" content=\"700ml Spirit Bottles Manufacturers | Round Liquor Bottles Manufacturer\" \/>\n<meta property=\"og:description\" content=\"Ruisheng, One of the largest Empty Spirit Bottle Manufacturers in China, offer 700ml spirit bottles wholesale to Spirit companies,\" \/>\n<meta property=\"og:url\" content=\"https:\/\/ruishengglassco.com\/es\/producto\/rs049700ml-botellas-de-alcohol-al-por-mayor\" \/>\n<meta property=\"article:publisher\" content=\"https:\/\/www.facebook.com\/ruishengglassbottles\" \/>\n<meta property=\"article:modified_time\" content=\"2025-07-17T01:12:43+00:00\" \/>\n<meta property=\"og:image\" content=\"https:\/\/ruishengglassco.com\/wp-content\/uploads\/2025\/03\/RS049-700ml-Spirit-Bottles-Wholesale.webp\" \/>\n\t<meta property=\"og:image:width\" content=\"800\" \/>\n\t<meta property=\"og:image:height\" content=\"800\" \/>\n\t<meta property=\"og:image:type\" content=\"image\/webp\" \/>\n<meta name=\"twitter:card\" content=\"summary_large_image\" \/>\n<meta name=\"twitter:label1\" content=\"Tiempo de lectura\" \/>\n\t<meta name=\"twitter:data1\" content=\"2 minutos\" \/>\n<script type=\"application\/ld+json\" class=\"yoast-schema-graph\">{\"@context\":\"https:\/\/schema.org\",\"@graph\":[{\"@type\":\"WebPage\",\"@id\":\"https:\/\/ruishengglassco.com\/product\/rs049700ml-spirit-bottles-wholesale\",\"url\":\"https:\/\/ruishengglassco.com\/product\/rs049700ml-spirit-bottles-wholesale\",\"name\":\"700ml Spirit Bottles Manufacturers | Round Liquor Bottles Manufacturer\",\"isPartOf\":{\"@id\":\"https:\/\/ruishengglassco.com\/#website\"},\"datePublished\":\"2025-03-15T04:06:25+00:00\",\"dateModified\":\"2025-07-17T01:12:43+00:00\",\"description\":\"Ruisheng, One of the largest Empty Spirit Bottle Manufacturers in China, offer 700ml spirit bottles wholesale to Spirit companies,\",\"breadcrumb\":{\"@id\":\"https:\/\/ruishengglassco.com\/product\/rs049700ml-spirit-bottles-wholesale#breadcrumb\"},\"inLanguage\":\"es\",\"potentialAction\":[{\"@type\":\"ReadAction\",\"target\":[\"https:\/\/ruishengglassco.com\/product\/rs049700ml-spirit-bottles-wholesale\"]}]},{\"@type\":\"BreadcrumbList\",\"@id\":\"https:\/\/ruishengglassco.com\/product\/rs049700ml-spirit-bottles-wholesale#breadcrumb\",\"itemListElement\":[{\"@type\":\"ListItem\",\"position\":1,\"name\":\"Home\",\"item\":\"https:\/\/ruishengglassco.com\/\"},{\"@type\":\"ListItem\",\"position\":2,\"name\":\"Products\",\"item\":\"https:\/\/ruishengglassco.com\/products\"},{\"@type\":\"ListItem\",\"position\":3,\"name\":\"RS049:700ml Spirit Bottles Manufacturers\"}]},{\"@type\":\"WebSite\",\"@id\":\"https:\/\/ruishengglassco.com\/#website\",\"url\":\"https:\/\/ruishengglassco.com\/\",\"name\":\"Ruisheng Glass\",\"description\":\"\",\"publisher\":{\"@id\":\"https:\/\/ruishengglassco.com\/#organization\"},\"potentialAction\":[{\"@type\":\"SearchAction\",\"target\":{\"@type\":\"EntryPoint\",\"urlTemplate\":\"https:\/\/ruishengglassco.com\/?s={search_term_string}\"},\"query-input\":\"required name=search_term_string\"}],\"inLanguage\":\"es\"},{\"@type\":\"Organization\",\"@id\":\"https:\/\/ruishengglassco.com\/#organization\",\"name\":\"Shandong Yuncheng Ruisheng Glass Co., Ltd\",\"url\":\"https:\/\/ruishengglassco.com\/\",\"logo\":{\"@type\":\"ImageObject\",\"inLanguage\":\"es\",\"@id\":\"https:\/\/ruishengglassco.com\/#\/schema\/logo\/image\/\",\"url\":\"https:\/\/ruishengglassco.com\/wp-content\/uploads\/2023\/09\/ruisheng_logo_icon.webp\",\"contentUrl\":\"https:\/\/ruishengglassco.com\/wp-content\/uploads\/2023\/09\/ruisheng_logo_icon.webp\",\"width\":400,\"height\":233,\"caption\":\"Shandong Yuncheng Ruisheng Glass Co., Ltd\"},\"image\":{\"@id\":\"https:\/\/ruishengglassco.com\/#\/schema\/logo\/image\/\"},\"sameAs\":[\"https:\/\/www.facebook.com\/ruishengglassbottles\",\"https:\/\/www.instagram.com\/Ruishengglassbottlewholesales\/\",\"https:\/\/www.youtube.com\/channel\/UCMmbMNGwsL-XrtjfSFLCdVQ\"]}]}<\/script>\n<!-- \/ Yoast SEO plugin. -->","yoast_head_json":{"title":"700ml Spirit Bottles Manufacturers | Round Liquor Bottles Manufacturer","description":"Ruisheng, One of the largest Empty Spirit Bottle Manufacturers in China, offer 700ml spirit bottles wholesale to Spirit companies,","robots":{"index":"index","follow":"follow","max-snippet":"max-snippet:-1","max-image-preview":"max-image-preview:large","max-video-preview":"max-video-preview:-1"},"canonical":"https:\/\/ruishengglassco.com\/es\/producto\/rs049700ml-botellas-de-alcohol-al-por-mayor","og_locale":"es_ES","og_type":"article","og_title":"700ml Spirit Bottles Manufacturers | Round Liquor Bottles Manufacturer","og_description":"Ruisheng, One of the largest Empty Spirit Bottle Manufacturers in China, offer 700ml spirit bottles wholesale to Spirit companies,","og_url":"https:\/\/ruishengglassco.com\/es\/producto\/rs049700ml-botellas-de-alcohol-al-por-mayor","article_publisher":"https:\/\/www.facebook.com\/ruishengglassbottles","article_modified_time":"2025-07-17T01:12:43+00:00","og_image":[{"width":800,"height":800,"url":"https:\/\/ruishengglassco.com\/wp-content\/uploads\/2025\/03\/RS049-700ml-Spirit-Bottles-Wholesale.webp","type":"image\/webp"}],"twitter_card":"summary_large_image","twitter_misc":{"Tiempo de lectura":"2 minutos"},"schema":{"@context":"https:\/\/schema.org","@graph":[{"@type":"WebPage","@id":"https:\/\/ruishengglassco.com\/product\/rs049700ml-spirit-bottles-wholesale","url":"https:\/\/ruishengglassco.com\/product\/rs049700ml-spirit-bottles-wholesale","name":"700ml Spirit Bottles Manufacturers | Round Liquor Bottles Manufacturer","isPartOf":{"@id":"https:\/\/ruishengglassco.com\/#website"},"datePublished":"2025-03-15T04:06:25+00:00","dateModified":"2025-07-17T01:12:43+00:00","description":"Ruisheng, One of the largest Empty Spirit Bottle Manufacturers in China, offer 700ml spirit bottles wholesale to Spirit companies,","breadcrumb":{"@id":"https:\/\/ruishengglassco.com\/product\/rs049700ml-spirit-bottles-wholesale#breadcrumb"},"inLanguage":"es","potentialAction":[{"@type":"ReadAction","target":["https:\/\/ruishengglassco.com\/product\/rs049700ml-spirit-bottles-wholesale"]}]},{"@type":"BreadcrumbList","@id":"https:\/\/ruishengglassco.com\/product\/rs049700ml-spirit-bottles-wholesale#breadcrumb","itemListElement":[{"@type":"ListItem","position":1,"name":"Home","item":"https:\/\/ruishengglassco.com\/"},{"@type":"ListItem","position":2,"name":"Products","item":"https:\/\/ruishengglassco.com\/products"},{"@type":"ListItem","position":3,"name":"RS049:700ml Spirit Bottles Manufacturers"}]},{"@type":"WebSite","@id":"https:\/\/ruishengglassco.com\/#website","url":"https:\/\/ruishengglassco.com\/","name":"Ruisheng Glass","description":"","publisher":{"@id":"https:\/\/ruishengglassco.com\/#organization"},"potentialAction":[{"@type":"SearchAction","target":{"@type":"EntryPoint","urlTemplate":"https:\/\/ruishengglassco.com\/?s={search_term_string}"},"query-input":"required name=search_term_string"}],"inLanguage":"es"},{"@type":"Organization","@id":"https:\/\/ruishengglassco.com\/#organization","name":"Shandong Yuncheng Ruisheng Glass Co., Ltd","url":"https:\/\/ruishengglassco.com\/","logo":{"@type":"ImageObject","inLanguage":"es","@id":"https:\/\/ruishengglassco.com\/#\/schema\/logo\/image\/","url":"https:\/\/ruishengglassco.com\/wp-content\/uploads\/2023\/09\/ruisheng_logo_icon.webp","contentUrl":"https:\/\/ruishengglassco.com\/wp-content\/uploads\/2023\/09\/ruisheng_logo_icon.webp","width":400,"height":233,"caption":"Shandong Yuncheng Ruisheng Glass Co., Ltd"},"image":{"@id":"https:\/\/ruishengglassco.com\/#\/schema\/logo\/image\/"},"sameAs":["https:\/\/www.facebook.com\/ruishengglassbottles","https:\/\/www.instagram.com\/Ruishengglassbottlewholesales\/","https:\/\/www.youtube.com\/channel\/UCMmbMNGwsL-XrtjfSFLCdVQ"]}]}},"_links":{"self":[{"href":"https:\/\/ruishengglassco.com\/es\/wp-json\/wp\/v2\/product\/4296","targetHints":{"allow":["GET"]}}],"collection":[{"href":"https:\/\/ruishengglassco.com\/es\/wp-json\/wp\/v2\/product"}],"about":[{"href":"https:\/\/ruishengglassco.com\/es\/wp-json\/wp\/v2\/types\/product"}],"replies":[{"embeddable":true,"href":"https:\/\/ruishengglassco.com\/es\/wp-json\/wp\/v2\/comments?post=4296"}],"wp:featuredmedia":[{"embeddable":true,"href":"https:\/\/ruishengglassco.com\/es\/wp-json\/wp\/v2\/media\/4297"}],"wp:attachment":[{"href":"https:\/\/ruishengglassco.com\/es\/wp-json\/wp\/v2\/media?parent=4296"}],"wp:term":[{"taxonomy":"product_cat","embeddable":true,"href":"https:\/\/ruishengglassco.com\/es\/wp-json\/wp\/v2\/product_cat?post=4296"}],"curies":[{"name":"wp","href":"https:\/\/api.w.org\/{rel}","templated":true}]}}