{"id":4294,"date":"2025-03-15T12:04:20","date_gmt":"2025-03-15T04:04:20","guid":{"rendered":"https:\/\/ruishengglassco.com\/?post_type=product&#038;p=4294"},"modified":"2025-09-11T16:10:53","modified_gmt":"2025-09-11T08:10:53","slug":"rs050-personalizado-boston-redondo-375ml-botellas-de-vino-vodka-brandy","status":"publish","type":"product","link":"https:\/\/ruishengglassco.com\/es\/producto\/rs050-personalizado-boston-redondo-375ml-botellas-de-vino-vodka-brandy","title":{"rendered":"RS050: Botellas Boston redondas de 375ml personalizadas para vino\/vodka\/randy"},"content":{"rendered":"<p><span data-preserver-spaces=\"true\">Las botellas de vidrio redondas Boston personalizadas se encuentran entre nuestras botellas de vidrio m\u00e1s vendidas. Esta salida de f\u00e1brica vende botellas de vidrio de 375 ml a muchos pa\u00edses y regiones, incluyendo Australia, Am\u00e9rica, Europa y Nueva Zelanda, entre otros.\u00a0 <\/span><span data-preserver-spaces=\"true\">Esta botella de vidrio redonda Boston vac\u00eda puede utilizarse<\/span><span data-preserver-spaces=\"true\"> para contener vino, vodka, brandy, ginebra, ron y otros l\u00edquidos.<\/span><\/p>\n<p><span data-preserver-spaces=\"true\">Nuestras botellas de vidrio de 375 ml est\u00e1n disponibles para la venta al por mayor con una tapa de bar\/acabado de corcho. Esta botella de vidrio en venta es una botella de vino tradicional de estilo n\u00f3rdico, con una forma sencilla y redonda ideal para el etiquetado. <\/span><span data-preserver-spaces=\"true\">Producimos estas botellas de vidrio cil\u00edndricas para <\/span><span data-preserver-spaces=\"true\">muchos<\/span><span data-preserver-spaces=\"true\"> empresas de destilaci\u00f3n de <\/span><span data-preserver-spaces=\"true\">por todas partes<\/span><span data-preserver-spaces=\"true\"> el mundo.<\/span><span data-preserver-spaces=\"true\"> Ofrecemos un tap\u00f3n de 19,5 mm, ajustado por fricci\u00f3n a la botella de vino de cristal. El peso de esta botella es de 420 g. El peso pesado cuenta con una base gruesa y promueve un elemento de primera calidad.<\/span><\/p>\n<h2><span data-preserver-spaces=\"true\">Los detalles de las botellas de vino de vidrio de 375 ml<\/span><\/h2>\n<p><span data-preserver-spaces=\"true\">El material de estas botellas de vidrio para vino es vidrio de alto pedernal, que es el material de grado superior para botellas de vidrio.<\/span><\/p>\n<p><span data-preserver-spaces=\"true\">El licor vac\u00edo <\/span><span data-preserver-spaces=\"true\">di\u00e1metro de la botella<\/span><span data-preserver-spaces=\"true\"> es de 75 mm y la altura de la botella es de 175 mm.<\/span><span data-preserver-spaces=\"true\"> El acabado del cuello es de corcho. Y podemos cambiar su acabado de cuello para ser un tap\u00f3n de rosca si lo necesita.<\/span><\/p>\n<p><span data-preserver-spaces=\"true\">En cuanto al m\u00e9todo de envasado de estas botellas de vidrio a granel de 375 ml, tenemos tres opciones. La primera forma es el embalaje de cart\u00f3n. Por lo general, utilizamos una caja de cart\u00f3n est\u00e1ndar de exportaci\u00f3n para empacar esta botella, que <\/span><span data-preserver-spaces=\"true\">es <\/span><span data-preserver-spaces=\"true\">hecho<\/span><span data-preserver-spaces=\"true\"> de<\/span><span data-preserver-spaces=\"true\"> papel ondulado de cinco capas. En este cart\u00f3n, simplemente escribimos el nombre, la capacidad y el n\u00famero de botellas de la botella de vidrio. <\/span><span data-preserver-spaces=\"true\">Si desea <\/span><span data-preserver-spaces=\"true\">haz tu<\/span><span data-preserver-spaces=\"true\"> caja de color personalizada, tambi\u00e9n podemos <\/span><span data-preserver-spaces=\"true\">escriba a<\/span><span data-preserver-spaces=\"true\"> eso.<\/span><\/p>\n<p><span data-preserver-spaces=\"true\">La segunda forma de embalaje para estas botellas de vidrio es el pal\u00e9. Nuestro pal\u00e9 no necesita fumigaci\u00f3n. Esta forma es <\/span><span data-preserver-spaces=\"true\">muy f\u00e1cil<\/span><span data-preserver-spaces=\"true\"> llevar las botellas de cristal y ahorrar mucho tiempo.<\/span><\/p>\n<p><span data-preserver-spaces=\"true\">La \u00faltima forma de envasado de estas botellas es una combinaci\u00f3n de la primera y la segunda. <\/span><span data-preserver-spaces=\"true\">Es el m\u00e1s seguro <\/span><span data-preserver-spaces=\"true\">camino<\/span><span data-preserver-spaces=\"true\"> para <\/span><span data-preserver-spaces=\"true\">envasado de botellas de vidrio<\/span><span data-preserver-spaces=\"true\">.<\/span><\/p>\n<p><span data-preserver-spaces=\"true\">Si le interesa <\/span><span data-preserver-spaces=\"true\">comprar<\/span><span data-preserver-spaces=\"true\"> Boston Botellas de vidrio redondo al por mayor 375ml, por favor deje un mensaje aqu\u00ed para <\/span><span data-preserver-spaces=\"true\">consiga<\/span><span data-preserver-spaces=\"true\"> los detalles.<\/span><\/p>","protected":false},"excerpt":{"rendered":"<table class=\"tg\">\n<tbody>\n<tr>\n<th class=\"tg-24i8\" colspan=\"2\">Botellas de vidrio redondas Boston de 375 ml personalizadas al por mayor<\/th>\n<\/tr>\n<tr>\n<td class=\"tg-b7b8\">Referencia:<\/td>\n<td class=\"tg-b7b8\">RS050<\/td>\n<\/tr>\n<tr>\n<td class=\"tg-yw4l\">Material principal:<\/td>\n<td class=\"tg-yw4l\">Vidrio de alto s\u00edlex ( este material tambi\u00e9n se denomina vidrio blanco cristalino )<\/td>\n<\/tr>\n<tr>\n<td class=\"tg-b7b8\">Cap:<\/td>\n<td class=\"tg-b7b8\">Gorra de corcho<\/td>\n<\/tr>\n<tr>\n<td class=\"tg-yw4l\">Capacidad:<\/td>\n<td class=\"tg-yw4l\">375 ml<\/td>\n<\/tr>\n<tr>\n<td class=\"tg-b7b8\">Caracter\u00edstica:<\/td>\n<td class=\"tg-b7b8\">Ecol\u00f3gico<\/td>\n<\/tr>\n<tr>\n<td class=\"tg-yw4l\">MOQ:<\/td>\n<td class=\"tg-yw4l\">10000 UNIDADES<\/td>\n<\/tr>\n<tr>\n<td class=\"tg-b7b8\">Manera de embalar:<\/td>\n<td class=\"tg-b7b8\">Cart\u00f3n est\u00e1ndar para exportaci\u00f3n \/ Pal\u00e9 \/ cart\u00f3n est\u00e1ndar para exportaci\u00f3n y pal\u00e9<\/td>\n<\/tr>\n<tr>\n<td class=\"tg-yw4l\">OEM\/ODM:<\/td>\n<td class=\"tg-yw4l\">Bienvenido<\/td>\n<\/tr>\n<tr>\n<td class=\"tg-b7b8\">Origen del lugar:<\/td>\n<td class=\"tg-b7b8\">Shandong,China<\/td>\n<\/tr>\n<tr>\n<td class=\"tg-yw4l\">Piezas\/Ctn:<\/td>\n<td class=\"tg-yw4l\">24 unidades o seg\u00fan las necesidades del cliente<\/td>\n<\/tr>\n<\/tbody>\n<\/table>","protected":false},"featured_media":4295,"comment_status":"closed","ping_status":"closed","template":"","meta":[],"product_cat":[55,58,52],"class_list":{"0":"post-4294","1":"product","2":"type-product","3":"status-publish","4":"has-post-thumbnail","6":"product_cat-375ml-liquor-bottle-manufacturer","7":"product_cat-brandy-bottle","8":"product_cat-vodka-bottle","10":"first","11":"instock","12":"shipping-taxable","13":"product-type-simple"},"yoast_head":"<!-- This site is optimized with the Yoast SEO plugin v22.0 - https:\/\/yoast.com\/wordpress\/plugins\/seo\/ -->\n<title>Boston Round Glass Bottles Manufacturers | Bulk Glass Flask Bottles<\/title>\n<meta name=\"description\" content=\"Buy Boston Round Glass Bottles Wholesale Always in Lowest Price! 50ml, 250ml, 750ml, 1000ml(from 2 oz to 32 oz) Glass Flask Bottles For Wine\/Vodka\/Brandy\" \/>\n<meta name=\"robots\" content=\"index, follow, max-snippet:-1, max-image-preview:large, max-video-preview:-1\" \/>\n<link rel=\"canonical\" href=\"https:\/\/ruishengglassco.com\/es\/producto\/rs050-personalizado-boston-redondo-375ml-botellas-de-vino-vodka-brandy\" \/>\n<meta property=\"og:locale\" content=\"es_ES\" \/>\n<meta property=\"og:type\" content=\"article\" \/>\n<meta property=\"og:title\" content=\"Boston Round Glass Bottles Manufacturers | Bulk Glass Flask Bottles\" \/>\n<meta property=\"og:description\" content=\"Buy Boston Round Glass Bottles Wholesale Always in Lowest Price! 50ml, 250ml, 750ml, 1000ml(from 2 oz to 32 oz) Glass Flask Bottles For Wine\/Vodka\/Brandy\" \/>\n<meta property=\"og:url\" content=\"https:\/\/ruishengglassco.com\/es\/producto\/rs050-personalizado-boston-redondo-375ml-botellas-de-vino-vodka-brandy\" \/>\n<meta property=\"article:publisher\" content=\"https:\/\/www.facebook.com\/ruishengglassbottles\" \/>\n<meta property=\"article:modified_time\" content=\"2025-09-11T08:10:53+00:00\" \/>\n<meta property=\"og:image\" content=\"https:\/\/ruishengglassco.com\/wp-content\/uploads\/2025\/03\/RS050-Customized-Boston-Round-375ml-Bottles-Wholesale-For-Wine-Vodka-Brandy.webp\" \/>\n\t<meta property=\"og:image:width\" content=\"800\" \/>\n\t<meta property=\"og:image:height\" content=\"800\" \/>\n\t<meta property=\"og:image:type\" content=\"image\/webp\" \/>\n<meta name=\"twitter:card\" content=\"summary_large_image\" \/>\n<meta name=\"twitter:label1\" content=\"Tiempo de lectura\" \/>\n\t<meta name=\"twitter:data1\" content=\"2 minutos\" \/>\n<script type=\"application\/ld+json\" class=\"yoast-schema-graph\">{\"@context\":\"https:\/\/schema.org\",\"@graph\":[{\"@type\":\"WebPage\",\"@id\":\"https:\/\/ruishengglassco.com\/product\/rs050-customized-boston-round-375ml-bottles-for-wine-vodka-brandy\",\"url\":\"https:\/\/ruishengglassco.com\/product\/rs050-customized-boston-round-375ml-bottles-for-wine-vodka-brandy\",\"name\":\"Boston Round Glass Bottles Manufacturers | Bulk Glass Flask Bottles\",\"isPartOf\":{\"@id\":\"https:\/\/ruishengglassco.com\/#website\"},\"datePublished\":\"2025-03-15T04:04:20+00:00\",\"dateModified\":\"2025-09-11T08:10:53+00:00\",\"description\":\"Buy Boston Round Glass Bottles Wholesale Always in Lowest Price! 50ml, 250ml, 750ml, 1000ml(from 2 oz to 32 oz) Glass Flask Bottles For Wine\/Vodka\/Brandy\",\"breadcrumb\":{\"@id\":\"https:\/\/ruishengglassco.com\/product\/rs050-customized-boston-round-375ml-bottles-for-wine-vodka-brandy#breadcrumb\"},\"inLanguage\":\"es\",\"potentialAction\":[{\"@type\":\"ReadAction\",\"target\":[\"https:\/\/ruishengglassco.com\/product\/rs050-customized-boston-round-375ml-bottles-for-wine-vodka-brandy\"]}]},{\"@type\":\"BreadcrumbList\",\"@id\":\"https:\/\/ruishengglassco.com\/product\/rs050-customized-boston-round-375ml-bottles-for-wine-vodka-brandy#breadcrumb\",\"itemListElement\":[{\"@type\":\"ListItem\",\"position\":1,\"name\":\"Home\",\"item\":\"https:\/\/ruishengglassco.com\/\"},{\"@type\":\"ListItem\",\"position\":2,\"name\":\"Products\",\"item\":\"https:\/\/ruishengglassco.com\/products\"},{\"@type\":\"ListItem\",\"position\":3,\"name\":\"RS050: Customized Boston Round 375ml Bottles For Wine\/Vodka\/Brandy\"}]},{\"@type\":\"WebSite\",\"@id\":\"https:\/\/ruishengglassco.com\/#website\",\"url\":\"https:\/\/ruishengglassco.com\/\",\"name\":\"Ruisheng Glass\",\"description\":\"\",\"publisher\":{\"@id\":\"https:\/\/ruishengglassco.com\/#organization\"},\"potentialAction\":[{\"@type\":\"SearchAction\",\"target\":{\"@type\":\"EntryPoint\",\"urlTemplate\":\"https:\/\/ruishengglassco.com\/?s={search_term_string}\"},\"query-input\":\"required name=search_term_string\"}],\"inLanguage\":\"es\"},{\"@type\":\"Organization\",\"@id\":\"https:\/\/ruishengglassco.com\/#organization\",\"name\":\"Shandong Yuncheng Ruisheng Glass Co., Ltd\",\"url\":\"https:\/\/ruishengglassco.com\/\",\"logo\":{\"@type\":\"ImageObject\",\"inLanguage\":\"es\",\"@id\":\"https:\/\/ruishengglassco.com\/#\/schema\/logo\/image\/\",\"url\":\"https:\/\/ruishengglassco.com\/wp-content\/uploads\/2023\/09\/ruisheng_logo_icon.webp\",\"contentUrl\":\"https:\/\/ruishengglassco.com\/wp-content\/uploads\/2023\/09\/ruisheng_logo_icon.webp\",\"width\":400,\"height\":233,\"caption\":\"Shandong Yuncheng Ruisheng Glass Co., Ltd\"},\"image\":{\"@id\":\"https:\/\/ruishengglassco.com\/#\/schema\/logo\/image\/\"},\"sameAs\":[\"https:\/\/www.facebook.com\/ruishengglassbottles\",\"https:\/\/www.instagram.com\/Ruishengglassbottlewholesales\/\",\"https:\/\/www.youtube.com\/channel\/UCMmbMNGwsL-XrtjfSFLCdVQ\"]}]}<\/script>\n<!-- \/ Yoast SEO plugin. -->","yoast_head_json":{"title":"Boston Round Glass Bottles Manufacturers | Bulk Glass Flask Bottles","description":"Buy Boston Round Glass Bottles Wholesale Always in Lowest Price! 50ml, 250ml, 750ml, 1000ml(from 2 oz to 32 oz) Glass Flask Bottles For Wine\/Vodka\/Brandy","robots":{"index":"index","follow":"follow","max-snippet":"max-snippet:-1","max-image-preview":"max-image-preview:large","max-video-preview":"max-video-preview:-1"},"canonical":"https:\/\/ruishengglassco.com\/es\/producto\/rs050-personalizado-boston-redondo-375ml-botellas-de-vino-vodka-brandy","og_locale":"es_ES","og_type":"article","og_title":"Boston Round Glass Bottles Manufacturers | Bulk Glass Flask Bottles","og_description":"Buy Boston Round Glass Bottles Wholesale Always in Lowest Price! 50ml, 250ml, 750ml, 1000ml(from 2 oz to 32 oz) Glass Flask Bottles For Wine\/Vodka\/Brandy","og_url":"https:\/\/ruishengglassco.com\/es\/producto\/rs050-personalizado-boston-redondo-375ml-botellas-de-vino-vodka-brandy","article_publisher":"https:\/\/www.facebook.com\/ruishengglassbottles","article_modified_time":"2025-09-11T08:10:53+00:00","og_image":[{"width":800,"height":800,"url":"https:\/\/ruishengglassco.com\/wp-content\/uploads\/2025\/03\/RS050-Customized-Boston-Round-375ml-Bottles-Wholesale-For-Wine-Vodka-Brandy.webp","type":"image\/webp"}],"twitter_card":"summary_large_image","twitter_misc":{"Tiempo de lectura":"2 minutos"},"schema":{"@context":"https:\/\/schema.org","@graph":[{"@type":"WebPage","@id":"https:\/\/ruishengglassco.com\/product\/rs050-customized-boston-round-375ml-bottles-for-wine-vodka-brandy","url":"https:\/\/ruishengglassco.com\/product\/rs050-customized-boston-round-375ml-bottles-for-wine-vodka-brandy","name":"Boston Round Glass Bottles Manufacturers | Bulk Glass Flask Bottles","isPartOf":{"@id":"https:\/\/ruishengglassco.com\/#website"},"datePublished":"2025-03-15T04:04:20+00:00","dateModified":"2025-09-11T08:10:53+00:00","description":"Buy Boston Round Glass Bottles Wholesale Always in Lowest Price! 50ml, 250ml, 750ml, 1000ml(from 2 oz to 32 oz) Glass Flask Bottles For Wine\/Vodka\/Brandy","breadcrumb":{"@id":"https:\/\/ruishengglassco.com\/product\/rs050-customized-boston-round-375ml-bottles-for-wine-vodka-brandy#breadcrumb"},"inLanguage":"es","potentialAction":[{"@type":"ReadAction","target":["https:\/\/ruishengglassco.com\/product\/rs050-customized-boston-round-375ml-bottles-for-wine-vodka-brandy"]}]},{"@type":"BreadcrumbList","@id":"https:\/\/ruishengglassco.com\/product\/rs050-customized-boston-round-375ml-bottles-for-wine-vodka-brandy#breadcrumb","itemListElement":[{"@type":"ListItem","position":1,"name":"Home","item":"https:\/\/ruishengglassco.com\/"},{"@type":"ListItem","position":2,"name":"Products","item":"https:\/\/ruishengglassco.com\/products"},{"@type":"ListItem","position":3,"name":"RS050: Customized Boston Round 375ml Bottles For Wine\/Vodka\/Brandy"}]},{"@type":"WebSite","@id":"https:\/\/ruishengglassco.com\/#website","url":"https:\/\/ruishengglassco.com\/","name":"Ruisheng Glass","description":"","publisher":{"@id":"https:\/\/ruishengglassco.com\/#organization"},"potentialAction":[{"@type":"SearchAction","target":{"@type":"EntryPoint","urlTemplate":"https:\/\/ruishengglassco.com\/?s={search_term_string}"},"query-input":"required name=search_term_string"}],"inLanguage":"es"},{"@type":"Organization","@id":"https:\/\/ruishengglassco.com\/#organization","name":"Shandong Yuncheng Ruisheng Glass Co., Ltd","url":"https:\/\/ruishengglassco.com\/","logo":{"@type":"ImageObject","inLanguage":"es","@id":"https:\/\/ruishengglassco.com\/#\/schema\/logo\/image\/","url":"https:\/\/ruishengglassco.com\/wp-content\/uploads\/2023\/09\/ruisheng_logo_icon.webp","contentUrl":"https:\/\/ruishengglassco.com\/wp-content\/uploads\/2023\/09\/ruisheng_logo_icon.webp","width":400,"height":233,"caption":"Shandong Yuncheng Ruisheng Glass Co., Ltd"},"image":{"@id":"https:\/\/ruishengglassco.com\/#\/schema\/logo\/image\/"},"sameAs":["https:\/\/www.facebook.com\/ruishengglassbottles","https:\/\/www.instagram.com\/Ruishengglassbottlewholesales\/","https:\/\/www.youtube.com\/channel\/UCMmbMNGwsL-XrtjfSFLCdVQ"]}]}},"_links":{"self":[{"href":"https:\/\/ruishengglassco.com\/es\/wp-json\/wp\/v2\/product\/4294","targetHints":{"allow":["GET"]}}],"collection":[{"href":"https:\/\/ruishengglassco.com\/es\/wp-json\/wp\/v2\/product"}],"about":[{"href":"https:\/\/ruishengglassco.com\/es\/wp-json\/wp\/v2\/types\/product"}],"replies":[{"embeddable":true,"href":"https:\/\/ruishengglassco.com\/es\/wp-json\/wp\/v2\/comments?post=4294"}],"wp:featuredmedia":[{"embeddable":true,"href":"https:\/\/ruishengglassco.com\/es\/wp-json\/wp\/v2\/media\/4295"}],"wp:attachment":[{"href":"https:\/\/ruishengglassco.com\/es\/wp-json\/wp\/v2\/media?parent=4294"}],"wp:term":[{"taxonomy":"product_cat","embeddable":true,"href":"https:\/\/ruishengglassco.com\/es\/wp-json\/wp\/v2\/product_cat?post=4294"}],"curies":[{"name":"wp","href":"https:\/\/api.w.org\/{rel}","templated":true}]}}