{"id":4284,"date":"2025-03-15T11:43:44","date_gmt":"2025-03-15T03:43:44","guid":{"rendered":"https:\/\/ruishengglassco.com\/?post_type=product&#038;p=4284"},"modified":"2025-07-17T14:23:50","modified_gmt":"2025-07-17T06:23:50","slug":"rs056-750ml-botella-de-vidrio-personalizada-empresa-mayorista","status":"publish","type":"product","link":"https:\/\/ruishengglassco.com\/es\/producto\/rs056-750ml-botella-de-vidrio-personalizada-empresa-mayorista","title":{"rendered":"RS056: Fabricantes de botellas de vidrio personalizadas de 750 ml"},"content":{"rendered":"<p>Estas botellas de vidrio personalizadas de 750 ml al por mayor son nuestras \u00faltimas botellas especiales. Y podemos imprimir su logotipo en ella, o mezclar colores como desee. La superficie de esta botella de vidrio para licor de 750ml tiene un patr\u00f3n tallado. Por lo que es muy popular entre los consumidores.<\/p>\n<p>Nuestra f\u00e1brica cuenta con un equipo de operaci\u00f3n integral que trabaja en conjunto de manera efectiva, lo que nos permite producir botellas de vidrio para bebidas r\u00e1pidamente. Adem\u00e1s, tenemos un servicio post-venta de primera clase, y podemos responder a cualquier pregunta que pueda tener.<\/p>\n<p>Estas botellas de vidrio personalizadas de 750 ml en venta tienen tap\u00f3n; pueden utilizar tapones de madera o de otro material. Si desea otro cuello de botella, tambi\u00e9n podemos cambiarlo.<\/p>\n<h2>Botellas de vidrio personalizadas de 750 ml Fabricantes<\/h2>\n<p>La informaci\u00f3n sobre la botella de vidrio es la siguiente:<\/p>\n<ul>\n<li>Material principal: vidrio de alto s\u00edlex<\/li>\n<li>Tap\u00f3n: tap\u00f3n de rosca<\/li>\n<li>Referencia: RS056<\/li>\n<li>MOQ: 10000 PCS<\/li>\n<li>Capacidad: 750 ml<\/li>\n<li>Pzs\/Ctn: 24pzs<\/li>\n<li>Origen del lugar: Shandong, China<\/li>\n<li>Caracter\u00edstica: Ecol\u00f3gico<\/li>\n<\/ul>\n<p>Podemos producir una mayor capacidad para esta botella de vidrio personalizada para licor, como 500ml, 550ml, 700ml y 1000ml. Podemos hacerlo. Podemos cambiar la botella de acuerdo a sus requerimientos.<\/p>\n<p>Nuestra empresa puede realizar un procesamiento en profundidad de esta botella, incluyendo la aplicaci\u00f3n de calcoman\u00edas, impresi\u00f3n y glaseado. Nuestras botellas de vidrio para licor de 750ml para la venta se embalan de la manera est\u00e1ndar. Y las botellas no se rompen f\u00e1cilmente en tr\u00e1nsito, porque nuestras botellas se miden antes del env\u00edo. Nuestra empresa siempre da prioridad a la calidad. Tenemos una buena reputaci\u00f3n en la industria de la botella, y muchos clientes vienen a nosotros para las botellas.<\/p>\n<p>Tambi\u00e9n podemos aceptar botellas personalizadas. Si puede proporcionarnos un dibujo de la botella de vidrio, podemos crear la misma.<\/p>\n<p>Pueden confiar en nosotros y nos dan mucha seguridad. Si quieres venir a hacer botellas, siempre somos bienvenidos.<\/p>\n<p>Damos una calurosa bienvenida a los clientes de todo el mundo a venir a nuestra f\u00e1brica para una visita y la cooperaci\u00f3n.<\/p>\n<p>Si est\u00e1 interesado en alguno de nuestros productos, no dude en ponerse en contacto con nosotros para obtener m\u00e1s informaci\u00f3n. Responderemos a los detalles que desee conocer. Espero que pueda gustarle esta botella de vidrio y hacer un pedido.<\/p>","protected":false},"excerpt":{"rendered":"<p data-block-id=\"6f9d5f50-4787-4b8f-b52e-4e5b0f1df3bf\" data-pm-slice=\"1 3 []\">La botella de cristal de 750 ml de la serie Rs-019 presenta un exclusivo dise\u00f1o de protuberancias. Este dise\u00f1o ayuda a decorar la botella y aumenta el agarre. Est\u00e1 especialmente hecha para envasar whisky, vodka, brandy y otras bebidas alcoh\u00f3licas. Vidrio transparente de aspecto cristalino con un patr\u00f3n que refleja la luz.<\/p>\n<p data-block-id=\"be2fbf11-bd17-4094-960f-707f644c407d\">Botella de vidrio personalizada para el envasado de bebidas espirituosas:<\/p>\n<ul data-block-id=\"33c66e36-3d6c-4b87-8b23-c9e6e4da4634\">\n<li>\n<p data-block-id=\"1bdf760f-86a3-4832-956f-1e5f983850cf\">Art\u00edculo: RS056<\/p>\n<\/li>\n<li>\n<p data-block-id=\"ae440700-790a-403f-99db-c5147c2b3b42\">Servicio OEM\/ODM para botella de licor de vidrio de 750ml al por mayor<\/p>\n<\/li>\n<li>\n<p data-block-id=\"806ffc93-ff88-4259-904f-8c002926599d\">Tap\u00f3n: A rosca o a medida<\/p>\n<\/li>\n<li>\n<p data-block-id=\"2939f365-afa8-412b-a431-193771b80a26\">Peso: 680 g<\/p>\n<\/li>\n<li>\n<p data-block-id=\"ec2b6684-91e1-4959-8fd2-3de2efc0c370\">Altura de la botella: 225 mm<\/p>\n<\/li>\n<li>\n<p data-block-id=\"204e59bf-124c-42ef-9a06-31622f7068d8\">Anchura de la botella: 100 mm<\/p>\n<\/li>\n<\/ul>","protected":false},"featured_media":4285,"comment_status":"closed","ping_status":"closed","template":"","meta":[],"product_cat":[40,45],"class_list":{"0":"post-4284","1":"product","2":"type-product","3":"status-publish","4":"has-post-thumbnail","6":"product_cat-750ml-liquor-bottle-manufacturer","7":"product_cat-custom-glass-bottle","9":"first","10":"instock","11":"shipping-taxable","12":"product-type-simple"},"yoast_head":"<!-- This site is optimized with the Yoast SEO plugin v22.0 - https:\/\/yoast.com\/wordpress\/plugins\/seo\/ -->\n<title>Custom Glass Bottles Manufacturers | Bulk Alcohol Bottles Factory Outlet<\/title>\n<meta name=\"description\" content=\"Want to buy bulk alcohol bottles at a factory outlet? Top China Liquor Bottle Manufacturers, Provide Custom Glass Bottles Manufacturers Service Here.\" \/>\n<meta name=\"robots\" content=\"index, follow, max-snippet:-1, max-image-preview:large, max-video-preview:-1\" \/>\n<link rel=\"canonical\" href=\"https:\/\/ruishengglassco.com\/es\/producto\/rs056-750ml-botella-de-vidrio-personalizada-empresa-mayorista\" \/>\n<meta property=\"og:locale\" content=\"es_ES\" \/>\n<meta property=\"og:type\" content=\"article\" \/>\n<meta property=\"og:title\" content=\"Custom Glass Bottles Manufacturers | Bulk Alcohol Bottles Factory Outlet\" \/>\n<meta property=\"og:description\" content=\"Want to buy bulk alcohol bottles at a factory outlet? Top China Liquor Bottle Manufacturers, Provide Custom Glass Bottles Manufacturers Service Here.\" \/>\n<meta property=\"og:url\" content=\"https:\/\/ruishengglassco.com\/es\/producto\/rs056-750ml-botella-de-vidrio-personalizada-empresa-mayorista\" \/>\n<meta property=\"article:publisher\" content=\"https:\/\/www.facebook.com\/ruishengglassbottles\" \/>\n<meta property=\"article:modified_time\" content=\"2025-07-17T06:23:50+00:00\" \/>\n<meta property=\"og:image\" content=\"https:\/\/ruishengglassco.com\/wp-content\/uploads\/2025\/03\/RS056-750ml-Custom-Glass-Bottle-Wholesale-Company.webp\" \/>\n\t<meta property=\"og:image:width\" content=\"800\" \/>\n\t<meta property=\"og:image:height\" content=\"800\" \/>\n\t<meta property=\"og:image:type\" content=\"image\/webp\" \/>\n<meta name=\"twitter:card\" content=\"summary_large_image\" \/>\n<meta name=\"twitter:label1\" content=\"Tiempo de lectura\" \/>\n\t<meta name=\"twitter:data1\" content=\"2 minutos\" \/>\n<script type=\"application\/ld+json\" class=\"yoast-schema-graph\">{\"@context\":\"https:\/\/schema.org\",\"@graph\":[{\"@type\":\"WebPage\",\"@id\":\"https:\/\/ruishengglassco.com\/product\/rs056-750ml-custom-glass-bottle-manufacturers\",\"url\":\"https:\/\/ruishengglassco.com\/product\/rs056-750ml-custom-glass-bottle-manufacturers\",\"name\":\"Custom Glass Bottles Manufacturers | Bulk Alcohol Bottles Factory Outlet\",\"isPartOf\":{\"@id\":\"https:\/\/ruishengglassco.com\/#website\"},\"datePublished\":\"2025-03-15T03:43:44+00:00\",\"dateModified\":\"2025-07-17T06:23:50+00:00\",\"description\":\"Want to buy bulk alcohol bottles at a factory outlet? Top China Liquor Bottle Manufacturers, Provide Custom Glass Bottles Manufacturers Service Here.\",\"breadcrumb\":{\"@id\":\"https:\/\/ruishengglassco.com\/product\/rs056-750ml-custom-glass-bottle-manufacturers#breadcrumb\"},\"inLanguage\":\"es\",\"potentialAction\":[{\"@type\":\"ReadAction\",\"target\":[\"https:\/\/ruishengglassco.com\/product\/rs056-750ml-custom-glass-bottle-manufacturers\"]}]},{\"@type\":\"BreadcrumbList\",\"@id\":\"https:\/\/ruishengglassco.com\/product\/rs056-750ml-custom-glass-bottle-manufacturers#breadcrumb\",\"itemListElement\":[{\"@type\":\"ListItem\",\"position\":1,\"name\":\"Home\",\"item\":\"https:\/\/ruishengglassco.com\/\"},{\"@type\":\"ListItem\",\"position\":2,\"name\":\"Products\",\"item\":\"https:\/\/ruishengglassco.com\/products\"},{\"@type\":\"ListItem\",\"position\":3,\"name\":\"RS056: 750ml Custom Glass Bottle Manufacturers\"}]},{\"@type\":\"WebSite\",\"@id\":\"https:\/\/ruishengglassco.com\/#website\",\"url\":\"https:\/\/ruishengglassco.com\/\",\"name\":\"Ruisheng Glass\",\"description\":\"\",\"publisher\":{\"@id\":\"https:\/\/ruishengglassco.com\/#organization\"},\"potentialAction\":[{\"@type\":\"SearchAction\",\"target\":{\"@type\":\"EntryPoint\",\"urlTemplate\":\"https:\/\/ruishengglassco.com\/?s={search_term_string}\"},\"query-input\":\"required name=search_term_string\"}],\"inLanguage\":\"es\"},{\"@type\":\"Organization\",\"@id\":\"https:\/\/ruishengglassco.com\/#organization\",\"name\":\"Shandong Yuncheng Ruisheng Glass Co., Ltd\",\"url\":\"https:\/\/ruishengglassco.com\/\",\"logo\":{\"@type\":\"ImageObject\",\"inLanguage\":\"es\",\"@id\":\"https:\/\/ruishengglassco.com\/#\/schema\/logo\/image\/\",\"url\":\"https:\/\/ruishengglassco.com\/wp-content\/uploads\/2023\/09\/ruisheng_logo_icon.webp\",\"contentUrl\":\"https:\/\/ruishengglassco.com\/wp-content\/uploads\/2023\/09\/ruisheng_logo_icon.webp\",\"width\":400,\"height\":233,\"caption\":\"Shandong Yuncheng Ruisheng Glass Co., Ltd\"},\"image\":{\"@id\":\"https:\/\/ruishengglassco.com\/#\/schema\/logo\/image\/\"},\"sameAs\":[\"https:\/\/www.facebook.com\/ruishengglassbottles\",\"https:\/\/www.instagram.com\/Ruishengglassbottlewholesales\/\",\"https:\/\/www.youtube.com\/channel\/UCMmbMNGwsL-XrtjfSFLCdVQ\"]}]}<\/script>\n<!-- \/ Yoast SEO plugin. -->","yoast_head_json":{"title":"Custom Glass Bottles Manufacturers | Bulk Alcohol Bottles Factory Outlet","description":"Want to buy bulk alcohol bottles at a factory outlet? Top China Liquor Bottle Manufacturers, Provide Custom Glass Bottles Manufacturers Service Here.","robots":{"index":"index","follow":"follow","max-snippet":"max-snippet:-1","max-image-preview":"max-image-preview:large","max-video-preview":"max-video-preview:-1"},"canonical":"https:\/\/ruishengglassco.com\/es\/producto\/rs056-750ml-botella-de-vidrio-personalizada-empresa-mayorista","og_locale":"es_ES","og_type":"article","og_title":"Custom Glass Bottles Manufacturers | Bulk Alcohol Bottles Factory Outlet","og_description":"Want to buy bulk alcohol bottles at a factory outlet? Top China Liquor Bottle Manufacturers, Provide Custom Glass Bottles Manufacturers Service Here.","og_url":"https:\/\/ruishengglassco.com\/es\/producto\/rs056-750ml-botella-de-vidrio-personalizada-empresa-mayorista","article_publisher":"https:\/\/www.facebook.com\/ruishengglassbottles","article_modified_time":"2025-07-17T06:23:50+00:00","og_image":[{"width":800,"height":800,"url":"https:\/\/ruishengglassco.com\/wp-content\/uploads\/2025\/03\/RS056-750ml-Custom-Glass-Bottle-Wholesale-Company.webp","type":"image\/webp"}],"twitter_card":"summary_large_image","twitter_misc":{"Tiempo de lectura":"2 minutos"},"schema":{"@context":"https:\/\/schema.org","@graph":[{"@type":"WebPage","@id":"https:\/\/ruishengglassco.com\/product\/rs056-750ml-custom-glass-bottle-manufacturers","url":"https:\/\/ruishengglassco.com\/product\/rs056-750ml-custom-glass-bottle-manufacturers","name":"Custom Glass Bottles Manufacturers | Bulk Alcohol Bottles Factory Outlet","isPartOf":{"@id":"https:\/\/ruishengglassco.com\/#website"},"datePublished":"2025-03-15T03:43:44+00:00","dateModified":"2025-07-17T06:23:50+00:00","description":"Want to buy bulk alcohol bottles at a factory outlet? Top China Liquor Bottle Manufacturers, Provide Custom Glass Bottles Manufacturers Service Here.","breadcrumb":{"@id":"https:\/\/ruishengglassco.com\/product\/rs056-750ml-custom-glass-bottle-manufacturers#breadcrumb"},"inLanguage":"es","potentialAction":[{"@type":"ReadAction","target":["https:\/\/ruishengglassco.com\/product\/rs056-750ml-custom-glass-bottle-manufacturers"]}]},{"@type":"BreadcrumbList","@id":"https:\/\/ruishengglassco.com\/product\/rs056-750ml-custom-glass-bottle-manufacturers#breadcrumb","itemListElement":[{"@type":"ListItem","position":1,"name":"Home","item":"https:\/\/ruishengglassco.com\/"},{"@type":"ListItem","position":2,"name":"Products","item":"https:\/\/ruishengglassco.com\/products"},{"@type":"ListItem","position":3,"name":"RS056: 750ml Custom Glass Bottle Manufacturers"}]},{"@type":"WebSite","@id":"https:\/\/ruishengglassco.com\/#website","url":"https:\/\/ruishengglassco.com\/","name":"Ruisheng Glass","description":"","publisher":{"@id":"https:\/\/ruishengglassco.com\/#organization"},"potentialAction":[{"@type":"SearchAction","target":{"@type":"EntryPoint","urlTemplate":"https:\/\/ruishengglassco.com\/?s={search_term_string}"},"query-input":"required name=search_term_string"}],"inLanguage":"es"},{"@type":"Organization","@id":"https:\/\/ruishengglassco.com\/#organization","name":"Shandong Yuncheng Ruisheng Glass Co., Ltd","url":"https:\/\/ruishengglassco.com\/","logo":{"@type":"ImageObject","inLanguage":"es","@id":"https:\/\/ruishengglassco.com\/#\/schema\/logo\/image\/","url":"https:\/\/ruishengglassco.com\/wp-content\/uploads\/2023\/09\/ruisheng_logo_icon.webp","contentUrl":"https:\/\/ruishengglassco.com\/wp-content\/uploads\/2023\/09\/ruisheng_logo_icon.webp","width":400,"height":233,"caption":"Shandong Yuncheng Ruisheng Glass Co., Ltd"},"image":{"@id":"https:\/\/ruishengglassco.com\/#\/schema\/logo\/image\/"},"sameAs":["https:\/\/www.facebook.com\/ruishengglassbottles","https:\/\/www.instagram.com\/Ruishengglassbottlewholesales\/","https:\/\/www.youtube.com\/channel\/UCMmbMNGwsL-XrtjfSFLCdVQ"]}]}},"_links":{"self":[{"href":"https:\/\/ruishengglassco.com\/es\/wp-json\/wp\/v2\/product\/4284","targetHints":{"allow":["GET"]}}],"collection":[{"href":"https:\/\/ruishengglassco.com\/es\/wp-json\/wp\/v2\/product"}],"about":[{"href":"https:\/\/ruishengglassco.com\/es\/wp-json\/wp\/v2\/types\/product"}],"replies":[{"embeddable":true,"href":"https:\/\/ruishengglassco.com\/es\/wp-json\/wp\/v2\/comments?post=4284"}],"wp:featuredmedia":[{"embeddable":true,"href":"https:\/\/ruishengglassco.com\/es\/wp-json\/wp\/v2\/media\/4285"}],"wp:attachment":[{"href":"https:\/\/ruishengglassco.com\/es\/wp-json\/wp\/v2\/media?parent=4284"}],"wp:term":[{"taxonomy":"product_cat","embeddable":true,"href":"https:\/\/ruishengglassco.com\/es\/wp-json\/wp\/v2\/product_cat?post=4284"}],"curies":[{"name":"wp","href":"https:\/\/api.w.org\/{rel}","templated":true}]}}