{"id":4278,"date":"2025-03-15T11:35:25","date_gmt":"2025-03-15T03:35:25","guid":{"rendered":"https:\/\/ruishengglassco.com\/?post_type=product&#038;p=4278"},"modified":"2025-09-11T15:56:21","modified_gmt":"2025-09-11T07:56:21","slug":"rs059-donde-comprar-botellas-de-vidrio-botella-de-vidrio-500ml","status":"publish","type":"product","link":"https:\/\/ruishengglassco.com\/es\/producto\/rs059-donde-comprar-botellas-de-vidrio-botella-de-vidrio-500ml","title":{"rendered":"RS059: D\u00f3nde comprar botellas de vidrio Botella de vidrio de 500 ml"},"content":{"rendered":"<p>\u00bfEst\u00e1 buscando un lugar donde comprar botellas de vidrio de 500 ml? Ruisheng es uno de los mayores fabricantes de botellas de vidrio en China. Podemos ofrecerle no s\u00f3lo botellas de vidrio para licor de 500ml, sino tambi\u00e9n botellas de vidrio personalizadas para usted. Se puede utilizar para botellas de vidrio de vodka, botellas de brandy, botellas XO, y otras aplicaciones similares.<\/p>\n<p>Siempre nos adherimos al principio de la calidad ante todo, y nuestros empleados nunca aflojan en el trabajo. Por ello, nuestras botellas de vidrio vac\u00edas son muy solicitadas. Para garantizar la calidad de nuestras botellas de vidrio, nuestros productos se someten a estrictas pruebas de calidad y embalaje seguro para garantizar que pueda utilizarlos en su pa\u00eds.<\/p>\n<p>Cada una de nuestras botellas de vidrio en venta se somete a una estricta inspecci\u00f3n antes de ser envasada, lo que nos garantiza la confianza en nuestra calidad.<\/p>\n<p>Lo importante es nuestra actitud hacia los clientes; responderemos pacientemente a sus preguntas.<\/p>\n<p>Queremos asegurarnos de que nuestros clientes entienden nuestras botellas de vidrio transparente y de que conocemos todos sus requisitos. La raz\u00f3n por la que nuestra f\u00e1brica tiene tantos clientes antiguos es nuestra actitud concienzuda.<\/p>\n<p>Tambi\u00e9n puede visitar nuestro sitio web, donde encontrar\u00e1 una lista detallada de nuestros tama\u00f1os y tipos de botellas de vidrio. Puede elegir su botella de vidrio favorita.<\/p>\n<h2>D\u00f3nde comprar botellas de vidrio Botella de vidrio de 500 ml<\/h2>\n<p>La informaci\u00f3n sobre la botella de vidrio es la siguiente:<\/p>\n<ul>\n<li>Material principal: vidrio de alto s\u00edlex<\/li>\n<li>Tapa Corcho<\/li>\n<li>Referencia: RS059<\/li>\n<li>MOQ: 10000 PCS<\/li>\n<li>Capacidad: A medida<\/li>\n<li>Pzs\/Ctn: 24pzs<\/li>\n<li>Origen del lugar: Shandong, China<\/li>\n<li>Caracter\u00edstica: Ecol\u00f3gico<\/li>\n<\/ul>\n<p>Tambi\u00e9n podemos personalizar el color y la capacidad de estas botellas vac\u00edas en venta para satisfacer sus requisitos espec\u00edficos. Si no le gusta este tipo de botella de vidrio para bebidas espirituosas, no pasa nada. Puedo facilitarle nuestro cat\u00e1logo y podr\u00e1 elegir la que m\u00e1s le convenga.<\/p>\n<p>Creo que mantendremos una cooperaci\u00f3n a largo plazo porque nuestra calidad cumplir\u00e1 siempre sus expectativas. Nuestro personal est\u00e1 a su disposici\u00f3n para responder a sus preguntas las 24 horas del d\u00eda, tanto en l\u00ednea como por tel\u00e9fono.<\/p>\n<p>La cooperaci\u00f3n a largo plazo se basa en la confianza. Espero que pueda confiar en nuestros productos; la calidad de nuestros productos es absolutamente buena.<\/p>\n<p>Si tiene alguna pregunta, no dude en ponerse en contacto conmigo en cualquier momento. Estaremos encantados de responderlas.<\/p>","protected":false},"excerpt":{"rendered":"<table class=\"tg\">\n<tbody>\n<tr>\n<th class=\"tg-24i8\" colspan=\"2\">D\u00f3nde comprar botellas de vidrio Botella de vidrio de 500 ml<\/th>\n<\/tr>\n<tr>\n<td class=\"tg-b7b8\">Referencia:<\/td>\n<td class=\"tg-b7b8\">RS059<\/td>\n<\/tr>\n<tr>\n<td class=\"tg-yw4l\">Material principal:<\/td>\n<td class=\"tg-yw4l\">Vidrio de alto s\u00edlex ( este material tambi\u00e9n se denomina vidrio blanco cristalino )<\/td>\n<\/tr>\n<tr>\n<td class=\"tg-b7b8\">Cap:<\/td>\n<td class=\"tg-b7b8\">Corcho<\/td>\n<\/tr>\n<tr>\n<td class=\"tg-yw4l\">Capacidad:<\/td>\n<td class=\"tg-yw4l\">A medida<\/td>\n<\/tr>\n<tr>\n<td class=\"tg-b7b8\">Caracter\u00edstica:<\/td>\n<td class=\"tg-b7b8\">Ecol\u00f3gico<\/td>\n<\/tr>\n<tr>\n<td class=\"tg-yw4l\">MOQ:<\/td>\n<td class=\"tg-yw4l\">10000 UNIDADES<\/td>\n<\/tr>\n<tr>\n<td class=\"tg-b7b8\">Manera de embalar:<\/td>\n<td class=\"tg-b7b8\">Cart\u00f3n est\u00e1ndar para exportaci\u00f3n \/ Pal\u00e9 \/ cart\u00f3n est\u00e1ndar para exportaci\u00f3n y pal\u00e9<\/td>\n<\/tr>\n<tr>\n<td class=\"tg-yw4l\">OEM\/ODM:<\/td>\n<td class=\"tg-yw4l\">Bienvenido<\/td>\n<\/tr>\n<tr>\n<td class=\"tg-b7b8\">Origen del lugar:<\/td>\n<td class=\"tg-b7b8\">Shandong,China<\/td>\n<\/tr>\n<tr>\n<td class=\"tg-yw4l\">Piezas\/Ctn:<\/td>\n<td class=\"tg-yw4l\">24 unidades o seg\u00fan las necesidades del cliente<\/td>\n<\/tr>\n<\/tbody>\n<\/table>","protected":false},"featured_media":4279,"comment_status":"closed","ping_status":"closed","template":"","meta":[],"product_cat":[41,52],"class_list":{"0":"post-4278","1":"product","2":"type-product","3":"status-publish","4":"has-post-thumbnail","6":"product_cat-500ml-liquor-bottle-manufacturer","7":"product_cat-vodka-bottle","9":"first","10":"instock","11":"shipping-taxable","12":"product-type-simple"},"yoast_head":"<!-- This site is optimized with the Yoast SEO plugin v22.0 - https:\/\/yoast.com\/wordpress\/plugins\/seo\/ -->\n<title>Where To Buy Glass Bottles 500ml Glass Bottle-Ruisheng<\/title>\n<meta name=\"description\" content=\"Are you searching for a place where to buy glass bottles 500ml glass bottle? Ruisheng Wholesale 500ml glass bottles in factory outlet price.\" \/>\n<meta name=\"robots\" content=\"index, follow, max-snippet:-1, max-image-preview:large, max-video-preview:-1\" \/>\n<link rel=\"canonical\" href=\"https:\/\/ruishengglassco.com\/es\/producto\/rs059-donde-comprar-botellas-de-vidrio-botella-de-vidrio-500ml\" \/>\n<meta property=\"og:locale\" content=\"es_ES\" \/>\n<meta property=\"og:type\" content=\"article\" \/>\n<meta property=\"og:title\" content=\"Where To Buy Glass Bottles 500ml Glass Bottle-Ruisheng\" \/>\n<meta property=\"og:description\" content=\"Are you searching for a place where to buy glass bottles 500ml glass bottle? Ruisheng Wholesale 500ml glass bottles in factory outlet price.\" \/>\n<meta property=\"og:url\" content=\"https:\/\/ruishengglassco.com\/es\/producto\/rs059-donde-comprar-botellas-de-vidrio-botella-de-vidrio-500ml\" \/>\n<meta property=\"article:publisher\" content=\"https:\/\/www.facebook.com\/ruishengglassbottles\" \/>\n<meta property=\"article:modified_time\" content=\"2025-09-11T07:56:21+00:00\" \/>\n<meta property=\"og:image\" content=\"https:\/\/ruishengglassco.com\/wp-content\/uploads\/2025\/03\/RS059-Where-to-buy-glass-bottles-500ml-glass-bottle.webp\" \/>\n\t<meta property=\"og:image:width\" content=\"800\" \/>\n\t<meta property=\"og:image:height\" content=\"800\" \/>\n\t<meta property=\"og:image:type\" content=\"image\/webp\" \/>\n<meta name=\"twitter:card\" content=\"summary_large_image\" \/>\n<meta name=\"twitter:label1\" content=\"Tiempo de lectura\" \/>\n\t<meta name=\"twitter:data1\" content=\"2 minutos\" \/>\n<script type=\"application\/ld+json\" class=\"yoast-schema-graph\">{\"@context\":\"https:\/\/schema.org\",\"@graph\":[{\"@type\":\"WebPage\",\"@id\":\"https:\/\/ruishengglassco.com\/product\/rs059-where-to-buy-glass-bottles-500ml-glass-bottle\",\"url\":\"https:\/\/ruishengglassco.com\/product\/rs059-where-to-buy-glass-bottles-500ml-glass-bottle\",\"name\":\"Where To Buy Glass Bottles 500ml Glass Bottle-Ruisheng\",\"isPartOf\":{\"@id\":\"https:\/\/ruishengglassco.com\/#website\"},\"datePublished\":\"2025-03-15T03:35:25+00:00\",\"dateModified\":\"2025-09-11T07:56:21+00:00\",\"description\":\"Are you searching for a place where to buy glass bottles 500ml glass bottle? Ruisheng Wholesale 500ml glass bottles in factory outlet price.\",\"breadcrumb\":{\"@id\":\"https:\/\/ruishengglassco.com\/product\/rs059-where-to-buy-glass-bottles-500ml-glass-bottle#breadcrumb\"},\"inLanguage\":\"es\",\"potentialAction\":[{\"@type\":\"ReadAction\",\"target\":[\"https:\/\/ruishengglassco.com\/product\/rs059-where-to-buy-glass-bottles-500ml-glass-bottle\"]}]},{\"@type\":\"BreadcrumbList\",\"@id\":\"https:\/\/ruishengglassco.com\/product\/rs059-where-to-buy-glass-bottles-500ml-glass-bottle#breadcrumb\",\"itemListElement\":[{\"@type\":\"ListItem\",\"position\":1,\"name\":\"Home\",\"item\":\"https:\/\/ruishengglassco.com\/\"},{\"@type\":\"ListItem\",\"position\":2,\"name\":\"Products\",\"item\":\"https:\/\/ruishengglassco.com\/products\"},{\"@type\":\"ListItem\",\"position\":3,\"name\":\"RS059: Where To Buy Glass Bottles 500ml Glass Bottle\"}]},{\"@type\":\"WebSite\",\"@id\":\"https:\/\/ruishengglassco.com\/#website\",\"url\":\"https:\/\/ruishengglassco.com\/\",\"name\":\"Ruisheng Glass\",\"description\":\"\",\"publisher\":{\"@id\":\"https:\/\/ruishengglassco.com\/#organization\"},\"potentialAction\":[{\"@type\":\"SearchAction\",\"target\":{\"@type\":\"EntryPoint\",\"urlTemplate\":\"https:\/\/ruishengglassco.com\/?s={search_term_string}\"},\"query-input\":\"required name=search_term_string\"}],\"inLanguage\":\"es\"},{\"@type\":\"Organization\",\"@id\":\"https:\/\/ruishengglassco.com\/#organization\",\"name\":\"Shandong Yuncheng Ruisheng Glass Co., Ltd\",\"url\":\"https:\/\/ruishengglassco.com\/\",\"logo\":{\"@type\":\"ImageObject\",\"inLanguage\":\"es\",\"@id\":\"https:\/\/ruishengglassco.com\/#\/schema\/logo\/image\/\",\"url\":\"https:\/\/ruishengglassco.com\/wp-content\/uploads\/2023\/09\/ruisheng_logo_icon.webp\",\"contentUrl\":\"https:\/\/ruishengglassco.com\/wp-content\/uploads\/2023\/09\/ruisheng_logo_icon.webp\",\"width\":400,\"height\":233,\"caption\":\"Shandong Yuncheng Ruisheng Glass Co., Ltd\"},\"image\":{\"@id\":\"https:\/\/ruishengglassco.com\/#\/schema\/logo\/image\/\"},\"sameAs\":[\"https:\/\/www.facebook.com\/ruishengglassbottles\",\"https:\/\/www.instagram.com\/Ruishengglassbottlewholesales\/\",\"https:\/\/www.youtube.com\/channel\/UCMmbMNGwsL-XrtjfSFLCdVQ\"]}]}<\/script>\n<!-- \/ Yoast SEO plugin. -->","yoast_head_json":{"title":"Where To Buy Glass Bottles 500ml Glass Bottle-Ruisheng","description":"Are you searching for a place where to buy glass bottles 500ml glass bottle? Ruisheng Wholesale 500ml glass bottles in factory outlet price.","robots":{"index":"index","follow":"follow","max-snippet":"max-snippet:-1","max-image-preview":"max-image-preview:large","max-video-preview":"max-video-preview:-1"},"canonical":"https:\/\/ruishengglassco.com\/es\/producto\/rs059-donde-comprar-botellas-de-vidrio-botella-de-vidrio-500ml","og_locale":"es_ES","og_type":"article","og_title":"Where To Buy Glass Bottles 500ml Glass Bottle-Ruisheng","og_description":"Are you searching for a place where to buy glass bottles 500ml glass bottle? Ruisheng Wholesale 500ml glass bottles in factory outlet price.","og_url":"https:\/\/ruishengglassco.com\/es\/producto\/rs059-donde-comprar-botellas-de-vidrio-botella-de-vidrio-500ml","article_publisher":"https:\/\/www.facebook.com\/ruishengglassbottles","article_modified_time":"2025-09-11T07:56:21+00:00","og_image":[{"width":800,"height":800,"url":"https:\/\/ruishengglassco.com\/wp-content\/uploads\/2025\/03\/RS059-Where-to-buy-glass-bottles-500ml-glass-bottle.webp","type":"image\/webp"}],"twitter_card":"summary_large_image","twitter_misc":{"Tiempo de lectura":"2 minutos"},"schema":{"@context":"https:\/\/schema.org","@graph":[{"@type":"WebPage","@id":"https:\/\/ruishengglassco.com\/product\/rs059-where-to-buy-glass-bottles-500ml-glass-bottle","url":"https:\/\/ruishengglassco.com\/product\/rs059-where-to-buy-glass-bottles-500ml-glass-bottle","name":"Where To Buy Glass Bottles 500ml Glass Bottle-Ruisheng","isPartOf":{"@id":"https:\/\/ruishengglassco.com\/#website"},"datePublished":"2025-03-15T03:35:25+00:00","dateModified":"2025-09-11T07:56:21+00:00","description":"Are you searching for a place where to buy glass bottles 500ml glass bottle? Ruisheng Wholesale 500ml glass bottles in factory outlet price.","breadcrumb":{"@id":"https:\/\/ruishengglassco.com\/product\/rs059-where-to-buy-glass-bottles-500ml-glass-bottle#breadcrumb"},"inLanguage":"es","potentialAction":[{"@type":"ReadAction","target":["https:\/\/ruishengglassco.com\/product\/rs059-where-to-buy-glass-bottles-500ml-glass-bottle"]}]},{"@type":"BreadcrumbList","@id":"https:\/\/ruishengglassco.com\/product\/rs059-where-to-buy-glass-bottles-500ml-glass-bottle#breadcrumb","itemListElement":[{"@type":"ListItem","position":1,"name":"Home","item":"https:\/\/ruishengglassco.com\/"},{"@type":"ListItem","position":2,"name":"Products","item":"https:\/\/ruishengglassco.com\/products"},{"@type":"ListItem","position":3,"name":"RS059: Where To Buy Glass Bottles 500ml Glass Bottle"}]},{"@type":"WebSite","@id":"https:\/\/ruishengglassco.com\/#website","url":"https:\/\/ruishengglassco.com\/","name":"Ruisheng Glass","description":"","publisher":{"@id":"https:\/\/ruishengglassco.com\/#organization"},"potentialAction":[{"@type":"SearchAction","target":{"@type":"EntryPoint","urlTemplate":"https:\/\/ruishengglassco.com\/?s={search_term_string}"},"query-input":"required name=search_term_string"}],"inLanguage":"es"},{"@type":"Organization","@id":"https:\/\/ruishengglassco.com\/#organization","name":"Shandong Yuncheng Ruisheng Glass Co., Ltd","url":"https:\/\/ruishengglassco.com\/","logo":{"@type":"ImageObject","inLanguage":"es","@id":"https:\/\/ruishengglassco.com\/#\/schema\/logo\/image\/","url":"https:\/\/ruishengglassco.com\/wp-content\/uploads\/2023\/09\/ruisheng_logo_icon.webp","contentUrl":"https:\/\/ruishengglassco.com\/wp-content\/uploads\/2023\/09\/ruisheng_logo_icon.webp","width":400,"height":233,"caption":"Shandong Yuncheng Ruisheng Glass Co., Ltd"},"image":{"@id":"https:\/\/ruishengglassco.com\/#\/schema\/logo\/image\/"},"sameAs":["https:\/\/www.facebook.com\/ruishengglassbottles","https:\/\/www.instagram.com\/Ruishengglassbottlewholesales\/","https:\/\/www.youtube.com\/channel\/UCMmbMNGwsL-XrtjfSFLCdVQ"]}]}},"_links":{"self":[{"href":"https:\/\/ruishengglassco.com\/es\/wp-json\/wp\/v2\/product\/4278","targetHints":{"allow":["GET"]}}],"collection":[{"href":"https:\/\/ruishengglassco.com\/es\/wp-json\/wp\/v2\/product"}],"about":[{"href":"https:\/\/ruishengglassco.com\/es\/wp-json\/wp\/v2\/types\/product"}],"replies":[{"embeddable":true,"href":"https:\/\/ruishengglassco.com\/es\/wp-json\/wp\/v2\/comments?post=4278"}],"wp:featuredmedia":[{"embeddable":true,"href":"https:\/\/ruishengglassco.com\/es\/wp-json\/wp\/v2\/media\/4279"}],"wp:attachment":[{"href":"https:\/\/ruishengglassco.com\/es\/wp-json\/wp\/v2\/media?parent=4278"}],"wp:term":[{"taxonomy":"product_cat","embeddable":true,"href":"https:\/\/ruishengglassco.com\/es\/wp-json\/wp\/v2\/product_cat?post=4278"}],"curies":[{"name":"wp","href":"https:\/\/api.w.org\/{rel}","templated":true}]}}