{"id":4270,"date":"2025-03-15T11:25:02","date_gmt":"2025-03-15T03:25:02","guid":{"rendered":"https:\/\/ruishengglassco.com\/?post_type=product&#038;p=4270"},"modified":"2025-09-11T16:28:10","modified_gmt":"2025-09-11T08:28:10","slug":"rs064-700ml-inusual-botellas-de-vidrio-para-bebidas-espirituosas-precio-a-granel","status":"publish","type":"product","link":"https:\/\/ruishengglassco.com\/es\/producto\/rs064-700ml-inusual-botellas-de-vidrio-para-bebidas-espirituosas-precio-a-granel","title":{"rendered":"RS064: Botellas de vidrio para bebidas espirituosas de 700 ml Precio al por mayor"},"content":{"rendered":"<p>Esta inusual botella de vidrio para bebidas espirituosas de 700 ml es una botella de vidrio espec\u00edfica. Su forma no es la habitual de las botellas de vodka, brandy u otras bebidas. Estas botellas de vidrio parecen <span id=\"result_box\" class=\"short_text\" lang=\"en\" tabindex=\"-1\"><span class=\"\">un pu\u00f1o que estira un dedo. Y hay una habitaci\u00f3n en forma de coraz\u00f3n en las botellas de vidrio. <\/span><\/span><\/p>\n<p>Estos 700ml botellas de vidrio inusual esp\u00edritu es botellas de vidrio de pedernal. Podemos pintar cualquier color en esta botella de vidrio si lo necesita, como el verde, negro, dorado y as\u00ed sucesivamente. Hay una zona redonda en las botellas de licor de vidrio, podemos poner su logotipo en all\u00ed, no importa el logotipo de papel, sino tambi\u00e9n el logotipo de pl\u00e1stico, logotipo de metal, y otros.<\/p>\n<p>Nuestras botellas de vidrio de licor se hacen de la m\u00e1quina avanzada - 8S completa - m\u00e1quinas autom\u00e1ticas. Hay 4 l\u00edneas de producci\u00f3n por m\u00e1quina y tenemos 2 piezas 8S m\u00e1quinas totalmente autom\u00e1ticas y 1 pieza 6S m\u00e1quinas semi-autom\u00e1ticas. As\u00ed que hay 12 l\u00edneas de producci\u00f3n en nuestra f\u00e1brica, y nuestra producci\u00f3n es de 120.000 botellas de piezas por d\u00eda. No importa si su pedido es peque\u00f1o o grande, tambi\u00e9n podemos terminarlos y envi\u00e1rselos a tiempo.<\/p>\n<p>El acabado del tap\u00f3n de nuestras botellas de vidrio es de guala. Acerca de la tapa guala, podemos ofrecer guala tapa de pl\u00e1stico y guala tapa de \u00f3xido de aluminio.<\/p>\n<h2>La forma de envasado de este 700ml botellas de vidrio inusual Esp\u00edritu<\/h2>\n<p>Como esta botella de vidrio \u00fanico de 700 ml es muy inusual, y su cuello es un logotipo muy. Es mejor utilizar cart\u00f3n para embalarlas. El cartion puede ser de cinco capas de cart\u00f3n corrugado, u otro tablero duro. Como nuestro embalaje generalmente, hay cerca de 24 pcs botella por cart\u00f3n, o 20pcs por cartones. Y si utilizamos el embalaje de encargo, podemos hacerlos para 6 PC por cart\u00f3n. Ponemos el cart\u00f3n en la caja para dividir las botellas de vidrio y reducir la tasa de rotura cuando en el transporte.<\/p>\n<p>Si desea conocer el precio de las botellas de vidrio para bebidas espirituosas a granel, p\u00f3ngase en contacto con nosotros a trav\u00e9s del formulario de contacto de nuestro sitio web. Le responderemos lo antes posible.<\/p>\n<p>&nbsp;<\/p>","protected":false},"excerpt":{"rendered":"<table class=\"tg\">\n<tbody>\n<tr>\n<th class=\"tg-24i8\" colspan=\"2\">Botellas de vidrio para licores de 700 ml Precio a granel<\/th>\n<\/tr>\n<tr>\n<td class=\"tg-b7b8\">Referencia:<\/td>\n<td class=\"tg-b7b8\">RS064<\/td>\n<\/tr>\n<tr>\n<td class=\"tg-yw4l\">Material principal:<\/td>\n<td class=\"tg-yw4l\">Vidrio High Flint<\/td>\n<\/tr>\n<tr>\n<td class=\"tg-b7b8\">Cap:<\/td>\n<td class=\"tg-b7b8\">Corcho<\/td>\n<\/tr>\n<tr>\n<td class=\"tg-yw4l\">Capacidad:<\/td>\n<td class=\"tg-yw4l\">700 ml<\/td>\n<\/tr>\n<tr>\n<td class=\"tg-b7b8\">Caracter\u00edstica:<\/td>\n<td class=\"tg-b7b8\">Ecol\u00f3gico<\/td>\n<\/tr>\n<tr>\n<td class=\"tg-yw4l\">MOQ:<\/td>\n<td class=\"tg-yw4l\">10000 UNIDADES<\/td>\n<\/tr>\n<tr>\n<td class=\"tg-b7b8\">Manera de embalar:<\/td>\n<td class=\"tg-b7b8\">Cart\u00f3n est\u00e1ndar para exportaci\u00f3n \/ Pal\u00e9 \/ cart\u00f3n est\u00e1ndar para exportaci\u00f3n y pal\u00e9<\/td>\n<\/tr>\n<tr>\n<td class=\"tg-yw4l\">OEM\/ODM:<\/td>\n<td class=\"tg-yw4l\">Bienvenido<\/td>\n<\/tr>\n<tr>\n<td class=\"tg-b7b8\">Origen del lugar:<\/td>\n<td class=\"tg-b7b8\">Shandong,China<\/td>\n<\/tr>\n<tr>\n<td class=\"tg-yw4l\">Piezas\/Ctn:<\/td>\n<td class=\"tg-yw4l\">24 piezas \/ 20 piezas<\/td>\n<\/tr>\n<\/tbody>\n<\/table>","protected":false},"featured_media":4271,"comment_status":"closed","ping_status":"closed","template":"","meta":[],"product_cat":[44],"class_list":{"0":"post-4270","1":"product","2":"type-product","3":"status-publish","4":"has-post-thumbnail","6":"product_cat-700ml-liquor-bottle-manufacturer","8":"first","9":"instock","10":"shipping-taxable","11":"product-type-simple"},"yoast_head":"<!-- This site is optimized with the Yoast SEO plugin v22.0 - https:\/\/yoast.com\/wordpress\/plugins\/seo\/ -->\n<title>700ml Unusual Spirit Bottles Bulk | Custom Unique Glass Bottle Company<\/title>\n<meta name=\"description\" content=\"Ruisheng(RS), a professional glass bottle production company, provide 700ml unusual spirit bottles bulk&amp;custom unique glass bottle service.\" \/>\n<meta name=\"robots\" content=\"index, follow, max-snippet:-1, max-image-preview:large, max-video-preview:-1\" \/>\n<link rel=\"canonical\" href=\"https:\/\/ruishengglassco.com\/es\/producto\/rs064-700ml-inusual-botellas-de-vidrio-para-bebidas-espirituosas-precio-a-granel\" \/>\n<meta property=\"og:locale\" content=\"es_ES\" \/>\n<meta property=\"og:type\" content=\"article\" \/>\n<meta property=\"og:title\" content=\"700ml Unusual Spirit Bottles Bulk | Custom Unique Glass Bottle Company\" \/>\n<meta property=\"og:description\" content=\"Ruisheng(RS), a professional glass bottle production company, provide 700ml unusual spirit bottles bulk&amp;custom unique glass bottle service.\" \/>\n<meta property=\"og:url\" content=\"https:\/\/ruishengglassco.com\/es\/producto\/rs064-700ml-inusual-botellas-de-vidrio-para-bebidas-espirituosas-precio-a-granel\" \/>\n<meta property=\"article:publisher\" content=\"https:\/\/www.facebook.com\/ruishengglassbottles\" \/>\n<meta property=\"article:modified_time\" content=\"2025-09-11T08:28:10+00:00\" \/>\n<meta property=\"og:image\" content=\"https:\/\/ruishengglassco.com\/wp-content\/uploads\/2025\/03\/RS064-700ml-Unusual-Glass-Spirit-Bottles-Bulk-Price.webp\" \/>\n\t<meta property=\"og:image:width\" content=\"800\" \/>\n\t<meta property=\"og:image:height\" content=\"800\" \/>\n\t<meta property=\"og:image:type\" content=\"image\/webp\" \/>\n<meta name=\"twitter:card\" content=\"summary_large_image\" \/>\n<meta name=\"twitter:label1\" content=\"Tiempo de lectura\" \/>\n\t<meta name=\"twitter:data1\" content=\"2 minutos\" \/>\n<script type=\"application\/ld+json\" class=\"yoast-schema-graph\">{\"@context\":\"https:\/\/schema.org\",\"@graph\":[{\"@type\":\"WebPage\",\"@id\":\"https:\/\/ruishengglassco.com\/product\/rs064-700ml-unusual-glass-spirit-bottles-bulk-price\",\"url\":\"https:\/\/ruishengglassco.com\/product\/rs064-700ml-unusual-glass-spirit-bottles-bulk-price\",\"name\":\"700ml Unusual Spirit Bottles Bulk | Custom Unique Glass Bottle Company\",\"isPartOf\":{\"@id\":\"https:\/\/ruishengglassco.com\/#website\"},\"datePublished\":\"2025-03-15T03:25:02+00:00\",\"dateModified\":\"2025-09-11T08:28:10+00:00\",\"description\":\"Ruisheng(RS), a professional glass bottle production company, provide 700ml unusual spirit bottles bulk&custom unique glass bottle service.\",\"breadcrumb\":{\"@id\":\"https:\/\/ruishengglassco.com\/product\/rs064-700ml-unusual-glass-spirit-bottles-bulk-price#breadcrumb\"},\"inLanguage\":\"es\",\"potentialAction\":[{\"@type\":\"ReadAction\",\"target\":[\"https:\/\/ruishengglassco.com\/product\/rs064-700ml-unusual-glass-spirit-bottles-bulk-price\"]}]},{\"@type\":\"BreadcrumbList\",\"@id\":\"https:\/\/ruishengglassco.com\/product\/rs064-700ml-unusual-glass-spirit-bottles-bulk-price#breadcrumb\",\"itemListElement\":[{\"@type\":\"ListItem\",\"position\":1,\"name\":\"Home\",\"item\":\"https:\/\/ruishengglassco.com\/\"},{\"@type\":\"ListItem\",\"position\":2,\"name\":\"Products\",\"item\":\"https:\/\/ruishengglassco.com\/products\"},{\"@type\":\"ListItem\",\"position\":3,\"name\":\"RS064: 700ml Unusual Glass Spirit Bottles Bulk Price\"}]},{\"@type\":\"WebSite\",\"@id\":\"https:\/\/ruishengglassco.com\/#website\",\"url\":\"https:\/\/ruishengglassco.com\/\",\"name\":\"Ruisheng Glass\",\"description\":\"\",\"publisher\":{\"@id\":\"https:\/\/ruishengglassco.com\/#organization\"},\"potentialAction\":[{\"@type\":\"SearchAction\",\"target\":{\"@type\":\"EntryPoint\",\"urlTemplate\":\"https:\/\/ruishengglassco.com\/?s={search_term_string}\"},\"query-input\":\"required name=search_term_string\"}],\"inLanguage\":\"es\"},{\"@type\":\"Organization\",\"@id\":\"https:\/\/ruishengglassco.com\/#organization\",\"name\":\"Shandong Yuncheng Ruisheng Glass Co., Ltd\",\"url\":\"https:\/\/ruishengglassco.com\/\",\"logo\":{\"@type\":\"ImageObject\",\"inLanguage\":\"es\",\"@id\":\"https:\/\/ruishengglassco.com\/#\/schema\/logo\/image\/\",\"url\":\"https:\/\/ruishengglassco.com\/wp-content\/uploads\/2023\/09\/ruisheng_logo_icon.webp\",\"contentUrl\":\"https:\/\/ruishengglassco.com\/wp-content\/uploads\/2023\/09\/ruisheng_logo_icon.webp\",\"width\":400,\"height\":233,\"caption\":\"Shandong Yuncheng Ruisheng Glass Co., Ltd\"},\"image\":{\"@id\":\"https:\/\/ruishengglassco.com\/#\/schema\/logo\/image\/\"},\"sameAs\":[\"https:\/\/www.facebook.com\/ruishengglassbottles\",\"https:\/\/www.instagram.com\/Ruishengglassbottlewholesales\/\",\"https:\/\/www.youtube.com\/channel\/UCMmbMNGwsL-XrtjfSFLCdVQ\"]}]}<\/script>\n<!-- \/ Yoast SEO plugin. -->","yoast_head_json":{"title":"700ml Unusual Spirit Bottles Bulk | Custom Unique Glass Bottle Company","description":"Ruisheng(RS), a professional glass bottle production company, provide 700ml unusual spirit bottles bulk&custom unique glass bottle service.","robots":{"index":"index","follow":"follow","max-snippet":"max-snippet:-1","max-image-preview":"max-image-preview:large","max-video-preview":"max-video-preview:-1"},"canonical":"https:\/\/ruishengglassco.com\/es\/producto\/rs064-700ml-inusual-botellas-de-vidrio-para-bebidas-espirituosas-precio-a-granel","og_locale":"es_ES","og_type":"article","og_title":"700ml Unusual Spirit Bottles Bulk | Custom Unique Glass Bottle Company","og_description":"Ruisheng(RS), a professional glass bottle production company, provide 700ml unusual spirit bottles bulk&custom unique glass bottle service.","og_url":"https:\/\/ruishengglassco.com\/es\/producto\/rs064-700ml-inusual-botellas-de-vidrio-para-bebidas-espirituosas-precio-a-granel","article_publisher":"https:\/\/www.facebook.com\/ruishengglassbottles","article_modified_time":"2025-09-11T08:28:10+00:00","og_image":[{"width":800,"height":800,"url":"https:\/\/ruishengglassco.com\/wp-content\/uploads\/2025\/03\/RS064-700ml-Unusual-Glass-Spirit-Bottles-Bulk-Price.webp","type":"image\/webp"}],"twitter_card":"summary_large_image","twitter_misc":{"Tiempo de lectura":"2 minutos"},"schema":{"@context":"https:\/\/schema.org","@graph":[{"@type":"WebPage","@id":"https:\/\/ruishengglassco.com\/product\/rs064-700ml-unusual-glass-spirit-bottles-bulk-price","url":"https:\/\/ruishengglassco.com\/product\/rs064-700ml-unusual-glass-spirit-bottles-bulk-price","name":"700ml Unusual Spirit Bottles Bulk | Custom Unique Glass Bottle Company","isPartOf":{"@id":"https:\/\/ruishengglassco.com\/#website"},"datePublished":"2025-03-15T03:25:02+00:00","dateModified":"2025-09-11T08:28:10+00:00","description":"Ruisheng(RS), a professional glass bottle production company, provide 700ml unusual spirit bottles bulk&custom unique glass bottle service.","breadcrumb":{"@id":"https:\/\/ruishengglassco.com\/product\/rs064-700ml-unusual-glass-spirit-bottles-bulk-price#breadcrumb"},"inLanguage":"es","potentialAction":[{"@type":"ReadAction","target":["https:\/\/ruishengglassco.com\/product\/rs064-700ml-unusual-glass-spirit-bottles-bulk-price"]}]},{"@type":"BreadcrumbList","@id":"https:\/\/ruishengglassco.com\/product\/rs064-700ml-unusual-glass-spirit-bottles-bulk-price#breadcrumb","itemListElement":[{"@type":"ListItem","position":1,"name":"Home","item":"https:\/\/ruishengglassco.com\/"},{"@type":"ListItem","position":2,"name":"Products","item":"https:\/\/ruishengglassco.com\/products"},{"@type":"ListItem","position":3,"name":"RS064: 700ml Unusual Glass Spirit Bottles Bulk Price"}]},{"@type":"WebSite","@id":"https:\/\/ruishengglassco.com\/#website","url":"https:\/\/ruishengglassco.com\/","name":"Ruisheng Glass","description":"","publisher":{"@id":"https:\/\/ruishengglassco.com\/#organization"},"potentialAction":[{"@type":"SearchAction","target":{"@type":"EntryPoint","urlTemplate":"https:\/\/ruishengglassco.com\/?s={search_term_string}"},"query-input":"required name=search_term_string"}],"inLanguage":"es"},{"@type":"Organization","@id":"https:\/\/ruishengglassco.com\/#organization","name":"Shandong Yuncheng Ruisheng Glass Co., Ltd","url":"https:\/\/ruishengglassco.com\/","logo":{"@type":"ImageObject","inLanguage":"es","@id":"https:\/\/ruishengglassco.com\/#\/schema\/logo\/image\/","url":"https:\/\/ruishengglassco.com\/wp-content\/uploads\/2023\/09\/ruisheng_logo_icon.webp","contentUrl":"https:\/\/ruishengglassco.com\/wp-content\/uploads\/2023\/09\/ruisheng_logo_icon.webp","width":400,"height":233,"caption":"Shandong Yuncheng Ruisheng Glass Co., Ltd"},"image":{"@id":"https:\/\/ruishengglassco.com\/#\/schema\/logo\/image\/"},"sameAs":["https:\/\/www.facebook.com\/ruishengglassbottles","https:\/\/www.instagram.com\/Ruishengglassbottlewholesales\/","https:\/\/www.youtube.com\/channel\/UCMmbMNGwsL-XrtjfSFLCdVQ"]}]}},"_links":{"self":[{"href":"https:\/\/ruishengglassco.com\/es\/wp-json\/wp\/v2\/product\/4270","targetHints":{"allow":["GET"]}}],"collection":[{"href":"https:\/\/ruishengglassco.com\/es\/wp-json\/wp\/v2\/product"}],"about":[{"href":"https:\/\/ruishengglassco.com\/es\/wp-json\/wp\/v2\/types\/product"}],"replies":[{"embeddable":true,"href":"https:\/\/ruishengglassco.com\/es\/wp-json\/wp\/v2\/comments?post=4270"}],"wp:featuredmedia":[{"embeddable":true,"href":"https:\/\/ruishengglassco.com\/es\/wp-json\/wp\/v2\/media\/4271"}],"wp:attachment":[{"href":"https:\/\/ruishengglassco.com\/es\/wp-json\/wp\/v2\/media?parent=4270"}],"wp:term":[{"taxonomy":"product_cat","embeddable":true,"href":"https:\/\/ruishengglassco.com\/es\/wp-json\/wp\/v2\/product_cat?post=4270"}],"curies":[{"name":"wp","href":"https:\/\/api.w.org\/{rel}","templated":true}]}}