{"id":4266,"date":"2025-03-15T11:18:57","date_gmt":"2025-03-15T03:18:57","guid":{"rendered":"https:\/\/ruishengglassco.com\/?post_type=product&#038;p=4266"},"modified":"2025-03-26T14:54:07","modified_gmt":"2025-03-26T06:54:07","slug":"rs066-botellas-transparentes-de-700-ml-al-por-mayor","status":"publish","type":"product","link":"https:\/\/ruishengglassco.com\/es\/producto\/rs066-botellas-transparentes-de-700-ml-al-por-mayor","title":{"rendered":"RS066: Fabricantes de botellas transparentes de 700 ml"},"content":{"rendered":"<p>Esta serie de botellas de alcohol transparentes de 700 ml a granel est\u00e1n especialmente dise\u00f1adas para el envasado de licores. Esta botellas de vidrio transparente puede contener cualquier tipo de l\u00edquidos, tales como vino, bebidas, aceite, vinagre de frutas y as\u00ed sucesivamente.<\/p>\n<p>Nuestras botellas de vidrio especial transparente de 700 ml con cuello largo y fondo grueso. Hay un c\u00edrculo redondo en las botellas de vidrio de licor. Usted puede poner su logotipo en all\u00ed, no importa si es el logotipo de papel, logotipo de pl\u00e1stico, logotipo de metal u otro logotipo.<\/p>\n<p>Nuestra empresa puede hacer muchos tipos de botellas de vidrio \u00fanicas, no importa las botellas de vidrio superior como la botella de vodka, botella de brandy o las botellas de vidrio superior medio como botellas de bebidas. Tambi\u00e9n podemos pintar cualquier color en las botellas de vidrio, ya que nuestras botellas de vidrio son botellas de vidrio de pedernal.<\/p>\n<h2>Los detalles de las botellas de alcohol transparentes de 700 ml a granel<\/h2>\n<p>Este 700ml botellas de vidrio transparente especial se hacen por el material de vidrio de pedernal de grado superior. Nuestra botella de vidrio l\u00edquido es muy clara y duradera. El peso de esta botella de vidrio es 620g. Su fondo es grueso, y su tama\u00f1o es de unos 10 mm. El tipo de sellado de esta botella de vidrio es el tap\u00f3n de rosca. Podemos ofrecer el tap\u00f3n de rosca de aluminio y tap\u00f3n de rosca de pl\u00e1stico de aluminio. En cuanto al tap\u00f3n de rosca para botellas de vidrio, podemos ofrecer un tap\u00f3n anti-falsificaci\u00f3n y un tap\u00f3n com\u00fan. Lo que usted necesita, por favor d\u00edganos entonces podemos ofrecer a usted.<\/p>\n<p>Podemos ofrecer estas botellas de vidrio al por mayor con tres tipos de embalaje. La primera forma es la caja de cart\u00f3n est\u00e1ndar de exportaci\u00f3n. Por lo general, hacer papel de pl\u00e1stico envuelto el vidrio u ponerlos a la caja divisive por el cart\u00f3n. Normalmente ponemos 24 botellas por caja. Si usted tiene alguna demanda sobre la caja de embalaje, tambi\u00e9n podemos hacer un cart\u00f3n personalizado para el cliente.<\/p>\n<p>La segunda forma es el embalaje en pal\u00e9s. Colocamos las botellas de vidrio en el pal\u00e9 y luego las envolvemos con el papel de pl\u00e1stico.<\/p>\n<p>Si usted quiere comprar 700ml botellas de vidrio transparente especial al por mayor, tambi\u00e9n podemos aceptar pedido del OEM. Si usted tiene alguna pregunta acerca de este botellas de vidrio de vino, por favor p\u00f3ngase en contacto con nosotros a trav\u00e9s del correo electr\u00f3nico y Tel, le responderemos tan pronto como sea posible.<br \/>\nLa tercera forma es el cart\u00f3n y el pal\u00e9. Pondremos las botellas de vidrio en la caja de cart\u00f3n y, a continuaci\u00f3n, las colocaremos en el pal\u00e9.<br \/>\n.<\/p>","protected":false},"excerpt":{"rendered":"<table class=\"tg\">\n<tbody>\n<tr>\n<th class=\"tg-24i8\" colspan=\"2\">Botellas de vidrio especial transparente de 700 ml al por mayor<\/th>\n<\/tr>\n<tr>\n<td class=\"tg-b7b8\">Material principal:<\/td>\n<td class=\"tg-b7b8\">Vidrio High Flint<\/td>\n<\/tr>\n<tr>\n<td class=\"tg-yw4l\">Cap:<\/td>\n<td class=\"tg-yw4l\">Tapa roscada<\/td>\n<\/tr>\n<tr>\n<td class=\"tg-b7b8\">Capacidad:<\/td>\n<td class=\"tg-b7b8\">700 ml<\/td>\n<\/tr>\n<tr>\n<td class=\"tg-yw4l\">Caracter\u00edstica:<\/td>\n<td class=\"tg-yw4l\">Ecol\u00f3gico<\/td>\n<\/tr>\n<tr>\n<td class=\"tg-b7b8\">MOQ:<\/td>\n<td class=\"tg-b7b8\">10000 UNIDADES<\/td>\n<\/tr>\n<tr>\n<td class=\"tg-yw4l\">Manera de embalar:<\/td>\n<td class=\"tg-yw4l\">Cart\u00f3n est\u00e1ndar para exportaci\u00f3n \/ Pal\u00e9 \/ cart\u00f3n est\u00e1ndar para exportaci\u00f3n y pal\u00e9<\/td>\n<\/tr>\n<tr>\n<td class=\"tg-b7b8\">OEM\/ODM:<\/td>\n<td class=\"tg-b7b8\">Bienvenido<\/td>\n<\/tr>\n<tr>\n<td class=\"tg-yw4l\">Origen del lugar:<\/td>\n<td class=\"tg-yw4l\">Shandong,China<\/td>\n<\/tr>\n<tr>\n<td class=\"tg-b7b8\">Piezas\/Ctn:<\/td>\n<td class=\"tg-b7b8\">24 piezas \/ 20 piezas<\/td>\n<\/tr>\n<\/tbody>\n<\/table>","protected":false},"featured_media":4267,"comment_status":"closed","ping_status":"closed","template":"","meta":[],"product_cat":[44],"class_list":{"0":"post-4266","1":"product","2":"type-product","3":"status-publish","4":"has-post-thumbnail","6":"product_cat-700ml-liquor-bottle-manufacturer","8":"first","9":"instock","10":"shipping-taxable","11":"product-type-simple"},"yoast_head":"<!-- This site is optimized with the Yoast SEO plugin v22.0 - https:\/\/yoast.com\/wordpress\/plugins\/seo\/ -->\n<title>700ml Clear Alcohol Bottles Bulk | Custom Special Glass Bottle<\/title>\n<meta name=\"description\" content=\"Ruisheng, sales 700ml clear alcohol bottles bulk in factory outlet price. Primary liquor bottle manufacturer, provide custon special glass bottle service.\" \/>\n<meta name=\"robots\" content=\"index, follow, max-snippet:-1, max-image-preview:large, max-video-preview:-1\" \/>\n<link rel=\"canonical\" href=\"https:\/\/ruishengglassco.com\/es\/producto\/rs066-botellas-transparentes-de-700-ml-al-por-mayor\" \/>\n<meta property=\"og:locale\" content=\"es_ES\" \/>\n<meta property=\"og:type\" content=\"article\" \/>\n<meta property=\"og:title\" content=\"700ml Clear Alcohol Bottles Bulk | Custom Special Glass Bottle\" \/>\n<meta property=\"og:description\" content=\"Ruisheng, sales 700ml clear alcohol bottles bulk in factory outlet price. Primary liquor bottle manufacturer, provide custon special glass bottle service.\" \/>\n<meta property=\"og:url\" content=\"https:\/\/ruishengglassco.com\/es\/producto\/rs066-botellas-transparentes-de-700-ml-al-por-mayor\" \/>\n<meta property=\"article:publisher\" content=\"https:\/\/www.facebook.com\/ruishengglassbottles\" \/>\n<meta property=\"article:modified_time\" content=\"2025-03-26T06:54:07+00:00\" \/>\n<meta property=\"og:image\" content=\"https:\/\/ruishengglassco.com\/wp-content\/uploads\/2025\/03\/RS066-700ml-Clear-Bottles-Wholesale.webp\" \/>\n\t<meta property=\"og:image:width\" content=\"800\" \/>\n\t<meta property=\"og:image:height\" content=\"800\" \/>\n\t<meta property=\"og:image:type\" content=\"image\/webp\" \/>\n<meta name=\"twitter:card\" content=\"summary_large_image\" \/>\n<meta name=\"twitter:label1\" content=\"Tiempo de lectura\" \/>\n\t<meta name=\"twitter:data1\" content=\"2 minutos\" \/>\n<script type=\"application\/ld+json\" class=\"yoast-schema-graph\">{\"@context\":\"https:\/\/schema.org\",\"@graph\":[{\"@type\":\"WebPage\",\"@id\":\"https:\/\/ruishengglassco.com\/product\/rs066-700ml-clear-bottles-wholesale\",\"url\":\"https:\/\/ruishengglassco.com\/product\/rs066-700ml-clear-bottles-wholesale\",\"name\":\"700ml Clear Alcohol Bottles Bulk | Custom Special Glass Bottle\",\"isPartOf\":{\"@id\":\"https:\/\/ruishengglassco.com\/#website\"},\"datePublished\":\"2025-03-15T03:18:57+00:00\",\"dateModified\":\"2025-03-26T06:54:07+00:00\",\"description\":\"Ruisheng, sales 700ml clear alcohol bottles bulk in factory outlet price. Primary liquor bottle manufacturer, provide custon special glass bottle service.\",\"breadcrumb\":{\"@id\":\"https:\/\/ruishengglassco.com\/product\/rs066-700ml-clear-bottles-wholesale#breadcrumb\"},\"inLanguage\":\"es\",\"potentialAction\":[{\"@type\":\"ReadAction\",\"target\":[\"https:\/\/ruishengglassco.com\/product\/rs066-700ml-clear-bottles-wholesale\"]}]},{\"@type\":\"BreadcrumbList\",\"@id\":\"https:\/\/ruishengglassco.com\/product\/rs066-700ml-clear-bottles-wholesale#breadcrumb\",\"itemListElement\":[{\"@type\":\"ListItem\",\"position\":1,\"name\":\"Home\",\"item\":\"https:\/\/ruishengglassco.com\/\"},{\"@type\":\"ListItem\",\"position\":2,\"name\":\"Products\",\"item\":\"https:\/\/ruishengglassco.com\/products\"},{\"@type\":\"ListItem\",\"position\":3,\"name\":\"RS066: 700ml Clear Bottles Manufacturers\"}]},{\"@type\":\"WebSite\",\"@id\":\"https:\/\/ruishengglassco.com\/#website\",\"url\":\"https:\/\/ruishengglassco.com\/\",\"name\":\"Ruisheng Glass\",\"description\":\"\",\"publisher\":{\"@id\":\"https:\/\/ruishengglassco.com\/#organization\"},\"potentialAction\":[{\"@type\":\"SearchAction\",\"target\":{\"@type\":\"EntryPoint\",\"urlTemplate\":\"https:\/\/ruishengglassco.com\/?s={search_term_string}\"},\"query-input\":\"required name=search_term_string\"}],\"inLanguage\":\"es\"},{\"@type\":\"Organization\",\"@id\":\"https:\/\/ruishengglassco.com\/#organization\",\"name\":\"Shandong Yuncheng Ruisheng Glass Co., Ltd\",\"url\":\"https:\/\/ruishengglassco.com\/\",\"logo\":{\"@type\":\"ImageObject\",\"inLanguage\":\"es\",\"@id\":\"https:\/\/ruishengglassco.com\/#\/schema\/logo\/image\/\",\"url\":\"https:\/\/ruishengglassco.com\/wp-content\/uploads\/2023\/09\/ruisheng_logo_icon.webp\",\"contentUrl\":\"https:\/\/ruishengglassco.com\/wp-content\/uploads\/2023\/09\/ruisheng_logo_icon.webp\",\"width\":400,\"height\":233,\"caption\":\"Shandong Yuncheng Ruisheng Glass Co., Ltd\"},\"image\":{\"@id\":\"https:\/\/ruishengglassco.com\/#\/schema\/logo\/image\/\"},\"sameAs\":[\"https:\/\/www.facebook.com\/ruishengglassbottles\",\"https:\/\/www.instagram.com\/Ruishengglassbottlewholesales\/\",\"https:\/\/www.youtube.com\/channel\/UCMmbMNGwsL-XrtjfSFLCdVQ\"]}]}<\/script>\n<!-- \/ Yoast SEO plugin. -->","yoast_head_json":{"title":"700ml Clear Alcohol Bottles Bulk | Custom Special Glass Bottle","description":"Ruisheng, sales 700ml clear alcohol bottles bulk in factory outlet price. Primary liquor bottle manufacturer, provide custon special glass bottle service.","robots":{"index":"index","follow":"follow","max-snippet":"max-snippet:-1","max-image-preview":"max-image-preview:large","max-video-preview":"max-video-preview:-1"},"canonical":"https:\/\/ruishengglassco.com\/es\/producto\/rs066-botellas-transparentes-de-700-ml-al-por-mayor","og_locale":"es_ES","og_type":"article","og_title":"700ml Clear Alcohol Bottles Bulk | Custom Special Glass Bottle","og_description":"Ruisheng, sales 700ml clear alcohol bottles bulk in factory outlet price. Primary liquor bottle manufacturer, provide custon special glass bottle service.","og_url":"https:\/\/ruishengglassco.com\/es\/producto\/rs066-botellas-transparentes-de-700-ml-al-por-mayor","article_publisher":"https:\/\/www.facebook.com\/ruishengglassbottles","article_modified_time":"2025-03-26T06:54:07+00:00","og_image":[{"width":800,"height":800,"url":"https:\/\/ruishengglassco.com\/wp-content\/uploads\/2025\/03\/RS066-700ml-Clear-Bottles-Wholesale.webp","type":"image\/webp"}],"twitter_card":"summary_large_image","twitter_misc":{"Tiempo de lectura":"2 minutos"},"schema":{"@context":"https:\/\/schema.org","@graph":[{"@type":"WebPage","@id":"https:\/\/ruishengglassco.com\/product\/rs066-700ml-clear-bottles-wholesale","url":"https:\/\/ruishengglassco.com\/product\/rs066-700ml-clear-bottles-wholesale","name":"700ml Clear Alcohol Bottles Bulk | Custom Special Glass Bottle","isPartOf":{"@id":"https:\/\/ruishengglassco.com\/#website"},"datePublished":"2025-03-15T03:18:57+00:00","dateModified":"2025-03-26T06:54:07+00:00","description":"Ruisheng, sales 700ml clear alcohol bottles bulk in factory outlet price. Primary liquor bottle manufacturer, provide custon special glass bottle service.","breadcrumb":{"@id":"https:\/\/ruishengglassco.com\/product\/rs066-700ml-clear-bottles-wholesale#breadcrumb"},"inLanguage":"es","potentialAction":[{"@type":"ReadAction","target":["https:\/\/ruishengglassco.com\/product\/rs066-700ml-clear-bottles-wholesale"]}]},{"@type":"BreadcrumbList","@id":"https:\/\/ruishengglassco.com\/product\/rs066-700ml-clear-bottles-wholesale#breadcrumb","itemListElement":[{"@type":"ListItem","position":1,"name":"Home","item":"https:\/\/ruishengglassco.com\/"},{"@type":"ListItem","position":2,"name":"Products","item":"https:\/\/ruishengglassco.com\/products"},{"@type":"ListItem","position":3,"name":"RS066: 700ml Clear Bottles Manufacturers"}]},{"@type":"WebSite","@id":"https:\/\/ruishengglassco.com\/#website","url":"https:\/\/ruishengglassco.com\/","name":"Ruisheng Glass","description":"","publisher":{"@id":"https:\/\/ruishengglassco.com\/#organization"},"potentialAction":[{"@type":"SearchAction","target":{"@type":"EntryPoint","urlTemplate":"https:\/\/ruishengglassco.com\/?s={search_term_string}"},"query-input":"required name=search_term_string"}],"inLanguage":"es"},{"@type":"Organization","@id":"https:\/\/ruishengglassco.com\/#organization","name":"Shandong Yuncheng Ruisheng Glass Co., Ltd","url":"https:\/\/ruishengglassco.com\/","logo":{"@type":"ImageObject","inLanguage":"es","@id":"https:\/\/ruishengglassco.com\/#\/schema\/logo\/image\/","url":"https:\/\/ruishengglassco.com\/wp-content\/uploads\/2023\/09\/ruisheng_logo_icon.webp","contentUrl":"https:\/\/ruishengglassco.com\/wp-content\/uploads\/2023\/09\/ruisheng_logo_icon.webp","width":400,"height":233,"caption":"Shandong Yuncheng Ruisheng Glass Co., Ltd"},"image":{"@id":"https:\/\/ruishengglassco.com\/#\/schema\/logo\/image\/"},"sameAs":["https:\/\/www.facebook.com\/ruishengglassbottles","https:\/\/www.instagram.com\/Ruishengglassbottlewholesales\/","https:\/\/www.youtube.com\/channel\/UCMmbMNGwsL-XrtjfSFLCdVQ"]}]}},"_links":{"self":[{"href":"https:\/\/ruishengglassco.com\/es\/wp-json\/wp\/v2\/product\/4266","targetHints":{"allow":["GET"]}}],"collection":[{"href":"https:\/\/ruishengglassco.com\/es\/wp-json\/wp\/v2\/product"}],"about":[{"href":"https:\/\/ruishengglassco.com\/es\/wp-json\/wp\/v2\/types\/product"}],"replies":[{"embeddable":true,"href":"https:\/\/ruishengglassco.com\/es\/wp-json\/wp\/v2\/comments?post=4266"}],"wp:featuredmedia":[{"embeddable":true,"href":"https:\/\/ruishengglassco.com\/es\/wp-json\/wp\/v2\/media\/4267"}],"wp:attachment":[{"href":"https:\/\/ruishengglassco.com\/es\/wp-json\/wp\/v2\/media?parent=4266"}],"wp:term":[{"taxonomy":"product_cat","embeddable":true,"href":"https:\/\/ruishengglassco.com\/es\/wp-json\/wp\/v2\/product_cat?post=4266"}],"curies":[{"name":"wp","href":"https:\/\/api.w.org\/{rel}","templated":true}]}}