{"id":4261,"date":"2025-03-15T11:11:06","date_gmt":"2025-03-15T03:11:06","guid":{"rendered":"https:\/\/ruishengglassco.com\/?post_type=product&#038;p=4261"},"modified":"2025-09-11T16:15:43","modified_gmt":"2025-09-11T08:15:43","slug":"rs069-encargo-500ml-botellas-de-vidrio-liquido-proveedor","status":"publish","type":"product","link":"https:\/\/ruishengglassco.com\/es\/producto\/rs069-encargo-500ml-botellas-de-vidrio-liquido-proveedor","title":{"rendered":"RS069: Proveedor de botellas de vidrio para l\u00edquidos de 500 ml personalizadas"},"content":{"rendered":"<p>Las botellas de vidrio l\u00edquido de 500ml al por mayor se hace en Shandong Yuncheng Ruisheng Glass Co, Ltd.. Nuestra empresa es uno de los mayores fabricantes de botellas de vidrio para bebidas espirituosas en China. Hemos estado trabajando en la producci\u00f3n de diversos tipos de botellas de vidrio para l\u00edquidos.<\/p>\n<p>Como proveedor profesional de botellas personalizadas, Ruisheng ha invertido 2 l\u00edneas de producci\u00f3n de la m\u00e1quina totalmente autom\u00e1tica 8S m\u00e1s avanzada, 3 l\u00edneas de producci\u00f3n de m\u00e1quinas manuales CNC, 4 l\u00edneas de producci\u00f3n de m\u00e1quinas semiautom\u00e1ticas CNC. Nuestra f\u00e1brica tambi\u00e9n tiene 2 juegos de m\u00e1quinas IS. La m\u00e1quina 8S y las m\u00e1quinas CNC se utilizan para producir botellas de vidrio de primer grado - botellas de vidrio de pedernal de cena. La producci\u00f3n diaria es de 120.000 piezas. Las m\u00e1quinas IS se utilizan para producir botellas de vidrio de grado medio, y su producci\u00f3n diaria es de 200.000 piezas. Y nuestra empresa cuenta con m\u00e1s de 500 empleados y un grupo de ingenieros cualificados. Con la rica experiencia y tecnolog\u00eda avanzada, hemos conseguido una buena reputaci\u00f3n de nuestros clientes en todo el mundo.<\/p>\n<p>Nuestra botella de vidrio de 500ml al por mayor se utiliza para la celebraci\u00f3n de vodka, whisky, ginebra, ron, brandy, bebidas y otros licores. No s\u00f3lo estamos haciendo esta botella de vidrio l\u00edquido transparente, pero tambi\u00e9n podemos producir botellas de vidrio verde claro y verde oscuro. Y podemos ofrecer el corcho o tap\u00f3n a juego.<\/p>\n<p>Utilizamos la materia prima de vidrio de alto pedernal para hacer las botellas vac\u00edas de vidrio para l\u00edquidos de 500 ml. Esta materia prima hace que la botella de vidrio sea m\u00e1s clara, m\u00e1s duradera y m\u00e1s suave.<\/p>\n<h2>Detalles del proveedor de botellas de vidrio para l\u00edquidos de 500 ml<\/h2>\n<ul>\n<li>Material principal: Vidrio de alto s\u00edlex ( este material tambi\u00e9n se llama vidrio blanco cristalino )<\/li>\n<li>Tapa: Corcho ( Podemos ofrecer diferentes colores y diferentes materiales para el mismo, como el color dorado, color plata, material de alto pol\u00edmero, material complejo, material de madera)<\/li>\n<li>Referencia: RS069<\/li>\n<li>MOQ: 10000 PCS<\/li>\n<li>Capacidad: 500ml ( otra capacidad es v\u00e1lida, como 700ml, 750ml y as\u00ed sucesivamente )<\/li>\n<li>Peso: 580 g<\/li>\n<li>Pcs\/Ctn: 24pcs ( caja de color personalizado es aceptable)<\/li>\n<li>Puerto: Qingdao, China<\/li>\n<li>Origen del lugar: Shandong, China<\/li>\n<li>Caracter\u00edstica: Ecol\u00f3gico<\/li>\n<\/ul>\n<p>\u00bfY c\u00f3mo elegir botellas de vidrio e-l\u00edquido? Elija la botella de vidrio de 500 ml esp\u00edritu derecho, el primero es la calidad de las botellas de l\u00edquido, botella de vidrio de alta calidad es capaz de garantizar la calidad de licor y mejorar su v\u00e1lvula. Adem\u00e1s, los clientes tambi\u00e9n deben prestar atenci\u00f3n a la calidad de los productos de licor, sabores de licor, y la propaganda cultural para seleccionar una botella de vidrio e-l\u00edquido. Adicional, elegir y comprar el producto de botella de licor necesidad de elegir un fabricante de botellas de licor regular, para asegurar la calidad y el precio de las botellas de alcohol.<\/p>\n<p>Si no quiere comprar los accesorios a diferentes empresas, tambi\u00e9n podemos ofrecerle un servicio integral. S\u00f3lo tiene que decirnos sus demandas, podemos ofrecer los accesorios para usted. Podemos hacer el procesamiento profundo en la botella como esmerilado, calcoman\u00eda, pintado y as\u00ed sucesivamente.<\/p>\n<p>Adem\u00e1s de botellas de vidrio para l\u00edquidos de 500ml al por mayor, Shandong Yuncheng Ruisheng tiene botellas de licor de 250ml, botellas de licor de 375ml, botellas de vidrio de 700ml, botellas de vidrio para licor de 750ml, botellas de vidrio de 1000ml con corcho, botellas de vidrio de 1,5 litros y etc. Por supuesto, como fabricantes de botellas personalizadas, podemos dise\u00f1ar la capacidad de acuerdo a su requerimiento.<\/p>","protected":false},"excerpt":{"rendered":"<table class=\"tg\">\n<tbody>\n<tr>\n<th class=\"tg-24i8\" colspan=\"2\">Botellas de vidrio para l\u00edquidos de 500 ml al por mayor<\/th>\n<\/tr>\n<tr>\n<td class=\"tg-b7b8\">Referencia:<\/td>\n<td class=\"tg-b7b8\">RS069<\/td>\n<\/tr>\n<tr>\n<td class=\"tg-yw4l\">Material principal:<\/td>\n<td class=\"tg-yw4l\">Vidrio de alto s\u00edlex ( este material tambi\u00e9n se denomina vidrio blanco cristalino )<\/td>\n<\/tr>\n<tr>\n<td class=\"tg-b7b8\">Cap:<\/td>\n<td class=\"tg-b7b8\">Corcho<\/td>\n<\/tr>\n<tr>\n<td class=\"tg-yw4l\">Capacidad:<\/td>\n<td class=\"tg-yw4l\">500 ml<\/td>\n<\/tr>\n<tr>\n<td class=\"tg-b7b8\">Caracter\u00edstica:<\/td>\n<td class=\"tg-b7b8\">Ecol\u00f3gico<\/td>\n<\/tr>\n<tr>\n<td class=\"tg-yw4l\">MOQ:<\/td>\n<td class=\"tg-yw4l\">10000 UNIDADES<\/td>\n<\/tr>\n<tr>\n<td class=\"tg-b7b8\">Manera de embalar:<\/td>\n<td class=\"tg-b7b8\">Cart\u00f3n est\u00e1ndar para exportaci\u00f3n \/ Pal\u00e9 \/ cart\u00f3n est\u00e1ndar para exportaci\u00f3n y pal\u00e9<\/td>\n<\/tr>\n<tr>\n<td class=\"tg-yw4l\">OEM\/ODM:<\/td>\n<td class=\"tg-yw4l\">Bienvenido<\/td>\n<\/tr>\n<tr>\n<td class=\"tg-b7b8\">Origen del lugar:<\/td>\n<td class=\"tg-b7b8\">Shandong,China<\/td>\n<\/tr>\n<tr>\n<td class=\"tg-yw4l\">Piezas\/Ctn:<\/td>\n<td class=\"tg-yw4l\">24 unidades o seg\u00fan las necesidades del cliente<\/td>\n<\/tr>\n<\/tbody>\n<\/table>","protected":false},"featured_media":4262,"comment_status":"closed","ping_status":"closed","template":"","meta":[],"product_cat":[41],"class_list":{"0":"post-4261","1":"product","2":"type-product","3":"status-publish","4":"has-post-thumbnail","6":"product_cat-500ml-liquor-bottle-manufacturer","8":"first","9":"instock","10":"shipping-taxable","11":"product-type-simple"},"yoast_head":"<!-- This site is optimized with the Yoast SEO plugin v22.0 - https:\/\/yoast.com\/wordpress\/plugins\/seo\/ -->\n<title>500ml Liquid Glass Bottles Wholesale | Empty Spirit Bottle Manufacturer<\/title>\n<meta name=\"description\" content=\"Ruisheng, a professional China Spirit Bottle Manufacturer, provide 500ml Liquid Glass Bottles Supplier For spirit. Factory Outlet&amp;Free Sample.\" \/>\n<meta name=\"robots\" content=\"index, follow, max-snippet:-1, max-image-preview:large, max-video-preview:-1\" \/>\n<link rel=\"canonical\" href=\"https:\/\/ruishengglassco.com\/es\/producto\/rs069-encargo-500ml-botellas-de-vidrio-liquido-proveedor\" \/>\n<meta property=\"og:locale\" content=\"es_ES\" \/>\n<meta property=\"og:type\" content=\"article\" \/>\n<meta property=\"og:title\" content=\"500ml Liquid Glass Bottles Wholesale | Empty Spirit Bottle Manufacturer\" \/>\n<meta property=\"og:description\" content=\"Ruisheng, a professional China Spirit Bottle Manufacturer, provide 500ml Liquid Glass Bottles Supplier For spirit. Factory Outlet&amp;Free Sample.\" \/>\n<meta property=\"og:url\" content=\"https:\/\/ruishengglassco.com\/es\/producto\/rs069-encargo-500ml-botellas-de-vidrio-liquido-proveedor\" \/>\n<meta property=\"article:publisher\" content=\"https:\/\/www.facebook.com\/ruishengglassbottles\" \/>\n<meta property=\"article:modified_time\" content=\"2025-09-11T08:15:43+00:00\" \/>\n<meta property=\"og:image\" content=\"https:\/\/ruishengglassco.com\/wp-content\/uploads\/2025\/03\/RS069-Custom-500ml-Liquid-Glass-Bottles-Wholesale.webp\" \/>\n\t<meta property=\"og:image:width\" content=\"800\" \/>\n\t<meta property=\"og:image:height\" content=\"800\" \/>\n\t<meta property=\"og:image:type\" content=\"image\/webp\" \/>\n<meta name=\"twitter:card\" content=\"summary_large_image\" \/>\n<meta name=\"twitter:label1\" content=\"Tiempo de lectura\" \/>\n\t<meta name=\"twitter:data1\" content=\"3 minutos\" \/>\n<script type=\"application\/ld+json\" class=\"yoast-schema-graph\">{\"@context\":\"https:\/\/schema.org\",\"@graph\":[{\"@type\":\"WebPage\",\"@id\":\"https:\/\/ruishengglassco.com\/product\/rs069-custom-500ml-liquid-glass-bottles-supplier\",\"url\":\"https:\/\/ruishengglassco.com\/product\/rs069-custom-500ml-liquid-glass-bottles-supplier\",\"name\":\"500ml Liquid Glass Bottles Wholesale | Empty Spirit Bottle Manufacturer\",\"isPartOf\":{\"@id\":\"https:\/\/ruishengglassco.com\/#website\"},\"datePublished\":\"2025-03-15T03:11:06+00:00\",\"dateModified\":\"2025-09-11T08:15:43+00:00\",\"description\":\"Ruisheng, a professional China Spirit Bottle Manufacturer, provide 500ml Liquid Glass Bottles Supplier For spirit. Factory Outlet&Free Sample.\",\"breadcrumb\":{\"@id\":\"https:\/\/ruishengglassco.com\/product\/rs069-custom-500ml-liquid-glass-bottles-supplier#breadcrumb\"},\"inLanguage\":\"es\",\"potentialAction\":[{\"@type\":\"ReadAction\",\"target\":[\"https:\/\/ruishengglassco.com\/product\/rs069-custom-500ml-liquid-glass-bottles-supplier\"]}]},{\"@type\":\"BreadcrumbList\",\"@id\":\"https:\/\/ruishengglassco.com\/product\/rs069-custom-500ml-liquid-glass-bottles-supplier#breadcrumb\",\"itemListElement\":[{\"@type\":\"ListItem\",\"position\":1,\"name\":\"Home\",\"item\":\"https:\/\/ruishengglassco.com\/\"},{\"@type\":\"ListItem\",\"position\":2,\"name\":\"Products\",\"item\":\"https:\/\/ruishengglassco.com\/products\"},{\"@type\":\"ListItem\",\"position\":3,\"name\":\"RS069: Custom 500ml Liquid Glass Bottles Supplier\"}]},{\"@type\":\"WebSite\",\"@id\":\"https:\/\/ruishengglassco.com\/#website\",\"url\":\"https:\/\/ruishengglassco.com\/\",\"name\":\"Ruisheng Glass\",\"description\":\"\",\"publisher\":{\"@id\":\"https:\/\/ruishengglassco.com\/#organization\"},\"potentialAction\":[{\"@type\":\"SearchAction\",\"target\":{\"@type\":\"EntryPoint\",\"urlTemplate\":\"https:\/\/ruishengglassco.com\/?s={search_term_string}\"},\"query-input\":\"required name=search_term_string\"}],\"inLanguage\":\"es\"},{\"@type\":\"Organization\",\"@id\":\"https:\/\/ruishengglassco.com\/#organization\",\"name\":\"Shandong Yuncheng Ruisheng Glass Co., Ltd\",\"url\":\"https:\/\/ruishengglassco.com\/\",\"logo\":{\"@type\":\"ImageObject\",\"inLanguage\":\"es\",\"@id\":\"https:\/\/ruishengglassco.com\/#\/schema\/logo\/image\/\",\"url\":\"https:\/\/ruishengglassco.com\/wp-content\/uploads\/2023\/09\/ruisheng_logo_icon.webp\",\"contentUrl\":\"https:\/\/ruishengglassco.com\/wp-content\/uploads\/2023\/09\/ruisheng_logo_icon.webp\",\"width\":400,\"height\":233,\"caption\":\"Shandong Yuncheng Ruisheng Glass Co., Ltd\"},\"image\":{\"@id\":\"https:\/\/ruishengglassco.com\/#\/schema\/logo\/image\/\"},\"sameAs\":[\"https:\/\/www.facebook.com\/ruishengglassbottles\",\"https:\/\/www.instagram.com\/Ruishengglassbottlewholesales\/\",\"https:\/\/www.youtube.com\/channel\/UCMmbMNGwsL-XrtjfSFLCdVQ\"]}]}<\/script>\n<!-- \/ Yoast SEO plugin. -->","yoast_head_json":{"title":"500ml Liquid Glass Bottles Wholesale | Empty Spirit Bottle Manufacturer","description":"Ruisheng, a professional China Spirit Bottle Manufacturer, provide 500ml Liquid Glass Bottles Supplier For spirit. Factory Outlet&Free Sample.","robots":{"index":"index","follow":"follow","max-snippet":"max-snippet:-1","max-image-preview":"max-image-preview:large","max-video-preview":"max-video-preview:-1"},"canonical":"https:\/\/ruishengglassco.com\/es\/producto\/rs069-encargo-500ml-botellas-de-vidrio-liquido-proveedor","og_locale":"es_ES","og_type":"article","og_title":"500ml Liquid Glass Bottles Wholesale | Empty Spirit Bottle Manufacturer","og_description":"Ruisheng, a professional China Spirit Bottle Manufacturer, provide 500ml Liquid Glass Bottles Supplier For spirit. Factory Outlet&Free Sample.","og_url":"https:\/\/ruishengglassco.com\/es\/producto\/rs069-encargo-500ml-botellas-de-vidrio-liquido-proveedor","article_publisher":"https:\/\/www.facebook.com\/ruishengglassbottles","article_modified_time":"2025-09-11T08:15:43+00:00","og_image":[{"width":800,"height":800,"url":"https:\/\/ruishengglassco.com\/wp-content\/uploads\/2025\/03\/RS069-Custom-500ml-Liquid-Glass-Bottles-Wholesale.webp","type":"image\/webp"}],"twitter_card":"summary_large_image","twitter_misc":{"Tiempo de lectura":"3 minutos"},"schema":{"@context":"https:\/\/schema.org","@graph":[{"@type":"WebPage","@id":"https:\/\/ruishengglassco.com\/product\/rs069-custom-500ml-liquid-glass-bottles-supplier","url":"https:\/\/ruishengglassco.com\/product\/rs069-custom-500ml-liquid-glass-bottles-supplier","name":"500ml Liquid Glass Bottles Wholesale | Empty Spirit Bottle Manufacturer","isPartOf":{"@id":"https:\/\/ruishengglassco.com\/#website"},"datePublished":"2025-03-15T03:11:06+00:00","dateModified":"2025-09-11T08:15:43+00:00","description":"Ruisheng, a professional China Spirit Bottle Manufacturer, provide 500ml Liquid Glass Bottles Supplier For spirit. Factory Outlet&Free Sample.","breadcrumb":{"@id":"https:\/\/ruishengglassco.com\/product\/rs069-custom-500ml-liquid-glass-bottles-supplier#breadcrumb"},"inLanguage":"es","potentialAction":[{"@type":"ReadAction","target":["https:\/\/ruishengglassco.com\/product\/rs069-custom-500ml-liquid-glass-bottles-supplier"]}]},{"@type":"BreadcrumbList","@id":"https:\/\/ruishengglassco.com\/product\/rs069-custom-500ml-liquid-glass-bottles-supplier#breadcrumb","itemListElement":[{"@type":"ListItem","position":1,"name":"Home","item":"https:\/\/ruishengglassco.com\/"},{"@type":"ListItem","position":2,"name":"Products","item":"https:\/\/ruishengglassco.com\/products"},{"@type":"ListItem","position":3,"name":"RS069: Custom 500ml Liquid Glass Bottles Supplier"}]},{"@type":"WebSite","@id":"https:\/\/ruishengglassco.com\/#website","url":"https:\/\/ruishengglassco.com\/","name":"Ruisheng Glass","description":"","publisher":{"@id":"https:\/\/ruishengglassco.com\/#organization"},"potentialAction":[{"@type":"SearchAction","target":{"@type":"EntryPoint","urlTemplate":"https:\/\/ruishengglassco.com\/?s={search_term_string}"},"query-input":"required name=search_term_string"}],"inLanguage":"es"},{"@type":"Organization","@id":"https:\/\/ruishengglassco.com\/#organization","name":"Shandong Yuncheng Ruisheng Glass Co., Ltd","url":"https:\/\/ruishengglassco.com\/","logo":{"@type":"ImageObject","inLanguage":"es","@id":"https:\/\/ruishengglassco.com\/#\/schema\/logo\/image\/","url":"https:\/\/ruishengglassco.com\/wp-content\/uploads\/2023\/09\/ruisheng_logo_icon.webp","contentUrl":"https:\/\/ruishengglassco.com\/wp-content\/uploads\/2023\/09\/ruisheng_logo_icon.webp","width":400,"height":233,"caption":"Shandong Yuncheng Ruisheng Glass Co., Ltd"},"image":{"@id":"https:\/\/ruishengglassco.com\/#\/schema\/logo\/image\/"},"sameAs":["https:\/\/www.facebook.com\/ruishengglassbottles","https:\/\/www.instagram.com\/Ruishengglassbottlewholesales\/","https:\/\/www.youtube.com\/channel\/UCMmbMNGwsL-XrtjfSFLCdVQ"]}]}},"_links":{"self":[{"href":"https:\/\/ruishengglassco.com\/es\/wp-json\/wp\/v2\/product\/4261","targetHints":{"allow":["GET"]}}],"collection":[{"href":"https:\/\/ruishengglassco.com\/es\/wp-json\/wp\/v2\/product"}],"about":[{"href":"https:\/\/ruishengglassco.com\/es\/wp-json\/wp\/v2\/types\/product"}],"replies":[{"embeddable":true,"href":"https:\/\/ruishengglassco.com\/es\/wp-json\/wp\/v2\/comments?post=4261"}],"wp:featuredmedia":[{"embeddable":true,"href":"https:\/\/ruishengglassco.com\/es\/wp-json\/wp\/v2\/media\/4262"}],"wp:attachment":[{"href":"https:\/\/ruishengglassco.com\/es\/wp-json\/wp\/v2\/media?parent=4261"}],"wp:term":[{"taxonomy":"product_cat","embeddable":true,"href":"https:\/\/ruishengglassco.com\/es\/wp-json\/wp\/v2\/product_cat?post=4261"}],"curies":[{"name":"wp","href":"https:\/\/api.w.org\/{rel}","templated":true}]}}