{"id":4254,"date":"2025-03-15T11:04:10","date_gmt":"2025-03-15T03:04:10","guid":{"rendered":"https:\/\/ruishengglassco.com\/?post_type=product&#038;p=4254"},"modified":"2025-07-17T14:14:16","modified_gmt":"2025-07-17T06:14:16","slug":"rs074-500ml-botellas-de-vidrio-unicas-al-por-mayor","status":"publish","type":"product","link":"https:\/\/ruishengglassco.com\/es\/producto\/rs074-500ml-botellas-de-vidrio-unicas-al-por-mayor","title":{"rendered":"RS074: 500ml Botellas de vidrio \u00fanico Fabricantes"},"content":{"rendered":"<p>La botella de cristal \u00fanica de 500 ml al por mayor est\u00e1 fabricada en China. Esta botella de vidrio es el hogar perfecto no s\u00f3lo para el whisky, pero para todo tipo de bebidas espirituosas y mucho m\u00e1s. Esta botellas de vidrio especiales son hechas por uno de los mayores proveedores de botellas de vidrio-Ruisheng. Y exportar a Europa, EE.UU., Australia, Am\u00e9rica, etc.<\/p>\n<p>Estas botellas de vidrio \u00fanicas de 500 ml al por mayor se fabrican con m\u00e1quinas totalmente autom\u00e1ticas. Hay 12 l\u00edneas de producci\u00f3n en nuestra f\u00e1brica, y nuestra producci\u00f3n es de alrededor de 120.000 piezas por d\u00eda. Podemos terminar todos los pedidos a tiempo. As\u00ed que no se preocupe por nuestro tiempo de entrega de las botellas de vidrio.<\/p>\n<p>Nuestra f\u00e1brica ofrece botellas de vidrio de alta calidad disponibles para una gran variedad de usos: alimentaci\u00f3n y bebidas, envasado al por mayor, recuerdos de boda, artesan\u00eda y mucho m\u00e1s. Tanto si necesita envases para una nueva l\u00ednea de productos de bebidas como si los necesita para envasar sus productos actuales.<\/p>\n<h2>Los detalles de 500ml Botellas de vidrio \u00fanico al por mayor<\/h2>\n<p>Esta botella de vidrio \u00fanica de 500ml est\u00e1 hecha con material de vidrio de alto pedernal que hace que la botella de vidrio sea m\u00e1s clara, m\u00e1s duradera y m\u00e1s suave. El peso del vidrio es 620g y con un fondo de espesor.<\/p>\n<p>Podemos hacer un procesamiento profundo en estas botellas de vidrio al por mayor. Tales como el logotipo de calcoman\u00eda, helado, color de la pintura, etiqueta engomada y otro procesamiento profundo en las botellas de vidrio. Tambi\u00e9n podemos ofrecer diferentes colores y diferentes materiales T - corcho para este 500ml botellas de vidrio \u00fanico al por mayor. Sobre el color de T - corcho, podemos hacerlo con el color rojo, color dorado, color plata, y otro color personalizado. En cuanto al material del corcho T, podemos ofrecer corcho de alto pol\u00edmero, corcho complejo y corcho de madera.<\/p>\n<p>Como somos el fabricante profesional de botellas de vidrio, podemos ofrecer las mejores botellas de vidrio l\u00edquido para el cliente, no importa las botellas de vidrio existentes o botellas de vidrio personalizadas. Y todas las botellas de vidrio ser\u00eda un precio razonable.<\/p>\n<p>Si desea comprar botellas de vidrio de 500 ml, botellas de vidrio \u00fanicas o botellas de vidrio personalizadas, p\u00f3ngase en contacto con nosotros. Haremos todo lo posible para usted.<\/p>","protected":false},"excerpt":{"rendered":"<p>Nuestros principales productos son botellas de vidrio de primera calidad, tales como botellas de vodka, botellas de brandy, botellas de whisky, botellas de licor, botellas de mermelada, y as\u00ed sucesivamente. Tambi\u00e9n podemos ofrecer botellas de vidrio \u00e1mbar, botellas verdes y botellas de agua. Nuestros principales mercados son Europa, EE.UU., Australia y Am\u00e9rica. Todos nuestros productos son bien conocidos por su innovaci\u00f3n y funcionalidad.<\/p>","protected":false},"featured_media":4255,"comment_status":"closed","ping_status":"closed","template":"","meta":[],"product_cat":[41],"class_list":{"0":"post-4254","1":"product","2":"type-product","3":"status-publish","4":"has-post-thumbnail","6":"product_cat-500ml-liquor-bottle-manufacturer","8":"first","9":"instock","10":"shipping-taxable","11":"product-type-simple"},"yoast_head":"<!-- This site is optimized with the Yoast SEO plugin v22.0 - https:\/\/yoast.com\/wordpress\/plugins\/seo\/ -->\n<title>500ml Unique Glass Bottles Manufacturers | China Alcohol Bottle Suppliers<\/title>\n<meta name=\"description\" content=\"Do you want to buy 500ml unique glass bottles Manufacturers from China Alcohol bottle suppliers? Factory Outlet&amp;Cheap Price. Custom Service Offered.\" \/>\n<meta name=\"robots\" content=\"index, follow, max-snippet:-1, max-image-preview:large, max-video-preview:-1\" \/>\n<link rel=\"canonical\" href=\"https:\/\/ruishengglassco.com\/es\/producto\/rs074-500ml-botellas-de-vidrio-unicas-al-por-mayor\" \/>\n<meta property=\"og:locale\" content=\"es_ES\" \/>\n<meta property=\"og:type\" content=\"article\" \/>\n<meta property=\"og:title\" content=\"500ml Unique Glass Bottles Manufacturers | China Alcohol Bottle Suppliers\" \/>\n<meta property=\"og:description\" content=\"Do you want to buy 500ml unique glass bottles Manufacturers from China Alcohol bottle suppliers? Factory Outlet&amp;Cheap Price. Custom Service Offered.\" \/>\n<meta property=\"og:url\" content=\"https:\/\/ruishengglassco.com\/es\/producto\/rs074-500ml-botellas-de-vidrio-unicas-al-por-mayor\" \/>\n<meta property=\"article:publisher\" content=\"https:\/\/www.facebook.com\/ruishengglassbottles\" \/>\n<meta property=\"article:modified_time\" content=\"2025-07-17T06:14:16+00:00\" \/>\n<meta property=\"og:image\" content=\"https:\/\/ruishengglassco.com\/wp-content\/uploads\/2025\/03\/RS074-500ml-Unique-Glass-Bottles-Wholesale.webp\" \/>\n\t<meta property=\"og:image:width\" content=\"800\" \/>\n\t<meta property=\"og:image:height\" content=\"800\" \/>\n\t<meta property=\"og:image:type\" content=\"image\/webp\" \/>\n<meta name=\"twitter:card\" content=\"summary_large_image\" \/>\n<meta name=\"twitter:label1\" content=\"Tiempo de lectura\" \/>\n\t<meta name=\"twitter:data1\" content=\"2 minutos\" \/>\n<script type=\"application\/ld+json\" class=\"yoast-schema-graph\">{\"@context\":\"https:\/\/schema.org\",\"@graph\":[{\"@type\":\"WebPage\",\"@id\":\"https:\/\/ruishengglassco.com\/product\/rs074-500ml-unique-glass-bottles-wholesale\",\"url\":\"https:\/\/ruishengglassco.com\/product\/rs074-500ml-unique-glass-bottles-wholesale\",\"name\":\"500ml Unique Glass Bottles Manufacturers | China Alcohol Bottle Suppliers\",\"isPartOf\":{\"@id\":\"https:\/\/ruishengglassco.com\/#website\"},\"datePublished\":\"2025-03-15T03:04:10+00:00\",\"dateModified\":\"2025-07-17T06:14:16+00:00\",\"description\":\"Do you want to buy 500ml unique glass bottles Manufacturers from China Alcohol bottle suppliers? Factory Outlet&Cheap Price. Custom Service Offered.\",\"breadcrumb\":{\"@id\":\"https:\/\/ruishengglassco.com\/product\/rs074-500ml-unique-glass-bottles-wholesale#breadcrumb\"},\"inLanguage\":\"es\",\"potentialAction\":[{\"@type\":\"ReadAction\",\"target\":[\"https:\/\/ruishengglassco.com\/product\/rs074-500ml-unique-glass-bottles-wholesale\"]}]},{\"@type\":\"BreadcrumbList\",\"@id\":\"https:\/\/ruishengglassco.com\/product\/rs074-500ml-unique-glass-bottles-wholesale#breadcrumb\",\"itemListElement\":[{\"@type\":\"ListItem\",\"position\":1,\"name\":\"Home\",\"item\":\"https:\/\/ruishengglassco.com\/\"},{\"@type\":\"ListItem\",\"position\":2,\"name\":\"Products\",\"item\":\"https:\/\/ruishengglassco.com\/products\"},{\"@type\":\"ListItem\",\"position\":3,\"name\":\"RS074: 500ml Unique Glass Bottles Manufacturers\"}]},{\"@type\":\"WebSite\",\"@id\":\"https:\/\/ruishengglassco.com\/#website\",\"url\":\"https:\/\/ruishengglassco.com\/\",\"name\":\"Ruisheng Glass\",\"description\":\"\",\"publisher\":{\"@id\":\"https:\/\/ruishengglassco.com\/#organization\"},\"potentialAction\":[{\"@type\":\"SearchAction\",\"target\":{\"@type\":\"EntryPoint\",\"urlTemplate\":\"https:\/\/ruishengglassco.com\/?s={search_term_string}\"},\"query-input\":\"required name=search_term_string\"}],\"inLanguage\":\"es\"},{\"@type\":\"Organization\",\"@id\":\"https:\/\/ruishengglassco.com\/#organization\",\"name\":\"Shandong Yuncheng Ruisheng Glass Co., Ltd\",\"url\":\"https:\/\/ruishengglassco.com\/\",\"logo\":{\"@type\":\"ImageObject\",\"inLanguage\":\"es\",\"@id\":\"https:\/\/ruishengglassco.com\/#\/schema\/logo\/image\/\",\"url\":\"https:\/\/ruishengglassco.com\/wp-content\/uploads\/2023\/09\/ruisheng_logo_icon.webp\",\"contentUrl\":\"https:\/\/ruishengglassco.com\/wp-content\/uploads\/2023\/09\/ruisheng_logo_icon.webp\",\"width\":400,\"height\":233,\"caption\":\"Shandong Yuncheng Ruisheng Glass Co., Ltd\"},\"image\":{\"@id\":\"https:\/\/ruishengglassco.com\/#\/schema\/logo\/image\/\"},\"sameAs\":[\"https:\/\/www.facebook.com\/ruishengglassbottles\",\"https:\/\/www.instagram.com\/Ruishengglassbottlewholesales\/\",\"https:\/\/www.youtube.com\/channel\/UCMmbMNGwsL-XrtjfSFLCdVQ\"]}]}<\/script>\n<!-- \/ Yoast SEO plugin. -->","yoast_head_json":{"title":"500ml Unique Glass Bottles Manufacturers | China Alcohol Bottle Suppliers","description":"Do you want to buy 500ml unique glass bottles Manufacturers from China Alcohol bottle suppliers? Factory Outlet&Cheap Price. Custom Service Offered.","robots":{"index":"index","follow":"follow","max-snippet":"max-snippet:-1","max-image-preview":"max-image-preview:large","max-video-preview":"max-video-preview:-1"},"canonical":"https:\/\/ruishengglassco.com\/es\/producto\/rs074-500ml-botellas-de-vidrio-unicas-al-por-mayor","og_locale":"es_ES","og_type":"article","og_title":"500ml Unique Glass Bottles Manufacturers | China Alcohol Bottle Suppliers","og_description":"Do you want to buy 500ml unique glass bottles Manufacturers from China Alcohol bottle suppliers? Factory Outlet&Cheap Price. Custom Service Offered.","og_url":"https:\/\/ruishengglassco.com\/es\/producto\/rs074-500ml-botellas-de-vidrio-unicas-al-por-mayor","article_publisher":"https:\/\/www.facebook.com\/ruishengglassbottles","article_modified_time":"2025-07-17T06:14:16+00:00","og_image":[{"width":800,"height":800,"url":"https:\/\/ruishengglassco.com\/wp-content\/uploads\/2025\/03\/RS074-500ml-Unique-Glass-Bottles-Wholesale.webp","type":"image\/webp"}],"twitter_card":"summary_large_image","twitter_misc":{"Tiempo de lectura":"2 minutos"},"schema":{"@context":"https:\/\/schema.org","@graph":[{"@type":"WebPage","@id":"https:\/\/ruishengglassco.com\/product\/rs074-500ml-unique-glass-bottles-wholesale","url":"https:\/\/ruishengglassco.com\/product\/rs074-500ml-unique-glass-bottles-wholesale","name":"500ml Unique Glass Bottles Manufacturers | China Alcohol Bottle Suppliers","isPartOf":{"@id":"https:\/\/ruishengglassco.com\/#website"},"datePublished":"2025-03-15T03:04:10+00:00","dateModified":"2025-07-17T06:14:16+00:00","description":"Do you want to buy 500ml unique glass bottles Manufacturers from China Alcohol bottle suppliers? Factory Outlet&Cheap Price. Custom Service Offered.","breadcrumb":{"@id":"https:\/\/ruishengglassco.com\/product\/rs074-500ml-unique-glass-bottles-wholesale#breadcrumb"},"inLanguage":"es","potentialAction":[{"@type":"ReadAction","target":["https:\/\/ruishengglassco.com\/product\/rs074-500ml-unique-glass-bottles-wholesale"]}]},{"@type":"BreadcrumbList","@id":"https:\/\/ruishengglassco.com\/product\/rs074-500ml-unique-glass-bottles-wholesale#breadcrumb","itemListElement":[{"@type":"ListItem","position":1,"name":"Home","item":"https:\/\/ruishengglassco.com\/"},{"@type":"ListItem","position":2,"name":"Products","item":"https:\/\/ruishengglassco.com\/products"},{"@type":"ListItem","position":3,"name":"RS074: 500ml Unique Glass Bottles Manufacturers"}]},{"@type":"WebSite","@id":"https:\/\/ruishengglassco.com\/#website","url":"https:\/\/ruishengglassco.com\/","name":"Ruisheng Glass","description":"","publisher":{"@id":"https:\/\/ruishengglassco.com\/#organization"},"potentialAction":[{"@type":"SearchAction","target":{"@type":"EntryPoint","urlTemplate":"https:\/\/ruishengglassco.com\/?s={search_term_string}"},"query-input":"required name=search_term_string"}],"inLanguage":"es"},{"@type":"Organization","@id":"https:\/\/ruishengglassco.com\/#organization","name":"Shandong Yuncheng Ruisheng Glass Co., Ltd","url":"https:\/\/ruishengglassco.com\/","logo":{"@type":"ImageObject","inLanguage":"es","@id":"https:\/\/ruishengglassco.com\/#\/schema\/logo\/image\/","url":"https:\/\/ruishengglassco.com\/wp-content\/uploads\/2023\/09\/ruisheng_logo_icon.webp","contentUrl":"https:\/\/ruishengglassco.com\/wp-content\/uploads\/2023\/09\/ruisheng_logo_icon.webp","width":400,"height":233,"caption":"Shandong Yuncheng Ruisheng Glass Co., Ltd"},"image":{"@id":"https:\/\/ruishengglassco.com\/#\/schema\/logo\/image\/"},"sameAs":["https:\/\/www.facebook.com\/ruishengglassbottles","https:\/\/www.instagram.com\/Ruishengglassbottlewholesales\/","https:\/\/www.youtube.com\/channel\/UCMmbMNGwsL-XrtjfSFLCdVQ"]}]}},"_links":{"self":[{"href":"https:\/\/ruishengglassco.com\/es\/wp-json\/wp\/v2\/product\/4254","targetHints":{"allow":["GET"]}}],"collection":[{"href":"https:\/\/ruishengglassco.com\/es\/wp-json\/wp\/v2\/product"}],"about":[{"href":"https:\/\/ruishengglassco.com\/es\/wp-json\/wp\/v2\/types\/product"}],"replies":[{"embeddable":true,"href":"https:\/\/ruishengglassco.com\/es\/wp-json\/wp\/v2\/comments?post=4254"}],"wp:featuredmedia":[{"embeddable":true,"href":"https:\/\/ruishengglassco.com\/es\/wp-json\/wp\/v2\/media\/4255"}],"wp:attachment":[{"href":"https:\/\/ruishengglassco.com\/es\/wp-json\/wp\/v2\/media?parent=4254"}],"wp:term":[{"taxonomy":"product_cat","embeddable":true,"href":"https:\/\/ruishengglassco.com\/es\/wp-json\/wp\/v2\/product_cat?post=4254"}],"curies":[{"name":"wp","href":"https:\/\/api.w.org\/{rel}","templated":true}]}}