{"id":4252,"date":"2025-03-15T11:00:36","date_gmt":"2025-03-15T03:00:36","guid":{"rendered":"https:\/\/ruishengglassco.com\/?post_type=product&#038;p=4252"},"modified":"2025-07-17T14:13:22","modified_gmt":"2025-07-17T06:13:22","slug":"rs075-500ml-botellas-de-vidrio-con-tapon-de-corcho-al-por-mayor","status":"publish","type":"product","link":"https:\/\/ruishengglassco.com\/es\/producto\/rs075-500ml-botellas-de-vidrio-con-tapon-de-corcho-al-por-mayor","title":{"rendered":"RS075: 500ml Cork Top Botellas de vidrio Fabricantes"},"content":{"rendered":"<h2>Informaci\u00f3n detallada sobre 500ml Cork Top botellas de vidrio Fabricantes<\/h2>\n<p>Los 500 ml <strong>botellas de vidrio con tap\u00f3n de corcho al por mayor<\/strong> es uno de los productos m\u00e1s vendidos en nuestra f\u00e1brica. Esta botella de vidrio para licor tiene forma de torre, es estrecha en la parte superior y ancha en la parte inferior. El cierre de estas botellas de vidrio al por mayor es de corcho, color negro, color dorado, color plata y otros colores est\u00e1n disponibles. Est\u00e1 dise\u00f1ado principalmente para el envasado de Gin.<\/p>\n<p>La empresa Ruisheng Glass fabrica estas botellas vac\u00edas de ginebra de 500 ml. Nuestra empresa est\u00e1 situada en una ciudad famosa por sus productos de envasado de bebidas. En esta ciudad, puede encontrar todo tipo de envases de vidrio, cierres, cajas de embalaje y todo tipo de etiquetas. La empresa Ruisheng se dedica a ofrecer un servicio integral a los clientes, podemos ofrecer un profundo procesamiento y decoraci\u00f3n en las botellas de vidrio con tap\u00f3n.<\/p>\n<p>Hay 12 l\u00edneas de producci\u00f3n para botellas de vidrio con tapones de fabricaci\u00f3n en nuestra f\u00e1brica, incluyendo m\u00e1quinas totalmente autom\u00e1ticas y m\u00e1quinas semi-autom\u00e1ticas. Podemos producir 12 tipos de botellas de vidrio para bebidas espirituosas alrededor de 10.000 piezas por d\u00eda y un total de alrededor de 120.000 piezas por d\u00eda. No importa cu\u00e1ntas botellas de vidrio vac\u00edas desee, podemos producirlas para usted a tiempo.<\/p>\n<h2>Los detalles de las botellas de vidrio con tap\u00f3n de corcho de 500 ml<\/h2>\n<p>El peso de estas botellas de cristal de 500 ml con tap\u00f3n es de 550 g. Su fondo es fino y se puede ver muy bien el licor del interior. El di\u00e1metro inferior de esta botella de vidrio con tap\u00f3n es de 88 mm. Y su altura es de 280mm. Esta botella de vidrio con tap\u00f3n de corcho. Y su di\u00e1metro interior superior es de 17,5 mm, y el di\u00e1metro exterior superior es de 28,5 mm. Esta boca de botellas de vidrio al por mayor es adecuada para el corcho T est\u00e1ndar. En cuanto al color del tap\u00f3n, podemos ofrecerle diferentes colores, como negro, dorado, plateado y otros colores personalizados. Y sobre el material del corcho T, podemos ofrecer corcho de alto pol\u00edmero, corcho complejo, corcho de madera y corcho de vidrio.<\/p>\n<p>Si desea obtener m\u00e1s informaci\u00f3n sobre este botellas de corcho de vidrio o nuestra f\u00e1brica, p\u00f3ngase en contacto con nosotros.<\/p>","protected":false},"excerpt":{"rendered":"<p><span data-preserver-spaces=\"true\">Ruisheng es <\/span><span data-preserver-spaces=\"true\">a favor<\/span><span data-preserver-spaces=\"true\"> en <\/span><span data-preserver-spaces=\"true\">en<\/span><span data-preserver-spaces=\"true\"> botellas de licor de cristal.<\/span> <span data-preserver-spaces=\"true\">Ofrecen <\/span><span data-preserver-spaces=\"true\">botella de vidrio con tap\u00f3n de corcho<\/span><span data-preserver-spaces=\"true\"> servicios mayoristas para marcas y empresas de bebidas alcoh\u00f3licas.<\/span> <span data-preserver-spaces=\"true\">Esta serie <\/span><strong><span data-preserver-spaces=\"true\">de 500 ml <\/span><span data-preserver-spaces=\"true\">tapa de corcho<\/span><span data-preserver-spaces=\"true\"> botellas de vidrio <\/span><span data-preserver-spaces=\"true\">venta al por mayor<\/span><\/strong><span data-preserver-spaces=\"true\"> es uno de los productos m\u00e1s vendidos en nuestra f\u00e1brica.<\/span> <span data-preserver-spaces=\"true\">Esta botella de licor <\/span><span data-preserver-spaces=\"true\">tiene forma de<\/span><span data-preserver-spaces=\"true\"> como una torre<\/span><span data-preserver-spaces=\"true\">; es estrecha en<\/span><span data-preserver-spaces=\"true\"> la parte superior y <\/span><span data-preserver-spaces=\"true\">de ancho en<\/span><span data-preserver-spaces=\"true\"> el fondo.<\/span> <span data-preserver-spaces=\"true\">El cierre de esta botella de vidrio al por mayor es de corcho, negro <\/span><span data-preserver-spaces=\"true\">color<\/span><span data-preserver-spaces=\"true\">, dorado <\/span><span data-preserver-spaces=\"true\">color<\/span><span data-preserver-spaces=\"true\">, plata <\/span><span data-preserver-spaces=\"true\">color<\/span><span data-preserver-spaces=\"true\">, <\/span><span data-preserver-spaces=\"true\">y<\/span><span data-preserver-spaces=\"true\"> otros colores <\/span><span data-preserver-spaces=\"true\">son<\/span><span data-preserver-spaces=\"true\"> disponible.<\/span><\/p>\n<div><strong><span class=\"mceItemHidden\"><span class=\"hiddenSpellError\">-<\/span><span class=\"hiddenSpellError\">MOQ<\/span>: 10000 PCS (Alrededor de 10000 <span class=\"hiddenSpellError\">piezas<\/span>)<\/span><\/strong><\/div>\n<div><span class=\"mceItemHidden\"><span class=\"hiddenSpellError\">-Gratis<\/span>\u00a0Muestra ofrecida.<\/span><\/div>\n<div><span class=\"mceItemHidden\"><span class=\"hiddenSpellError\">-Global<\/span>\u00a0Entrega en 30 d\u00edas.<\/span><\/div>\n<div><span class=\"mceItemHidden\"><span class=\"hiddenSpellError\">-OEM<\/span>Oferta de servicios \/ODM<\/span><\/div>\n<p>Si desea conocer el precio de las botellas de vidrio al por mayor con tap\u00f3n de corcho, p\u00f3ngase en contacto con nuestro equipo de ventas.<\/p>","protected":false},"featured_media":4253,"comment_status":"closed","ping_status":"closed","template":"","meta":[],"product_cat":[41,50],"class_list":{"0":"post-4252","1":"product","2":"type-product","3":"status-publish","4":"has-post-thumbnail","6":"product_cat-500ml-liquor-bottle-manufacturer","7":"product_cat-gin-bottle","9":"first","10":"instock","11":"shipping-taxable","12":"product-type-simple"},"yoast_head":"<!-- This site is optimized with the Yoast SEO plugin v22.0 - https:\/\/yoast.com\/wordpress\/plugins\/seo\/ -->\n<title>500ml Cork Top Glass Bottles Manufacturers | Empty Gin Bottle Suppliers<\/title>\n<meta name=\"description\" content=\"Buy 500ml Cork Top Glass Bottles Manufacturers From China Empty Gin Bottle Suppliers. Factory Outlet Price&amp;Free Sample Offered. Get Quote Here.\" \/>\n<meta name=\"robots\" content=\"index, follow, max-snippet:-1, max-image-preview:large, max-video-preview:-1\" \/>\n<link rel=\"canonical\" href=\"https:\/\/ruishengglassco.com\/es\/producto\/rs075-500ml-botellas-de-vidrio-con-tapon-de-corcho-al-por-mayor\" \/>\n<meta property=\"og:locale\" content=\"es_ES\" \/>\n<meta property=\"og:type\" content=\"article\" \/>\n<meta property=\"og:title\" content=\"500ml Cork Top Glass Bottles Manufacturers | Empty Gin Bottle Suppliers\" \/>\n<meta property=\"og:description\" content=\"Buy 500ml Cork Top Glass Bottles Manufacturers From China Empty Gin Bottle Suppliers. Factory Outlet Price&amp;Free Sample Offered. Get Quote Here.\" \/>\n<meta property=\"og:url\" content=\"https:\/\/ruishengglassco.com\/es\/producto\/rs075-500ml-botellas-de-vidrio-con-tapon-de-corcho-al-por-mayor\" \/>\n<meta property=\"article:publisher\" content=\"https:\/\/www.facebook.com\/ruishengglassbottles\" \/>\n<meta property=\"article:modified_time\" content=\"2025-07-17T06:13:22+00:00\" \/>\n<meta property=\"og:image\" content=\"https:\/\/ruishengglassco.com\/wp-content\/uploads\/2025\/03\/RS075-500ml-Cork-Top-Glass-Bottles-Wholesale.webp\" \/>\n\t<meta property=\"og:image:width\" content=\"460\" \/>\n\t<meta property=\"og:image:height\" content=\"460\" \/>\n\t<meta property=\"og:image:type\" content=\"image\/webp\" \/>\n<meta name=\"twitter:card\" content=\"summary_large_image\" \/>\n<meta name=\"twitter:label1\" content=\"Tiempo de lectura\" \/>\n\t<meta name=\"twitter:data1\" content=\"2 minutos\" \/>\n<script type=\"application\/ld+json\" class=\"yoast-schema-graph\">{\"@context\":\"https:\/\/schema.org\",\"@graph\":[{\"@type\":\"WebPage\",\"@id\":\"https:\/\/ruishengglassco.com\/product\/rs075-500ml-cork-top-glass-bottles-wholesale\",\"url\":\"https:\/\/ruishengglassco.com\/product\/rs075-500ml-cork-top-glass-bottles-wholesale\",\"name\":\"500ml Cork Top Glass Bottles Manufacturers | Empty Gin Bottle Suppliers\",\"isPartOf\":{\"@id\":\"https:\/\/ruishengglassco.com\/#website\"},\"datePublished\":\"2025-03-15T03:00:36+00:00\",\"dateModified\":\"2025-07-17T06:13:22+00:00\",\"description\":\"Buy 500ml Cork Top Glass Bottles Manufacturers From China Empty Gin Bottle Suppliers. Factory Outlet Price&Free Sample Offered. Get Quote Here.\",\"breadcrumb\":{\"@id\":\"https:\/\/ruishengglassco.com\/product\/rs075-500ml-cork-top-glass-bottles-wholesale#breadcrumb\"},\"inLanguage\":\"es\",\"potentialAction\":[{\"@type\":\"ReadAction\",\"target\":[\"https:\/\/ruishengglassco.com\/product\/rs075-500ml-cork-top-glass-bottles-wholesale\"]}]},{\"@type\":\"BreadcrumbList\",\"@id\":\"https:\/\/ruishengglassco.com\/product\/rs075-500ml-cork-top-glass-bottles-wholesale#breadcrumb\",\"itemListElement\":[{\"@type\":\"ListItem\",\"position\":1,\"name\":\"Home\",\"item\":\"https:\/\/ruishengglassco.com\/\"},{\"@type\":\"ListItem\",\"position\":2,\"name\":\"Products\",\"item\":\"https:\/\/ruishengglassco.com\/products\"},{\"@type\":\"ListItem\",\"position\":3,\"name\":\"RS075: 500ml Cork Top Glass Bottles Manufacturers\"}]},{\"@type\":\"WebSite\",\"@id\":\"https:\/\/ruishengglassco.com\/#website\",\"url\":\"https:\/\/ruishengglassco.com\/\",\"name\":\"Ruisheng Glass\",\"description\":\"\",\"publisher\":{\"@id\":\"https:\/\/ruishengglassco.com\/#organization\"},\"potentialAction\":[{\"@type\":\"SearchAction\",\"target\":{\"@type\":\"EntryPoint\",\"urlTemplate\":\"https:\/\/ruishengglassco.com\/?s={search_term_string}\"},\"query-input\":\"required name=search_term_string\"}],\"inLanguage\":\"es\"},{\"@type\":\"Organization\",\"@id\":\"https:\/\/ruishengglassco.com\/#organization\",\"name\":\"Shandong Yuncheng Ruisheng Glass Co., Ltd\",\"url\":\"https:\/\/ruishengglassco.com\/\",\"logo\":{\"@type\":\"ImageObject\",\"inLanguage\":\"es\",\"@id\":\"https:\/\/ruishengglassco.com\/#\/schema\/logo\/image\/\",\"url\":\"https:\/\/ruishengglassco.com\/wp-content\/uploads\/2023\/09\/ruisheng_logo_icon.webp\",\"contentUrl\":\"https:\/\/ruishengglassco.com\/wp-content\/uploads\/2023\/09\/ruisheng_logo_icon.webp\",\"width\":400,\"height\":233,\"caption\":\"Shandong Yuncheng Ruisheng Glass Co., Ltd\"},\"image\":{\"@id\":\"https:\/\/ruishengglassco.com\/#\/schema\/logo\/image\/\"},\"sameAs\":[\"https:\/\/www.facebook.com\/ruishengglassbottles\",\"https:\/\/www.instagram.com\/Ruishengglassbottlewholesales\/\",\"https:\/\/www.youtube.com\/channel\/UCMmbMNGwsL-XrtjfSFLCdVQ\"]}]}<\/script>\n<!-- \/ Yoast SEO plugin. -->","yoast_head_json":{"title":"500ml Cork Top Glass Bottles Manufacturers | Empty Gin Bottle Suppliers","description":"Buy 500ml Cork Top Glass Bottles Manufacturers From China Empty Gin Bottle Suppliers. Factory Outlet Price&Free Sample Offered. Get Quote Here.","robots":{"index":"index","follow":"follow","max-snippet":"max-snippet:-1","max-image-preview":"max-image-preview:large","max-video-preview":"max-video-preview:-1"},"canonical":"https:\/\/ruishengglassco.com\/es\/producto\/rs075-500ml-botellas-de-vidrio-con-tapon-de-corcho-al-por-mayor","og_locale":"es_ES","og_type":"article","og_title":"500ml Cork Top Glass Bottles Manufacturers | Empty Gin Bottle Suppliers","og_description":"Buy 500ml Cork Top Glass Bottles Manufacturers From China Empty Gin Bottle Suppliers. Factory Outlet Price&Free Sample Offered. Get Quote Here.","og_url":"https:\/\/ruishengglassco.com\/es\/producto\/rs075-500ml-botellas-de-vidrio-con-tapon-de-corcho-al-por-mayor","article_publisher":"https:\/\/www.facebook.com\/ruishengglassbottles","article_modified_time":"2025-07-17T06:13:22+00:00","og_image":[{"width":460,"height":460,"url":"https:\/\/ruishengglassco.com\/wp-content\/uploads\/2025\/03\/RS075-500ml-Cork-Top-Glass-Bottles-Wholesale.webp","type":"image\/webp"}],"twitter_card":"summary_large_image","twitter_misc":{"Tiempo de lectura":"2 minutos"},"schema":{"@context":"https:\/\/schema.org","@graph":[{"@type":"WebPage","@id":"https:\/\/ruishengglassco.com\/product\/rs075-500ml-cork-top-glass-bottles-wholesale","url":"https:\/\/ruishengglassco.com\/product\/rs075-500ml-cork-top-glass-bottles-wholesale","name":"500ml Cork Top Glass Bottles Manufacturers | Empty Gin Bottle Suppliers","isPartOf":{"@id":"https:\/\/ruishengglassco.com\/#website"},"datePublished":"2025-03-15T03:00:36+00:00","dateModified":"2025-07-17T06:13:22+00:00","description":"Buy 500ml Cork Top Glass Bottles Manufacturers From China Empty Gin Bottle Suppliers. Factory Outlet Price&Free Sample Offered. Get Quote Here.","breadcrumb":{"@id":"https:\/\/ruishengglassco.com\/product\/rs075-500ml-cork-top-glass-bottles-wholesale#breadcrumb"},"inLanguage":"es","potentialAction":[{"@type":"ReadAction","target":["https:\/\/ruishengglassco.com\/product\/rs075-500ml-cork-top-glass-bottles-wholesale"]}]},{"@type":"BreadcrumbList","@id":"https:\/\/ruishengglassco.com\/product\/rs075-500ml-cork-top-glass-bottles-wholesale#breadcrumb","itemListElement":[{"@type":"ListItem","position":1,"name":"Home","item":"https:\/\/ruishengglassco.com\/"},{"@type":"ListItem","position":2,"name":"Products","item":"https:\/\/ruishengglassco.com\/products"},{"@type":"ListItem","position":3,"name":"RS075: 500ml Cork Top Glass Bottles Manufacturers"}]},{"@type":"WebSite","@id":"https:\/\/ruishengglassco.com\/#website","url":"https:\/\/ruishengglassco.com\/","name":"Ruisheng Glass","description":"","publisher":{"@id":"https:\/\/ruishengglassco.com\/#organization"},"potentialAction":[{"@type":"SearchAction","target":{"@type":"EntryPoint","urlTemplate":"https:\/\/ruishengglassco.com\/?s={search_term_string}"},"query-input":"required name=search_term_string"}],"inLanguage":"es"},{"@type":"Organization","@id":"https:\/\/ruishengglassco.com\/#organization","name":"Shandong Yuncheng Ruisheng Glass Co., Ltd","url":"https:\/\/ruishengglassco.com\/","logo":{"@type":"ImageObject","inLanguage":"es","@id":"https:\/\/ruishengglassco.com\/#\/schema\/logo\/image\/","url":"https:\/\/ruishengglassco.com\/wp-content\/uploads\/2023\/09\/ruisheng_logo_icon.webp","contentUrl":"https:\/\/ruishengglassco.com\/wp-content\/uploads\/2023\/09\/ruisheng_logo_icon.webp","width":400,"height":233,"caption":"Shandong Yuncheng Ruisheng Glass Co., Ltd"},"image":{"@id":"https:\/\/ruishengglassco.com\/#\/schema\/logo\/image\/"},"sameAs":["https:\/\/www.facebook.com\/ruishengglassbottles","https:\/\/www.instagram.com\/Ruishengglassbottlewholesales\/","https:\/\/www.youtube.com\/channel\/UCMmbMNGwsL-XrtjfSFLCdVQ"]}]}},"_links":{"self":[{"href":"https:\/\/ruishengglassco.com\/es\/wp-json\/wp\/v2\/product\/4252","targetHints":{"allow":["GET"]}}],"collection":[{"href":"https:\/\/ruishengglassco.com\/es\/wp-json\/wp\/v2\/product"}],"about":[{"href":"https:\/\/ruishengglassco.com\/es\/wp-json\/wp\/v2\/types\/product"}],"replies":[{"embeddable":true,"href":"https:\/\/ruishengglassco.com\/es\/wp-json\/wp\/v2\/comments?post=4252"}],"wp:featuredmedia":[{"embeddable":true,"href":"https:\/\/ruishengglassco.com\/es\/wp-json\/wp\/v2\/media\/4253"}],"wp:attachment":[{"href":"https:\/\/ruishengglassco.com\/es\/wp-json\/wp\/v2\/media?parent=4252"}],"wp:term":[{"taxonomy":"product_cat","embeddable":true,"href":"https:\/\/ruishengglassco.com\/es\/wp-json\/wp\/v2\/product_cat?post=4252"}],"curies":[{"name":"wp","href":"https:\/\/api.w.org\/{rel}","templated":true}]}}