{"id":4248,"date":"2025-03-15T10:51:11","date_gmt":"2025-03-15T02:51:11","guid":{"rendered":"https:\/\/ruishengglassco.com\/?post_type=product&#038;p=4248"},"modified":"2025-09-11T16:18:09","modified_gmt":"2025-09-11T08:18:09","slug":"rs078-venta-al-por-mayor-500ml-botellas-de-vino-de-vidrio-transparente","status":"publish","type":"product","link":"https:\/\/ruishengglassco.com\/es\/producto\/rs078-venta-al-por-mayor-500ml-botellas-de-vino-de-vidrio-transparente","title":{"rendered":"RS078: Botellas de vino de cristal transparente de 500 ml"},"content":{"rendered":"<h2>Botellas de vino de cristal transparente de 500 ml<\/h2>\n<p>En <em><strong>Botellas de vino de cristal transparente de 500 ml<\/strong><\/em> se fabrican en Shandong Yuncheng Ruisheng Glass Co., Ltd. Nuestra empresa es uno de los mayores fabricantes de botellas de vidrio super flint en China.<\/p>\n<p>Las botellas de vidrio transparente para bebidas espirituosas de 500 ml est\u00e1n fabricadas con material de vidrio de alto s\u00edlex, que hace que la botella de vidrio sea m\u00e1s transparente, m\u00e1s duradera y m\u00e1s suave.<\/p>\n<p>Nuestra empresa cuenta con m\u00e1s de 500 empleados y un grupo de ingenieros cualificados. Con una rica experiencia, tenemos una buena reputaci\u00f3n en todo el mundo.<\/p>\n<p>Nuestros principales productos son botellas de vino de vidrio de 500 ml de primera calidad, como la botella de vodka, botella de brandy, botella de whisky, botella de licor, botella de mermelada y as\u00ed sucesivamente. Tambi\u00e9n podemos ofrecer botellas de vidrio \u00e1mbar, botellas verdes de 500 ml y botellas de agua. Nuestro principal mercado es Europa, EE.UU., Australia, Am\u00e9rica, etc. Y todos los productos gozan de una gran reputaci\u00f3n por su innovaci\u00f3n y funcionalidad.<\/p>\n<h2>La informaci\u00f3n de la botella de vino de vidrio de 500 ml al por mayor como abajo:<\/h2>\n<ul>\n<li>Material principal: vidrio de alto s\u00edlex<\/li>\n<li>Tap\u00f3n: tap\u00f3n de rosca<\/li>\n<li>Referencia: RS078<\/li>\n<li>MOQ: 10000 PCS<\/li>\n<li>Capacidad: 500 ml<\/li>\n<li>Pzs\/Ctn: 24pzs<\/li>\n<li>Origen del lugar: Shandong, China<\/li>\n<li>Caracter\u00edstica: Ecol\u00f3gico<\/li>\n<\/ul>\n<p>Como proveedor profesional de botellas de vidrio para licores, Ruisheng ha invertido 2 l\u00edneas de producci\u00f3n de botellas de vidrio para licores de la m\u00e1s avanzada m\u00e1quina totalmente autom\u00e1tica 8S, 3 l\u00edneas de producci\u00f3n de m\u00e1quinas manuales CNC, 4 l\u00edneas de producci\u00f3n de m\u00e1quinas semiautom\u00e1ticas CNC.<\/p>\n<p>Si est\u00e1 interesado en nuestras botellas de vino de vidrio transparente de 500 ml al por mayor, p\u00f3ngase en contacto con nosotros. Le responderemos en un plazo de 24 horas.<\/p>","protected":false},"excerpt":{"rendered":"<p data-block-id=\"c237bc2e-d286-4ba1-894b-d55076e4e3e0\" data-pm-slice=\"1 1 []\">Las botellas de vino de vidrio transparente de 500 ml se fabrican en Shandong Yuncheng Ruisheng Glass Co, Ltd.. Nuestra empresa es uno de los mayores fabricantes de botellas de vidrio super flint en China.<\/p>\n<p data-block-id=\"53c93c51-b303-4926-b14b-23a840cd3f86\">Las botellas de vidrio transparente para bebidas espirituosas de 500 ml est\u00e1n fabricadas con vidrio de s\u00edlex de alta calidad. Este material hace que las botellas sean m\u00e1s transparentes, duraderas y lisas.<\/p>","protected":false},"featured_media":4249,"comment_status":"closed","ping_status":"closed","template":"","meta":[],"product_cat":[41],"class_list":{"0":"post-4248","1":"product","2":"type-product","3":"status-publish","4":"has-post-thumbnail","6":"product_cat-500ml-liquor-bottle-manufacturer","8":"first","9":"instock","10":"shipping-taxable","11":"product-type-simple"},"yoast_head":"<!-- This site is optimized with the Yoast SEO plugin v22.0 - https:\/\/yoast.com\/wordpress\/plugins\/seo\/ -->\n<title>500ml Clear Glass Wine Bottles | Glass Spirit Bottle Supplier<\/title>\n<meta name=\"description\" content=\"The 500ml clear glass wine bottles are made in Shandong Yuncheng Ruisheng Glass Co., Ltd. Factory Outlet&amp;Free Sample. Get Price Here.\" \/>\n<meta name=\"robots\" content=\"index, follow, max-snippet:-1, max-image-preview:large, max-video-preview:-1\" \/>\n<link rel=\"canonical\" href=\"https:\/\/ruishengglassco.com\/es\/producto\/rs078-venta-al-por-mayor-500ml-botellas-de-vino-de-vidrio-transparente\" \/>\n<meta property=\"og:locale\" content=\"es_ES\" \/>\n<meta property=\"og:type\" content=\"article\" \/>\n<meta property=\"og:title\" content=\"500ml Clear Glass Wine Bottles | Glass Spirit Bottle Supplier\" \/>\n<meta property=\"og:description\" content=\"The 500ml clear glass wine bottles are made in Shandong Yuncheng Ruisheng Glass Co., Ltd. Factory Outlet&amp;Free Sample. Get Price Here.\" \/>\n<meta property=\"og:url\" content=\"https:\/\/ruishengglassco.com\/es\/producto\/rs078-venta-al-por-mayor-500ml-botellas-de-vino-de-vidrio-transparente\" \/>\n<meta property=\"article:publisher\" content=\"https:\/\/www.facebook.com\/ruishengglassbottles\" \/>\n<meta property=\"article:modified_time\" content=\"2025-09-11T08:18:09+00:00\" \/>\n<meta property=\"og:image\" content=\"https:\/\/ruishengglassco.com\/wp-content\/uploads\/2025\/03\/RS078-Wholesale-500ml-Clear-Glass-Wine-Bottles.webp\" \/>\n\t<meta property=\"og:image:width\" content=\"460\" \/>\n\t<meta property=\"og:image:height\" content=\"460\" \/>\n\t<meta property=\"og:image:type\" content=\"image\/webp\" \/>\n<meta name=\"twitter:card\" content=\"summary_large_image\" \/>\n<meta name=\"twitter:label1\" content=\"Tiempo de lectura\" \/>\n\t<meta name=\"twitter:data1\" content=\"2 minutos\" \/>\n<script type=\"application\/ld+json\" class=\"yoast-schema-graph\">{\"@context\":\"https:\/\/schema.org\",\"@graph\":[{\"@type\":\"WebPage\",\"@id\":\"https:\/\/ruishengglassco.com\/product\/rs078-wholesale-500ml-clear-glass-wine-bottles\",\"url\":\"https:\/\/ruishengglassco.com\/product\/rs078-wholesale-500ml-clear-glass-wine-bottles\",\"name\":\"500ml Clear Glass Wine Bottles | Glass Spirit Bottle Supplier\",\"isPartOf\":{\"@id\":\"https:\/\/ruishengglassco.com\/#website\"},\"datePublished\":\"2025-03-15T02:51:11+00:00\",\"dateModified\":\"2025-09-11T08:18:09+00:00\",\"description\":\"The 500ml clear glass wine bottles are made in Shandong Yuncheng Ruisheng Glass Co., Ltd. Factory Outlet&Free Sample. Get Price Here.\",\"breadcrumb\":{\"@id\":\"https:\/\/ruishengglassco.com\/product\/rs078-wholesale-500ml-clear-glass-wine-bottles#breadcrumb\"},\"inLanguage\":\"es\",\"potentialAction\":[{\"@type\":\"ReadAction\",\"target\":[\"https:\/\/ruishengglassco.com\/product\/rs078-wholesale-500ml-clear-glass-wine-bottles\"]}]},{\"@type\":\"BreadcrumbList\",\"@id\":\"https:\/\/ruishengglassco.com\/product\/rs078-wholesale-500ml-clear-glass-wine-bottles#breadcrumb\",\"itemListElement\":[{\"@type\":\"ListItem\",\"position\":1,\"name\":\"Home\",\"item\":\"https:\/\/ruishengglassco.com\/\"},{\"@type\":\"ListItem\",\"position\":2,\"name\":\"Products\",\"item\":\"https:\/\/ruishengglassco.com\/products\"},{\"@type\":\"ListItem\",\"position\":3,\"name\":\"RS078: 500ml Clear Glass Wine Bottles\"}]},{\"@type\":\"WebSite\",\"@id\":\"https:\/\/ruishengglassco.com\/#website\",\"url\":\"https:\/\/ruishengglassco.com\/\",\"name\":\"Ruisheng Glass\",\"description\":\"\",\"publisher\":{\"@id\":\"https:\/\/ruishengglassco.com\/#organization\"},\"potentialAction\":[{\"@type\":\"SearchAction\",\"target\":{\"@type\":\"EntryPoint\",\"urlTemplate\":\"https:\/\/ruishengglassco.com\/?s={search_term_string}\"},\"query-input\":\"required name=search_term_string\"}],\"inLanguage\":\"es\"},{\"@type\":\"Organization\",\"@id\":\"https:\/\/ruishengglassco.com\/#organization\",\"name\":\"Shandong Yuncheng Ruisheng Glass Co., Ltd\",\"url\":\"https:\/\/ruishengglassco.com\/\",\"logo\":{\"@type\":\"ImageObject\",\"inLanguage\":\"es\",\"@id\":\"https:\/\/ruishengglassco.com\/#\/schema\/logo\/image\/\",\"url\":\"https:\/\/ruishengglassco.com\/wp-content\/uploads\/2023\/09\/ruisheng_logo_icon.webp\",\"contentUrl\":\"https:\/\/ruishengglassco.com\/wp-content\/uploads\/2023\/09\/ruisheng_logo_icon.webp\",\"width\":400,\"height\":233,\"caption\":\"Shandong Yuncheng Ruisheng Glass Co., Ltd\"},\"image\":{\"@id\":\"https:\/\/ruishengglassco.com\/#\/schema\/logo\/image\/\"},\"sameAs\":[\"https:\/\/www.facebook.com\/ruishengglassbottles\",\"https:\/\/www.instagram.com\/Ruishengglassbottlewholesales\/\",\"https:\/\/www.youtube.com\/channel\/UCMmbMNGwsL-XrtjfSFLCdVQ\"]}]}<\/script>\n<!-- \/ Yoast SEO plugin. -->","yoast_head_json":{"title":"500ml Clear Glass Wine Bottles | Glass Spirit Bottle Supplier","description":"The 500ml clear glass wine bottles are made in Shandong Yuncheng Ruisheng Glass Co., Ltd. Factory Outlet&Free Sample. Get Price Here.","robots":{"index":"index","follow":"follow","max-snippet":"max-snippet:-1","max-image-preview":"max-image-preview:large","max-video-preview":"max-video-preview:-1"},"canonical":"https:\/\/ruishengglassco.com\/es\/producto\/rs078-venta-al-por-mayor-500ml-botellas-de-vino-de-vidrio-transparente","og_locale":"es_ES","og_type":"article","og_title":"500ml Clear Glass Wine Bottles | Glass Spirit Bottle Supplier","og_description":"The 500ml clear glass wine bottles are made in Shandong Yuncheng Ruisheng Glass Co., Ltd. Factory Outlet&Free Sample. Get Price Here.","og_url":"https:\/\/ruishengglassco.com\/es\/producto\/rs078-venta-al-por-mayor-500ml-botellas-de-vino-de-vidrio-transparente","article_publisher":"https:\/\/www.facebook.com\/ruishengglassbottles","article_modified_time":"2025-09-11T08:18:09+00:00","og_image":[{"width":460,"height":460,"url":"https:\/\/ruishengglassco.com\/wp-content\/uploads\/2025\/03\/RS078-Wholesale-500ml-Clear-Glass-Wine-Bottles.webp","type":"image\/webp"}],"twitter_card":"summary_large_image","twitter_misc":{"Tiempo de lectura":"2 minutos"},"schema":{"@context":"https:\/\/schema.org","@graph":[{"@type":"WebPage","@id":"https:\/\/ruishengglassco.com\/product\/rs078-wholesale-500ml-clear-glass-wine-bottles","url":"https:\/\/ruishengglassco.com\/product\/rs078-wholesale-500ml-clear-glass-wine-bottles","name":"500ml Clear Glass Wine Bottles | Glass Spirit Bottle Supplier","isPartOf":{"@id":"https:\/\/ruishengglassco.com\/#website"},"datePublished":"2025-03-15T02:51:11+00:00","dateModified":"2025-09-11T08:18:09+00:00","description":"The 500ml clear glass wine bottles are made in Shandong Yuncheng Ruisheng Glass Co., Ltd. Factory Outlet&Free Sample. Get Price Here.","breadcrumb":{"@id":"https:\/\/ruishengglassco.com\/product\/rs078-wholesale-500ml-clear-glass-wine-bottles#breadcrumb"},"inLanguage":"es","potentialAction":[{"@type":"ReadAction","target":["https:\/\/ruishengglassco.com\/product\/rs078-wholesale-500ml-clear-glass-wine-bottles"]}]},{"@type":"BreadcrumbList","@id":"https:\/\/ruishengglassco.com\/product\/rs078-wholesale-500ml-clear-glass-wine-bottles#breadcrumb","itemListElement":[{"@type":"ListItem","position":1,"name":"Home","item":"https:\/\/ruishengglassco.com\/"},{"@type":"ListItem","position":2,"name":"Products","item":"https:\/\/ruishengglassco.com\/products"},{"@type":"ListItem","position":3,"name":"RS078: 500ml Clear Glass Wine Bottles"}]},{"@type":"WebSite","@id":"https:\/\/ruishengglassco.com\/#website","url":"https:\/\/ruishengglassco.com\/","name":"Ruisheng Glass","description":"","publisher":{"@id":"https:\/\/ruishengglassco.com\/#organization"},"potentialAction":[{"@type":"SearchAction","target":{"@type":"EntryPoint","urlTemplate":"https:\/\/ruishengglassco.com\/?s={search_term_string}"},"query-input":"required name=search_term_string"}],"inLanguage":"es"},{"@type":"Organization","@id":"https:\/\/ruishengglassco.com\/#organization","name":"Shandong Yuncheng Ruisheng Glass Co., Ltd","url":"https:\/\/ruishengglassco.com\/","logo":{"@type":"ImageObject","inLanguage":"es","@id":"https:\/\/ruishengglassco.com\/#\/schema\/logo\/image\/","url":"https:\/\/ruishengglassco.com\/wp-content\/uploads\/2023\/09\/ruisheng_logo_icon.webp","contentUrl":"https:\/\/ruishengglassco.com\/wp-content\/uploads\/2023\/09\/ruisheng_logo_icon.webp","width":400,"height":233,"caption":"Shandong Yuncheng Ruisheng Glass Co., Ltd"},"image":{"@id":"https:\/\/ruishengglassco.com\/#\/schema\/logo\/image\/"},"sameAs":["https:\/\/www.facebook.com\/ruishengglassbottles","https:\/\/www.instagram.com\/Ruishengglassbottlewholesales\/","https:\/\/www.youtube.com\/channel\/UCMmbMNGwsL-XrtjfSFLCdVQ"]}]}},"_links":{"self":[{"href":"https:\/\/ruishengglassco.com\/es\/wp-json\/wp\/v2\/product\/4248","targetHints":{"allow":["GET"]}}],"collection":[{"href":"https:\/\/ruishengglassco.com\/es\/wp-json\/wp\/v2\/product"}],"about":[{"href":"https:\/\/ruishengglassco.com\/es\/wp-json\/wp\/v2\/types\/product"}],"replies":[{"embeddable":true,"href":"https:\/\/ruishengglassco.com\/es\/wp-json\/wp\/v2\/comments?post=4248"}],"wp:featuredmedia":[{"embeddable":true,"href":"https:\/\/ruishengglassco.com\/es\/wp-json\/wp\/v2\/media\/4249"}],"wp:attachment":[{"href":"https:\/\/ruishengglassco.com\/es\/wp-json\/wp\/v2\/media?parent=4248"}],"wp:term":[{"taxonomy":"product_cat","embeddable":true,"href":"https:\/\/ruishengglassco.com\/es\/wp-json\/wp\/v2\/product_cat?post=4248"}],"curies":[{"name":"wp","href":"https:\/\/api.w.org\/{rel}","templated":true}]}}