{"id":4246,"date":"2025-03-15T10:47:47","date_gmt":"2025-03-15T02:47:47","guid":{"rendered":"https:\/\/ruishengglassco.com\/?post_type=product&#038;p=4246"},"modified":"2025-09-11T16:19:06","modified_gmt":"2025-09-11T08:19:06","slug":"rs079-botella-de-vidrio-de-500ml-con-tapon-al-por-mayor","status":"publish","type":"product","link":"https:\/\/ruishengglassco.com\/es\/producto\/rs079-botella-de-vidrio-de-500ml-con-tapon-al-por-mayor","title":{"rendered":"RS079: 500ml Botella de vidrio con tap\u00f3n Fabricantes"},"content":{"rendered":"<p>La botella de vidrio de 500ml con tap\u00f3n al por mayor se hace en Shandong Yuncheng Ruisheng Glass Co, Ltd.. Es uno de nuestros productos de venta caliente. El material de esta botella de vidrio es material s\u00faper pedernal.<\/p>\n<p>La botella de vidrio Ruisheng para la venta est\u00e1 hecha de material de vidrio de alto pedernal que hace que la botella de vidrio sea m\u00e1s clara, m\u00e1s duradera y m\u00e1s suave. Si le gusta el dise\u00f1o de esta botella, pero no est\u00e1 satisfecho con su capacidad, podemos cambiar la capacidad.<\/p>\n<p>Nuestros principales productos son botellas de vidrio de primera calidad con tap\u00f3n, tales como botellas de vodka, botellas de brandy, botellas de whisky, botellas de licor, botellas de mermelada y as\u00ed sucesivamente. Tambi\u00e9n podemos ofrecer botellas de vidrio \u00e1mbar, botellas verdes y botellas de agua. OEM y ODM orden es bienvenida, estamos encantados de dise\u00f1ar o producir sus propias botellas personalizadas, exactamente igual que su idea y el dibujo. Lo que queremos hacer es proporcionar un servicio de ventanilla \u00fanica a cada amigo.<\/p>\n<p>La producci\u00f3n de botellas de vidrio de 500ml al por mayor ha sido estrictamente seleccionada de materiales, traemos materiales del pa\u00eds de origen, adem\u00e1s, utilizamos m\u00e1quinas avanzadas para procesar y hacer botellas de vidrio.<\/p>\n<h2>La informaci\u00f3n de la botella de vidrio de 500 ml con tap\u00f3n al por mayor:<\/h2>\n<ul>\n<li>Material principal: vidrio de alto s\u00edlex<\/li>\n<li>Tap\u00f3n: tap\u00f3n de rosca<\/li>\n<li>Referencia: RS079<\/li>\n<li>MOQ: 10000 PCS<\/li>\n<li>Capacidad: 500 ml<\/li>\n<li>Pzs\/Ctn: 24pzs<\/li>\n<li>Origen del lugar: Shandong, China<\/li>\n<li>Caracter\u00edstica: Ecol\u00f3gico<\/li>\n<\/ul>\n<p>Si est\u00e1 satisfecho con esta botella de vino de forma \u00fanica, p\u00f3ngase en contacto conmigo a tiempo. Si no te gusta, puedes mirar nuestras otras botellas. O le dar\u00e9 el cat\u00e1logo, usted puede elegir lo que te gusta. Si desea obtener la botella de vidrio de 500ml con tap\u00f3n precio al por mayor, por favor p\u00f3ngase en contacto con nosotros. Le responderemos en 24 horas.<\/p>","protected":false},"excerpt":{"rendered":"<p>Las botellas de vino de vidrio transparente a la venta est\u00e1n hechas de vidrio de s\u00edlex de alta calidad, lo que hace que las botellas de vidrio sean m\u00e1s claras, m\u00e1s duraderas y m\u00e1s suaves.<\/p>","protected":false},"featured_media":4247,"comment_status":"closed","ping_status":"closed","template":"","meta":[],"product_cat":[41],"class_list":{"0":"post-4246","1":"product","2":"type-product","3":"status-publish","4":"has-post-thumbnail","6":"product_cat-500ml-liquor-bottle-manufacturer","8":"first","9":"instock","10":"shipping-taxable","11":"product-type-simple"},"yoast_head":"<!-- This site is optimized with the Yoast SEO plugin v22.0 - https:\/\/yoast.com\/wordpress\/plugins\/seo\/ -->\n<title>500ml Glass Bottle With Stopper Manufacturers | Unique Shape Wine Bottle<\/title>\n<meta name=\"description\" content=\"The 500ml glass bottle with stopper wholesale is made in Shandong Yuncheng Ruisheng Glass Co., Ltd. Factory Outlet&amp;Global Shipping Service.\" \/>\n<meta name=\"robots\" content=\"index, follow, max-snippet:-1, max-image-preview:large, max-video-preview:-1\" \/>\n<link rel=\"canonical\" href=\"https:\/\/ruishengglassco.com\/es\/producto\/rs079-botella-de-vidrio-de-500ml-con-tapon-al-por-mayor\" \/>\n<meta property=\"og:locale\" content=\"es_ES\" \/>\n<meta property=\"og:type\" content=\"article\" \/>\n<meta property=\"og:title\" content=\"500ml Glass Bottle With Stopper Manufacturers | Unique Shape Wine Bottle\" \/>\n<meta property=\"og:description\" content=\"The 500ml glass bottle with stopper wholesale is made in Shandong Yuncheng Ruisheng Glass Co., Ltd. Factory Outlet&amp;Global Shipping Service.\" \/>\n<meta property=\"og:url\" content=\"https:\/\/ruishengglassco.com\/es\/producto\/rs079-botella-de-vidrio-de-500ml-con-tapon-al-por-mayor\" \/>\n<meta property=\"article:publisher\" content=\"https:\/\/www.facebook.com\/ruishengglassbottles\" \/>\n<meta property=\"article:modified_time\" content=\"2025-09-11T08:19:06+00:00\" \/>\n<meta property=\"og:image\" content=\"https:\/\/ruishengglassco.com\/wp-content\/uploads\/2025\/03\/RS079-500ml-Glass-Bottle-With-Stopper-Wholesale.webp\" \/>\n\t<meta property=\"og:image:width\" content=\"800\" \/>\n\t<meta property=\"og:image:height\" content=\"800\" \/>\n\t<meta property=\"og:image:type\" content=\"image\/webp\" \/>\n<meta name=\"twitter:card\" content=\"summary_large_image\" \/>\n<meta name=\"twitter:label1\" content=\"Tiempo de lectura\" \/>\n\t<meta name=\"twitter:data1\" content=\"2 minutos\" \/>\n<script type=\"application\/ld+json\" class=\"yoast-schema-graph\">{\"@context\":\"https:\/\/schema.org\",\"@graph\":[{\"@type\":\"WebPage\",\"@id\":\"https:\/\/ruishengglassco.com\/product\/rs079-500ml-glass-bottle-with-stopper-wholesale\",\"url\":\"https:\/\/ruishengglassco.com\/product\/rs079-500ml-glass-bottle-with-stopper-wholesale\",\"name\":\"500ml Glass Bottle With Stopper Manufacturers | Unique Shape Wine Bottle\",\"isPartOf\":{\"@id\":\"https:\/\/ruishengglassco.com\/#website\"},\"datePublished\":\"2025-03-15T02:47:47+00:00\",\"dateModified\":\"2025-09-11T08:19:06+00:00\",\"description\":\"The 500ml glass bottle with stopper wholesale is made in Shandong Yuncheng Ruisheng Glass Co., Ltd. Factory Outlet&Global Shipping Service.\",\"breadcrumb\":{\"@id\":\"https:\/\/ruishengglassco.com\/product\/rs079-500ml-glass-bottle-with-stopper-wholesale#breadcrumb\"},\"inLanguage\":\"es\",\"potentialAction\":[{\"@type\":\"ReadAction\",\"target\":[\"https:\/\/ruishengglassco.com\/product\/rs079-500ml-glass-bottle-with-stopper-wholesale\"]}]},{\"@type\":\"BreadcrumbList\",\"@id\":\"https:\/\/ruishengglassco.com\/product\/rs079-500ml-glass-bottle-with-stopper-wholesale#breadcrumb\",\"itemListElement\":[{\"@type\":\"ListItem\",\"position\":1,\"name\":\"Home\",\"item\":\"https:\/\/ruishengglassco.com\/\"},{\"@type\":\"ListItem\",\"position\":2,\"name\":\"Products\",\"item\":\"https:\/\/ruishengglassco.com\/products\"},{\"@type\":\"ListItem\",\"position\":3,\"name\":\"RS079: 500ml Glass Bottle With Stopper Manufacturers\"}]},{\"@type\":\"WebSite\",\"@id\":\"https:\/\/ruishengglassco.com\/#website\",\"url\":\"https:\/\/ruishengglassco.com\/\",\"name\":\"Ruisheng Glass\",\"description\":\"\",\"publisher\":{\"@id\":\"https:\/\/ruishengglassco.com\/#organization\"},\"potentialAction\":[{\"@type\":\"SearchAction\",\"target\":{\"@type\":\"EntryPoint\",\"urlTemplate\":\"https:\/\/ruishengglassco.com\/?s={search_term_string}\"},\"query-input\":\"required name=search_term_string\"}],\"inLanguage\":\"es\"},{\"@type\":\"Organization\",\"@id\":\"https:\/\/ruishengglassco.com\/#organization\",\"name\":\"Shandong Yuncheng Ruisheng Glass Co., Ltd\",\"url\":\"https:\/\/ruishengglassco.com\/\",\"logo\":{\"@type\":\"ImageObject\",\"inLanguage\":\"es\",\"@id\":\"https:\/\/ruishengglassco.com\/#\/schema\/logo\/image\/\",\"url\":\"https:\/\/ruishengglassco.com\/wp-content\/uploads\/2023\/09\/ruisheng_logo_icon.webp\",\"contentUrl\":\"https:\/\/ruishengglassco.com\/wp-content\/uploads\/2023\/09\/ruisheng_logo_icon.webp\",\"width\":400,\"height\":233,\"caption\":\"Shandong Yuncheng Ruisheng Glass Co., Ltd\"},\"image\":{\"@id\":\"https:\/\/ruishengglassco.com\/#\/schema\/logo\/image\/\"},\"sameAs\":[\"https:\/\/www.facebook.com\/ruishengglassbottles\",\"https:\/\/www.instagram.com\/Ruishengglassbottlewholesales\/\",\"https:\/\/www.youtube.com\/channel\/UCMmbMNGwsL-XrtjfSFLCdVQ\"]}]}<\/script>\n<!-- \/ Yoast SEO plugin. -->","yoast_head_json":{"title":"500ml Glass Bottle With Stopper Manufacturers | Unique Shape Wine Bottle","description":"The 500ml glass bottle with stopper wholesale is made in Shandong Yuncheng Ruisheng Glass Co., Ltd. Factory Outlet&Global Shipping Service.","robots":{"index":"index","follow":"follow","max-snippet":"max-snippet:-1","max-image-preview":"max-image-preview:large","max-video-preview":"max-video-preview:-1"},"canonical":"https:\/\/ruishengglassco.com\/es\/producto\/rs079-botella-de-vidrio-de-500ml-con-tapon-al-por-mayor","og_locale":"es_ES","og_type":"article","og_title":"500ml Glass Bottle With Stopper Manufacturers | Unique Shape Wine Bottle","og_description":"The 500ml glass bottle with stopper wholesale is made in Shandong Yuncheng Ruisheng Glass Co., Ltd. Factory Outlet&Global Shipping Service.","og_url":"https:\/\/ruishengglassco.com\/es\/producto\/rs079-botella-de-vidrio-de-500ml-con-tapon-al-por-mayor","article_publisher":"https:\/\/www.facebook.com\/ruishengglassbottles","article_modified_time":"2025-09-11T08:19:06+00:00","og_image":[{"width":800,"height":800,"url":"https:\/\/ruishengglassco.com\/wp-content\/uploads\/2025\/03\/RS079-500ml-Glass-Bottle-With-Stopper-Wholesale.webp","type":"image\/webp"}],"twitter_card":"summary_large_image","twitter_misc":{"Tiempo de lectura":"2 minutos"},"schema":{"@context":"https:\/\/schema.org","@graph":[{"@type":"WebPage","@id":"https:\/\/ruishengglassco.com\/product\/rs079-500ml-glass-bottle-with-stopper-wholesale","url":"https:\/\/ruishengglassco.com\/product\/rs079-500ml-glass-bottle-with-stopper-wholesale","name":"500ml Glass Bottle With Stopper Manufacturers | Unique Shape Wine Bottle","isPartOf":{"@id":"https:\/\/ruishengglassco.com\/#website"},"datePublished":"2025-03-15T02:47:47+00:00","dateModified":"2025-09-11T08:19:06+00:00","description":"The 500ml glass bottle with stopper wholesale is made in Shandong Yuncheng Ruisheng Glass Co., Ltd. Factory Outlet&Global Shipping Service.","breadcrumb":{"@id":"https:\/\/ruishengglassco.com\/product\/rs079-500ml-glass-bottle-with-stopper-wholesale#breadcrumb"},"inLanguage":"es","potentialAction":[{"@type":"ReadAction","target":["https:\/\/ruishengglassco.com\/product\/rs079-500ml-glass-bottle-with-stopper-wholesale"]}]},{"@type":"BreadcrumbList","@id":"https:\/\/ruishengglassco.com\/product\/rs079-500ml-glass-bottle-with-stopper-wholesale#breadcrumb","itemListElement":[{"@type":"ListItem","position":1,"name":"Home","item":"https:\/\/ruishengglassco.com\/"},{"@type":"ListItem","position":2,"name":"Products","item":"https:\/\/ruishengglassco.com\/products"},{"@type":"ListItem","position":3,"name":"RS079: 500ml Glass Bottle With Stopper Manufacturers"}]},{"@type":"WebSite","@id":"https:\/\/ruishengglassco.com\/#website","url":"https:\/\/ruishengglassco.com\/","name":"Ruisheng Glass","description":"","publisher":{"@id":"https:\/\/ruishengglassco.com\/#organization"},"potentialAction":[{"@type":"SearchAction","target":{"@type":"EntryPoint","urlTemplate":"https:\/\/ruishengglassco.com\/?s={search_term_string}"},"query-input":"required name=search_term_string"}],"inLanguage":"es"},{"@type":"Organization","@id":"https:\/\/ruishengglassco.com\/#organization","name":"Shandong Yuncheng Ruisheng Glass Co., Ltd","url":"https:\/\/ruishengglassco.com\/","logo":{"@type":"ImageObject","inLanguage":"es","@id":"https:\/\/ruishengglassco.com\/#\/schema\/logo\/image\/","url":"https:\/\/ruishengglassco.com\/wp-content\/uploads\/2023\/09\/ruisheng_logo_icon.webp","contentUrl":"https:\/\/ruishengglassco.com\/wp-content\/uploads\/2023\/09\/ruisheng_logo_icon.webp","width":400,"height":233,"caption":"Shandong Yuncheng Ruisheng Glass Co., Ltd"},"image":{"@id":"https:\/\/ruishengglassco.com\/#\/schema\/logo\/image\/"},"sameAs":["https:\/\/www.facebook.com\/ruishengglassbottles","https:\/\/www.instagram.com\/Ruishengglassbottlewholesales\/","https:\/\/www.youtube.com\/channel\/UCMmbMNGwsL-XrtjfSFLCdVQ"]}]}},"_links":{"self":[{"href":"https:\/\/ruishengglassco.com\/es\/wp-json\/wp\/v2\/product\/4246","targetHints":{"allow":["GET"]}}],"collection":[{"href":"https:\/\/ruishengglassco.com\/es\/wp-json\/wp\/v2\/product"}],"about":[{"href":"https:\/\/ruishengglassco.com\/es\/wp-json\/wp\/v2\/types\/product"}],"replies":[{"embeddable":true,"href":"https:\/\/ruishengglassco.com\/es\/wp-json\/wp\/v2\/comments?post=4246"}],"wp:featuredmedia":[{"embeddable":true,"href":"https:\/\/ruishengglassco.com\/es\/wp-json\/wp\/v2\/media\/4247"}],"wp:attachment":[{"href":"https:\/\/ruishengglassco.com\/es\/wp-json\/wp\/v2\/media?parent=4246"}],"wp:term":[{"taxonomy":"product_cat","embeddable":true,"href":"https:\/\/ruishengglassco.com\/es\/wp-json\/wp\/v2\/product_cat?post=4246"}],"curies":[{"name":"wp","href":"https:\/\/api.w.org\/{rel}","templated":true}]}}