{"id":4243,"date":"2025-03-15T10:39:42","date_gmt":"2025-03-15T02:39:42","guid":{"rendered":"https:\/\/ruishengglassco.com\/?post_type=product&#038;p=4243"},"modified":"2025-03-26T14:58:31","modified_gmt":"2025-03-26T06:58:31","slug":"rs080-375ml-botella-de-vidrio-esmerilado-al-por-mayor","status":"publish","type":"product","link":"https:\/\/ruishengglassco.com\/es\/producto\/rs080-375ml-botella-de-vidrio-esmerilado-al-por-mayor","title":{"rendered":"RS080: 375ml Botella de vidrio esmerilado Fabricantes"},"content":{"rendered":"<h2>Bienvenido a su pedido a granel para la botella de vidrio esmerilado 375ml Fabricantes<\/h2>\n<div class=\"tab_content\">\n<p>Esta serie de botellas de vidrio esmerilado de 375ml al por mayor se hace de Shandong Yuncheng Ruisheng Glass Co., Ltd, uno de los mayores fabricantes de botellas de vidrio en China. Estas botellas de vidrio redondas est\u00e1n hechas de material de vidrio de alto pedernal, lo que hace que nuestra botella de vidrio sea m\u00e1s clara, transparente y no f\u00e1cil de romper.<\/p>\n<p>Nuestras botellas de vidrio de 375 ml con tapones de corcho al por mayor son ampliamente utilizadas como botellas de licor de vidrio, botella de vidrio de whisky, botella de brandy, botella de vodka, botella de ron, botella de ginebra, etc. y son bien recibidas por el chateau, empresas de bebidas espirituosas, mayorista de botellas de vidrio, supermercados y tiendas en l\u00ednea.<\/p>\n<h2>Detalles sobre 375ml botella de vidrio esmerilado Fabricantes<\/h2>\n<p>El tama\u00f1o de estas botellas de vidrio redondas de 375 ml es de 57 mm de di\u00e1metro y 330 mm de altura.  Su material principal es vidrio de alto pedernal. Y su peso es de 550g. El tipo de cierre de esta botella es de corcho. Hay tres formas de envasado para esta botella. La primera forma es embalada por la caja de cart\u00f3n est\u00e1ndar de exportaci\u00f3n.  La segunda es en palet. Y la \u00faltima forma es embalado por cart\u00f3n y palet.<\/p>\n<p>Nuestras botellas de vidrio con tap\u00f3n de corcho de 375 ml tienen muchas ventajas. Por ejemplo, es f\u00e1cil de llevar debido a su volumen y tama\u00f1o adecuado. Y tenemos diferentes capacidades de estas botellas de vidrio baratas como 375ml, 500ml, 700ml, 750ml y 1000ml(2 oz, 4 oz, 6oz, 8oz,16oz, 32oz, etc). Podemos ofrecer todos ellos que usted puede elegir de acuerdo a sus necesidades. Y nuestra botella de vidrio \u00fanica al por mayor es respetuosa con el medio ambiente, sabemos la importancia de la protecci\u00f3n del medio ambiente, utilizamos materiales respetuosos con el medio ambiente. Lo que es m\u00e1s, las botellas de licor de vidrio redondas con corchos tienen un aspecto hermoso, que es popular entre muchas bodegas.<\/p>\n<p>Nuestra empresa ha invertido 2 l\u00edneas de producci\u00f3n de la m\u00e1quina totalmente autom\u00e1tica 8S m\u00e1s avanzada, 3 l\u00edneas de producci\u00f3n de m\u00e1quinas manuales CNC, 4 l\u00edneas de producci\u00f3n de m\u00e1quinas semiautom\u00e1ticas CNC. Nuestra f\u00e1brica tambi\u00e9n cuenta con 2 juegos de m\u00e1quinas IS. La m\u00e1quina 8S y las m\u00e1quinas CNC se utilizan para producir botellas de vidrio de primer grado - botellas de vidrio de pedernal de cena. La producci\u00f3n diaria es de 120.000 piezas. Las m\u00e1quinas IS se utilizan para producir botellas de vidrio de grado medio, y su producci\u00f3n diaria es de 200.000 piezas.<\/p>\n<p>Si est\u00e1 interesado en nuestra botella de vidrio esmerilado al por mayor o en comprar botellas de licor con tap\u00f3n de corcho al por mayor, p\u00f3ngase en contacto con nosotros.<\/p>\n<\/div>","protected":false},"excerpt":{"rendered":"<p>Bienvenido a su pedido a granel para la botella de vidrio esmerilado 375ml Fabricantes Esta serie 375ml botella de vidrio esmerilado al por mayor se hace de Shandong Yuncheng Ruisheng Glass Co., Ltd, uno de los mayores fabricantes de botellas de vidrio en China. Estas botellas de vidrio redondas se hacen con material de vidrio de alto pedernal, lo que hace que nuestra botella de vidrio sea m\u00e1s clara, transparente, y no...<\/p>","protected":false},"featured_media":4244,"comment_status":"closed","ping_status":"closed","template":"","meta":[],"product_cat":[55],"class_list":{"0":"post-4243","1":"product","2":"type-product","3":"status-publish","4":"has-post-thumbnail","6":"product_cat-375ml-liquor-bottle-manufacturer","8":"first","9":"instock","10":"shipping-taxable","11":"product-type-simple"},"yoast_head":"<!-- This site is optimized with the Yoast SEO plugin v22.0 - https:\/\/yoast.com\/wordpress\/plugins\/seo\/ -->\n<title>375ml Frosted Glass Bottle Manufacturers | Liquor Bottles With Corks In Bulk<\/title>\n<meta name=\"description\" content=\"Ruisheng, a famous China glass liquor bottles manufacturer, sales 375ml Frosted Glass Bottle Wholesale. If you want to buy liquor bottles with corks in bulk, click here!\" \/>\n<meta name=\"robots\" content=\"index, follow, max-snippet:-1, max-image-preview:large, max-video-preview:-1\" \/>\n<link rel=\"canonical\" href=\"https:\/\/ruishengglassco.com\/es\/producto\/rs080-375ml-botella-de-vidrio-esmerilado-al-por-mayor\" \/>\n<meta property=\"og:locale\" content=\"es_ES\" \/>\n<meta property=\"og:type\" content=\"article\" \/>\n<meta property=\"og:title\" content=\"375ml Frosted Glass Bottle Manufacturers | Liquor Bottles With Corks In Bulk\" \/>\n<meta property=\"og:description\" content=\"Ruisheng, a famous China glass liquor bottles manufacturer, sales 375ml Frosted Glass Bottle Wholesale. If you want to buy liquor bottles with corks in bulk, click here!\" \/>\n<meta property=\"og:url\" content=\"https:\/\/ruishengglassco.com\/es\/producto\/rs080-375ml-botella-de-vidrio-esmerilado-al-por-mayor\" \/>\n<meta property=\"article:publisher\" content=\"https:\/\/www.facebook.com\/ruishengglassbottles\" \/>\n<meta property=\"article:modified_time\" content=\"2025-03-26T06:58:31+00:00\" \/>\n<meta property=\"og:image\" content=\"https:\/\/ruishengglassco.com\/wp-content\/uploads\/2025\/03\/RS080-375ml-Frosted-Glass-Bottle-Wholesale.webp\" \/>\n\t<meta property=\"og:image:width\" content=\"800\" \/>\n\t<meta property=\"og:image:height\" content=\"800\" \/>\n\t<meta property=\"og:image:type\" content=\"image\/webp\" \/>\n<meta name=\"twitter:card\" content=\"summary_large_image\" \/>\n<meta name=\"twitter:label1\" content=\"Tiempo de lectura\" \/>\n\t<meta name=\"twitter:data1\" content=\"2 minutos\" \/>\n<script type=\"application\/ld+json\" class=\"yoast-schema-graph\">{\"@context\":\"https:\/\/schema.org\",\"@graph\":[{\"@type\":\"WebPage\",\"@id\":\"https:\/\/ruishengglassco.com\/product\/rs080-375ml-frosted-glass-bottle-wholesale\",\"url\":\"https:\/\/ruishengglassco.com\/product\/rs080-375ml-frosted-glass-bottle-wholesale\",\"name\":\"375ml Frosted Glass Bottle Manufacturers | Liquor Bottles With Corks In Bulk\",\"isPartOf\":{\"@id\":\"https:\/\/ruishengglassco.com\/#website\"},\"datePublished\":\"2025-03-15T02:39:42+00:00\",\"dateModified\":\"2025-03-26T06:58:31+00:00\",\"description\":\"Ruisheng, a famous China glass liquor bottles manufacturer, sales 375ml Frosted Glass Bottle Wholesale. If you want to buy liquor bottles with corks in bulk, click here!\",\"breadcrumb\":{\"@id\":\"https:\/\/ruishengglassco.com\/product\/rs080-375ml-frosted-glass-bottle-wholesale#breadcrumb\"},\"inLanguage\":\"es\",\"potentialAction\":[{\"@type\":\"ReadAction\",\"target\":[\"https:\/\/ruishengglassco.com\/product\/rs080-375ml-frosted-glass-bottle-wholesale\"]}]},{\"@type\":\"BreadcrumbList\",\"@id\":\"https:\/\/ruishengglassco.com\/product\/rs080-375ml-frosted-glass-bottle-wholesale#breadcrumb\",\"itemListElement\":[{\"@type\":\"ListItem\",\"position\":1,\"name\":\"Home\",\"item\":\"https:\/\/ruishengglassco.com\/\"},{\"@type\":\"ListItem\",\"position\":2,\"name\":\"Products\",\"item\":\"https:\/\/ruishengglassco.com\/products\"},{\"@type\":\"ListItem\",\"position\":3,\"name\":\"RS080: 375ml Frosted Glass Bottle Manufacturers\"}]},{\"@type\":\"WebSite\",\"@id\":\"https:\/\/ruishengglassco.com\/#website\",\"url\":\"https:\/\/ruishengglassco.com\/\",\"name\":\"Ruisheng Glass\",\"description\":\"\",\"publisher\":{\"@id\":\"https:\/\/ruishengglassco.com\/#organization\"},\"potentialAction\":[{\"@type\":\"SearchAction\",\"target\":{\"@type\":\"EntryPoint\",\"urlTemplate\":\"https:\/\/ruishengglassco.com\/?s={search_term_string}\"},\"query-input\":\"required name=search_term_string\"}],\"inLanguage\":\"es\"},{\"@type\":\"Organization\",\"@id\":\"https:\/\/ruishengglassco.com\/#organization\",\"name\":\"Shandong Yuncheng Ruisheng Glass Co., Ltd\",\"url\":\"https:\/\/ruishengglassco.com\/\",\"logo\":{\"@type\":\"ImageObject\",\"inLanguage\":\"es\",\"@id\":\"https:\/\/ruishengglassco.com\/#\/schema\/logo\/image\/\",\"url\":\"https:\/\/ruishengglassco.com\/wp-content\/uploads\/2023\/09\/ruisheng_logo_icon.webp\",\"contentUrl\":\"https:\/\/ruishengglassco.com\/wp-content\/uploads\/2023\/09\/ruisheng_logo_icon.webp\",\"width\":400,\"height\":233,\"caption\":\"Shandong Yuncheng Ruisheng Glass Co., Ltd\"},\"image\":{\"@id\":\"https:\/\/ruishengglassco.com\/#\/schema\/logo\/image\/\"},\"sameAs\":[\"https:\/\/www.facebook.com\/ruishengglassbottles\",\"https:\/\/www.instagram.com\/Ruishengglassbottlewholesales\/\",\"https:\/\/www.youtube.com\/channel\/UCMmbMNGwsL-XrtjfSFLCdVQ\"]}]}<\/script>\n<!-- \/ Yoast SEO plugin. -->","yoast_head_json":{"title":"375ml Frosted Glass Bottle Manufacturers | Liquor Bottles With Corks In Bulk","description":"Ruisheng, a famous China glass liquor bottles manufacturer, sales 375ml Frosted Glass Bottle Wholesale. If you want to buy liquor bottles with corks in bulk, click here!","robots":{"index":"index","follow":"follow","max-snippet":"max-snippet:-1","max-image-preview":"max-image-preview:large","max-video-preview":"max-video-preview:-1"},"canonical":"https:\/\/ruishengglassco.com\/es\/producto\/rs080-375ml-botella-de-vidrio-esmerilado-al-por-mayor","og_locale":"es_ES","og_type":"article","og_title":"375ml Frosted Glass Bottle Manufacturers | Liquor Bottles With Corks In Bulk","og_description":"Ruisheng, a famous China glass liquor bottles manufacturer, sales 375ml Frosted Glass Bottle Wholesale. If you want to buy liquor bottles with corks in bulk, click here!","og_url":"https:\/\/ruishengglassco.com\/es\/producto\/rs080-375ml-botella-de-vidrio-esmerilado-al-por-mayor","article_publisher":"https:\/\/www.facebook.com\/ruishengglassbottles","article_modified_time":"2025-03-26T06:58:31+00:00","og_image":[{"width":800,"height":800,"url":"https:\/\/ruishengglassco.com\/wp-content\/uploads\/2025\/03\/RS080-375ml-Frosted-Glass-Bottle-Wholesale.webp","type":"image\/webp"}],"twitter_card":"summary_large_image","twitter_misc":{"Tiempo de lectura":"2 minutos"},"schema":{"@context":"https:\/\/schema.org","@graph":[{"@type":"WebPage","@id":"https:\/\/ruishengglassco.com\/product\/rs080-375ml-frosted-glass-bottle-wholesale","url":"https:\/\/ruishengglassco.com\/product\/rs080-375ml-frosted-glass-bottle-wholesale","name":"375ml Frosted Glass Bottle Manufacturers | Liquor Bottles With Corks In Bulk","isPartOf":{"@id":"https:\/\/ruishengglassco.com\/#website"},"datePublished":"2025-03-15T02:39:42+00:00","dateModified":"2025-03-26T06:58:31+00:00","description":"Ruisheng, a famous China glass liquor bottles manufacturer, sales 375ml Frosted Glass Bottle Wholesale. If you want to buy liquor bottles with corks in bulk, click here!","breadcrumb":{"@id":"https:\/\/ruishengglassco.com\/product\/rs080-375ml-frosted-glass-bottle-wholesale#breadcrumb"},"inLanguage":"es","potentialAction":[{"@type":"ReadAction","target":["https:\/\/ruishengglassco.com\/product\/rs080-375ml-frosted-glass-bottle-wholesale"]}]},{"@type":"BreadcrumbList","@id":"https:\/\/ruishengglassco.com\/product\/rs080-375ml-frosted-glass-bottle-wholesale#breadcrumb","itemListElement":[{"@type":"ListItem","position":1,"name":"Home","item":"https:\/\/ruishengglassco.com\/"},{"@type":"ListItem","position":2,"name":"Products","item":"https:\/\/ruishengglassco.com\/products"},{"@type":"ListItem","position":3,"name":"RS080: 375ml Frosted Glass Bottle Manufacturers"}]},{"@type":"WebSite","@id":"https:\/\/ruishengglassco.com\/#website","url":"https:\/\/ruishengglassco.com\/","name":"Ruisheng Glass","description":"","publisher":{"@id":"https:\/\/ruishengglassco.com\/#organization"},"potentialAction":[{"@type":"SearchAction","target":{"@type":"EntryPoint","urlTemplate":"https:\/\/ruishengglassco.com\/?s={search_term_string}"},"query-input":"required name=search_term_string"}],"inLanguage":"es"},{"@type":"Organization","@id":"https:\/\/ruishengglassco.com\/#organization","name":"Shandong Yuncheng Ruisheng Glass Co., Ltd","url":"https:\/\/ruishengglassco.com\/","logo":{"@type":"ImageObject","inLanguage":"es","@id":"https:\/\/ruishengglassco.com\/#\/schema\/logo\/image\/","url":"https:\/\/ruishengglassco.com\/wp-content\/uploads\/2023\/09\/ruisheng_logo_icon.webp","contentUrl":"https:\/\/ruishengglassco.com\/wp-content\/uploads\/2023\/09\/ruisheng_logo_icon.webp","width":400,"height":233,"caption":"Shandong Yuncheng Ruisheng Glass Co., Ltd"},"image":{"@id":"https:\/\/ruishengglassco.com\/#\/schema\/logo\/image\/"},"sameAs":["https:\/\/www.facebook.com\/ruishengglassbottles","https:\/\/www.instagram.com\/Ruishengglassbottlewholesales\/","https:\/\/www.youtube.com\/channel\/UCMmbMNGwsL-XrtjfSFLCdVQ"]}]}},"_links":{"self":[{"href":"https:\/\/ruishengglassco.com\/es\/wp-json\/wp\/v2\/product\/4243","targetHints":{"allow":["GET"]}}],"collection":[{"href":"https:\/\/ruishengglassco.com\/es\/wp-json\/wp\/v2\/product"}],"about":[{"href":"https:\/\/ruishengglassco.com\/es\/wp-json\/wp\/v2\/types\/product"}],"replies":[{"embeddable":true,"href":"https:\/\/ruishengglassco.com\/es\/wp-json\/wp\/v2\/comments?post=4243"}],"wp:featuredmedia":[{"embeddable":true,"href":"https:\/\/ruishengglassco.com\/es\/wp-json\/wp\/v2\/media\/4244"}],"wp:attachment":[{"href":"https:\/\/ruishengglassco.com\/es\/wp-json\/wp\/v2\/media?parent=4243"}],"wp:term":[{"taxonomy":"product_cat","embeddable":true,"href":"https:\/\/ruishengglassco.com\/es\/wp-json\/wp\/v2\/product_cat?post=4243"}],"curies":[{"name":"wp","href":"https:\/\/api.w.org\/{rel}","templated":true}]}}