{"id":4235,"date":"2025-03-15T10:23:40","date_gmt":"2025-03-15T02:23:40","guid":{"rendered":"https:\/\/ruishengglassco.com\/?post_type=product&#038;p=4235"},"modified":"2025-07-17T14:02:11","modified_gmt":"2025-07-17T06:02:11","slug":"rs083-50ml-mini-botellas-de-vidrio-transparente-al-por-mayor","status":"publish","type":"product","link":"https:\/\/ruishengglassco.com\/es\/producto\/rs083-50ml-mini-botellas-de-vidrio-transparente-al-por-mayor","title":{"rendered":"RS083: 50ml Mini botellas de vidrio transparente Fabricantes"},"content":{"rendered":"<p>Shandong Yuncheng Ruisheng Glass Co, Ltd, uno de los mayores fabricantes de botellas de vidrio en China, las ventas 50ml botellas de licor transparente al por mayor para las marcas, empresa, proveedor de botellas de vidrio, mayorista, distribuidor y etc.<\/p>\n<p>Estamos especializados en la exportaci\u00f3n de botellas de cristal blanco, por ejemplo, vodka, whisky, brandy, licor, agua, aceite, bebidas y otras botellas. Adem\u00e1s, nuestros productos tienen alta calidad y precio razonable. Tenemos asociaciones con los EE.UU., Rusia, Oriente Medio y los pa\u00edses del sudeste asi\u00e1tico, bienvenidos a OEM \/ ODM. Cualquier comentario a cambio ser\u00e1 muy apreciado.<\/p>\n<p>Las botellas de licor de vidrio transparente de 50 ml con tap\u00f3n de corcho est\u00e1n hechas de material de vidrio de alto pedernal, lo que hace que nuestra botella de vidrio sea m\u00e1s clara, transparente y no sea f\u00e1cil de romper. Si le gusta el dise\u00f1o de esta botella, pero no est\u00e1 satisfecho con su capacidad, entonces, podemos cambiar la capacidad de acuerdo a sus necesidades.<\/p>\n<h2>Detalles sobre 50ml botellas de licor transparente Fabricantes<\/h2>\n<ul>\n<li><strong>Marca:<\/strong> Ruisheng<\/li>\n<li><strong>Material principal:<\/strong> Cristal alto de s\u00edlex<\/li>\n<li><strong>Color principal:<\/strong> Transparente<\/li>\n<li><strong>Forma:\u00a0 <\/strong>Botellas de licor cuadradas<\/li>\n<li><strong>Capacidad:<\/strong> 50 ml<\/li>\n<li><strong>Tipo de sellado:\u00a0 <\/strong>Tap\u00f3n de rosca\/corcho<\/li>\n<li><strong>Caracter\u00edstica:<\/strong> Ecol\u00f3gico<\/li>\n<li><strong>Piezas\/Ctn:<\/strong> 24 unidades<\/li>\n<li><strong>MOQ:<\/strong> 1x40GP<\/li>\n<\/ul>\n<p>Si usted piensa que estos mini botellas de alcohol a granel es bueno, por favor p\u00f3ngase en contacto conmigo en el tiempo. Sin embargo, si no te gusta, puedes mirar nuestras otras botellas. O te dar\u00e9 el cat\u00e1logo, usted puede elegir lo que te gusta. Si usted est\u00e1 interesado en esta botella de vidrio transparente, por favor p\u00f3ngase en contacto con nosotros. Le responderemos en un plazo de 24 horas. Ser\u00e1 un gran placer para nosotros poder servirle en un futuro pr\u00f3ximo.<\/p>\n<p>&nbsp;<\/p>\n<p style=\"text-align: center;\">","protected":false},"excerpt":{"rendered":"<p>Este tipo de botellas se producen en Shandong Yuncheng Ruisheng Glass Co., Ltd, uno de los mayores fabricantes de botellas de vidrio de China.<\/p>","protected":false},"featured_media":4236,"comment_status":"closed","ping_status":"closed","template":"","meta":[],"product_cat":[48],"class_list":{"0":"post-4235","1":"product","2":"type-product","3":"status-publish","4":"has-post-thumbnail","6":"product_cat-50ml-mini-liquor-bottle-manufacturer","8":"first","9":"instock","10":"shipping-taxable","11":"product-type-simple"},"yoast_head":"<!-- This site is optimized with the Yoast SEO plugin v22.0 - https:\/\/yoast.com\/wordpress\/plugins\/seo\/ -->\n<title>50ml Clear Liquor Bottles Manufacturers | Mini Spirits Bottles Bulk<\/title>\n<meta name=\"description\" content=\"Buy 50ml Clear Liquor Bottles Wholesale In Factory Outlet Price. China Glass Bottle Manufacturer, Sales Mini Spirits Bottles Bulk Around The World.\" \/>\n<meta name=\"robots\" content=\"index, follow, max-snippet:-1, max-image-preview:large, max-video-preview:-1\" \/>\n<link rel=\"canonical\" href=\"https:\/\/ruishengglassco.com\/es\/producto\/rs083-50ml-mini-botellas-de-vidrio-transparente-al-por-mayor\" \/>\n<meta property=\"og:locale\" content=\"es_ES\" \/>\n<meta property=\"og:type\" content=\"article\" \/>\n<meta property=\"og:title\" content=\"50ml Clear Liquor Bottles Manufacturers | Mini Spirits Bottles Bulk\" \/>\n<meta property=\"og:description\" content=\"Buy 50ml Clear Liquor Bottles Wholesale In Factory Outlet Price. China Glass Bottle Manufacturer, Sales Mini Spirits Bottles Bulk Around The World.\" \/>\n<meta property=\"og:url\" content=\"https:\/\/ruishengglassco.com\/es\/producto\/rs083-50ml-mini-botellas-de-vidrio-transparente-al-por-mayor\" \/>\n<meta property=\"article:publisher\" content=\"https:\/\/www.facebook.com\/ruishengglassbottles\" \/>\n<meta property=\"article:modified_time\" content=\"2025-07-17T06:02:11+00:00\" \/>\n<meta property=\"og:image\" content=\"https:\/\/ruishengglassco.com\/wp-content\/uploads\/2025\/03\/RS083-50ml-Clear-Mini-Glass-Bottles-Wholesale.webp\" \/>\n\t<meta property=\"og:image:width\" content=\"800\" \/>\n\t<meta property=\"og:image:height\" content=\"800\" \/>\n\t<meta property=\"og:image:type\" content=\"image\/webp\" \/>\n<meta name=\"twitter:card\" content=\"summary_large_image\" \/>\n<meta name=\"twitter:label1\" content=\"Tiempo de lectura\" \/>\n\t<meta name=\"twitter:data1\" content=\"2 minutos\" \/>\n<script type=\"application\/ld+json\" class=\"yoast-schema-graph\">{\"@context\":\"https:\/\/schema.org\",\"@graph\":[{\"@type\":\"WebPage\",\"@id\":\"https:\/\/ruishengglassco.com\/product\/rs083-50ml-clear-mini-glass-bottles-wholesale\",\"url\":\"https:\/\/ruishengglassco.com\/product\/rs083-50ml-clear-mini-glass-bottles-wholesale\",\"name\":\"50ml Clear Liquor Bottles Manufacturers | Mini Spirits Bottles Bulk\",\"isPartOf\":{\"@id\":\"https:\/\/ruishengglassco.com\/#website\"},\"datePublished\":\"2025-03-15T02:23:40+00:00\",\"dateModified\":\"2025-07-17T06:02:11+00:00\",\"description\":\"Buy 50ml Clear Liquor Bottles Wholesale In Factory Outlet Price. China Glass Bottle Manufacturer, Sales Mini Spirits Bottles Bulk Around The World.\",\"breadcrumb\":{\"@id\":\"https:\/\/ruishengglassco.com\/product\/rs083-50ml-clear-mini-glass-bottles-wholesale#breadcrumb\"},\"inLanguage\":\"es\",\"potentialAction\":[{\"@type\":\"ReadAction\",\"target\":[\"https:\/\/ruishengglassco.com\/product\/rs083-50ml-clear-mini-glass-bottles-wholesale\"]}]},{\"@type\":\"BreadcrumbList\",\"@id\":\"https:\/\/ruishengglassco.com\/product\/rs083-50ml-clear-mini-glass-bottles-wholesale#breadcrumb\",\"itemListElement\":[{\"@type\":\"ListItem\",\"position\":1,\"name\":\"Home\",\"item\":\"https:\/\/ruishengglassco.com\/\"},{\"@type\":\"ListItem\",\"position\":2,\"name\":\"Products\",\"item\":\"https:\/\/ruishengglassco.com\/products\"},{\"@type\":\"ListItem\",\"position\":3,\"name\":\"RS083: 50ml Clear Mini Glass Bottles Manufacturers\"}]},{\"@type\":\"WebSite\",\"@id\":\"https:\/\/ruishengglassco.com\/#website\",\"url\":\"https:\/\/ruishengglassco.com\/\",\"name\":\"Ruisheng Glass\",\"description\":\"\",\"publisher\":{\"@id\":\"https:\/\/ruishengglassco.com\/#organization\"},\"potentialAction\":[{\"@type\":\"SearchAction\",\"target\":{\"@type\":\"EntryPoint\",\"urlTemplate\":\"https:\/\/ruishengglassco.com\/?s={search_term_string}\"},\"query-input\":\"required name=search_term_string\"}],\"inLanguage\":\"es\"},{\"@type\":\"Organization\",\"@id\":\"https:\/\/ruishengglassco.com\/#organization\",\"name\":\"Shandong Yuncheng Ruisheng Glass Co., Ltd\",\"url\":\"https:\/\/ruishengglassco.com\/\",\"logo\":{\"@type\":\"ImageObject\",\"inLanguage\":\"es\",\"@id\":\"https:\/\/ruishengglassco.com\/#\/schema\/logo\/image\/\",\"url\":\"https:\/\/ruishengglassco.com\/wp-content\/uploads\/2023\/09\/ruisheng_logo_icon.webp\",\"contentUrl\":\"https:\/\/ruishengglassco.com\/wp-content\/uploads\/2023\/09\/ruisheng_logo_icon.webp\",\"width\":400,\"height\":233,\"caption\":\"Shandong Yuncheng Ruisheng Glass Co., Ltd\"},\"image\":{\"@id\":\"https:\/\/ruishengglassco.com\/#\/schema\/logo\/image\/\"},\"sameAs\":[\"https:\/\/www.facebook.com\/ruishengglassbottles\",\"https:\/\/www.instagram.com\/Ruishengglassbottlewholesales\/\",\"https:\/\/www.youtube.com\/channel\/UCMmbMNGwsL-XrtjfSFLCdVQ\"]}]}<\/script>\n<!-- \/ Yoast SEO plugin. -->","yoast_head_json":{"title":"50ml Clear Liquor Bottles Manufacturers | Mini Spirits Bottles Bulk","description":"Buy 50ml Clear Liquor Bottles Wholesale In Factory Outlet Price. China Glass Bottle Manufacturer, Sales Mini Spirits Bottles Bulk Around The World.","robots":{"index":"index","follow":"follow","max-snippet":"max-snippet:-1","max-image-preview":"max-image-preview:large","max-video-preview":"max-video-preview:-1"},"canonical":"https:\/\/ruishengglassco.com\/es\/producto\/rs083-50ml-mini-botellas-de-vidrio-transparente-al-por-mayor","og_locale":"es_ES","og_type":"article","og_title":"50ml Clear Liquor Bottles Manufacturers | Mini Spirits Bottles Bulk","og_description":"Buy 50ml Clear Liquor Bottles Wholesale In Factory Outlet Price. China Glass Bottle Manufacturer, Sales Mini Spirits Bottles Bulk Around The World.","og_url":"https:\/\/ruishengglassco.com\/es\/producto\/rs083-50ml-mini-botellas-de-vidrio-transparente-al-por-mayor","article_publisher":"https:\/\/www.facebook.com\/ruishengglassbottles","article_modified_time":"2025-07-17T06:02:11+00:00","og_image":[{"width":800,"height":800,"url":"https:\/\/ruishengglassco.com\/wp-content\/uploads\/2025\/03\/RS083-50ml-Clear-Mini-Glass-Bottles-Wholesale.webp","type":"image\/webp"}],"twitter_card":"summary_large_image","twitter_misc":{"Tiempo de lectura":"2 minutos"},"schema":{"@context":"https:\/\/schema.org","@graph":[{"@type":"WebPage","@id":"https:\/\/ruishengglassco.com\/product\/rs083-50ml-clear-mini-glass-bottles-wholesale","url":"https:\/\/ruishengglassco.com\/product\/rs083-50ml-clear-mini-glass-bottles-wholesale","name":"50ml Clear Liquor Bottles Manufacturers | Mini Spirits Bottles Bulk","isPartOf":{"@id":"https:\/\/ruishengglassco.com\/#website"},"datePublished":"2025-03-15T02:23:40+00:00","dateModified":"2025-07-17T06:02:11+00:00","description":"Buy 50ml Clear Liquor Bottles Wholesale In Factory Outlet Price. China Glass Bottle Manufacturer, Sales Mini Spirits Bottles Bulk Around The World.","breadcrumb":{"@id":"https:\/\/ruishengglassco.com\/product\/rs083-50ml-clear-mini-glass-bottles-wholesale#breadcrumb"},"inLanguage":"es","potentialAction":[{"@type":"ReadAction","target":["https:\/\/ruishengglassco.com\/product\/rs083-50ml-clear-mini-glass-bottles-wholesale"]}]},{"@type":"BreadcrumbList","@id":"https:\/\/ruishengglassco.com\/product\/rs083-50ml-clear-mini-glass-bottles-wholesale#breadcrumb","itemListElement":[{"@type":"ListItem","position":1,"name":"Home","item":"https:\/\/ruishengglassco.com\/"},{"@type":"ListItem","position":2,"name":"Products","item":"https:\/\/ruishengglassco.com\/products"},{"@type":"ListItem","position":3,"name":"RS083: 50ml Clear Mini Glass Bottles Manufacturers"}]},{"@type":"WebSite","@id":"https:\/\/ruishengglassco.com\/#website","url":"https:\/\/ruishengglassco.com\/","name":"Ruisheng Glass","description":"","publisher":{"@id":"https:\/\/ruishengglassco.com\/#organization"},"potentialAction":[{"@type":"SearchAction","target":{"@type":"EntryPoint","urlTemplate":"https:\/\/ruishengglassco.com\/?s={search_term_string}"},"query-input":"required name=search_term_string"}],"inLanguage":"es"},{"@type":"Organization","@id":"https:\/\/ruishengglassco.com\/#organization","name":"Shandong Yuncheng Ruisheng Glass Co., Ltd","url":"https:\/\/ruishengglassco.com\/","logo":{"@type":"ImageObject","inLanguage":"es","@id":"https:\/\/ruishengglassco.com\/#\/schema\/logo\/image\/","url":"https:\/\/ruishengglassco.com\/wp-content\/uploads\/2023\/09\/ruisheng_logo_icon.webp","contentUrl":"https:\/\/ruishengglassco.com\/wp-content\/uploads\/2023\/09\/ruisheng_logo_icon.webp","width":400,"height":233,"caption":"Shandong Yuncheng Ruisheng Glass Co., Ltd"},"image":{"@id":"https:\/\/ruishengglassco.com\/#\/schema\/logo\/image\/"},"sameAs":["https:\/\/www.facebook.com\/ruishengglassbottles","https:\/\/www.instagram.com\/Ruishengglassbottlewholesales\/","https:\/\/www.youtube.com\/channel\/UCMmbMNGwsL-XrtjfSFLCdVQ"]}]}},"_links":{"self":[{"href":"https:\/\/ruishengglassco.com\/es\/wp-json\/wp\/v2\/product\/4235","targetHints":{"allow":["GET"]}}],"collection":[{"href":"https:\/\/ruishengglassco.com\/es\/wp-json\/wp\/v2\/product"}],"about":[{"href":"https:\/\/ruishengglassco.com\/es\/wp-json\/wp\/v2\/types\/product"}],"replies":[{"embeddable":true,"href":"https:\/\/ruishengglassco.com\/es\/wp-json\/wp\/v2\/comments?post=4235"}],"wp:featuredmedia":[{"embeddable":true,"href":"https:\/\/ruishengglassco.com\/es\/wp-json\/wp\/v2\/media\/4236"}],"wp:attachment":[{"href":"https:\/\/ruishengglassco.com\/es\/wp-json\/wp\/v2\/media?parent=4235"}],"wp:term":[{"taxonomy":"product_cat","embeddable":true,"href":"https:\/\/ruishengglassco.com\/es\/wp-json\/wp\/v2\/product_cat?post=4235"}],"curies":[{"name":"wp","href":"https:\/\/api.w.org\/{rel}","templated":true}]}}