{"id":4232,"date":"2025-03-15T10:16:17","date_gmt":"2025-03-15T02:16:17","guid":{"rendered":"https:\/\/ruishengglassco.com\/?post_type=product&#038;p=4232"},"modified":"2025-03-15T10:16:18","modified_gmt":"2025-03-15T02:16:18","slug":"rs084-botellas-de-alcohol-en-miniatura-de-50-ml-compra-a-granel","status":"publish","type":"product","link":"https:\/\/ruishengglassco.com\/es\/producto\/rs084-botellas-de-alcohol-en-miniatura-de-50-ml-compra-a-granel","title":{"rendered":"RS084: Botellas de alcohol en miniatura de 50 ml Compra a granel"},"content":{"rendered":"<p>Ruisheng 50ml botellas de alcohol en miniatura a granel es el producto m\u00e1s importante de la serie de ventas en los pa\u00edses europeos. que cuenta con una forma redonda clara, y adecuado para el licor, whisky, brandy, vodka, ginebra, tequila, y el envasado de otras bebidas alcoh\u00f3licas. Principalmente vendemos al por mayor estas botellas de vidrio vac\u00edas para marcas de licores, empresas, proveedores de botellas de vidrio, mayoristas, supermercados, etc.<\/p>\n<p>Estas mini botellas de licor de 50 ml tambi\u00e9n aceptan el servicio de botellas de vidrio personalizadas. En este servicio de botellas de vidrio personalizadas, puede personalizar diferentes formas de botellas de vidrio, tales como forma redonda, forma cuadrada, forma aerodin\u00e1mica, forma de calavera y etc. Diferentes capacidades de botellas de vidrio est\u00e1n disponibles 50ml, 100ml, 250ml, 350ml, 500ml, 700ml, 750ml, 1000ml, 1,5 L y otros. Tambi\u00e9n aceptamos etiqueta privada personalizada y servicio de logotipo. Podemos ofrecerle lo que necesite.<\/p>\n<h2>Acerca de las botellas de alcohol en miniatura de 50 ml a granel<\/h2>\n<ul>\n<li>Marca: RS<\/li>\n<li>Forma: Redonda o personalizada<\/li>\n<li>Material: Vidrios altos de s\u00edlex<\/li>\n<li>Tipo de cierre: Tapones Guala \/ Tapones de rosca \/ Corchos<\/li>\n<li>Caracter\u00edsticas:  Respetuoso con el medio ambiente, 100% seguro para la salud, con certificados SGS, TUV, ISO<\/li>\n<\/ul>\n<p>Con alta calidad y buena reputaci\u00f3n, nuestras mini botellas de licor vac\u00edas se han exportado a EE.UU., Canad\u00e1, Reino Unido, Francia, Australia, Argentina, Sud\u00e1frica, etc. Nuestros clientes dieron a nuestras mini botellas de licor una alta evaluaci\u00f3n y firmaron un contrato de compra a largo plazo.<\/p>\n<p>Si usted est\u00e1 satisfecho con este 50ml botellas de licor, por favor p\u00f3ngase en contacto conmigo en el tiempo. Si no te gusta, puedes mirar nuestras otras botellas. O le dar\u00e9 el cat\u00e1logo, usted puede elegir lo que te gusta. Si est\u00e1 interesado en nuestras botellas herm\u00e9ticas de alcohol, p\u00f3ngase en contacto con nosotros. Le responderemos en un plazo de 24 horas.<\/p>","protected":false},"excerpt":{"rendered":"<table class=\"tg\">\n<tbody>\n<tr>\n<th class=\"tg-24i8\" colspan=\"2\">Botellas de alcohol en miniatura de 50 ml a granel<\/th>\n<\/tr>\n<tr>\n<td class=\"tg-b7b8\">Material principal:<\/td>\n<td class=\"tg-b7b8\">Cristal alto de s\u00edlex<\/td>\n<\/tr>\n<tr>\n<td class=\"tg-yw4l\">Cap:<\/td>\n<td class=\"tg-yw4l\">Tapones Guala \/ Tapones de rosca \/ Corchos<\/td>\n<\/tr>\n<tr>\n<td class=\"tg-b7b8\">Forma de embalaje<\/td>\n<td class=\"tg-b7b8\">Cart\u00f3n, Pal\u00e9, Cart\u00f3n y Pal\u00e9<\/td>\n<\/tr>\n<tr>\n<td class=\"tg-yw4l\">Caracter\u00edstica:<\/td>\n<td class=\"tg-yw4l\">Ecol\u00f3gico<\/td>\n<\/tr>\n<tr>\n<td class=\"tg-b7b8\">MOQ:<\/td>\n<td class=\"tg-b7b8\">10000 UNIDADES<\/td>\n<\/tr>\n<tr>\n<td class=\"tg-yw4l\">Origen del lugar:<\/td>\n<td class=\"tg-yw4l\">Shandong,China<\/td>\n<\/tr>\n<tr>\n<td class=\"tg-b7b8\">Piezas\/Ctn:<\/td>\n<td class=\"tg-b7b8\">24 unidades<\/td>\n<\/tr>\n<tr>\n<td class=\"tg-yw4l\">Referencia:<\/td>\n<td class=\"tg-yw4l\">RS084<\/td>\n<\/tr>\n<tr>\n<td class=\"tg-b7b8\">Forma de env\u00edo:<\/td>\n<td class=\"tg-b7b8\">Ship,Express<\/td>\n<\/tr>\n<tr>\n<td class=\"tg-yw4l\">OEM\/ODM:<\/td>\n<td class=\"tg-yw4l\">Bienvenido<\/td>\n<\/tr>\n<\/tbody>\n<\/table>","protected":false},"featured_media":4233,"comment_status":"closed","ping_status":"closed","template":"","meta":[],"product_cat":[48],"class_list":{"0":"post-4232","1":"product","2":"type-product","3":"status-publish","4":"has-post-thumbnail","6":"product_cat-50ml-mini-liquor-bottle-manufacturer","8":"first","9":"instock","10":"shipping-taxable","11":"product-type-simple"},"yoast_head":"<!-- This site is optimized with the Yoast SEO plugin v22.0 - https:\/\/yoast.com\/wordpress\/plugins\/seo\/ -->\n<title>50ml Miniature Alcohol Bottles Bulk | Empty Spirit Bottles Manufacturer<\/title>\n<meta name=\"description\" content=\"Ruisheng, a professional empty spirit bottles manufacturer, wholesale 50ml miniature alcohol bottles bulk in factory outlet price.\" \/>\n<meta name=\"robots\" content=\"index, follow, max-snippet:-1, max-image-preview:large, max-video-preview:-1\" \/>\n<link rel=\"canonical\" href=\"https:\/\/ruishengglassco.com\/es\/producto\/rs084-botellas-de-alcohol-en-miniatura-de-50-ml-compra-a-granel\" \/>\n<meta property=\"og:locale\" content=\"es_ES\" \/>\n<meta property=\"og:type\" content=\"article\" \/>\n<meta property=\"og:title\" content=\"50ml Miniature Alcohol Bottles Bulk | Empty Spirit Bottles Manufacturer\" \/>\n<meta property=\"og:description\" content=\"Ruisheng, a professional empty spirit bottles manufacturer, wholesale 50ml miniature alcohol bottles bulk in factory outlet price.\" \/>\n<meta property=\"og:url\" content=\"https:\/\/ruishengglassco.com\/es\/producto\/rs084-botellas-de-alcohol-en-miniatura-de-50-ml-compra-a-granel\" \/>\n<meta property=\"article:publisher\" content=\"https:\/\/www.facebook.com\/ruishengglassbottles\" \/>\n<meta property=\"article:modified_time\" content=\"2025-03-15T02:16:18+00:00\" \/>\n<meta property=\"og:image\" content=\"https:\/\/ruishengglassco.com\/wp-content\/uploads\/2025\/03\/RS084-50ml-Miniature-Alcohol-Bottles-Bulk-Buy.webp\" \/>\n\t<meta property=\"og:image:width\" content=\"800\" \/>\n\t<meta property=\"og:image:height\" content=\"800\" \/>\n\t<meta property=\"og:image:type\" content=\"image\/webp\" \/>\n<meta name=\"twitter:card\" content=\"summary_large_image\" \/>\n<meta name=\"twitter:label1\" content=\"Tiempo de lectura\" \/>\n\t<meta name=\"twitter:data1\" content=\"2 minutos\" \/>\n<script type=\"application\/ld+json\" class=\"yoast-schema-graph\">{\"@context\":\"https:\/\/schema.org\",\"@graph\":[{\"@type\":\"WebPage\",\"@id\":\"https:\/\/ruishengglassco.com\/product\/rs084-50ml-miniature-alcohol-bottles-bulk-buy\",\"url\":\"https:\/\/ruishengglassco.com\/product\/rs084-50ml-miniature-alcohol-bottles-bulk-buy\",\"name\":\"50ml Miniature Alcohol Bottles Bulk | Empty Spirit Bottles Manufacturer\",\"isPartOf\":{\"@id\":\"https:\/\/ruishengglassco.com\/#website\"},\"datePublished\":\"2025-03-15T02:16:17+00:00\",\"dateModified\":\"2025-03-15T02:16:18+00:00\",\"description\":\"Ruisheng, a professional empty spirit bottles manufacturer, wholesale 50ml miniature alcohol bottles bulk in factory outlet price.\",\"breadcrumb\":{\"@id\":\"https:\/\/ruishengglassco.com\/product\/rs084-50ml-miniature-alcohol-bottles-bulk-buy#breadcrumb\"},\"inLanguage\":\"es\",\"potentialAction\":[{\"@type\":\"ReadAction\",\"target\":[\"https:\/\/ruishengglassco.com\/product\/rs084-50ml-miniature-alcohol-bottles-bulk-buy\"]}]},{\"@type\":\"BreadcrumbList\",\"@id\":\"https:\/\/ruishengglassco.com\/product\/rs084-50ml-miniature-alcohol-bottles-bulk-buy#breadcrumb\",\"itemListElement\":[{\"@type\":\"ListItem\",\"position\":1,\"name\":\"Home\",\"item\":\"https:\/\/ruishengglassco.com\/\"},{\"@type\":\"ListItem\",\"position\":2,\"name\":\"Products\",\"item\":\"https:\/\/ruishengglassco.com\/products\"},{\"@type\":\"ListItem\",\"position\":3,\"name\":\"RS084: 50ml Miniature Alcohol Bottles Bulk Buy\"}]},{\"@type\":\"WebSite\",\"@id\":\"https:\/\/ruishengglassco.com\/#website\",\"url\":\"https:\/\/ruishengglassco.com\/\",\"name\":\"Ruisheng Glass\",\"description\":\"\",\"publisher\":{\"@id\":\"https:\/\/ruishengglassco.com\/#organization\"},\"potentialAction\":[{\"@type\":\"SearchAction\",\"target\":{\"@type\":\"EntryPoint\",\"urlTemplate\":\"https:\/\/ruishengglassco.com\/?s={search_term_string}\"},\"query-input\":\"required name=search_term_string\"}],\"inLanguage\":\"es\"},{\"@type\":\"Organization\",\"@id\":\"https:\/\/ruishengglassco.com\/#organization\",\"name\":\"Shandong Yuncheng Ruisheng Glass Co., Ltd\",\"url\":\"https:\/\/ruishengglassco.com\/\",\"logo\":{\"@type\":\"ImageObject\",\"inLanguage\":\"es\",\"@id\":\"https:\/\/ruishengglassco.com\/#\/schema\/logo\/image\/\",\"url\":\"https:\/\/ruishengglassco.com\/wp-content\/uploads\/2023\/09\/ruisheng_logo_icon.webp\",\"contentUrl\":\"https:\/\/ruishengglassco.com\/wp-content\/uploads\/2023\/09\/ruisheng_logo_icon.webp\",\"width\":400,\"height\":233,\"caption\":\"Shandong Yuncheng Ruisheng Glass Co., Ltd\"},\"image\":{\"@id\":\"https:\/\/ruishengglassco.com\/#\/schema\/logo\/image\/\"},\"sameAs\":[\"https:\/\/www.facebook.com\/ruishengglassbottles\",\"https:\/\/www.instagram.com\/Ruishengglassbottlewholesales\/\",\"https:\/\/www.youtube.com\/channel\/UCMmbMNGwsL-XrtjfSFLCdVQ\"]}]}<\/script>\n<!-- \/ Yoast SEO plugin. -->","yoast_head_json":{"title":"50ml Miniature Alcohol Bottles Bulk | Empty Spirit Bottles Manufacturer","description":"Ruisheng, a professional empty spirit bottles manufacturer, wholesale 50ml miniature alcohol bottles bulk in factory outlet price.","robots":{"index":"index","follow":"follow","max-snippet":"max-snippet:-1","max-image-preview":"max-image-preview:large","max-video-preview":"max-video-preview:-1"},"canonical":"https:\/\/ruishengglassco.com\/es\/producto\/rs084-botellas-de-alcohol-en-miniatura-de-50-ml-compra-a-granel","og_locale":"es_ES","og_type":"article","og_title":"50ml Miniature Alcohol Bottles Bulk | Empty Spirit Bottles Manufacturer","og_description":"Ruisheng, a professional empty spirit bottles manufacturer, wholesale 50ml miniature alcohol bottles bulk in factory outlet price.","og_url":"https:\/\/ruishengglassco.com\/es\/producto\/rs084-botellas-de-alcohol-en-miniatura-de-50-ml-compra-a-granel","article_publisher":"https:\/\/www.facebook.com\/ruishengglassbottles","article_modified_time":"2025-03-15T02:16:18+00:00","og_image":[{"width":800,"height":800,"url":"https:\/\/ruishengglassco.com\/wp-content\/uploads\/2025\/03\/RS084-50ml-Miniature-Alcohol-Bottles-Bulk-Buy.webp","type":"image\/webp"}],"twitter_card":"summary_large_image","twitter_misc":{"Tiempo de lectura":"2 minutos"},"schema":{"@context":"https:\/\/schema.org","@graph":[{"@type":"WebPage","@id":"https:\/\/ruishengglassco.com\/product\/rs084-50ml-miniature-alcohol-bottles-bulk-buy","url":"https:\/\/ruishengglassco.com\/product\/rs084-50ml-miniature-alcohol-bottles-bulk-buy","name":"50ml Miniature Alcohol Bottles Bulk | Empty Spirit Bottles Manufacturer","isPartOf":{"@id":"https:\/\/ruishengglassco.com\/#website"},"datePublished":"2025-03-15T02:16:17+00:00","dateModified":"2025-03-15T02:16:18+00:00","description":"Ruisheng, a professional empty spirit bottles manufacturer, wholesale 50ml miniature alcohol bottles bulk in factory outlet price.","breadcrumb":{"@id":"https:\/\/ruishengglassco.com\/product\/rs084-50ml-miniature-alcohol-bottles-bulk-buy#breadcrumb"},"inLanguage":"es","potentialAction":[{"@type":"ReadAction","target":["https:\/\/ruishengglassco.com\/product\/rs084-50ml-miniature-alcohol-bottles-bulk-buy"]}]},{"@type":"BreadcrumbList","@id":"https:\/\/ruishengglassco.com\/product\/rs084-50ml-miniature-alcohol-bottles-bulk-buy#breadcrumb","itemListElement":[{"@type":"ListItem","position":1,"name":"Home","item":"https:\/\/ruishengglassco.com\/"},{"@type":"ListItem","position":2,"name":"Products","item":"https:\/\/ruishengglassco.com\/products"},{"@type":"ListItem","position":3,"name":"RS084: 50ml Miniature Alcohol Bottles Bulk Buy"}]},{"@type":"WebSite","@id":"https:\/\/ruishengglassco.com\/#website","url":"https:\/\/ruishengglassco.com\/","name":"Ruisheng Glass","description":"","publisher":{"@id":"https:\/\/ruishengglassco.com\/#organization"},"potentialAction":[{"@type":"SearchAction","target":{"@type":"EntryPoint","urlTemplate":"https:\/\/ruishengglassco.com\/?s={search_term_string}"},"query-input":"required name=search_term_string"}],"inLanguage":"es"},{"@type":"Organization","@id":"https:\/\/ruishengglassco.com\/#organization","name":"Shandong Yuncheng Ruisheng Glass Co., Ltd","url":"https:\/\/ruishengglassco.com\/","logo":{"@type":"ImageObject","inLanguage":"es","@id":"https:\/\/ruishengglassco.com\/#\/schema\/logo\/image\/","url":"https:\/\/ruishengglassco.com\/wp-content\/uploads\/2023\/09\/ruisheng_logo_icon.webp","contentUrl":"https:\/\/ruishengglassco.com\/wp-content\/uploads\/2023\/09\/ruisheng_logo_icon.webp","width":400,"height":233,"caption":"Shandong Yuncheng Ruisheng Glass Co., Ltd"},"image":{"@id":"https:\/\/ruishengglassco.com\/#\/schema\/logo\/image\/"},"sameAs":["https:\/\/www.facebook.com\/ruishengglassbottles","https:\/\/www.instagram.com\/Ruishengglassbottlewholesales\/","https:\/\/www.youtube.com\/channel\/UCMmbMNGwsL-XrtjfSFLCdVQ"]}]}},"_links":{"self":[{"href":"https:\/\/ruishengglassco.com\/es\/wp-json\/wp\/v2\/product\/4232","targetHints":{"allow":["GET"]}}],"collection":[{"href":"https:\/\/ruishengglassco.com\/es\/wp-json\/wp\/v2\/product"}],"about":[{"href":"https:\/\/ruishengglassco.com\/es\/wp-json\/wp\/v2\/types\/product"}],"replies":[{"embeddable":true,"href":"https:\/\/ruishengglassco.com\/es\/wp-json\/wp\/v2\/comments?post=4232"}],"wp:featuredmedia":[{"embeddable":true,"href":"https:\/\/ruishengglassco.com\/es\/wp-json\/wp\/v2\/media\/4233"}],"wp:attachment":[{"href":"https:\/\/ruishengglassco.com\/es\/wp-json\/wp\/v2\/media?parent=4232"}],"wp:term":[{"taxonomy":"product_cat","embeddable":true,"href":"https:\/\/ruishengglassco.com\/es\/wp-json\/wp\/v2\/product_cat?post=4232"}],"curies":[{"name":"wp","href":"https:\/\/api.w.org\/{rel}","templated":true}]}}