{"id":4230,"date":"2025-03-15T10:11:50","date_gmt":"2025-03-15T02:11:50","guid":{"rendered":"https:\/\/ruishengglassco.com\/?post_type=product&#038;p=4230"},"modified":"2025-09-11T16:11:41","modified_gmt":"2025-09-11T08:11:41","slug":"rs085-venta-al-por-mayor-375ml-botellas-de-vidrio-con-tapa-de-rosca","status":"publish","type":"product","link":"https:\/\/ruishengglassco.com\/es\/producto\/rs085-venta-al-por-mayor-375ml-botellas-de-vidrio-con-tapa-de-rosca","title":{"rendered":"RS085: Frascos de vidrio de 375 ml con tapa de rosca"},"content":{"rendered":"<p>Estas botellas de vidrio de 375ml con tap\u00f3n de rosca al por mayor se producen en Shandong Yuncheng Ruisheng Glass Co., Ltd.. Estas peque\u00f1as botellas de vidrio pueden contener varios tipos de l\u00edquidos, incluyendo licor, whisky, vodka, brandy, ron, ginebra y otras bebidas. Vale la pena mencionar que esta peque\u00f1a botella de vidrio cuenta con un tap\u00f3n de rosca.<\/p>\n<p>Estas botellas de 375 ml al por mayor tienen forma cil\u00edndrica y su tipo de cierre es un tap\u00f3n de rosca. Podemos ofrecer dos tipos de tapones para estas peque\u00f1as botellas de l\u00edquido. Uno es un tap\u00f3n de rosca corto antifalsificaci\u00f3n, y el otro es un tap\u00f3n de rosca corto com\u00fan. Si no desea este tap\u00f3n, tambi\u00e9n podemos cambiar su acabado a corcho.<\/p>\n<p>Podemos hacer decoraciones profundas en estas botellas de licor de vidrio de 375 ml con tap\u00f3n de rosca al por mayor. Si te gusta un servicio de botella de vidrio al por mayor de una parada de nuestra f\u00e1brica, podemos ofrecer la impresi\u00f3n de un logotipo en la botella de vidrio esmerilado, pulverizaci\u00f3n de color en la superficie transparente, y los colores de galvanoplastia UV en las botellas de licor.<\/p>\n<h2>Los detalles de este 375ml botellas de vidrio con tap\u00f3n de rosca<\/h2>\n<ul>\n<li>Material principal: vidrio de alto s\u00edlex<\/li>\n<li>Tap\u00f3n: tap\u00f3n de rosca<\/li>\n<li>Referencia: RS085<\/li>\n<li>MOQ: 10000 PCS<\/li>\n<li>Capacidad:375 ml<\/li>\n<li>Pcs\/Ctn:24pcs \/20 pcs\/ 12 pcs \/6pcs<\/li>\n<li>Origen del lugar: Shandong, China<\/li>\n<li>Caracter\u00edstica: Ecol\u00f3gico<\/li>\n<\/ul>\n<h2>Acerca del envasado en botellas de vidrio<\/h2>\n<p>Hay tres formas de envasar una botella de 375 ml en nuestra f\u00e1brica:<\/p>\n<p>La primera forma es el embalaje de cart\u00f3n. Podemos hacer el embalaje de cart\u00f3n est\u00e1ndar para esta botella de licor de 375 ml para la venta, y por lo general hay alrededor de 15\/20\/24, o 24 botellas por caja. Este cart\u00f3n es igual que el embalaje de transporte. Si no desea cambiar el cart\u00f3n despu\u00e9s de utilizar las botellas de vidrio vac\u00edas, tambi\u00e9n podemos ofrecerle una caja de color personalizado que se adapte a sus necesidades. La destiler\u00eda suele utilizar 6 \u00f3 12 botellas por caja.<\/p>\n<p>La segunda forma es el embalaje en pal\u00e9s. Nuestro pal\u00e9 no es de fumigaci\u00f3n. Colocaremos la bandeja de papel en el pal\u00e9 y envolveremos los pal\u00e9s despu\u00e9s de embalar las botellas de vidrio transparente vintage de 375 ml.<\/p>\n<p>La tercera forma es el embalaje de cart\u00f3n y palet. De esta manera, ofrecemos el cart\u00f3n y palet para el envasado de las botellas de vidrio con tap\u00f3n de rosca. De este modo, son m\u00e1s seguras y f\u00e1ciles de transportar.<\/p>\n<p>Como el mayor proveedor de botellas de licor de vidrio, nuestras botellas de vidrio se han exportado a Europa, EE.UU., Australia y otras regiones. Todos los productos gozan de una gran reputaci\u00f3n por su innovaci\u00f3n<br \/>\ny funcionalidad.<\/p>\n<p><em><strong>Si est\u00e1 interesado en nuestra botella de licor de vidrio de 375 ml con tap\u00f3n de rosca al por mayor, p\u00f3ngase en contacto con nosotros ahora.<\/strong><\/em><\/p>","protected":false},"excerpt":{"rendered":"<table class=\"tg\">\n<tbody>\n<tr>\n<th class=\"tg-24i8\" colspan=\"2\">Botellas de vidrio con tap\u00f3n de rosca de 375 ml al por mayor<\/th>\n<\/tr>\n<tr>\n<td class=\"tg-b7b8\">Referencia:<\/td>\n<td class=\"tg-b7b8\">RS085<\/td>\n<\/tr>\n<tr>\n<td class=\"tg-yw4l\">Material principal:<\/td>\n<td class=\"tg-yw4l\">Vidrio de alto s\u00edlex ( este material tambi\u00e9n se denomina vidrio blanco cristalino )<\/td>\n<\/tr>\n<tr>\n<td class=\"tg-b7b8\">Cap:<\/td>\n<td class=\"tg-b7b8\">Gorra Scrow<\/td>\n<\/tr>\n<tr>\n<td class=\"tg-yw4l\">Capacidad:<\/td>\n<td class=\"tg-yw4l\">375 ml<\/td>\n<\/tr>\n<tr>\n<td class=\"tg-b7b8\">Caracter\u00edstica:<\/td>\n<td class=\"tg-b7b8\">Ecol\u00f3gico<\/td>\n<\/tr>\n<tr>\n<td class=\"tg-yw4l\">MOQ:<\/td>\n<td class=\"tg-yw4l\">10000 UNIDADES<\/td>\n<\/tr>\n<tr>\n<td class=\"tg-b7b8\">Manera de embalar:<\/td>\n<td class=\"tg-b7b8\">Cart\u00f3n est\u00e1ndar para exportaci\u00f3n \/ Pal\u00e9 \/ cart\u00f3n est\u00e1ndar para exportaci\u00f3n y pal\u00e9<\/td>\n<\/tr>\n<tr>\n<td class=\"tg-yw4l\">OEM\/ODM:<\/td>\n<td class=\"tg-yw4l\">Bienvenido<\/td>\n<\/tr>\n<tr>\n<td class=\"tg-b7b8\">Origen del lugar:<\/td>\n<td class=\"tg-b7b8\">Shandong,China<\/td>\n<\/tr>\n<tr>\n<td class=\"tg-yw4l\">Piezas\/Ctn:<\/td>\n<td class=\"tg-yw4l\">24 unidades o seg\u00fan las necesidades del cliente<\/td>\n<\/tr>\n<\/tbody>\n<\/table>","protected":false},"featured_media":4231,"comment_status":"closed","ping_status":"closed","template":"","meta":[],"product_cat":[55],"class_list":{"0":"post-4230","1":"product","2":"type-product","3":"status-publish","4":"has-post-thumbnail","6":"product_cat-375ml-liquor-bottle-manufacturer","8":"first","9":"instock","10":"shipping-taxable","11":"product-type-simple"},"yoast_head":"<!-- This site is optimized with the Yoast SEO plugin v22.0 - https:\/\/yoast.com\/wordpress\/plugins\/seo\/ -->\n<title>375ml Glass Liquor Bottles With Screw Top Manufacturers In Bulk Price<\/title>\n<meta name=\"description\" content=\"Ruisheng, one of China glass bottle manufacturer, provide 375ml glass liquor bottles with screw top wholesale in factory price. OEM Order Offered.\" \/>\n<meta name=\"robots\" content=\"index, follow, max-snippet:-1, max-image-preview:large, max-video-preview:-1\" \/>\n<link rel=\"canonical\" href=\"https:\/\/ruishengglassco.com\/es\/producto\/rs085-venta-al-por-mayor-375ml-botellas-de-vidrio-con-tapa-de-rosca\" \/>\n<meta property=\"og:locale\" content=\"es_ES\" \/>\n<meta property=\"og:type\" content=\"article\" \/>\n<meta property=\"og:title\" content=\"375ml Glass Liquor Bottles With Screw Top Manufacturers In Bulk Price\" \/>\n<meta property=\"og:description\" content=\"Ruisheng, one of China glass bottle manufacturer, provide 375ml glass liquor bottles with screw top wholesale in factory price. OEM Order Offered.\" \/>\n<meta property=\"og:url\" content=\"https:\/\/ruishengglassco.com\/es\/producto\/rs085-venta-al-por-mayor-375ml-botellas-de-vidrio-con-tapa-de-rosca\" \/>\n<meta property=\"article:publisher\" content=\"https:\/\/www.facebook.com\/ruishengglassbottles\" \/>\n<meta property=\"article:modified_time\" content=\"2025-09-11T08:11:41+00:00\" \/>\n<meta property=\"og:image\" content=\"https:\/\/ruishengglassco.com\/wp-content\/uploads\/2025\/03\/RS085-Wholesale-375ml-Glass-Bottles-With-Screw-Top-Lids.webp\" \/>\n\t<meta property=\"og:image:width\" content=\"800\" \/>\n\t<meta property=\"og:image:height\" content=\"800\" \/>\n\t<meta property=\"og:image:type\" content=\"image\/webp\" \/>\n<meta name=\"twitter:card\" content=\"summary_large_image\" \/>\n<meta name=\"twitter:label1\" content=\"Tiempo de lectura\" \/>\n\t<meta name=\"twitter:data1\" content=\"2 minutos\" \/>\n<script type=\"application\/ld+json\" class=\"yoast-schema-graph\">{\"@context\":\"https:\/\/schema.org\",\"@graph\":[{\"@type\":\"WebPage\",\"@id\":\"https:\/\/ruishengglassco.com\/product\/rs085-wholesale-375ml-glass-bottles-with-screw-top-lids\",\"url\":\"https:\/\/ruishengglassco.com\/product\/rs085-wholesale-375ml-glass-bottles-with-screw-top-lids\",\"name\":\"375ml Glass Liquor Bottles With Screw Top Manufacturers In Bulk Price\",\"isPartOf\":{\"@id\":\"https:\/\/ruishengglassco.com\/#website\"},\"datePublished\":\"2025-03-15T02:11:50+00:00\",\"dateModified\":\"2025-09-11T08:11:41+00:00\",\"description\":\"Ruisheng, one of China glass bottle manufacturer, provide 375ml glass liquor bottles with screw top wholesale in factory price. OEM Order Offered.\",\"breadcrumb\":{\"@id\":\"https:\/\/ruishengglassco.com\/product\/rs085-wholesale-375ml-glass-bottles-with-screw-top-lids#breadcrumb\"},\"inLanguage\":\"es\",\"potentialAction\":[{\"@type\":\"ReadAction\",\"target\":[\"https:\/\/ruishengglassco.com\/product\/rs085-wholesale-375ml-glass-bottles-with-screw-top-lids\"]}]},{\"@type\":\"BreadcrumbList\",\"@id\":\"https:\/\/ruishengglassco.com\/product\/rs085-wholesale-375ml-glass-bottles-with-screw-top-lids#breadcrumb\",\"itemListElement\":[{\"@type\":\"ListItem\",\"position\":1,\"name\":\"Home\",\"item\":\"https:\/\/ruishengglassco.com\/\"},{\"@type\":\"ListItem\",\"position\":2,\"name\":\"Products\",\"item\":\"https:\/\/ruishengglassco.com\/products\"},{\"@type\":\"ListItem\",\"position\":3,\"name\":\"RS085: 375ml Glass Bottles With Screw Top Lids\"}]},{\"@type\":\"WebSite\",\"@id\":\"https:\/\/ruishengglassco.com\/#website\",\"url\":\"https:\/\/ruishengglassco.com\/\",\"name\":\"Ruisheng Glass\",\"description\":\"\",\"publisher\":{\"@id\":\"https:\/\/ruishengglassco.com\/#organization\"},\"potentialAction\":[{\"@type\":\"SearchAction\",\"target\":{\"@type\":\"EntryPoint\",\"urlTemplate\":\"https:\/\/ruishengglassco.com\/?s={search_term_string}\"},\"query-input\":\"required name=search_term_string\"}],\"inLanguage\":\"es\"},{\"@type\":\"Organization\",\"@id\":\"https:\/\/ruishengglassco.com\/#organization\",\"name\":\"Shandong Yuncheng Ruisheng Glass Co., Ltd\",\"url\":\"https:\/\/ruishengglassco.com\/\",\"logo\":{\"@type\":\"ImageObject\",\"inLanguage\":\"es\",\"@id\":\"https:\/\/ruishengglassco.com\/#\/schema\/logo\/image\/\",\"url\":\"https:\/\/ruishengglassco.com\/wp-content\/uploads\/2023\/09\/ruisheng_logo_icon.webp\",\"contentUrl\":\"https:\/\/ruishengglassco.com\/wp-content\/uploads\/2023\/09\/ruisheng_logo_icon.webp\",\"width\":400,\"height\":233,\"caption\":\"Shandong Yuncheng Ruisheng Glass Co., Ltd\"},\"image\":{\"@id\":\"https:\/\/ruishengglassco.com\/#\/schema\/logo\/image\/\"},\"sameAs\":[\"https:\/\/www.facebook.com\/ruishengglassbottles\",\"https:\/\/www.instagram.com\/Ruishengglassbottlewholesales\/\",\"https:\/\/www.youtube.com\/channel\/UCMmbMNGwsL-XrtjfSFLCdVQ\"]}]}<\/script>\n<!-- \/ Yoast SEO plugin. -->","yoast_head_json":{"title":"375ml Glass Liquor Bottles With Screw Top Manufacturers In Bulk Price","description":"Ruisheng, one of China glass bottle manufacturer, provide 375ml glass liquor bottles with screw top wholesale in factory price. OEM Order Offered.","robots":{"index":"index","follow":"follow","max-snippet":"max-snippet:-1","max-image-preview":"max-image-preview:large","max-video-preview":"max-video-preview:-1"},"canonical":"https:\/\/ruishengglassco.com\/es\/producto\/rs085-venta-al-por-mayor-375ml-botellas-de-vidrio-con-tapa-de-rosca","og_locale":"es_ES","og_type":"article","og_title":"375ml Glass Liquor Bottles With Screw Top Manufacturers In Bulk Price","og_description":"Ruisheng, one of China glass bottle manufacturer, provide 375ml glass liquor bottles with screw top wholesale in factory price. OEM Order Offered.","og_url":"https:\/\/ruishengglassco.com\/es\/producto\/rs085-venta-al-por-mayor-375ml-botellas-de-vidrio-con-tapa-de-rosca","article_publisher":"https:\/\/www.facebook.com\/ruishengglassbottles","article_modified_time":"2025-09-11T08:11:41+00:00","og_image":[{"width":800,"height":800,"url":"https:\/\/ruishengglassco.com\/wp-content\/uploads\/2025\/03\/RS085-Wholesale-375ml-Glass-Bottles-With-Screw-Top-Lids.webp","type":"image\/webp"}],"twitter_card":"summary_large_image","twitter_misc":{"Tiempo de lectura":"2 minutos"},"schema":{"@context":"https:\/\/schema.org","@graph":[{"@type":"WebPage","@id":"https:\/\/ruishengglassco.com\/product\/rs085-wholesale-375ml-glass-bottles-with-screw-top-lids","url":"https:\/\/ruishengglassco.com\/product\/rs085-wholesale-375ml-glass-bottles-with-screw-top-lids","name":"375ml Glass Liquor Bottles With Screw Top Manufacturers In Bulk Price","isPartOf":{"@id":"https:\/\/ruishengglassco.com\/#website"},"datePublished":"2025-03-15T02:11:50+00:00","dateModified":"2025-09-11T08:11:41+00:00","description":"Ruisheng, one of China glass bottle manufacturer, provide 375ml glass liquor bottles with screw top wholesale in factory price. OEM Order Offered.","breadcrumb":{"@id":"https:\/\/ruishengglassco.com\/product\/rs085-wholesale-375ml-glass-bottles-with-screw-top-lids#breadcrumb"},"inLanguage":"es","potentialAction":[{"@type":"ReadAction","target":["https:\/\/ruishengglassco.com\/product\/rs085-wholesale-375ml-glass-bottles-with-screw-top-lids"]}]},{"@type":"BreadcrumbList","@id":"https:\/\/ruishengglassco.com\/product\/rs085-wholesale-375ml-glass-bottles-with-screw-top-lids#breadcrumb","itemListElement":[{"@type":"ListItem","position":1,"name":"Home","item":"https:\/\/ruishengglassco.com\/"},{"@type":"ListItem","position":2,"name":"Products","item":"https:\/\/ruishengglassco.com\/products"},{"@type":"ListItem","position":3,"name":"RS085: 375ml Glass Bottles With Screw Top Lids"}]},{"@type":"WebSite","@id":"https:\/\/ruishengglassco.com\/#website","url":"https:\/\/ruishengglassco.com\/","name":"Ruisheng Glass","description":"","publisher":{"@id":"https:\/\/ruishengglassco.com\/#organization"},"potentialAction":[{"@type":"SearchAction","target":{"@type":"EntryPoint","urlTemplate":"https:\/\/ruishengglassco.com\/?s={search_term_string}"},"query-input":"required name=search_term_string"}],"inLanguage":"es"},{"@type":"Organization","@id":"https:\/\/ruishengglassco.com\/#organization","name":"Shandong Yuncheng Ruisheng Glass Co., Ltd","url":"https:\/\/ruishengglassco.com\/","logo":{"@type":"ImageObject","inLanguage":"es","@id":"https:\/\/ruishengglassco.com\/#\/schema\/logo\/image\/","url":"https:\/\/ruishengglassco.com\/wp-content\/uploads\/2023\/09\/ruisheng_logo_icon.webp","contentUrl":"https:\/\/ruishengglassco.com\/wp-content\/uploads\/2023\/09\/ruisheng_logo_icon.webp","width":400,"height":233,"caption":"Shandong Yuncheng Ruisheng Glass Co., Ltd"},"image":{"@id":"https:\/\/ruishengglassco.com\/#\/schema\/logo\/image\/"},"sameAs":["https:\/\/www.facebook.com\/ruishengglassbottles","https:\/\/www.instagram.com\/Ruishengglassbottlewholesales\/","https:\/\/www.youtube.com\/channel\/UCMmbMNGwsL-XrtjfSFLCdVQ"]}]}},"_links":{"self":[{"href":"https:\/\/ruishengglassco.com\/es\/wp-json\/wp\/v2\/product\/4230","targetHints":{"allow":["GET"]}}],"collection":[{"href":"https:\/\/ruishengglassco.com\/es\/wp-json\/wp\/v2\/product"}],"about":[{"href":"https:\/\/ruishengglassco.com\/es\/wp-json\/wp\/v2\/types\/product"}],"replies":[{"embeddable":true,"href":"https:\/\/ruishengglassco.com\/es\/wp-json\/wp\/v2\/comments?post=4230"}],"wp:featuredmedia":[{"embeddable":true,"href":"https:\/\/ruishengglassco.com\/es\/wp-json\/wp\/v2\/media\/4231"}],"wp:attachment":[{"href":"https:\/\/ruishengglassco.com\/es\/wp-json\/wp\/v2\/media?parent=4230"}],"wp:term":[{"taxonomy":"product_cat","embeddable":true,"href":"https:\/\/ruishengglassco.com\/es\/wp-json\/wp\/v2\/product_cat?post=4230"}],"curies":[{"name":"wp","href":"https:\/\/api.w.org\/{rel}","templated":true}]}}