{"id":4228,"date":"2025-03-15T10:09:11","date_gmt":"2025-03-15T02:09:11","guid":{"rendered":"https:\/\/ruishengglassco.com\/?post_type=product&#038;p=4228"},"modified":"2025-07-17T14:00:46","modified_gmt":"2025-07-17T06:00:46","slug":"rs086-al-por-mayor-botella-de-whisky-redonda-de-70cl-de-cuello-largo-con-tapon-de-corcho","status":"publish","type":"product","link":"https:\/\/ruishengglassco.com\/es\/producto\/rs086-al-por-mayor-botella-de-whisky-redonda-de-70cl-de-cuello-largo-con-tapon-de-corcho","title":{"rendered":"RS086: Botella de whisky redonda de cuello largo de 70cl con tap\u00f3n de corcho"},"content":{"rendered":"<p><span data-preserver-spaces=\"true\">Las botellas de whisky a granel RS son de 70 cl y est\u00e1n fabricadas con vidrio de alto pedernal. Este material hace que las botellas sean m\u00e1s claras, resistentes y suaves que las fabricadas con otros materiales. Pueden consultarse en <\/span><span data-preserver-spaces=\"true\">se utilizan principalmente<\/span><span data-preserver-spaces=\"true\"> para licores, whisky, vodka, bebidas, agua y otros l\u00edquidos.<\/span><\/p>\n<p><span data-preserver-spaces=\"true\">Estas botellas de whisky redondas de 70 cl tienen un cuello largo. Tambi\u00e9n aceptamos servicio de botellas de cristal de whisky personalizadas. <\/span><span data-preserver-spaces=\"true\">En este servicio personalizado de botellas de cristal, puede <\/span><span data-preserver-spaces=\"true\">personalizar diferentes<\/span><span data-preserver-spaces=\"true\"> formas de botellas de vidrio, <\/span><span data-preserver-spaces=\"true\">como<\/span><span data-preserver-spaces=\"true\"> redondo <\/span><span data-preserver-spaces=\"true\">forma<\/span><span data-preserver-spaces=\"true\">, cuadrado <\/span><span data-preserver-spaces=\"true\">forma<\/span><span data-preserver-spaces=\"true\">, racionalizado <\/span><span data-preserver-spaces=\"true\">forma<\/span><span data-preserver-spaces=\"true\">, cr\u00e1neo <\/span><span data-preserver-spaces=\"true\">forma, etc.<\/span><span data-preserver-spaces=\"true\">.<\/span><span data-preserver-spaces=\"true\"> Hay disponibles botellas de vidrio de distintas capacidades: 50 ml, 100 ml, 250 ml, 350 ml, 500 ml, 700 ml, 750 ml, 1.000 ml, 1,5 l y otras. <\/span><span data-preserver-spaces=\"true\">Y nosotros<\/span><span data-preserver-spaces=\"true\"> tambi\u00e9n aceptamos marcas blancas y <\/span><span data-preserver-spaces=\"true\">Servicio de logotipos<\/span><span data-preserver-spaces=\"true\">.<\/span><span data-preserver-spaces=\"true\"> Lo que usted necesita es lo que nosotros podemos ofrecerle.<\/span><\/p>\n<h2><span data-preserver-spaces=\"true\">\u00a0<\/span><\/h2>\n<p><span style=\"font-size: 23.04px; color: #333333;\">Obtenga informaci\u00f3n sobre el precio de las botellas de whisky a granel<\/span><\/p>\n<ul>\n<li>Nombre: Botellas de vidrio de whisky al por mayor<\/li>\n<li>Pa\u00eds de origen\uff1aChina<\/li>\n<li>Material principal: vidrio de alto s\u00edlex<\/li>\n<li>Tapa: Corcho ( Podemos cambiar su tapa a rosca si lo necesita )<\/li>\n<li>Referencia: RS086<\/li>\n<li>MOQ: 1x 40\u2033 GP<\/li>\n<li>Capacidad: 700 ml<\/li>\n<li>Forma de embalaje: Cart\u00f3n est\u00e1ndar de exportaci\u00f3n\/Pal\u00e9\/Cart\u00f3n est\u00e1ndar de exportaci\u00f3n y pal\u00e9<\/li>\n<li>Origen del lugar: Shandong, China<\/li>\n<li>Caracter\u00edstica: Ecol\u00f3gico<\/li>\n<\/ul>\n<p>Hay m\u00e1s de 500 empleados en nuestra f\u00e1brica, y alrededor de 30 miembros de control de calidad para comprobar la calidad de las botellas de vidrio al por mayor. Todas las botellas de whisky vac\u00edas se exportar\u00e1n despu\u00e9s de pasar el control de calidad.<\/p>\n<p>Adem\u00e1s, hay un grupo de ingenieros cualificados que se encargan de tareas como el dibujo de botellas, el dise\u00f1o de etiquetas y de resolver cualquier duda entre ventas y clientes. Gracias a nuestra amplia experiencia, gozamos de una buena reputaci\u00f3n en todo el mundo.<\/p>\n<p>Nuestros principales productos son botellas de vidrio de primera calidad, tales como botellas de vodka, botellas de brandy, botellas de whisky, botellas de licor, botellas de ron, y as\u00ed sucesivamente. Tambi\u00e9n podemos ofrecer botellas de vidrio \u00e1mbar, botellas verdes y botellas transparentes.<\/p>\n<p>Si est\u00e1 interesado en nuestras botellas de whisky redondas de 70 cl y cuello largo con tapa, p\u00f3ngase en contacto con nosotros. Si desea crear botellas de vidrio personalizadas, no dude en ponerse en contacto con nosotros. Estaremos encantados de recibir su consulta sobre las mejores botellas de vidrio para whisky.<\/p>","protected":false},"excerpt":{"rendered":"<p>Ruisheng es un fabricante de botellas de whisky con m\u00e1s de 10 a\u00f1os de experiencia en la fabricaci\u00f3n de botellas de vidrio. Hacemos botellas de vidrio de alta calidad para licores, whisky, brandy, vodka y m\u00e1s. Tenemos una f\u00e1brica que se centra en la producci\u00f3n de botellas de whisky. Nuestra botella de whisky se exporta principalmente a los EE.UU., Reino Unido, Rusia, Australia, etc. Si est\u00e1 interesado en los precios de las botellas de whisky a granel, no dude en ponerse en contacto conmigo.<\/p>","protected":false},"featured_media":4229,"comment_status":"closed","ping_status":"closed","template":"","meta":[],"product_cat":[45,54],"class_list":{"0":"post-4228","1":"product","2":"type-product","3":"status-publish","4":"has-post-thumbnail","6":"product_cat-custom-glass-bottle","7":"product_cat-whiskey-bottle","9":"first","10":"instock","11":"shipping-taxable","12":"product-type-simple"},"yoast_head":"<!-- This site is optimized with the Yoast SEO plugin v22.0 - https:\/\/yoast.com\/wordpress\/plugins\/seo\/ -->\n<title>Bulk Whiskey Bottles Price | Custom Long Neck Glass Bottles-RS<\/title>\n<meta name=\"description\" content=\"Ruisheng, top liquor bottle manufacturer, custom long neck glass bottles for Whsikey, Brandy, Vodka, and other liquor. Get Bulk Whiskey Bottles Price Here.\" \/>\n<meta name=\"robots\" content=\"index, follow, max-snippet:-1, max-image-preview:large, max-video-preview:-1\" \/>\n<link rel=\"canonical\" href=\"https:\/\/ruishengglassco.com\/es\/producto\/rs086-al-por-mayor-botella-de-whisky-redonda-de-70cl-de-cuello-largo-con-tapon-de-corcho\" \/>\n<meta property=\"og:locale\" content=\"es_ES\" \/>\n<meta property=\"og:type\" content=\"article\" \/>\n<meta property=\"og:title\" content=\"Bulk Whiskey Bottles Price | Custom Long Neck Glass Bottles-RS\" \/>\n<meta property=\"og:description\" content=\"Ruisheng, top liquor bottle manufacturer, custom long neck glass bottles for Whsikey, Brandy, Vodka, and other liquor. Get Bulk Whiskey Bottles Price Here.\" \/>\n<meta property=\"og:url\" content=\"https:\/\/ruishengglassco.com\/es\/producto\/rs086-al-por-mayor-botella-de-whisky-redonda-de-70cl-de-cuello-largo-con-tapon-de-corcho\" \/>\n<meta property=\"article:publisher\" content=\"https:\/\/www.facebook.com\/ruishengglassbottles\" \/>\n<meta property=\"article:modified_time\" content=\"2025-07-17T06:00:46+00:00\" \/>\n<meta property=\"og:image\" content=\"https:\/\/ruishengglassco.com\/wp-content\/uploads\/2025\/03\/RS086-Wholesale-70cl-Long-Neck-Round-Whiskey-Bottle-Corked.webp\" \/>\n\t<meta property=\"og:image:width\" content=\"400\" \/>\n\t<meta property=\"og:image:height\" content=\"400\" \/>\n\t<meta property=\"og:image:type\" content=\"image\/webp\" \/>\n<meta name=\"twitter:card\" content=\"summary_large_image\" \/>\n<meta name=\"twitter:label1\" content=\"Tiempo de lectura\" \/>\n\t<meta name=\"twitter:data1\" content=\"2 minutos\" \/>\n<script type=\"application\/ld+json\" class=\"yoast-schema-graph\">{\"@context\":\"https:\/\/schema.org\",\"@graph\":[{\"@type\":\"WebPage\",\"@id\":\"https:\/\/ruishengglassco.com\/product\/rs086-wholesale-70cl-long-neck-round-whiskey-bottle-corked\",\"url\":\"https:\/\/ruishengglassco.com\/product\/rs086-wholesale-70cl-long-neck-round-whiskey-bottle-corked\",\"name\":\"Bulk Whiskey Bottles Price | Custom Long Neck Glass Bottles-RS\",\"isPartOf\":{\"@id\":\"https:\/\/ruishengglassco.com\/#website\"},\"datePublished\":\"2025-03-15T02:09:11+00:00\",\"dateModified\":\"2025-07-17T06:00:46+00:00\",\"description\":\"Ruisheng, top liquor bottle manufacturer, custom long neck glass bottles for Whsikey, Brandy, Vodka, and other liquor. Get Bulk Whiskey Bottles Price Here.\",\"breadcrumb\":{\"@id\":\"https:\/\/ruishengglassco.com\/product\/rs086-wholesale-70cl-long-neck-round-whiskey-bottle-corked#breadcrumb\"},\"inLanguage\":\"es\",\"potentialAction\":[{\"@type\":\"ReadAction\",\"target\":[\"https:\/\/ruishengglassco.com\/product\/rs086-wholesale-70cl-long-neck-round-whiskey-bottle-corked\"]}]},{\"@type\":\"BreadcrumbList\",\"@id\":\"https:\/\/ruishengglassco.com\/product\/rs086-wholesale-70cl-long-neck-round-whiskey-bottle-corked#breadcrumb\",\"itemListElement\":[{\"@type\":\"ListItem\",\"position\":1,\"name\":\"Home\",\"item\":\"https:\/\/ruishengglassco.com\/\"},{\"@type\":\"ListItem\",\"position\":2,\"name\":\"Products\",\"item\":\"https:\/\/ruishengglassco.com\/products\"},{\"@type\":\"ListItem\",\"position\":3,\"name\":\"RS086: 70cl Long Neck Round Whiskey Bottle Corked\"}]},{\"@type\":\"WebSite\",\"@id\":\"https:\/\/ruishengglassco.com\/#website\",\"url\":\"https:\/\/ruishengglassco.com\/\",\"name\":\"Ruisheng Glass\",\"description\":\"\",\"publisher\":{\"@id\":\"https:\/\/ruishengglassco.com\/#organization\"},\"potentialAction\":[{\"@type\":\"SearchAction\",\"target\":{\"@type\":\"EntryPoint\",\"urlTemplate\":\"https:\/\/ruishengglassco.com\/?s={search_term_string}\"},\"query-input\":\"required name=search_term_string\"}],\"inLanguage\":\"es\"},{\"@type\":\"Organization\",\"@id\":\"https:\/\/ruishengglassco.com\/#organization\",\"name\":\"Shandong Yuncheng Ruisheng Glass Co., Ltd\",\"url\":\"https:\/\/ruishengglassco.com\/\",\"logo\":{\"@type\":\"ImageObject\",\"inLanguage\":\"es\",\"@id\":\"https:\/\/ruishengglassco.com\/#\/schema\/logo\/image\/\",\"url\":\"https:\/\/ruishengglassco.com\/wp-content\/uploads\/2023\/09\/ruisheng_logo_icon.webp\",\"contentUrl\":\"https:\/\/ruishengglassco.com\/wp-content\/uploads\/2023\/09\/ruisheng_logo_icon.webp\",\"width\":400,\"height\":233,\"caption\":\"Shandong Yuncheng Ruisheng Glass Co., Ltd\"},\"image\":{\"@id\":\"https:\/\/ruishengglassco.com\/#\/schema\/logo\/image\/\"},\"sameAs\":[\"https:\/\/www.facebook.com\/ruishengglassbottles\",\"https:\/\/www.instagram.com\/Ruishengglassbottlewholesales\/\",\"https:\/\/www.youtube.com\/channel\/UCMmbMNGwsL-XrtjfSFLCdVQ\"]}]}<\/script>\n<!-- \/ Yoast SEO plugin. -->","yoast_head_json":{"title":"Bulk Whiskey Bottles Price | Custom Long Neck Glass Bottles-RS","description":"Ruisheng, top liquor bottle manufacturer, custom long neck glass bottles for Whsikey, Brandy, Vodka, and other liquor. Get Bulk Whiskey Bottles Price Here.","robots":{"index":"index","follow":"follow","max-snippet":"max-snippet:-1","max-image-preview":"max-image-preview:large","max-video-preview":"max-video-preview:-1"},"canonical":"https:\/\/ruishengglassco.com\/es\/producto\/rs086-al-por-mayor-botella-de-whisky-redonda-de-70cl-de-cuello-largo-con-tapon-de-corcho","og_locale":"es_ES","og_type":"article","og_title":"Bulk Whiskey Bottles Price | Custom Long Neck Glass Bottles-RS","og_description":"Ruisheng, top liquor bottle manufacturer, custom long neck glass bottles for Whsikey, Brandy, Vodka, and other liquor. Get Bulk Whiskey Bottles Price Here.","og_url":"https:\/\/ruishengglassco.com\/es\/producto\/rs086-al-por-mayor-botella-de-whisky-redonda-de-70cl-de-cuello-largo-con-tapon-de-corcho","article_publisher":"https:\/\/www.facebook.com\/ruishengglassbottles","article_modified_time":"2025-07-17T06:00:46+00:00","og_image":[{"width":400,"height":400,"url":"https:\/\/ruishengglassco.com\/wp-content\/uploads\/2025\/03\/RS086-Wholesale-70cl-Long-Neck-Round-Whiskey-Bottle-Corked.webp","type":"image\/webp"}],"twitter_card":"summary_large_image","twitter_misc":{"Tiempo de lectura":"2 minutos"},"schema":{"@context":"https:\/\/schema.org","@graph":[{"@type":"WebPage","@id":"https:\/\/ruishengglassco.com\/product\/rs086-wholesale-70cl-long-neck-round-whiskey-bottle-corked","url":"https:\/\/ruishengglassco.com\/product\/rs086-wholesale-70cl-long-neck-round-whiskey-bottle-corked","name":"Bulk Whiskey Bottles Price | Custom Long Neck Glass Bottles-RS","isPartOf":{"@id":"https:\/\/ruishengglassco.com\/#website"},"datePublished":"2025-03-15T02:09:11+00:00","dateModified":"2025-07-17T06:00:46+00:00","description":"Ruisheng, top liquor bottle manufacturer, custom long neck glass bottles for Whsikey, Brandy, Vodka, and other liquor. Get Bulk Whiskey Bottles Price Here.","breadcrumb":{"@id":"https:\/\/ruishengglassco.com\/product\/rs086-wholesale-70cl-long-neck-round-whiskey-bottle-corked#breadcrumb"},"inLanguage":"es","potentialAction":[{"@type":"ReadAction","target":["https:\/\/ruishengglassco.com\/product\/rs086-wholesale-70cl-long-neck-round-whiskey-bottle-corked"]}]},{"@type":"BreadcrumbList","@id":"https:\/\/ruishengglassco.com\/product\/rs086-wholesale-70cl-long-neck-round-whiskey-bottle-corked#breadcrumb","itemListElement":[{"@type":"ListItem","position":1,"name":"Home","item":"https:\/\/ruishengglassco.com\/"},{"@type":"ListItem","position":2,"name":"Products","item":"https:\/\/ruishengglassco.com\/products"},{"@type":"ListItem","position":3,"name":"RS086: 70cl Long Neck Round Whiskey Bottle Corked"}]},{"@type":"WebSite","@id":"https:\/\/ruishengglassco.com\/#website","url":"https:\/\/ruishengglassco.com\/","name":"Ruisheng Glass","description":"","publisher":{"@id":"https:\/\/ruishengglassco.com\/#organization"},"potentialAction":[{"@type":"SearchAction","target":{"@type":"EntryPoint","urlTemplate":"https:\/\/ruishengglassco.com\/?s={search_term_string}"},"query-input":"required name=search_term_string"}],"inLanguage":"es"},{"@type":"Organization","@id":"https:\/\/ruishengglassco.com\/#organization","name":"Shandong Yuncheng Ruisheng Glass Co., Ltd","url":"https:\/\/ruishengglassco.com\/","logo":{"@type":"ImageObject","inLanguage":"es","@id":"https:\/\/ruishengglassco.com\/#\/schema\/logo\/image\/","url":"https:\/\/ruishengglassco.com\/wp-content\/uploads\/2023\/09\/ruisheng_logo_icon.webp","contentUrl":"https:\/\/ruishengglassco.com\/wp-content\/uploads\/2023\/09\/ruisheng_logo_icon.webp","width":400,"height":233,"caption":"Shandong Yuncheng Ruisheng Glass Co., Ltd"},"image":{"@id":"https:\/\/ruishengglassco.com\/#\/schema\/logo\/image\/"},"sameAs":["https:\/\/www.facebook.com\/ruishengglassbottles","https:\/\/www.instagram.com\/Ruishengglassbottlewholesales\/","https:\/\/www.youtube.com\/channel\/UCMmbMNGwsL-XrtjfSFLCdVQ"]}]}},"_links":{"self":[{"href":"https:\/\/ruishengglassco.com\/es\/wp-json\/wp\/v2\/product\/4228","targetHints":{"allow":["GET"]}}],"collection":[{"href":"https:\/\/ruishengglassco.com\/es\/wp-json\/wp\/v2\/product"}],"about":[{"href":"https:\/\/ruishengglassco.com\/es\/wp-json\/wp\/v2\/types\/product"}],"replies":[{"embeddable":true,"href":"https:\/\/ruishengglassco.com\/es\/wp-json\/wp\/v2\/comments?post=4228"}],"wp:featuredmedia":[{"embeddable":true,"href":"https:\/\/ruishengglassco.com\/es\/wp-json\/wp\/v2\/media\/4229"}],"wp:attachment":[{"href":"https:\/\/ruishengglassco.com\/es\/wp-json\/wp\/v2\/media?parent=4228"}],"wp:term":[{"taxonomy":"product_cat","embeddable":true,"href":"https:\/\/ruishengglassco.com\/es\/wp-json\/wp\/v2\/product_cat?post=4228"}],"curies":[{"name":"wp","href":"https:\/\/api.w.org\/{rel}","templated":true}]}}