{"id":4226,"date":"2025-03-15T10:03:51","date_gmt":"2025-03-15T02:03:51","guid":{"rendered":"https:\/\/ruishengglassco.com\/?post_type=product&#038;p=4226"},"modified":"2025-07-16T17:20:56","modified_gmt":"2025-07-16T09:20:56","slug":"rs087-venta-al-por-mayor-botellas-de-vidrio-de-colores-botellas-de-whisky-personalizadas","status":"publish","type":"product","link":"https:\/\/ruishengglassco.com\/es\/producto\/rs087-venta-al-por-mayor-botellas-de-vidrio-de-colores-botellas-de-whisky-personalizadas","title":{"rendered":"RS087: Botellas de vidrio de colores Botellas de whisky personalizadas"},"content":{"rendered":"<p>Las botellas de vidrio de color al por mayor de forma personalizada botella de whisky es de lujo, su forma es muy novedosa. Como proveedor profesional de botellas de vidrio, producimos una amplia gama de botellas de vidrio personalizadas. Tenemos nuestro propio estilo \u00fanico de producci\u00f3n.<\/p>\n<p>Disponemos de un molde para el dise\u00f1o de botellas de vidrio, que nos permite imprimir su marca en \u00e9l y cambiar el color a su elecci\u00f3n deseada. Nuestros dise\u00f1adores conocen muy bien el sector de las botellas de vidrio; tiene un tacto \u00fanico para las botellas de vidrio.<\/p>\n<p>Nuestra empresa cuenta con muchos trabajadores experimentados que est\u00e1n muy familiarizados con el proceso de producci\u00f3n de la botella de vidrio Whiskey. Por lo tanto, la calidad de nuestros productos es muy alta.<\/p>\n<h2>Botellas de vidrio de colores al por mayor Botellas de whisky personalizadas<\/h2>\n<p>La informaci\u00f3n de la botella de vidrio es la siguiente:<\/p>\n<ul>\n<li>Material principal: vidrio de alto s\u00edlex<\/li>\n<li>Tapa Corcho<\/li>\n<li>Referencia: RS087<\/li>\n<li>MOQ: 10000 PCS<\/li>\n<li>Capacidad: personalizada<\/li>\n<li>Pzs\/Ctn: 24pzs<\/li>\n<li>Origen del lugar: Shandong,China<\/li>\n<li>Caracter\u00edstica: Ecol\u00f3gico<\/li>\n<\/ul>\n<p>Nuestros principales productos son botellas de vidrio de alta calidad con tap\u00f3n, incluyendo botellas de vodka, botellas de brandy, botellas de whisky, botellas de licor, botellas de mermelada, y m\u00e1s. Tambi\u00e9n podemos ofrecer botellas de vidrio \u00e1mbar, botellas verdes y botellas de agua. Nuestros principales mercados son Europa, Estados Unidos, Australia y Canad\u00e1. Todos nuestros productos son conocidos por su innovaci\u00f3n y funcionalidad.<\/p>\n<p>Podemos crear diferentes tama\u00f1os para esta botella de vidrio vac\u00eda, como 500ml, 700ml, 750ml y 1000ml. Adem\u00e1s, podemos procesar la botella en profundidad. Esto incluye impresi\u00f3n, glaseado y mucho m\u00e1s.<\/p>\n<p>Si est\u00e1 interesado en esta botella de whisky personalizada, no dude en ponerse en contacto con nosotros. Si no te gusta esta botella, podemos darle el sitio web de nuestra empresa, y usted puede elegir a alguien que te gusta.<\/p>\n<p>Adem\u00e1s, le invitamos a visitar nuestra f\u00e1brica, donde alguien le guiar\u00e1 por las instalaciones.<\/p>\n<p>Espero que le guste esta botella y haga un pedido.<\/p>\n<p>Si est\u00e1 interesado en nuestras botellas de vidrio de colores al por mayor y botellas de whisky personalizadas, p\u00f3ngase en contacto con nosotros. Le responderemos en un plazo de 24 horas.<\/p>","protected":false},"excerpt":{"rendered":"<table class=\"tg\">\n<tbody>\n<tr>\n<th class=\"tg-24i8\" colspan=\"2\">Botellas de vidrio de colores al por mayor Botellas de whisky personalizadas<\/th>\n<\/tr>\n<tr>\n<td class=\"tg-b7b8\">Referencia:<\/td>\n<td class=\"tg-b7b8\">RS087<\/td>\n<\/tr>\n<tr>\n<td class=\"tg-yw4l\">Material principal:<\/td>\n<td class=\"tg-yw4l\">Vidrio de alto s\u00edlex ( este material tambi\u00e9n se denomina vidrio blanco cristalino )<\/td>\n<\/tr>\n<tr>\n<td class=\"tg-b7b8\">Cap:<\/td>\n<td class=\"tg-b7b8\">Corcho<\/td>\n<\/tr>\n<tr>\n<td class=\"tg-yw4l\">Capacidad:<\/td>\n<td class=\"tg-yw4l\">A medida<\/td>\n<\/tr>\n<tr>\n<td class=\"tg-b7b8\">Caracter\u00edstica:<\/td>\n<td class=\"tg-b7b8\">Ecol\u00f3gico<\/td>\n<\/tr>\n<tr>\n<td class=\"tg-yw4l\">MOQ:<\/td>\n<td class=\"tg-yw4l\">10000 UNIDADES<\/td>\n<\/tr>\n<tr>\n<td class=\"tg-b7b8\">Manera de embalar:<\/td>\n<td class=\"tg-b7b8\">Cart\u00f3n est\u00e1ndar para exportaci\u00f3n \/ Pal\u00e9 \/ cart\u00f3n est\u00e1ndar para exportaci\u00f3n y pal\u00e9<\/td>\n<\/tr>\n<tr>\n<td class=\"tg-yw4l\">OEM\/ODM:<\/td>\n<td class=\"tg-yw4l\">Bienvenido<\/td>\n<\/tr>\n<tr>\n<td class=\"tg-b7b8\">Origen del lugar:<\/td>\n<td class=\"tg-b7b8\">Shandong,China<\/td>\n<\/tr>\n<tr>\n<td class=\"tg-yw4l\">Piezas\/Ctn:<\/td>\n<td class=\"tg-yw4l\">24 unidades o seg\u00fan las necesidades del cliente<\/td>\n<\/tr>\n<\/tbody>\n<\/table>","protected":false},"featured_media":4227,"comment_status":"closed","ping_status":"closed","template":"","meta":[],"product_cat":[45,54],"class_list":{"0":"post-4226","1":"product","2":"type-product","3":"status-publish","4":"has-post-thumbnail","6":"product_cat-custom-glass-bottle","7":"product_cat-whiskey-bottle","9":"first","10":"instock","11":"shipping-taxable","12":"product-type-simple"},"yoast_head":"<!-- This site is optimized with the Yoast SEO plugin v22.0 - https:\/\/yoast.com\/wordpress\/plugins\/seo\/ -->\n<title>Colored Glass Bottles Custom Whiskey Bottles<\/title>\n<meta name=\"description\" content=\"The wholesale colored glass bottles custom whiskey bottles shape is fancy,its shape is very novel.Main material: high flint glass\" \/>\n<meta name=\"robots\" content=\"index, follow, max-snippet:-1, max-image-preview:large, max-video-preview:-1\" \/>\n<link rel=\"canonical\" href=\"https:\/\/ruishengglassco.com\/es\/producto\/rs087-venta-al-por-mayor-botellas-de-vidrio-de-colores-botellas-de-whisky-personalizadas\" \/>\n<meta property=\"og:locale\" content=\"es_ES\" \/>\n<meta property=\"og:type\" content=\"article\" \/>\n<meta property=\"og:title\" content=\"Colored Glass Bottles Custom Whiskey Bottles\" \/>\n<meta property=\"og:description\" content=\"The wholesale colored glass bottles custom whiskey bottles shape is fancy,its shape is very novel.Main material: high flint glass\" \/>\n<meta property=\"og:url\" content=\"https:\/\/ruishengglassco.com\/es\/producto\/rs087-venta-al-por-mayor-botellas-de-vidrio-de-colores-botellas-de-whisky-personalizadas\" \/>\n<meta property=\"article:publisher\" content=\"https:\/\/www.facebook.com\/ruishengglassbottles\" \/>\n<meta property=\"article:modified_time\" content=\"2025-07-16T09:20:56+00:00\" \/>\n<meta property=\"og:image\" content=\"https:\/\/ruishengglassco.com\/wp-content\/uploads\/2025\/03\/RS087-Wholesale-Colored-Glass-Bottles-Custom-Whiskey-Bottles.webp\" \/>\n\t<meta property=\"og:image:width\" content=\"400\" \/>\n\t<meta property=\"og:image:height\" content=\"400\" \/>\n\t<meta property=\"og:image:type\" content=\"image\/webp\" \/>\n<meta name=\"twitter:card\" content=\"summary_large_image\" \/>\n<meta name=\"twitter:label1\" content=\"Tiempo de lectura\" \/>\n\t<meta name=\"twitter:data1\" content=\"2 minutos\" \/>\n<script type=\"application\/ld+json\" class=\"yoast-schema-graph\">{\"@context\":\"https:\/\/schema.org\",\"@graph\":[{\"@type\":\"WebPage\",\"@id\":\"https:\/\/ruishengglassco.com\/product\/rs087-wholesale-colored-glass-bottles-custom-whiskey-bottles\",\"url\":\"https:\/\/ruishengglassco.com\/product\/rs087-wholesale-colored-glass-bottles-custom-whiskey-bottles\",\"name\":\"Colored Glass Bottles Custom Whiskey Bottles\",\"isPartOf\":{\"@id\":\"https:\/\/ruishengglassco.com\/#website\"},\"datePublished\":\"2025-03-15T02:03:51+00:00\",\"dateModified\":\"2025-07-16T09:20:56+00:00\",\"description\":\"The wholesale colored glass bottles custom whiskey bottles shape is fancy,its shape is very novel.Main material: high flint glass\",\"breadcrumb\":{\"@id\":\"https:\/\/ruishengglassco.com\/product\/rs087-wholesale-colored-glass-bottles-custom-whiskey-bottles#breadcrumb\"},\"inLanguage\":\"es\",\"potentialAction\":[{\"@type\":\"ReadAction\",\"target\":[\"https:\/\/ruishengglassco.com\/product\/rs087-wholesale-colored-glass-bottles-custom-whiskey-bottles\"]}]},{\"@type\":\"BreadcrumbList\",\"@id\":\"https:\/\/ruishengglassco.com\/product\/rs087-wholesale-colored-glass-bottles-custom-whiskey-bottles#breadcrumb\",\"itemListElement\":[{\"@type\":\"ListItem\",\"position\":1,\"name\":\"Home\",\"item\":\"https:\/\/ruishengglassco.com\/\"},{\"@type\":\"ListItem\",\"position\":2,\"name\":\"Products\",\"item\":\"https:\/\/ruishengglassco.com\/products\"},{\"@type\":\"ListItem\",\"position\":3,\"name\":\"RS087: Colored Glass Bottles Custom Whiskey Bottles\"}]},{\"@type\":\"WebSite\",\"@id\":\"https:\/\/ruishengglassco.com\/#website\",\"url\":\"https:\/\/ruishengglassco.com\/\",\"name\":\"Ruisheng Glass\",\"description\":\"\",\"publisher\":{\"@id\":\"https:\/\/ruishengglassco.com\/#organization\"},\"potentialAction\":[{\"@type\":\"SearchAction\",\"target\":{\"@type\":\"EntryPoint\",\"urlTemplate\":\"https:\/\/ruishengglassco.com\/?s={search_term_string}\"},\"query-input\":\"required name=search_term_string\"}],\"inLanguage\":\"es\"},{\"@type\":\"Organization\",\"@id\":\"https:\/\/ruishengglassco.com\/#organization\",\"name\":\"Shandong Yuncheng Ruisheng Glass Co., Ltd\",\"url\":\"https:\/\/ruishengglassco.com\/\",\"logo\":{\"@type\":\"ImageObject\",\"inLanguage\":\"es\",\"@id\":\"https:\/\/ruishengglassco.com\/#\/schema\/logo\/image\/\",\"url\":\"https:\/\/ruishengglassco.com\/wp-content\/uploads\/2023\/09\/ruisheng_logo_icon.webp\",\"contentUrl\":\"https:\/\/ruishengglassco.com\/wp-content\/uploads\/2023\/09\/ruisheng_logo_icon.webp\",\"width\":400,\"height\":233,\"caption\":\"Shandong Yuncheng Ruisheng Glass Co., Ltd\"},\"image\":{\"@id\":\"https:\/\/ruishengglassco.com\/#\/schema\/logo\/image\/\"},\"sameAs\":[\"https:\/\/www.facebook.com\/ruishengglassbottles\",\"https:\/\/www.instagram.com\/Ruishengglassbottlewholesales\/\",\"https:\/\/www.youtube.com\/channel\/UCMmbMNGwsL-XrtjfSFLCdVQ\"]}]}<\/script>\n<!-- \/ Yoast SEO plugin. -->","yoast_head_json":{"title":"Colored Glass Bottles Custom Whiskey Bottles","description":"The wholesale colored glass bottles custom whiskey bottles shape is fancy,its shape is very novel.Main material: high flint glass","robots":{"index":"index","follow":"follow","max-snippet":"max-snippet:-1","max-image-preview":"max-image-preview:large","max-video-preview":"max-video-preview:-1"},"canonical":"https:\/\/ruishengglassco.com\/es\/producto\/rs087-venta-al-por-mayor-botellas-de-vidrio-de-colores-botellas-de-whisky-personalizadas","og_locale":"es_ES","og_type":"article","og_title":"Colored Glass Bottles Custom Whiskey Bottles","og_description":"The wholesale colored glass bottles custom whiskey bottles shape is fancy,its shape is very novel.Main material: high flint glass","og_url":"https:\/\/ruishengglassco.com\/es\/producto\/rs087-venta-al-por-mayor-botellas-de-vidrio-de-colores-botellas-de-whisky-personalizadas","article_publisher":"https:\/\/www.facebook.com\/ruishengglassbottles","article_modified_time":"2025-07-16T09:20:56+00:00","og_image":[{"width":400,"height":400,"url":"https:\/\/ruishengglassco.com\/wp-content\/uploads\/2025\/03\/RS087-Wholesale-Colored-Glass-Bottles-Custom-Whiskey-Bottles.webp","type":"image\/webp"}],"twitter_card":"summary_large_image","twitter_misc":{"Tiempo de lectura":"2 minutos"},"schema":{"@context":"https:\/\/schema.org","@graph":[{"@type":"WebPage","@id":"https:\/\/ruishengglassco.com\/product\/rs087-wholesale-colored-glass-bottles-custom-whiskey-bottles","url":"https:\/\/ruishengglassco.com\/product\/rs087-wholesale-colored-glass-bottles-custom-whiskey-bottles","name":"Colored Glass Bottles Custom Whiskey Bottles","isPartOf":{"@id":"https:\/\/ruishengglassco.com\/#website"},"datePublished":"2025-03-15T02:03:51+00:00","dateModified":"2025-07-16T09:20:56+00:00","description":"The wholesale colored glass bottles custom whiskey bottles shape is fancy,its shape is very novel.Main material: high flint glass","breadcrumb":{"@id":"https:\/\/ruishengglassco.com\/product\/rs087-wholesale-colored-glass-bottles-custom-whiskey-bottles#breadcrumb"},"inLanguage":"es","potentialAction":[{"@type":"ReadAction","target":["https:\/\/ruishengglassco.com\/product\/rs087-wholesale-colored-glass-bottles-custom-whiskey-bottles"]}]},{"@type":"BreadcrumbList","@id":"https:\/\/ruishengglassco.com\/product\/rs087-wholesale-colored-glass-bottles-custom-whiskey-bottles#breadcrumb","itemListElement":[{"@type":"ListItem","position":1,"name":"Home","item":"https:\/\/ruishengglassco.com\/"},{"@type":"ListItem","position":2,"name":"Products","item":"https:\/\/ruishengglassco.com\/products"},{"@type":"ListItem","position":3,"name":"RS087: Colored Glass Bottles Custom Whiskey Bottles"}]},{"@type":"WebSite","@id":"https:\/\/ruishengglassco.com\/#website","url":"https:\/\/ruishengglassco.com\/","name":"Ruisheng Glass","description":"","publisher":{"@id":"https:\/\/ruishengglassco.com\/#organization"},"potentialAction":[{"@type":"SearchAction","target":{"@type":"EntryPoint","urlTemplate":"https:\/\/ruishengglassco.com\/?s={search_term_string}"},"query-input":"required name=search_term_string"}],"inLanguage":"es"},{"@type":"Organization","@id":"https:\/\/ruishengglassco.com\/#organization","name":"Shandong Yuncheng Ruisheng Glass Co., Ltd","url":"https:\/\/ruishengglassco.com\/","logo":{"@type":"ImageObject","inLanguage":"es","@id":"https:\/\/ruishengglassco.com\/#\/schema\/logo\/image\/","url":"https:\/\/ruishengglassco.com\/wp-content\/uploads\/2023\/09\/ruisheng_logo_icon.webp","contentUrl":"https:\/\/ruishengglassco.com\/wp-content\/uploads\/2023\/09\/ruisheng_logo_icon.webp","width":400,"height":233,"caption":"Shandong Yuncheng Ruisheng Glass Co., Ltd"},"image":{"@id":"https:\/\/ruishengglassco.com\/#\/schema\/logo\/image\/"},"sameAs":["https:\/\/www.facebook.com\/ruishengglassbottles","https:\/\/www.instagram.com\/Ruishengglassbottlewholesales\/","https:\/\/www.youtube.com\/channel\/UCMmbMNGwsL-XrtjfSFLCdVQ"]}]}},"_links":{"self":[{"href":"https:\/\/ruishengglassco.com\/es\/wp-json\/wp\/v2\/product\/4226","targetHints":{"allow":["GET"]}}],"collection":[{"href":"https:\/\/ruishengglassco.com\/es\/wp-json\/wp\/v2\/product"}],"about":[{"href":"https:\/\/ruishengglassco.com\/es\/wp-json\/wp\/v2\/types\/product"}],"replies":[{"embeddable":true,"href":"https:\/\/ruishengglassco.com\/es\/wp-json\/wp\/v2\/comments?post=4226"}],"wp:featuredmedia":[{"embeddable":true,"href":"https:\/\/ruishengglassco.com\/es\/wp-json\/wp\/v2\/media\/4227"}],"wp:attachment":[{"href":"https:\/\/ruishengglassco.com\/es\/wp-json\/wp\/v2\/media?parent=4226"}],"wp:term":[{"taxonomy":"product_cat","embeddable":true,"href":"https:\/\/ruishengglassco.com\/es\/wp-json\/wp\/v2\/product_cat?post=4226"}],"curies":[{"name":"wp","href":"https:\/\/api.w.org\/{rel}","templated":true}]}}