{"id":4224,"date":"2025-03-15T10:01:04","date_gmt":"2025-03-15T02:01:04","guid":{"rendered":"https:\/\/ruishengglassco.com\/?post_type=product&#038;p=4224"},"modified":"2025-07-17T13:58:10","modified_gmt":"2025-07-17T05:58:10","slug":"rs088-750ml-whisky-fabricantes-de-botellas-de-vidrio","status":"publish","type":"product","link":"https:\/\/ruishengglassco.com\/es\/producto\/rs088-750ml-whisky-fabricantes-de-botellas-de-vidrio","title":{"rendered":"RS088: 750ml Whisky Botella de vidrio Fabricantes"},"content":{"rendered":"<p><span data-preserver-spaces=\"true\">En\u00a0<\/span><strong><span data-preserver-spaces=\"true\">Botella de cristal para whisky de 750 ml al por mayor<\/span><\/strong><span data-preserver-spaces=\"true\"> en venta <\/span><span data-preserver-spaces=\"true\">se fabrica<\/span><span data-preserver-spaces=\"true\"> por Shandong Yuncheng Ruisheng Glass Co., Ltd. Nuestra empresa es uno de los mayores fabricantes de botellas de whisky de 750 ml de China.<\/span><\/p>\n<p><span data-preserver-spaces=\"true\">Se venden botellas de whisky vac\u00edas de 750 ml <\/span><span data-preserver-spaces=\"true\">se hacen<\/span><span data-preserver-spaces=\"true\"> de vidrio de s\u00edlex de alta calidad, lo que hace que las botellas de vidrio sean m\u00e1s claras, duraderas y lisas.<\/span><\/p>\n<p><span data-preserver-spaces=\"true\">Como profesional\u00a0<\/span><strong><em><span data-preserver-spaces=\"true\">proveedor de botellas de whisky de vidrio<\/span><\/em><\/strong><span data-preserver-spaces=\"true\">Nuestra empresa cuenta con m\u00e1s de 500 empleados y un equipo de ingenieros cualificados. <\/span><span data-preserver-spaces=\"true\">Con <\/span><span data-preserver-spaces=\"true\">rico<\/span><span data-preserver-spaces=\"true\"> experiencia, tenemos una <\/span><span data-preserver-spaces=\"true\">bien<\/span><span data-preserver-spaces=\"true\"> reputaci\u00f3n <\/span><span data-preserver-spaces=\"true\">en todo el mundo<\/span><span data-preserver-spaces=\"true\">.<\/span><\/p>\n<p><span data-preserver-spaces=\"true\">Nuestros principales productos son botellas de vidrio para bebidas de primera calidad<\/span><span data-preserver-spaces=\"true\">, <\/span><span data-preserver-spaces=\"true\">incluyendo botellas de vodka, botellas de brandy, botellas de whisky, botellas de licor, botellas de mermelada y mucho m\u00e1s. Tambi\u00e9n podemos ofrecer botellas de vidrio \u00e1mbar, botellas verdes y botellas de agua. <\/span><span data-preserver-spaces=\"true\">Nuestra <\/span><span data-preserver-spaces=\"true\">principal<\/span><span data-preserver-spaces=\"true\"> mercados <\/span><span data-preserver-spaces=\"true\">son<\/span><span data-preserver-spaces=\"true\"> Europa, <\/span><span data-preserver-spaces=\"true\">el <\/span><span data-preserver-spaces=\"true\">Estados Unidos, Australia, <\/span><span data-preserver-spaces=\"true\">etc<\/span><span data-preserver-spaces=\"true\">.<\/span><span data-preserver-spaces=\"true\"> Y todos<\/span><\/p>\n<p><span style=\"font-size: 14.4px;\">gozan de una gran reputaci\u00f3n por su innovaci\u00f3n y funcionalidad.<\/span><\/p>\n<h2>Botella de vidrio para whisky de 750 ml al por mayor<\/h2>\n<p>La informaci\u00f3n sobre las botellas de vidrio de 750 ml para la venta como a continuaci\u00f3n:<\/p>\n<ul>\n<li>Material principal: vidrio de alto s\u00edlex<\/li>\n<li>Tap\u00f3n: tap\u00f3n de rosca<\/li>\n<li>Referencia: RS088<\/li>\n<li>MOQ: 10000 PCS<\/li>\n<li>Capacidad: 750 ml<\/li>\n<li>Pzs\/Ctn: 24pzs<\/li>\n<li>Origen del lugar: Shandong, China<\/li>\n<li>Caracter\u00edstica: Ecol\u00f3gico<\/li>\n<\/ul>\n<p>Ofrecemos algo m\u00e1s que botellas de cristal para whisky de 750 ml. Eche un vistazo a nuestras botellas de whisky de 100 ml y 250 ml con tap\u00f3n. Tambi\u00e9n tenemos botellas de whisky transparentes de 375 ml y botellas para bebidas espirituosas de 1000 ml. Si desea un toque personalizado, podemos personalizar el tama\u00f1o de la botella, el tipo de vidrio y la etiqueta de su decantador de whisky. Nuestro objetivo es fabricar el mejor decantador de whisky y ofrecer el mejor servicio a clientes de todo el mundo.<\/p>\n<p>Si desea m\u00e1s informaci\u00f3n sobre nuestras botellas de vidrio para whisky de 750 ml, no dude en ponerse en contacto con nosotros. Le responderemos en un plazo de 24 horas.<\/p>","protected":false},"excerpt":{"rendered":"<p>Botella de cristal para whisky de 750 ml (25 oz) al por mayor. Tiene un dise\u00f1o a prueba de fugas y tapas de rosca. Fabricada en vidrio duradero de alto pedernal, es ideal para almacenar whisky de primera calidad.<\/p>\n<p>Pedido personalizado de botella de vidrio para whisky:<\/p>\n<ul>\n<li>Referencia: RS088<\/li>\n<li><strong>Se ofrece servicio OEM\/ODM. MOQ:10000pcs(10000 PCS)<\/strong><\/li>\n<li>Tap\u00f3n: A rosca o a medida<\/li>\n<li>Material: Vidrio de alto s\u00edlex<\/li>\n<li>Altura de la botella:220 mm<\/li>\n<li>Di\u00e1metro de la botella: 90 mm<\/li>\n<\/ul>","protected":false},"featured_media":4225,"comment_status":"closed","ping_status":"closed","template":"","meta":[],"product_cat":[40,54],"class_list":{"0":"post-4224","1":"product","2":"type-product","3":"status-publish","4":"has-post-thumbnail","6":"product_cat-750ml-liquor-bottle-manufacturer","7":"product_cat-whiskey-bottle","9":"first","10":"instock","11":"shipping-taxable","12":"product-type-simple"},"yoast_head":"<!-- This site is optimized with the Yoast SEO plugin v22.0 - https:\/\/yoast.com\/wordpress\/plugins\/seo\/ -->\n<title>Whiskey Glass Bottle Wholesale | Empty Whsikey Bottle Manufacturers<\/title>\n<meta name=\"description\" content=\"Buy Whiskey Glass Bottle Wholesale From China Empty Whsikey Bottle Manufacturers. Factory Outlet&amp;Bulk Price\" \/>\n<meta name=\"robots\" content=\"index, follow, max-snippet:-1, max-image-preview:large, max-video-preview:-1\" \/>\n<link rel=\"canonical\" href=\"https:\/\/ruishengglassco.com\/es\/producto\/rs088-750ml-whisky-fabricantes-de-botellas-de-vidrio\" \/>\n<meta property=\"og:locale\" content=\"es_ES\" \/>\n<meta property=\"og:type\" content=\"article\" \/>\n<meta property=\"og:title\" content=\"Whiskey Glass Bottle Wholesale | Empty Whsikey Bottle Manufacturers\" \/>\n<meta property=\"og:description\" content=\"Buy Whiskey Glass Bottle Wholesale From China Empty Whsikey Bottle Manufacturers. Factory Outlet&amp;Bulk Price\" \/>\n<meta property=\"og:url\" content=\"https:\/\/ruishengglassco.com\/es\/producto\/rs088-750ml-whisky-fabricantes-de-botellas-de-vidrio\" \/>\n<meta property=\"article:publisher\" content=\"https:\/\/www.facebook.com\/ruishengglassbottles\" \/>\n<meta property=\"article:modified_time\" content=\"2025-07-17T05:58:10+00:00\" \/>\n<meta property=\"og:image\" content=\"https:\/\/ruishengglassco.com\/wp-content\/uploads\/2025\/03\/RS088-750ml-Whiskey-Glass-Bottle-Manufacturers.webp\" \/>\n\t<meta property=\"og:image:width\" content=\"800\" \/>\n\t<meta property=\"og:image:height\" content=\"800\" \/>\n\t<meta property=\"og:image:type\" content=\"image\/webp\" \/>\n<meta name=\"twitter:card\" content=\"summary_large_image\" \/>\n<meta name=\"twitter:label1\" content=\"Tiempo de lectura\" \/>\n\t<meta name=\"twitter:data1\" content=\"2 minutos\" \/>\n<script type=\"application\/ld+json\" class=\"yoast-schema-graph\">{\"@context\":\"https:\/\/schema.org\",\"@graph\":[{\"@type\":\"WebPage\",\"@id\":\"https:\/\/ruishengglassco.com\/product\/rs088-750ml-whiskey-glass-bottle-manufacturers\",\"url\":\"https:\/\/ruishengglassco.com\/product\/rs088-750ml-whiskey-glass-bottle-manufacturers\",\"name\":\"Whiskey Glass Bottle Wholesale | Empty Whsikey Bottle Manufacturers\",\"isPartOf\":{\"@id\":\"https:\/\/ruishengglassco.com\/#website\"},\"datePublished\":\"2025-03-15T02:01:04+00:00\",\"dateModified\":\"2025-07-17T05:58:10+00:00\",\"description\":\"Buy Whiskey Glass Bottle Wholesale From China Empty Whsikey Bottle Manufacturers. Factory Outlet&Bulk Price\",\"breadcrumb\":{\"@id\":\"https:\/\/ruishengglassco.com\/product\/rs088-750ml-whiskey-glass-bottle-manufacturers#breadcrumb\"},\"inLanguage\":\"es\",\"potentialAction\":[{\"@type\":\"ReadAction\",\"target\":[\"https:\/\/ruishengglassco.com\/product\/rs088-750ml-whiskey-glass-bottle-manufacturers\"]}]},{\"@type\":\"BreadcrumbList\",\"@id\":\"https:\/\/ruishengglassco.com\/product\/rs088-750ml-whiskey-glass-bottle-manufacturers#breadcrumb\",\"itemListElement\":[{\"@type\":\"ListItem\",\"position\":1,\"name\":\"Home\",\"item\":\"https:\/\/ruishengglassco.com\/\"},{\"@type\":\"ListItem\",\"position\":2,\"name\":\"Products\",\"item\":\"https:\/\/ruishengglassco.com\/products\"},{\"@type\":\"ListItem\",\"position\":3,\"name\":\"RS088: 750ml Whiskey Glass Bottle Manufacturers\"}]},{\"@type\":\"WebSite\",\"@id\":\"https:\/\/ruishengglassco.com\/#website\",\"url\":\"https:\/\/ruishengglassco.com\/\",\"name\":\"Ruisheng Glass\",\"description\":\"\",\"publisher\":{\"@id\":\"https:\/\/ruishengglassco.com\/#organization\"},\"potentialAction\":[{\"@type\":\"SearchAction\",\"target\":{\"@type\":\"EntryPoint\",\"urlTemplate\":\"https:\/\/ruishengglassco.com\/?s={search_term_string}\"},\"query-input\":\"required name=search_term_string\"}],\"inLanguage\":\"es\"},{\"@type\":\"Organization\",\"@id\":\"https:\/\/ruishengglassco.com\/#organization\",\"name\":\"Shandong Yuncheng Ruisheng Glass Co., Ltd\",\"url\":\"https:\/\/ruishengglassco.com\/\",\"logo\":{\"@type\":\"ImageObject\",\"inLanguage\":\"es\",\"@id\":\"https:\/\/ruishengglassco.com\/#\/schema\/logo\/image\/\",\"url\":\"https:\/\/ruishengglassco.com\/wp-content\/uploads\/2023\/09\/ruisheng_logo_icon.webp\",\"contentUrl\":\"https:\/\/ruishengglassco.com\/wp-content\/uploads\/2023\/09\/ruisheng_logo_icon.webp\",\"width\":400,\"height\":233,\"caption\":\"Shandong Yuncheng Ruisheng Glass Co., Ltd\"},\"image\":{\"@id\":\"https:\/\/ruishengglassco.com\/#\/schema\/logo\/image\/\"},\"sameAs\":[\"https:\/\/www.facebook.com\/ruishengglassbottles\",\"https:\/\/www.instagram.com\/Ruishengglassbottlewholesales\/\",\"https:\/\/www.youtube.com\/channel\/UCMmbMNGwsL-XrtjfSFLCdVQ\"]}]}<\/script>\n<!-- \/ Yoast SEO plugin. -->","yoast_head_json":{"title":"Whiskey Glass Bottle Wholesale | Empty Whsikey Bottle Manufacturers","description":"Buy Whiskey Glass Bottle Wholesale From China Empty Whsikey Bottle Manufacturers. Factory Outlet&Bulk Price","robots":{"index":"index","follow":"follow","max-snippet":"max-snippet:-1","max-image-preview":"max-image-preview:large","max-video-preview":"max-video-preview:-1"},"canonical":"https:\/\/ruishengglassco.com\/es\/producto\/rs088-750ml-whisky-fabricantes-de-botellas-de-vidrio","og_locale":"es_ES","og_type":"article","og_title":"Whiskey Glass Bottle Wholesale | Empty Whsikey Bottle Manufacturers","og_description":"Buy Whiskey Glass Bottle Wholesale From China Empty Whsikey Bottle Manufacturers. Factory Outlet&Bulk Price","og_url":"https:\/\/ruishengglassco.com\/es\/producto\/rs088-750ml-whisky-fabricantes-de-botellas-de-vidrio","article_publisher":"https:\/\/www.facebook.com\/ruishengglassbottles","article_modified_time":"2025-07-17T05:58:10+00:00","og_image":[{"width":800,"height":800,"url":"https:\/\/ruishengglassco.com\/wp-content\/uploads\/2025\/03\/RS088-750ml-Whiskey-Glass-Bottle-Manufacturers.webp","type":"image\/webp"}],"twitter_card":"summary_large_image","twitter_misc":{"Tiempo de lectura":"2 minutos"},"schema":{"@context":"https:\/\/schema.org","@graph":[{"@type":"WebPage","@id":"https:\/\/ruishengglassco.com\/product\/rs088-750ml-whiskey-glass-bottle-manufacturers","url":"https:\/\/ruishengglassco.com\/product\/rs088-750ml-whiskey-glass-bottle-manufacturers","name":"Whiskey Glass Bottle Wholesale | Empty Whsikey Bottle Manufacturers","isPartOf":{"@id":"https:\/\/ruishengglassco.com\/#website"},"datePublished":"2025-03-15T02:01:04+00:00","dateModified":"2025-07-17T05:58:10+00:00","description":"Buy Whiskey Glass Bottle Wholesale From China Empty Whsikey Bottle Manufacturers. Factory Outlet&Bulk Price","breadcrumb":{"@id":"https:\/\/ruishengglassco.com\/product\/rs088-750ml-whiskey-glass-bottle-manufacturers#breadcrumb"},"inLanguage":"es","potentialAction":[{"@type":"ReadAction","target":["https:\/\/ruishengglassco.com\/product\/rs088-750ml-whiskey-glass-bottle-manufacturers"]}]},{"@type":"BreadcrumbList","@id":"https:\/\/ruishengglassco.com\/product\/rs088-750ml-whiskey-glass-bottle-manufacturers#breadcrumb","itemListElement":[{"@type":"ListItem","position":1,"name":"Home","item":"https:\/\/ruishengglassco.com\/"},{"@type":"ListItem","position":2,"name":"Products","item":"https:\/\/ruishengglassco.com\/products"},{"@type":"ListItem","position":3,"name":"RS088: 750ml Whiskey Glass Bottle Manufacturers"}]},{"@type":"WebSite","@id":"https:\/\/ruishengglassco.com\/#website","url":"https:\/\/ruishengglassco.com\/","name":"Ruisheng Glass","description":"","publisher":{"@id":"https:\/\/ruishengglassco.com\/#organization"},"potentialAction":[{"@type":"SearchAction","target":{"@type":"EntryPoint","urlTemplate":"https:\/\/ruishengglassco.com\/?s={search_term_string}"},"query-input":"required name=search_term_string"}],"inLanguage":"es"},{"@type":"Organization","@id":"https:\/\/ruishengglassco.com\/#organization","name":"Shandong Yuncheng Ruisheng Glass Co., Ltd","url":"https:\/\/ruishengglassco.com\/","logo":{"@type":"ImageObject","inLanguage":"es","@id":"https:\/\/ruishengglassco.com\/#\/schema\/logo\/image\/","url":"https:\/\/ruishengglassco.com\/wp-content\/uploads\/2023\/09\/ruisheng_logo_icon.webp","contentUrl":"https:\/\/ruishengglassco.com\/wp-content\/uploads\/2023\/09\/ruisheng_logo_icon.webp","width":400,"height":233,"caption":"Shandong Yuncheng Ruisheng Glass Co., Ltd"},"image":{"@id":"https:\/\/ruishengglassco.com\/#\/schema\/logo\/image\/"},"sameAs":["https:\/\/www.facebook.com\/ruishengglassbottles","https:\/\/www.instagram.com\/Ruishengglassbottlewholesales\/","https:\/\/www.youtube.com\/channel\/UCMmbMNGwsL-XrtjfSFLCdVQ"]}]}},"_links":{"self":[{"href":"https:\/\/ruishengglassco.com\/es\/wp-json\/wp\/v2\/product\/4224","targetHints":{"allow":["GET"]}}],"collection":[{"href":"https:\/\/ruishengglassco.com\/es\/wp-json\/wp\/v2\/product"}],"about":[{"href":"https:\/\/ruishengglassco.com\/es\/wp-json\/wp\/v2\/types\/product"}],"replies":[{"embeddable":true,"href":"https:\/\/ruishengglassco.com\/es\/wp-json\/wp\/v2\/comments?post=4224"}],"wp:featuredmedia":[{"embeddable":true,"href":"https:\/\/ruishengglassco.com\/es\/wp-json\/wp\/v2\/media\/4225"}],"wp:attachment":[{"href":"https:\/\/ruishengglassco.com\/es\/wp-json\/wp\/v2\/media?parent=4224"}],"wp:term":[{"taxonomy":"product_cat","embeddable":true,"href":"https:\/\/ruishengglassco.com\/es\/wp-json\/wp\/v2\/product_cat?post=4224"}],"curies":[{"name":"wp","href":"https:\/\/api.w.org\/{rel}","templated":true}]}}