{"id":4221,"date":"2025-03-15T09:58:11","date_gmt":"2025-03-15T01:58:11","guid":{"rendered":"https:\/\/ruishengglassco.com\/?post_type=product&#038;p=4221"},"modified":"2025-07-16T17:07:43","modified_gmt":"2025-07-16T09:07:43","slug":"rs089-1500ml-botella-grande-de-vodka","status":"publish","type":"product","link":"https:\/\/ruishengglassco.com\/es\/producto\/rs089-1500ml-botella-grande-de-vodka","title":{"rendered":"RS089: Botella grande de vodka de 1500 ml"},"content":{"rendered":"<p>Ruisheng es un fabricante profesional de botellas de vidrio. Hemos ofrecido servicios de dise\u00f1o y fabricaci\u00f3n de grandes botellas de vidrio desde 2009. Nuestro producto principal son las botellas vac\u00edas para alcohol, whisky, vodka, brandy, ron, ginebra, etc. Tambi\u00e9n aceptamos el servicio OEM\/ODM.<\/p>\n<p>Esta botella grande de 1500 ml de vodka al por mayor utiliza vidrio s\u00faper flint. Esto hace que la botella sea clara, lisa y transparente. Ofrecemos botellas de vidrio grandes con tapa para bodegas, centros comerciales, supermercados y mayoristas de botellas. Aqu\u00ed tiene algunos detalles sobre estas botellas de vidrio extragrandes.<\/p>\n<h2>Acerca de la botella grande de vodka de 1500 ml al por mayor<\/h2>\n<ul>\n<li><strong>Nombre del producto:<\/strong>\u00a0Botella grande de vodka de 1500 ml<\/li>\n<li><strong>Marca:<\/strong>\u00a0Ruisheng<\/li>\n<li><strong>Capacidad:<\/strong>\u00a01,5L (tambi\u00e9n tenemos de 100ml, 25oml, 350ml, 700ml ,1000ml, etc.)<\/li>\n<li><strong>Material:<\/strong>\u00a0Materiales de vidrio Super Flint<\/li>\n<li><strong>Tipo de sellado:<\/strong>\u00a0Corcho, gorra de guala, gorra de tripulaci\u00f3n<\/li>\n<li><strong>Superficie:<\/strong>\u00a0Frostdecal, pintura, estampaci\u00f3n en caliente, gofrado, impresi\u00f3n, dorado, serigraf\u00eda<\/li>\n<li><strong>Muestra:<\/strong>\u00a0Gratis utilizando nuestro molde existente<\/li>\n<li><strong>Plazo de entrega:<\/strong>\u00a020-30 d\u00edas para productos de gran consumo<\/li>\n<li><strong>Puerto\uff1a<\/strong>\u00a0Qingdao, China<\/li>\n<li><strong>Pago\uff1a<\/strong>\u00a0T\/T,Paypal,Garant\u00eda comercial<\/li>\n<\/ul>\n<p>Si necesita botellas grandes de vidrio con corcho, no dude en ponerse en contacto con nosotros. Nuestros comerciales le responder\u00e1n lo antes posible.<\/p>","protected":false},"excerpt":{"rendered":"<table class=\"tg\">\n<colgroup>\n<col \/>\n<col \/><\/colgroup>\n<tbody>\n<tr>\n<th class=\"tg-wrg0\" colspan=\"2\">1500ml Botella Grande de Vodka al por mayor<\/th>\n<\/tr>\n<tr>\n<td class=\"tg-b7b8\">Material principal:<\/td>\n<td class=\"tg-b7b8\">Super vidrio de s\u00edlex<\/td>\n<\/tr>\n<tr>\n<td class=\"tg-yw4l\">Cap:<\/td>\n<td class=\"tg-yw4l\">Corcho<\/td>\n<\/tr>\n<tr>\n<td class=\"tg-b7b8\">Capacidad:<\/td>\n<td class=\"tg-b7b8\">1500 ml<\/td>\n<\/tr>\n<tr>\n<td class=\"tg-yw4l\">Caracter\u00edstica:<\/td>\n<td class=\"tg-yw4l\">Ecol\u00f3gico<\/td>\n<\/tr>\n<tr>\n<td class=\"tg-b7b8\">MOQ:<\/td>\n<td class=\"tg-b7b8\">10000 UNIDADES<\/td>\n<\/tr>\n<tr>\n<td class=\"tg-yw4l\">Origen del lugar:<\/td>\n<td class=\"tg-yw4l\">Shandong,China<\/td>\n<\/tr>\n<tr>\n<td class=\"tg-b7b8\">Piezas\/Ctn:<\/td>\n<td class=\"tg-b7b8\">24 unidades<\/td>\n<\/tr>\n<tr>\n<td class=\"tg-yw4l\">Referencia:<\/td>\n<td class=\"tg-yw4l\">RS089<\/td>\n<\/tr>\n<\/tbody>\n<\/table>","protected":false},"featured_media":4222,"comment_status":"closed","ping_status":"closed","template":"","meta":[],"product_cat":[49,52],"class_list":{"0":"post-4221","1":"product","2":"type-product","3":"status-publish","4":"has-post-thumbnail","6":"product_cat-1500ml-liquor-bottle-manufacturer","7":"product_cat-vodka-bottle","9":"first","10":"instock","11":"shipping-taxable","12":"product-type-simple"},"yoast_head":"<!-- This site is optimized with the Yoast SEO plugin v22.0 - https:\/\/yoast.com\/wordpress\/plugins\/seo\/ -->\n<title>1500ml Big Bottle of Vodka Wholesale | Large Glass Bottle Manufacturer<\/title>\n<meta name=\"description\" content=\"1500ml Big Bottle of Vodka Wholesale Alway in Loweast Price! High Quality Large Glass Bottle from China Glass Botttle Manufacturers Here!\" \/>\n<meta name=\"robots\" content=\"index, follow, max-snippet:-1, max-image-preview:large, max-video-preview:-1\" \/>\n<link rel=\"canonical\" href=\"https:\/\/ruishengglassco.com\/es\/producto\/rs089-1500ml-botella-grande-de-vodka\" \/>\n<meta property=\"og:locale\" content=\"es_ES\" \/>\n<meta property=\"og:type\" content=\"article\" \/>\n<meta property=\"og:title\" content=\"1500ml Big Bottle of Vodka Wholesale | Large Glass Bottle Manufacturer\" \/>\n<meta property=\"og:description\" content=\"1500ml Big Bottle of Vodka Wholesale Alway in Loweast Price! High Quality Large Glass Bottle from China Glass Botttle Manufacturers Here!\" \/>\n<meta property=\"og:url\" content=\"https:\/\/ruishengglassco.com\/es\/producto\/rs089-1500ml-botella-grande-de-vodka\" \/>\n<meta property=\"article:publisher\" content=\"https:\/\/www.facebook.com\/ruishengglassbottles\" \/>\n<meta property=\"article:modified_time\" content=\"2025-07-16T09:07:43+00:00\" \/>\n<meta property=\"og:image\" content=\"https:\/\/ruishengglassco.com\/wp-content\/uploads\/2025\/03\/RS089-1500ml-Big-Bottle-of-Vodka.webp\" \/>\n\t<meta property=\"og:image:width\" content=\"640\" \/>\n\t<meta property=\"og:image:height\" content=\"640\" \/>\n\t<meta property=\"og:image:type\" content=\"image\/webp\" \/>\n<meta name=\"twitter:card\" content=\"summary_large_image\" \/>\n<meta name=\"twitter:label1\" content=\"Tiempo de lectura\" \/>\n\t<meta name=\"twitter:data1\" content=\"1 minuto\" \/>\n<script type=\"application\/ld+json\" class=\"yoast-schema-graph\">{\"@context\":\"https:\/\/schema.org\",\"@graph\":[{\"@type\":\"WebPage\",\"@id\":\"https:\/\/ruishengglassco.com\/product\/rs089-1500ml-big-bottle-of-vodka\",\"url\":\"https:\/\/ruishengglassco.com\/product\/rs089-1500ml-big-bottle-of-vodka\",\"name\":\"1500ml Big Bottle of Vodka Wholesale | Large Glass Bottle Manufacturer\",\"isPartOf\":{\"@id\":\"https:\/\/ruishengglassco.com\/#website\"},\"datePublished\":\"2025-03-15T01:58:11+00:00\",\"dateModified\":\"2025-07-16T09:07:43+00:00\",\"description\":\"1500ml Big Bottle of Vodka Wholesale Alway in Loweast Price! High Quality Large Glass Bottle from China Glass Botttle Manufacturers Here!\",\"breadcrumb\":{\"@id\":\"https:\/\/ruishengglassco.com\/product\/rs089-1500ml-big-bottle-of-vodka#breadcrumb\"},\"inLanguage\":\"es\",\"potentialAction\":[{\"@type\":\"ReadAction\",\"target\":[\"https:\/\/ruishengglassco.com\/product\/rs089-1500ml-big-bottle-of-vodka\"]}]},{\"@type\":\"BreadcrumbList\",\"@id\":\"https:\/\/ruishengglassco.com\/product\/rs089-1500ml-big-bottle-of-vodka#breadcrumb\",\"itemListElement\":[{\"@type\":\"ListItem\",\"position\":1,\"name\":\"Home\",\"item\":\"https:\/\/ruishengglassco.com\/\"},{\"@type\":\"ListItem\",\"position\":2,\"name\":\"Products\",\"item\":\"https:\/\/ruishengglassco.com\/products\"},{\"@type\":\"ListItem\",\"position\":3,\"name\":\"RS089: 1500ml Big Bottle of Vodka\"}]},{\"@type\":\"WebSite\",\"@id\":\"https:\/\/ruishengglassco.com\/#website\",\"url\":\"https:\/\/ruishengglassco.com\/\",\"name\":\"Ruisheng Glass\",\"description\":\"\",\"publisher\":{\"@id\":\"https:\/\/ruishengglassco.com\/#organization\"},\"potentialAction\":[{\"@type\":\"SearchAction\",\"target\":{\"@type\":\"EntryPoint\",\"urlTemplate\":\"https:\/\/ruishengglassco.com\/?s={search_term_string}\"},\"query-input\":\"required name=search_term_string\"}],\"inLanguage\":\"es\"},{\"@type\":\"Organization\",\"@id\":\"https:\/\/ruishengglassco.com\/#organization\",\"name\":\"Shandong Yuncheng Ruisheng Glass Co., Ltd\",\"url\":\"https:\/\/ruishengglassco.com\/\",\"logo\":{\"@type\":\"ImageObject\",\"inLanguage\":\"es\",\"@id\":\"https:\/\/ruishengglassco.com\/#\/schema\/logo\/image\/\",\"url\":\"https:\/\/ruishengglassco.com\/wp-content\/uploads\/2023\/09\/ruisheng_logo_icon.webp\",\"contentUrl\":\"https:\/\/ruishengglassco.com\/wp-content\/uploads\/2023\/09\/ruisheng_logo_icon.webp\",\"width\":400,\"height\":233,\"caption\":\"Shandong Yuncheng Ruisheng Glass Co., Ltd\"},\"image\":{\"@id\":\"https:\/\/ruishengglassco.com\/#\/schema\/logo\/image\/\"},\"sameAs\":[\"https:\/\/www.facebook.com\/ruishengglassbottles\",\"https:\/\/www.instagram.com\/Ruishengglassbottlewholesales\/\",\"https:\/\/www.youtube.com\/channel\/UCMmbMNGwsL-XrtjfSFLCdVQ\"]}]}<\/script>\n<!-- \/ Yoast SEO plugin. -->","yoast_head_json":{"title":"1500ml Big Bottle of Vodka Wholesale | Large Glass Bottle Manufacturer","description":"1500ml Big Bottle of Vodka Wholesale Alway in Loweast Price! High Quality Large Glass Bottle from China Glass Botttle Manufacturers Here!","robots":{"index":"index","follow":"follow","max-snippet":"max-snippet:-1","max-image-preview":"max-image-preview:large","max-video-preview":"max-video-preview:-1"},"canonical":"https:\/\/ruishengglassco.com\/es\/producto\/rs089-1500ml-botella-grande-de-vodka","og_locale":"es_ES","og_type":"article","og_title":"1500ml Big Bottle of Vodka Wholesale | Large Glass Bottle Manufacturer","og_description":"1500ml Big Bottle of Vodka Wholesale Alway in Loweast Price! High Quality Large Glass Bottle from China Glass Botttle Manufacturers Here!","og_url":"https:\/\/ruishengglassco.com\/es\/producto\/rs089-1500ml-botella-grande-de-vodka","article_publisher":"https:\/\/www.facebook.com\/ruishengglassbottles","article_modified_time":"2025-07-16T09:07:43+00:00","og_image":[{"width":640,"height":640,"url":"https:\/\/ruishengglassco.com\/wp-content\/uploads\/2025\/03\/RS089-1500ml-Big-Bottle-of-Vodka.webp","type":"image\/webp"}],"twitter_card":"summary_large_image","twitter_misc":{"Tiempo de lectura":"1 minuto"},"schema":{"@context":"https:\/\/schema.org","@graph":[{"@type":"WebPage","@id":"https:\/\/ruishengglassco.com\/product\/rs089-1500ml-big-bottle-of-vodka","url":"https:\/\/ruishengglassco.com\/product\/rs089-1500ml-big-bottle-of-vodka","name":"1500ml Big Bottle of Vodka Wholesale | Large Glass Bottle Manufacturer","isPartOf":{"@id":"https:\/\/ruishengglassco.com\/#website"},"datePublished":"2025-03-15T01:58:11+00:00","dateModified":"2025-07-16T09:07:43+00:00","description":"1500ml Big Bottle of Vodka Wholesale Alway in Loweast Price! High Quality Large Glass Bottle from China Glass Botttle Manufacturers Here!","breadcrumb":{"@id":"https:\/\/ruishengglassco.com\/product\/rs089-1500ml-big-bottle-of-vodka#breadcrumb"},"inLanguage":"es","potentialAction":[{"@type":"ReadAction","target":["https:\/\/ruishengglassco.com\/product\/rs089-1500ml-big-bottle-of-vodka"]}]},{"@type":"BreadcrumbList","@id":"https:\/\/ruishengglassco.com\/product\/rs089-1500ml-big-bottle-of-vodka#breadcrumb","itemListElement":[{"@type":"ListItem","position":1,"name":"Home","item":"https:\/\/ruishengglassco.com\/"},{"@type":"ListItem","position":2,"name":"Products","item":"https:\/\/ruishengglassco.com\/products"},{"@type":"ListItem","position":3,"name":"RS089: 1500ml Big Bottle of Vodka"}]},{"@type":"WebSite","@id":"https:\/\/ruishengglassco.com\/#website","url":"https:\/\/ruishengglassco.com\/","name":"Ruisheng Glass","description":"","publisher":{"@id":"https:\/\/ruishengglassco.com\/#organization"},"potentialAction":[{"@type":"SearchAction","target":{"@type":"EntryPoint","urlTemplate":"https:\/\/ruishengglassco.com\/?s={search_term_string}"},"query-input":"required name=search_term_string"}],"inLanguage":"es"},{"@type":"Organization","@id":"https:\/\/ruishengglassco.com\/#organization","name":"Shandong Yuncheng Ruisheng Glass Co., Ltd","url":"https:\/\/ruishengglassco.com\/","logo":{"@type":"ImageObject","inLanguage":"es","@id":"https:\/\/ruishengglassco.com\/#\/schema\/logo\/image\/","url":"https:\/\/ruishengglassco.com\/wp-content\/uploads\/2023\/09\/ruisheng_logo_icon.webp","contentUrl":"https:\/\/ruishengglassco.com\/wp-content\/uploads\/2023\/09\/ruisheng_logo_icon.webp","width":400,"height":233,"caption":"Shandong Yuncheng Ruisheng Glass Co., Ltd"},"image":{"@id":"https:\/\/ruishengglassco.com\/#\/schema\/logo\/image\/"},"sameAs":["https:\/\/www.facebook.com\/ruishengglassbottles","https:\/\/www.instagram.com\/Ruishengglassbottlewholesales\/","https:\/\/www.youtube.com\/channel\/UCMmbMNGwsL-XrtjfSFLCdVQ"]}]}},"_links":{"self":[{"href":"https:\/\/ruishengglassco.com\/es\/wp-json\/wp\/v2\/product\/4221","targetHints":{"allow":["GET"]}}],"collection":[{"href":"https:\/\/ruishengglassco.com\/es\/wp-json\/wp\/v2\/product"}],"about":[{"href":"https:\/\/ruishengglassco.com\/es\/wp-json\/wp\/v2\/types\/product"}],"replies":[{"embeddable":true,"href":"https:\/\/ruishengglassco.com\/es\/wp-json\/wp\/v2\/comments?post=4221"}],"wp:featuredmedia":[{"embeddable":true,"href":"https:\/\/ruishengglassco.com\/es\/wp-json\/wp\/v2\/media\/4222"}],"wp:attachment":[{"href":"https:\/\/ruishengglassco.com\/es\/wp-json\/wp\/v2\/media?parent=4221"}],"wp:term":[{"taxonomy":"product_cat","embeddable":true,"href":"https:\/\/ruishengglassco.com\/es\/wp-json\/wp\/v2\/product_cat?post=4221"}],"curies":[{"name":"wp","href":"https:\/\/api.w.org\/{rel}","templated":true}]}}