{"id":4217,"date":"2025-03-15T09:52:30","date_gmt":"2025-03-15T01:52:30","guid":{"rendered":"https:\/\/ruishengglassco.com\/?post_type=product&#038;p=4217"},"modified":"2025-09-11T17:01:43","modified_gmt":"2025-09-11T09:01:43","slug":"rs093-1000ml-boston-botellas-de-vidrio-redondas-vodka-al-por-mayor","status":"publish","type":"product","link":"https:\/\/ruishengglassco.com\/es\/producto\/rs093-1000ml-boston-botellas-de-vidrio-redondas-vodka-al-por-mayor","title":{"rendered":"RS093: 1000ml Boston Botellas de vidrio redondas Fabricantes Vodka"},"content":{"rendered":"<h2>Informaci\u00f3n detallada acerca de Boston botellas de vidrio redondas Fabricantes<\/h2>\n<p>Estas botellas de vidrio redondas Boston de 1000 ml est\u00e1n disponibles en cuatro tama\u00f1os: 1000ml, 750ml, 700ml y 500ml. Tambi\u00e9n tenemos botellas de vodka de forma similar para 375ml. Esta botella de vidrio para vodka es uno de nuestros productos m\u00e1s vendidos. Nuestras botellas de vidrio redondas Boston son populares en muchos lugares. Se venden en los Estados Unidos, el Reino Unido, Australia, Nueva Zelanda, Canad\u00e1 y otros pa\u00edses europeos y americanos. Son conocidas por su innovaci\u00f3n y funcionalidad.<\/p>\n<p>Como uno de los mayores fabricantes de botellas de vodka en China, Ruisheng se ha centrado en la fabricaci\u00f3n de botellas de licor durante unos 10 a\u00f1os. M\u00e1quinas manuales CNC se utilizan para producir nuestras botellas de Boston al por mayor. Utilizamos esta m\u00e1quina para producir botellas de vidrio de alta calidad y cristalinas. Esto asegura que las botellas de vidrio son de perfecta calidad, con alta transparencia y una superficie lisa.<\/p>\n<p>Estas botellas de vidrio redondas Boston de 1000 ml al por mayor para la venta est\u00e1n acabadas con un tap\u00f3n de corcho. Si lo necesita, tambi\u00e9n podemos cambiar su boca por un tap\u00f3n de rosca. Nuestra f\u00e1brica produce corcho de alto pol\u00edmero, corcho de madera natural, corcho complejo, corcho de vidrio y tapones de rosca de varios tama\u00f1os. Si lo necesita, podemos ofrecerle los tapones a juego para las botellas de vidrio.<\/p>\n<p><img decoding=\"async\" class=\"aligncenter wp-image-2429 size-full\" src=\"https:\/\/glassbottlewholesale.com\/wp-content\/uploads\/2020\/12\/WX20201229-154422-1.png\" alt=\"tapas de botellas de vidrio al por mayor\" width=\"752\" height=\"452\" \/><\/p>\n<p>Hay m\u00e1s de 500 empleados en nuestra f\u00e1brica, e incluyendo unos 30 QC y un grupo de ingenieros cualificados. Podemos aceptar pedidos OEM y ODM. Usted s\u00f3lo puede ofrecer una foto o nos dicen las demandas sobre el dise\u00f1o de la botella de vodka que desea, podemos proporcionar servicio personalizado botella de vodka para usted. No podemos enviar las botellas de vidrio de nuestra f\u00e1brica hasta que pasen la prueba de control de calidad.<\/p>\n<h2>Los detalles de este 1 Litro Boston Botellas de vidrio redondo Fabricantes<\/h2>\n<p>La informaci\u00f3n sobre la botella de vidrio es la siguiente:<\/p>\n<ul>\n<li>Art\u00edculo: Botellas redondas Bostom de 1000ml al por mayor<\/li>\n<li>Material principal: vidrio de alto pedernal ( cristal blanco )<\/li>\n<li>Tap\u00f3n: Corcho ( corcho High Polymer, corcho complejo, corcho de madera natural )<\/li>\n<li>Referencia: RS093<\/li>\n<li>MOQ: 10000 PCS<\/li>\n<li>Capacidad: 500ml \/ 700ml\/ 750ml \/1000ml<\/li>\n<li>Forma de embalaje: Cart\u00f3n \/ Paleta \/ Paleta y cart\u00f3n<\/li>\n<li>uds\/tn: 24 uds \/ 20 uds \/ 15 uds<\/li>\n<li>Origen del lugar: Shandong, China<\/li>\n<li>Caracter\u00edstica: Ecol\u00f3gico<\/li>\n<\/ul>\n<p>Si desea obtener m\u00e1s informaci\u00f3n acerca de este 1000ml Boston botellas redondas de vidrio al por mayor o desea hacer botellas de vidrio personalizadas, p\u00f3ngase en contacto con nosotros. Haremos nuestro mejor esfuerzo para usted.<\/p>","protected":false},"excerpt":{"rendered":"<p>La marca Ruisheng ofrece<strong> Ronda de Boston<\/strong> <strong>botellas de vidrio<\/strong>. Hecho de cristal de alto pedernal de vidrio blanco, que son grandes para llenar con vodka y otras bebidas alcoh\u00f3licas. Salida de f\u00e1brica botella de vidrio al por mayor con garant\u00eda de calidad y precio a granel<\/p>\n<p>Informaci\u00f3n de pedido sobre Botellas de vidrio redondas Boston al por mayor<\/p>\n<ul>\n<li>Referencia: RS093<\/li>\n<li><strong>Se ofrece servicio OEM\/ODM. MOQ:10000pcs(10000 PCS)<\/strong><\/li>\n<li>Capacity: 500ml\/700ml\/750ml\/1000ml\/custom<\/li>\n<li>Tapa: Corcho o a medida<\/li>\n<li>Material: Cristal blanco<\/li>\n<\/ul>\n<p data-block-id=\"cf255d49-0436-49e0-9121-8d6e8606e3a5\" data-pm-slice=\"1 1 []\">Si desea obtener una Botella de Vidrio Redonda Boston Para Vodka, no dude en contactarnos.<\/p>","protected":false},"featured_media":4218,"comment_status":"closed","ping_status":"closed","template":"","meta":[],"product_cat":[43,52],"class_list":{"0":"post-4217","1":"product","2":"type-product","3":"status-publish","4":"has-post-thumbnail","6":"product_cat-1000ml-liquor-bottle-manufacturer","7":"product_cat-vodka-bottle","9":"first","10":"instock","11":"shipping-taxable","12":"product-type-simple"},"yoast_head":"<!-- This site is optimized with the Yoast SEO plugin v22.0 - https:\/\/yoast.com\/wordpress\/plugins\/seo\/ -->\n<title>Boston Round Glass Bottles Manufacturers | Vodka Bottle Manufacturers<\/title>\n<meta name=\"description\" content=\"This boston round glass bottles wholesale are a set of glass bottles for 1000ml, 750ml, 700ml and 500ml. Factory Outlet From Vodka Bottle Manufacturers.\" \/>\n<meta name=\"robots\" content=\"index, follow, max-snippet:-1, max-image-preview:large, max-video-preview:-1\" \/>\n<link rel=\"canonical\" href=\"https:\/\/ruishengglassco.com\/es\/producto\/rs093-1000ml-boston-botellas-de-vidrio-redondas-vodka-al-por-mayor\" \/>\n<meta property=\"og:locale\" content=\"es_ES\" \/>\n<meta property=\"og:type\" content=\"article\" \/>\n<meta property=\"og:title\" content=\"Boston Round Glass Bottles Manufacturers | Vodka Bottle Manufacturers\" \/>\n<meta property=\"og:description\" content=\"This boston round glass bottles wholesale are a set of glass bottles for 1000ml, 750ml, 700ml and 500ml. Factory Outlet From Vodka Bottle Manufacturers.\" \/>\n<meta property=\"og:url\" content=\"https:\/\/ruishengglassco.com\/es\/producto\/rs093-1000ml-boston-botellas-de-vidrio-redondas-vodka-al-por-mayor\" \/>\n<meta property=\"article:publisher\" content=\"https:\/\/www.facebook.com\/ruishengglassbottles\" \/>\n<meta property=\"article:modified_time\" content=\"2025-09-11T09:01:43+00:00\" \/>\n<meta property=\"og:image\" content=\"https:\/\/ruishengglassco.com\/wp-content\/uploads\/2025\/03\/RS093-1000ml-Boston-Round-Glass-Bottles-Wholesale-Vodka.webp\" \/>\n\t<meta property=\"og:image:width\" content=\"800\" \/>\n\t<meta property=\"og:image:height\" content=\"800\" \/>\n\t<meta property=\"og:image:type\" content=\"image\/webp\" \/>\n<meta name=\"twitter:card\" content=\"summary_large_image\" \/>\n<meta name=\"twitter:label1\" content=\"Tiempo de lectura\" \/>\n\t<meta name=\"twitter:data1\" content=\"3 minutos\" \/>\n<script type=\"application\/ld+json\" class=\"yoast-schema-graph\">{\"@context\":\"https:\/\/schema.org\",\"@graph\":[{\"@type\":\"WebPage\",\"@id\":\"https:\/\/ruishengglassco.com\/product\/rs093-1000ml-boston-round-glass-bottles-wholesale-vodka\",\"url\":\"https:\/\/ruishengglassco.com\/product\/rs093-1000ml-boston-round-glass-bottles-wholesale-vodka\",\"name\":\"Boston Round Glass Bottles Manufacturers | Vodka Bottle Manufacturers\",\"isPartOf\":{\"@id\":\"https:\/\/ruishengglassco.com\/#website\"},\"datePublished\":\"2025-03-15T01:52:30+00:00\",\"dateModified\":\"2025-09-11T09:01:43+00:00\",\"description\":\"This boston round glass bottles wholesale are a set of glass bottles for 1000ml, 750ml, 700ml and 500ml. Factory Outlet From Vodka Bottle Manufacturers.\",\"breadcrumb\":{\"@id\":\"https:\/\/ruishengglassco.com\/product\/rs093-1000ml-boston-round-glass-bottles-wholesale-vodka#breadcrumb\"},\"inLanguage\":\"es\",\"potentialAction\":[{\"@type\":\"ReadAction\",\"target\":[\"https:\/\/ruishengglassco.com\/product\/rs093-1000ml-boston-round-glass-bottles-wholesale-vodka\"]}]},{\"@type\":\"BreadcrumbList\",\"@id\":\"https:\/\/ruishengglassco.com\/product\/rs093-1000ml-boston-round-glass-bottles-wholesale-vodka#breadcrumb\",\"itemListElement\":[{\"@type\":\"ListItem\",\"position\":1,\"name\":\"Home\",\"item\":\"https:\/\/ruishengglassco.com\/\"},{\"@type\":\"ListItem\",\"position\":2,\"name\":\"Products\",\"item\":\"https:\/\/ruishengglassco.com\/products\"},{\"@type\":\"ListItem\",\"position\":3,\"name\":\"RS093: 1000ml Boston Round Glass Bottles Manufacturers Vodka\"}]},{\"@type\":\"WebSite\",\"@id\":\"https:\/\/ruishengglassco.com\/#website\",\"url\":\"https:\/\/ruishengglassco.com\/\",\"name\":\"Ruisheng Glass\",\"description\":\"\",\"publisher\":{\"@id\":\"https:\/\/ruishengglassco.com\/#organization\"},\"potentialAction\":[{\"@type\":\"SearchAction\",\"target\":{\"@type\":\"EntryPoint\",\"urlTemplate\":\"https:\/\/ruishengglassco.com\/?s={search_term_string}\"},\"query-input\":\"required name=search_term_string\"}],\"inLanguage\":\"es\"},{\"@type\":\"Organization\",\"@id\":\"https:\/\/ruishengglassco.com\/#organization\",\"name\":\"Shandong Yuncheng Ruisheng Glass Co., Ltd\",\"url\":\"https:\/\/ruishengglassco.com\/\",\"logo\":{\"@type\":\"ImageObject\",\"inLanguage\":\"es\",\"@id\":\"https:\/\/ruishengglassco.com\/#\/schema\/logo\/image\/\",\"url\":\"https:\/\/ruishengglassco.com\/wp-content\/uploads\/2023\/09\/ruisheng_logo_icon.webp\",\"contentUrl\":\"https:\/\/ruishengglassco.com\/wp-content\/uploads\/2023\/09\/ruisheng_logo_icon.webp\",\"width\":400,\"height\":233,\"caption\":\"Shandong Yuncheng Ruisheng Glass Co., Ltd\"},\"image\":{\"@id\":\"https:\/\/ruishengglassco.com\/#\/schema\/logo\/image\/\"},\"sameAs\":[\"https:\/\/www.facebook.com\/ruishengglassbottles\",\"https:\/\/www.instagram.com\/Ruishengglassbottlewholesales\/\",\"https:\/\/www.youtube.com\/channel\/UCMmbMNGwsL-XrtjfSFLCdVQ\"]}]}<\/script>\n<!-- \/ Yoast SEO plugin. -->","yoast_head_json":{"title":"Boston Round Glass Bottles Manufacturers | Vodka Bottle Manufacturers","description":"This boston round glass bottles wholesale are a set of glass bottles for 1000ml, 750ml, 700ml and 500ml. Factory Outlet From Vodka Bottle Manufacturers.","robots":{"index":"index","follow":"follow","max-snippet":"max-snippet:-1","max-image-preview":"max-image-preview:large","max-video-preview":"max-video-preview:-1"},"canonical":"https:\/\/ruishengglassco.com\/es\/producto\/rs093-1000ml-boston-botellas-de-vidrio-redondas-vodka-al-por-mayor","og_locale":"es_ES","og_type":"article","og_title":"Boston Round Glass Bottles Manufacturers | Vodka Bottle Manufacturers","og_description":"This boston round glass bottles wholesale are a set of glass bottles for 1000ml, 750ml, 700ml and 500ml. Factory Outlet From Vodka Bottle Manufacturers.","og_url":"https:\/\/ruishengglassco.com\/es\/producto\/rs093-1000ml-boston-botellas-de-vidrio-redondas-vodka-al-por-mayor","article_publisher":"https:\/\/www.facebook.com\/ruishengglassbottles","article_modified_time":"2025-09-11T09:01:43+00:00","og_image":[{"width":800,"height":800,"url":"https:\/\/ruishengglassco.com\/wp-content\/uploads\/2025\/03\/RS093-1000ml-Boston-Round-Glass-Bottles-Wholesale-Vodka.webp","type":"image\/webp"}],"twitter_card":"summary_large_image","twitter_misc":{"Tiempo de lectura":"3 minutos"},"schema":{"@context":"https:\/\/schema.org","@graph":[{"@type":"WebPage","@id":"https:\/\/ruishengglassco.com\/product\/rs093-1000ml-boston-round-glass-bottles-wholesale-vodka","url":"https:\/\/ruishengglassco.com\/product\/rs093-1000ml-boston-round-glass-bottles-wholesale-vodka","name":"Boston Round Glass Bottles Manufacturers | Vodka Bottle Manufacturers","isPartOf":{"@id":"https:\/\/ruishengglassco.com\/#website"},"datePublished":"2025-03-15T01:52:30+00:00","dateModified":"2025-09-11T09:01:43+00:00","description":"This boston round glass bottles wholesale are a set of glass bottles for 1000ml, 750ml, 700ml and 500ml. Factory Outlet From Vodka Bottle Manufacturers.","breadcrumb":{"@id":"https:\/\/ruishengglassco.com\/product\/rs093-1000ml-boston-round-glass-bottles-wholesale-vodka#breadcrumb"},"inLanguage":"es","potentialAction":[{"@type":"ReadAction","target":["https:\/\/ruishengglassco.com\/product\/rs093-1000ml-boston-round-glass-bottles-wholesale-vodka"]}]},{"@type":"BreadcrumbList","@id":"https:\/\/ruishengglassco.com\/product\/rs093-1000ml-boston-round-glass-bottles-wholesale-vodka#breadcrumb","itemListElement":[{"@type":"ListItem","position":1,"name":"Home","item":"https:\/\/ruishengglassco.com\/"},{"@type":"ListItem","position":2,"name":"Products","item":"https:\/\/ruishengglassco.com\/products"},{"@type":"ListItem","position":3,"name":"RS093: 1000ml Boston Round Glass Bottles Manufacturers Vodka"}]},{"@type":"WebSite","@id":"https:\/\/ruishengglassco.com\/#website","url":"https:\/\/ruishengglassco.com\/","name":"Ruisheng Glass","description":"","publisher":{"@id":"https:\/\/ruishengglassco.com\/#organization"},"potentialAction":[{"@type":"SearchAction","target":{"@type":"EntryPoint","urlTemplate":"https:\/\/ruishengglassco.com\/?s={search_term_string}"},"query-input":"required name=search_term_string"}],"inLanguage":"es"},{"@type":"Organization","@id":"https:\/\/ruishengglassco.com\/#organization","name":"Shandong Yuncheng Ruisheng Glass Co., Ltd","url":"https:\/\/ruishengglassco.com\/","logo":{"@type":"ImageObject","inLanguage":"es","@id":"https:\/\/ruishengglassco.com\/#\/schema\/logo\/image\/","url":"https:\/\/ruishengglassco.com\/wp-content\/uploads\/2023\/09\/ruisheng_logo_icon.webp","contentUrl":"https:\/\/ruishengglassco.com\/wp-content\/uploads\/2023\/09\/ruisheng_logo_icon.webp","width":400,"height":233,"caption":"Shandong Yuncheng Ruisheng Glass Co., Ltd"},"image":{"@id":"https:\/\/ruishengglassco.com\/#\/schema\/logo\/image\/"},"sameAs":["https:\/\/www.facebook.com\/ruishengglassbottles","https:\/\/www.instagram.com\/Ruishengglassbottlewholesales\/","https:\/\/www.youtube.com\/channel\/UCMmbMNGwsL-XrtjfSFLCdVQ"]}]}},"_links":{"self":[{"href":"https:\/\/ruishengglassco.com\/es\/wp-json\/wp\/v2\/product\/4217","targetHints":{"allow":["GET"]}}],"collection":[{"href":"https:\/\/ruishengglassco.com\/es\/wp-json\/wp\/v2\/product"}],"about":[{"href":"https:\/\/ruishengglassco.com\/es\/wp-json\/wp\/v2\/types\/product"}],"replies":[{"embeddable":true,"href":"https:\/\/ruishengglassco.com\/es\/wp-json\/wp\/v2\/comments?post=4217"}],"wp:featuredmedia":[{"embeddable":true,"href":"https:\/\/ruishengglassco.com\/es\/wp-json\/wp\/v2\/media\/4218"}],"wp:attachment":[{"href":"https:\/\/ruishengglassco.com\/es\/wp-json\/wp\/v2\/media?parent=4217"}],"wp:term":[{"taxonomy":"product_cat","embeddable":true,"href":"https:\/\/ruishengglassco.com\/es\/wp-json\/wp\/v2\/product_cat?post=4217"}],"curies":[{"name":"wp","href":"https:\/\/api.w.org\/{rel}","templated":true}]}}