{"id":4213,"date":"2025-03-15T09:47:58","date_gmt":"2025-03-15T01:47:58","guid":{"rendered":"https:\/\/ruishengglassco.com\/?post_type=product&#038;p=4213"},"modified":"2025-07-17T13:53:45","modified_gmt":"2025-07-17T05:53:45","slug":"rs095-venta-al-por-mayor-700ml-botellas-de-ginebra-transparente-con-tapones-de-corcho","status":"publish","type":"product","link":"https:\/\/ruishengglassco.com\/es\/producto\/rs095-venta-al-por-mayor-700ml-botellas-de-ginebra-transparente-con-tapones-de-corcho","title":{"rendered":"RS095: Botellas de ginebra transparentes de 700 ml con tap\u00f3n de corcho"},"content":{"rendered":"<p><span data-preserver-spaces=\"true\">La botella de ginebra transparente de 700 ml al por mayor es uno de nuestros proyectos m\u00e1s exitosos; hemos exportado a muchas zonas y hemos recibido elogios un\u00e1nimes. Como fabricante profesional de botellas de licor, podemos garantizar la producci\u00f3n de botellas de vidrio l\u00edquido de alta calidad.<\/span><\/p>\n<p><span data-preserver-spaces=\"true\">Acerca de<\/span><span data-preserver-spaces=\"true\"> la botella de ginebra transparente de 700 ml, <\/span><span data-preserver-spaces=\"true\">de esta botella<\/span><span data-preserver-spaces=\"true\"> la forma es redonda<\/span><span data-preserver-spaces=\"true\">, <\/span><span data-preserver-spaces=\"true\">y <\/span><span data-preserver-spaces=\"true\">it<\/span><span data-preserver-spaces=\"true\"> puede utilizarse<\/span><span data-preserver-spaces=\"true\"> para vodka, brandy, XO, whisky y <\/span><span data-preserver-spaces=\"true\">etc.<\/span><span data-preserver-spaces=\"true\">.<\/span><\/p>\n<h2><span data-preserver-spaces=\"true\">Botella de ginebra transparente de 700 ml Fabricantes<\/span><\/h2>\n<p><span data-preserver-spaces=\"true\">La informaci\u00f3n sobre la botella de vidrio es la siguiente:<\/span><\/p>\n<ul>\n<li><span data-preserver-spaces=\"true\">Principal<\/span><span data-preserver-spaces=\"true\"> material: vidrio super flint<\/span><\/li>\n<li><span data-preserver-spaces=\"true\">Tap\u00f3n: corcho<\/span><\/li>\n<li><span data-preserver-spaces=\"true\">Referencia: RS095<\/span><\/li>\n<li><span data-preserver-spaces=\"true\">MOQ: 10000 PCS<\/span><\/li>\n<li><span data-preserver-spaces=\"true\">Capacidad: 700 ml<\/span><\/li>\n<li><span data-preserver-spaces=\"true\">Pzs\/Ctn: 24pzs<\/span><\/li>\n<li><span data-preserver-spaces=\"true\">Origen del lugar: Shandong, China<\/span><\/li>\n<li><span data-preserver-spaces=\"true\">Caracter\u00edstica: Ecol\u00f3gico<\/span><\/li>\n<\/ul>\n<p><span data-preserver-spaces=\"true\">Nuestra empresa emplea a m\u00e1s de 500 trabajadores, muchos de los cuales tienen una amplia experiencia en la fabricaci\u00f3n de botellas de vidrio. Tambi\u00e9n contamos con inspectores de calidad altamente profesionales, y<\/span> <span data-preserver-spaces=\"true\">nos aseguramos de que cada botella de vidrio se someta a una rigurosa inspecci\u00f3n de calidad. Adem\u00e1s, nuestros envases cumplen estrictamente las normas nacionales.<\/span><\/p>\n<p><span data-preserver-spaces=\"true\">La botella de ginebra transparente de 700 ml con tap\u00f3n de corcho es el principal producto de nuestra empresa, por lo que estamos muy seguros de poder fabricarla bien.<\/span><\/p>\n<p><span data-preserver-spaces=\"true\">Sobre todo, podemos realizar un procesamiento profundo en la botella de vidrio, como impresi\u00f3n, estampaci\u00f3n en caliente, glaseado y mucho m\u00e1s. Sea cual sea el color que desee, podemos hacerlo.<\/span><\/p>\n<p><span data-preserver-spaces=\"true\">Si desea visitar nuestra f\u00e1brica, siempre ser\u00e1 bienvenido. <\/span><span data-preserver-spaces=\"true\">Dispondremos personal especial para recibirle en el aeropuerto, y<\/span> <span data-preserver-spaces=\"true\">tambi\u00e9n tenemos <\/span><span data-preserver-spaces=\"true\">personal especializado<\/span><span data-preserver-spaces=\"true\"> para ense\u00f1arle la f\u00e1brica.<\/span><\/p>\n<p><span data-preserver-spaces=\"true\">Tambi\u00e9n producimos una variedad de botellas de vidrio personalizadas, disponibles en <\/span><span data-preserver-spaces=\"true\">todos<\/span><span data-preserver-spaces=\"true\"> tallas. <\/span><span data-preserver-spaces=\"true\">Podemos <\/span><span data-preserver-spaces=\"true\">producir<\/span> <span data-preserver-spaces=\"true\">formas variadas<\/span><span data-preserver-spaces=\"true\"> de botellas de vidrio para agua.<\/span><span data-preserver-spaces=\"true\"> Si desea personalizar la botella, tambi\u00e9n podemos atender su petici\u00f3n. Si nos facilita un dibujo, podemos fabricar una id\u00e9ntica.<\/span><\/p>\n<p><span data-preserver-spaces=\"true\">Esperamos que le guste esta botella de brandy y <\/span><span data-preserver-spaces=\"true\">lugar<\/span><span data-preserver-spaces=\"true\"> un pedido. Y bienvenido a visitar nuestra f\u00e1brica.<\/span><\/p>\n<p><span data-preserver-spaces=\"true\">Si est\u00e1 interesado en comprar botellas de ginebra transparentes de 700 ml al por mayor o en comprar botellas de ginebra con corcho a granel para su venta, p\u00f3ngase en contacto con nosotros. Le responderemos en un plazo de 24 horas.<\/span><\/p>","protected":false},"excerpt":{"rendered":"<p>Acerca de la botella de ginebra transparente de 700 ml, la forma de esta botella es redonda y puede utilizarse para vodka, brandy, XO, whisky, etc.<\/p>","protected":false},"featured_media":4214,"comment_status":"closed","ping_status":"closed","template":"","meta":[],"product_brand":[],"product_cat":[44,50],"class_list":{"0":"post-4213","1":"product","2":"type-product","3":"status-publish","4":"has-post-thumbnail","6":"product_cat-700ml-liquor-bottle-manufacturer","7":"product_cat-gin-bottle","9":"first","10":"instock","11":"shipping-taxable","12":"product-type-simple"},"yoast_head":"<!-- This site is optimized with the Yoast SEO plugin v27.5 - https:\/\/yoast.com\/product\/yoast-seo-wordpress\/ -->\n<title>700ml Clear Gin Bottle Manufacturers | Bulk Gin Bottle With Cork For Sale<\/title>\n<meta name=\"description\" content=\"Buy 700ml Clear Gin Bottle Wholesale From China Ruisheng Glass Bottle Manufacturer. Factory Ouelt&amp;Cheap Price. Buy Bulk Gin Bottle With Cork For Sale Now\" \/>\n<meta name=\"robots\" content=\"index, follow, max-snippet:-1, max-image-preview:large, max-video-preview:-1\" \/>\n<link rel=\"canonical\" href=\"https:\/\/ruishengglassco.com\/es\/producto\/rs095-venta-al-por-mayor-700ml-botellas-de-ginebra-transparente-con-tapones-de-corcho\" \/>\n<meta property=\"og:locale\" content=\"es_ES\" \/>\n<meta property=\"og:type\" content=\"article\" \/>\n<meta property=\"og:title\" content=\"700ml Clear Gin Bottle Manufacturers | Bulk Gin Bottle With Cork For Sale\" \/>\n<meta property=\"og:description\" content=\"Buy 700ml Clear Gin Bottle Wholesale From China Ruisheng Glass Bottle Manufacturer. Factory Ouelt&amp;Cheap Price. Buy Bulk Gin Bottle With Cork For Sale Now\" \/>\n<meta property=\"og:url\" content=\"https:\/\/ruishengglassco.com\/es\/producto\/rs095-venta-al-por-mayor-700ml-botellas-de-ginebra-transparente-con-tapones-de-corcho\" \/>\n<meta property=\"article:publisher\" content=\"https:\/\/www.facebook.com\/ruishengglassbottles\" \/>\n<meta property=\"article:modified_time\" content=\"2025-07-17T05:53:45+00:00\" \/>\n<meta property=\"og:image\" content=\"https:\/\/ruishengglassco.com\/wp-content\/uploads\/2025\/03\/RS095-Wholesale-700ml-Clear-Gin-Bottles-With-Corks.webp\" \/>\n\t<meta property=\"og:image:width\" content=\"800\" \/>\n\t<meta property=\"og:image:height\" content=\"800\" \/>\n\t<meta property=\"og:image:type\" content=\"image\/webp\" \/>\n<meta name=\"twitter:card\" content=\"summary_large_image\" \/>\n<meta name=\"twitter:label1\" content=\"Tiempo de lectura\" \/>\n\t<meta name=\"twitter:data1\" content=\"2 minutos\" \/>\n<script type=\"application\/ld+json\" class=\"yoast-schema-graph\">{\"@context\":\"https:\\\/\\\/schema.org\",\"@graph\":[{\"@type\":\"WebPage\",\"@id\":\"https:\\\/\\\/ruishengglassco.com\\\/product\\\/rs095-wholesale-700ml-clear-gin-bottles-with-corks\",\"url\":\"https:\\\/\\\/ruishengglassco.com\\\/product\\\/rs095-wholesale-700ml-clear-gin-bottles-with-corks\",\"name\":\"700ml Clear Gin Bottle Manufacturers | Bulk Gin Bottle With Cork For Sale\",\"isPartOf\":{\"@id\":\"https:\\\/\\\/ruishengglassco.com\\\/#website\"},\"primaryImageOfPage\":{\"@id\":\"https:\\\/\\\/ruishengglassco.com\\\/product\\\/rs095-wholesale-700ml-clear-gin-bottles-with-corks#primaryimage\"},\"image\":{\"@id\":\"https:\\\/\\\/ruishengglassco.com\\\/product\\\/rs095-wholesale-700ml-clear-gin-bottles-with-corks#primaryimage\"},\"thumbnailUrl\":\"https:\\\/\\\/ruishengglassco.com\\\/wp-content\\\/uploads\\\/2025\\\/03\\\/RS095-Wholesale-700ml-Clear-Gin-Bottles-With-Corks.webp\",\"datePublished\":\"2025-03-15T01:47:58+00:00\",\"dateModified\":\"2025-07-17T05:53:45+00:00\",\"description\":\"Buy 700ml Clear Gin Bottle Wholesale From China Ruisheng Glass Bottle Manufacturer. Factory Ouelt&Cheap Price. Buy Bulk Gin Bottle With Cork For Sale Now\",\"breadcrumb\":{\"@id\":\"https:\\\/\\\/ruishengglassco.com\\\/product\\\/rs095-wholesale-700ml-clear-gin-bottles-with-corks#breadcrumb\"},\"inLanguage\":\"es\",\"potentialAction\":[{\"@type\":\"ReadAction\",\"target\":[\"https:\\\/\\\/ruishengglassco.com\\\/product\\\/rs095-wholesale-700ml-clear-gin-bottles-with-corks\"]}]},{\"@type\":\"ImageObject\",\"inLanguage\":\"es\",\"@id\":\"https:\\\/\\\/ruishengglassco.com\\\/product\\\/rs095-wholesale-700ml-clear-gin-bottles-with-corks#primaryimage\",\"url\":\"https:\\\/\\\/ruishengglassco.com\\\/wp-content\\\/uploads\\\/2025\\\/03\\\/RS095-Wholesale-700ml-Clear-Gin-Bottles-With-Corks.webp\",\"contentUrl\":\"https:\\\/\\\/ruishengglassco.com\\\/wp-content\\\/uploads\\\/2025\\\/03\\\/RS095-Wholesale-700ml-Clear-Gin-Bottles-With-Corks.webp\",\"width\":800,\"height\":800,\"caption\":\"RS095: Wholesale 700ml Clear Gin Bottles With Corks\"},{\"@type\":\"BreadcrumbList\",\"@id\":\"https:\\\/\\\/ruishengglassco.com\\\/product\\\/rs095-wholesale-700ml-clear-gin-bottles-with-corks#breadcrumb\",\"itemListElement\":[{\"@type\":\"ListItem\",\"position\":1,\"name\":\"Home\",\"item\":\"https:\\\/\\\/ruishengglassco.com\\\/\"},{\"@type\":\"ListItem\",\"position\":2,\"name\":\"Products\",\"item\":\"https:\\\/\\\/ruishengglassco.com\\\/products\"},{\"@type\":\"ListItem\",\"position\":3,\"name\":\"RS095: 700ml Clear Gin Bottles With Corks\"}]},{\"@type\":\"WebSite\",\"@id\":\"https:\\\/\\\/ruishengglassco.com\\\/#website\",\"url\":\"https:\\\/\\\/ruishengglassco.com\\\/\",\"name\":\"Ruisheng Glass\",\"description\":\"\",\"publisher\":{\"@id\":\"https:\\\/\\\/ruishengglassco.com\\\/#organization\"},\"potentialAction\":[{\"@type\":\"SearchAction\",\"target\":{\"@type\":\"EntryPoint\",\"urlTemplate\":\"https:\\\/\\\/ruishengglassco.com\\\/?s={search_term_string}\"},\"query-input\":{\"@type\":\"PropertyValueSpecification\",\"valueRequired\":true,\"valueName\":\"search_term_string\"}}],\"inLanguage\":\"es\"},{\"@type\":\"Organization\",\"@id\":\"https:\\\/\\\/ruishengglassco.com\\\/#organization\",\"name\":\"Shandong Yuncheng Ruisheng Glass Co., Ltd\",\"url\":\"https:\\\/\\\/ruishengglassco.com\\\/\",\"logo\":{\"@type\":\"ImageObject\",\"inLanguage\":\"es\",\"@id\":\"https:\\\/\\\/ruishengglassco.com\\\/#\\\/schema\\\/logo\\\/image\\\/\",\"url\":\"https:\\\/\\\/ruishengglassco.com\\\/wp-content\\\/uploads\\\/2023\\\/09\\\/ruisheng_logo_icon.webp\",\"contentUrl\":\"https:\\\/\\\/ruishengglassco.com\\\/wp-content\\\/uploads\\\/2023\\\/09\\\/ruisheng_logo_icon.webp\",\"width\":400,\"height\":233,\"caption\":\"Shandong Yuncheng Ruisheng Glass Co., Ltd\"},\"image\":{\"@id\":\"https:\\\/\\\/ruishengglassco.com\\\/#\\\/schema\\\/logo\\\/image\\\/\"},\"sameAs\":[\"https:\\\/\\\/www.facebook.com\\\/ruishengglassbottles\",\"https:\\\/\\\/www.instagram.com\\\/Ruishengglassbottlewholesales\\\/\",\"https:\\\/\\\/www.youtube.com\\\/channel\\\/UCMmbMNGwsL-XrtjfSFLCdVQ\"]}]}<\/script>\n<!-- \/ Yoast SEO plugin. -->","yoast_head_json":{"title":"700ml transparente botella de ginebra Fabricantes | Botella de ginebra a granel con corcho para la venta","description":"Comprar 700ml botella de ginebra al por mayor de China Ruisheng fabricante de botellas de vidrio. F\u00e1brica Ouelt&amp;Cheap Precio. Comprar a granel botella de ginebra con corcho para la venta ahora","robots":{"index":"index","follow":"follow","max-snippet":"max-snippet:-1","max-image-preview":"max-image-preview:large","max-video-preview":"max-video-preview:-1"},"canonical":"https:\/\/ruishengglassco.com\/es\/producto\/rs095-venta-al-por-mayor-700ml-botellas-de-ginebra-transparente-con-tapones-de-corcho","og_locale":"es_ES","og_type":"article","og_title":"700ml Clear Gin Bottle Manufacturers | Bulk Gin Bottle With Cork For Sale","og_description":"Buy 700ml Clear Gin Bottle Wholesale From China Ruisheng Glass Bottle Manufacturer. Factory Ouelt&Cheap Price. Buy Bulk Gin Bottle With Cork For Sale Now","og_url":"https:\/\/ruishengglassco.com\/es\/producto\/rs095-venta-al-por-mayor-700ml-botellas-de-ginebra-transparente-con-tapones-de-corcho","article_publisher":"https:\/\/www.facebook.com\/ruishengglassbottles","article_modified_time":"2025-07-17T05:53:45+00:00","og_image":[{"width":800,"height":800,"url":"https:\/\/ruishengglassco.com\/wp-content\/uploads\/2025\/03\/RS095-Wholesale-700ml-Clear-Gin-Bottles-With-Corks.webp","type":"image\/webp"}],"twitter_card":"summary_large_image","twitter_misc":{"Tiempo de lectura":"2 minutos"},"schema":{"@context":"https:\/\/schema.org","@graph":[{"@type":"WebPage","@id":"https:\/\/ruishengglassco.com\/product\/rs095-wholesale-700ml-clear-gin-bottles-with-corks","url":"https:\/\/ruishengglassco.com\/product\/rs095-wholesale-700ml-clear-gin-bottles-with-corks","name":"700ml transparente botella de ginebra Fabricantes | Botella de ginebra a granel con corcho para la venta","isPartOf":{"@id":"https:\/\/ruishengglassco.com\/#website"},"primaryImageOfPage":{"@id":"https:\/\/ruishengglassco.com\/product\/rs095-wholesale-700ml-clear-gin-bottles-with-corks#primaryimage"},"image":{"@id":"https:\/\/ruishengglassco.com\/product\/rs095-wholesale-700ml-clear-gin-bottles-with-corks#primaryimage"},"thumbnailUrl":"https:\/\/ruishengglassco.com\/wp-content\/uploads\/2025\/03\/RS095-Wholesale-700ml-Clear-Gin-Bottles-With-Corks.webp","datePublished":"2025-03-15T01:47:58+00:00","dateModified":"2025-07-17T05:53:45+00:00","description":"Comprar 700ml botella de ginebra al por mayor de China Ruisheng fabricante de botellas de vidrio. F\u00e1brica Ouelt&amp;Cheap Precio. Comprar a granel botella de ginebra con corcho para la venta ahora","breadcrumb":{"@id":"https:\/\/ruishengglassco.com\/product\/rs095-wholesale-700ml-clear-gin-bottles-with-corks#breadcrumb"},"inLanguage":"es","potentialAction":[{"@type":"ReadAction","target":["https:\/\/ruishengglassco.com\/product\/rs095-wholesale-700ml-clear-gin-bottles-with-corks"]}]},{"@type":"ImageObject","inLanguage":"es","@id":"https:\/\/ruishengglassco.com\/product\/rs095-wholesale-700ml-clear-gin-bottles-with-corks#primaryimage","url":"https:\/\/ruishengglassco.com\/wp-content\/uploads\/2025\/03\/RS095-Wholesale-700ml-Clear-Gin-Bottles-With-Corks.webp","contentUrl":"https:\/\/ruishengglassco.com\/wp-content\/uploads\/2025\/03\/RS095-Wholesale-700ml-Clear-Gin-Bottles-With-Corks.webp","width":800,"height":800,"caption":"RS095: Wholesale 700ml Clear Gin Bottles With Corks"},{"@type":"BreadcrumbList","@id":"https:\/\/ruishengglassco.com\/product\/rs095-wholesale-700ml-clear-gin-bottles-with-corks#breadcrumb","itemListElement":[{"@type":"ListItem","position":1,"name":"Home","item":"https:\/\/ruishengglassco.com\/"},{"@type":"ListItem","position":2,"name":"Products","item":"https:\/\/ruishengglassco.com\/products"},{"@type":"ListItem","position":3,"name":"RS095: 700ml Clear Gin Bottles With Corks"}]},{"@type":"WebSite","@id":"https:\/\/ruishengglassco.com\/#website","url":"https:\/\/ruishengglassco.com\/","name":"Vidrio Ruisheng","description":"","publisher":{"@id":"https:\/\/ruishengglassco.com\/#organization"},"potentialAction":[{"@type":"SearchAction","target":{"@type":"EntryPoint","urlTemplate":"https:\/\/ruishengglassco.com\/?s={search_term_string}"},"query-input":{"@type":"PropertyValueSpecification","valueRequired":true,"valueName":"search_term_string"}}],"inLanguage":"es"},{"@type":"Organization","@id":"https:\/\/ruishengglassco.com\/#organization","name":"Shandong Yuncheng Ruisheng Glass Co., Ltd","url":"https:\/\/ruishengglassco.com\/","logo":{"@type":"ImageObject","inLanguage":"es","@id":"https:\/\/ruishengglassco.com\/#\/schema\/logo\/image\/","url":"https:\/\/ruishengglassco.com\/wp-content\/uploads\/2023\/09\/ruisheng_logo_icon.webp","contentUrl":"https:\/\/ruishengglassco.com\/wp-content\/uploads\/2023\/09\/ruisheng_logo_icon.webp","width":400,"height":233,"caption":"Shandong Yuncheng Ruisheng Glass Co., Ltd"},"image":{"@id":"https:\/\/ruishengglassco.com\/#\/schema\/logo\/image\/"},"sameAs":["https:\/\/www.facebook.com\/ruishengglassbottles","https:\/\/www.instagram.com\/Ruishengglassbottlewholesales\/","https:\/\/www.youtube.com\/channel\/UCMmbMNGwsL-XrtjfSFLCdVQ"]}]}},"_links":{"self":[{"href":"https:\/\/ruishengglassco.com\/es\/wp-json\/wp\/v2\/product\/4213","targetHints":{"allow":["GET"]}}],"collection":[{"href":"https:\/\/ruishengglassco.com\/es\/wp-json\/wp\/v2\/product"}],"about":[{"href":"https:\/\/ruishengglassco.com\/es\/wp-json\/wp\/v2\/types\/product"}],"replies":[{"embeddable":true,"href":"https:\/\/ruishengglassco.com\/es\/wp-json\/wp\/v2\/comments?post=4213"}],"wp:featuredmedia":[{"embeddable":true,"href":"https:\/\/ruishengglassco.com\/es\/wp-json\/wp\/v2\/media\/4214"}],"wp:attachment":[{"href":"https:\/\/ruishengglassco.com\/es\/wp-json\/wp\/v2\/media?parent=4213"}],"wp:term":[{"taxonomy":"product_brand","embeddable":true,"href":"https:\/\/ruishengglassco.com\/es\/wp-json\/wp\/v2\/product_brand?post=4213"},{"taxonomy":"product_cat","embeddable":true,"href":"https:\/\/ruishengglassco.com\/es\/wp-json\/wp\/v2\/product_cat?post=4213"}],"curies":[{"name":"wp","href":"https:\/\/api.w.org\/{rel}","templated":true}]}}