{"id":4211,"date":"2025-03-15T09:45:26","date_gmt":"2025-03-15T01:45:26","guid":{"rendered":"https:\/\/ruishengglassco.com\/?post_type=product&#038;p=4211"},"modified":"2025-07-16T16:37:18","modified_gmt":"2025-07-16T08:37:18","slug":"rs096-fabricantes-de-botellas-de-ginebra-vacias-de-700-ml","status":"publish","type":"product","link":"https:\/\/ruishengglassco.com\/es\/producto\/rs096-fabricantes-de-botellas-de-ginebra-vacias-de-700-ml","title":{"rendered":"RS096: Botellas vac\u00edas de ginebra de 700 ml Fabricantes"},"content":{"rendered":"<p><span data-preserver-spaces=\"true\">Como l\u00edder de los fabricantes de botellas de vidrio en China, Ruisheng se ha centrado en el dise\u00f1o y producci\u00f3n de botellas de vidrio desde 2009.  Nuestras botellas de ginebra vac\u00edas de 700 ml. <\/span><span data-preserver-spaces=\"true\">se utilizan principalmente<\/span><span data-preserver-spaces=\"true\"> para envasar productos alcoh\u00f3licos. Esta botella de ginebra negra vac\u00eda de 700 ml <\/span><span data-preserver-spaces=\"true\">est\u00e1 dise\u00f1ado principalmente<\/span><span data-preserver-spaces=\"true\"> para <\/span><span data-preserver-spaces=\"true\">almacenamiento<\/span><span data-preserver-spaces=\"true\"> y envasado de ginebra.<\/span><\/p>\n<p><span data-preserver-spaces=\"true\">La serie RS-2028 de botellas de vidrio vac\u00edas para ginebra al por mayor adopta vidrios de s\u00faper pedernal de alta calidad, lo que hace que las botellas de vidrio sean m\u00e1s transparentes, claras y duras. <\/span><span data-preserver-spaces=\"true\">Es bien recibida por fabricantes de ginebra, mayoristas de botellas de vidrio, supermercados, etc.<\/span><\/p>\n<p><span data-preserver-spaces=\"true\">Aqu\u00ed est\u00e1 la informaci\u00f3n sobre nuestras botellas de ginebra vac\u00edas para la venta. \u00a1Bienvenido a iniciar su pedido al por mayor o al por mayor!<\/span><\/p>\n<h2><span data-preserver-spaces=\"true\">Acerca de las botellas vac\u00edas de ginebra de 700 ml Fabricantes<\/span><\/h2>\n<ul>\n<li><strong><span data-preserver-spaces=\"true\">Marca:<\/span><\/strong><span data-preserver-spaces=\"true\">\u00a0<\/span><a class=\"editor-rtfLink\" href=\"https:\/\/glassbottlewholesale.com\/about-us\/\" target=\"_blank\" rel=\"noopener\"><span data-preserver-spaces=\"true\">RS<\/span><\/a><\/li>\n<li><strong><span data-preserver-spaces=\"true\">Tama\u00f1o de la botella de ginebra:<\/span><\/strong><span data-preserver-spaces=\"true\"> Botellas de licor de 700 ml y 750 ml (o pedidos personalizados de 50 ml a 15 ml)<\/span><\/li>\n<li><strong><span data-preserver-spaces=\"true\">Forma:\u00a0<\/span><\/strong><span data-preserver-spaces=\"true\"> Botellas de vidrio redondas, cuadradas, ovaladas, curvadas, con forma de calavera y formas \u00fanicas de botellas de ginebra. (Servicio de botellas de vidrio con formas personalizadas disponible)<\/span><\/li>\n<li><strong><span data-preserver-spaces=\"true\">Tipo de sellado:<\/span><\/strong><span data-preserver-spaces=\"true\"> Tap\u00f3n de corcho, tap\u00f3n de rosca y tap\u00f3n Guala sellado<\/span><\/li>\n<li><strong><span data-preserver-spaces=\"true\">MOQ:<\/span><\/strong><span data-preserver-spaces=\"true\"> 1\u00d740HQ(26,000-30000pcs 700ml botellas) .muestra de botellas de ginebra vac\u00edas gratis ofrecido.<\/span><\/li>\n<li><span data-preserver-spaces=\"true\">Se puede ofrecer una muestra gratuita<\/span><span data-preserver-spaces=\"true\">.<\/span><\/li>\n<\/ul>\n<p><span data-preserver-spaces=\"true\">Nuestra empresa ha invertido en 2 l\u00edneas de producci\u00f3n de las m\u00e1s avanzadas m\u00e1quinas totalmente autom\u00e1ticas 8S, tres l\u00edneas de producci\u00f3n de m\u00e1quinas manuales CNC y cuatro l\u00edneas de producci\u00f3n de m\u00e1quinas semiautom\u00e1ticas CNC para la fabricaci\u00f3n de botellas de vidrio. Al asegurar el suministro de vasos de ginebra miniatura al por mayor, la calidad tambi\u00e9n est\u00e1 garantizada.<\/span><\/p>\n<p><span data-preserver-spaces=\"true\">Las mejores botellas de ginebra RS de 700 ml tienen <\/span><span data-preserver-spaces=\"true\">se ha exportado<\/span><span data-preserver-spaces=\"true\"> a muchos pa\u00edses, como EE.UU., Reino Unido, Canad\u00e1, Australia, Francia, Pa\u00edses Bajos, Alemania y B\u00e9lgica. Con un buen suministro, alta calidad y precio razonable, se han ganado una s\u00f3lida reputaci\u00f3n entre nuestros clientes.<\/span><\/p>\n<p><span data-preserver-spaces=\"true\">Si est\u00e1 satisfecho con estas botellas de licor vac\u00edas en venta, <\/span><span data-preserver-spaces=\"true\">p\u00f3ngase en contacto conmigo<\/span><span data-preserver-spaces=\"true\"> r\u00e1pidamente.<\/span><span data-preserver-spaces=\"true\"> Si no te gusta, puedes mirar nuestras otras botellas. O te dar\u00e9 el cat\u00e1logo, y<\/span> <span data-preserver-spaces=\"true\">puede elegir lo que <\/span><span data-preserver-spaces=\"true\">como<\/span><span data-preserver-spaces=\"true\">. <\/span><span data-preserver-spaces=\"true\">Si est\u00e1 interesado en nuestras botellas de ginebra vac\u00edas de 700 ml al por mayor, <\/span><span data-preserver-spaces=\"true\">p\u00f3ngase en contacto con nosotros<\/span><span data-preserver-spaces=\"true\">.<\/span><span data-preserver-spaces=\"true\"> Le responderemos en un plazo de 24 horas.<\/span><\/p>","protected":false},"excerpt":{"rendered":"<table class=\"tg\">\n<tbody>\n<tr>\n<th class=\"tg-24i8\" colspan=\"2\">Botellas de ginebra vac\u00edas de 700 ml al por mayor<\/th>\n<\/tr>\n<tr>\n<td class=\"tg-b7b8\">Referencia:<\/td>\n<td class=\"tg-b7b8\">RS096<\/td>\n<\/tr>\n<tr>\n<td class=\"tg-yw4l\">Material principal:<\/td>\n<td class=\"tg-yw4l\">Vidrio de alto s\u00edlex ( este material tambi\u00e9n se denomina vidrio blanco cristalino )<\/td>\n<\/tr>\n<tr>\n<td class=\"tg-b7b8\">Cap:<\/td>\n<td class=\"tg-b7b8\">Tap\u00f3n de corcho, tap\u00f3n de rosca y tap\u00f3n Guala<\/td>\n<\/tr>\n<tr>\n<td class=\"tg-yw4l\">Capacidad:<\/td>\n<td class=\"tg-yw4l\">700 ml\/750 ml<\/td>\n<\/tr>\n<tr>\n<td class=\"tg-b7b8\">Caracter\u00edstica:<\/td>\n<td class=\"tg-b7b8\">Ecol\u00f3gico<\/td>\n<\/tr>\n<tr>\n<td class=\"tg-yw4l\">MOQ:<\/td>\n<td class=\"tg-yw4l\">10000 UNIDADES<\/td>\n<\/tr>\n<tr>\n<td class=\"tg-b7b8\">Manera de embalar:<\/td>\n<td class=\"tg-b7b8\">Cart\u00f3n est\u00e1ndar para exportaci\u00f3n \/ Pal\u00e9 \/ cart\u00f3n est\u00e1ndar para exportaci\u00f3n y pal\u00e9<\/td>\n<\/tr>\n<tr>\n<td class=\"tg-yw4l\">OEM\/ODM:<\/td>\n<td class=\"tg-yw4l\">Bienvenido<\/td>\n<\/tr>\n<tr>\n<td class=\"tg-b7b8\">Origen del lugar:<\/td>\n<td class=\"tg-b7b8\">Shandong,China<\/td>\n<\/tr>\n<tr>\n<td class=\"tg-yw4l\">Piezas\/Ctn:<\/td>\n<td class=\"tg-yw4l\">24 unidades o seg\u00fan las necesidades del cliente<\/td>\n<\/tr>\n<\/tbody>\n<\/table>","protected":false},"featured_media":4212,"comment_status":"closed","ping_status":"closed","template":"","meta":[],"product_cat":[44,50],"class_list":{"0":"post-4211","1":"product","2":"type-product","3":"status-publish","4":"has-post-thumbnail","6":"product_cat-700ml-liquor-bottle-manufacturer","7":"product_cat-gin-bottle","9":"first","10":"instock","11":"shipping-taxable","12":"product-type-simple"},"yoast_head":"<!-- This site is optimized with the Yoast SEO plugin v22.0 - https:\/\/yoast.com\/wordpress\/plugins\/seo\/ -->\n<title>700ml Empty Gin Bottles Manufacturers | Best Gin Black Bottles Maker-RS<\/title>\n<meta name=\"description\" content=\"Ruisheng, one of the glass bottle manufacturers in China, provide 700ml empty gin bottles wholesale in a factory price. OEM\/ODM Order Acceptable.\" \/>\n<meta name=\"robots\" content=\"index, follow, max-snippet:-1, max-image-preview:large, max-video-preview:-1\" \/>\n<link rel=\"canonical\" href=\"https:\/\/ruishengglassco.com\/es\/producto\/rs096-fabricantes-de-botellas-de-ginebra-vacias-de-700-ml\" \/>\n<meta property=\"og:locale\" content=\"es_ES\" \/>\n<meta property=\"og:type\" content=\"article\" \/>\n<meta property=\"og:title\" content=\"700ml Empty Gin Bottles Manufacturers | Best Gin Black Bottles Maker-RS\" \/>\n<meta property=\"og:description\" content=\"Ruisheng, one of the glass bottle manufacturers in China, provide 700ml empty gin bottles wholesale in a factory price. OEM\/ODM Order Acceptable.\" \/>\n<meta property=\"og:url\" content=\"https:\/\/ruishengglassco.com\/es\/producto\/rs096-fabricantes-de-botellas-de-ginebra-vacias-de-700-ml\" \/>\n<meta property=\"article:publisher\" content=\"https:\/\/www.facebook.com\/ruishengglassbottles\" \/>\n<meta property=\"article:modified_time\" content=\"2025-07-16T08:37:18+00:00\" \/>\n<meta property=\"og:image\" content=\"https:\/\/ruishengglassco.com\/wp-content\/uploads\/2025\/03\/RS096-700ml-Empty-Gin-Bottles-Wholesale.webp\" \/>\n\t<meta property=\"og:image:width\" content=\"500\" \/>\n\t<meta property=\"og:image:height\" content=\"500\" \/>\n\t<meta property=\"og:image:type\" content=\"image\/webp\" \/>\n<meta name=\"twitter:card\" content=\"summary_large_image\" \/>\n<meta name=\"twitter:label1\" content=\"Tiempo de lectura\" \/>\n\t<meta name=\"twitter:data1\" content=\"2 minutos\" \/>\n<script type=\"application\/ld+json\" class=\"yoast-schema-graph\">{\"@context\":\"https:\/\/schema.org\",\"@graph\":[{\"@type\":\"WebPage\",\"@id\":\"https:\/\/ruishengglassco.com\/product\/rs096-700ml-empty-gin-bottles-manufacturers\",\"url\":\"https:\/\/ruishengglassco.com\/product\/rs096-700ml-empty-gin-bottles-manufacturers\",\"name\":\"700ml Empty Gin Bottles Manufacturers | Best Gin Black Bottles Maker-RS\",\"isPartOf\":{\"@id\":\"https:\/\/ruishengglassco.com\/#website\"},\"datePublished\":\"2025-03-15T01:45:26+00:00\",\"dateModified\":\"2025-07-16T08:37:18+00:00\",\"description\":\"Ruisheng, one of the glass bottle manufacturers in China, provide 700ml empty gin bottles wholesale in a factory price. OEM\/ODM Order Acceptable.\",\"breadcrumb\":{\"@id\":\"https:\/\/ruishengglassco.com\/product\/rs096-700ml-empty-gin-bottles-manufacturers#breadcrumb\"},\"inLanguage\":\"es\",\"potentialAction\":[{\"@type\":\"ReadAction\",\"target\":[\"https:\/\/ruishengglassco.com\/product\/rs096-700ml-empty-gin-bottles-manufacturers\"]}]},{\"@type\":\"BreadcrumbList\",\"@id\":\"https:\/\/ruishengglassco.com\/product\/rs096-700ml-empty-gin-bottles-manufacturers#breadcrumb\",\"itemListElement\":[{\"@type\":\"ListItem\",\"position\":1,\"name\":\"Home\",\"item\":\"https:\/\/ruishengglassco.com\/\"},{\"@type\":\"ListItem\",\"position\":2,\"name\":\"Products\",\"item\":\"https:\/\/ruishengglassco.com\/products\"},{\"@type\":\"ListItem\",\"position\":3,\"name\":\"RS096: 700ml Empty Gin Bottles Manufacturers\"}]},{\"@type\":\"WebSite\",\"@id\":\"https:\/\/ruishengglassco.com\/#website\",\"url\":\"https:\/\/ruishengglassco.com\/\",\"name\":\"Ruisheng Glass\",\"description\":\"\",\"publisher\":{\"@id\":\"https:\/\/ruishengglassco.com\/#organization\"},\"potentialAction\":[{\"@type\":\"SearchAction\",\"target\":{\"@type\":\"EntryPoint\",\"urlTemplate\":\"https:\/\/ruishengglassco.com\/?s={search_term_string}\"},\"query-input\":\"required name=search_term_string\"}],\"inLanguage\":\"es\"},{\"@type\":\"Organization\",\"@id\":\"https:\/\/ruishengglassco.com\/#organization\",\"name\":\"Shandong Yuncheng Ruisheng Glass Co., Ltd\",\"url\":\"https:\/\/ruishengglassco.com\/\",\"logo\":{\"@type\":\"ImageObject\",\"inLanguage\":\"es\",\"@id\":\"https:\/\/ruishengglassco.com\/#\/schema\/logo\/image\/\",\"url\":\"https:\/\/ruishengglassco.com\/wp-content\/uploads\/2023\/09\/ruisheng_logo_icon.webp\",\"contentUrl\":\"https:\/\/ruishengglassco.com\/wp-content\/uploads\/2023\/09\/ruisheng_logo_icon.webp\",\"width\":400,\"height\":233,\"caption\":\"Shandong Yuncheng Ruisheng Glass Co., Ltd\"},\"image\":{\"@id\":\"https:\/\/ruishengglassco.com\/#\/schema\/logo\/image\/\"},\"sameAs\":[\"https:\/\/www.facebook.com\/ruishengglassbottles\",\"https:\/\/www.instagram.com\/Ruishengglassbottlewholesales\/\",\"https:\/\/www.youtube.com\/channel\/UCMmbMNGwsL-XrtjfSFLCdVQ\"]}]}<\/script>\n<!-- \/ Yoast SEO plugin. -->","yoast_head_json":{"title":"700ml Empty Gin Bottles Manufacturers | Best Gin Black Bottles Maker-RS","description":"Ruisheng, one of the glass bottle manufacturers in China, provide 700ml empty gin bottles wholesale in a factory price. OEM\/ODM Order Acceptable.","robots":{"index":"index","follow":"follow","max-snippet":"max-snippet:-1","max-image-preview":"max-image-preview:large","max-video-preview":"max-video-preview:-1"},"canonical":"https:\/\/ruishengglassco.com\/es\/producto\/rs096-fabricantes-de-botellas-de-ginebra-vacias-de-700-ml","og_locale":"es_ES","og_type":"article","og_title":"700ml Empty Gin Bottles Manufacturers | Best Gin Black Bottles Maker-RS","og_description":"Ruisheng, one of the glass bottle manufacturers in China, provide 700ml empty gin bottles wholesale in a factory price. OEM\/ODM Order Acceptable.","og_url":"https:\/\/ruishengglassco.com\/es\/producto\/rs096-fabricantes-de-botellas-de-ginebra-vacias-de-700-ml","article_publisher":"https:\/\/www.facebook.com\/ruishengglassbottles","article_modified_time":"2025-07-16T08:37:18+00:00","og_image":[{"width":500,"height":500,"url":"https:\/\/ruishengglassco.com\/wp-content\/uploads\/2025\/03\/RS096-700ml-Empty-Gin-Bottles-Wholesale.webp","type":"image\/webp"}],"twitter_card":"summary_large_image","twitter_misc":{"Tiempo de lectura":"2 minutos"},"schema":{"@context":"https:\/\/schema.org","@graph":[{"@type":"WebPage","@id":"https:\/\/ruishengglassco.com\/product\/rs096-700ml-empty-gin-bottles-manufacturers","url":"https:\/\/ruishengglassco.com\/product\/rs096-700ml-empty-gin-bottles-manufacturers","name":"700ml Empty Gin Bottles Manufacturers | Best Gin Black Bottles Maker-RS","isPartOf":{"@id":"https:\/\/ruishengglassco.com\/#website"},"datePublished":"2025-03-15T01:45:26+00:00","dateModified":"2025-07-16T08:37:18+00:00","description":"Ruisheng, one of the glass bottle manufacturers in China, provide 700ml empty gin bottles wholesale in a factory price. OEM\/ODM Order Acceptable.","breadcrumb":{"@id":"https:\/\/ruishengglassco.com\/product\/rs096-700ml-empty-gin-bottles-manufacturers#breadcrumb"},"inLanguage":"es","potentialAction":[{"@type":"ReadAction","target":["https:\/\/ruishengglassco.com\/product\/rs096-700ml-empty-gin-bottles-manufacturers"]}]},{"@type":"BreadcrumbList","@id":"https:\/\/ruishengglassco.com\/product\/rs096-700ml-empty-gin-bottles-manufacturers#breadcrumb","itemListElement":[{"@type":"ListItem","position":1,"name":"Home","item":"https:\/\/ruishengglassco.com\/"},{"@type":"ListItem","position":2,"name":"Products","item":"https:\/\/ruishengglassco.com\/products"},{"@type":"ListItem","position":3,"name":"RS096: 700ml Empty Gin Bottles Manufacturers"}]},{"@type":"WebSite","@id":"https:\/\/ruishengglassco.com\/#website","url":"https:\/\/ruishengglassco.com\/","name":"Ruisheng Glass","description":"","publisher":{"@id":"https:\/\/ruishengglassco.com\/#organization"},"potentialAction":[{"@type":"SearchAction","target":{"@type":"EntryPoint","urlTemplate":"https:\/\/ruishengglassco.com\/?s={search_term_string}"},"query-input":"required name=search_term_string"}],"inLanguage":"es"},{"@type":"Organization","@id":"https:\/\/ruishengglassco.com\/#organization","name":"Shandong Yuncheng Ruisheng Glass Co., Ltd","url":"https:\/\/ruishengglassco.com\/","logo":{"@type":"ImageObject","inLanguage":"es","@id":"https:\/\/ruishengglassco.com\/#\/schema\/logo\/image\/","url":"https:\/\/ruishengglassco.com\/wp-content\/uploads\/2023\/09\/ruisheng_logo_icon.webp","contentUrl":"https:\/\/ruishengglassco.com\/wp-content\/uploads\/2023\/09\/ruisheng_logo_icon.webp","width":400,"height":233,"caption":"Shandong Yuncheng Ruisheng Glass Co., Ltd"},"image":{"@id":"https:\/\/ruishengglassco.com\/#\/schema\/logo\/image\/"},"sameAs":["https:\/\/www.facebook.com\/ruishengglassbottles","https:\/\/www.instagram.com\/Ruishengglassbottlewholesales\/","https:\/\/www.youtube.com\/channel\/UCMmbMNGwsL-XrtjfSFLCdVQ"]}]}},"_links":{"self":[{"href":"https:\/\/ruishengglassco.com\/es\/wp-json\/wp\/v2\/product\/4211","targetHints":{"allow":["GET"]}}],"collection":[{"href":"https:\/\/ruishengglassco.com\/es\/wp-json\/wp\/v2\/product"}],"about":[{"href":"https:\/\/ruishengglassco.com\/es\/wp-json\/wp\/v2\/types\/product"}],"replies":[{"embeddable":true,"href":"https:\/\/ruishengglassco.com\/es\/wp-json\/wp\/v2\/comments?post=4211"}],"wp:featuredmedia":[{"embeddable":true,"href":"https:\/\/ruishengglassco.com\/es\/wp-json\/wp\/v2\/media\/4212"}],"wp:attachment":[{"href":"https:\/\/ruishengglassco.com\/es\/wp-json\/wp\/v2\/media?parent=4211"}],"wp:term":[{"taxonomy":"product_cat","embeddable":true,"href":"https:\/\/ruishengglassco.com\/es\/wp-json\/wp\/v2\/product_cat?post=4211"}],"curies":[{"name":"wp","href":"https:\/\/api.w.org\/{rel}","templated":true}]}}