{"id":4194,"date":"2025-03-15T09:32:03","date_gmt":"2025-03-15T01:32:03","guid":{"rendered":"https:\/\/ruishengglassco.com\/?post_type=product&#038;p=4194"},"modified":"2025-09-12T09:00:35","modified_gmt":"2025-09-12T01:00:35","slug":"rs0971000ml-botellas-de-vidrio-transparente-proveedor-con-tapones","status":"publish","type":"product","link":"https:\/\/ruishengglassco.com\/es\/producto\/rs0971000ml-botellas-de-vidrio-transparente-proveedor-con-tapones","title":{"rendered":"RS097:Proveedor de botellas de vidrio transparente de 1000 ml con tap\u00f3n"},"content":{"rendered":"<p><span data-preserver-spaces=\"true\">Las m\u00e1quinas CNC m\u00e1s avanzadas <\/span><span data-preserver-spaces=\"true\">escriba a<\/span><span data-preserver-spaces=\"true\"> estas botellas de vidrio transparente de 1000 ml al por mayor.<\/span><span data-preserver-spaces=\"true\"> Por lo general, utilizamos estas m\u00e1quinas para producir botellas de vidrio de alta calidad. Nuestras botellas de vidrio transparente al por mayor <\/span><span data-preserver-spaces=\"true\">se hacen<\/span><span data-preserver-spaces=\"true\"> de vidrio de primera calidad. Esta botella de vidrio con tap\u00f3n de corcho es muy suave y <\/span><span data-preserver-spaces=\"true\">borrar<\/span><span data-preserver-spaces=\"true\">.<\/span><\/p>\n<p><span data-preserver-spaces=\"true\">Esta botella de vidrio para licor de 1 litro es redonda y su tipo de cierre es de corcho. <\/span><span data-preserver-spaces=\"true\">Nosotros <\/span><span data-preserver-spaces=\"true\">puede<\/span><span data-preserver-spaces=\"true\"> oferta <\/span><span data-preserver-spaces=\"true\">diferente<\/span><span data-preserver-spaces=\"true\"> colores y <\/span><span data-preserver-spaces=\"true\">diferente<\/span><span data-preserver-spaces=\"true\"> materiales <\/span><span data-preserver-spaces=\"true\">de<\/span> <span data-preserver-spaces=\"true\">corcho, <\/span><span data-preserver-spaces=\"true\">como<\/span><span data-preserver-spaces=\"true\"> tapas negras\/doradas\/platas con <\/span><span data-preserver-spaces=\"true\">alto pol\u00edmero<\/span><span data-preserver-spaces=\"true\"> corcho, tapones negros con corcho complejo, tapones negros con corcho de madera, tapones de madera <\/span><span data-preserver-spaces=\"true\">y<\/span><span data-preserver-spaces=\"true\"> corcho de madera y otros corchos.<\/span><\/p>\n<h2><span data-preserver-spaces=\"true\">La informaci\u00f3n del proveedor de botellas de vidrio transparente de 1000 ml<\/span><\/h2>\n<ul>\n<li><span data-preserver-spaces=\"true\">Principal<\/span><span data-preserver-spaces=\"true\"> material: cristal blanco \/ alto s\u00edlex<\/span><\/li>\n<li><span data-preserver-spaces=\"true\">Tap\u00f3n: Blackcap con corcho de alto pol\u00edmero<\/span><\/li>\n<li><span data-preserver-spaces=\"true\">Referencia: RS097<\/span><\/li>\n<li><span data-preserver-spaces=\"true\">MOQ: 10000 PCS<\/span><\/li>\n<li><span data-preserver-spaces=\"true\">Capacidad: 1000 ml<\/span><\/li>\n<li><span data-preserver-spaces=\"true\">Pcs\/Ctn: 24pcs o seg\u00fan demandas del cliente<\/span><\/li>\n<li><span data-preserver-spaces=\"true\">Origen del lugar: Shandong, China<\/span><\/li>\n<li><span data-preserver-spaces=\"true\">Caracter\u00edstica: Ecol\u00f3gico y reutilizable<\/span><\/li>\n<\/ul>\n<p><span data-preserver-spaces=\"true\">Si prefiere otro tipo de cierre para estas botellas de bebida de vidrio de 1000 ml, podemos suministrarlas con tap\u00f3n de rosca. Si necesita botellas de vidrio personalizadas, no dude en ponerse en contacto con nosotros. Podemos aceptar pedidos OEM u ODM. <\/span><span data-preserver-spaces=\"true\">Nuestra <\/span><span data-preserver-spaces=\"true\">operaci\u00f3n<\/span><span data-preserver-spaces=\"true\"> principio es <\/span><span data-preserver-spaces=\"true\">de<\/span><span data-preserver-spaces=\"true\"> alta calidad y definici\u00f3n.<\/span><span data-preserver-spaces=\"true\"> Hay cuatro l\u00edneas de producci\u00f3n para las m\u00e1quinas manuales CNC para producir botellas de vidrio blanco cristalino, y dos conjuntos de m\u00e1quinas IS totalmente autom\u00e1ticas para fabricar botellas de vidrio de alta blancura.<\/span><\/p>\n<p><span data-preserver-spaces=\"true\">Estos <\/span><span data-preserver-spaces=\"true\">1 litro<\/span><span data-preserver-spaces=\"true\"> botellas de vidrio con lata de corcho <\/span><span data-preserver-spaces=\"true\">ser utilizado<\/span><span data-preserver-spaces=\"true\"> como botellas de licor, botellas de chicle y otras botellas de bebidas. Podemos asegurar que todas nuestras botellas son atractivas y tienen un precio competitivo en t\u00e9rminos de calidad. Nuestros principales mercados son Europa, EE.UU. y Australia, entre otros. Y todos los productos gozan de una gran reputaci\u00f3n por su innovaci\u00f3n y funcionalidad.<\/span><\/p>\n<p><span data-preserver-spaces=\"true\">Si usted est\u00e1 interesado en nuestras botellas de vidrio transparente de 1000ml para la venta al por mayor o la compra de botellas de licor al por mayor, por favor no dude en contactar con nosotros, y haremos todo lo posible para ayudarle.<\/span><\/p>","protected":false},"excerpt":{"rendered":"<table class=\"tg\">\n<tbody>\n<tr>\n<th class=\"tg-24i8\" colspan=\"2\">Botella de vidrio transparente con corcho 1000ml al por mayor<\/th>\n<\/tr>\n<tr>\n<td class=\"tg-b7b8\">Referencia:<\/td>\n<td class=\"tg-b7b8\">RS097<\/td>\n<\/tr>\n<tr>\n<td class=\"tg-yw4l\">Material principal:<\/td>\n<td class=\"tg-yw4l\">cristal blanco \/ alto s\u00edlex<\/td>\n<\/tr>\n<tr>\n<td class=\"tg-b7b8\">Cap:<\/td>\n<td class=\"tg-b7b8\">Tap\u00f3n negro con corcho de alto pol\u00edmero<\/td>\n<\/tr>\n<tr>\n<td class=\"tg-yw4l\">Capacidad:<\/td>\n<td class=\"tg-yw4l\">1000 ml<\/td>\n<\/tr>\n<tr>\n<td class=\"tg-b7b8\">Caracter\u00edstica:<\/td>\n<td class=\"tg-b7b8\">Ecol\u00f3gico<\/td>\n<\/tr>\n<tr>\n<td class=\"tg-yw4l\">MOQ:<\/td>\n<td class=\"tg-yw4l\">10000 UNIDADES<\/td>\n<\/tr>\n<tr>\n<td class=\"tg-b7b8\">Manera de embalar:<\/td>\n<td class=\"tg-b7b8\">Cart\u00f3n est\u00e1ndar para exportaci\u00f3n \/ Pal\u00e9 \/ cart\u00f3n est\u00e1ndar para exportaci\u00f3n y pal\u00e9<\/td>\n<\/tr>\n<tr>\n<td class=\"tg-yw4l\">OEM\/ODM:<\/td>\n<td class=\"tg-yw4l\">Bienvenido<\/td>\n<\/tr>\n<tr>\n<td class=\"tg-b7b8\">Origen del lugar:<\/td>\n<td class=\"tg-b7b8\">Shandong,China<\/td>\n<\/tr>\n<tr>\n<td class=\"tg-yw4l\">Piezas\/Ctn:<\/td>\n<td class=\"tg-yw4l\">24 unidades o seg\u00fan las necesidades del cliente<\/td>\n<\/tr>\n<\/tbody>\n<\/table>","protected":false},"featured_media":4195,"comment_status":"closed","ping_status":"closed","template":"","meta":[],"product_cat":[50],"class_list":{"0":"post-4194","1":"product","2":"type-product","3":"status-publish","4":"has-post-thumbnail","6":"product_cat-gin-bottle","8":"first","9":"instock","10":"shipping-taxable","11":"product-type-simple"},"yoast_head":"<!-- This site is optimized with the Yoast SEO plugin v22.0 - https:\/\/yoast.com\/wordpress\/plugins\/seo\/ -->\n<title>1000ml Clear Glass Bottles Supplier | China Liquor Bottle Manufacturer<\/title>\n<meta name=\"description\" content=\"Ruisheng, one of best China Liquor Bottle Manufacturer, sales bulk 1000ml clear glass bottles wholesale for spirit. Factory Outlet&amp;Quality Assurance.\" \/>\n<meta name=\"robots\" content=\"index, follow, max-snippet:-1, max-image-preview:large, max-video-preview:-1\" \/>\n<link rel=\"canonical\" href=\"https:\/\/ruishengglassco.com\/es\/producto\/rs0971000ml-botellas-de-vidrio-transparente-proveedor-con-tapones\" \/>\n<meta property=\"og:locale\" content=\"es_ES\" \/>\n<meta property=\"og:type\" content=\"article\" \/>\n<meta property=\"og:title\" content=\"1000ml Clear Glass Bottles Supplier | China Liquor Bottle Manufacturer\" \/>\n<meta property=\"og:description\" content=\"Ruisheng, one of best China Liquor Bottle Manufacturer, sales bulk 1000ml clear glass bottles wholesale for spirit. Factory Outlet&amp;Quality Assurance.\" \/>\n<meta property=\"og:url\" content=\"https:\/\/ruishengglassco.com\/es\/producto\/rs0971000ml-botellas-de-vidrio-transparente-proveedor-con-tapones\" \/>\n<meta property=\"article:publisher\" content=\"https:\/\/www.facebook.com\/ruishengglassbottles\" \/>\n<meta property=\"article:modified_time\" content=\"2025-09-12T01:00:35+00:00\" \/>\n<meta property=\"og:image\" content=\"https:\/\/ruishengglassco.com\/wp-content\/uploads\/2025\/03\/RS097-1000ml-Clear-Glass-Bottles-Wholesale-With-Stoppers.webp\" \/>\n\t<meta property=\"og:image:width\" content=\"800\" \/>\n\t<meta property=\"og:image:height\" content=\"800\" \/>\n\t<meta property=\"og:image:type\" content=\"image\/webp\" \/>\n<meta name=\"twitter:card\" content=\"summary_large_image\" \/>\n<meta name=\"twitter:label1\" content=\"Tiempo de lectura\" \/>\n\t<meta name=\"twitter:data1\" content=\"2 minutos\" \/>\n<script type=\"application\/ld+json\" class=\"yoast-schema-graph\">{\"@context\":\"https:\/\/schema.org\",\"@graph\":[{\"@type\":\"WebPage\",\"@id\":\"https:\/\/ruishengglassco.com\/product\/rs0971000ml-clear-glass-bottles-supplier-with-stoppers\",\"url\":\"https:\/\/ruishengglassco.com\/product\/rs0971000ml-clear-glass-bottles-supplier-with-stoppers\",\"name\":\"1000ml Clear Glass Bottles Supplier | China Liquor Bottle Manufacturer\",\"isPartOf\":{\"@id\":\"https:\/\/ruishengglassco.com\/#website\"},\"datePublished\":\"2025-03-15T01:32:03+00:00\",\"dateModified\":\"2025-09-12T01:00:35+00:00\",\"description\":\"Ruisheng, one of best China Liquor Bottle Manufacturer, sales bulk 1000ml clear glass bottles wholesale for spirit. Factory Outlet&Quality Assurance.\",\"breadcrumb\":{\"@id\":\"https:\/\/ruishengglassco.com\/product\/rs0971000ml-clear-glass-bottles-supplier-with-stoppers#breadcrumb\"},\"inLanguage\":\"es\",\"potentialAction\":[{\"@type\":\"ReadAction\",\"target\":[\"https:\/\/ruishengglassco.com\/product\/rs0971000ml-clear-glass-bottles-supplier-with-stoppers\"]}]},{\"@type\":\"BreadcrumbList\",\"@id\":\"https:\/\/ruishengglassco.com\/product\/rs0971000ml-clear-glass-bottles-supplier-with-stoppers#breadcrumb\",\"itemListElement\":[{\"@type\":\"ListItem\",\"position\":1,\"name\":\"Home\",\"item\":\"https:\/\/ruishengglassco.com\/\"},{\"@type\":\"ListItem\",\"position\":2,\"name\":\"Products\",\"item\":\"https:\/\/ruishengglassco.com\/products\"},{\"@type\":\"ListItem\",\"position\":3,\"name\":\"RS097:1000ml Clear Glass Bottles Supplier With Stoppers\"}]},{\"@type\":\"WebSite\",\"@id\":\"https:\/\/ruishengglassco.com\/#website\",\"url\":\"https:\/\/ruishengglassco.com\/\",\"name\":\"Ruisheng Glass\",\"description\":\"\",\"publisher\":{\"@id\":\"https:\/\/ruishengglassco.com\/#organization\"},\"potentialAction\":[{\"@type\":\"SearchAction\",\"target\":{\"@type\":\"EntryPoint\",\"urlTemplate\":\"https:\/\/ruishengglassco.com\/?s={search_term_string}\"},\"query-input\":\"required name=search_term_string\"}],\"inLanguage\":\"es\"},{\"@type\":\"Organization\",\"@id\":\"https:\/\/ruishengglassco.com\/#organization\",\"name\":\"Shandong Yuncheng Ruisheng Glass Co., Ltd\",\"url\":\"https:\/\/ruishengglassco.com\/\",\"logo\":{\"@type\":\"ImageObject\",\"inLanguage\":\"es\",\"@id\":\"https:\/\/ruishengglassco.com\/#\/schema\/logo\/image\/\",\"url\":\"https:\/\/ruishengglassco.com\/wp-content\/uploads\/2023\/09\/ruisheng_logo_icon.webp\",\"contentUrl\":\"https:\/\/ruishengglassco.com\/wp-content\/uploads\/2023\/09\/ruisheng_logo_icon.webp\",\"width\":400,\"height\":233,\"caption\":\"Shandong Yuncheng Ruisheng Glass Co., Ltd\"},\"image\":{\"@id\":\"https:\/\/ruishengglassco.com\/#\/schema\/logo\/image\/\"},\"sameAs\":[\"https:\/\/www.facebook.com\/ruishengglassbottles\",\"https:\/\/www.instagram.com\/Ruishengglassbottlewholesales\/\",\"https:\/\/www.youtube.com\/channel\/UCMmbMNGwsL-XrtjfSFLCdVQ\"]}]}<\/script>\n<!-- \/ Yoast SEO plugin. -->","yoast_head_json":{"title":"1000ml Clear Glass Bottles Supplier | China Liquor Bottle Manufacturer","description":"Ruisheng, one of best China Liquor Bottle Manufacturer, sales bulk 1000ml clear glass bottles wholesale for spirit. Factory Outlet&Quality Assurance.","robots":{"index":"index","follow":"follow","max-snippet":"max-snippet:-1","max-image-preview":"max-image-preview:large","max-video-preview":"max-video-preview:-1"},"canonical":"https:\/\/ruishengglassco.com\/es\/producto\/rs0971000ml-botellas-de-vidrio-transparente-proveedor-con-tapones","og_locale":"es_ES","og_type":"article","og_title":"1000ml Clear Glass Bottles Supplier | China Liquor Bottle Manufacturer","og_description":"Ruisheng, one of best China Liquor Bottle Manufacturer, sales bulk 1000ml clear glass bottles wholesale for spirit. Factory Outlet&Quality Assurance.","og_url":"https:\/\/ruishengglassco.com\/es\/producto\/rs0971000ml-botellas-de-vidrio-transparente-proveedor-con-tapones","article_publisher":"https:\/\/www.facebook.com\/ruishengglassbottles","article_modified_time":"2025-09-12T01:00:35+00:00","og_image":[{"width":800,"height":800,"url":"https:\/\/ruishengglassco.com\/wp-content\/uploads\/2025\/03\/RS097-1000ml-Clear-Glass-Bottles-Wholesale-With-Stoppers.webp","type":"image\/webp"}],"twitter_card":"summary_large_image","twitter_misc":{"Tiempo de lectura":"2 minutos"},"schema":{"@context":"https:\/\/schema.org","@graph":[{"@type":"WebPage","@id":"https:\/\/ruishengglassco.com\/product\/rs0971000ml-clear-glass-bottles-supplier-with-stoppers","url":"https:\/\/ruishengglassco.com\/product\/rs0971000ml-clear-glass-bottles-supplier-with-stoppers","name":"1000ml Clear Glass Bottles Supplier | China Liquor Bottle Manufacturer","isPartOf":{"@id":"https:\/\/ruishengglassco.com\/#website"},"datePublished":"2025-03-15T01:32:03+00:00","dateModified":"2025-09-12T01:00:35+00:00","description":"Ruisheng, one of best China Liquor Bottle Manufacturer, sales bulk 1000ml clear glass bottles wholesale for spirit. Factory Outlet&Quality Assurance.","breadcrumb":{"@id":"https:\/\/ruishengglassco.com\/product\/rs0971000ml-clear-glass-bottles-supplier-with-stoppers#breadcrumb"},"inLanguage":"es","potentialAction":[{"@type":"ReadAction","target":["https:\/\/ruishengglassco.com\/product\/rs0971000ml-clear-glass-bottles-supplier-with-stoppers"]}]},{"@type":"BreadcrumbList","@id":"https:\/\/ruishengglassco.com\/product\/rs0971000ml-clear-glass-bottles-supplier-with-stoppers#breadcrumb","itemListElement":[{"@type":"ListItem","position":1,"name":"Home","item":"https:\/\/ruishengglassco.com\/"},{"@type":"ListItem","position":2,"name":"Products","item":"https:\/\/ruishengglassco.com\/products"},{"@type":"ListItem","position":3,"name":"RS097:1000ml Clear Glass Bottles Supplier With Stoppers"}]},{"@type":"WebSite","@id":"https:\/\/ruishengglassco.com\/#website","url":"https:\/\/ruishengglassco.com\/","name":"Ruisheng Glass","description":"","publisher":{"@id":"https:\/\/ruishengglassco.com\/#organization"},"potentialAction":[{"@type":"SearchAction","target":{"@type":"EntryPoint","urlTemplate":"https:\/\/ruishengglassco.com\/?s={search_term_string}"},"query-input":"required name=search_term_string"}],"inLanguage":"es"},{"@type":"Organization","@id":"https:\/\/ruishengglassco.com\/#organization","name":"Shandong Yuncheng Ruisheng Glass Co., Ltd","url":"https:\/\/ruishengglassco.com\/","logo":{"@type":"ImageObject","inLanguage":"es","@id":"https:\/\/ruishengglassco.com\/#\/schema\/logo\/image\/","url":"https:\/\/ruishengglassco.com\/wp-content\/uploads\/2023\/09\/ruisheng_logo_icon.webp","contentUrl":"https:\/\/ruishengglassco.com\/wp-content\/uploads\/2023\/09\/ruisheng_logo_icon.webp","width":400,"height":233,"caption":"Shandong Yuncheng Ruisheng Glass Co., Ltd"},"image":{"@id":"https:\/\/ruishengglassco.com\/#\/schema\/logo\/image\/"},"sameAs":["https:\/\/www.facebook.com\/ruishengglassbottles","https:\/\/www.instagram.com\/Ruishengglassbottlewholesales\/","https:\/\/www.youtube.com\/channel\/UCMmbMNGwsL-XrtjfSFLCdVQ"]}]}},"_links":{"self":[{"href":"https:\/\/ruishengglassco.com\/es\/wp-json\/wp\/v2\/product\/4194","targetHints":{"allow":["GET"]}}],"collection":[{"href":"https:\/\/ruishengglassco.com\/es\/wp-json\/wp\/v2\/product"}],"about":[{"href":"https:\/\/ruishengglassco.com\/es\/wp-json\/wp\/v2\/types\/product"}],"replies":[{"embeddable":true,"href":"https:\/\/ruishengglassco.com\/es\/wp-json\/wp\/v2\/comments?post=4194"}],"wp:featuredmedia":[{"embeddable":true,"href":"https:\/\/ruishengglassco.com\/es\/wp-json\/wp\/v2\/media\/4195"}],"wp:attachment":[{"href":"https:\/\/ruishengglassco.com\/es\/wp-json\/wp\/v2\/media?parent=4194"}],"wp:term":[{"taxonomy":"product_cat","embeddable":true,"href":"https:\/\/ruishengglassco.com\/es\/wp-json\/wp\/v2\/product_cat?post=4194"}],"curies":[{"name":"wp","href":"https:\/\/api.w.org\/{rel}","templated":true}]}}