{"id":4190,"date":"2025-03-15T09:20:48","date_gmt":"2025-03-15T01:20:48","guid":{"rendered":"https:\/\/ruishengglassco.com\/?post_type=product&#038;p=4190"},"modified":"2025-09-11T16:51:23","modified_gmt":"2025-09-11T08:51:23","slug":"rs101750ml-botellas-swing-top-factory","status":"publish","type":"product","link":"https:\/\/ruishengglassco.com\/es\/producto\/rs101750ml-botellas-swing-top-factory","title":{"rendered":"RS101:F\u00e1brica de botellas de 750 ml con tapa abatible"},"content":{"rendered":"<p>Esta botella Swing-Top de 750 ml est\u00e1 fabricada con vidrio de s\u00edlex de alta calidad. Este material hace que la botella sea clara, transparente y elegante. Destaca la excelente calidad de su licor.<\/p>\n<p>Como fabricante profesional de botellas de licor de alta calidad en China, Ruisheng se ha centrado en la fabricaci\u00f3n de botellas de vidrio desde 2009. Nuestra f\u00e1brica cubre un \u00e1rea de 20.000 metros cuadrados y tiene una producci\u00f3n diaria de hasta 120.000 botellas. Con m\u00e1s de 500 empleados y 10 l\u00edneas de producci\u00f3n en nuestra f\u00e1brica, nos aseguramos de que todos los pedidos se completen a tiempo.<\/p>\n<h2>Los detalles de 750ml Swing Top Botellas de f\u00e1brica<\/h2>\n<ul>\n<li>Material principal: Vidrio<\/li>\n<li>Tapa Corcho<\/li>\n<li>Referencia: RS101<\/li>\n<li><strong>MOQ: 10000 PCS<\/strong><\/li>\n<li>Capacidad: 750 ml<\/li>\n<li>PCS\/CTN: 24pcs o seg\u00fan demandas del cliente<\/li>\n<li>Origen del lugar: Shandong, China<\/li>\n<li>Caracter\u00edstica: Ecol\u00f3gico<\/li>\n<\/ul>\n<p><span data-preserver-spaces=\"true\">Nuestro embalaje para estos envases de vidrio para licores de 750 ml suele ser cajas de cart\u00f3n o pal\u00e9s de exportaci\u00f3n est\u00e1ndar. <\/span><span data-preserver-spaces=\"true\">Y nosotros<\/span><span data-preserver-spaces=\"true\"> tambi\u00e9n puede envasar la botella <\/span><span data-preserver-spaces=\"true\">con<\/span><span data-preserver-spaces=\"true\"> cajas y pal\u00e9s de exportaci\u00f3n est\u00e1ndar si <\/span><span data-preserver-spaces=\"true\">lo necesitas<\/span><span data-preserver-spaces=\"true\">.<\/span> <span data-preserver-spaces=\"true\">Nuestro control de calidad <\/span><span data-preserver-spaces=\"true\">consulte<\/span><span data-preserver-spaces=\"true\"> el cristal <\/span><span data-preserver-spaces=\"true\">calidad de las botellas<\/span><span data-preserver-spaces=\"true\"> antes del envasado y no enviar\u00e1 ning\u00fan <\/span><span data-preserver-spaces=\"true\">mal<\/span><span data-preserver-spaces=\"true\"> mercanc\u00edas de nuestra f\u00e1brica.<\/span><\/p>\n<p><span data-preserver-spaces=\"true\">Nuestra f\u00e1brica cuenta con una flota de camiones. Esta flota env\u00eda las botellas de vidrio al puerto de Qingdao, garantizando que se cargan a bordo a tiempo.<\/span><\/p>\n<h4><span data-preserver-spaces=\"true\">Acerca de nuestras principales botellas de vidrio en venta<\/span><\/h4>\n<p><span data-preserver-spaces=\"true\">Nuestros principales productos son botellas de vidrio de primera calidad, como las botellas de vidrio para vodka y otras botellas de vidrio de colores. <\/span><span data-preserver-spaces=\"true\">Nuestra <\/span><span data-preserver-spaces=\"true\">principal<\/span><span data-preserver-spaces=\"true\"> mercados <\/span><span data-preserver-spaces=\"true\">son<\/span><span data-preserver-spaces=\"true\"> Europa, <\/span><span data-preserver-spaces=\"true\">el <\/span><span data-preserver-spaces=\"true\">Estados Unidos, Australia, <\/span><span data-preserver-spaces=\"true\">etc<\/span><span data-preserver-spaces=\"true\">.<\/span><span data-preserver-spaces=\"true\"> Y todos los productos gozan de una gran reputaci\u00f3n por su innovaci\u00f3n y funcionalidad.<\/span><\/p>\n<p><span data-preserver-spaces=\"true\">Nuestra empresa seguir\u00e1 adhiri\u00e9ndose al principio de \"Buena fe, buena calidad\". Abogar por el concepto de servicio \"integridad\uff0c cuidadoso\uff0c eficiente\uff0c pragm\u00e1tico\" con una actitud de confianza para lograr el objetivo de la empresa de convertirse en una marca de vidrio chino.<\/span><\/p>\n<p><span data-preserver-spaces=\"true\">Si usted <\/span><span data-preserver-spaces=\"true\">desea<\/span><span data-preserver-spaces=\"true\"> para informarse sobre<\/span> <span data-preserver-spaces=\"true\">nuestro licor de pedernal al por mayor de 750 ml <\/span><span data-preserver-spaces=\"true\">botella<\/span><span data-preserver-spaces=\"true\"> o vaso de licor personalizado de 750 ml <\/span><span data-preserver-spaces=\"true\">contenedor<\/span><span data-preserver-spaces=\"true\">por favor <\/span><span data-preserver-spaces=\"true\">p\u00f3ngase en contacto con<\/span><span data-preserver-spaces=\"true\"> nosotros.<\/span><span data-preserver-spaces=\"true\"> Le responderemos lo antes posible. <\/span><span data-preserver-spaces=\"true\">Nuestra <\/span><span data-preserver-spaces=\"true\">apuntar<\/span><span data-preserver-spaces=\"true\"> es <\/span><span data-preserver-spaces=\"true\">hacer un<\/span><span data-preserver-spaces=\"true\"> vidrio de alta calidad <\/span><span data-preserver-spaces=\"true\">botella<\/span><span data-preserver-spaces=\"true\"> y <\/span><span data-preserver-spaces=\"true\">oferta<\/span><span data-preserver-spaces=\"true\"> el mejor servicio a los clientes <\/span><span data-preserver-spaces=\"true\">de todo el mundo<\/span><span data-preserver-spaces=\"true\">.<\/span><\/p>","protected":false},"excerpt":{"rendered":"<p>Esta botella de licor de 750 ml se utiliza principalmente en el envasado de bebidas alcoh\u00f3licas. Estas botellas de licor de 750 ml de pedernal son hechas por la materia prima de vidrio.<\/p>","protected":false},"featured_media":4191,"comment_status":"closed","ping_status":"closed","template":"","meta":[],"product_cat":[40],"class_list":{"0":"post-4190","1":"product","2":"type-product","3":"status-publish","4":"has-post-thumbnail","6":"product_cat-750ml-liquor-bottle-manufacturer","8":"first","9":"instock","10":"shipping-taxable","11":"product-type-simple"},"yoast_head":"<!-- This site is optimized with the Yoast SEO plugin v22.0 - https:\/\/yoast.com\/wordpress\/plugins\/seo\/ -->\n<title>750ml Swing Top Bottles Factory | High Flint Liquor Bottle Manufacturer<\/title>\n<meta name=\"description\" content=\"These 750ml Swing Top Bottles Factory are made by high flint glass material, which widely used for liquor packaging. Primary Liquor Bottle Manufacturer, Sales In Cheap Price.\" \/>\n<meta name=\"robots\" content=\"index, follow, max-snippet:-1, max-image-preview:large, max-video-preview:-1\" \/>\n<link rel=\"canonical\" href=\"https:\/\/ruishengglassco.com\/es\/rs101750ml-botellas-swing-top-factory\/\" \/>\n<meta property=\"og:locale\" content=\"es_ES\" \/>\n<meta property=\"og:type\" content=\"article\" \/>\n<meta property=\"og:title\" content=\"750ml Swing Top Bottles Factory | High Flint Liquor Bottle Manufacturer\" \/>\n<meta property=\"og:description\" content=\"These 750ml Swing Top Bottles Factory are made by high flint glass material, which widely used for liquor packaging. Primary Liquor Bottle Manufacturer, Sales In Cheap Price.\" \/>\n<meta property=\"og:url\" content=\"https:\/\/ruishengglassco.com\/es\/rs101750ml-botellas-swing-top-factory\/\" \/>\n<meta property=\"article:publisher\" content=\"https:\/\/www.facebook.com\/ruishengglassbottles\" \/>\n<meta property=\"article:modified_time\" content=\"2025-09-11T08:51:23+00:00\" \/>\n<meta property=\"og:image\" content=\"https:\/\/ruishengglassco.com\/wp-content\/uploads\/2025\/03\/RS101-750ml-Swing-Top-Bottles-Wholesale.webp\" \/>\n\t<meta property=\"og:image:width\" content=\"800\" \/>\n\t<meta property=\"og:image:height\" content=\"800\" \/>\n\t<meta property=\"og:image:type\" content=\"image\/webp\" \/>\n<meta name=\"twitter:card\" content=\"summary_large_image\" \/>\n<meta name=\"twitter:label1\" content=\"Tiempo de lectura\" \/>\n\t<meta name=\"twitter:data1\" content=\"2 minutos\" \/>\n<script type=\"application\/ld+json\" class=\"yoast-schema-graph\">{\"@context\":\"https:\/\/schema.org\",\"@graph\":[{\"@type\":\"WebPage\",\"@id\":\"https:\/\/ruishengglassco.com\/ru\/rs101750ml-%d0%b1%d1%83%d1%82%d1%8b%d0%bb%d0%ba%d0%b8-%d1%81-%d0%bf%d0%be%d0%b2%d0%be%d1%80%d0%be%d1%82%d0%bd%d1%8b%d0%bc-%d0%b2%d0%b5%d1%80%d1%85%d0%be%d0%bc-%d0%be%d0%bf%d1%82%d0%be%d0%bc\",\"url\":\"https:\/\/ruishengglassco.com\/ru\/rs101750ml-%d0%b1%d1%83%d1%82%d1%8b%d0%bb%d0%ba%d0%b8-%d1%81-%d0%bf%d0%be%d0%b2%d0%be%d1%80%d0%be%d1%82%d0%bd%d1%8b%d0%bc-%d0%b2%d0%b5%d1%80%d1%85%d0%be%d0%bc-%d0%be%d0%bf%d1%82%d0%be%d0%bc\",\"name\":\"750ml Swing Top Bottles Factory | High Flint Liquor Bottle Manufacturer\",\"isPartOf\":{\"@id\":\"https:\/\/ruishengglassco.com\/#website\"},\"datePublished\":\"2025-03-15T01:20:48+00:00\",\"dateModified\":\"2025-09-11T08:51:23+00:00\",\"description\":\"These 750ml Swing Top Bottles Factory are made by high flint glass material, which widely used for liquor packaging. Primary Liquor Bottle Manufacturer, Sales In Cheap Price.\",\"breadcrumb\":{\"@id\":\"https:\/\/ruishengglassco.com\/ru\/rs101750ml-%d0%b1%d1%83%d1%82%d1%8b%d0%bb%d0%ba%d0%b8-%d1%81-%d0%bf%d0%be%d0%b2%d0%be%d1%80%d0%be%d1%82%d0%bd%d1%8b%d0%bc-%d0%b2%d0%b5%d1%80%d1%85%d0%be%d0%bc-%d0%be%d0%bf%d1%82%d0%be%d0%bc#breadcrumb\"},\"inLanguage\":\"es\",\"potentialAction\":[{\"@type\":\"ReadAction\",\"target\":[\"https:\/\/ruishengglassco.com\/ru\/rs101750ml-%d0%b1%d1%83%d1%82%d1%8b%d0%bb%d0%ba%d0%b8-%d1%81-%d0%bf%d0%be%d0%b2%d0%be%d1%80%d0%be%d1%82%d0%bd%d1%8b%d0%bc-%d0%b2%d0%b5%d1%80%d1%85%d0%be%d0%bc-%d0%be%d0%bf%d1%82%d0%be%d0%bc\"]}]},{\"@type\":\"BreadcrumbList\",\"@id\":\"https:\/\/ruishengglassco.com\/ru\/rs101750ml-%d0%b1%d1%83%d1%82%d1%8b%d0%bb%d0%ba%d0%b8-%d1%81-%d0%bf%d0%be%d0%b2%d0%be%d1%80%d0%be%d1%82%d0%bd%d1%8b%d0%bc-%d0%b2%d0%b5%d1%80%d1%85%d0%be%d0%bc-%d0%be%d0%bf%d1%82%d0%be%d0%bc#breadcrumb\",\"itemListElement\":[{\"@type\":\"ListItem\",\"position\":1,\"name\":\"Home\",\"item\":\"https:\/\/ruishengglassco.com\/\"},{\"@type\":\"ListItem\",\"position\":2,\"name\":\"Products\",\"item\":\"https:\/\/ruishengglassco.com\/products\"},{\"@type\":\"ListItem\",\"position\":3,\"name\":\"RS101:750ml Swing Top Bottles Factory\"}]},{\"@type\":\"WebSite\",\"@id\":\"https:\/\/ruishengglassco.com\/#website\",\"url\":\"https:\/\/ruishengglassco.com\/\",\"name\":\"Ruisheng Glass\",\"description\":\"\",\"publisher\":{\"@id\":\"https:\/\/ruishengglassco.com\/#organization\"},\"potentialAction\":[{\"@type\":\"SearchAction\",\"target\":{\"@type\":\"EntryPoint\",\"urlTemplate\":\"https:\/\/ruishengglassco.com\/?s={search_term_string}\"},\"query-input\":\"required name=search_term_string\"}],\"inLanguage\":\"es\"},{\"@type\":\"Organization\",\"@id\":\"https:\/\/ruishengglassco.com\/#organization\",\"name\":\"Shandong Yuncheng Ruisheng Glass Co., Ltd\",\"url\":\"https:\/\/ruishengglassco.com\/\",\"logo\":{\"@type\":\"ImageObject\",\"inLanguage\":\"es\",\"@id\":\"https:\/\/ruishengglassco.com\/#\/schema\/logo\/image\/\",\"url\":\"https:\/\/ruishengglassco.com\/wp-content\/uploads\/2023\/09\/ruisheng_logo_icon.webp\",\"contentUrl\":\"https:\/\/ruishengglassco.com\/wp-content\/uploads\/2023\/09\/ruisheng_logo_icon.webp\",\"width\":400,\"height\":233,\"caption\":\"Shandong Yuncheng Ruisheng Glass Co., Ltd\"},\"image\":{\"@id\":\"https:\/\/ruishengglassco.com\/#\/schema\/logo\/image\/\"},\"sameAs\":[\"https:\/\/www.facebook.com\/ruishengglassbottles\",\"https:\/\/www.instagram.com\/Ruishengglassbottlewholesales\/\",\"https:\/\/www.youtube.com\/channel\/UCMmbMNGwsL-XrtjfSFLCdVQ\"]}]}<\/script>\n<!-- \/ Yoast SEO plugin. -->","yoast_head_json":{"title":"750ml Swing Top Bottles Factory | High Flint Liquor Bottle Manufacturer","description":"These 750ml Swing Top Bottles Factory are made by high flint glass material, which widely used for liquor packaging. Primary Liquor Bottle Manufacturer, Sales In Cheap Price.","robots":{"index":"index","follow":"follow","max-snippet":"max-snippet:-1","max-image-preview":"max-image-preview:large","max-video-preview":"max-video-preview:-1"},"canonical":"https:\/\/ruishengglassco.com\/es\/rs101750ml-botellas-swing-top-factory\/","og_locale":"es_ES","og_type":"article","og_title":"750ml Swing Top Bottles Factory | High Flint Liquor Bottle Manufacturer","og_description":"These 750ml Swing Top Bottles Factory are made by high flint glass material, which widely used for liquor packaging. Primary Liquor Bottle Manufacturer, Sales In Cheap Price.","og_url":"https:\/\/ruishengglassco.com\/es\/rs101750ml-botellas-swing-top-factory\/","article_publisher":"https:\/\/www.facebook.com\/ruishengglassbottles","article_modified_time":"2025-09-11T08:51:23+00:00","og_image":[{"width":800,"height":800,"url":"https:\/\/ruishengglassco.com\/wp-content\/uploads\/2025\/03\/RS101-750ml-Swing-Top-Bottles-Wholesale.webp","type":"image\/webp"}],"twitter_card":"summary_large_image","twitter_misc":{"Tiempo de lectura":"2 minutos"},"schema":{"@context":"https:\/\/schema.org","@graph":[{"@type":"WebPage","@id":"https:\/\/ruishengglassco.com\/ru\/rs101750ml-%d0%b1%d1%83%d1%82%d1%8b%d0%bb%d0%ba%d0%b8-%d1%81-%d0%bf%d0%be%d0%b2%d0%be%d1%80%d0%be%d1%82%d0%bd%d1%8b%d0%bc-%d0%b2%d0%b5%d1%80%d1%85%d0%be%d0%bc-%d0%be%d0%bf%d1%82%d0%be%d0%bc","url":"https:\/\/ruishengglassco.com\/ru\/rs101750ml-%d0%b1%d1%83%d1%82%d1%8b%d0%bb%d0%ba%d0%b8-%d1%81-%d0%bf%d0%be%d0%b2%d0%be%d1%80%d0%be%d1%82%d0%bd%d1%8b%d0%bc-%d0%b2%d0%b5%d1%80%d1%85%d0%be%d0%bc-%d0%be%d0%bf%d1%82%d0%be%d0%bc","name":"750ml Swing Top Bottles Factory | High Flint Liquor Bottle Manufacturer","isPartOf":{"@id":"https:\/\/ruishengglassco.com\/#website"},"datePublished":"2025-03-15T01:20:48+00:00","dateModified":"2025-09-11T08:51:23+00:00","description":"These 750ml Swing Top Bottles Factory are made by high flint glass material, which widely used for liquor packaging. Primary Liquor Bottle Manufacturer, Sales In Cheap Price.","breadcrumb":{"@id":"https:\/\/ruishengglassco.com\/ru\/rs101750ml-%d0%b1%d1%83%d1%82%d1%8b%d0%bb%d0%ba%d0%b8-%d1%81-%d0%bf%d0%be%d0%b2%d0%be%d1%80%d0%be%d1%82%d0%bd%d1%8b%d0%bc-%d0%b2%d0%b5%d1%80%d1%85%d0%be%d0%bc-%d0%be%d0%bf%d1%82%d0%be%d0%bc#breadcrumb"},"inLanguage":"es","potentialAction":[{"@type":"ReadAction","target":["https:\/\/ruishengglassco.com\/ru\/rs101750ml-%d0%b1%d1%83%d1%82%d1%8b%d0%bb%d0%ba%d0%b8-%d1%81-%d0%bf%d0%be%d0%b2%d0%be%d1%80%d0%be%d1%82%d0%bd%d1%8b%d0%bc-%d0%b2%d0%b5%d1%80%d1%85%d0%be%d0%bc-%d0%be%d0%bf%d1%82%d0%be%d0%bc"]}]},{"@type":"BreadcrumbList","@id":"https:\/\/ruishengglassco.com\/ru\/rs101750ml-%d0%b1%d1%83%d1%82%d1%8b%d0%bb%d0%ba%d0%b8-%d1%81-%d0%bf%d0%be%d0%b2%d0%be%d1%80%d0%be%d1%82%d0%bd%d1%8b%d0%bc-%d0%b2%d0%b5%d1%80%d1%85%d0%be%d0%bc-%d0%be%d0%bf%d1%82%d0%be%d0%bc#breadcrumb","itemListElement":[{"@type":"ListItem","position":1,"name":"Home","item":"https:\/\/ruishengglassco.com\/"},{"@type":"ListItem","position":2,"name":"Products","item":"https:\/\/ruishengglassco.com\/products"},{"@type":"ListItem","position":3,"name":"RS101:750ml Swing Top Bottles Factory"}]},{"@type":"WebSite","@id":"https:\/\/ruishengglassco.com\/#website","url":"https:\/\/ruishengglassco.com\/","name":"Ruisheng Glass","description":"","publisher":{"@id":"https:\/\/ruishengglassco.com\/#organization"},"potentialAction":[{"@type":"SearchAction","target":{"@type":"EntryPoint","urlTemplate":"https:\/\/ruishengglassco.com\/?s={search_term_string}"},"query-input":"required name=search_term_string"}],"inLanguage":"es"},{"@type":"Organization","@id":"https:\/\/ruishengglassco.com\/#organization","name":"Shandong Yuncheng Ruisheng Glass Co., Ltd","url":"https:\/\/ruishengglassco.com\/","logo":{"@type":"ImageObject","inLanguage":"es","@id":"https:\/\/ruishengglassco.com\/#\/schema\/logo\/image\/","url":"https:\/\/ruishengglassco.com\/wp-content\/uploads\/2023\/09\/ruisheng_logo_icon.webp","contentUrl":"https:\/\/ruishengglassco.com\/wp-content\/uploads\/2023\/09\/ruisheng_logo_icon.webp","width":400,"height":233,"caption":"Shandong Yuncheng Ruisheng Glass Co., Ltd"},"image":{"@id":"https:\/\/ruishengglassco.com\/#\/schema\/logo\/image\/"},"sameAs":["https:\/\/www.facebook.com\/ruishengglassbottles","https:\/\/www.instagram.com\/Ruishengglassbottlewholesales\/","https:\/\/www.youtube.com\/channel\/UCMmbMNGwsL-XrtjfSFLCdVQ"]}]}},"_links":{"self":[{"href":"https:\/\/ruishengglassco.com\/es\/wp-json\/wp\/v2\/product\/4190","targetHints":{"allow":["GET"]}}],"collection":[{"href":"https:\/\/ruishengglassco.com\/es\/wp-json\/wp\/v2\/product"}],"about":[{"href":"https:\/\/ruishengglassco.com\/es\/wp-json\/wp\/v2\/types\/product"}],"replies":[{"embeddable":true,"href":"https:\/\/ruishengglassco.com\/es\/wp-json\/wp\/v2\/comments?post=4190"}],"wp:featuredmedia":[{"embeddable":true,"href":"https:\/\/ruishengglassco.com\/es\/wp-json\/wp\/v2\/media\/4191"}],"wp:attachment":[{"href":"https:\/\/ruishengglassco.com\/es\/wp-json\/wp\/v2\/media?parent=4190"}],"wp:term":[{"taxonomy":"product_cat","embeddable":true,"href":"https:\/\/ruishengglassco.com\/es\/wp-json\/wp\/v2\/product_cat?post=4190"}],"curies":[{"name":"wp","href":"https:\/\/api.w.org\/{rel}","templated":true}]}}