{"id":4186,"date":"2025-03-15T09:14:31","date_gmt":"2025-03-15T01:14:31","guid":{"rendered":"https:\/\/ruishengglassco.com\/?post_type=product&#038;p=4186"},"modified":"2025-09-11T16:00:06","modified_gmt":"2025-09-11T08:00:06","slug":"rs10350ml-botella-de-licor-redonda-a-granel","status":"publish","type":"product","link":"https:\/\/ruishengglassco.com\/es\/producto\/rs10350ml-botella-de-licor-redonda-a-granel","title":{"rendered":"RS103:Botella de licor redonda de 50 ml a granel"},"content":{"rendered":"<p>\u00bfBusca botellas de vidrio redondas al por mayor para su marca de licores?  Estas botellas de licor de 50 ml al por mayor son botellas de vidrio de pedernal. Podemos pintar cualquier color en esta botella de vidrio si usted lo necesita, como verde, negro, oro, y as\u00ed sucesivamente. Hay una zona redonda en las botellas de vidrio para licor, donde podemos colocar su logotipo, independientemente de si se trata de un logotipo de papel, un logotipo de pl\u00e1stico, un logotipo de metal, u otro tipo.<\/p>\n<p>Nuestra botella de vidrio redonda de 50ml al por mayor se hace usando m\u00e1quinas avanzadas 8S totalmente autom\u00e1ticas. Hay cuatro l\u00edneas de producci\u00f3n por m\u00e1quina, y tenemos 2 piezas 8S m\u00e1quinas totalmente autom\u00e1ticas y 1 pieza 6S m\u00e1quinas semi-autom\u00e1ticas. Nuestra f\u00e1brica tiene 12 l\u00edneas de producci\u00f3n, y producimos 120.000 botellas al d\u00eda. No importa si su pedido es peque\u00f1o o grande, tambi\u00e9n podemos terminarlo y envi\u00e1rselo a tiempo.<\/p>\n<h2>La informaci\u00f3n de la Ronda de botellas de vidrio al por mayor como abajo:<\/h2>\n<ul>\n<li>Material principal: Cristal blanco, Vidrio<\/li>\n<li>Tap\u00f3n: Tap\u00f3n de rosca<\/li>\n<li>Referencia: RS103<\/li>\n<li>MOQ: 10000 PCS<\/li>\n<li><span class=\"attr-name J-attr-name\" title=\"Capacidad\">Capacidad<\/span>: 50ml\/ 100ml\/375ml\/500ml\/700ml\/750ml\/Custom<\/li>\n<li>Pzs\/Ctn: 24pzs<\/li>\n<li>Origen del lugar: Shandong, China<\/li>\n<li>Caracter\u00edstica: Ecol\u00f3gico<\/li>\n<\/ul>\n<p>Si est\u00e1 satisfecho con este 50ml botellas de licor a granel, por favor p\u00f3ngase en contacto conmigo en el tiempo. Si no te gusta, puedes mirar nuestras otras botellas. O le dar\u00e9 el cat\u00e1logo, usted puede elegir lo que te gusta. Si est\u00e1 interesado en nuestras botellas herm\u00e9ticas de alcohol, p\u00f3ngase en contacto con nosotros. Le responderemos en un plazo de 24 horas.<\/p>","protected":false},"excerpt":{"rendered":"<div class=\"col col-sm-6 col-xs-12\">\n<div id=\"slider-4570-product-image-carosel\" class=\"rt-carousel carousel-holder clearfix product-image-carosel rt-image-carousel\" data-item-width=\"1\" data-nav=\"true\" data-dots=\"false\" data-margin=\"15\" data-autoplay=\"true\" data-timeout=\"7500\" data-loop=\"false\" data-tablet-item-width=\"\" data-mobile-item-width=\"1\">\n<div class=\"owl-carousel owl-loaded owl-drag\">\n<div class=\"owl-nav\">\n<div class=\"owl-next\">Botellas de vidrio redondas con tap\u00f3n al por mayor de un fabricante chino de botellas para bebidas espirituosas. El color claro y transparente del cuerpo mostrar\u00e1 claramente la calidad del contenido de la botella. Dise\u00f1o de fondo de botella engrosado, propicio para la colocaci\u00f3n de botellas. Esta botella de 50 ml ofrece tres opciones de tap\u00f3n: de rosca, de corcho y de guala. Se ha comprobado la estanqueidad de cada tipo. Conservan eficazmente el sabor original del licor.<\/div>\n<div><\/div>\n<div class=\"owl-next\">Si est\u00e1 interesado en comprar botellas de licor de 50 ml al por mayor, no dude en ponerse en contacto con nosotros.<\/div>\n<\/div>\n<\/div>\n<\/div>\n<\/div>","protected":false},"featured_media":4187,"comment_status":"closed","ping_status":"closed","template":"","meta":[],"product_cat":[48],"class_list":{"0":"post-4186","1":"product","2":"type-product","3":"status-publish","4":"has-post-thumbnail","6":"product_cat-50ml-mini-liquor-bottle-manufacturer","8":"first","9":"instock","10":"shipping-taxable","11":"product-type-simple"},"yoast_head":"<!-- This site is optimized with the Yoast SEO plugin v22.0 - https:\/\/yoast.com\/wordpress\/plugins\/seo\/ -->\n<title>Wholesale Round Glass Bottles With Stoppers | 50ml Liquor Bottles Bulk<\/title>\n<meta name=\"description\" content=\"Buy Wholesale Round Glass Bottles With Stoopers Factory Outlet&amp;Cheap Price. High Quality 50ml Liquor Bottles Bulk With Free Sample. Get Quote Now\" \/>\n<meta name=\"robots\" content=\"index, follow, max-snippet:-1, max-image-preview:large, max-video-preview:-1\" \/>\n<link rel=\"canonical\" href=\"https:\/\/ruishengglassco.com\/es\/producto\/rs10350ml-botella-de-licor-redonda-a-granel\" \/>\n<meta property=\"og:locale\" content=\"es_ES\" \/>\n<meta property=\"og:type\" content=\"article\" \/>\n<meta property=\"og:title\" content=\"Wholesale Round Glass Bottles With Stoppers | 50ml Liquor Bottles Bulk\" \/>\n<meta property=\"og:description\" content=\"Buy Wholesale Round Glass Bottles With Stoopers Factory Outlet&amp;Cheap Price. High Quality 50ml Liquor Bottles Bulk With Free Sample. Get Quote Now\" \/>\n<meta property=\"og:url\" content=\"https:\/\/ruishengglassco.com\/es\/producto\/rs10350ml-botella-de-licor-redonda-a-granel\" \/>\n<meta property=\"article:publisher\" content=\"https:\/\/www.facebook.com\/ruishengglassbottles\" \/>\n<meta property=\"article:modified_time\" content=\"2025-09-11T08:00:06+00:00\" \/>\n<meta property=\"og:image\" content=\"https:\/\/ruishengglassco.com\/wp-content\/uploads\/2025\/03\/RS103-50ml-Round-Liquor-Bottle-In-Bulk.webp\" \/>\n\t<meta property=\"og:image:width\" content=\"400\" \/>\n\t<meta property=\"og:image:height\" content=\"400\" \/>\n\t<meta property=\"og:image:type\" content=\"image\/webp\" \/>\n<meta name=\"twitter:card\" content=\"summary_large_image\" \/>\n<meta name=\"twitter:label1\" content=\"Tiempo de lectura\" \/>\n\t<meta name=\"twitter:data1\" content=\"2 minutos\" \/>\n<script type=\"application\/ld+json\" class=\"yoast-schema-graph\">{\"@context\":\"https:\/\/schema.org\",\"@graph\":[{\"@type\":\"WebPage\",\"@id\":\"https:\/\/ruishengglassco.com\/product\/rs10350ml-round-liquor-bottle-in-bulk\",\"url\":\"https:\/\/ruishengglassco.com\/product\/rs10350ml-round-liquor-bottle-in-bulk\",\"name\":\"Wholesale Round Glass Bottles With Stoppers | 50ml Liquor Bottles Bulk\",\"isPartOf\":{\"@id\":\"https:\/\/ruishengglassco.com\/#website\"},\"datePublished\":\"2025-03-15T01:14:31+00:00\",\"dateModified\":\"2025-09-11T08:00:06+00:00\",\"description\":\"Buy Wholesale Round Glass Bottles With Stoopers Factory Outlet&Cheap Price. High Quality 50ml Liquor Bottles Bulk With Free Sample. Get Quote Now\",\"breadcrumb\":{\"@id\":\"https:\/\/ruishengglassco.com\/product\/rs10350ml-round-liquor-bottle-in-bulk#breadcrumb\"},\"inLanguage\":\"es\",\"potentialAction\":[{\"@type\":\"ReadAction\",\"target\":[\"https:\/\/ruishengglassco.com\/product\/rs10350ml-round-liquor-bottle-in-bulk\"]}]},{\"@type\":\"BreadcrumbList\",\"@id\":\"https:\/\/ruishengglassco.com\/product\/rs10350ml-round-liquor-bottle-in-bulk#breadcrumb\",\"itemListElement\":[{\"@type\":\"ListItem\",\"position\":1,\"name\":\"Home\",\"item\":\"https:\/\/ruishengglassco.com\/\"},{\"@type\":\"ListItem\",\"position\":2,\"name\":\"Products\",\"item\":\"https:\/\/ruishengglassco.com\/products\"},{\"@type\":\"ListItem\",\"position\":3,\"name\":\"RS103:50ml Round Liquor Bottle In Bulk\"}]},{\"@type\":\"WebSite\",\"@id\":\"https:\/\/ruishengglassco.com\/#website\",\"url\":\"https:\/\/ruishengglassco.com\/\",\"name\":\"Ruisheng Glass\",\"description\":\"\",\"publisher\":{\"@id\":\"https:\/\/ruishengglassco.com\/#organization\"},\"potentialAction\":[{\"@type\":\"SearchAction\",\"target\":{\"@type\":\"EntryPoint\",\"urlTemplate\":\"https:\/\/ruishengglassco.com\/?s={search_term_string}\"},\"query-input\":\"required name=search_term_string\"}],\"inLanguage\":\"es\"},{\"@type\":\"Organization\",\"@id\":\"https:\/\/ruishengglassco.com\/#organization\",\"name\":\"Shandong Yuncheng Ruisheng Glass Co., Ltd\",\"url\":\"https:\/\/ruishengglassco.com\/\",\"logo\":{\"@type\":\"ImageObject\",\"inLanguage\":\"es\",\"@id\":\"https:\/\/ruishengglassco.com\/#\/schema\/logo\/image\/\",\"url\":\"https:\/\/ruishengglassco.com\/wp-content\/uploads\/2023\/09\/ruisheng_logo_icon.webp\",\"contentUrl\":\"https:\/\/ruishengglassco.com\/wp-content\/uploads\/2023\/09\/ruisheng_logo_icon.webp\",\"width\":400,\"height\":233,\"caption\":\"Shandong Yuncheng Ruisheng Glass Co., Ltd\"},\"image\":{\"@id\":\"https:\/\/ruishengglassco.com\/#\/schema\/logo\/image\/\"},\"sameAs\":[\"https:\/\/www.facebook.com\/ruishengglassbottles\",\"https:\/\/www.instagram.com\/Ruishengglassbottlewholesales\/\",\"https:\/\/www.youtube.com\/channel\/UCMmbMNGwsL-XrtjfSFLCdVQ\"]}]}<\/script>\n<!-- \/ Yoast SEO plugin. -->","yoast_head_json":{"title":"Wholesale Round Glass Bottles With Stoppers | 50ml Liquor Bottles Bulk","description":"Buy Wholesale Round Glass Bottles With Stoopers Factory Outlet&Cheap Price. High Quality 50ml Liquor Bottles Bulk With Free Sample. Get Quote Now","robots":{"index":"index","follow":"follow","max-snippet":"max-snippet:-1","max-image-preview":"max-image-preview:large","max-video-preview":"max-video-preview:-1"},"canonical":"https:\/\/ruishengglassco.com\/es\/producto\/rs10350ml-botella-de-licor-redonda-a-granel","og_locale":"es_ES","og_type":"article","og_title":"Wholesale Round Glass Bottles With Stoppers | 50ml Liquor Bottles Bulk","og_description":"Buy Wholesale Round Glass Bottles With Stoopers Factory Outlet&Cheap Price. High Quality 50ml Liquor Bottles Bulk With Free Sample. Get Quote Now","og_url":"https:\/\/ruishengglassco.com\/es\/producto\/rs10350ml-botella-de-licor-redonda-a-granel","article_publisher":"https:\/\/www.facebook.com\/ruishengglassbottles","article_modified_time":"2025-09-11T08:00:06+00:00","og_image":[{"width":400,"height":400,"url":"https:\/\/ruishengglassco.com\/wp-content\/uploads\/2025\/03\/RS103-50ml-Round-Liquor-Bottle-In-Bulk.webp","type":"image\/webp"}],"twitter_card":"summary_large_image","twitter_misc":{"Tiempo de lectura":"2 minutos"},"schema":{"@context":"https:\/\/schema.org","@graph":[{"@type":"WebPage","@id":"https:\/\/ruishengglassco.com\/product\/rs10350ml-round-liquor-bottle-in-bulk","url":"https:\/\/ruishengglassco.com\/product\/rs10350ml-round-liquor-bottle-in-bulk","name":"Wholesale Round Glass Bottles With Stoppers | 50ml Liquor Bottles Bulk","isPartOf":{"@id":"https:\/\/ruishengglassco.com\/#website"},"datePublished":"2025-03-15T01:14:31+00:00","dateModified":"2025-09-11T08:00:06+00:00","description":"Buy Wholesale Round Glass Bottles With Stoopers Factory Outlet&Cheap Price. High Quality 50ml Liquor Bottles Bulk With Free Sample. Get Quote Now","breadcrumb":{"@id":"https:\/\/ruishengglassco.com\/product\/rs10350ml-round-liquor-bottle-in-bulk#breadcrumb"},"inLanguage":"es","potentialAction":[{"@type":"ReadAction","target":["https:\/\/ruishengglassco.com\/product\/rs10350ml-round-liquor-bottle-in-bulk"]}]},{"@type":"BreadcrumbList","@id":"https:\/\/ruishengglassco.com\/product\/rs10350ml-round-liquor-bottle-in-bulk#breadcrumb","itemListElement":[{"@type":"ListItem","position":1,"name":"Home","item":"https:\/\/ruishengglassco.com\/"},{"@type":"ListItem","position":2,"name":"Products","item":"https:\/\/ruishengglassco.com\/products"},{"@type":"ListItem","position":3,"name":"RS103:50ml Round Liquor Bottle In Bulk"}]},{"@type":"WebSite","@id":"https:\/\/ruishengglassco.com\/#website","url":"https:\/\/ruishengglassco.com\/","name":"Ruisheng Glass","description":"","publisher":{"@id":"https:\/\/ruishengglassco.com\/#organization"},"potentialAction":[{"@type":"SearchAction","target":{"@type":"EntryPoint","urlTemplate":"https:\/\/ruishengglassco.com\/?s={search_term_string}"},"query-input":"required name=search_term_string"}],"inLanguage":"es"},{"@type":"Organization","@id":"https:\/\/ruishengglassco.com\/#organization","name":"Shandong Yuncheng Ruisheng Glass Co., Ltd","url":"https:\/\/ruishengglassco.com\/","logo":{"@type":"ImageObject","inLanguage":"es","@id":"https:\/\/ruishengglassco.com\/#\/schema\/logo\/image\/","url":"https:\/\/ruishengglassco.com\/wp-content\/uploads\/2023\/09\/ruisheng_logo_icon.webp","contentUrl":"https:\/\/ruishengglassco.com\/wp-content\/uploads\/2023\/09\/ruisheng_logo_icon.webp","width":400,"height":233,"caption":"Shandong Yuncheng Ruisheng Glass Co., Ltd"},"image":{"@id":"https:\/\/ruishengglassco.com\/#\/schema\/logo\/image\/"},"sameAs":["https:\/\/www.facebook.com\/ruishengglassbottles","https:\/\/www.instagram.com\/Ruishengglassbottlewholesales\/","https:\/\/www.youtube.com\/channel\/UCMmbMNGwsL-XrtjfSFLCdVQ"]}]}},"_links":{"self":[{"href":"https:\/\/ruishengglassco.com\/es\/wp-json\/wp\/v2\/product\/4186","targetHints":{"allow":["GET"]}}],"collection":[{"href":"https:\/\/ruishengglassco.com\/es\/wp-json\/wp\/v2\/product"}],"about":[{"href":"https:\/\/ruishengglassco.com\/es\/wp-json\/wp\/v2\/types\/product"}],"replies":[{"embeddable":true,"href":"https:\/\/ruishengglassco.com\/es\/wp-json\/wp\/v2\/comments?post=4186"}],"wp:featuredmedia":[{"embeddable":true,"href":"https:\/\/ruishengglassco.com\/es\/wp-json\/wp\/v2\/media\/4187"}],"wp:attachment":[{"href":"https:\/\/ruishengglassco.com\/es\/wp-json\/wp\/v2\/media?parent=4186"}],"wp:term":[{"taxonomy":"product_cat","embeddable":true,"href":"https:\/\/ruishengglassco.com\/es\/wp-json\/wp\/v2\/product_cat?post=4186"}],"curies":[{"name":"wp","href":"https:\/\/api.w.org\/{rel}","templated":true}]}}